{"id":735,"date":"2025-04-07T12:16:37","date_gmt":"2025-04-07T12:16:37","guid":{"rendered":"http:\/\/horizons28.com\/cookie-richtlinie\/"},"modified":"2025-04-15T05:57:41","modified_gmt":"2025-04-15T05:57:41","slug":"cookie-richtlinie","status":"publish","type":"page","link":"http:\/\/horizons28.com\/de\/cookie-richtlinie\/","title":{"rendered":"Cookie-Richtlinie"},"content":{"rendered":"\n\n\t<p><strong>Zuletzt aktualisiert: 5. M\u00e4rz 2025<\/strong><\/p>\n<p>Bei Horizons28 verwenden wir Cookies, um Ihr Browsing-Erlebnis zu verbessern, unsere Dienstleistungen zu optimieren und ein reibungsloses Funktionieren unserer Plattform zu gew\u00e4hrleisten. Diese Cookie-Richtlinie erl\u00e4utert, was Cookies sind, wie wir sie verwenden und wie Sie Ihre Cookie-Einstellungen verwalten k\u00f6nnen.<\/p>\n<h3>1. Was sind Cookies?<\/h3>\n<p>Cookies sind kleine Textdateien, die auf Ihrem Ger\u00e4t (wie einem Computer, Tablet oder Smartphone) platziert werden, wenn Sie eine Website besuchen. Sie speichern Details \u00fcber Ihren Besuch \u2013 wie Anmeldeinformationen, Pr\u00e4ferenzen und Aktivit\u00e4ten \u2013 und machen Ihre Interaktion mit der Website effizienter und auf Sie zugeschnitten.<\/p>\n<h3>2. Wie wir Cookies verwenden<\/h3>\n<p>Horizons28 verwendet verschiedene Arten von Cookies f\u00fcr spezifische Zwecke:<\/p>\n<ul>\n<li>Essentielle Cookies: Diese Cookies sind entscheidend f\u00fcr die Kernfunktionalit\u00e4t unserer Website. Ohne sie funktionieren Dienste wie sichere Anmeldungen und Kontofunktionen m\u00f6glicherweise nicht ordnungsgem\u00e4\u00df.<\/li>\n<li>Leistungs- und Analyse-Cookies: Diese Cookies helfen uns zu verstehen, wie Benutzer auf unserer Website navigieren, indem sie Daten \u00fcber Nutzungsmuster sammeln, wodurch wir die Website-Leistung und das Benutzererlebnis verbessern k\u00f6nnen.<\/li>\n<li>Funktionalit\u00e4ts-Cookies: Diese Cookies speichern Ihre Einstellungen und Pr\u00e4ferenzen \u2013 wie Sprache oder Anmeldedaten \u2013 um ein individuelleres Browsing-Erlebnis zu bieten.<\/li>\n<li>Targeting- und Werbe-Cookies: Wir k\u00f6nnen diese Cookies verwenden, um Anzeigen anzuzeigen, die f\u00fcr Ihre Interessen relevanter sind. Sie helfen auch dabei, die Wiederholung von Anzeigen zu begrenzen und die Effektivit\u00e4t unserer Marketingbem\u00fchungen zu bewerten.<\/li>\n<\/ul>\n<h3>3. Cookies von Drittanbietern<\/h3>\n<p>Wir arbeiten m\u00f6glicherweise mit Drittanbietern zusammen, die Cookies f\u00fcr Analysen, Werbung und Leistungsverfolgung verwenden. Diese Anbieter \u2013 wie Google Analytics oder Werbenetzwerke \u2013 k\u00f6nnen unabh\u00e4ngig Daten erheben. Wir empfehlen, deren Datenschutzrichtlinien zu \u00fcberpr\u00fcfen, um zu verstehen, wie Ihre Daten verwendet werden.<\/p>\n<h3>4. Verwaltung von Cookies<\/h3>\n<p>Sie k\u00f6nnen Cookies in Ihren Browsereinstellungen verwalten oder deaktivieren. Beachten Sie bitte, dass das Ausschalten von Cookies die Funktionalit\u00e4t unserer Website beeintr\u00e4chtigen kann und einige Funktionen m\u00f6glicherweise nicht wie erwartet funktionieren. Nachfolgend finden Sie Anweisungen f\u00fcr g\u00e4ngige Browser:<\/p>\n<ul>\n<li>Google Chrome: Gehen Sie zu Einstellungen &gt; Datenschutz und Sicherheit &gt; Cookies und andere Websitedaten.<\/li>\n<li>Mozilla Firefox: Gehen Sie zu Optionen &gt; Datenschutz  Sicherheit &gt; Cookies und Websitedaten.<\/li>\n<li>Microsoft Edge: Gehen Sie zu Einstellungen &gt; Cookies und Websiteberechtigungen &gt; Cookies und Websitedaten verwalten und l\u00f6schen.<\/li>\n<li>Safari: Gehen Sie zu Einstellungen &gt; Datenschutz &gt; Websitedaten verwalten.<\/li>\n<\/ul>\n<p>Sie k\u00f6nnen auch <a href=\"http:\/\/www.allaboutcookies.org\" target=\"_blank\" rel=\"noopener\">www.allaboutcookies.org<\/a> besuchen, um eine schrittweise Anleitung zur Verwaltung von Cookies in verschiedenen Browsern zu erhalten.<\/p>\n<h3>5. \u00c4nderungen dieser Cookie-Richtlinie<\/h3>\n<p>Horizons28 kann diese Cookie-Richtlinie bei Bedarf \u00fcberarbeiten. Aktualisierungen werden auf dieser Seite ver\u00f6ffentlicht, und bedeutende \u00c4nderungen k\u00f6nnen per E-Mail oder Website-Benachrichtigungen mitgeteilt werden. Wir empfehlen Ihnen, diese Seite regelm\u00e4\u00dfig zu \u00fcberpr\u00fcfen, um \u00fcber unsere Verwendung von Cookies informiert zu bleiben.<\/p>\n<h3>6. Kontaktieren Sie uns<\/h3>\n<p>Wenn Sie Fragen zu dieser Cookie-Richtlinie oder zur Handhabung Ihrer Daten haben, kontaktieren Sie uns bitte unter:<\/p>\n<h6>\n\t\tHorizons28\n\t<\/h6>\n\tWeWork<br \/>\n90 York Wy<br \/>\nLondon N1 9AG<br \/>\nVereinigtes K\u00f6nigreich\nE-Mail: support@horizons28.com<br \/>\nTelefon: +44 203 9618 738\n<p>Durch die Nutzung der Dienste von Horizons28 best\u00e4tigen Sie, dass Sie den Inhalt dieses Dokuments gelesen und verstanden haben.<\/p>\n<p><strong>G\u00fcltig ab: 5. M\u00e4rz 2025<\/strong><\/p>\n<h3>\n\t\tBereit, smarter zu handeln? Erleben Sie echte Geschwindigkeit, echte M\u00e4rkte und echte Ergebnisse.\n\t<\/h3>\n\t\t\t<a href=\"https:\/\/area.horizons28.net\/auth\/registration\" target=\"_blank\" rel=\"noopener\">\n\t\t\t\t\t\t\tTritt Horizons28 bei\n\t\t\t<\/a>\n\n","protected":false},"excerpt":{"rendered":"<p>Zuletzt aktualisiert: 5. M\u00e4rz 2025 Bei Horizons28 verwenden wir Cookies, um Ihr Browsing-Erlebnis zu verbessern, unsere Dienstleistungen zu optimieren und ein reibungsloses Funktionieren unserer Plattform zu gew\u00e4hrleisten. Diese Cookie-Richtlinie erl\u00e4utert, was Cookies sind, wie wir sie verwenden und wie Sie Ihre Cookie-Einstellungen verwalten k\u00f6nnen. 1. Was sind Cookies? Cookies sind kleine Textdateien, die auf Ihrem&hellip;<\/p>\n","protected":false},"author":1,"featured_media":0,"parent":0,"menu_order":0,"comment_status":"closed","ping_status":"closed","template":"","meta":{"footnotes":""},"class_list":["post-735","page","type-page","status-publish","hentry"],"yoast_head":"<!-- This site is optimized with the Yoast SEO plugin v27.4 - https:\/\/yoast.com\/product\/yoast-seo-wordpress\/ -->\n<title>Cookie-Richtlinie | Wie Horizons28 Cookies verwendet<\/title>\n<meta name=\"description\" content=\"Horizons28 nutzt Cookies f\u00fcr besseres Nutzererlebnis, Leistungsverfolgung und personalisierte Inhalte.\" \/>\n<meta name=\"robots\" content=\"index, follow, max-snippet:-1, max-image-preview:large, max-video-preview:-1\" \/>\n<link rel=\"canonical\" href=\"http:\/\/horizons28.com\/de\/cookie-richtlinie\/\" \/>\n<meta property=\"og:locale\" content=\"de_DE\" \/>\n<meta property=\"og:type\" content=\"article\" \/>\n<meta property=\"og:title\" content=\"Cookie-Richtlinie | Wie Horizons28 Cookies verwendet\" \/>\n<meta property=\"og:description\" content=\"Horizons28 nutzt Cookies f\u00fcr besseres Nutzererlebnis, Leistungsverfolgung und personalisierte Inhalte.\" \/>\n<meta property=\"og:url\" content=\"http:\/\/horizons28.com\/de\/cookie-richtlinie\/\" \/>\n<meta property=\"og:site_name\" content=\"Horizons28\" \/>\n<meta property=\"article:modified_time\" content=\"2025-04-15T05:57:41+00:00\" \/>\n<meta name=\"twitter:card\" content=\"summary_large_image\" \/>\n<meta name=\"twitter:label1\" content=\"Gesch\u00e4tzte Lesezeit\" \/>\n\t<meta name=\"twitter:data1\" content=\"3\u00a0Minuten\" \/>\n<script type=\"application\/ld+json\" class=\"yoast-schema-graph\">{\"@context\":\"https:\\\/\\\/schema.org\",\"@graph\":[{\"@type\":\"WebPage\",\"@id\":\"http:\\\/\\\/horizons28.com\\\/de\\\/cookie-richtlinie\\\/\",\"url\":\"http:\\\/\\\/horizons28.com\\\/de\\\/cookie-richtlinie\\\/\",\"name\":\"Cookie-Richtlinie | Wie Horizons28 Cookies verwendet\",\"isPartOf\":{\"@id\":\"https:\\\/\\\/horizons28.com\\\/de\\\/#website\"},\"datePublished\":\"2025-04-07T12:16:37+00:00\",\"dateModified\":\"2025-04-15T05:57:41+00:00\",\"description\":\"Horizons28 nutzt Cookies f\u00fcr besseres Nutzererlebnis, Leistungsverfolgung und personalisierte Inhalte.\",\"breadcrumb\":{\"@id\":\"http:\\\/\\\/horizons28.com\\\/de\\\/cookie-richtlinie\\\/#breadcrumb\"},\"inLanguage\":\"de\",\"potentialAction\":[{\"@type\":\"ReadAction\",\"target\":[\"http:\\\/\\\/horizons28.com\\\/de\\\/cookie-richtlinie\\\/\"]}]},{\"@type\":\"BreadcrumbList\",\"@id\":\"http:\\\/\\\/horizons28.com\\\/de\\\/cookie-richtlinie\\\/#breadcrumb\",\"itemListElement\":[{\"@type\":\"ListItem\",\"position\":1,\"name\":\"Home\",\"item\":\"http:\\\/\\\/horizons28.com\\\/de\\\/\"},{\"@type\":\"ListItem\",\"position\":2,\"name\":\"Cookie-Richtlinie\"}]},{\"@type\":\"WebSite\",\"@id\":\"https:\\\/\\\/horizons28.com\\\/de\\\/#website\",\"url\":\"https:\\\/\\\/horizons28.com\\\/de\\\/\",\"name\":\"Horizons28\",\"description\":\"\",\"potentialAction\":[{\"@type\":\"SearchAction\",\"target\":{\"@type\":\"EntryPoint\",\"urlTemplate\":\"https:\\\/\\\/horizons28.com\\\/de\\\/?s={search_term_string}\"},\"query-input\":{\"@type\":\"PropertyValueSpecification\",\"valueRequired\":true,\"valueName\":\"search_term_string\"}}],\"inLanguage\":\"de\"}]}<\/script>\n<!-- \/ Yoast SEO plugin. -->","yoast_head_json":{"title":"Cookie-Richtlinie | Wie Horizons28 Cookies verwendet","description":"Horizons28 nutzt Cookies f\u00fcr besseres Nutzererlebnis, Leistungsverfolgung und personalisierte Inhalte.","robots":{"index":"index","follow":"follow","max-snippet":"max-snippet:-1","max-image-preview":"max-image-preview:large","max-video-preview":"max-video-preview:-1"},"canonical":"http:\/\/horizons28.com\/de\/cookie-richtlinie\/","og_locale":"de_DE","og_type":"article","og_title":"Cookie-Richtlinie | Wie Horizons28 Cookies verwendet","og_description":"Horizons28 nutzt Cookies f\u00fcr besseres Nutzererlebnis, Leistungsverfolgung und personalisierte Inhalte.","og_url":"http:\/\/horizons28.com\/de\/cookie-richtlinie\/","og_site_name":"Horizons28","article_modified_time":"2025-04-15T05:57:41+00:00","twitter_card":"summary_large_image","twitter_misc":{"Gesch\u00e4tzte Lesezeit":"3\u00a0Minuten"},"schema":{"@context":"https:\/\/schema.org","@graph":[{"@type":"WebPage","@id":"http:\/\/horizons28.com\/de\/cookie-richtlinie\/","url":"http:\/\/horizons28.com\/de\/cookie-richtlinie\/","name":"Cookie-Richtlinie | Wie Horizons28 Cookies verwendet","isPartOf":{"@id":"https:\/\/horizons28.com\/de\/#website"},"datePublished":"2025-04-07T12:16:37+00:00","dateModified":"2025-04-15T05:57:41+00:00","description":"Horizons28 nutzt Cookies f\u00fcr besseres Nutzererlebnis, Leistungsverfolgung und personalisierte Inhalte.","breadcrumb":{"@id":"http:\/\/horizons28.com\/de\/cookie-richtlinie\/#breadcrumb"},"inLanguage":"de","potentialAction":[{"@type":"ReadAction","target":["http:\/\/horizons28.com\/de\/cookie-richtlinie\/"]}]},{"@type":"BreadcrumbList","@id":"http:\/\/horizons28.com\/de\/cookie-richtlinie\/#breadcrumb","itemListElement":[{"@type":"ListItem","position":1,"name":"Home","item":"http:\/\/horizons28.com\/de\/"},{"@type":"ListItem","position":2,"name":"Cookie-Richtlinie"}]},{"@type":"WebSite","@id":"https:\/\/horizons28.com\/de\/#website","url":"https:\/\/horizons28.com\/de\/","name":"Horizons28","description":"","potentialAction":[{"@type":"SearchAction","target":{"@type":"EntryPoint","urlTemplate":"https:\/\/horizons28.com\/de\/?s={search_term_string}"},"query-input":{"@type":"PropertyValueSpecification","valueRequired":true,"valueName":"search_term_string"}}],"inLanguage":"de"}]}},"_links":{"self":[{"href":"http:\/\/horizons28.com\/de\/wp-json\/wp\/v2\/pages\/735","targetHints":{"allow":["GET"]}}],"collection":[{"href":"http:\/\/horizons28.com\/de\/wp-json\/wp\/v2\/pages"}],"about":[{"href":"http:\/\/horizons28.com\/de\/wp-json\/wp\/v2\/types\/page"}],"author":[{"embeddable":true,"href":"http:\/\/horizons28.com\/de\/wp-json\/wp\/v2\/users\/1"}],"replies":[{"embeddable":true,"href":"http:\/\/horizons28.com\/de\/wp-json\/wp\/v2\/comments?post=735"}],"version-history":[{"count":1,"href":"http:\/\/horizons28.com\/de\/wp-json\/wp\/v2\/pages\/735\/revisions"}],"predecessor-version":[{"id":1057,"href":"http:\/\/horizons28.com\/de\/wp-json\/wp\/v2\/pages\/735\/revisions\/1057"}],"wp:attachment":[{"href":"http:\/\/horizons28.com\/de\/wp-json\/wp\/v2\/media?parent=735"}],"curies":[{"name":"wp","href":"https:\/\/api.w.org\/{rel}","templated":true}]}}