{"id":752,"date":"2025-04-07T12:16:18","date_gmt":"2025-04-07T12:16:18","guid":{"rendered":"http:\/\/horizons28.com\/auszahlungsrichtlinie\/"},"modified":"2025-04-15T05:56:45","modified_gmt":"2025-04-15T05:56:45","slug":"auszahlungsrichtlinie","status":"publish","type":"page","link":"http:\/\/horizons28.com\/de\/auszahlungsrichtlinie\/","title":{"rendered":"Auszahlungsrichtlinie"},"content":{"rendered":"\n\n\t<p><strong>Zuletzt aktualisiert: 5. M\u00e4rz 2025<\/strong><\/p>\n<p>Bei Horizons28 (im Folgenden als \u201eHorizons28&#8243;, \u201ewir&#8220;, \u201euns&#8220; oder \u201edas Unternehmen&#8220; bezeichnet) sind wir bestrebt, einen reibungslosen und transparenten Prozess f\u00fcr die Abhebung von Geldern von Ihrem Handelskonto zu gew\u00e4hrleisten. Diese R\u00fccknahmerichtlinie skizziert die wichtigsten Richtlinien, Schritte und Bedingungen, die die Abhebung von Geldern regeln. Durch die Nutzung unserer Plattform erkennen Sie die in dieser Richtlinie dargelegten Bedingungen an und stimmen ihnen zu.  <\/p>\n<h3>1. Berechtigung zur Auszahlung<\/h3>\n<p>Um eine Auszahlung von Ihrem Horizons28-Konto zu beantragen, m\u00fcssen folgende Voraussetzungen erf\u00fcllt sein:<\/p>\n<p>Ihr Konto muss gem\u00e4\u00df unseren Know Your Customer (KYC) und Anti-Geldw\u00e4sche (AML) Verfahren erfolgreich verifiziert sein.<\/p>\n<ul>\n<li>Ihr Konto muss einen positiven Kontostand aufweisen (d.h. nicht Gegenstand von Nachschussforderungen sein oder einen negativen Saldo aufweisen).<\/li>\n<li>Die Gelder d\u00fcrfen nicht aktuell an aktive Trades gebunden sein oder als Sicherheit\/Margin dienen.<\/li>\n<li>Der Auszahlungsantrag muss den von Horizons28 festgelegten Mindestbetrag f\u00fcr Auszahlungen erf\u00fcllen.<\/li>\n<\/ul>\n<h3>2. Auszahlungsprozess<\/h3>\n<h4>2.1 Einreichen eines Antrags<\/h4>\n<p>Auszahlungen k\u00f6nnen initiiert werden, indem Sie sich in Ihr Horizons28-Konto einloggen und einen Antrag \u00fcber unser sicheres Portal stellen. Sie m\u00fcssen den Auszahlungsbetrag angeben und eine bevorzugte Zahlungsmethode w\u00e4hlen. <\/p>\n<h4>2.2 Bearbeitungszeitraum<\/h4>\n<p>Sobald Ihr Antrag eingereicht ist, streben wir an, ihn innerhalb von 3 Werktagen zu bearbeiten. Bitte beachten Sie, dass die Gesamtzeit bis zum Erhalt der Gelder je nach Ihrem Verifizierungsstatus und der gew\u00e4hlten Zahlungsmethode variieren kann. <\/p>\n<ul>\n<li>Bank\u00fcberweisungen: Typischerweise 3-5 Werktage<\/li>\n<li>Kryptow\u00e4hrungs-Auszahlungen: Bearbeitung innerhalb von 24 Stunden<\/li>\n<\/ul>\n<h4>2.3 Anwendbare Geb\u00fchren<\/h4>\n<p>Horizons28 kann eine Bearbeitungsgeb\u00fchr f\u00fcr Auszahlungen erheben. Solche Geb\u00fchren werden deutlich angezeigt, bevor Sie Ihren Antrag best\u00e4tigen. Die Geb\u00fchren h\u00e4ngen von der gew\u00e4hlten Zahlungsmethode ab und k\u00f6nnen ohne vorherige Ank\u00fcndigung ge\u00e4ndert werden. Zus\u00e4tzliche Geb\u00fchren von Banken oder Zahlungsdienstleistern liegen in der Verantwortung des Kunden.   <\/p>\n<h3>3. Zahlungsoptionen<\/h3>\n<p>Horizons28 bietet mehrere Auszahlungsmethoden, um Ihren Bed\u00fcrfnissen gerecht zu werden:<\/p>\n<ul>\n<li>Lokale und internationale Bank\u00fcberweisungen<\/li>\n<li>Kryptow\u00e4hrungen (z.B. Bitcoin, Ethereum)<\/li>\n<li>Weitere Optionen wie \u00dcberweisungen und Kredit-\/Debitkarten<\/li>\n<\/ul>\n<p>Die Verf\u00fcgbarkeit spezifischer Auszahlungsmethoden kann je nach Standort und W\u00e4hrung variieren.<\/p>\n<h3>4. Auszahlungslimits<\/h3>\n<p>Auszahlungsantr\u00e4ge unterliegen vordefinierten Limits, um die Effizienz der Plattform und die Sicherheit der Benutzer zu gew\u00e4hrleisten.<\/p>\n<strong>Mindestauszahlungsbetrag: 50 $<\/strong><br \/>\nF\u00fcr gr\u00f6\u00dfere Auszahlungen kann Horizons28 zus\u00e4tzliche Identit\u00e4ts\u00fcberpr\u00fcfungen oder Dokumente anfordern.\n<h3>5. Kontoverifizierung und Sicherheit<\/h3>\n<h4>5.1 Identit\u00e4ts\u00fcberpr\u00fcfung<\/h4>\n<p>Um gesetzliche Standards einzuhalten und die Plattformsicherheit zu erh\u00f6hen, m\u00fcssen alle Benutzer vor der Genehmigung einer Auszahlung eine Identit\u00e4ts\u00fcberpr\u00fcfung abschlie\u00dfen. Dieser Prozess kann Folgendes beinhalten: <\/p>\n<ul>\n<li>Ein g\u00fcltiger, von der Regierung ausgestellter Lichtbildausweis oder F\u00fchrerschein<\/li>\n<li>Nachweis des Wohnsitzes (z.B. Stromrechnung oder Kontoauszug)<\/li>\n<li>Zus\u00e4tzliche Dokumente auf Anfrage<\/li>\n<\/ul>\n<h4>5.2 Sicherheitsbeschr\u00e4nkungen<\/h4>\n<p>Horizons28 kann Auszahlungen verz\u00f6gern oder einschr\u00e4nken, wenn ein Verdacht auf Betrug, Richtlinienverletzung oder beh\u00f6rdliche Intervention besteht. Wir behalten uns das Recht vor, die Bearbeitung in solchen F\u00e4llen zu Untersuchungs- und Sicherheitszwecken zur\u00fcckzuhalten. <\/p>\n<h3>6. Abgelehnte oder verz\u00f6gerte Antr\u00e4ge<\/h3>\n<p>Ihr Auszahlungsantrag kann aus folgenden Gr\u00fcnden verz\u00f6gert oder abgelehnt werden:<\/p>\n<ul>\n<li>Unzureichendes Guthaben oder ausstehende Marginanforderungen<\/li>\n<li>Nicht verifiziertes oder unvollst\u00e4ndiges Benutzerprofil<\/li>\n<li>Fehler in den Auszahlungsdetails<\/li>\n<li>Verdacht auf Versto\u00df gegen die Gesch\u00e4ftsbedingungen oder betr\u00fcgerische Aktivit\u00e4ten<\/li>\n<li>Technische St\u00f6rungen bei Zahlungssystemen oder der Plattform<\/li>\n<\/ul>\n<p>Wenn Ihr Antrag verz\u00f6gert oder abgelehnt wird, wird Horizons28 Sie \u00fcber den Grund informieren und Ihnen mitteilen, wie Sie fortfahren k\u00f6nnen.<\/p>\n<h3>7. W\u00e4hrungsumtausch und Geb\u00fchren<\/h3>\n<p>Wenn eine Auszahlung eine W\u00e4hrungsumrechnung beinhaltet (z.B. USD zu EUR), wird der angewandte Wechselkurs die Marktkurse zum Zeitpunkt der Bearbeitung widerspiegeln. W\u00e4hrungsumrechnungen k\u00f6nnen je nach verwendeter Auszahlungsmethode und Anbieter zus\u00e4tzliche Geb\u00fchren nach sich ziehen. <\/p>\n<h3>8. \u00c4nderungen der Auszahlungsrichtlinie<\/h3>\n<p>Horizons28 beh\u00e4lt sich das Recht vor, diese Auszahlungsrichtlinie jederzeit zu \u00e4ndern oder zu aktualisieren. Jegliche \u00c4nderungen werden \u00fcber die entsprechenden Kan\u00e4le kommuniziert und auf unserer Website ver\u00f6ffentlicht. Ihre fortgesetzte Nutzung unserer Dienstleistungen nach Aktualisierungen stellt eine Akzeptanz der \u00fcberarbeiteten Richtlinie dar.  <\/p>\n<h6>\n\t\tHorizons28\n\t<\/h6>\n\tWeWork<br \/>\n90 York Wy<br \/>\nLondon N1 9AG<br \/>\nVereinigtes K\u00f6nigreich\nE-Mail: support@horizons28.com<br \/>\nTelefon: +44 203 9618 738\n<p>Durch die Nutzung der Dienste von Horizons28 best\u00e4tigen Sie, dass Sie den Inhalt dieses Dokuments gelesen und verstanden haben.<\/p>\n<p><strong>G\u00fcltig ab: 5. M\u00e4rz 2025<\/strong><\/p>\n<h3>\n\t\tBereit, smarter zu handeln? Erleben Sie echte Geschwindigkeit, echte M\u00e4rkte und echte Ergebnisse.\n\t<\/h3>\n\t\t\t<a href=\"https:\/\/area.horizons28.net\/auth\/registration\" target=\"_blank\" rel=\"noopener\">\n\t\t\t\t\t\t\tTritt Horizons28 bei\n\t\t\t<\/a>\n\n","protected":false},"excerpt":{"rendered":"<p>Zuletzt aktualisiert: 5. M\u00e4rz 2025 Bei Horizons28 (im Folgenden als \u201eHorizons28&#8243;, \u201ewir&#8220;, \u201euns&#8220; oder \u201edas Unternehmen&#8220; bezeichnet) sind wir bestrebt, einen reibungslosen und transparenten Prozess f\u00fcr die Abhebung von Geldern von Ihrem Handelskonto zu gew\u00e4hrleisten. Diese R\u00fccknahmerichtlinie skizziert die wichtigsten Richtlinien, Schritte und Bedingungen, die die Abhebung von Geldern regeln. Durch die Nutzung unserer Plattform&hellip;<\/p>\n","protected":false},"author":1,"featured_media":0,"parent":0,"menu_order":0,"comment_status":"closed","ping_status":"closed","template":"","meta":{"footnotes":""},"class_list":["post-752","page","type-page","status-publish","hentry"],"yoast_head":"<!-- This site is optimized with the Yoast SEO plugin v27.4 - https:\/\/yoast.com\/product\/yoast-seo-wordpress\/ -->\n<title>Auszahlungsrichtlinie | Schnelle &amp; Sichere Geldauszahlungen bei Horizons28<\/title>\n<meta name=\"description\" content=\"Verstehen Sie, wie Auszahlungen bei Horizons28 funktionieren, einschlie\u00dflich Bearbeitungszeiten, unterst\u00fctzte Methoden und sichere Transaktionsprotokolle.\" \/>\n<meta name=\"robots\" content=\"index, follow, max-snippet:-1, max-image-preview:large, max-video-preview:-1\" \/>\n<link rel=\"canonical\" href=\"http:\/\/horizons28.com\/de\/auszahlungsrichtlinie\/\" \/>\n<meta property=\"og:locale\" content=\"de_DE\" \/>\n<meta property=\"og:type\" content=\"article\" \/>\n<meta property=\"og:title\" content=\"Auszahlungsrichtlinie | Schnelle &amp; Sichere Geldauszahlungen bei Horizons28\" \/>\n<meta property=\"og:description\" content=\"Verstehen Sie, wie Auszahlungen bei Horizons28 funktionieren, einschlie\u00dflich Bearbeitungszeiten, unterst\u00fctzte Methoden und sichere Transaktionsprotokolle.\" \/>\n<meta property=\"og:url\" content=\"http:\/\/horizons28.com\/de\/auszahlungsrichtlinie\/\" \/>\n<meta property=\"og:site_name\" content=\"Horizons28\" \/>\n<meta property=\"article:modified_time\" content=\"2025-04-15T05:56:45+00:00\" \/>\n<meta name=\"twitter:card\" content=\"summary_large_image\" \/>\n<meta name=\"twitter:label1\" content=\"Gesch\u00e4tzte Lesezeit\" \/>\n\t<meta name=\"twitter:data1\" content=\"4\u00a0Minuten\" \/>\n<script type=\"application\/ld+json\" class=\"yoast-schema-graph\">{\"@context\":\"https:\\\/\\\/schema.org\",\"@graph\":[{\"@type\":\"WebPage\",\"@id\":\"http:\\\/\\\/horizons28.com\\\/de\\\/auszahlungsrichtlinie\\\/\",\"url\":\"http:\\\/\\\/horizons28.com\\\/de\\\/auszahlungsrichtlinie\\\/\",\"name\":\"Auszahlungsrichtlinie | Schnelle & Sichere Geldauszahlungen bei Horizons28\",\"isPartOf\":{\"@id\":\"http:\\\/\\\/horizons28.com\\\/de\\\/#website\"},\"datePublished\":\"2025-04-07T12:16:18+00:00\",\"dateModified\":\"2025-04-15T05:56:45+00:00\",\"description\":\"Verstehen Sie, wie Auszahlungen bei Horizons28 funktionieren, einschlie\u00dflich Bearbeitungszeiten, unterst\u00fctzte Methoden und sichere Transaktionsprotokolle.\",\"breadcrumb\":{\"@id\":\"http:\\\/\\\/horizons28.com\\\/de\\\/auszahlungsrichtlinie\\\/#breadcrumb\"},\"inLanguage\":\"de\",\"potentialAction\":[{\"@type\":\"ReadAction\",\"target\":[\"http:\\\/\\\/horizons28.com\\\/de\\\/auszahlungsrichtlinie\\\/\"]}]},{\"@type\":\"BreadcrumbList\",\"@id\":\"http:\\\/\\\/horizons28.com\\\/de\\\/auszahlungsrichtlinie\\\/#breadcrumb\",\"itemListElement\":[{\"@type\":\"ListItem\",\"position\":1,\"name\":\"Home\",\"item\":\"https:\\\/\\\/horizons28.com\\\/de\\\/\"},{\"@type\":\"ListItem\",\"position\":2,\"name\":\"Auszahlungsrichtlinie\"}]},{\"@type\":\"WebSite\",\"@id\":\"http:\\\/\\\/horizons28.com\\\/de\\\/#website\",\"url\":\"http:\\\/\\\/horizons28.com\\\/de\\\/\",\"name\":\"Horizons28\",\"description\":\"\",\"potentialAction\":[{\"@type\":\"SearchAction\",\"target\":{\"@type\":\"EntryPoint\",\"urlTemplate\":\"http:\\\/\\\/horizons28.com\\\/de\\\/?s={search_term_string}\"},\"query-input\":{\"@type\":\"PropertyValueSpecification\",\"valueRequired\":true,\"valueName\":\"search_term_string\"}}],\"inLanguage\":\"de\"}]}<\/script>\n<!-- \/ Yoast SEO plugin. -->","yoast_head_json":{"title":"Auszahlungsrichtlinie | Schnelle & Sichere Geldauszahlungen bei Horizons28","description":"Verstehen Sie, wie Auszahlungen bei Horizons28 funktionieren, einschlie\u00dflich Bearbeitungszeiten, unterst\u00fctzte Methoden und sichere Transaktionsprotokolle.","robots":{"index":"index","follow":"follow","max-snippet":"max-snippet:-1","max-image-preview":"max-image-preview:large","max-video-preview":"max-video-preview:-1"},"canonical":"http:\/\/horizons28.com\/de\/auszahlungsrichtlinie\/","og_locale":"de_DE","og_type":"article","og_title":"Auszahlungsrichtlinie | Schnelle & Sichere Geldauszahlungen bei Horizons28","og_description":"Verstehen Sie, wie Auszahlungen bei Horizons28 funktionieren, einschlie\u00dflich Bearbeitungszeiten, unterst\u00fctzte Methoden und sichere Transaktionsprotokolle.","og_url":"http:\/\/horizons28.com\/de\/auszahlungsrichtlinie\/","og_site_name":"Horizons28","article_modified_time":"2025-04-15T05:56:45+00:00","twitter_card":"summary_large_image","twitter_misc":{"Gesch\u00e4tzte Lesezeit":"4\u00a0Minuten"},"schema":{"@context":"https:\/\/schema.org","@graph":[{"@type":"WebPage","@id":"http:\/\/horizons28.com\/de\/auszahlungsrichtlinie\/","url":"http:\/\/horizons28.com\/de\/auszahlungsrichtlinie\/","name":"Auszahlungsrichtlinie | Schnelle & Sichere Geldauszahlungen bei Horizons28","isPartOf":{"@id":"http:\/\/horizons28.com\/de\/#website"},"datePublished":"2025-04-07T12:16:18+00:00","dateModified":"2025-04-15T05:56:45+00:00","description":"Verstehen Sie, wie Auszahlungen bei Horizons28 funktionieren, einschlie\u00dflich Bearbeitungszeiten, unterst\u00fctzte Methoden und sichere Transaktionsprotokolle.","breadcrumb":{"@id":"http:\/\/horizons28.com\/de\/auszahlungsrichtlinie\/#breadcrumb"},"inLanguage":"de","potentialAction":[{"@type":"ReadAction","target":["http:\/\/horizons28.com\/de\/auszahlungsrichtlinie\/"]}]},{"@type":"BreadcrumbList","@id":"http:\/\/horizons28.com\/de\/auszahlungsrichtlinie\/#breadcrumb","itemListElement":[{"@type":"ListItem","position":1,"name":"Home","item":"https:\/\/horizons28.com\/de\/"},{"@type":"ListItem","position":2,"name":"Auszahlungsrichtlinie"}]},{"@type":"WebSite","@id":"http:\/\/horizons28.com\/de\/#website","url":"http:\/\/horizons28.com\/de\/","name":"Horizons28","description":"","potentialAction":[{"@type":"SearchAction","target":{"@type":"EntryPoint","urlTemplate":"http:\/\/horizons28.com\/de\/?s={search_term_string}"},"query-input":{"@type":"PropertyValueSpecification","valueRequired":true,"valueName":"search_term_string"}}],"inLanguage":"de"}]}},"_links":{"self":[{"href":"http:\/\/horizons28.com\/de\/wp-json\/wp\/v2\/pages\/752","targetHints":{"allow":["GET"]}}],"collection":[{"href":"http:\/\/horizons28.com\/de\/wp-json\/wp\/v2\/pages"}],"about":[{"href":"http:\/\/horizons28.com\/de\/wp-json\/wp\/v2\/types\/page"}],"author":[{"embeddable":true,"href":"http:\/\/horizons28.com\/de\/wp-json\/wp\/v2\/users\/1"}],"replies":[{"embeddable":true,"href":"http:\/\/horizons28.com\/de\/wp-json\/wp\/v2\/comments?post=752"}],"version-history":[{"count":2,"href":"http:\/\/horizons28.com\/de\/wp-json\/wp\/v2\/pages\/752\/revisions"}],"predecessor-version":[{"id":1055,"href":"http:\/\/horizons28.com\/de\/wp-json\/wp\/v2\/pages\/752\/revisions\/1055"}],"wp:attachment":[{"href":"http:\/\/horizons28.com\/de\/wp-json\/wp\/v2\/media?parent=752"}],"curies":[{"name":"wp","href":"https:\/\/api.w.org\/{rel}","templated":true}]}}