{"id":779,"date":"2025-04-03T14:44:15","date_gmt":"2025-04-03T14:44:15","guid":{"rendered":"http:\/\/horizons28.com\/kontaktieren-sie-uns\/"},"modified":"2025-04-14T14:43:26","modified_gmt":"2025-04-14T14:43:26","slug":"kontaktieren-sie-uns","status":"publish","type":"page","link":"http:\/\/horizons28.com\/de\/kontaktieren-sie-uns\/","title":{"rendered":"Kontaktieren Sie uns"},"content":{"rendered":"\n<h1>\n\t\tHorizons28. Hier, um Ihnen zu helfen. \n\t<\/h1>\n\t<p>Kontaktieren Sie Horizons28 f\u00fcr schnelle, fachkundige Unterst\u00fctzung in Bezug auf Handel, Konten und Plattforml\u00f6sungen \u2013 wann immer Sie uns ben\u00f6tigen.<\/p>\n\t\t\t<a href=\"https:\/\/area.horizons28.net\/auth\/registration\" target=\"_blank\" rel=\"noopener\">\n\t\t\t\t\t\t\tTritt Horizons28 bei\n\t\t\t<\/a>\n\t\t\t\t<img loading=\"lazy\" decoding=\"async\" src=\"http:\/\/horizons28.com\/wp-content\/uploads\/2025\/04\/contact-us.png\" alt=\"Contact Us\" itemprop=\"image\" height=\"500\" width=\"600\" title=\"contact-us\" onerror=\"this.style.display='none'\"  \/>\n\t\t\t<h4>Wir sind nur einen Klick entfernt!<\/h4><h2>Senden Sie uns eine Nachricht<\/h2>\n\t\t\t<h3>Wie kann das Horizons28-Team Ihnen behilflich sein?<\/h3>\n\t\t\t\t<p>Haben Sie Fragen oder ben\u00f6tigen Sie Unterst\u00fctzung? Wir sind hier, um Ihnen bei allem zu helfen \u2013 von Handelskonten bis hin zur Plattformberatung. <\/p>\n<p>Sie k\u00f6nnen uns f\u00fcr jegliche Anfragen auch direkt per E-Mail erreichen.<\/p>\n\n","protected":false},"excerpt":{"rendered":"<p>Horizons28. Hier, um Ihnen zu helfen. Kontaktieren Sie Horizons28 f\u00fcr schnelle, fachkundige Unterst\u00fctzung in Bezug auf Handel, Konten und Plattforml\u00f6sungen \u2013 wann immer Sie uns ben\u00f6tigen. Tritt Horizons28 bei Wir sind nur einen Klick entfernt! Senden Sie uns eine Nachricht Wie kann das Horizons28-Team Ihnen behilflich sein? Haben Sie Fragen oder ben\u00f6tigen Sie Unterst\u00fctzung? Wir&hellip;<\/p>\n","protected":false},"author":1,"featured_media":0,"parent":0,"menu_order":0,"comment_status":"closed","ping_status":"closed","template":"","meta":{"footnotes":""},"class_list":["post-779","page","type-page","status-publish","hentry"],"yoast_head":"<!-- This site is optimized with the Yoast SEO plugin v27.4 - https:\/\/yoast.com\/product\/yoast-seo-wordpress\/ -->\n<title>Horizons28 kontaktieren | Wir helfen Ihnen<\/title>\n<meta name=\"description\" content=\"Horizons28-Support f\u00fcr Fragen, Hilfe oder Partnerschaften. Wir unterst\u00fctzen Ihren Handelserfolg.\" \/>\n<meta name=\"robots\" content=\"index, follow, max-snippet:-1, max-image-preview:large, max-video-preview:-1\" \/>\n<link rel=\"canonical\" href=\"http:\/\/horizons28.com\/de\/kontaktieren-sie-uns\/\" \/>\n<meta property=\"og:locale\" content=\"de_DE\" \/>\n<meta property=\"og:type\" content=\"article\" \/>\n<meta property=\"og:title\" content=\"Horizons28 kontaktieren | Wir helfen Ihnen\" \/>\n<meta property=\"og:description\" content=\"Horizons28-Support f\u00fcr Fragen, Hilfe oder Partnerschaften. Wir unterst\u00fctzen Ihren Handelserfolg.\" \/>\n<meta property=\"og:url\" content=\"http:\/\/horizons28.com\/de\/kontaktieren-sie-uns\/\" \/>\n<meta property=\"og:site_name\" content=\"Horizons28\" \/>\n<meta property=\"article:modified_time\" content=\"2025-04-14T14:43:26+00:00\" \/>\n<meta property=\"og:image\" content=\"http:\/\/horizons28.com\/wp-content\/uploads\/2025\/04\/contact-us.png\" \/>\n<meta name=\"twitter:card\" content=\"summary_large_image\" \/>\n<script type=\"application\/ld+json\" class=\"yoast-schema-graph\">{\"@context\":\"https:\\\/\\\/schema.org\",\"@graph\":[{\"@type\":\"WebPage\",\"@id\":\"http:\\\/\\\/horizons28.com\\\/de\\\/kontaktieren-sie-uns\\\/\",\"url\":\"http:\\\/\\\/horizons28.com\\\/de\\\/kontaktieren-sie-uns\\\/\",\"name\":\"Horizons28 kontaktieren | Wir helfen Ihnen\",\"isPartOf\":{\"@id\":\"http:\\\/\\\/horizons28.com\\\/de\\\/#website\"},\"primaryImageOfPage\":{\"@id\":\"http:\\\/\\\/horizons28.com\\\/de\\\/kontaktieren-sie-uns\\\/#primaryimage\"},\"image\":{\"@id\":\"http:\\\/\\\/horizons28.com\\\/de\\\/kontaktieren-sie-uns\\\/#primaryimage\"},\"thumbnailUrl\":\"http:\\\/\\\/horizons28.com\\\/wp-content\\\/uploads\\\/2025\\\/04\\\/contact-us.png\",\"datePublished\":\"2025-04-03T14:44:15+00:00\",\"dateModified\":\"2025-04-14T14:43:26+00:00\",\"description\":\"Horizons28-Support f\u00fcr Fragen, Hilfe oder Partnerschaften. Wir unterst\u00fctzen Ihren Handelserfolg.\",\"breadcrumb\":{\"@id\":\"http:\\\/\\\/horizons28.com\\\/de\\\/kontaktieren-sie-uns\\\/#breadcrumb\"},\"inLanguage\":\"de\",\"potentialAction\":[{\"@type\":\"ReadAction\",\"target\":[\"http:\\\/\\\/horizons28.com\\\/de\\\/kontaktieren-sie-uns\\\/\"]}]},{\"@type\":\"ImageObject\",\"inLanguage\":\"de\",\"@id\":\"http:\\\/\\\/horizons28.com\\\/de\\\/kontaktieren-sie-uns\\\/#primaryimage\",\"url\":\"http:\\\/\\\/horizons28.com\\\/wp-content\\\/uploads\\\/2025\\\/04\\\/contact-us.png\",\"contentUrl\":\"http:\\\/\\\/horizons28.com\\\/wp-content\\\/uploads\\\/2025\\\/04\\\/contact-us.png\"},{\"@type\":\"BreadcrumbList\",\"@id\":\"http:\\\/\\\/horizons28.com\\\/de\\\/kontaktieren-sie-uns\\\/#breadcrumb\",\"itemListElement\":[{\"@type\":\"ListItem\",\"position\":1,\"name\":\"Home\",\"item\":\"https:\\\/\\\/horizons28.com\\\/de\\\/\"},{\"@type\":\"ListItem\",\"position\":2,\"name\":\"Kontaktieren Sie uns\"}]},{\"@type\":\"WebSite\",\"@id\":\"http:\\\/\\\/horizons28.com\\\/de\\\/#website\",\"url\":\"http:\\\/\\\/horizons28.com\\\/de\\\/\",\"name\":\"Horizons28\",\"description\":\"\",\"potentialAction\":[{\"@type\":\"SearchAction\",\"target\":{\"@type\":\"EntryPoint\",\"urlTemplate\":\"http:\\\/\\\/horizons28.com\\\/de\\\/?s={search_term_string}\"},\"query-input\":{\"@type\":\"PropertyValueSpecification\",\"valueRequired\":true,\"valueName\":\"search_term_string\"}}],\"inLanguage\":\"de\"}]}<\/script>\n<!-- \/ Yoast SEO plugin. -->","yoast_head_json":{"title":"Horizons28 kontaktieren | Wir helfen Ihnen","description":"Horizons28-Support f\u00fcr Fragen, Hilfe oder Partnerschaften. Wir unterst\u00fctzen Ihren Handelserfolg.","robots":{"index":"index","follow":"follow","max-snippet":"max-snippet:-1","max-image-preview":"max-image-preview:large","max-video-preview":"max-video-preview:-1"},"canonical":"http:\/\/horizons28.com\/de\/kontaktieren-sie-uns\/","og_locale":"de_DE","og_type":"article","og_title":"Horizons28 kontaktieren | Wir helfen Ihnen","og_description":"Horizons28-Support f\u00fcr Fragen, Hilfe oder Partnerschaften. Wir unterst\u00fctzen Ihren Handelserfolg.","og_url":"http:\/\/horizons28.com\/de\/kontaktieren-sie-uns\/","og_site_name":"Horizons28","article_modified_time":"2025-04-14T14:43:26+00:00","og_image":[{"url":"http:\/\/horizons28.com\/wp-content\/uploads\/2025\/04\/contact-us.png","type":"","width":"","height":""}],"twitter_card":"summary_large_image","schema":{"@context":"https:\/\/schema.org","@graph":[{"@type":"WebPage","@id":"http:\/\/horizons28.com\/de\/kontaktieren-sie-uns\/","url":"http:\/\/horizons28.com\/de\/kontaktieren-sie-uns\/","name":"Horizons28 kontaktieren | Wir helfen Ihnen","isPartOf":{"@id":"http:\/\/horizons28.com\/de\/#website"},"primaryImageOfPage":{"@id":"http:\/\/horizons28.com\/de\/kontaktieren-sie-uns\/#primaryimage"},"image":{"@id":"http:\/\/horizons28.com\/de\/kontaktieren-sie-uns\/#primaryimage"},"thumbnailUrl":"http:\/\/horizons28.com\/wp-content\/uploads\/2025\/04\/contact-us.png","datePublished":"2025-04-03T14:44:15+00:00","dateModified":"2025-04-14T14:43:26+00:00","description":"Horizons28-Support f\u00fcr Fragen, Hilfe oder Partnerschaften. Wir unterst\u00fctzen Ihren Handelserfolg.","breadcrumb":{"@id":"http:\/\/horizons28.com\/de\/kontaktieren-sie-uns\/#breadcrumb"},"inLanguage":"de","potentialAction":[{"@type":"ReadAction","target":["http:\/\/horizons28.com\/de\/kontaktieren-sie-uns\/"]}]},{"@type":"ImageObject","inLanguage":"de","@id":"http:\/\/horizons28.com\/de\/kontaktieren-sie-uns\/#primaryimage","url":"http:\/\/horizons28.com\/wp-content\/uploads\/2025\/04\/contact-us.png","contentUrl":"http:\/\/horizons28.com\/wp-content\/uploads\/2025\/04\/contact-us.png"},{"@type":"BreadcrumbList","@id":"http:\/\/horizons28.com\/de\/kontaktieren-sie-uns\/#breadcrumb","itemListElement":[{"@type":"ListItem","position":1,"name":"Home","item":"https:\/\/horizons28.com\/de\/"},{"@type":"ListItem","position":2,"name":"Kontaktieren Sie uns"}]},{"@type":"WebSite","@id":"http:\/\/horizons28.com\/de\/#website","url":"http:\/\/horizons28.com\/de\/","name":"Horizons28","description":"","potentialAction":[{"@type":"SearchAction","target":{"@type":"EntryPoint","urlTemplate":"http:\/\/horizons28.com\/de\/?s={search_term_string}"},"query-input":{"@type":"PropertyValueSpecification","valueRequired":true,"valueName":"search_term_string"}}],"inLanguage":"de"}]}},"_links":{"self":[{"href":"http:\/\/horizons28.com\/de\/wp-json\/wp\/v2\/pages\/779","targetHints":{"allow":["GET"]}}],"collection":[{"href":"http:\/\/horizons28.com\/de\/wp-json\/wp\/v2\/pages"}],"about":[{"href":"http:\/\/horizons28.com\/de\/wp-json\/wp\/v2\/types\/page"}],"author":[{"embeddable":true,"href":"http:\/\/horizons28.com\/de\/wp-json\/wp\/v2\/users\/1"}],"replies":[{"embeddable":true,"href":"http:\/\/horizons28.com\/de\/wp-json\/wp\/v2\/comments?post=779"}],"version-history":[{"count":1,"href":"http:\/\/horizons28.com\/de\/wp-json\/wp\/v2\/pages\/779\/revisions"}],"predecessor-version":[{"id":1035,"href":"http:\/\/horizons28.com\/de\/wp-json\/wp\/v2\/pages\/779\/revisions\/1035"}],"wp:attachment":[{"href":"http:\/\/horizons28.com\/de\/wp-json\/wp\/v2\/media?parent=779"}],"curies":[{"name":"wp","href":"https:\/\/api.w.org\/{rel}","templated":true}]}}