{"id":791,"date":"2025-04-02T14:13:42","date_gmt":"2025-04-02T14:13:42","guid":{"rendered":"http:\/\/horizons28.com\/instrumente\/"},"modified":"2025-04-14T14:30:47","modified_gmt":"2025-04-14T14:30:47","slug":"instrumente","status":"publish","type":"page","link":"http:\/\/horizons28.com\/de\/instrumente\/","title":{"rendered":"Instrumente"},"content":{"rendered":"\n<h1>\n\t\tAlle M\u00e4rkte. Eine Plattform. \n\t<\/h1>\n\t<p>W\u00e4hlen Sie aus einer Vielzahl von Handelsinstrumenten, einschlie\u00dflich Forex, Indizes, Rohstoffen, Kryptow\u00e4hrungen und Aktien.<\/p>\n\t\t\t<a href=\"https:\/\/area.horizons28.net\/auth\/registration\" target=\"_blank\" rel=\"noopener\">\n\t\t\t\t\t\t\tTritt Horizons28 bei\n\t\t\t<\/a>\n\t\t\t\t<img loading=\"lazy\" decoding=\"async\" src=\"http:\/\/horizons28.com\/wp-content\/uploads\/2025\/04\/horizons28-instruments.png\" alt=\"horizons28-instruments\" itemprop=\"image\" height=\"500\" width=\"600\" title=\"horizons28-instruments\" onerror=\"this.style.display='none'\"  \/>\n\t\t\t<h2>Horizons28 Instrumentenliste \u2013 Handel mit Forex, Krypto, Aktien &amp; Mehr<\/h2>\t\t\t\n\t\t\t\t<p>W\u00e4hlen Sie aus einer Vielzahl von Handelsinstrumenten, einschlie\u00dflich Forex, Indizes, Rohstoffen, Kryptow\u00e4hrungen und Aktien. Genie\u00dfen Sie flexible Handelsbedingungen, Echtzeit-Preisgestaltung und Zugang zu globalen M\u00e4rkten \u2013 alles an einem Ort. <\/p>\n\t\t\t\t<img loading=\"lazy\" decoding=\"async\" src=\"http:\/\/horizons28.com\/wp-content\/uploads\/2025\/04\/instruments-mobile.png\" alt=\"Mobile Trading Instruments\" itemprop=\"image\" height=\"1160\" width=\"610\" title=\"instruments-mobile\" onerror=\"this.style.display='none'\"  \/>\n\t\t\t<h4>FOREX-W\u00c4HRUNGEN<\/h4>\t\t\t\n\t\t\t\t<p>Handeln Sie <strong>Haupt-, Neben- und exotische Forex-Paare<\/strong> mit wettbewerbsf\u00e4higen Spreads und schneller Ausf\u00fchrung. Von EUR\/USD bis hin zu weniger bekannten Paaren bietet Ihnen Horizons28 die Werkzeuge, um <strong>globale Preisbewegungen zu nutzen.<\/strong> <\/p>\n\t\t\t<h4>INDIZES<\/h4>\t\t\t\n\t\t\t\t<p>Greifen Sie auf die weltweit f\u00fchrenden Indizes wie den <strong>S&amp;P 500, DAX 30 und FTSE 100<\/strong> zu. Der Indexhandel erm\u00f6glicht es Ihnen, Markttrends zu erfassen, ohne sich auf einzelne Aktien zu konzentrieren \u2013 <strong>alles mit effizienter Ausf\u00fchrung.<\/strong><\/p>\n\t\t\t<h4>ROHSTOFFE<\/h4>\t\t\t\n\t\t\t\t<p>Diversifizieren Sie mit <strong>Energie, Metallen und landwirtschaftlichen Rohstoffen<\/strong> \u2013 handeln Sie Echtzeit-<strong>Preise f\u00fcr Gold, \u00d6l, Erdgas<\/strong> und mehr auf einer nahtlosen Plattform.<\/p>\n\t\t\t<h4>AKTIEN<\/h4>\t\t\t\n\t\t\t\t<p>Investieren Sie in f\u00fchrende globale Unternehmen, einschlie\u00dflich <strong>Apple, Tesla und Amazon<\/strong>. Handeln Sie einzelne Aktien schnell und pr\u00e4zise und nutzen Sie <strong>unternehmensspezifische Marktbewegungen<\/strong>. <\/p>\n\t\t\t<h4>KRYPTOW\u00c4HRUNGEN<\/h4>\t\t\t\n\t\t\t\t<p>Betreten Sie den 24\/7-Kryptomarkt mit <strong>Bitcoin, Ethereum<\/strong> und mehr. Horizons28 erm\u00f6glicht Ihnen <strong>den Handel mit digitalen Verm\u00f6genswerten mit schnellem Zugang und hoher Flexibilit\u00e4t<\/strong> \u2013 ohne zus\u00e4tzliche Konten. <\/p>\n<h3>\n\t\tBereit, smarter zu handeln? Erleben Sie echte Geschwindigkeit, echte M\u00e4rkte und echte Ergebnisse.\n\t<\/h3>\n\t\t\t<a href=\"https:\/\/area.horizons28.net\/auth\/registration\" target=\"_blank\" rel=\"noopener\">\n\t\t\t\t\t\t\tTritt Horizons28 bei\n\t\t\t<\/a>\n\n","protected":false},"excerpt":{"rendered":"<p>Alle M\u00e4rkte. Eine Plattform. W\u00e4hlen Sie aus einer Vielzahl von Handelsinstrumenten, einschlie\u00dflich Forex, Indizes, Rohstoffen, Kryptow\u00e4hrungen und Aktien. Tritt Horizons28 bei Horizons28 Instrumentenliste \u2013 Handel mit Forex, Krypto, Aktien &amp; Mehr W\u00e4hlen Sie aus einer Vielzahl von Handelsinstrumenten, einschlie\u00dflich Forex, Indizes, Rohstoffen, Kryptow\u00e4hrungen und Aktien. Genie\u00dfen Sie flexible Handelsbedingungen, Echtzeit-Preisgestaltung und Zugang zu globalen M\u00e4rkten&hellip;<\/p>\n","protected":false},"author":1,"featured_media":0,"parent":0,"menu_order":0,"comment_status":"closed","ping_status":"closed","template":"","meta":{"footnotes":""},"class_list":["post-791","page","type-page","status-publish","hentry"],"yoast_head":"<!-- This site is optimized with the Yoast SEO plugin v27.4 - https:\/\/yoast.com\/product\/yoast-seo-wordpress\/ -->\n<title>Handelsinstrumente | Forex, Krypto, Indizes &amp; Mehr | Horizons28<\/title>\n<meta name=\"description\" content=\"Handel mit Forex, Aktien, Indizes, Rohstoffen und Krypto auf Horizons28&#039;s Plattform.\" \/>\n<meta name=\"robots\" content=\"index, follow, max-snippet:-1, max-image-preview:large, max-video-preview:-1\" \/>\n<link rel=\"canonical\" href=\"http:\/\/horizons28.com\/de\/instrumente\/\" \/>\n<meta property=\"og:locale\" content=\"de_DE\" \/>\n<meta property=\"og:type\" content=\"article\" \/>\n<meta property=\"og:title\" content=\"Handelsinstrumente | Forex, Krypto, Indizes &amp; Mehr | Horizons28\" \/>\n<meta property=\"og:description\" content=\"Handel mit Forex, Aktien, Indizes, Rohstoffen und Krypto auf Horizons28&#039;s Plattform.\" \/>\n<meta property=\"og:url\" content=\"http:\/\/horizons28.com\/de\/instrumente\/\" \/>\n<meta property=\"og:site_name\" content=\"Horizons28\" \/>\n<meta property=\"article:modified_time\" content=\"2025-04-14T14:30:47+00:00\" \/>\n<meta property=\"og:image\" content=\"http:\/\/horizons28.com\/wp-content\/uploads\/2025\/04\/horizons28-instruments.png\" \/>\n<meta name=\"twitter:card\" content=\"summary_large_image\" \/>\n<meta name=\"twitter:label1\" content=\"Gesch\u00e4tzte Lesezeit\" \/>\n\t<meta name=\"twitter:data1\" content=\"1\u00a0Minute\" \/>\n<script type=\"application\/ld+json\" class=\"yoast-schema-graph\">{\"@context\":\"https:\\\/\\\/schema.org\",\"@graph\":[{\"@type\":\"WebPage\",\"@id\":\"http:\\\/\\\/horizons28.com\\\/de\\\/instrumente\\\/\",\"url\":\"http:\\\/\\\/horizons28.com\\\/de\\\/instrumente\\\/\",\"name\":\"Handelsinstrumente | Forex, Krypto, Indizes & Mehr | Horizons28\",\"isPartOf\":{\"@id\":\"http:\\\/\\\/horizons28.com\\\/de\\\/#website\"},\"primaryImageOfPage\":{\"@id\":\"http:\\\/\\\/horizons28.com\\\/de\\\/instrumente\\\/#primaryimage\"},\"image\":{\"@id\":\"http:\\\/\\\/horizons28.com\\\/de\\\/instrumente\\\/#primaryimage\"},\"thumbnailUrl\":\"http:\\\/\\\/horizons28.com\\\/wp-content\\\/uploads\\\/2025\\\/04\\\/horizons28-instruments.png\",\"datePublished\":\"2025-04-02T14:13:42+00:00\",\"dateModified\":\"2025-04-14T14:30:47+00:00\",\"description\":\"Handel mit Forex, Aktien, Indizes, Rohstoffen und Krypto auf Horizons28's Plattform.\",\"breadcrumb\":{\"@id\":\"http:\\\/\\\/horizons28.com\\\/de\\\/instrumente\\\/#breadcrumb\"},\"inLanguage\":\"de\",\"potentialAction\":[{\"@type\":\"ReadAction\",\"target\":[\"http:\\\/\\\/horizons28.com\\\/de\\\/instrumente\\\/\"]}]},{\"@type\":\"ImageObject\",\"inLanguage\":\"de\",\"@id\":\"http:\\\/\\\/horizons28.com\\\/de\\\/instrumente\\\/#primaryimage\",\"url\":\"http:\\\/\\\/horizons28.com\\\/wp-content\\\/uploads\\\/2025\\\/04\\\/horizons28-instruments.png\",\"contentUrl\":\"http:\\\/\\\/horizons28.com\\\/wp-content\\\/uploads\\\/2025\\\/04\\\/horizons28-instruments.png\"},{\"@type\":\"BreadcrumbList\",\"@id\":\"http:\\\/\\\/horizons28.com\\\/de\\\/instrumente\\\/#breadcrumb\",\"itemListElement\":[{\"@type\":\"ListItem\",\"position\":1,\"name\":\"Home\",\"item\":\"https:\\\/\\\/horizons28.com\\\/de\\\/\"},{\"@type\":\"ListItem\",\"position\":2,\"name\":\"Instrumente\"}]},{\"@type\":\"WebSite\",\"@id\":\"http:\\\/\\\/horizons28.com\\\/de\\\/#website\",\"url\":\"http:\\\/\\\/horizons28.com\\\/de\\\/\",\"name\":\"Horizons28\",\"description\":\"\",\"potentialAction\":[{\"@type\":\"SearchAction\",\"target\":{\"@type\":\"EntryPoint\",\"urlTemplate\":\"http:\\\/\\\/horizons28.com\\\/de\\\/?s={search_term_string}\"},\"query-input\":{\"@type\":\"PropertyValueSpecification\",\"valueRequired\":true,\"valueName\":\"search_term_string\"}}],\"inLanguage\":\"de\"}]}<\/script>\n<!-- \/ Yoast SEO plugin. -->","yoast_head_json":{"title":"Handelsinstrumente | Forex, Krypto, Indizes & Mehr | Horizons28","description":"Handel mit Forex, Aktien, Indizes, Rohstoffen und Krypto auf Horizons28's Plattform.","robots":{"index":"index","follow":"follow","max-snippet":"max-snippet:-1","max-image-preview":"max-image-preview:large","max-video-preview":"max-video-preview:-1"},"canonical":"http:\/\/horizons28.com\/de\/instrumente\/","og_locale":"de_DE","og_type":"article","og_title":"Handelsinstrumente | Forex, Krypto, Indizes & Mehr | Horizons28","og_description":"Handel mit Forex, Aktien, Indizes, Rohstoffen und Krypto auf Horizons28's Plattform.","og_url":"http:\/\/horizons28.com\/de\/instrumente\/","og_site_name":"Horizons28","article_modified_time":"2025-04-14T14:30:47+00:00","og_image":[{"url":"http:\/\/horizons28.com\/wp-content\/uploads\/2025\/04\/horizons28-instruments.png","type":"","width":"","height":""}],"twitter_card":"summary_large_image","twitter_misc":{"Gesch\u00e4tzte Lesezeit":"1\u00a0Minute"},"schema":{"@context":"https:\/\/schema.org","@graph":[{"@type":"WebPage","@id":"http:\/\/horizons28.com\/de\/instrumente\/","url":"http:\/\/horizons28.com\/de\/instrumente\/","name":"Handelsinstrumente | Forex, Krypto, Indizes & Mehr | Horizons28","isPartOf":{"@id":"http:\/\/horizons28.com\/de\/#website"},"primaryImageOfPage":{"@id":"http:\/\/horizons28.com\/de\/instrumente\/#primaryimage"},"image":{"@id":"http:\/\/horizons28.com\/de\/instrumente\/#primaryimage"},"thumbnailUrl":"http:\/\/horizons28.com\/wp-content\/uploads\/2025\/04\/horizons28-instruments.png","datePublished":"2025-04-02T14:13:42+00:00","dateModified":"2025-04-14T14:30:47+00:00","description":"Handel mit Forex, Aktien, Indizes, Rohstoffen und Krypto auf Horizons28's Plattform.","breadcrumb":{"@id":"http:\/\/horizons28.com\/de\/instrumente\/#breadcrumb"},"inLanguage":"de","potentialAction":[{"@type":"ReadAction","target":["http:\/\/horizons28.com\/de\/instrumente\/"]}]},{"@type":"ImageObject","inLanguage":"de","@id":"http:\/\/horizons28.com\/de\/instrumente\/#primaryimage","url":"http:\/\/horizons28.com\/wp-content\/uploads\/2025\/04\/horizons28-instruments.png","contentUrl":"http:\/\/horizons28.com\/wp-content\/uploads\/2025\/04\/horizons28-instruments.png"},{"@type":"BreadcrumbList","@id":"http:\/\/horizons28.com\/de\/instrumente\/#breadcrumb","itemListElement":[{"@type":"ListItem","position":1,"name":"Home","item":"https:\/\/horizons28.com\/de\/"},{"@type":"ListItem","position":2,"name":"Instrumente"}]},{"@type":"WebSite","@id":"http:\/\/horizons28.com\/de\/#website","url":"http:\/\/horizons28.com\/de\/","name":"Horizons28","description":"","potentialAction":[{"@type":"SearchAction","target":{"@type":"EntryPoint","urlTemplate":"http:\/\/horizons28.com\/de\/?s={search_term_string}"},"query-input":{"@type":"PropertyValueSpecification","valueRequired":true,"valueName":"search_term_string"}}],"inLanguage":"de"}]}},"_links":{"self":[{"href":"http:\/\/horizons28.com\/de\/wp-json\/wp\/v2\/pages\/791","targetHints":{"allow":["GET"]}}],"collection":[{"href":"http:\/\/horizons28.com\/de\/wp-json\/wp\/v2\/pages"}],"about":[{"href":"http:\/\/horizons28.com\/de\/wp-json\/wp\/v2\/types\/page"}],"author":[{"embeddable":true,"href":"http:\/\/horizons28.com\/de\/wp-json\/wp\/v2\/users\/1"}],"replies":[{"embeddable":true,"href":"http:\/\/horizons28.com\/de\/wp-json\/wp\/v2\/comments?post=791"}],"version-history":[{"count":1,"href":"http:\/\/horizons28.com\/de\/wp-json\/wp\/v2\/pages\/791\/revisions"}],"predecessor-version":[{"id":1020,"href":"http:\/\/horizons28.com\/de\/wp-json\/wp\/v2\/pages\/791\/revisions\/1020"}],"wp:attachment":[{"href":"http:\/\/horizons28.com\/de\/wp-json\/wp\/v2\/media?parent=791"}],"curies":[{"name":"wp","href":"https:\/\/api.w.org\/{rel}","templated":true}]}}