{"id":830,"date":"2025-04-04T07:21:43","date_gmt":"2025-04-04T07:21:43","guid":{"rendered":"http:\/\/horizons28.com\/treffen-sie-uns\/"},"modified":"2025-04-15T06:23:35","modified_gmt":"2025-04-15T06:23:35","slug":"treffen-sie-uns","status":"publish","type":"page","link":"http:\/\/horizons28.com\/de\/treffen-sie-uns\/","title":{"rendered":"Treffen Sie uns"},"content":{"rendered":"\n<h1>\n\t\tHorizons28. Auf Vertrauen aufgebaut. \n\t<\/h1>\n\t<p>Entdecken Sie das Team und die Vision hinter Horizons28 \u2013 engagiert f\u00fcr intelligenteres Handeln, innovative Werkzeuge und langfristigen finanziellen Erfolg.<\/p>\n\t\t\t<a href=\"https:\/\/area.horizons28.net\/auth\/registration\" target=\"_blank\" rel=\"noopener\">\n\t\t\t\t\t\t\tTritt Horizons28 bei\n\t\t\t<\/a>\n\t\t\t\t<img loading=\"lazy\" decoding=\"async\" src=\"http:\/\/horizons28.com\/wp-content\/uploads\/2025\/04\/about-us.png\" alt=\"About Us\" itemprop=\"image\" height=\"500\" width=\"600\" title=\"about-us\" onerror=\"this.style.display='none'\"  \/>\n<h1>\n\t\tHorizons28 bef\u00e4higt H\u00e4ndler zum Erfolg.\n\t<\/h1>\n\t<p><strong>Horizons28 ist eine Handels- und Investitionsplattform der n\u00e4chsten Generation<\/strong>, die darauf ausgelegt ist, Individuen in jeder Phase ihrer finanziellen Reise zu unterst\u00fctzen.<\/p>\n<p>Wir bieten eine umfassende Palette von Werkzeugen und Funktionen, die das Handeln intelligenter, schneller und zug\u00e4nglicher machen.<\/p>\n<p><strong>Von KI-gesteuertem automatischem Handel und hochverzinslichen Sparkonten bis hin zu kollaborativen Investmentpools und fortschrittlichen Arbitragem\u00f6glichkeiten,<\/strong> ist Horizons28 darauf ausgerichtet, Ihnen zu helfen, Ihr Kapital mit Zuversicht zu vermehren<\/p>\n\t<p>Unsere Plattform bietet Zugang zu einer breiten Palette von Instrumenten auf globalen M\u00e4rkten \u2013 <strong>einschlie\u00dflich Devisen, Aktien, Indizes, Kryptow\u00e4hrungen und Rohstoffe<\/strong> \u2013 alles \u00fcber eine sichere, benutzerfreundliche Schnittstelle. Mit wettbewerbsf\u00e4higen Konditionen, flexiblen Kontom\u00f6glichkeiten und engagiertem Support ist Horizons28 bestrebt, eine nahtlose Erfahrung f\u00fcr H\u00e4ndler, Investoren und jeden zu bieten, der bereit ist, die Kontrolle \u00fcber seine finanzielle Zukunft zu \u00fcbernehmen. <\/p>\n<p><strong>Bei Horizons28 verstehen wir, dass finanzieller Erfolg mit der richtigen Unterst\u00fctzung und Technologie beginnt.<\/strong> Deshalb ist unsere Plattform so konzipiert, dass sie Echtzeit-Ausf\u00fchrung, fortschrittliche Analysen und transparente Abl\u00e4ufe bietet \u2013 und Ihnen die volle Kontrolle \u00fcber Ihre Strategien gibt. Ob Sie unsere Trade Liquidity-L\u00f6sungen nutzen, um Ihr Brokergesch\u00e4ft reibungslos am Laufen zu halten, monatliche Renditen \u00fcber unser hochverzinsliches Sparkonto erzielen oder sich mit anderen in unserem Investmentpool zusammenschlie\u00dfen \u2013 jede Funktion ist auf Ihr Wachstum ausgerichtet. <\/p>\n<p>Ohne versteckte Geb\u00fchren, mit intuitiven Benutzeroberfl\u00e4chen und einem Fokus sowohl auf Anf\u00e4nger als auch auf Profis <strong>ist Horizons28 mehr als nur eine Plattform \u2013 es ist Ihr Partner f\u00fcr langfristigen Verm\u00f6gensaufbau.<\/strong><\/p>\n\t\t\t\t<img loading=\"lazy\" decoding=\"async\" src=\"http:\/\/horizons28.com\/wp-content\/uploads\/2025\/04\/empowering-success.png\" alt=\"Empowering Success\" itemprop=\"image\" height=\"580\" width=\"813\" title=\"empowering-success\" onerror=\"this.style.display='none'\"  \/>\n<h3>\n\t\tBereit, smarter zu handeln? Erleben Sie echte Geschwindigkeit, echte M\u00e4rkte und echte Ergebnisse.\n\t<\/h3>\n\t\t\t<a href=\"https:\/\/area.horizons28.net\/auth\/registration\" target=\"_blank\" rel=\"noopener\">\n\t\t\t\t\t\t\tTritt Horizons28 bei\n\t\t\t<\/a>\n\n","protected":false},"excerpt":{"rendered":"<p>Horizons28. Auf Vertrauen aufgebaut. Entdecken Sie das Team und die Vision hinter Horizons28 \u2013 engagiert f\u00fcr intelligenteres Handeln, innovative Werkzeuge und langfristigen finanziellen Erfolg. Tritt Horizons28 bei Horizons28 bef\u00e4higt H\u00e4ndler zum Erfolg. Horizons28 ist eine Handels- und Investitionsplattform der n\u00e4chsten Generation, die darauf ausgelegt ist, Individuen in jeder Phase ihrer finanziellen Reise zu unterst\u00fctzen. Wir&hellip;<\/p>\n","protected":false},"author":1,"featured_media":0,"parent":0,"menu_order":0,"comment_status":"closed","ping_status":"closed","template":"","meta":{"footnotes":""},"class_list":["post-830","page","type-page","status-publish","hentry"],"yoast_head":"<!-- This site is optimized with the Yoast SEO plugin v27.4 - https:\/\/yoast.com\/product\/yoast-seo-wordpress\/ -->\n<title>Treffen Sie das Horizons28-Team | Angetrieben von Innovation<\/title>\n<meta name=\"description\" content=\"Entdecken Sie das Expertenteam von Horizons28: F\u00fchrend in Handel, Automatisierung und Verm\u00f6gensaufbau.\" \/>\n<meta name=\"robots\" content=\"index, follow, max-snippet:-1, max-image-preview:large, max-video-preview:-1\" \/>\n<link rel=\"canonical\" href=\"http:\/\/horizons28.com\/de\/treffen-sie-uns\/\" \/>\n<meta property=\"og:locale\" content=\"de_DE\" \/>\n<meta property=\"og:type\" content=\"article\" \/>\n<meta property=\"og:title\" content=\"Treffen Sie das Horizons28-Team | Angetrieben von Innovation\" \/>\n<meta property=\"og:description\" content=\"Entdecken Sie das Expertenteam von Horizons28: F\u00fchrend in Handel, Automatisierung und Verm\u00f6gensaufbau.\" \/>\n<meta property=\"og:url\" content=\"http:\/\/horizons28.com\/de\/treffen-sie-uns\/\" \/>\n<meta property=\"og:site_name\" content=\"Horizons28\" \/>\n<meta property=\"article:modified_time\" content=\"2025-04-15T06:23:35+00:00\" \/>\n<meta property=\"og:image\" content=\"http:\/\/horizons28.com\/wp-content\/uploads\/2025\/04\/about-us.png\" \/>\n<meta name=\"twitter:card\" content=\"summary_large_image\" \/>\n<meta name=\"twitter:label1\" content=\"Gesch\u00e4tzte Lesezeit\" \/>\n\t<meta name=\"twitter:data1\" content=\"2\u00a0Minuten\" \/>\n<script type=\"application\/ld+json\" class=\"yoast-schema-graph\">{\"@context\":\"https:\\\/\\\/schema.org\",\"@graph\":[{\"@type\":\"WebPage\",\"@id\":\"http:\\\/\\\/horizons28.com\\\/de\\\/treffen-sie-uns\\\/\",\"url\":\"http:\\\/\\\/horizons28.com\\\/de\\\/treffen-sie-uns\\\/\",\"name\":\"Treffen Sie das Horizons28-Team | Angetrieben von Innovation\",\"isPartOf\":{\"@id\":\"http:\\\/\\\/horizons28.com\\\/de\\\/#website\"},\"primaryImageOfPage\":{\"@id\":\"http:\\\/\\\/horizons28.com\\\/de\\\/treffen-sie-uns\\\/#primaryimage\"},\"image\":{\"@id\":\"http:\\\/\\\/horizons28.com\\\/de\\\/treffen-sie-uns\\\/#primaryimage\"},\"thumbnailUrl\":\"http:\\\/\\\/horizons28.com\\\/wp-content\\\/uploads\\\/2025\\\/04\\\/about-us.png\",\"datePublished\":\"2025-04-04T07:21:43+00:00\",\"dateModified\":\"2025-04-15T06:23:35+00:00\",\"description\":\"Entdecken Sie das Expertenteam von Horizons28: F\u00fchrend in Handel, Automatisierung und Verm\u00f6gensaufbau.\",\"breadcrumb\":{\"@id\":\"http:\\\/\\\/horizons28.com\\\/de\\\/treffen-sie-uns\\\/#breadcrumb\"},\"inLanguage\":\"de\",\"potentialAction\":[{\"@type\":\"ReadAction\",\"target\":[\"http:\\\/\\\/horizons28.com\\\/de\\\/treffen-sie-uns\\\/\"]}]},{\"@type\":\"ImageObject\",\"inLanguage\":\"de\",\"@id\":\"http:\\\/\\\/horizons28.com\\\/de\\\/treffen-sie-uns\\\/#primaryimage\",\"url\":\"http:\\\/\\\/horizons28.com\\\/wp-content\\\/uploads\\\/2025\\\/04\\\/about-us.png\",\"contentUrl\":\"http:\\\/\\\/horizons28.com\\\/wp-content\\\/uploads\\\/2025\\\/04\\\/about-us.png\"},{\"@type\":\"BreadcrumbList\",\"@id\":\"http:\\\/\\\/horizons28.com\\\/de\\\/treffen-sie-uns\\\/#breadcrumb\",\"itemListElement\":[{\"@type\":\"ListItem\",\"position\":1,\"name\":\"Home\",\"item\":\"https:\\\/\\\/horizons28.com\\\/de\\\/\"},{\"@type\":\"ListItem\",\"position\":2,\"name\":\"Treffen Sie uns\"}]},{\"@type\":\"WebSite\",\"@id\":\"http:\\\/\\\/horizons28.com\\\/de\\\/#website\",\"url\":\"http:\\\/\\\/horizons28.com\\\/de\\\/\",\"name\":\"Horizons28\",\"description\":\"\",\"potentialAction\":[{\"@type\":\"SearchAction\",\"target\":{\"@type\":\"EntryPoint\",\"urlTemplate\":\"http:\\\/\\\/horizons28.com\\\/de\\\/?s={search_term_string}\"},\"query-input\":{\"@type\":\"PropertyValueSpecification\",\"valueRequired\":true,\"valueName\":\"search_term_string\"}}],\"inLanguage\":\"de\"}]}<\/script>\n<!-- \/ Yoast SEO plugin. -->","yoast_head_json":{"title":"Treffen Sie das Horizons28-Team | Angetrieben von Innovation","description":"Entdecken Sie das Expertenteam von Horizons28: F\u00fchrend in Handel, Automatisierung und Verm\u00f6gensaufbau.","robots":{"index":"index","follow":"follow","max-snippet":"max-snippet:-1","max-image-preview":"max-image-preview:large","max-video-preview":"max-video-preview:-1"},"canonical":"http:\/\/horizons28.com\/de\/treffen-sie-uns\/","og_locale":"de_DE","og_type":"article","og_title":"Treffen Sie das Horizons28-Team | Angetrieben von Innovation","og_description":"Entdecken Sie das Expertenteam von Horizons28: F\u00fchrend in Handel, Automatisierung und Verm\u00f6gensaufbau.","og_url":"http:\/\/horizons28.com\/de\/treffen-sie-uns\/","og_site_name":"Horizons28","article_modified_time":"2025-04-15T06:23:35+00:00","og_image":[{"url":"http:\/\/horizons28.com\/wp-content\/uploads\/2025\/04\/about-us.png","type":"","width":"","height":""}],"twitter_card":"summary_large_image","twitter_misc":{"Gesch\u00e4tzte Lesezeit":"2\u00a0Minuten"},"schema":{"@context":"https:\/\/schema.org","@graph":[{"@type":"WebPage","@id":"http:\/\/horizons28.com\/de\/treffen-sie-uns\/","url":"http:\/\/horizons28.com\/de\/treffen-sie-uns\/","name":"Treffen Sie das Horizons28-Team | Angetrieben von Innovation","isPartOf":{"@id":"http:\/\/horizons28.com\/de\/#website"},"primaryImageOfPage":{"@id":"http:\/\/horizons28.com\/de\/treffen-sie-uns\/#primaryimage"},"image":{"@id":"http:\/\/horizons28.com\/de\/treffen-sie-uns\/#primaryimage"},"thumbnailUrl":"http:\/\/horizons28.com\/wp-content\/uploads\/2025\/04\/about-us.png","datePublished":"2025-04-04T07:21:43+00:00","dateModified":"2025-04-15T06:23:35+00:00","description":"Entdecken Sie das Expertenteam von Horizons28: F\u00fchrend in Handel, Automatisierung und Verm\u00f6gensaufbau.","breadcrumb":{"@id":"http:\/\/horizons28.com\/de\/treffen-sie-uns\/#breadcrumb"},"inLanguage":"de","potentialAction":[{"@type":"ReadAction","target":["http:\/\/horizons28.com\/de\/treffen-sie-uns\/"]}]},{"@type":"ImageObject","inLanguage":"de","@id":"http:\/\/horizons28.com\/de\/treffen-sie-uns\/#primaryimage","url":"http:\/\/horizons28.com\/wp-content\/uploads\/2025\/04\/about-us.png","contentUrl":"http:\/\/horizons28.com\/wp-content\/uploads\/2025\/04\/about-us.png"},{"@type":"BreadcrumbList","@id":"http:\/\/horizons28.com\/de\/treffen-sie-uns\/#breadcrumb","itemListElement":[{"@type":"ListItem","position":1,"name":"Home","item":"https:\/\/horizons28.com\/de\/"},{"@type":"ListItem","position":2,"name":"Treffen Sie uns"}]},{"@type":"WebSite","@id":"http:\/\/horizons28.com\/de\/#website","url":"http:\/\/horizons28.com\/de\/","name":"Horizons28","description":"","potentialAction":[{"@type":"SearchAction","target":{"@type":"EntryPoint","urlTemplate":"http:\/\/horizons28.com\/de\/?s={search_term_string}"},"query-input":{"@type":"PropertyValueSpecification","valueRequired":true,"valueName":"search_term_string"}}],"inLanguage":"de"}]}},"_links":{"self":[{"href":"http:\/\/horizons28.com\/de\/wp-json\/wp\/v2\/pages\/830","targetHints":{"allow":["GET"]}}],"collection":[{"href":"http:\/\/horizons28.com\/de\/wp-json\/wp\/v2\/pages"}],"about":[{"href":"http:\/\/horizons28.com\/de\/wp-json\/wp\/v2\/types\/page"}],"author":[{"embeddable":true,"href":"http:\/\/horizons28.com\/de\/wp-json\/wp\/v2\/users\/1"}],"replies":[{"embeddable":true,"href":"http:\/\/horizons28.com\/de\/wp-json\/wp\/v2\/comments?post=830"}],"version-history":[{"count":2,"href":"http:\/\/horizons28.com\/de\/wp-json\/wp\/v2\/pages\/830\/revisions"}],"predecessor-version":[{"id":1088,"href":"http:\/\/horizons28.com\/de\/wp-json\/wp\/v2\/pages\/830\/revisions\/1088"}],"wp:attachment":[{"href":"http:\/\/horizons28.com\/de\/wp-json\/wp\/v2\/media?parent=830"}],"curies":[{"name":"wp","href":"https:\/\/api.w.org\/{rel}","templated":true}]}}