{"id":833,"date":"2025-04-04T07:19:28","date_gmt":"2025-04-04T07:19:28","guid":{"rendered":"http:\/\/horizons28.com\/sparkonto\/"},"modified":"2025-04-14T14:40:16","modified_gmt":"2025-04-14T14:40:16","slug":"sparkonto","status":"publish","type":"page","link":"http:\/\/horizons28.com\/de\/sparkonto\/","title":{"rendered":"Sparkonto"},"content":{"rendered":"\n<h1>\n\t\tSparen Sie intelligenter. Verdienen Sie mehr. \n\t<\/h1>\n\t<p>Kooperieren Sie mit anderen Investoren, um Ihr Kapital durch exklusive, hochrentable Gelegenheiten weltweit zu vermehren.<\/p>\n\t\t\t<a href=\"https:\/\/area.horizons28.net\/auth\/registration\" target=\"_blank\" rel=\"noopener\">\n\t\t\t\t\t\t\tTritt Horizons28 bei\n\t\t\t<\/a>\n\t\t\t\t<img loading=\"lazy\" decoding=\"async\" src=\"http:\/\/horizons28.com\/wp-content\/uploads\/2025\/04\/horizons28-savings-account.png\" alt=\"Horizons28 Savings Account\" itemprop=\"image\" height=\"500\" width=\"600\" title=\"horizons28-savings-account\" onerror=\"this.style.display='none'\"  \/>\n<h2>\n\t\tHorizons28 Sparkonto\n\t<\/h2>\n\t<p>Erleben Sie eine Sparl\u00f6sung, die auf Wachstum, Sicherheit und Flexibilit\u00e4t ausgerichtet ist. <strong>Mit einem bemerkenswerten monatlichen Zinssatz von 10% hilft das Horizons28 Sparkonto Ihrem Geld, schneller zu wachsen<\/strong>, w\u00e4hrend es jederzeit zug\u00e4nglich bleibt, wenn Sie es ben\u00f6tigen.<\/p>\n<h2>\n\t\tAu\u00dfergew\u00f6hnliche Rendite\n\t<\/h2>\n\t<p>Verdienen Sie 10% Zinsen pro Monat, weit \u00fcber dem Angebot traditioneller Banken. Beschleunigen Sie Ihren Weg zur finanziellen Freiheit mit starkem Zinseszinspotenzial. <\/p>\n<h2>\n\t\tEinfacher Zugang\n\t<\/h2>\n\t<p>Einzahlen und abheben jederzeit \u2013 Ihre Gelder sind stets ohne Verz\u00f6gerungen oder Einschr\u00e4nkungen verf\u00fcgbar, w\u00e4hrend unsere Ersparnisse durch fortschrittliche Sicherheitssysteme f\u00fcr Ihre Gem\u00fctsruhe gesch\u00fctzt sind.<\/p>\n<h2>\n\t\tKeine versteckten Geb\u00fchren\n\t<\/h2>\n\t<p>Es gibt keine versteckten Kosten oder Wartungsgeb\u00fchren. Jeder Cent Ihrer Zinsen geht direkt an Sie. Unser Sparkonto hilft beim Aufbau Ihrer finanziellen Zukunft.  <\/p>\n<h3>\n\t\tHorizons28 Sparkonto\n\t<\/h3>\n<h3>\n\t\tVermehren Sie Ihr Kapital m\u00fchelos\n\t<\/h3>\n\t<p>Bei Horizons28 <strong>glauben wir, dass Verm\u00f6gensaufbau einfach und sicher sein sollte<\/strong>. Unser Sparkonto ist sowohl f\u00fcr H\u00e4ndler als auch f\u00fcr Sparer konzipiert und bietet <strong>hohe Renditen, Echtzeit-Kontokontrolle und stressfreie Verwaltung.<\/strong> <\/p>\n\t\t<h4>Hochleistungszinsen<\/h4>\t\t\t\n\t\t\t\t<p>Genie\u00dfen Sie ein monatliches Wachstum von 10% auf Ihre Ersparnisse. Lassen Sie Ihr ruhendes Geld h\u00e4rter f\u00fcr Sie arbeiten. <\/p>\n\t\t<h4>Einfacher Kontozugang<\/h4>\t\t\t\n\t\t\t\t<p>Verwalten Sie alles \u00fcber unser intuitives Online-Dashboard oder unsere mobile App \u2013 jederzeit und \u00fcberall.<\/p>\n\t\t<h4>Flexible Beitr\u00e4ge<\/h4>\t\t\t\n\t\t\t\t<p>Beginnen Sie mit jedem Betrag, der zu Ihren Zielen passt. Passen Sie Ihre Beitr\u00e4ge jederzeit an. <\/p>\n\t\t<h4>Pers\u00f6nliche Unterst\u00fctzung<\/h4>\t\t\t\n\t\t\t\t<p>Unser Kundenbetreuungsteam steht Ihnen zur Verf\u00fcgung \u2013 ob Sie Fragen haben, Hilfe ben\u00f6tigen oder strategische Einblicke w\u00fcnschen.<\/p>\n<h5>\n\t\tBeginnen Sie in 4 einfachen Schritten\n\t<\/h5>\n\t\t\t\t\t\t\t\t\t\t\t\t\t\t\t<h5>1<\/h5>\n\t\t\t\t\t\t<p>Erstellen Sie Ihr Konto<\/p>\t\t\t\t\t\n\t\t\t<!-- END .front -->\n\t\t\t\t\t\t<p>Melden Sie sich an oder registrieren Sie sich, um auf Ihr Spar-Dashboard zuzugreifen.<\/p>\t\t\t\t\t\n\t\t\t<!-- END .back -->\n\t\t <!-- ifb-flip-box -->\n\t <!-- flip-box -->\n\t\t\t\t\t\t\t\t\t\t\t\t\t\t\t<h5>2<\/h5>\n\t\t\t\t\t\t<p>Finanzieren Sie Ihr Konto<\/p>\t\t\t\t\t\n\t\t\t<!-- END .front -->\n\t\t\t\t\t\t<p>T\u00e4tigen Sie Ihre erste Einzahlung. Kein Mindestguthaben erforderlich, um mit dem Verdienen zu beginnen. <\/p>\t\t\t\t\t\n\t\t\t<!-- END .back -->\n\t\t <!-- ifb-flip-box -->\n\t <!-- flip-box -->\n\t\t\t\t\t\t\t\t\t\t\t\t\t\t\t<h5>3<\/h5>\n\t\t\t\t\t\t<p>Verfolgen Sie Ihren Fortschritt<\/p>\t\t\t\t\t\n\t\t\t<!-- END .front -->\n\t\t\t\t\t\t<p>Verdienen Sie 10% monatliche Zinsen \u2013 Ihre Ersparnisse wachsen automatisch.<\/p>\t\t\t\t\t\n\t\t\t<!-- END .back -->\n\t\t <!-- ifb-flip-box -->\n\t <!-- flip-box -->\n\t\t\t\t\t\t\t\t\t\t\t\t\t\t\t<h5>4<\/h5>\n\t\t\t\t\t\t<p>Heben Sie jederzeit Geld ab<\/p>\t\t\t\t\t\n\t\t\t<!-- END .front -->\n\t\t\t\t\t\t<p>Greifen Sie bei Bedarf jederzeit auf Ihre Gelder zu, ohne Strafen oder Geb\u00fchren.<\/p>\t\t\t\t\t\n\t\t\t<!-- END .back -->\n\t\t <!-- ifb-flip-box -->\n\t <!-- flip-box -->\n<h3>\n\t\tBereit, smarter zu handeln? Erleben Sie echte Geschwindigkeit, echte M\u00e4rkte und echte Ergebnisse.\n\t<\/h3>\n\t\t\t<a href=\"https:\/\/area.horizons28.net\/auth\/registration\" target=\"_blank\" rel=\"noopener\">\n\t\t\t\t\t\t\tTritt Horizons28 bei\n\t\t\t<\/a>\n<h1>\n\t\tBauen Sie Verm\u00f6gen auf intelligentere Weise auf\n\t<\/h1>\n\t<p>Bei Horizons28 glauben wir, dass Verm\u00f6gensaufbau nicht kompliziert sein sollte \u2013 er sollte unkompliziert, sicher und f\u00fcr jeden zug\u00e4nglich sein. Deshalb haben wir ein Sparkonto geschaffen, das sowohl auf aktive H\u00e4ndler als auch auf allt\u00e4gliche Sparer zugeschnitten ist. Ob Sie Ihr Kapital f\u00fcr zuk\u00fcnftige Investitionen aufbauen oder einfach nach einer zuverl\u00e4ssigen M\u00f6glichkeit suchen, stetige Renditen zu erzielen, unser Konto bietet eine intelligente L\u00f6sung.  <\/p>\n<p>Mit \u00e4u\u00dferst wettbewerbsf\u00e4higen Zinss\u00e4tzen, vollst\u00e4ndiger Kontrolle durch ein benutzerfreundliches Dashboard und einer problemlosen Einrichtung macht Horizons28 die Verwaltung Ihres Geldes einfach. Genie\u00dfen Sie die Zuversicht, Ihre Ersparnisse wachsen zu sehen, w\u00e4hrend Sie wissen, dass Ihre Gelder bei jedem Schritt gesch\u00fctzt sind. <\/p>\n\t\t\t\t<img loading=\"lazy\" decoding=\"async\" src=\"http:\/\/horizons28.com\/wp-content\/uploads\/2025\/04\/smarter-wealth-building.png\" alt=\"Smarter Wealth Building\" itemprop=\"image\" height=\"580\" width=\"813\" title=\"smarter-wealth-building\" onerror=\"this.style.display='none'\"  \/>\n<h3>\n\t\tBereit, smarter zu handeln? Erleben Sie echte Geschwindigkeit, echte M\u00e4rkte und echte Ergebnisse.\n\t<\/h3>\n\t\t\t<a href=\"https:\/\/area.horizons28.net\/auth\/registration\" target=\"_blank\" rel=\"noopener\">\n\t\t\t\t\t\t\tTritt Horizons28 bei\n\t\t\t<\/a>\n\n","protected":false},"excerpt":{"rendered":"<p>Sparen Sie intelligenter. Verdienen Sie mehr. Kooperieren Sie mit anderen Investoren, um Ihr Kapital durch exklusive, hochrentable Gelegenheiten weltweit zu vermehren. Tritt Horizons28 bei Horizons28 Sparkonto Erleben Sie eine Sparl\u00f6sung, die auf Wachstum, Sicherheit und Flexibilit\u00e4t ausgerichtet ist. Mit einem bemerkenswerten monatlichen Zinssatz von 10% hilft das Horizons28 Sparkonto Ihrem Geld, schneller zu wachsen, w\u00e4hrend&hellip;<\/p>\n","protected":false},"author":1,"featured_media":0,"parent":0,"menu_order":0,"comment_status":"closed","ping_status":"closed","template":"","meta":{"footnotes":""},"class_list":["post-833","page","type-page","status-publish","hentry"],"yoast_head":"<!-- This site is optimized with the Yoast SEO plugin v27.4 - https:\/\/yoast.com\/product\/yoast-seo-wordpress\/ -->\n<title>Hochverzinsliches Sparkonto | Monatliche Ertr\u00e4ge<\/title>\n<meta name=\"description\" content=\"10% monatliche Zinsen. Intelligentes Sparen, schneller Verdienst, voller Zugriff.\" \/>\n<meta name=\"robots\" content=\"index, follow, max-snippet:-1, max-image-preview:large, max-video-preview:-1\" \/>\n<link rel=\"canonical\" href=\"http:\/\/horizons28.com\/de\/sparkonto\/\" \/>\n<meta property=\"og:locale\" content=\"de_DE\" \/>\n<meta property=\"og:type\" content=\"article\" \/>\n<meta property=\"og:title\" content=\"Hochverzinsliches Sparkonto | Monatliche Ertr\u00e4ge\" \/>\n<meta property=\"og:description\" content=\"10% monatliche Zinsen. Intelligentes Sparen, schneller Verdienst, voller Zugriff.\" \/>\n<meta property=\"og:url\" content=\"http:\/\/horizons28.com\/de\/sparkonto\/\" \/>\n<meta property=\"og:site_name\" content=\"Horizons28\" \/>\n<meta property=\"article:modified_time\" content=\"2025-04-14T14:40:16+00:00\" \/>\n<meta property=\"og:image\" content=\"http:\/\/horizons28.com\/wp-content\/uploads\/2025\/04\/horizons28-savings-account.png\" \/>\n<meta name=\"twitter:card\" content=\"summary_large_image\" \/>\n<meta name=\"twitter:label1\" content=\"Gesch\u00e4tzte Lesezeit\" \/>\n\t<meta name=\"twitter:data1\" content=\"3\u00a0Minuten\" \/>\n<script type=\"application\/ld+json\" class=\"yoast-schema-graph\">{\"@context\":\"https:\\\/\\\/schema.org\",\"@graph\":[{\"@type\":\"WebPage\",\"@id\":\"http:\\\/\\\/horizons28.com\\\/de\\\/sparkonto\\\/\",\"url\":\"http:\\\/\\\/horizons28.com\\\/de\\\/sparkonto\\\/\",\"name\":\"Hochverzinsliches Sparkonto | Monatliche Ertr\u00e4ge\",\"isPartOf\":{\"@id\":\"http:\\\/\\\/horizons28.com\\\/de\\\/#website\"},\"primaryImageOfPage\":{\"@id\":\"http:\\\/\\\/horizons28.com\\\/de\\\/sparkonto\\\/#primaryimage\"},\"image\":{\"@id\":\"http:\\\/\\\/horizons28.com\\\/de\\\/sparkonto\\\/#primaryimage\"},\"thumbnailUrl\":\"http:\\\/\\\/horizons28.com\\\/wp-content\\\/uploads\\\/2025\\\/04\\\/horizons28-savings-account.png\",\"datePublished\":\"2025-04-04T07:19:28+00:00\",\"dateModified\":\"2025-04-14T14:40:16+00:00\",\"description\":\"10% monatliche Zinsen. Intelligentes Sparen, schneller Verdienst, voller Zugriff.\",\"breadcrumb\":{\"@id\":\"http:\\\/\\\/horizons28.com\\\/de\\\/sparkonto\\\/#breadcrumb\"},\"inLanguage\":\"de\",\"potentialAction\":[{\"@type\":\"ReadAction\",\"target\":[\"http:\\\/\\\/horizons28.com\\\/de\\\/sparkonto\\\/\"]}]},{\"@type\":\"ImageObject\",\"inLanguage\":\"de\",\"@id\":\"http:\\\/\\\/horizons28.com\\\/de\\\/sparkonto\\\/#primaryimage\",\"url\":\"http:\\\/\\\/horizons28.com\\\/wp-content\\\/uploads\\\/2025\\\/04\\\/horizons28-savings-account.png\",\"contentUrl\":\"http:\\\/\\\/horizons28.com\\\/wp-content\\\/uploads\\\/2025\\\/04\\\/horizons28-savings-account.png\"},{\"@type\":\"BreadcrumbList\",\"@id\":\"http:\\\/\\\/horizons28.com\\\/de\\\/sparkonto\\\/#breadcrumb\",\"itemListElement\":[{\"@type\":\"ListItem\",\"position\":1,\"name\":\"Home\",\"item\":\"https:\\\/\\\/horizons28.com\\\/de\\\/\"},{\"@type\":\"ListItem\",\"position\":2,\"name\":\"Sparkonto\"}]},{\"@type\":\"WebSite\",\"@id\":\"http:\\\/\\\/horizons28.com\\\/de\\\/#website\",\"url\":\"http:\\\/\\\/horizons28.com\\\/de\\\/\",\"name\":\"Horizons28\",\"description\":\"\",\"potentialAction\":[{\"@type\":\"SearchAction\",\"target\":{\"@type\":\"EntryPoint\",\"urlTemplate\":\"http:\\\/\\\/horizons28.com\\\/de\\\/?s={search_term_string}\"},\"query-input\":{\"@type\":\"PropertyValueSpecification\",\"valueRequired\":true,\"valueName\":\"search_term_string\"}}],\"inLanguage\":\"de\"}]}<\/script>\n<!-- \/ Yoast SEO plugin. -->","yoast_head_json":{"title":"Hochverzinsliches Sparkonto | Monatliche Ertr\u00e4ge","description":"10% monatliche Zinsen. Intelligentes Sparen, schneller Verdienst, voller Zugriff.","robots":{"index":"index","follow":"follow","max-snippet":"max-snippet:-1","max-image-preview":"max-image-preview:large","max-video-preview":"max-video-preview:-1"},"canonical":"http:\/\/horizons28.com\/de\/sparkonto\/","og_locale":"de_DE","og_type":"article","og_title":"Hochverzinsliches Sparkonto | Monatliche Ertr\u00e4ge","og_description":"10% monatliche Zinsen. Intelligentes Sparen, schneller Verdienst, voller Zugriff.","og_url":"http:\/\/horizons28.com\/de\/sparkonto\/","og_site_name":"Horizons28","article_modified_time":"2025-04-14T14:40:16+00:00","og_image":[{"url":"http:\/\/horizons28.com\/wp-content\/uploads\/2025\/04\/horizons28-savings-account.png","type":"","width":"","height":""}],"twitter_card":"summary_large_image","twitter_misc":{"Gesch\u00e4tzte Lesezeit":"3\u00a0Minuten"},"schema":{"@context":"https:\/\/schema.org","@graph":[{"@type":"WebPage","@id":"http:\/\/horizons28.com\/de\/sparkonto\/","url":"http:\/\/horizons28.com\/de\/sparkonto\/","name":"Hochverzinsliches Sparkonto | Monatliche Ertr\u00e4ge","isPartOf":{"@id":"http:\/\/horizons28.com\/de\/#website"},"primaryImageOfPage":{"@id":"http:\/\/horizons28.com\/de\/sparkonto\/#primaryimage"},"image":{"@id":"http:\/\/horizons28.com\/de\/sparkonto\/#primaryimage"},"thumbnailUrl":"http:\/\/horizons28.com\/wp-content\/uploads\/2025\/04\/horizons28-savings-account.png","datePublished":"2025-04-04T07:19:28+00:00","dateModified":"2025-04-14T14:40:16+00:00","description":"10% monatliche Zinsen. Intelligentes Sparen, schneller Verdienst, voller Zugriff.","breadcrumb":{"@id":"http:\/\/horizons28.com\/de\/sparkonto\/#breadcrumb"},"inLanguage":"de","potentialAction":[{"@type":"ReadAction","target":["http:\/\/horizons28.com\/de\/sparkonto\/"]}]},{"@type":"ImageObject","inLanguage":"de","@id":"http:\/\/horizons28.com\/de\/sparkonto\/#primaryimage","url":"http:\/\/horizons28.com\/wp-content\/uploads\/2025\/04\/horizons28-savings-account.png","contentUrl":"http:\/\/horizons28.com\/wp-content\/uploads\/2025\/04\/horizons28-savings-account.png"},{"@type":"BreadcrumbList","@id":"http:\/\/horizons28.com\/de\/sparkonto\/#breadcrumb","itemListElement":[{"@type":"ListItem","position":1,"name":"Home","item":"https:\/\/horizons28.com\/de\/"},{"@type":"ListItem","position":2,"name":"Sparkonto"}]},{"@type":"WebSite","@id":"http:\/\/horizons28.com\/de\/#website","url":"http:\/\/horizons28.com\/de\/","name":"Horizons28","description":"","potentialAction":[{"@type":"SearchAction","target":{"@type":"EntryPoint","urlTemplate":"http:\/\/horizons28.com\/de\/?s={search_term_string}"},"query-input":{"@type":"PropertyValueSpecification","valueRequired":true,"valueName":"search_term_string"}}],"inLanguage":"de"}]}},"_links":{"self":[{"href":"http:\/\/horizons28.com\/de\/wp-json\/wp\/v2\/pages\/833","targetHints":{"allow":["GET"]}}],"collection":[{"href":"http:\/\/horizons28.com\/de\/wp-json\/wp\/v2\/pages"}],"about":[{"href":"http:\/\/horizons28.com\/de\/wp-json\/wp\/v2\/types\/page"}],"author":[{"embeddable":true,"href":"http:\/\/horizons28.com\/de\/wp-json\/wp\/v2\/users\/1"}],"replies":[{"embeddable":true,"href":"http:\/\/horizons28.com\/de\/wp-json\/wp\/v2\/comments?post=833"}],"version-history":[{"count":1,"href":"http:\/\/horizons28.com\/de\/wp-json\/wp\/v2\/pages\/833\/revisions"}],"predecessor-version":[{"id":1031,"href":"http:\/\/horizons28.com\/de\/wp-json\/wp\/v2\/pages\/833\/revisions\/1031"}],"wp:attachment":[{"href":"http:\/\/horizons28.com\/de\/wp-json\/wp\/v2\/media?parent=833"}],"curies":[{"name":"wp","href":"https:\/\/api.w.org\/{rel}","templated":true}]}}