{"id":852,"date":"2025-04-04T07:20:25","date_gmt":"2025-04-04T07:20:25","guid":{"rendered":"http:\/\/horizons28.com\/handelsliquiditaet\/"},"modified":"2025-04-14T14:42:43","modified_gmt":"2025-04-14T14:42:43","slug":"handelsliquiditaet","status":"publish","type":"page","link":"http:\/\/horizons28.com\/de\/handelsliquiditaet\/","title":{"rendered":"Handelsliquidit\u00e4t"},"content":{"rendered":"\n<h1>\n\t\tIntelligente Liquidit\u00e4t. Sofortiger Zugang. \n\t<\/h1>\n\t<p>Erhalten Sie sofortigen Zugang zu Liquidit\u00e4t, um nahtlosen Handel, schnellere Ausf\u00fchrung und ununterbrochene Marktleistung zu unterst\u00fctzen.<\/p>\n\t\t\t<a href=\"https:\/\/area.horizons28.net\/auth\/registration\" target=\"_blank\" rel=\"noopener\">\n\t\t\t\t\t\t\tTritt Horizons28 bei\n\t\t\t<\/a>\n\t\t\t\t<img loading=\"lazy\" decoding=\"async\" src=\"http:\/\/horizons28.com\/wp-content\/uploads\/2025\/04\/trade-liquidity.png\" alt=\"Trade Liquidity\" itemprop=\"image\" height=\"500\" width=\"600\" title=\"trade-liquidity\" onerror=\"this.style.display='none'\"  \/>\n<h2>\n\t\tWas ist Horizons28 Handelsliquidit\u00e4t?\n\t<\/h2>\n\t<p>Horizons28 Handelsliquidit\u00e4t ist eine zweckgebundene Finanzl\u00f6sung, die Brokerunternehmen schnellen Zugang zu Liquidit\u00e4tsreserven erm\u00f6glicht. <strong>Dies gew\u00e4hrleistet einen reibungslosen und ununterbrochenen Handel selbst bei hohem Handelsvolumen oder volatilen Marktbedingungen.<\/strong> Unsere Liquidit\u00e4tsunterst\u00fctzung verbessert die Leistung und Zuverl\u00e4ssigkeit \u00fcber alle Handelsoperationen hinweg.<\/p>\n<h2>\n\t\tSchneller Kapitalzugang\n\t<\/h2>\n\t<p>Vermeiden Sie Ausfallzeiten und Handelsunterbrechungen durch sofortige Liquidit\u00e4t, die genau dann zur Verf\u00fcgung steht, wenn sie ben\u00f6tigt wird.<\/p>\n<h2>\n\t\tVerbesserte Ausf\u00fchrung\n\t<\/h2>\n\t<p>Beschleunigen Sie die Handelsausf\u00fchrung und minimieren Sie Slippage durch konsistenten Zugang zu Mitteln, f\u00fcr ein besseres Handelserlebnis.<\/p>\n<h2>\n\t\tVolatilit\u00e4tsschutz\n\t<\/h2>\n\t<p>Stabilisieren Sie den Betrieb w\u00e4hrend hoher Volatilit\u00e4t oder Marktspitzen mit integrierten Liquidit\u00e4tspuffern f\u00fcr einen besseren Handelsrisikoschutz.<\/p>\n<h2>\n\t\tFlexible Bedingungen\n\t<\/h2>\n\t<p>Wir bieten R\u00fcckzahlungsoptionen, die sich an den Cashflow-Zyklen und operativen Zielen Ihres Brokerunternehmens orientieren \u2013 keine starren Zeitpl\u00e4ne.<\/p>\n<h2>\n\t\tSkalierbar f\u00fcr Wachstum\n\t<\/h2>\n\t<p>Ob Sie in neue M\u00e4rkte expandieren oder erh\u00f6hte Handelsvolumina bew\u00e4ltigen, unsere L\u00f6sung passt sich Ihren Bed\u00fcrfnissen an.<\/p>\n<h2>\n\t\tKundenvertrauen\n\t<\/h2>\n\t<p>Konsistente Ausf\u00fchrung und ununterbrochener Handel bauen Glaubw\u00fcrdigkeit bei Ihren Kunden auf und st\u00e4rken Ihre Marke.<\/p>\n<h3>\n\t\tEntdecken Sie die Vorteile\n\t<\/h3>\n<h3>\n\t\tHorizons28 Handelsliquidit\u00e4t Funktionen\n\t<\/h3>\n\t<p>Der Horizons28 Investmentpool ist darauf ausgelegt, <strong>Investoren dabei zu helfen, ihr Geld durch Zusammenarbeit und Zugang zu kuratierten Investitionsprojekten zu vermehren<\/strong>. Ob Sie gerade erst anfangen oder bereits Verm\u00f6gen aufbauen, <strong>dies ist Ihr Tor zu intelligenteren, besser vernetzten Investitionen<\/strong>. <\/p>\n\t\t<h4>Branchenf\u00fchrende Konditionen<\/h4>\t\t\t\n\t\t\t\t<p>Erhalten Sie Liquidit\u00e4t zu \u00e4u\u00dferst wettbewerbsf\u00e4higen Bedingungen, die Ihnen helfen, Kosten zu managen, ohne die Leistung zu beeintr\u00e4chtigen.<\/p>\n\t\t<h4>Vollst\u00e4ndige Transparenz<\/h4>\t\t\t\n\t\t\t\t<p>Alle Vereinbarungen sind klar, unkompliziert und frei von versteckten Geb\u00fchren oder unerwarteten Kosten f\u00fcr vollst\u00e4ndige Transparenz.<\/p>\n\t\t<h4>Broker-fokussierte Unterst\u00fctzung<\/h4>\t\t\t\n\t\t\t\t<p>Sie werden einem dedizierten Horizons28-Experten zugeordnet, der Ihr Gesch\u00e4ft versteht und Ihnen hilft, Ihre Liquidit\u00e4tsstrategie zu optimieren.<\/p>\n\t\t<h4>Nahtlose Integration<\/h4>\t\t\t\n\t\t\t\t<p>Unsere Liquidit\u00e4tsvorsch\u00fcsse integrieren sich m\u00fchelos in Ihre bestehenden Systeme und Anbieter \u2013 keine technischen Kopfschmerzen, nur reibungsloser Betrieb.<\/p>\n<h5>\n\t\tSo funktioniert es\n\t<\/h5>\n\t\t\t\t\t\t\t\t\t\t\t\t\t\t\t<h5>1<\/h5>\n\t\t\t\t\t\t<p>Evaluierung<\/p>\t\t\t\t\t\n\t\t\t<!-- END .front -->\n\t\t\t\t\t\t<p>Wir analysieren Ihre Handelsaktivit\u00e4t, Liquidit\u00e4tsbed\u00fcrfnisse und Wachstumsentwicklung, um die richtige L\u00f6sung f\u00fcr Ihr Brokerunternehmen zu entwerfen.<\/p>\t\t\t\t\t\n\t\t\t<!-- END .back -->\n\t\t <!-- ifb-flip-box -->\n\t <!-- flip-box -->\n\t\t\t\t\t\t\t\t\t\t\t\t\t\t\t<h5>2<\/h5>\n\t\t\t\t\t\t<p>Genehmigung<\/p>\t\t\t\t\t\n\t\t\t<!-- END .front -->\n\t\t\t\t\t\t<p>Nach der Genehmigung erhalten Sie sofortigen Zugang zur vereinbarten Liquidit\u00e4tsreserve, bereit zur Unterst\u00fctzung Ihrer Operationen.<\/p>\t\t\t\t\t\n\t\t\t<!-- END .back -->\n\t\t <!-- ifb-flip-box -->\n\t <!-- flip-box -->\n\t\t\t\t\t\t\t\t\t\t\t\t\t\t\t<h5>3<\/h5>\n\t\t\t\t\t\t<p>Integration<\/p>\t\t\t\t\t\n\t\t\t<!-- END .front -->\n\t\t\t\t\t\t<p>Die Mittel werden nahtlos in Ihr Liquidit\u00e4tsrahmenwerk integriert, mit minimaler betrieblicher St\u00f6rung.<\/p>\t\t\t\t\t\n\t\t\t<!-- END .back -->\n\t\t <!-- ifb-flip-box -->\n\t <!-- flip-box -->\n\t\t\t\t\t\t\t\t\t\t\t\t\t\t\t<h5>4<\/h5>\n\t\t\t\t\t\t<p>R\u00fcckzahlung<\/p>\t\t\t\t\t\n\t\t\t<!-- END .front -->\n\t\t\t\t\t\t<p>Zahlen Sie den Liquidit\u00e4tsvorschuss nach einem Zeitplan zur\u00fcck, der zu Ihrer Finanzstruktur und den Anforderungen Ihres Brokerunternehmens passt.<\/p>\t\t\t\t\t\n\t\t\t<!-- END .back -->\n\t\t <!-- ifb-flip-box -->\n\t <!-- flip-box -->\n<h3>\n\t\tBereit, smarter zu handeln? Erleben Sie echte Geschwindigkeit, echte M\u00e4rkte und echte Ergebnisse.\n\t<\/h3>\n\t\t\t<a href=\"https:\/\/area.horizons28.net\/auth\/registration\" target=\"_blank\" rel=\"noopener\">\n\t\t\t\t\t\t\tTritt Horizons28 bei\n\t\t\t<\/a>\n<h1>\n\t\tPartnerschaft mit Horizons28 heute\n\t<\/h1>\n\t<p><strong>Statten Sie Ihr Brokerunternehmen mit der Liquidit\u00e4t aus, die es ben\u00f6tigt<\/strong>, um zuversichtlich zu skalieren, die Ausf\u00fchrung zu verbessern und das Kundenvertrauen zu erhalten. Lassen Sie uns gemeinsam eine st\u00e4rkere Grundlage f\u00fcr Wachstum schaffen \u2013 kontaktieren Sie noch heute einen Horizons28 Handelsliquidit\u00e4tsspezialisten. <\/p>\n<p>Unsere ma\u00dfgeschneiderten Liquidit\u00e4tsl\u00f6sungen sind darauf ausgelegt, sich an Ihren Gesch\u00e4ftszielen auszurichten und bieten die Flexibilit\u00e4t und Unterst\u00fctzung, die Sie ben\u00f6tigen, um mit voller Kapazit\u00e4t zu operieren. Von reibungsloserer Handelsausf\u00fchrung bis hin zu verbesserter Marktresilienz <strong>gibt Horizons28 Ihrem Brokerunternehmen die Werkzeuge, um in jedem Marktumfeld zu florieren<\/strong>. <\/p>\n\t\t\t\t<img loading=\"lazy\" decoding=\"async\" src=\"http:\/\/horizons28.com\/wp-content\/uploads\/2025\/04\/partner-with-us.png\" alt=\"Partner With Us\" itemprop=\"image\" height=\"580\" width=\"813\" title=\"partner-with-us\" onerror=\"this.style.display='none'\"  \/>\n<h3>\n\t\tBereit, smarter zu handeln? Erleben Sie echte Geschwindigkeit, echte M\u00e4rkte und echte Ergebnisse.\n\t<\/h3>\n\t\t\t<a href=\"https:\/\/area.horizons28.net\/auth\/registration\" target=\"_blank\" rel=\"noopener\">\n\t\t\t\t\t\t\tTritt Horizons28 bei\n\t\t\t<\/a>\n\n","protected":false},"excerpt":{"rendered":"<p>Intelligente Liquidit\u00e4t. Sofortiger Zugang. Erhalten Sie sofortigen Zugang zu Liquidit\u00e4t, um nahtlosen Handel, schnellere Ausf\u00fchrung und ununterbrochene Marktleistung zu unterst\u00fctzen. Tritt Horizons28 bei Was ist Horizons28 Handelsliquidit\u00e4t? Horizons28 Handelsliquidit\u00e4t ist eine zweckgebundene Finanzl\u00f6sung, die Brokerunternehmen schnellen Zugang zu Liquidit\u00e4tsreserven erm\u00f6glicht. Dies gew\u00e4hrleistet einen reibungslosen und ununterbrochenen Handel selbst bei hohem Handelsvolumen oder volatilen Marktbedingungen. Unsere&hellip;<\/p>\n","protected":false},"author":1,"featured_media":0,"parent":0,"menu_order":0,"comment_status":"closed","ping_status":"closed","template":"","meta":{"footnotes":""},"class_list":["post-852","page","type-page","status-publish","hentry"],"yoast_head":"<!-- This site is optimized with the Yoast SEO plugin v27.4 - https:\/\/yoast.com\/product\/yoast-seo-wordpress\/ -->\n<title>Handelsliquidit\u00e4tsl\u00f6sungen | Sofortiges Kapital f\u00fcr Broker | Horizons28<\/title>\n<meta name=\"description\" content=\"Schnelle Liquidit\u00e4t f\u00fcr reibungslose Ausf\u00fchrung und Brokerstabilit\u00e4t. Horizons28 unterst\u00fctzt Ihr Brokerwachstum.\" \/>\n<meta name=\"robots\" content=\"index, follow, max-snippet:-1, max-image-preview:large, max-video-preview:-1\" \/>\n<link rel=\"canonical\" href=\"http:\/\/horizons28.com\/de\/handelsliquiditaet\/\" \/>\n<meta property=\"og:locale\" content=\"de_DE\" \/>\n<meta property=\"og:type\" content=\"article\" \/>\n<meta property=\"og:title\" content=\"Handelsliquidit\u00e4tsl\u00f6sungen | Sofortiges Kapital f\u00fcr Broker | Horizons28\" \/>\n<meta property=\"og:description\" content=\"Schnelle Liquidit\u00e4t f\u00fcr reibungslose Ausf\u00fchrung und Brokerstabilit\u00e4t. Horizons28 unterst\u00fctzt Ihr Brokerwachstum.\" \/>\n<meta property=\"og:url\" content=\"http:\/\/horizons28.com\/de\/handelsliquiditaet\/\" \/>\n<meta property=\"og:site_name\" content=\"Horizons28\" \/>\n<meta property=\"article:modified_time\" content=\"2025-04-14T14:42:43+00:00\" \/>\n<meta property=\"og:image\" content=\"http:\/\/horizons28.com\/wp-content\/uploads\/2025\/04\/trade-liquidity.png\" \/>\n<meta name=\"twitter:card\" content=\"summary_large_image\" \/>\n<meta name=\"twitter:label1\" content=\"Gesch\u00e4tzte Lesezeit\" \/>\n\t<meta name=\"twitter:data1\" content=\"3\u00a0Minuten\" \/>\n<script type=\"application\/ld+json\" class=\"yoast-schema-graph\">{\"@context\":\"https:\\\/\\\/schema.org\",\"@graph\":[{\"@type\":\"WebPage\",\"@id\":\"http:\\\/\\\/horizons28.com\\\/de\\\/handelsliquiditaet\\\/\",\"url\":\"http:\\\/\\\/horizons28.com\\\/de\\\/handelsliquiditaet\\\/\",\"name\":\"Handelsliquidit\u00e4tsl\u00f6sungen | Sofortiges Kapital f\u00fcr Broker | Horizons28\",\"isPartOf\":{\"@id\":\"http:\\\/\\\/horizons28.com\\\/de\\\/#website\"},\"primaryImageOfPage\":{\"@id\":\"http:\\\/\\\/horizons28.com\\\/de\\\/handelsliquiditaet\\\/#primaryimage\"},\"image\":{\"@id\":\"http:\\\/\\\/horizons28.com\\\/de\\\/handelsliquiditaet\\\/#primaryimage\"},\"thumbnailUrl\":\"http:\\\/\\\/horizons28.com\\\/wp-content\\\/uploads\\\/2025\\\/04\\\/trade-liquidity.png\",\"datePublished\":\"2025-04-04T07:20:25+00:00\",\"dateModified\":\"2025-04-14T14:42:43+00:00\",\"description\":\"Schnelle Liquidit\u00e4t f\u00fcr reibungslose Ausf\u00fchrung und Brokerstabilit\u00e4t. Horizons28 unterst\u00fctzt Ihr Brokerwachstum.\",\"breadcrumb\":{\"@id\":\"http:\\\/\\\/horizons28.com\\\/de\\\/handelsliquiditaet\\\/#breadcrumb\"},\"inLanguage\":\"de\",\"potentialAction\":[{\"@type\":\"ReadAction\",\"target\":[\"http:\\\/\\\/horizons28.com\\\/de\\\/handelsliquiditaet\\\/\"]}]},{\"@type\":\"ImageObject\",\"inLanguage\":\"de\",\"@id\":\"http:\\\/\\\/horizons28.com\\\/de\\\/handelsliquiditaet\\\/#primaryimage\",\"url\":\"http:\\\/\\\/horizons28.com\\\/wp-content\\\/uploads\\\/2025\\\/04\\\/trade-liquidity.png\",\"contentUrl\":\"http:\\\/\\\/horizons28.com\\\/wp-content\\\/uploads\\\/2025\\\/04\\\/trade-liquidity.png\"},{\"@type\":\"BreadcrumbList\",\"@id\":\"http:\\\/\\\/horizons28.com\\\/de\\\/handelsliquiditaet\\\/#breadcrumb\",\"itemListElement\":[{\"@type\":\"ListItem\",\"position\":1,\"name\":\"Home\",\"item\":\"https:\\\/\\\/horizons28.com\\\/de\\\/\"},{\"@type\":\"ListItem\",\"position\":2,\"name\":\"Handelsliquidit\u00e4t\"}]},{\"@type\":\"WebSite\",\"@id\":\"http:\\\/\\\/horizons28.com\\\/de\\\/#website\",\"url\":\"http:\\\/\\\/horizons28.com\\\/de\\\/\",\"name\":\"Horizons28\",\"description\":\"\",\"potentialAction\":[{\"@type\":\"SearchAction\",\"target\":{\"@type\":\"EntryPoint\",\"urlTemplate\":\"http:\\\/\\\/horizons28.com\\\/de\\\/?s={search_term_string}\"},\"query-input\":{\"@type\":\"PropertyValueSpecification\",\"valueRequired\":true,\"valueName\":\"search_term_string\"}}],\"inLanguage\":\"de\"}]}<\/script>\n<!-- \/ Yoast SEO plugin. -->","yoast_head_json":{"title":"Handelsliquidit\u00e4tsl\u00f6sungen | Sofortiges Kapital f\u00fcr Broker | Horizons28","description":"Schnelle Liquidit\u00e4t f\u00fcr reibungslose Ausf\u00fchrung und Brokerstabilit\u00e4t. Horizons28 unterst\u00fctzt Ihr Brokerwachstum.","robots":{"index":"index","follow":"follow","max-snippet":"max-snippet:-1","max-image-preview":"max-image-preview:large","max-video-preview":"max-video-preview:-1"},"canonical":"http:\/\/horizons28.com\/de\/handelsliquiditaet\/","og_locale":"de_DE","og_type":"article","og_title":"Handelsliquidit\u00e4tsl\u00f6sungen | Sofortiges Kapital f\u00fcr Broker | Horizons28","og_description":"Schnelle Liquidit\u00e4t f\u00fcr reibungslose Ausf\u00fchrung und Brokerstabilit\u00e4t. Horizons28 unterst\u00fctzt Ihr Brokerwachstum.","og_url":"http:\/\/horizons28.com\/de\/handelsliquiditaet\/","og_site_name":"Horizons28","article_modified_time":"2025-04-14T14:42:43+00:00","og_image":[{"url":"http:\/\/horizons28.com\/wp-content\/uploads\/2025\/04\/trade-liquidity.png","type":"","width":"","height":""}],"twitter_card":"summary_large_image","twitter_misc":{"Gesch\u00e4tzte Lesezeit":"3\u00a0Minuten"},"schema":{"@context":"https:\/\/schema.org","@graph":[{"@type":"WebPage","@id":"http:\/\/horizons28.com\/de\/handelsliquiditaet\/","url":"http:\/\/horizons28.com\/de\/handelsliquiditaet\/","name":"Handelsliquidit\u00e4tsl\u00f6sungen | Sofortiges Kapital f\u00fcr Broker | Horizons28","isPartOf":{"@id":"http:\/\/horizons28.com\/de\/#website"},"primaryImageOfPage":{"@id":"http:\/\/horizons28.com\/de\/handelsliquiditaet\/#primaryimage"},"image":{"@id":"http:\/\/horizons28.com\/de\/handelsliquiditaet\/#primaryimage"},"thumbnailUrl":"http:\/\/horizons28.com\/wp-content\/uploads\/2025\/04\/trade-liquidity.png","datePublished":"2025-04-04T07:20:25+00:00","dateModified":"2025-04-14T14:42:43+00:00","description":"Schnelle Liquidit\u00e4t f\u00fcr reibungslose Ausf\u00fchrung und Brokerstabilit\u00e4t. Horizons28 unterst\u00fctzt Ihr Brokerwachstum.","breadcrumb":{"@id":"http:\/\/horizons28.com\/de\/handelsliquiditaet\/#breadcrumb"},"inLanguage":"de","potentialAction":[{"@type":"ReadAction","target":["http:\/\/horizons28.com\/de\/handelsliquiditaet\/"]}]},{"@type":"ImageObject","inLanguage":"de","@id":"http:\/\/horizons28.com\/de\/handelsliquiditaet\/#primaryimage","url":"http:\/\/horizons28.com\/wp-content\/uploads\/2025\/04\/trade-liquidity.png","contentUrl":"http:\/\/horizons28.com\/wp-content\/uploads\/2025\/04\/trade-liquidity.png"},{"@type":"BreadcrumbList","@id":"http:\/\/horizons28.com\/de\/handelsliquiditaet\/#breadcrumb","itemListElement":[{"@type":"ListItem","position":1,"name":"Home","item":"https:\/\/horizons28.com\/de\/"},{"@type":"ListItem","position":2,"name":"Handelsliquidit\u00e4t"}]},{"@type":"WebSite","@id":"http:\/\/horizons28.com\/de\/#website","url":"http:\/\/horizons28.com\/de\/","name":"Horizons28","description":"","potentialAction":[{"@type":"SearchAction","target":{"@type":"EntryPoint","urlTemplate":"http:\/\/horizons28.com\/de\/?s={search_term_string}"},"query-input":{"@type":"PropertyValueSpecification","valueRequired":true,"valueName":"search_term_string"}}],"inLanguage":"de"}]}},"_links":{"self":[{"href":"http:\/\/horizons28.com\/de\/wp-json\/wp\/v2\/pages\/852","targetHints":{"allow":["GET"]}}],"collection":[{"href":"http:\/\/horizons28.com\/de\/wp-json\/wp\/v2\/pages"}],"about":[{"href":"http:\/\/horizons28.com\/de\/wp-json\/wp\/v2\/types\/page"}],"author":[{"embeddable":true,"href":"http:\/\/horizons28.com\/de\/wp-json\/wp\/v2\/users\/1"}],"replies":[{"embeddable":true,"href":"http:\/\/horizons28.com\/de\/wp-json\/wp\/v2\/comments?post=852"}],"version-history":[{"count":1,"href":"http:\/\/horizons28.com\/de\/wp-json\/wp\/v2\/pages\/852\/revisions"}],"predecessor-version":[{"id":1033,"href":"http:\/\/horizons28.com\/de\/wp-json\/wp\/v2\/pages\/852\/revisions\/1033"}],"wp:attachment":[{"href":"http:\/\/horizons28.com\/de\/wp-json\/wp\/v2\/media?parent=852"}],"curies":[{"name":"wp","href":"https:\/\/api.w.org\/{rel}","templated":true}]}}