{"id":773,"date":"2025-04-04T07:19:52","date_gmt":"2025-04-04T07:19:52","guid":{"rendered":"http:\/\/horizons28.com\/operacion-de-arbitraje\/"},"modified":"2025-04-15T07:16:44","modified_gmt":"2025-04-15T07:16:44","slug":"operacion-de-arbitraje","status":"publish","type":"page","link":"http:\/\/horizons28.com\/es\/operacion-de-arbitraje\/","title":{"rendered":"Operaci\u00f3n de Arbitraje"},"content":{"rendered":"\n<h1>\n\t\tGanancias M\u00e1s R\u00e1pidas. Menor Riesgo. \n\t<\/h1>\n\t<p>Explote sin esfuerzo las brechas de precios de alto potencial con arbitraje en tiempo real en criptomonedas, divisas, acciones y m\u00e1s.<\/p>\n\t\t\t<a href=\"https:\/\/area.horizons28.net\/auth\/registration\" target=\"_blank\" rel=\"noopener\">\n\t\t\t\t\t\t\t\u00danete a Horizons28\n\t\t\t<\/a>\n\t\t\t\t<img loading=\"lazy\" decoding=\"async\" src=\"http:\/\/horizons28.com\/wp-content\/uploads\/2025\/04\/arbitrage-trading.png\" alt=\"Arbitrage Trading\" itemprop=\"image\" height=\"507\" width=\"600\" title=\"arbitrage-trading\" onerror=\"this.style.display='none'\"  \/>\n<h2>\n\t\t\u00bfPor qu\u00e9 Realizar Operaciones de Arbitraje con Horizons28?\n\t<\/h2>\n\t<p>Bienvenido a <strong>operaciones m\u00e1s inteligentes y de bajo riesgo<\/strong>. El Motor de Arbitraje de Horizons28 identifica discrepancias de precios en tiempo real en los mercados globales, <strong>para que pueda operar de manera m\u00e1s r\u00e1pida, segura y rentable<\/strong>. Es preciso, eficiente y siempre un paso adelante.  <\/p>\n<h2>\n\t\tRiesgo Reducido\n\t<\/h2>\n\t<p>El arbitraje minimiza la exposici\u00f3n al eliminar la dependencia de la direcci\u00f3n del mercado. Cuando se ejecuta correctamente, proporciona rendimientos constantes basados en brechas de precios en tiempo real. <\/p>\n<h2>\n\t\tAmplia Cobertura de Activos\n\t<\/h2>\n\t<p>Ya sea que est\u00e9 operando con criptomonedas, pares de divisas, acciones globales o materias primas, la plataforma le brinda acceso a precios en m\u00faltiples bolsas.<\/p>\n<h2>\n\t\tResultados R\u00e1pidos\n\t<\/h2>\n\t<p>Con el arbitraje, los resultados llegan r\u00e1pidamente. Identifique, ejecute y obtenga ganancias, a menudo en minutos, no meses. Minimice su perfil de riesgo mientras maximiza su potencial de ganancias.  <\/p>\n<h2>\n\t\tInmune a las Fluctuaciones\n\t<\/h2>\n\t<p>Ya sea que est\u00e9 comenzando o ya est\u00e9 establecido, el arbitraje no depende de si el mercado sube o baja. Esta estrategia sigue siendo eficaz incluso en condiciones vol\u00e1tiles. <\/p>\n<h2>\n\t\tCrecimiento a Escala\n\t<\/h2>\n\t<p>Repita operaciones exitosas en vol\u00famenes m\u00e1s grandes para amplificar los rendimientos. El arbitraje es ideal tanto para operadores a peque\u00f1a escala como de alta frecuencia. \u00a1Repita y repita!  <\/p>\n<h2>\n\t\tPerfecto Para la Automatizaci\u00f3n\n\t<\/h2>\n\t<p>La infraestructura de Horizons28 admite la automatizaci\u00f3n, lo que le permite ejecutar operaciones al instante y capitalizar oportunidades fugaces sin intervenci\u00f3n manual.<\/p>\n<h3>\n\t\tOperaciones de Arbitraje en Horizons28\n\t<\/h3>\n<h3>\n\t\tBienvenido a operaciones m\u00e1s inteligentes y de bajo riesgo.\n\t<\/h3>\n\t<p>El Motor de Arbitraje de Horizons28 identifica discrepancias de precios en tiempo real en los mercados globales, <strong>para que pueda operar de manera m\u00e1s r\u00e1pida, segura y rentable<\/strong>. Es preciso, eficiente y siempre un paso adelante. <\/p>\n\t\t<h4>Herramientas de Nivel Profesional<\/h4>\t\t\t\n\t\t\t\t<p>Acceda a una infraestructura de negociaci\u00f3n robusta respaldada por an\u00e1lisis en tiempo real y datos de mercado profundos.<\/p>\n\t\t<h4>Soporte Dedicado<\/h4>\t\t\t\n\t\t\t\t<p>Nuestros asesores de operaciones le ayudan a navegar por estrategias, herramientas y ejecuci\u00f3n.<\/p>\n\t\t<h4>Seguridad L\u00edder en la Industria<\/h4>\t\t\t\n\t\t\t\t<p>Encriptaci\u00f3n de primer nivel y protocolos de seguridad de cuenta robustos protegen sus operaciones y fondos.<\/p>\n\t\t<h4>Costos Ultra Bajos<\/h4>\t\t\t\n\t\t\t\t<p>Minimice la fricci\u00f3n con nuestra estructura de tarifas amigable para el operador, dise\u00f1ada para actividades de alta frecuencia.<\/p>\n<h3>\n\t\tOperaciones Mejoradas Con Horizons28\n\t<\/h3>\n<h3>\n\t\tExplore M\u00e9todos de Arbitraje Populares\n\t<\/h3>\n\t\t\t<h4>Arbitraje Entre Mercados<\/h4>\t\t\t\n\t\t\t\t<p><strong>Visi\u00f3n general:<\/strong> Compre y venda el mismo activo en dos plataformas a diferentes precios.<\/p>\n<p><strong>Ejemplo:<\/strong> Comprar ETH en la Bolsa A por $1,820 y vender en la Bolsa B por $1,835.<\/p>\n\t\t\t<h4>Arbitraje Algor\u00edtmico<\/h4>\t\t\t\n\t\t\t\t<p><strong>Visi\u00f3n general:<\/strong> Utilice bots de trading y modelos de datos para descubrir anomal\u00edas de precios.<\/p>\n<p><strong>Ejemplo:<\/strong> Implementar scripts que operan autom\u00e1ticamente basados en ineficiencias a corto plazo en acciones o pares de divisas.<\/p>\n\t\t\t<h4>Arbitraje de Ciclo de Divisas<\/h4>\t\t\t\n\t\t\t\t<p><strong>Visi\u00f3n general:<\/strong> Opere a trav\u00e9s de un ciclo de tres monedas para capturar peque\u00f1os desajustes de precios.<\/p>\n<p><strong>Ejemplo:<\/strong> Mover USD \u2192 JPY \u2192 EUR \u2192 USD y asegurar ganancias netas.<\/p>\n<h5>\n\t\tComience con el Arbitraje en Horizons28\n\t<\/h5>\n\t\t\t\t\t\t\t\t\t\t\t\t\t\t\t<h5>1<\/h5>\n\t\t\t\t\t\t<p>Acceda a Su Cuenta<\/p>\t\t\t\t\t\n\t\t\t<!-- END .front -->\n\t\t\t\t\t\t<p>Reg\u00edstrese en Horizons28 o inicie sesi\u00f3n para comenzar.<\/p>\t\t\t\t\t\n\t\t\t<!-- END .back -->\n\t\t <!-- ifb-flip-box -->\n\t <!-- flip-box -->\n\t\t\t\t\t\t\t\t\t\t\t\t\t\t\t<h5>2<\/h5>\n\t\t\t\t\t\t<p>Siga Nuestra Formaci\u00f3n<\/p>\t\t\t\t\t\n\t\t\t<!-- END .front -->\n\t\t\t\t\t\t<p>Explore nuestras gu\u00edas de arbitraje y aprenda de recursos centrados en estrategias.<\/p>\t\t\t\t\t\n\t\t\t<!-- END .back -->\n\t\t <!-- ifb-flip-box -->\n\t <!-- flip-box -->\n\t\t\t\t\t\t\t\t\t\t\t\t\t\t\t<h5>3<\/h5>\n\t\t\t\t\t\t<p>Opere con Confianza<\/p>\t\t\t\t\t\n\t\t\t<!-- END .front -->\n\t\t\t\t\t\t<p>Utilice las herramientas de precisi\u00f3n de Horizons28 para realizar operaciones en tiempo real que conviertan el arbitraje en ganancias.<\/p>\t\t\t\t\t\n\t\t\t<!-- END .back -->\n\t\t <!-- ifb-flip-box -->\n\t <!-- flip-box -->\n<h3>\n\t\t\u00bfListo para operar de forma m\u00e1s inteligente? Experimenta verdadera velocidad, mercados reales y resultados aut\u00e9nticos.\n\t<\/h3>\n\t\t\t<a href=\"https:\/\/area.horizons28.net\/auth\/registration\" target=\"_blank\" rel=\"noopener\">\n\t\t\t\t\t\t\t\u00danete a Horizons28\n\t\t\t<\/a>\n\n","protected":false},"excerpt":{"rendered":"<p>Ganancias M\u00e1s R\u00e1pidas. Menor Riesgo. Explote sin esfuerzo las brechas de precios de alto potencial con arbitraje en tiempo real en criptomonedas, divisas, acciones y m\u00e1s. \u00danete a Horizons28 \u00bfPor qu\u00e9 Realizar Operaciones de Arbitraje con Horizons28? Bienvenido a operaciones m\u00e1s inteligentes y de bajo riesgo. El Motor de Arbitraje de Horizons28 identifica discrepancias de&hellip;<\/p>\n","protected":false},"author":1,"featured_media":0,"parent":0,"menu_order":0,"comment_status":"closed","ping_status":"closed","template":"","meta":{"footnotes":""},"class_list":["post-773","page","type-page","status-publish","hentry"],"yoast_head":"<!-- This site is optimized with the Yoast SEO plugin v27.4 - https:\/\/yoast.com\/product\/yoast-seo-wordpress\/ -->\n<title>Operaciones de Arbitraje | Obtenga Ganancias de las Ineficiencias del Mercado con Horizons28<\/title>\n<meta name=\"description\" content=\"Descubra arbitraje con riesgo controlado. Maximice ganancias con Horizons28.\" \/>\n<meta name=\"robots\" content=\"index, follow, max-snippet:-1, max-image-preview:large, max-video-preview:-1\" \/>\n<link rel=\"canonical\" href=\"http:\/\/horizons28.com\/es\/operacion-de-arbitraje\/\" \/>\n<meta property=\"og:locale\" content=\"es_ES\" \/>\n<meta property=\"og:type\" content=\"article\" \/>\n<meta property=\"og:title\" content=\"Operaciones de Arbitraje | Obtenga Ganancias de las Ineficiencias del Mercado con Horizons28\" \/>\n<meta property=\"og:description\" content=\"Descubra arbitraje con riesgo controlado. Maximice ganancias con Horizons28.\" \/>\n<meta property=\"og:url\" content=\"http:\/\/horizons28.com\/es\/operacion-de-arbitraje\/\" \/>\n<meta property=\"og:site_name\" content=\"Horizons28\" \/>\n<meta property=\"article:modified_time\" content=\"2025-04-15T07:16:44+00:00\" \/>\n<meta property=\"og:image\" content=\"http:\/\/horizons28.com\/wp-content\/uploads\/2025\/04\/arbitrage-trading.png\" \/>\n<meta name=\"twitter:card\" content=\"summary_large_image\" \/>\n<meta name=\"twitter:label1\" content=\"Tiempo de lectura\" \/>\n\t<meta name=\"twitter:data1\" content=\"3 minutos\" \/>\n<script type=\"application\/ld+json\" class=\"yoast-schema-graph\">{\"@context\":\"https:\\\/\\\/schema.org\",\"@graph\":[{\"@type\":\"WebPage\",\"@id\":\"http:\\\/\\\/horizons28.com\\\/es\\\/operacion-de-arbitraje\\\/\",\"url\":\"http:\\\/\\\/horizons28.com\\\/es\\\/operacion-de-arbitraje\\\/\",\"name\":\"Operaciones de Arbitraje | Obtenga Ganancias de las Ineficiencias del Mercado con Horizons28\",\"isPartOf\":{\"@id\":\"http:\\\/\\\/horizons28.com\\\/es\\\/#website\"},\"primaryImageOfPage\":{\"@id\":\"http:\\\/\\\/horizons28.com\\\/es\\\/operacion-de-arbitraje\\\/#primaryimage\"},\"image\":{\"@id\":\"http:\\\/\\\/horizons28.com\\\/es\\\/operacion-de-arbitraje\\\/#primaryimage\"},\"thumbnailUrl\":\"http:\\\/\\\/horizons28.com\\\/wp-content\\\/uploads\\\/2025\\\/04\\\/arbitrage-trading.png\",\"datePublished\":\"2025-04-04T07:19:52+00:00\",\"dateModified\":\"2025-04-15T07:16:44+00:00\",\"description\":\"Descubra arbitraje con riesgo controlado. Maximice ganancias con Horizons28.\",\"breadcrumb\":{\"@id\":\"http:\\\/\\\/horizons28.com\\\/es\\\/operacion-de-arbitraje\\\/#breadcrumb\"},\"inLanguage\":\"es\",\"potentialAction\":[{\"@type\":\"ReadAction\",\"target\":[\"http:\\\/\\\/horizons28.com\\\/es\\\/operacion-de-arbitraje\\\/\"]}]},{\"@type\":\"ImageObject\",\"inLanguage\":\"es\",\"@id\":\"http:\\\/\\\/horizons28.com\\\/es\\\/operacion-de-arbitraje\\\/#primaryimage\",\"url\":\"http:\\\/\\\/horizons28.com\\\/wp-content\\\/uploads\\\/2025\\\/04\\\/arbitrage-trading.png\",\"contentUrl\":\"http:\\\/\\\/horizons28.com\\\/wp-content\\\/uploads\\\/2025\\\/04\\\/arbitrage-trading.png\"},{\"@type\":\"BreadcrumbList\",\"@id\":\"http:\\\/\\\/horizons28.com\\\/es\\\/operacion-de-arbitraje\\\/#breadcrumb\",\"itemListElement\":[{\"@type\":\"ListItem\",\"position\":1,\"name\":\"Home\",\"item\":\"https:\\\/\\\/horizons28.com\\\/es\\\/\"},{\"@type\":\"ListItem\",\"position\":2,\"name\":\"Operaci\u00f3n de Arbitraje\"}]},{\"@type\":\"WebSite\",\"@id\":\"http:\\\/\\\/horizons28.com\\\/es\\\/#website\",\"url\":\"http:\\\/\\\/horizons28.com\\\/es\\\/\",\"name\":\"Horizons28\",\"description\":\"\",\"potentialAction\":[{\"@type\":\"SearchAction\",\"target\":{\"@type\":\"EntryPoint\",\"urlTemplate\":\"http:\\\/\\\/horizons28.com\\\/es\\\/?s={search_term_string}\"},\"query-input\":{\"@type\":\"PropertyValueSpecification\",\"valueRequired\":true,\"valueName\":\"search_term_string\"}}],\"inLanguage\":\"es\"}]}<\/script>\n<!-- \/ Yoast SEO plugin. -->","yoast_head_json":{"title":"Operaciones de Arbitraje | Obtenga Ganancias de las Ineficiencias del Mercado con Horizons28","description":"Descubra arbitraje con riesgo controlado. Maximice ganancias con Horizons28.","robots":{"index":"index","follow":"follow","max-snippet":"max-snippet:-1","max-image-preview":"max-image-preview:large","max-video-preview":"max-video-preview:-1"},"canonical":"http:\/\/horizons28.com\/es\/operacion-de-arbitraje\/","og_locale":"es_ES","og_type":"article","og_title":"Operaciones de Arbitraje | Obtenga Ganancias de las Ineficiencias del Mercado con Horizons28","og_description":"Descubra arbitraje con riesgo controlado. Maximice ganancias con Horizons28.","og_url":"http:\/\/horizons28.com\/es\/operacion-de-arbitraje\/","og_site_name":"Horizons28","article_modified_time":"2025-04-15T07:16:44+00:00","og_image":[{"url":"http:\/\/horizons28.com\/wp-content\/uploads\/2025\/04\/arbitrage-trading.png","type":"","width":"","height":""}],"twitter_card":"summary_large_image","twitter_misc":{"Tiempo de lectura":"3 minutos"},"schema":{"@context":"https:\/\/schema.org","@graph":[{"@type":"WebPage","@id":"http:\/\/horizons28.com\/es\/operacion-de-arbitraje\/","url":"http:\/\/horizons28.com\/es\/operacion-de-arbitraje\/","name":"Operaciones de Arbitraje | Obtenga Ganancias de las Ineficiencias del Mercado con Horizons28","isPartOf":{"@id":"http:\/\/horizons28.com\/es\/#website"},"primaryImageOfPage":{"@id":"http:\/\/horizons28.com\/es\/operacion-de-arbitraje\/#primaryimage"},"image":{"@id":"http:\/\/horizons28.com\/es\/operacion-de-arbitraje\/#primaryimage"},"thumbnailUrl":"http:\/\/horizons28.com\/wp-content\/uploads\/2025\/04\/arbitrage-trading.png","datePublished":"2025-04-04T07:19:52+00:00","dateModified":"2025-04-15T07:16:44+00:00","description":"Descubra arbitraje con riesgo controlado. Maximice ganancias con Horizons28.","breadcrumb":{"@id":"http:\/\/horizons28.com\/es\/operacion-de-arbitraje\/#breadcrumb"},"inLanguage":"es","potentialAction":[{"@type":"ReadAction","target":["http:\/\/horizons28.com\/es\/operacion-de-arbitraje\/"]}]},{"@type":"ImageObject","inLanguage":"es","@id":"http:\/\/horizons28.com\/es\/operacion-de-arbitraje\/#primaryimage","url":"http:\/\/horizons28.com\/wp-content\/uploads\/2025\/04\/arbitrage-trading.png","contentUrl":"http:\/\/horizons28.com\/wp-content\/uploads\/2025\/04\/arbitrage-trading.png"},{"@type":"BreadcrumbList","@id":"http:\/\/horizons28.com\/es\/operacion-de-arbitraje\/#breadcrumb","itemListElement":[{"@type":"ListItem","position":1,"name":"Home","item":"https:\/\/horizons28.com\/es\/"},{"@type":"ListItem","position":2,"name":"Operaci\u00f3n de Arbitraje"}]},{"@type":"WebSite","@id":"http:\/\/horizons28.com\/es\/#website","url":"http:\/\/horizons28.com\/es\/","name":"Horizons28","description":"","potentialAction":[{"@type":"SearchAction","target":{"@type":"EntryPoint","urlTemplate":"http:\/\/horizons28.com\/es\/?s={search_term_string}"},"query-input":{"@type":"PropertyValueSpecification","valueRequired":true,"valueName":"search_term_string"}}],"inLanguage":"es"}]}},"_links":{"self":[{"href":"http:\/\/horizons28.com\/es\/wp-json\/wp\/v2\/pages\/773","targetHints":{"allow":["GET"]}}],"collection":[{"href":"http:\/\/horizons28.com\/es\/wp-json\/wp\/v2\/pages"}],"about":[{"href":"http:\/\/horizons28.com\/es\/wp-json\/wp\/v2\/types\/page"}],"author":[{"embeddable":true,"href":"http:\/\/horizons28.com\/es\/wp-json\/wp\/v2\/users\/1"}],"replies":[{"embeddable":true,"href":"http:\/\/horizons28.com\/es\/wp-json\/wp\/v2\/comments?post=773"}],"version-history":[{"count":1,"href":"http:\/\/horizons28.com\/es\/wp-json\/wp\/v2\/pages\/773\/revisions"}],"predecessor-version":[{"id":1158,"href":"http:\/\/horizons28.com\/es\/wp-json\/wp\/v2\/pages\/773\/revisions\/1158"}],"wp:attachment":[{"href":"http:\/\/horizons28.com\/es\/wp-json\/wp\/v2\/media?parent=773"}],"curies":[{"name":"wp","href":"https:\/\/api.w.org\/{rel}","templated":true}]}}