{"id":777,"date":"2025-04-03T14:44:15","date_gmt":"2025-04-03T14:44:15","guid":{"rendered":"http:\/\/horizons28.com\/contactenos\/"},"modified":"2025-04-15T07:22:40","modified_gmt":"2025-04-15T07:22:40","slug":"contactenos","status":"publish","type":"page","link":"http:\/\/horizons28.com\/es\/contactenos\/","title":{"rendered":"Cont\u00e1ctenos"},"content":{"rendered":"\n<h1>\n\t\tHorizons28. Aqu\u00ed para ayudarle. \n\t<\/h1>\n\t<p>Contacte a Horizons28 para obtener soporte r\u00e1pido y experto en comercio, cuentas y soluciones de plataforma, en cualquier momento que lo necesite.<\/p>\n\t\t\t<a href=\"https:\/\/area.horizons28.net\/auth\/registration\" target=\"_blank\" rel=\"noopener\">\n\t\t\t\t\t\t\t\u00danete a Horizons28\n\t\t\t<\/a>\n\t\t\t\t<img loading=\"lazy\" decoding=\"async\" src=\"http:\/\/horizons28.com\/wp-content\/uploads\/2025\/04\/contact-us.png\" alt=\"Contact Us\" itemprop=\"image\" height=\"500\" width=\"600\" title=\"contact-us\" onerror=\"this.style.display='none'\"  \/>\n\t\t\t<h4>\u00a1Estamos a un simple clic de distancia!<\/h4><h2>Env\u00edenos un mensaje<\/h2>\n\t\t\t<h3>\u00bfC\u00f3mo puede el equipo de Horizons28 ayudarle?<\/h3>\n\t\t\t\t<p>\u00bfTiene preguntas o necesita asistencia? Estamos aqu\u00ed para ayudarle con cualquier cosa, desde cuentas de comercio hasta orientaci\u00f3n sobre la plataforma. <\/p>\n<p>Tambi\u00e9n puede contactarnos directamente por correo electr\u00f3nico para cualquier consulta.<\/p>\n\n","protected":false},"excerpt":{"rendered":"<p>Horizons28. Aqu\u00ed para ayudarle. Contacte a Horizons28 para obtener soporte r\u00e1pido y experto en comercio, cuentas y soluciones de plataforma, en cualquier momento que lo necesite. \u00danete a Horizons28 \u00a1Estamos a un simple clic de distancia! Env\u00edenos un mensaje \u00bfC\u00f3mo puede el equipo de Horizons28 ayudarle? \u00bfTiene preguntas o necesita asistencia? Estamos aqu\u00ed para ayudarle&hellip;<\/p>\n","protected":false},"author":1,"featured_media":0,"parent":0,"menu_order":0,"comment_status":"closed","ping_status":"closed","template":"","meta":{"footnotes":""},"class_list":["post-777","page","type-page","status-publish","hentry"],"yoast_head":"<!-- This site is optimized with the Yoast SEO plugin v27.5 - https:\/\/yoast.com\/product\/yoast-seo-wordpress\/ -->\n<title>Contacte a Horizons28 | Estamos aqu\u00ed para ayudar<\/title>\n<meta name=\"description\" content=\"Contacte al soporte de Horizons28 para consultas, ayuda o colaboraciones. Apoyamos su camino comercial.\" \/>\n<meta name=\"robots\" content=\"index, follow, max-snippet:-1, max-image-preview:large, max-video-preview:-1\" \/>\n<link rel=\"canonical\" href=\"http:\/\/horizons28.com\/es\/contactenos\/\" \/>\n<meta property=\"og:locale\" content=\"es_ES\" \/>\n<meta property=\"og:type\" content=\"article\" \/>\n<meta property=\"og:title\" content=\"Contacte a Horizons28 | Estamos aqu\u00ed para ayudar\" \/>\n<meta property=\"og:description\" content=\"Contacte al soporte de Horizons28 para consultas, ayuda o colaboraciones. Apoyamos su camino comercial.\" \/>\n<meta property=\"og:url\" content=\"http:\/\/horizons28.com\/es\/contactenos\/\" \/>\n<meta property=\"og:site_name\" content=\"Horizons28\" \/>\n<meta property=\"article:modified_time\" content=\"2025-04-15T07:22:40+00:00\" \/>\n<meta property=\"og:image\" content=\"http:\/\/horizons28.com\/wp-content\/uploads\/2025\/04\/contact-us.png\" \/>\n<meta name=\"twitter:card\" content=\"summary_large_image\" \/>\n<script type=\"application\/ld+json\" class=\"yoast-schema-graph\">{\"@context\":\"https:\\\/\\\/schema.org\",\"@graph\":[{\"@type\":\"WebPage\",\"@id\":\"http:\\\/\\\/horizons28.com\\\/es\\\/contactenos\\\/\",\"url\":\"http:\\\/\\\/horizons28.com\\\/es\\\/contactenos\\\/\",\"name\":\"Contacte a Horizons28 | Estamos aqu\u00ed para ayudar\",\"isPartOf\":{\"@id\":\"https:\\\/\\\/horizons28.com\\\/es\\\/#website\"},\"primaryImageOfPage\":{\"@id\":\"http:\\\/\\\/horizons28.com\\\/es\\\/contactenos\\\/#primaryimage\"},\"image\":{\"@id\":\"http:\\\/\\\/horizons28.com\\\/es\\\/contactenos\\\/#primaryimage\"},\"thumbnailUrl\":\"http:\\\/\\\/horizons28.com\\\/wp-content\\\/uploads\\\/2025\\\/04\\\/contact-us.png\",\"datePublished\":\"2025-04-03T14:44:15+00:00\",\"dateModified\":\"2025-04-15T07:22:40+00:00\",\"description\":\"Contacte al soporte de Horizons28 para consultas, ayuda o colaboraciones. Apoyamos su camino comercial.\",\"breadcrumb\":{\"@id\":\"http:\\\/\\\/horizons28.com\\\/es\\\/contactenos\\\/#breadcrumb\"},\"inLanguage\":\"es\",\"potentialAction\":[{\"@type\":\"ReadAction\",\"target\":[\"http:\\\/\\\/horizons28.com\\\/es\\\/contactenos\\\/\"]}]},{\"@type\":\"ImageObject\",\"inLanguage\":\"es\",\"@id\":\"http:\\\/\\\/horizons28.com\\\/es\\\/contactenos\\\/#primaryimage\",\"url\":\"http:\\\/\\\/horizons28.com\\\/wp-content\\\/uploads\\\/2025\\\/04\\\/contact-us.png\",\"contentUrl\":\"http:\\\/\\\/horizons28.com\\\/wp-content\\\/uploads\\\/2025\\\/04\\\/contact-us.png\"},{\"@type\":\"BreadcrumbList\",\"@id\":\"http:\\\/\\\/horizons28.com\\\/es\\\/contactenos\\\/#breadcrumb\",\"itemListElement\":[{\"@type\":\"ListItem\",\"position\":1,\"name\":\"Home\",\"item\":\"http:\\\/\\\/horizons28.com\\\/es\\\/\"},{\"@type\":\"ListItem\",\"position\":2,\"name\":\"Cont\u00e1ctenos\"}]},{\"@type\":\"WebSite\",\"@id\":\"https:\\\/\\\/horizons28.com\\\/es\\\/#website\",\"url\":\"https:\\\/\\\/horizons28.com\\\/es\\\/\",\"name\":\"Horizons28\",\"description\":\"\",\"potentialAction\":[{\"@type\":\"SearchAction\",\"target\":{\"@type\":\"EntryPoint\",\"urlTemplate\":\"https:\\\/\\\/horizons28.com\\\/es\\\/?s={search_term_string}\"},\"query-input\":{\"@type\":\"PropertyValueSpecification\",\"valueRequired\":true,\"valueName\":\"search_term_string\"}}],\"inLanguage\":\"es\"}]}<\/script>\n<!-- \/ Yoast SEO plugin. -->","yoast_head_json":{"title":"Contacte a Horizons28 | Estamos aqu\u00ed para ayudar","description":"Contacte al soporte de Horizons28 para consultas, ayuda o colaboraciones. Apoyamos su camino comercial.","robots":{"index":"index","follow":"follow","max-snippet":"max-snippet:-1","max-image-preview":"max-image-preview:large","max-video-preview":"max-video-preview:-1"},"canonical":"http:\/\/horizons28.com\/es\/contactenos\/","og_locale":"es_ES","og_type":"article","og_title":"Contacte a Horizons28 | Estamos aqu\u00ed para ayudar","og_description":"Contacte al soporte de Horizons28 para consultas, ayuda o colaboraciones. Apoyamos su camino comercial.","og_url":"http:\/\/horizons28.com\/es\/contactenos\/","og_site_name":"Horizons28","article_modified_time":"2025-04-15T07:22:40+00:00","og_image":[{"url":"http:\/\/horizons28.com\/wp-content\/uploads\/2025\/04\/contact-us.png","type":"","width":"","height":""}],"twitter_card":"summary_large_image","schema":{"@context":"https:\/\/schema.org","@graph":[{"@type":"WebPage","@id":"http:\/\/horizons28.com\/es\/contactenos\/","url":"http:\/\/horizons28.com\/es\/contactenos\/","name":"Contacte a Horizons28 | Estamos aqu\u00ed para ayudar","isPartOf":{"@id":"https:\/\/horizons28.com\/es\/#website"},"primaryImageOfPage":{"@id":"http:\/\/horizons28.com\/es\/contactenos\/#primaryimage"},"image":{"@id":"http:\/\/horizons28.com\/es\/contactenos\/#primaryimage"},"thumbnailUrl":"http:\/\/horizons28.com\/wp-content\/uploads\/2025\/04\/contact-us.png","datePublished":"2025-04-03T14:44:15+00:00","dateModified":"2025-04-15T07:22:40+00:00","description":"Contacte al soporte de Horizons28 para consultas, ayuda o colaboraciones. Apoyamos su camino comercial.","breadcrumb":{"@id":"http:\/\/horizons28.com\/es\/contactenos\/#breadcrumb"},"inLanguage":"es","potentialAction":[{"@type":"ReadAction","target":["http:\/\/horizons28.com\/es\/contactenos\/"]}]},{"@type":"ImageObject","inLanguage":"es","@id":"http:\/\/horizons28.com\/es\/contactenos\/#primaryimage","url":"http:\/\/horizons28.com\/wp-content\/uploads\/2025\/04\/contact-us.png","contentUrl":"http:\/\/horizons28.com\/wp-content\/uploads\/2025\/04\/contact-us.png"},{"@type":"BreadcrumbList","@id":"http:\/\/horizons28.com\/es\/contactenos\/#breadcrumb","itemListElement":[{"@type":"ListItem","position":1,"name":"Home","item":"http:\/\/horizons28.com\/es\/"},{"@type":"ListItem","position":2,"name":"Cont\u00e1ctenos"}]},{"@type":"WebSite","@id":"https:\/\/horizons28.com\/es\/#website","url":"https:\/\/horizons28.com\/es\/","name":"Horizons28","description":"","potentialAction":[{"@type":"SearchAction","target":{"@type":"EntryPoint","urlTemplate":"https:\/\/horizons28.com\/es\/?s={search_term_string}"},"query-input":{"@type":"PropertyValueSpecification","valueRequired":true,"valueName":"search_term_string"}}],"inLanguage":"es"}]}},"_links":{"self":[{"href":"http:\/\/horizons28.com\/es\/wp-json\/wp\/v2\/pages\/777","targetHints":{"allow":["GET"]}}],"collection":[{"href":"http:\/\/horizons28.com\/es\/wp-json\/wp\/v2\/pages"}],"about":[{"href":"http:\/\/horizons28.com\/es\/wp-json\/wp\/v2\/types\/page"}],"author":[{"embeddable":true,"href":"http:\/\/horizons28.com\/es\/wp-json\/wp\/v2\/users\/1"}],"replies":[{"embeddable":true,"href":"http:\/\/horizons28.com\/es\/wp-json\/wp\/v2\/comments?post=777"}],"version-history":[{"count":1,"href":"http:\/\/horizons28.com\/es\/wp-json\/wp\/v2\/pages\/777\/revisions"}],"predecessor-version":[{"id":1168,"href":"http:\/\/horizons28.com\/es\/wp-json\/wp\/v2\/pages\/777\/revisions\/1168"}],"wp:attachment":[{"href":"http:\/\/horizons28.com\/es\/wp-json\/wp\/v2\/media?parent=777"}],"curies":[{"name":"wp","href":"https:\/\/api.w.org\/{rel}","templated":true}]}}