{"id":793,"date":"2025-04-03T07:00:44","date_gmt":"2025-04-03T07:00:44","guid":{"rendered":"http:\/\/horizons28.com\/operador-automatizado-de-ia\/"},"modified":"2025-04-15T07:11:47","modified_gmt":"2025-04-15T07:11:47","slug":"operador-automatizado-de-ia","status":"publish","type":"page","link":"http:\/\/horizons28.com\/es\/operador-automatizado-de-ia\/","title":{"rendered":"Operador Automatizado de IA"},"content":{"rendered":"\n<h1>\n\t\tNegociaci\u00f3n m\u00e1s Inteligente. Completamente Automatizada. \n\t<\/h1>\n\t<p>Automatice su estrategia con negociaci\u00f3n impulsada por IA en divisas, \u00edndices, materias primas, criptomonedas y acciones.<\/p>\n\t\t\t<a href=\"https:\/\/area.horizons28.net\/auth\/registration\" target=\"_blank\" rel=\"noopener\">\n\t\t\t\t\t\t\t\u00danete a Horizons28\n\t\t\t<\/a>\n\t\t\t\t<img loading=\"lazy\" decoding=\"async\" src=\"http:\/\/horizons28.com\/wp-content\/uploads\/2025\/04\/ai-autotrader.png\" alt=\"AI Autotrader\" itemprop=\"image\" height=\"500\" width=\"600\" title=\"ai-autotrader\" onerror=\"this.style.display='none'\"  \/>\n<h2>\n\t\tNegociaci\u00f3n m\u00e1s Inteligente con el Operador Automatizado de IA\n\t<\/h2>\n\t<p>Bienvenido a la pr\u00f3xima generaci\u00f3n de negociaci\u00f3n. <strong>El Operador Automatizado de IA de Horizons28 combina la automatizaci\u00f3n inteligente<\/strong> con la conciencia del mercado en tiempo real para ayudarle a operar de manera m\u00e1s eficaz, con menos esfuerzo. <strong>Es r\u00e1pido, flexible y siempre trabaja para usted.<\/strong><\/p>\n<h2>\n\t\tPerspectivas Impulsadas por IA\n\t<\/h2>\n\t<p>Los algoritmos avanzados escanean los mercados las 24 horas del d\u00eda, los 7 d\u00edas de la semana para detectar tendencias, cambios de precios y puntos de entrada, para que usted no tenga que hacerlo.<\/p>\n<h2>\n\t\tOperaci\u00f3n 24\/7\n\t<\/h2>\n\t<p>La IA trabaja sin descanso, monitoreando operaciones y reaccionando instant\u00e1neamente a las condiciones cambiantes del mercado.<\/p>\n<h2>\n\t\tControl Autom\u00e1tico de Riesgos\n\t<\/h2>\n\t<p>Establezca sus l\u00edmites y deje que el sistema gestione su exposici\u00f3n. Se ajustar\u00e1 en tiempo real para proteger su capital. <\/p>\n<h2>\n\t\tOperaci\u00f3n Intuitiva\n\t<\/h2>\n\t<p>Ya sea que est\u00e9 comenzando o tenga experiencia, la plataforma est\u00e1 dise\u00f1ada para facilidad de uso y claridad.<\/p>\n<h2>\n\t\tSeguimiento del Rendimiento\n\t<\/h2>\n\t<p>Mantenga el control con un panel en vivo. Monitoree operaciones, ganancias y ajustes en una vista f\u00e1cil de leer. <\/p>\n<h2>\n\t\tGestores de \u00c9xito\n\t<\/h2>\n\t<p>\u00bfNecesita ayuda para comenzar? Un gestor de \u00e9xito dedicado puede guiarle a trav\u00e9s de estrategias y configuraciones. <\/p>\n<h3>\n\t\tCaracter\u00edsticas Clave del Operador Automatizado de IA\n\t<\/h3>\n<h3>\n\t\tTecnolog\u00eda de negociaci\u00f3n automatizada que mejora la velocidad, precisi\u00f3n y consistencia en todas las condiciones del mercado.\n\t<\/h3>\n\t\t<h4>An\u00e1lisis Instant\u00e1neo del Mercado<\/h4>\t\t\t\n\t\t\t\t<p>Obtenga datos en tiempo real procesados por IA para decisiones de negociaci\u00f3n m\u00e1s r\u00e1pidas e inteligentes.<\/p>\n\t\t<h4>Constructor de Estrategias Personalizadas<\/h4>\t\t\t\n\t\t\t\t<p>Cree o ajuste estrategias basadas en su estilo de negociaci\u00f3n y comodidad con el riesgo.<\/p>\n\t\t<h4>Ejecuci\u00f3n Automatizada<\/h4>\t\t\t\n\t\t\t\t<p>No m\u00e1s operaciones perdidas: su estrategia se ejecuta continuamente sin interferencia emocional.<\/p>\n\t\t<h4>Pruebas Retrospectivas de Estrategias<\/h4>\t\t\t\n\t\t\t\t<p>Pruebe sus ideas contra datos hist\u00f3ricos para optimizar el rendimiento antes de operar en vivo.<\/p>\n<h5>\n\t\tComience en 4 Sencillos Pasos\n\t<\/h5>\n\t\t\t\t\t\t\t\t\t\t\t\t\t\t\t<h5>1<\/h5>\n\t\t\t\t\t\t<p>Cree su perfil<\/p>\t\t\t\t\t\n\t\t\t<!-- END .front -->\n\t\t\t\t\t\t<p>Reg\u00edstrese e introduzca sus preferencias de negociaci\u00f3n.<\/p>\t\t\t\t\t\n\t\t\t<!-- END .back -->\n\t\t <!-- ifb-flip-box -->\n\t <!-- flip-box -->\n\t\t\t\t\t\t\t\t\t\t\t\t\t\t\t<h5>2<\/h5>\n\t\t\t\t\t\t<p>Elija una estrategia<\/p>\t\t\t\t\t\n\t\t\t<!-- END .front -->\n\t\t\t\t\t\t<p>Utilice un plan predise\u00f1ado o construya el suyo desde cero.<\/p>\t\t\t\t\t\n\t\t\t<!-- END .back -->\n\t\t <!-- ifb-flip-box -->\n\t <!-- flip-box -->\n\t\t\t\t\t\t\t\t\t\t\t\t\t\t\t<h5>3<\/h5>\n\t\t\t\t\t\t<p>Habilite la Negociaci\u00f3n con IA<\/p>\t\t\t\t\t\n\t\t\t<!-- END .front -->\n\t\t\t\t\t\t<p>Active el sistema de IA: comienza a escanear y operar instant\u00e1neamente.<\/p>\t\t\t\t\t\n\t\t\t<!-- END .back -->\n\t\t <!-- ifb-flip-box -->\n\t <!-- flip-box -->\n\t\t\t\t\t\t\t\t\t\t\t\t\t\t\t<h5>4<\/h5>\n\t\t\t\t\t\t<p>Seguimiento y Ajuste<\/p>\t\t\t\t\t\n\t\t\t<!-- END .front -->\n\t\t\t\t\t\t<p>Monitoree sus operaciones en tiempo real y realice actualizaciones en cualquier momento.<\/p>\t\t\t\t\t\n\t\t\t<!-- END .back -->\n\t\t <!-- ifb-flip-box -->\n\t <!-- flip-box -->\n<h3>\n\t\t\u00bfListo para operar de forma m\u00e1s inteligente? Experimenta verdadera velocidad, mercados reales y resultados aut\u00e9nticos.\n\t<\/h3>\n\t\t\t<a href=\"https:\/\/area.horizons28.net\/auth\/registration\" target=\"_blank\" rel=\"noopener\">\n\t\t\t\t\t\t\t\u00danete a Horizons28\n\t\t\t<\/a>\n\n","protected":false},"excerpt":{"rendered":"<p>Negociaci\u00f3n m\u00e1s Inteligente. Completamente Automatizada. Automatice su estrategia con negociaci\u00f3n impulsada por IA en divisas, \u00edndices, materias primas, criptomonedas y acciones. \u00danete a Horizons28 Negociaci\u00f3n m\u00e1s Inteligente con el Operador Automatizado de IA Bienvenido a la pr\u00f3xima generaci\u00f3n de negociaci\u00f3n. El Operador Automatizado de IA de Horizons28 combina la automatizaci\u00f3n inteligente con la conciencia del&hellip;<\/p>\n","protected":false},"author":1,"featured_media":0,"parent":0,"menu_order":0,"comment_status":"closed","ping_status":"closed","template":"","meta":{"footnotes":""},"class_list":["post-793","page","type-page","status-publish","hentry"],"yoast_head":"<!-- This site is optimized with the Yoast SEO plugin v27.4 - https:\/\/yoast.com\/product\/yoast-seo-wordpress\/ -->\n<title>IA Autotrader | Comercio Inteligente con Horizons28<\/title>\n<meta name=\"description\" content=\"Comercio automatizado por IA. Horizons28 optimiza estrategias y ejecuta operaciones con precisi\u00f3n.\" \/>\n<meta name=\"robots\" content=\"index, follow, max-snippet:-1, max-image-preview:large, max-video-preview:-1\" \/>\n<link rel=\"canonical\" href=\"http:\/\/horizons28.com\/es\/operador-automatizado-de-ia\/\" \/>\n<meta property=\"og:locale\" content=\"es_ES\" \/>\n<meta property=\"og:type\" content=\"article\" \/>\n<meta property=\"og:title\" content=\"IA Autotrader | Comercio Inteligente con Horizons28\" \/>\n<meta property=\"og:description\" content=\"Comercio automatizado por IA. Horizons28 optimiza estrategias y ejecuta operaciones con precisi\u00f3n.\" \/>\n<meta property=\"og:url\" content=\"http:\/\/horizons28.com\/es\/operador-automatizado-de-ia\/\" \/>\n<meta property=\"og:site_name\" content=\"Horizons28\" \/>\n<meta property=\"article:modified_time\" content=\"2025-04-15T07:11:47+00:00\" \/>\n<meta property=\"og:image\" content=\"http:\/\/horizons28.com\/wp-content\/uploads\/2025\/04\/ai-autotrader.png\" \/>\n<meta name=\"twitter:card\" content=\"summary_large_image\" \/>\n<meta name=\"twitter:label1\" content=\"Tiempo de lectura\" \/>\n\t<meta name=\"twitter:data1\" content=\"2 minutos\" \/>\n<script type=\"application\/ld+json\" class=\"yoast-schema-graph\">{\"@context\":\"https:\\\/\\\/schema.org\",\"@graph\":[{\"@type\":\"WebPage\",\"@id\":\"http:\\\/\\\/horizons28.com\\\/es\\\/operador-automatizado-de-ia\\\/\",\"url\":\"http:\\\/\\\/horizons28.com\\\/es\\\/operador-automatizado-de-ia\\\/\",\"name\":\"IA Autotrader | Comercio Inteligente con Horizons28\",\"isPartOf\":{\"@id\":\"http:\\\/\\\/horizons28.com\\\/es\\\/#website\"},\"primaryImageOfPage\":{\"@id\":\"http:\\\/\\\/horizons28.com\\\/es\\\/operador-automatizado-de-ia\\\/#primaryimage\"},\"image\":{\"@id\":\"http:\\\/\\\/horizons28.com\\\/es\\\/operador-automatizado-de-ia\\\/#primaryimage\"},\"thumbnailUrl\":\"http:\\\/\\\/horizons28.com\\\/wp-content\\\/uploads\\\/2025\\\/04\\\/ai-autotrader.png\",\"datePublished\":\"2025-04-03T07:00:44+00:00\",\"dateModified\":\"2025-04-15T07:11:47+00:00\",\"description\":\"Comercio automatizado por IA. Horizons28 optimiza estrategias y ejecuta operaciones con precisi\u00f3n.\",\"breadcrumb\":{\"@id\":\"http:\\\/\\\/horizons28.com\\\/es\\\/operador-automatizado-de-ia\\\/#breadcrumb\"},\"inLanguage\":\"es\",\"potentialAction\":[{\"@type\":\"ReadAction\",\"target\":[\"http:\\\/\\\/horizons28.com\\\/es\\\/operador-automatizado-de-ia\\\/\"]}]},{\"@type\":\"ImageObject\",\"inLanguage\":\"es\",\"@id\":\"http:\\\/\\\/horizons28.com\\\/es\\\/operador-automatizado-de-ia\\\/#primaryimage\",\"url\":\"http:\\\/\\\/horizons28.com\\\/wp-content\\\/uploads\\\/2025\\\/04\\\/ai-autotrader.png\",\"contentUrl\":\"http:\\\/\\\/horizons28.com\\\/wp-content\\\/uploads\\\/2025\\\/04\\\/ai-autotrader.png\"},{\"@type\":\"BreadcrumbList\",\"@id\":\"http:\\\/\\\/horizons28.com\\\/es\\\/operador-automatizado-de-ia\\\/#breadcrumb\",\"itemListElement\":[{\"@type\":\"ListItem\",\"position\":1,\"name\":\"Home\",\"item\":\"https:\\\/\\\/horizons28.com\\\/es\\\/\"},{\"@type\":\"ListItem\",\"position\":2,\"name\":\"Operador Automatizado de IA\"}]},{\"@type\":\"WebSite\",\"@id\":\"http:\\\/\\\/horizons28.com\\\/es\\\/#website\",\"url\":\"http:\\\/\\\/horizons28.com\\\/es\\\/\",\"name\":\"Horizons28\",\"description\":\"\",\"potentialAction\":[{\"@type\":\"SearchAction\",\"target\":{\"@type\":\"EntryPoint\",\"urlTemplate\":\"http:\\\/\\\/horizons28.com\\\/es\\\/?s={search_term_string}\"},\"query-input\":{\"@type\":\"PropertyValueSpecification\",\"valueRequired\":true,\"valueName\":\"search_term_string\"}}],\"inLanguage\":\"es\"}]}<\/script>\n<!-- \/ Yoast SEO plugin. -->","yoast_head_json":{"title":"IA Autotrader | Comercio Inteligente con Horizons28","description":"Comercio automatizado por IA. Horizons28 optimiza estrategias y ejecuta operaciones con precisi\u00f3n.","robots":{"index":"index","follow":"follow","max-snippet":"max-snippet:-1","max-image-preview":"max-image-preview:large","max-video-preview":"max-video-preview:-1"},"canonical":"http:\/\/horizons28.com\/es\/operador-automatizado-de-ia\/","og_locale":"es_ES","og_type":"article","og_title":"IA Autotrader | Comercio Inteligente con Horizons28","og_description":"Comercio automatizado por IA. Horizons28 optimiza estrategias y ejecuta operaciones con precisi\u00f3n.","og_url":"http:\/\/horizons28.com\/es\/operador-automatizado-de-ia\/","og_site_name":"Horizons28","article_modified_time":"2025-04-15T07:11:47+00:00","og_image":[{"url":"http:\/\/horizons28.com\/wp-content\/uploads\/2025\/04\/ai-autotrader.png","type":"","width":"","height":""}],"twitter_card":"summary_large_image","twitter_misc":{"Tiempo de lectura":"2 minutos"},"schema":{"@context":"https:\/\/schema.org","@graph":[{"@type":"WebPage","@id":"http:\/\/horizons28.com\/es\/operador-automatizado-de-ia\/","url":"http:\/\/horizons28.com\/es\/operador-automatizado-de-ia\/","name":"IA Autotrader | Comercio Inteligente con Horizons28","isPartOf":{"@id":"http:\/\/horizons28.com\/es\/#website"},"primaryImageOfPage":{"@id":"http:\/\/horizons28.com\/es\/operador-automatizado-de-ia\/#primaryimage"},"image":{"@id":"http:\/\/horizons28.com\/es\/operador-automatizado-de-ia\/#primaryimage"},"thumbnailUrl":"http:\/\/horizons28.com\/wp-content\/uploads\/2025\/04\/ai-autotrader.png","datePublished":"2025-04-03T07:00:44+00:00","dateModified":"2025-04-15T07:11:47+00:00","description":"Comercio automatizado por IA. Horizons28 optimiza estrategias y ejecuta operaciones con precisi\u00f3n.","breadcrumb":{"@id":"http:\/\/horizons28.com\/es\/operador-automatizado-de-ia\/#breadcrumb"},"inLanguage":"es","potentialAction":[{"@type":"ReadAction","target":["http:\/\/horizons28.com\/es\/operador-automatizado-de-ia\/"]}]},{"@type":"ImageObject","inLanguage":"es","@id":"http:\/\/horizons28.com\/es\/operador-automatizado-de-ia\/#primaryimage","url":"http:\/\/horizons28.com\/wp-content\/uploads\/2025\/04\/ai-autotrader.png","contentUrl":"http:\/\/horizons28.com\/wp-content\/uploads\/2025\/04\/ai-autotrader.png"},{"@type":"BreadcrumbList","@id":"http:\/\/horizons28.com\/es\/operador-automatizado-de-ia\/#breadcrumb","itemListElement":[{"@type":"ListItem","position":1,"name":"Home","item":"https:\/\/horizons28.com\/es\/"},{"@type":"ListItem","position":2,"name":"Operador Automatizado de IA"}]},{"@type":"WebSite","@id":"http:\/\/horizons28.com\/es\/#website","url":"http:\/\/horizons28.com\/es\/","name":"Horizons28","description":"","potentialAction":[{"@type":"SearchAction","target":{"@type":"EntryPoint","urlTemplate":"http:\/\/horizons28.com\/es\/?s={search_term_string}"},"query-input":{"@type":"PropertyValueSpecification","valueRequired":true,"valueName":"search_term_string"}}],"inLanguage":"es"}]}},"_links":{"self":[{"href":"http:\/\/horizons28.com\/es\/wp-json\/wp\/v2\/pages\/793","targetHints":{"allow":["GET"]}}],"collection":[{"href":"http:\/\/horizons28.com\/es\/wp-json\/wp\/v2\/pages"}],"about":[{"href":"http:\/\/horizons28.com\/es\/wp-json\/wp\/v2\/types\/page"}],"author":[{"embeddable":true,"href":"http:\/\/horizons28.com\/es\/wp-json\/wp\/v2\/users\/1"}],"replies":[{"embeddable":true,"href":"http:\/\/horizons28.com\/es\/wp-json\/wp\/v2\/comments?post=793"}],"version-history":[{"count":1,"href":"http:\/\/horizons28.com\/es\/wp-json\/wp\/v2\/pages\/793\/revisions"}],"predecessor-version":[{"id":1151,"href":"http:\/\/horizons28.com\/es\/wp-json\/wp\/v2\/pages\/793\/revisions\/1151"}],"wp:attachment":[{"href":"http:\/\/horizons28.com\/es\/wp-json\/wp\/v2\/media?parent=793"}],"curies":[{"name":"wp","href":"https:\/\/api.w.org\/{rel}","templated":true}]}}