{"id":822,"date":"2025-04-04T07:21:43","date_gmt":"2025-04-04T07:21:43","guid":{"rendered":"http:\/\/horizons28.com\/conozcanos\/"},"modified":"2025-04-15T07:24:26","modified_gmt":"2025-04-15T07:24:26","slug":"conozcanos","status":"publish","type":"page","link":"http:\/\/horizons28.com\/es\/conozcanos\/","title":{"rendered":"Con\u00f3zcanos"},"content":{"rendered":"\n<h1>\n\t\tHorizons28. Construido sobre la Confianza. \n\t<\/h1>\n\t<p>Descubra el equipo y la visi\u00f3n detr\u00e1s de Horizons28, dedicados a un trading m\u00e1s inteligente, herramientas innovadoras y el \u00e9xito financiero a largo plazo.<\/p>\n\t\t\t<a href=\"https:\/\/area.horizons28.net\/auth\/registration\" target=\"_blank\" rel=\"noopener\">\n\t\t\t\t\t\t\t\u00danete a Horizons28\n\t\t\t<\/a>\n\t\t\t\t<img loading=\"lazy\" decoding=\"async\" src=\"http:\/\/horizons28.com\/wp-content\/uploads\/2025\/04\/about-us.png\" alt=\"About Us\" itemprop=\"image\" height=\"500\" width=\"600\" title=\"about-us\" onerror=\"this.style.display='none'\"  \/>\n<h1>\n\t\tHorizons28 empodera a los traders para que tengan \u00e9xito.\n\t<\/h1>\n\t<p><strong>Horizons28 es una plataforma de trading e inversi\u00f3n de pr\u00f3xima generaci\u00f3n<\/strong> dise\u00f1ada para empoderar a los individuos en cada etapa de su trayectoria financiera.<\/p>\n<p>Ofrecemos una suite integral de herramientas y funciones que hacen que el trading sea m\u00e1s inteligente, r\u00e1pido y accesible.<\/p>\n<p><strong>Desde el autotrading impulsado por IA y cuentas de ahorro de alto inter\u00e9s hasta fondos de inversi\u00f3n colaborativos y oportunidades avanzadas de arbitraje,<\/strong> Horizons28 est\u00e1 construido para ayudarle a hacer crecer su capital con confianza<\/p>\n\t<p>Nuestra plataforma proporciona acceso a una amplia gama de instrumentos en los mercados globales, <strong>incluyendo forex, acciones, \u00edndices, criptomonedas y materias primas<\/strong>, todo a trav\u00e9s de una interfaz segura y f\u00e1cil de usar. Con condiciones competitivas, opciones de cuenta flexibles y soporte dedicado, Horizons28 est\u00e1 comprometido a ofrecer una experiencia sin interrupciones para traders, inversores y cualquier persona lista para tomar el control de su futuro financiero. <\/p>\n<p><strong>En Horizons28, entendemos que el \u00e9xito financiero comienza con el apoyo y la tecnolog\u00eda adecuados.<\/strong> Es por eso que nuestra plataforma est\u00e1 dise\u00f1ada para ofrecer ejecuci\u00f3n en tiempo real, an\u00e1lisis avanzados y operaciones transparentes, brind\u00e1ndole control total sobre sus estrategias. Ya sea que est\u00e9 aprovechando nuestras soluciones de Liquidez de Trading para mantener su corredur\u00eda funcionando sin problemas, obteniendo rendimientos mensuales a trav\u00e9s de nuestra Cuenta de Ahorros de alto rendimiento, o uniendo fuerzas con otros en nuestro Fondo de Inversi\u00f3n, cada caracter\u00edstica est\u00e1 dise\u00f1ada pensando en su crecimiento. <\/p>\n<p>Sin comisiones ocultas, con interfaces intuitivas y un enfoque tanto para principiantes como para profesionales, <strong>Horizons28 es m\u00e1s que una plataforma: es su socio en la creaci\u00f3n de riqueza a largo plazo.<\/strong><\/p>\n\t\t\t\t<img loading=\"lazy\" decoding=\"async\" src=\"http:\/\/horizons28.com\/wp-content\/uploads\/2025\/04\/empowering-success.png\" alt=\"Empowering Success\" itemprop=\"image\" height=\"580\" width=\"813\" title=\"empowering-success\" onerror=\"this.style.display='none'\"  \/>\n<h3>\n\t\t\u00bfListo para operar de forma m\u00e1s inteligente? Experimenta verdadera velocidad, mercados reales y resultados aut\u00e9nticos.\n\t<\/h3>\n\t\t\t<a href=\"https:\/\/area.horizons28.net\/auth\/registration\" target=\"_blank\" rel=\"noopener\">\n\t\t\t\t\t\t\t\u00danete a Horizons28\n\t\t\t<\/a>\n\n","protected":false},"excerpt":{"rendered":"<p>Horizons28. Construido sobre la Confianza. Descubra el equipo y la visi\u00f3n detr\u00e1s de Horizons28, dedicados a un trading m\u00e1s inteligente, herramientas innovadoras y el \u00e9xito financiero a largo plazo. \u00danete a Horizons28 Horizons28 empodera a los traders para que tengan \u00e9xito. Horizons28 es una plataforma de trading e inversi\u00f3n de pr\u00f3xima generaci\u00f3n dise\u00f1ada para empoderar&hellip;<\/p>\n","protected":false},"author":1,"featured_media":0,"parent":0,"menu_order":0,"comment_status":"closed","ping_status":"closed","template":"","meta":{"footnotes":""},"class_list":["post-822","page","type-page","status-publish","hentry"],"yoast_head":"<!-- This site is optimized with the Yoast SEO plugin v27.4 - https:\/\/yoast.com\/product\/yoast-seo-wordpress\/ -->\n<title>Equipo Horizons28: Innovadores<\/title>\n<meta name=\"description\" content=\"Conozca a los expertos detr\u00e1s de Horizons28. Conozca al equipo que lidera la innovaci\u00f3n en soluciones de trading, automatizaci\u00f3n y generaci\u00f3n de riqueza.\" \/>\n<meta name=\"robots\" content=\"index, follow, max-snippet:-1, max-image-preview:large, max-video-preview:-1\" \/>\n<link rel=\"canonical\" href=\"http:\/\/horizons28.com\/es\/conozcanos\/\" \/>\n<meta property=\"og:locale\" content=\"es_ES\" \/>\n<meta property=\"og:type\" content=\"article\" \/>\n<meta property=\"og:title\" content=\"Equipo Horizons28: Innovadores\" \/>\n<meta property=\"og:description\" content=\"Conozca a los expertos detr\u00e1s de Horizons28. Conozca al equipo que lidera la innovaci\u00f3n en soluciones de trading, automatizaci\u00f3n y generaci\u00f3n de riqueza.\" \/>\n<meta property=\"og:url\" content=\"http:\/\/horizons28.com\/es\/conozcanos\/\" \/>\n<meta property=\"og:site_name\" content=\"Horizons28\" \/>\n<meta property=\"article:modified_time\" content=\"2025-04-15T07:24:26+00:00\" \/>\n<meta property=\"og:image\" content=\"http:\/\/horizons28.com\/wp-content\/uploads\/2025\/04\/about-us.png\" \/>\n<meta name=\"twitter:card\" content=\"summary_large_image\" \/>\n<meta name=\"twitter:label1\" content=\"Tiempo de lectura\" \/>\n\t<meta name=\"twitter:data1\" content=\"2 minutos\" \/>\n<script type=\"application\/ld+json\" class=\"yoast-schema-graph\">{\"@context\":\"https:\\\/\\\/schema.org\",\"@graph\":[{\"@type\":\"WebPage\",\"@id\":\"http:\\\/\\\/horizons28.com\\\/es\\\/conozcanos\\\/\",\"url\":\"http:\\\/\\\/horizons28.com\\\/es\\\/conozcanos\\\/\",\"name\":\"Equipo Horizons28: Innovadores\",\"isPartOf\":{\"@id\":\"http:\\\/\\\/horizons28.com\\\/es\\\/#website\"},\"primaryImageOfPage\":{\"@id\":\"http:\\\/\\\/horizons28.com\\\/es\\\/conozcanos\\\/#primaryimage\"},\"image\":{\"@id\":\"http:\\\/\\\/horizons28.com\\\/es\\\/conozcanos\\\/#primaryimage\"},\"thumbnailUrl\":\"http:\\\/\\\/horizons28.com\\\/wp-content\\\/uploads\\\/2025\\\/04\\\/about-us.png\",\"datePublished\":\"2025-04-04T07:21:43+00:00\",\"dateModified\":\"2025-04-15T07:24:26+00:00\",\"description\":\"Conozca a los expertos detr\u00e1s de Horizons28. Conozca al equipo que lidera la innovaci\u00f3n en soluciones de trading, automatizaci\u00f3n y generaci\u00f3n de riqueza.\",\"breadcrumb\":{\"@id\":\"http:\\\/\\\/horizons28.com\\\/es\\\/conozcanos\\\/#breadcrumb\"},\"inLanguage\":\"es\",\"potentialAction\":[{\"@type\":\"ReadAction\",\"target\":[\"http:\\\/\\\/horizons28.com\\\/es\\\/conozcanos\\\/\"]}]},{\"@type\":\"ImageObject\",\"inLanguage\":\"es\",\"@id\":\"http:\\\/\\\/horizons28.com\\\/es\\\/conozcanos\\\/#primaryimage\",\"url\":\"http:\\\/\\\/horizons28.com\\\/wp-content\\\/uploads\\\/2025\\\/04\\\/about-us.png\",\"contentUrl\":\"http:\\\/\\\/horizons28.com\\\/wp-content\\\/uploads\\\/2025\\\/04\\\/about-us.png\"},{\"@type\":\"BreadcrumbList\",\"@id\":\"http:\\\/\\\/horizons28.com\\\/es\\\/conozcanos\\\/#breadcrumb\",\"itemListElement\":[{\"@type\":\"ListItem\",\"position\":1,\"name\":\"Home\",\"item\":\"https:\\\/\\\/horizons28.com\\\/es\\\/\"},{\"@type\":\"ListItem\",\"position\":2,\"name\":\"Con\u00f3zcanos\"}]},{\"@type\":\"WebSite\",\"@id\":\"http:\\\/\\\/horizons28.com\\\/es\\\/#website\",\"url\":\"http:\\\/\\\/horizons28.com\\\/es\\\/\",\"name\":\"Horizons28\",\"description\":\"\",\"potentialAction\":[{\"@type\":\"SearchAction\",\"target\":{\"@type\":\"EntryPoint\",\"urlTemplate\":\"http:\\\/\\\/horizons28.com\\\/es\\\/?s={search_term_string}\"},\"query-input\":{\"@type\":\"PropertyValueSpecification\",\"valueRequired\":true,\"valueName\":\"search_term_string\"}}],\"inLanguage\":\"es\"}]}<\/script>\n<!-- \/ Yoast SEO plugin. -->","yoast_head_json":{"title":"Equipo Horizons28: Innovadores","description":"Conozca a los expertos detr\u00e1s de Horizons28. Conozca al equipo que lidera la innovaci\u00f3n en soluciones de trading, automatizaci\u00f3n y generaci\u00f3n de riqueza.","robots":{"index":"index","follow":"follow","max-snippet":"max-snippet:-1","max-image-preview":"max-image-preview:large","max-video-preview":"max-video-preview:-1"},"canonical":"http:\/\/horizons28.com\/es\/conozcanos\/","og_locale":"es_ES","og_type":"article","og_title":"Equipo Horizons28: Innovadores","og_description":"Conozca a los expertos detr\u00e1s de Horizons28. Conozca al equipo que lidera la innovaci\u00f3n en soluciones de trading, automatizaci\u00f3n y generaci\u00f3n de riqueza.","og_url":"http:\/\/horizons28.com\/es\/conozcanos\/","og_site_name":"Horizons28","article_modified_time":"2025-04-15T07:24:26+00:00","og_image":[{"url":"http:\/\/horizons28.com\/wp-content\/uploads\/2025\/04\/about-us.png","type":"","width":"","height":""}],"twitter_card":"summary_large_image","twitter_misc":{"Tiempo de lectura":"2 minutos"},"schema":{"@context":"https:\/\/schema.org","@graph":[{"@type":"WebPage","@id":"http:\/\/horizons28.com\/es\/conozcanos\/","url":"http:\/\/horizons28.com\/es\/conozcanos\/","name":"Equipo Horizons28: Innovadores","isPartOf":{"@id":"http:\/\/horizons28.com\/es\/#website"},"primaryImageOfPage":{"@id":"http:\/\/horizons28.com\/es\/conozcanos\/#primaryimage"},"image":{"@id":"http:\/\/horizons28.com\/es\/conozcanos\/#primaryimage"},"thumbnailUrl":"http:\/\/horizons28.com\/wp-content\/uploads\/2025\/04\/about-us.png","datePublished":"2025-04-04T07:21:43+00:00","dateModified":"2025-04-15T07:24:26+00:00","description":"Conozca a los expertos detr\u00e1s de Horizons28. Conozca al equipo que lidera la innovaci\u00f3n en soluciones de trading, automatizaci\u00f3n y generaci\u00f3n de riqueza.","breadcrumb":{"@id":"http:\/\/horizons28.com\/es\/conozcanos\/#breadcrumb"},"inLanguage":"es","potentialAction":[{"@type":"ReadAction","target":["http:\/\/horizons28.com\/es\/conozcanos\/"]}]},{"@type":"ImageObject","inLanguage":"es","@id":"http:\/\/horizons28.com\/es\/conozcanos\/#primaryimage","url":"http:\/\/horizons28.com\/wp-content\/uploads\/2025\/04\/about-us.png","contentUrl":"http:\/\/horizons28.com\/wp-content\/uploads\/2025\/04\/about-us.png"},{"@type":"BreadcrumbList","@id":"http:\/\/horizons28.com\/es\/conozcanos\/#breadcrumb","itemListElement":[{"@type":"ListItem","position":1,"name":"Home","item":"https:\/\/horizons28.com\/es\/"},{"@type":"ListItem","position":2,"name":"Con\u00f3zcanos"}]},{"@type":"WebSite","@id":"http:\/\/horizons28.com\/es\/#website","url":"http:\/\/horizons28.com\/es\/","name":"Horizons28","description":"","potentialAction":[{"@type":"SearchAction","target":{"@type":"EntryPoint","urlTemplate":"http:\/\/horizons28.com\/es\/?s={search_term_string}"},"query-input":{"@type":"PropertyValueSpecification","valueRequired":true,"valueName":"search_term_string"}}],"inLanguage":"es"}]}},"_links":{"self":[{"href":"http:\/\/horizons28.com\/es\/wp-json\/wp\/v2\/pages\/822","targetHints":{"allow":["GET"]}}],"collection":[{"href":"http:\/\/horizons28.com\/es\/wp-json\/wp\/v2\/pages"}],"about":[{"href":"http:\/\/horizons28.com\/es\/wp-json\/wp\/v2\/types\/page"}],"author":[{"embeddable":true,"href":"http:\/\/horizons28.com\/es\/wp-json\/wp\/v2\/users\/1"}],"replies":[{"embeddable":true,"href":"http:\/\/horizons28.com\/es\/wp-json\/wp\/v2\/comments?post=822"}],"version-history":[{"count":1,"href":"http:\/\/horizons28.com\/es\/wp-json\/wp\/v2\/pages\/822\/revisions"}],"predecessor-version":[{"id":1171,"href":"http:\/\/horizons28.com\/es\/wp-json\/wp\/v2\/pages\/822\/revisions\/1171"}],"wp:attachment":[{"href":"http:\/\/horizons28.com\/es\/wp-json\/wp\/v2\/media?parent=822"}],"curies":[{"name":"wp","href":"https:\/\/api.w.org\/{rel}","templated":true}]}}