{"id":826,"date":"2025-04-04T07:22:58","date_gmt":"2025-04-04T07:22:58","guid":{"rendered":"http:\/\/horizons28.com\/cuentas-de-operaciones\/"},"modified":"2025-04-15T07:15:21","modified_gmt":"2025-04-15T07:15:21","slug":"cuentas-de-operaciones","status":"publish","type":"page","link":"http:\/\/horizons28.com\/es\/cuentas-de-operaciones\/","title":{"rendered":"Cuentas de Operaciones"},"content":{"rendered":"\n<h1>\n\t\tCuentas Personalizadas. Dise\u00f1adas para Operadores. \n\t<\/h1>\n\t<p>Opere divisas, \u00edndices, criptomonedas, acciones y m\u00e1s con tipos de cuentas construidas para su estrategia personal de operaciones.<\/p>\n\t\t\t\t<img loading=\"lazy\" decoding=\"async\" src=\"http:\/\/horizons28.com\/wp-content\/uploads\/2025\/04\/account-types.png\" alt=\"Account Types\" itemprop=\"image\" height=\"500\" width=\"600\" title=\"account-types\" onerror=\"this.style.display='none'\"  \/>\n\t<p><strong>BRONCE<\/strong><\/p>\n<strong>$10.000<\/strong><br \/>\n<strong>Dep\u00f3sito M\u00ednimo<\/strong>\n\t<strong>Apalancamiento:<\/strong><br \/>\nHasta 1:10\n<p><strong>Academia de Operaciones<\/strong><\/p>\n<strong>Revisi\u00f3n de Mercado:<\/strong><br \/>\nSemanal\n<p><strong>Gestor de Cuenta<\/strong><\/p>\n<strong>Informe de Cartera:<\/strong><br \/>\nSemanal\n\t\t\t<a href=\"https:\/\/area.horizons28.net\/auth\/registration\" target=\"_blank\" rel=\"noopener\">\n\t\t\t\t\t\t\tABRIR CUENTA\n\t\t\t\t\t<\/a>\n\t<p><strong>PLATEADO<\/strong><\/p>\n<strong>$25.000<\/strong><br \/>\n<strong>Dep\u00f3sito M\u00ednimo<\/strong>\n\t<strong>Apalancamiento:<\/strong><br \/>\nHasta 1:10\n<p><strong>Academia de Operaciones<\/strong><\/p>\n<strong>Revisi\u00f3n de Mercado:<\/strong><br \/>\nSemanal\n<p><strong>Gestor de Cuenta<\/strong><\/p>\n<strong>Informe de Cartera:<\/strong><br \/>\nSemanal\n<strong>Gestor de Cartera:<\/strong><br \/>\nPersonal\n<strong>Sesi\u00f3n con Analista:<\/strong><br \/>\nSemanal\n\t\t\t<a href=\"https:\/\/area.horizons28.net\/auth\/registration\" target=\"_blank\" rel=\"noopener\">\n\t\t\t\t\t\t\tABRIR CUENTA\n\t\t\t\t\t<\/a>\n\t<p><strong>ORO<\/strong><\/p>\n<strong>$50.000<\/strong><br \/>\n<strong>Dep\u00f3sito M\u00ednimo<\/strong>\n\t<strong>Apalancamiento:<\/strong><br \/>\nHasta 1:50\n<p><strong>Academia de Operaciones<\/strong><\/p>\n<strong>Revisi\u00f3n de Mercado:<\/strong><br \/>\nSemanal\n<p><strong>Gestor de Cuenta<\/strong><\/p>\n<strong>Informe de Cartera:<\/strong><br \/>\nSemanal\n<strong>Sesi\u00f3n con Analista:<\/strong><br \/>\nDiaria\n<strong>Seminario Web en Vivo:<\/strong><br \/>\nSemanal\n<strong>Educaci\u00f3n para Operadores:<\/strong><br \/>\nPersonalizada\n<strong>Se\u00f1ales de Mercado:<\/strong><br \/>\nDiarias\n<p><strong>Eventos VIP<\/strong><\/p>\n<strong>Descuento en Swap:<\/strong><br \/>\n25%\n\t\t\t<a href=\"https:\/\/area.horizons28.net\/auth\/registration\" target=\"_blank\" rel=\"noopener\">\n\t\t\t\t\t\t\tABRIR CUENTA\n\t\t\t\t\t<\/a>\n\t<p><strong>PLATINO<\/strong><\/p>\n<strong>$100.000<\/strong><br \/>\n<strong>Dep\u00f3sito M\u00ednimo<\/strong>\n\t<strong>Apalancamiento:<\/strong><br \/>\nHasta 1:50\n<p><strong>Academia de Operaciones<\/strong><\/p>\n<strong>Revisi\u00f3n de Mercado:<\/strong><br \/>\nSemanal\n<p><strong>Gestor de Cuenta<\/strong><\/p>\n<strong>Informe de Cartera:<\/strong><br \/>\nSemanal\n<strong>Sesi\u00f3n con Analista:<\/strong><br \/>\nDiaria\n<strong>Seminario Web en Vivo:<\/strong><br \/>\nSemanal\n<strong>Educaci\u00f3n para Operadores:<\/strong><br \/>\nPersonalizada\n<strong>Se\u00f1ales de Mercado:<\/strong><br \/>\nDiarias\n<p><strong>Eventos VIP<\/strong><\/p>\n<strong>Sesi\u00f3n con Contador:<\/strong><br \/>\nMensual\n<strong>Monitoreo de Cuenta:<br \/>\n<\/strong>24\/7\n<p><strong>Resumen Anual<\/strong><\/p>\n<strong>Descuento en Swap:<\/strong><br \/>\n25%\n\t\t\t<a href=\"https:\/\/area.horizons28.net\/auth\/registration\" target=\"_blank\" rel=\"noopener\">\n\t\t\t\t\t\t\tABRIR CUENTA\n\t\t\t\t\t<\/a>\n\t<p><strong>VIP<\/strong><\/p>\n<strong>$1.000.000<\/strong><br \/>\n<strong>Dep\u00f3sito M\u00ednimo<\/strong>\n\t<strong>Apalancamiento:<\/strong><br \/>\nHasta 1:50\n<p><strong>Academia de Operaciones<\/strong><\/p>\n<strong>Revisi\u00f3n de Mercado:<\/strong><br \/>\nSemanal\n<p><strong>Gestor de Cuenta<\/strong><\/p>\n<strong>Informe de Cartera:<\/strong><br \/>\nSemanal\n<strong>Sesi\u00f3n con Analista:<\/strong><br \/>\nDiaria\n<strong>Seminario Web en Vivo:<\/strong><br \/>\nSemanal\n<strong>Educaci\u00f3n para Operadores:<\/strong><br \/>\nPersonalizada\n<strong>Se\u00f1ales de Mercado:<\/strong><br \/>\nDiarias\n<p><strong>Eventos VIP<\/strong><\/p>\n<strong>Sesi\u00f3n con Contador:<\/strong><br \/>\nMensual\n<strong>Monitoreo de Cuenta:<br \/>\n<\/strong>24\/7\n<p><strong>Resumen Anual<\/strong><\/p>\n<strong>Descuento en Swap:<\/strong><br \/>\n25%\n\t\t\t\t\t<a href=\"#\" id=\"fl-accordion--label-0\" tabindex=\"0\" aria-controls=\"fl-accordion--panel-0\">M\u00e1s Caracter\u00edsticas<\/a>\n\t\t\t\t\t\t\t\t\t\t\t<a href=\"#\" id=\"fl-accordion--icon-0\" tabindex=\"-1\"><i title=\"Expand\">Expand<\/i><\/a>\n\t\t\t\t\t<strong>Sesi\u00f3n con Analista:<\/strong><br \/>\nDiaria\n<strong>Seminario Web en Vivo:<\/strong><br \/>\nSemanal\n<strong>Educaci\u00f3n para Operadores:<\/strong><br \/>\nPersonalizada\n<strong>Se\u00f1ales de Mercado:<\/strong><br \/>\nDiarias\n<strong>Sesi\u00f3n con Contador:<\/strong><br \/>\nMensual\n<strong>Monitoreo de Cuenta:<\/strong><br \/>\n24\/7\n<strong>Arbitraje:<\/strong><br \/>\nNo Permitido\n<p><strong>Eventos VIP<\/strong><\/p>\n<strong>Ejecutor de Operaciones VIP:<\/strong><br \/>\nS\u00ed\n<strong>Retiro:<\/strong><br \/>\nRetiro instant\u00e1neo sin aprobaciones\n<p><strong>Acceso a L\u00ednea de Cr\u00e9dito Instant\u00e1nea<\/strong><\/p>\n<p><strong>Hasta $10.000 de bonificaci\u00f3n por dep\u00f3sito<\/strong><\/p>\n\t\t\t<a href=\"https:\/\/area.horizons28.net\/auth\/registration\" target=\"_blank\" rel=\"noopener\">\n\t\t\t\t\t\t\tABRIR CUENTA\n\t\t\t\t\t<\/a>\n\n","protected":false},"excerpt":{"rendered":"<p>Cuentas Personalizadas. Dise\u00f1adas para Operadores. Opere divisas, \u00edndices, criptomonedas, acciones y m\u00e1s con tipos de cuentas construidas para su estrategia personal de operaciones. BRONCE $10.000 Dep\u00f3sito M\u00ednimo Apalancamiento: Hasta 1:10 Academia de Operaciones Revisi\u00f3n de Mercado: Semanal Gestor de Cuenta Informe de Cartera: Semanal ABRIR CUENTA PLATEADO $25.000 Dep\u00f3sito M\u00ednimo Apalancamiento: Hasta 1:10 Academia de&hellip;<\/p>\n","protected":false},"author":1,"featured_media":0,"parent":0,"menu_order":0,"comment_status":"closed","ping_status":"closed","template":"","meta":{"footnotes":""},"class_list":["post-826","page","type-page","status-publish","hentry"],"yoast_head":"<!-- This site is optimized with the Yoast SEO plugin v27.4 - https:\/\/yoast.com\/product\/yoast-seo-wordpress\/ -->\n<title>Cuentas de Trading | Elija Su Ideal en Horizons28<\/title>\n<meta name=\"description\" content=\"Descubra cuentas de trading para todos los niveles en Horizons28. Encuentre la que se ajuste a sus metas.\" \/>\n<meta name=\"robots\" content=\"index, follow, max-snippet:-1, max-image-preview:large, max-video-preview:-1\" \/>\n<link rel=\"canonical\" href=\"http:\/\/horizons28.com\/es\/cuentas-de-operaciones\/\" \/>\n<meta property=\"og:locale\" content=\"es_ES\" \/>\n<meta property=\"og:type\" content=\"article\" \/>\n<meta property=\"og:title\" content=\"Cuentas de Trading | Elija Su Ideal en Horizons28\" \/>\n<meta property=\"og:description\" content=\"Descubra cuentas de trading para todos los niveles en Horizons28. Encuentre la que se ajuste a sus metas.\" \/>\n<meta property=\"og:url\" content=\"http:\/\/horizons28.com\/es\/cuentas-de-operaciones\/\" \/>\n<meta property=\"og:site_name\" content=\"Horizons28\" \/>\n<meta property=\"article:modified_time\" content=\"2025-04-15T07:15:21+00:00\" \/>\n<meta property=\"og:image\" content=\"http:\/\/horizons28.com\/wp-content\/uploads\/2025\/04\/account-types.png\" \/>\n<meta name=\"twitter:card\" content=\"summary_large_image\" \/>\n<meta name=\"twitter:label1\" content=\"Tiempo de lectura\" \/>\n\t<meta name=\"twitter:data1\" content=\"2 minutos\" \/>\n<script type=\"application\/ld+json\" class=\"yoast-schema-graph\">{\"@context\":\"https:\\\/\\\/schema.org\",\"@graph\":[{\"@type\":\"WebPage\",\"@id\":\"http:\\\/\\\/horizons28.com\\\/es\\\/cuentas-de-operaciones\\\/\",\"url\":\"http:\\\/\\\/horizons28.com\\\/es\\\/cuentas-de-operaciones\\\/\",\"name\":\"Cuentas de Trading | Elija Su Ideal en Horizons28\",\"isPartOf\":{\"@id\":\"http:\\\/\\\/horizons28.com\\\/es\\\/#website\"},\"primaryImageOfPage\":{\"@id\":\"http:\\\/\\\/horizons28.com\\\/es\\\/cuentas-de-operaciones\\\/#primaryimage\"},\"image\":{\"@id\":\"http:\\\/\\\/horizons28.com\\\/es\\\/cuentas-de-operaciones\\\/#primaryimage\"},\"thumbnailUrl\":\"http:\\\/\\\/horizons28.com\\\/wp-content\\\/uploads\\\/2025\\\/04\\\/account-types.png\",\"datePublished\":\"2025-04-04T07:22:58+00:00\",\"dateModified\":\"2025-04-15T07:15:21+00:00\",\"description\":\"Descubra cuentas de trading para todos los niveles en Horizons28. Encuentre la que se ajuste a sus metas.\",\"breadcrumb\":{\"@id\":\"http:\\\/\\\/horizons28.com\\\/es\\\/cuentas-de-operaciones\\\/#breadcrumb\"},\"inLanguage\":\"es\",\"potentialAction\":[{\"@type\":\"ReadAction\",\"target\":[\"http:\\\/\\\/horizons28.com\\\/es\\\/cuentas-de-operaciones\\\/\"]}]},{\"@type\":\"ImageObject\",\"inLanguage\":\"es\",\"@id\":\"http:\\\/\\\/horizons28.com\\\/es\\\/cuentas-de-operaciones\\\/#primaryimage\",\"url\":\"http:\\\/\\\/horizons28.com\\\/wp-content\\\/uploads\\\/2025\\\/04\\\/account-types.png\",\"contentUrl\":\"http:\\\/\\\/horizons28.com\\\/wp-content\\\/uploads\\\/2025\\\/04\\\/account-types.png\"},{\"@type\":\"BreadcrumbList\",\"@id\":\"http:\\\/\\\/horizons28.com\\\/es\\\/cuentas-de-operaciones\\\/#breadcrumb\",\"itemListElement\":[{\"@type\":\"ListItem\",\"position\":1,\"name\":\"Home\",\"item\":\"https:\\\/\\\/horizons28.com\\\/es\\\/\"},{\"@type\":\"ListItem\",\"position\":2,\"name\":\"Cuentas de Operaciones\"}]},{\"@type\":\"WebSite\",\"@id\":\"http:\\\/\\\/horizons28.com\\\/es\\\/#website\",\"url\":\"http:\\\/\\\/horizons28.com\\\/es\\\/\",\"name\":\"Horizons28\",\"description\":\"\",\"potentialAction\":[{\"@type\":\"SearchAction\",\"target\":{\"@type\":\"EntryPoint\",\"urlTemplate\":\"http:\\\/\\\/horizons28.com\\\/es\\\/?s={search_term_string}\"},\"query-input\":{\"@type\":\"PropertyValueSpecification\",\"valueRequired\":true,\"valueName\":\"search_term_string\"}}],\"inLanguage\":\"es\"}]}<\/script>\n<!-- \/ Yoast SEO plugin. -->","yoast_head_json":{"title":"Cuentas de Trading | Elija Su Ideal en Horizons28","description":"Descubra cuentas de trading para todos los niveles en Horizons28. Encuentre la que se ajuste a sus metas.","robots":{"index":"index","follow":"follow","max-snippet":"max-snippet:-1","max-image-preview":"max-image-preview:large","max-video-preview":"max-video-preview:-1"},"canonical":"http:\/\/horizons28.com\/es\/cuentas-de-operaciones\/","og_locale":"es_ES","og_type":"article","og_title":"Cuentas de Trading | Elija Su Ideal en Horizons28","og_description":"Descubra cuentas de trading para todos los niveles en Horizons28. Encuentre la que se ajuste a sus metas.","og_url":"http:\/\/horizons28.com\/es\/cuentas-de-operaciones\/","og_site_name":"Horizons28","article_modified_time":"2025-04-15T07:15:21+00:00","og_image":[{"url":"http:\/\/horizons28.com\/wp-content\/uploads\/2025\/04\/account-types.png","type":"","width":"","height":""}],"twitter_card":"summary_large_image","twitter_misc":{"Tiempo de lectura":"2 minutos"},"schema":{"@context":"https:\/\/schema.org","@graph":[{"@type":"WebPage","@id":"http:\/\/horizons28.com\/es\/cuentas-de-operaciones\/","url":"http:\/\/horizons28.com\/es\/cuentas-de-operaciones\/","name":"Cuentas de Trading | Elija Su Ideal en Horizons28","isPartOf":{"@id":"http:\/\/horizons28.com\/es\/#website"},"primaryImageOfPage":{"@id":"http:\/\/horizons28.com\/es\/cuentas-de-operaciones\/#primaryimage"},"image":{"@id":"http:\/\/horizons28.com\/es\/cuentas-de-operaciones\/#primaryimage"},"thumbnailUrl":"http:\/\/horizons28.com\/wp-content\/uploads\/2025\/04\/account-types.png","datePublished":"2025-04-04T07:22:58+00:00","dateModified":"2025-04-15T07:15:21+00:00","description":"Descubra cuentas de trading para todos los niveles en Horizons28. Encuentre la que se ajuste a sus metas.","breadcrumb":{"@id":"http:\/\/horizons28.com\/es\/cuentas-de-operaciones\/#breadcrumb"},"inLanguage":"es","potentialAction":[{"@type":"ReadAction","target":["http:\/\/horizons28.com\/es\/cuentas-de-operaciones\/"]}]},{"@type":"ImageObject","inLanguage":"es","@id":"http:\/\/horizons28.com\/es\/cuentas-de-operaciones\/#primaryimage","url":"http:\/\/horizons28.com\/wp-content\/uploads\/2025\/04\/account-types.png","contentUrl":"http:\/\/horizons28.com\/wp-content\/uploads\/2025\/04\/account-types.png"},{"@type":"BreadcrumbList","@id":"http:\/\/horizons28.com\/es\/cuentas-de-operaciones\/#breadcrumb","itemListElement":[{"@type":"ListItem","position":1,"name":"Home","item":"https:\/\/horizons28.com\/es\/"},{"@type":"ListItem","position":2,"name":"Cuentas de Operaciones"}]},{"@type":"WebSite","@id":"http:\/\/horizons28.com\/es\/#website","url":"http:\/\/horizons28.com\/es\/","name":"Horizons28","description":"","potentialAction":[{"@type":"SearchAction","target":{"@type":"EntryPoint","urlTemplate":"http:\/\/horizons28.com\/es\/?s={search_term_string}"},"query-input":{"@type":"PropertyValueSpecification","valueRequired":true,"valueName":"search_term_string"}}],"inLanguage":"es"}]}},"_links":{"self":[{"href":"http:\/\/horizons28.com\/es\/wp-json\/wp\/v2\/pages\/826","targetHints":{"allow":["GET"]}}],"collection":[{"href":"http:\/\/horizons28.com\/es\/wp-json\/wp\/v2\/pages"}],"about":[{"href":"http:\/\/horizons28.com\/es\/wp-json\/wp\/v2\/types\/page"}],"author":[{"embeddable":true,"href":"http:\/\/horizons28.com\/es\/wp-json\/wp\/v2\/users\/1"}],"replies":[{"embeddable":true,"href":"http:\/\/horizons28.com\/es\/wp-json\/wp\/v2\/comments?post=826"}],"version-history":[{"count":1,"href":"http:\/\/horizons28.com\/es\/wp-json\/wp\/v2\/pages\/826\/revisions"}],"predecessor-version":[{"id":1156,"href":"http:\/\/horizons28.com\/es\/wp-json\/wp\/v2\/pages\/826\/revisions\/1156"}],"wp:attachment":[{"href":"http:\/\/horizons28.com\/es\/wp-json\/wp\/v2\/media?parent=826"}],"curies":[{"name":"wp","href":"https:\/\/api.w.org\/{rel}","templated":true}]}}