{"id":829,"date":"2025-04-03T14:20:16","date_gmt":"2025-04-03T14:20:16","guid":{"rendered":"http:\/\/horizons28.com\/preguntas-frecuentes\/"},"modified":"2025-04-15T07:25:18","modified_gmt":"2025-04-15T07:25:18","slug":"preguntas-frecuentes","status":"publish","type":"page","link":"http:\/\/horizons28.com\/es\/preguntas-frecuentes\/","title":{"rendered":"Preguntas Frecuentes"},"content":{"rendered":"\n<h1>\n\t\tSus preguntas. Respuestas claras. \n\t<\/h1>\n\t<p>Encuentre respuestas r\u00e1pidas a preguntas comunes sobre operaciones, cuentas, caracter\u00edsticas y herramientas de la plataforma.<\/p>\n\t\t\t<a href=\"https:\/\/area.horizons28.net\/auth\/registration\" target=\"_blank\" rel=\"noopener\">\n\t\t\t\t\t\t\t\u00danete a Horizons28\n\t\t\t<\/a>\n\t\t\t\t<img loading=\"lazy\" decoding=\"async\" src=\"http:\/\/horizons28.com\/wp-content\/uploads\/2025\/04\/faq.png\" alt=\"FAQ\" itemprop=\"image\" height=\"500\" width=\"600\" title=\"faq\" onerror=\"this.style.display='none'\"  \/>\n<h1>\n\t\tPreguntas frecuentes\n\t<\/h1>\n\t<p>Encuentre respuestas a las preguntas m\u00e1s frecuentes sobre el uso de Horizons28, desde la configuraci\u00f3n de la cuenta, dep\u00f3sitos y retiros hasta herramientas de operaci\u00f3n, caracter\u00edsticas de la plataforma e instrumentos admitidos. Ya sea principiante o experimentado, nuestras preguntas frecuentes est\u00e1n dise\u00f1adas para ayudarle a operar con confianza. <\/p>\n\t\t\t\t\t<a href=\"#\" id=\"fl-accordion--label-0\" tabindex=\"0\" aria-controls=\"fl-accordion--panel-0\">\u00bfQu\u00e9 es Horizons28?<\/a>\n\t\t\t\t\t\t\t\t\t\t\t<a href=\"#\" id=\"fl-accordion--icon-0\" tabindex=\"-1\"><i title=\"Expand\">Expand<\/i><\/a>\n\t\t\t\t\t<p>Horizons28 es una plataforma de operaciones en l\u00ednea que proporciona a los usuarios acceso a una amplia gama de mercados financieros, incluyendo divisas, \u00edndices, materias primas, criptomonedas y acciones.<\/p>\n\t\t\t\t\t<a href=\"#\" id=\"fl-accordion--label-1\" tabindex=\"0\" aria-controls=\"fl-accordion--panel-1\">\u00bfQu\u00e9 tipos de cuentas ofrece Horizons28?<\/a>\n\t\t\t\t\t\t\t\t\t\t\t<a href=\"#\" id=\"fl-accordion--icon-1\" tabindex=\"-1\"><i title=\"Expand\">Expand<\/i><\/a>\n\t\t\t\t\t<p>Horizons28 ofrece diversos tipos de cuentas dise\u00f1adas para diferentes niveles de experiencia, desde principiantes hasta operadores avanzados. Cada cuenta viene con caracter\u00edsticas y condiciones de operaci\u00f3n \u00fanicas. <\/p>\n\t\t\t\t\t<a href=\"#\" id=\"fl-accordion--label-2\" tabindex=\"0\" aria-controls=\"fl-accordion--panel-2\">\u00bfC\u00f3mo puedo comenzar a operar con Horizons28?<\/a>\n\t\t\t\t\t\t\t\t\t\t\t<a href=\"#\" id=\"fl-accordion--icon-2\" tabindex=\"-1\"><i title=\"Expand\">Expand<\/i><\/a>\n\t\t\t\t\t<p>Para comenzar a operar, cree una cuenta en el sitio web de Horizons28, complete los pasos de verificaci\u00f3n, deposite fondos y acceda a la plataforma de operaciones.<\/p>\n\t\t\t\t\t<a href=\"#\" id=\"fl-accordion--label-3\" tabindex=\"0\" aria-controls=\"fl-accordion--panel-3\">\u00bfQu\u00e9 instrumentos puedo operar en Horizons28?<\/a>\n\t\t\t\t\t\t\t\t\t\t\t<a href=\"#\" id=\"fl-accordion--icon-3\" tabindex=\"-1\"><i title=\"Expand\">Expand<\/i><\/a>\n\t\t\t\t\t<p>Puede operar diversos instrumentos, incluyendo pares de divisas principales y secundarias, \u00edndices globales, materias primas populares, criptomonedas y acciones seleccionadas.<\/p>\n\t\t\t\t\t<a href=\"#\" id=\"fl-accordion--label-4\" tabindex=\"0\" aria-controls=\"fl-accordion--panel-4\">\u00bfHay una cuenta demo disponible?<\/a>\n\t\t\t\t\t\t\t\t\t\t\t<a href=\"#\" id=\"fl-accordion--icon-4\" tabindex=\"-1\"><i title=\"Expand\">Expand<\/i><\/a>\n\t\t\t\t\t<p>S\u00ed, Horizons28 proporciona una cuenta demo con fondos virtuales para que pueda practicar operaciones y explorar la plataforma sin riesgos.<\/p>\n\t\t\t\t\t<a href=\"#\" id=\"fl-accordion--label-0\" tabindex=\"0\" aria-controls=\"fl-accordion--panel-0\">\u00bfCu\u00e1les son las tarifas y comisiones de operaci\u00f3n?<\/a>\n\t\t\t\t\t\t\t\t\t\t\t<a href=\"#\" id=\"fl-accordion--icon-0\" tabindex=\"-1\"><i title=\"Expand\">Expand<\/i><\/a>\n\t\t\t\t\t<p>Horizons28 ofrece diferenciales competitivos y costos de operaci\u00f3n bajos. La mayor\u00eda de las operaciones est\u00e1n libres de comisiones, aunque las tarifas exactas pueden variar seg\u00fan el instrumento. <\/p>\n\t\t\t\t\t<a href=\"#\" id=\"fl-accordion--label-1\" tabindex=\"0\" aria-controls=\"fl-accordion--panel-1\">\u00bfPuedo utilizar estrategias de operaci\u00f3n automatizadas?<\/a>\n\t\t\t\t\t\t\t\t\t\t\t<a href=\"#\" id=\"fl-accordion--icon-1\" tabindex=\"-1\"><i title=\"Expand\">Expand<\/i><\/a>\n\t\t\t\t\t<p>S\u00ed, Horizons28 admite operaciones automatizadas, permitiendo a los usuarios implementar bots o estrategias algor\u00edtmicas donde sea compatible.<\/p>\n\t\t\t\t\t<a href=\"#\" id=\"fl-accordion--label-2\" tabindex=\"0\" aria-controls=\"fl-accordion--panel-2\">\u00bfC\u00f3mo puedo depositar y retirar fondos?<\/a>\n\t\t\t\t\t\t\t\t\t\t\t<a href=\"#\" id=\"fl-accordion--icon-2\" tabindex=\"-1\"><i title=\"Expand\">Expand<\/i><\/a>\n\t\t\t\t\t<p>Horizons28 admite varios m\u00e9todos de pago, incluyendo transferencias bancarias, tarjetas de cr\u00e9dito\/d\u00e9bito y sistemas de pago en l\u00ednea. Los retiros generalmente se procesan en unos pocos d\u00edas h\u00e1biles. <\/p>\n\t\t\t\t\t<a href=\"#\" id=\"fl-accordion--label-3\" tabindex=\"0\" aria-controls=\"fl-accordion--panel-3\">\u00bfPuedo operar en dispositivos m\u00f3viles?<\/a>\n\t\t\t\t\t\t\t\t\t\t\t<a href=\"#\" id=\"fl-accordion--icon-3\" tabindex=\"-1\"><i title=\"Expand\">Expand<\/i><\/a>\n\t\t\t\t\t<p>La plataforma de Horizons28 es completamente receptiva y funciona sin problemas en todos los dispositivos m\u00f3viles. No necesita descargar una aplicaci\u00f3n, simplemente inicie sesi\u00f3n a trav\u00e9s de su navegador. <\/p>\n\t\t\t\t\t<a href=\"#\" id=\"fl-accordion--label-4\" tabindex=\"0\" aria-controls=\"fl-accordion--panel-4\">\u00bfC\u00f3mo puedo contactar al soporte de Horizons28?<\/a>\n\t\t\t\t\t\t\t\t\t\t\t<a href=\"#\" id=\"fl-accordion--icon-4\" tabindex=\"-1\"><i title=\"Expand\">Expand<\/i><\/a>\n\t\t\t\t\t<p>Puede comunicarse con nuestro equipo de soporte a trav\u00e9s de chat en vivo, correo electr\u00f3nico o el centro de ayuda en la plataforma para obtener asistencia r\u00e1pida.<\/p>\n\t<p>\u00bfNo encuentra lo que busca? <a href=\"http:\/\/horizons28.com\/es\/contactenos\/\"><strong>Cont\u00e1ctenos directamente<\/strong><\/a>, y estaremos encantados de ayudarle.<\/p>\n<h3>\n\t\t\u00bfListo para operar de forma m\u00e1s inteligente? Experimenta verdadera velocidad, mercados reales y resultados aut\u00e9nticos.\n\t<\/h3>\n\t\t\t<a href=\"https:\/\/area.horizons28.net\/auth\/registration\" target=\"_blank\" rel=\"noopener\">\n\t\t\t\t\t\t\t\u00danete a Horizons28\n\t\t\t<\/a>\n\n","protected":false},"excerpt":{"rendered":"<p>Sus preguntas. Respuestas claras. Encuentre respuestas r\u00e1pidas a preguntas comunes sobre operaciones, cuentas, caracter\u00edsticas y herramientas de la plataforma. \u00danete a Horizons28 Preguntas frecuentes Encuentre respuestas a las preguntas m\u00e1s frecuentes sobre el uso de Horizons28, desde la configuraci\u00f3n de la cuenta, dep\u00f3sitos y retiros hasta herramientas de operaci\u00f3n, caracter\u00edsticas de la plataforma e instrumentos&hellip;<\/p>\n","protected":false},"author":1,"featured_media":0,"parent":0,"menu_order":0,"comment_status":"closed","ping_status":"closed","template":"","meta":{"footnotes":""},"class_list":["post-829","page","type-page","status-publish","hentry"],"yoast_head":"<!-- This site is optimized with the Yoast SEO plugin v27.4 - https:\/\/yoast.com\/product\/yoast-seo-wordpress\/ -->\n<title>Preguntas frecuentes | Soporte de Horizons28<\/title>\n<meta name=\"description\" content=\"Encuentre respuestas r\u00e1pidas a preguntas comunes sobre operaciones, cuentas, pagos y m\u00e1s. Explore la secci\u00f3n de preguntas frecuentes de Horizons28 ahora.\" \/>\n<meta name=\"robots\" content=\"index, follow, max-snippet:-1, max-image-preview:large, max-video-preview:-1\" \/>\n<link rel=\"canonical\" href=\"http:\/\/horizons28.com\/es\/preguntas-frecuentes\/\" \/>\n<meta property=\"og:locale\" content=\"es_ES\" \/>\n<meta property=\"og:type\" content=\"article\" \/>\n<meta property=\"og:title\" content=\"Preguntas frecuentes | Soporte de Horizons28\" \/>\n<meta property=\"og:description\" content=\"Encuentre respuestas r\u00e1pidas a preguntas comunes sobre operaciones, cuentas, pagos y m\u00e1s. Explore la secci\u00f3n de preguntas frecuentes de Horizons28 ahora.\" \/>\n<meta property=\"og:url\" content=\"http:\/\/horizons28.com\/es\/preguntas-frecuentes\/\" \/>\n<meta property=\"og:site_name\" content=\"Horizons28\" \/>\n<meta property=\"article:modified_time\" content=\"2025-04-15T07:25:18+00:00\" \/>\n<meta property=\"og:image\" content=\"http:\/\/horizons28.com\/wp-content\/uploads\/2025\/04\/faq.png\" \/>\n<meta name=\"twitter:card\" content=\"summary_large_image\" \/>\n<meta name=\"twitter:label1\" content=\"Tiempo de lectura\" \/>\n\t<meta name=\"twitter:data1\" content=\"2 minutos\" \/>\n<script type=\"application\/ld+json\" class=\"yoast-schema-graph\">{\"@context\":\"https:\\\/\\\/schema.org\",\"@graph\":[{\"@type\":\"WebPage\",\"@id\":\"http:\\\/\\\/horizons28.com\\\/es\\\/preguntas-frecuentes\\\/\",\"url\":\"http:\\\/\\\/horizons28.com\\\/es\\\/preguntas-frecuentes\\\/\",\"name\":\"Preguntas frecuentes | Soporte de Horizons28\",\"isPartOf\":{\"@id\":\"http:\\\/\\\/horizons28.com\\\/es\\\/#website\"},\"primaryImageOfPage\":{\"@id\":\"http:\\\/\\\/horizons28.com\\\/es\\\/preguntas-frecuentes\\\/#primaryimage\"},\"image\":{\"@id\":\"http:\\\/\\\/horizons28.com\\\/es\\\/preguntas-frecuentes\\\/#primaryimage\"},\"thumbnailUrl\":\"http:\\\/\\\/horizons28.com\\\/wp-content\\\/uploads\\\/2025\\\/04\\\/faq.png\",\"datePublished\":\"2025-04-03T14:20:16+00:00\",\"dateModified\":\"2025-04-15T07:25:18+00:00\",\"description\":\"Encuentre respuestas r\u00e1pidas a preguntas comunes sobre operaciones, cuentas, pagos y m\u00e1s. Explore la secci\u00f3n de preguntas frecuentes de Horizons28 ahora.\",\"breadcrumb\":{\"@id\":\"http:\\\/\\\/horizons28.com\\\/es\\\/preguntas-frecuentes\\\/#breadcrumb\"},\"inLanguage\":\"es\",\"potentialAction\":[{\"@type\":\"ReadAction\",\"target\":[\"http:\\\/\\\/horizons28.com\\\/es\\\/preguntas-frecuentes\\\/\"]}]},{\"@type\":\"ImageObject\",\"inLanguage\":\"es\",\"@id\":\"http:\\\/\\\/horizons28.com\\\/es\\\/preguntas-frecuentes\\\/#primaryimage\",\"url\":\"http:\\\/\\\/horizons28.com\\\/wp-content\\\/uploads\\\/2025\\\/04\\\/faq.png\",\"contentUrl\":\"http:\\\/\\\/horizons28.com\\\/wp-content\\\/uploads\\\/2025\\\/04\\\/faq.png\"},{\"@type\":\"BreadcrumbList\",\"@id\":\"http:\\\/\\\/horizons28.com\\\/es\\\/preguntas-frecuentes\\\/#breadcrumb\",\"itemListElement\":[{\"@type\":\"ListItem\",\"position\":1,\"name\":\"Home\",\"item\":\"https:\\\/\\\/horizons28.com\\\/es\\\/\"},{\"@type\":\"ListItem\",\"position\":2,\"name\":\"Preguntas Frecuentes\"}]},{\"@type\":\"WebSite\",\"@id\":\"http:\\\/\\\/horizons28.com\\\/es\\\/#website\",\"url\":\"http:\\\/\\\/horizons28.com\\\/es\\\/\",\"name\":\"Horizons28\",\"description\":\"\",\"potentialAction\":[{\"@type\":\"SearchAction\",\"target\":{\"@type\":\"EntryPoint\",\"urlTemplate\":\"http:\\\/\\\/horizons28.com\\\/es\\\/?s={search_term_string}\"},\"query-input\":{\"@type\":\"PropertyValueSpecification\",\"valueRequired\":true,\"valueName\":\"search_term_string\"}}],\"inLanguage\":\"es\"}]}<\/script>\n<!-- \/ Yoast SEO plugin. -->","yoast_head_json":{"title":"Preguntas frecuentes | Soporte de Horizons28","description":"Encuentre respuestas r\u00e1pidas a preguntas comunes sobre operaciones, cuentas, pagos y m\u00e1s. Explore la secci\u00f3n de preguntas frecuentes de Horizons28 ahora.","robots":{"index":"index","follow":"follow","max-snippet":"max-snippet:-1","max-image-preview":"max-image-preview:large","max-video-preview":"max-video-preview:-1"},"canonical":"http:\/\/horizons28.com\/es\/preguntas-frecuentes\/","og_locale":"es_ES","og_type":"article","og_title":"Preguntas frecuentes | Soporte de Horizons28","og_description":"Encuentre respuestas r\u00e1pidas a preguntas comunes sobre operaciones, cuentas, pagos y m\u00e1s. Explore la secci\u00f3n de preguntas frecuentes de Horizons28 ahora.","og_url":"http:\/\/horizons28.com\/es\/preguntas-frecuentes\/","og_site_name":"Horizons28","article_modified_time":"2025-04-15T07:25:18+00:00","og_image":[{"url":"http:\/\/horizons28.com\/wp-content\/uploads\/2025\/04\/faq.png","type":"","width":"","height":""}],"twitter_card":"summary_large_image","twitter_misc":{"Tiempo de lectura":"2 minutos"},"schema":{"@context":"https:\/\/schema.org","@graph":[{"@type":"WebPage","@id":"http:\/\/horizons28.com\/es\/preguntas-frecuentes\/","url":"http:\/\/horizons28.com\/es\/preguntas-frecuentes\/","name":"Preguntas frecuentes | Soporte de Horizons28","isPartOf":{"@id":"http:\/\/horizons28.com\/es\/#website"},"primaryImageOfPage":{"@id":"http:\/\/horizons28.com\/es\/preguntas-frecuentes\/#primaryimage"},"image":{"@id":"http:\/\/horizons28.com\/es\/preguntas-frecuentes\/#primaryimage"},"thumbnailUrl":"http:\/\/horizons28.com\/wp-content\/uploads\/2025\/04\/faq.png","datePublished":"2025-04-03T14:20:16+00:00","dateModified":"2025-04-15T07:25:18+00:00","description":"Encuentre respuestas r\u00e1pidas a preguntas comunes sobre operaciones, cuentas, pagos y m\u00e1s. Explore la secci\u00f3n de preguntas frecuentes de Horizons28 ahora.","breadcrumb":{"@id":"http:\/\/horizons28.com\/es\/preguntas-frecuentes\/#breadcrumb"},"inLanguage":"es","potentialAction":[{"@type":"ReadAction","target":["http:\/\/horizons28.com\/es\/preguntas-frecuentes\/"]}]},{"@type":"ImageObject","inLanguage":"es","@id":"http:\/\/horizons28.com\/es\/preguntas-frecuentes\/#primaryimage","url":"http:\/\/horizons28.com\/wp-content\/uploads\/2025\/04\/faq.png","contentUrl":"http:\/\/horizons28.com\/wp-content\/uploads\/2025\/04\/faq.png"},{"@type":"BreadcrumbList","@id":"http:\/\/horizons28.com\/es\/preguntas-frecuentes\/#breadcrumb","itemListElement":[{"@type":"ListItem","position":1,"name":"Home","item":"https:\/\/horizons28.com\/es\/"},{"@type":"ListItem","position":2,"name":"Preguntas Frecuentes"}]},{"@type":"WebSite","@id":"http:\/\/horizons28.com\/es\/#website","url":"http:\/\/horizons28.com\/es\/","name":"Horizons28","description":"","potentialAction":[{"@type":"SearchAction","target":{"@type":"EntryPoint","urlTemplate":"http:\/\/horizons28.com\/es\/?s={search_term_string}"},"query-input":{"@type":"PropertyValueSpecification","valueRequired":true,"valueName":"search_term_string"}}],"inLanguage":"es"}]}},"_links":{"self":[{"href":"http:\/\/horizons28.com\/es\/wp-json\/wp\/v2\/pages\/829","targetHints":{"allow":["GET"]}}],"collection":[{"href":"http:\/\/horizons28.com\/es\/wp-json\/wp\/v2\/pages"}],"about":[{"href":"http:\/\/horizons28.com\/es\/wp-json\/wp\/v2\/types\/page"}],"author":[{"embeddable":true,"href":"http:\/\/horizons28.com\/es\/wp-json\/wp\/v2\/users\/1"}],"replies":[{"embeddable":true,"href":"http:\/\/horizons28.com\/es\/wp-json\/wp\/v2\/comments?post=829"}],"version-history":[{"count":1,"href":"http:\/\/horizons28.com\/es\/wp-json\/wp\/v2\/pages\/829\/revisions"}],"predecessor-version":[{"id":1173,"href":"http:\/\/horizons28.com\/es\/wp-json\/wp\/v2\/pages\/829\/revisions\/1173"}],"wp:attachment":[{"href":"http:\/\/horizons28.com\/es\/wp-json\/wp\/v2\/media?parent=829"}],"curies":[{"name":"wp","href":"https:\/\/api.w.org\/{rel}","templated":true}]}}