{"id":836,"date":"2025-04-03T11:39:07","date_gmt":"2025-04-03T11:39:07","guid":{"rendered":"http:\/\/horizons28.com\/plataforma-de-negociacion\/"},"modified":"2025-04-15T07:10:15","modified_gmt":"2025-04-15T07:10:15","slug":"plataforma-de-negociacion","status":"publish","type":"page","link":"http:\/\/horizons28.com\/es\/plataforma-de-negociacion\/","title":{"rendered":"Plataforma de negociaci\u00f3n"},"content":{"rendered":"\n<h1>\n\t\tHorizons28. Negociaci\u00f3n todo en uno. \n\t<\/h1>\n\t<p>Opere con una ejecuci\u00f3n ultrarr\u00e1pida, precios en tiempo real, herramientas de gr\u00e1ficos avanzadas y una interfaz intuitiva.<\/p>\n\t\t\t<a href=\"https:\/\/area.horizons28.net\/auth\/registration\" target=\"_blank\" rel=\"noopener\">\n\t\t\t\t\t\t\t\u00danete a Horizons28\n\t\t\t<\/a>\n\t\t\t\t<img loading=\"lazy\" decoding=\"async\" src=\"http:\/\/horizons28.com\/wp-content\/uploads\/2025\/04\/horizons28-trading-platform.png\" alt=\"Horizons28 Trading Platform\" itemprop=\"image\" height=\"500\" width=\"600\" title=\"horizons28-trading-platform\" onerror=\"this.style.display='none'\"  \/>\n\t\t\t<h2>Horizons28: Su experiencia de negociaci\u00f3n web todo en uno<\/h2>\t\t\t\n\t\t\t\t<p>Horizons28 es una plataforma web de alto rendimiento para operadores que exigen velocidad, flexibilidad y control. Impulsada por una infraestructura de \u00faltima generaci\u00f3n, ofrece una experiencia de negociaci\u00f3n fluida sin necesidad de descargas ni instalaciones, brind\u00e1ndole acceso instant\u00e1neo a los mercados globales desde cualquier dispositivo. <\/p>\n<h3>\n\t\tSin descargas. Sin l\u00edmites. Opere en cualquier lugar.  \n\t<\/h3>\n\t<p>Con Horizons28, operar es tan sencillo como abrir su navegador.<\/p>\n<p>Ya sea que utilice un ordenador de escritorio, port\u00e1til o dispositivo m\u00f3vil, la plataforma funciona sin problemas en Windows, macOS, Linux, iOS y Android. <strong>No se requiere configuraci\u00f3n: inicie sesi\u00f3n y comience a operar.<\/strong><\/p>\n<p>Cada sesi\u00f3n est\u00e1 protegida con cifrado de extremo a extremo, manteniendo sus datos seguros incluso en redes compartidas o p\u00fablicas.<\/p>\n<h3>\n\t\tDise\u00f1ado para la velocidad: Ejecuci\u00f3n potenciada por la nube\n\t<\/h3>\n\t<p>Horizons28 ofrece una ejecuci\u00f3n ultrarr\u00e1pida aprovechando la arquitectura en la nube y centros de datos de nivel profesional.<\/p>\n<p>Las operaciones se enrutan a trav\u00e9s de entornos de baja latencia para <strong>ejecuciones m\u00e1s r\u00e1pidas y un manejo de \u00f3rdenes m\u00e1s preciso<\/strong>.<\/p>\n<p>Ya sea que realice scalping o gestione grandes posiciones, se beneficiar\u00e1 de <strong>un flujo de \u00f3rdenes r\u00e1pido con deslizamiento m\u00ednimo<\/strong>.<\/p>\n<p>Opere en todas nuestras clases de activos con una ejecuci\u00f3n excepcional.<\/p>\n<h3>\n\t\tNegociaci\u00f3n inteligente con capacidades algor\u00edtmicas\n\t<\/h3>\n\t<p>Automatice su estrategia con soporte para negociaci\u00f3n algor\u00edtmica. Horizons28 le permite ejecutar <strong>scripts personalizados y bots directamente dentro de la plataforma<\/strong> y actuar sobre las oportunidades sin intervenci\u00f3n manual. <\/p>\n<p>Para usuarios avanzados, la plataforma tambi\u00e9n est\u00e1 optimizada para <strong>negociaci\u00f3n de alta frecuencia<\/strong>, permitiendo una ejecuci\u00f3n de operaciones r\u00e1pida y automatizada con un rendimiento consistente bajo presi\u00f3n.<\/p>\n<h3>\n\t\tPersonalice su vista con m\u00faltiples opciones\n\t<\/h3>\n\t<p>Analice los mercados a su manera con m\u00faltiples ventanas de gr\u00e1ficos y selecci\u00f3n flexible de marcos temporales. <strong>Compare activos lado a lado o visualice el mismo instrumento en diferentes marcos temporales<\/strong>, desde vistas de scalping de un minuto hasta gr\u00e1ficos diarios a largo plazo.<\/p>\n<p>El sistema de gr\u00e1ficos avanzado de Horizons28 admite <strong>herramientas de dibujo, indicadores y superposiciones<\/strong> para adaptarse a cada estilo de negociaci\u00f3n.<\/p>\n<h3>\n\t\t\u00bfListo para operar de forma m\u00e1s inteligente? Experimenta verdadera velocidad, mercados reales y resultados aut\u00e9nticos.\n\t<\/h3>\n\t\t\t<a href=\"https:\/\/area.horizons28.net\/auth\/registration\" target=\"_blank\" rel=\"noopener\">\n\t\t\t\t\t\t\t\u00danete a Horizons28\n\t\t\t<\/a>\n\n","protected":false},"excerpt":{"rendered":"<p>Horizons28. Negociaci\u00f3n todo en uno. Opere con una ejecuci\u00f3n ultrarr\u00e1pida, precios en tiempo real, herramientas de gr\u00e1ficos avanzadas y una interfaz intuitiva. \u00danete a Horizons28 Horizons28: Su experiencia de negociaci\u00f3n web todo en uno Horizons28 es una plataforma web de alto rendimiento para operadores que exigen velocidad, flexibilidad y control. Impulsada por una infraestructura de&hellip;<\/p>\n","protected":false},"author":1,"featured_media":0,"parent":0,"menu_order":0,"comment_status":"closed","ping_status":"closed","template":"","meta":{"footnotes":""},"class_list":["post-836","page","type-page","status-publish","hentry"],"yoast_head":"<!-- This site is optimized with the Yoast SEO plugin v27.5 - https:\/\/yoast.com\/product\/yoast-seo-wordpress\/ -->\n<title>Plataforma Horizons28: R\u00e1pida, segura y potente<\/title>\n<meta name=\"description\" content=\"Horizons28: Plataforma avanzada con ejecuci\u00f3n r\u00e1pida y herramientas s\u00f3lidas para operar con confianza.\" \/>\n<meta name=\"robots\" content=\"index, follow, max-snippet:-1, max-image-preview:large, max-video-preview:-1\" \/>\n<link rel=\"canonical\" href=\"http:\/\/horizons28.com\/es\/plataforma-de-negociacion\/\" \/>\n<meta property=\"og:locale\" content=\"es_ES\" \/>\n<meta property=\"og:type\" content=\"article\" \/>\n<meta property=\"og:title\" content=\"Plataforma Horizons28: R\u00e1pida, segura y potente\" \/>\n<meta property=\"og:description\" content=\"Horizons28: Plataforma avanzada con ejecuci\u00f3n r\u00e1pida y herramientas s\u00f3lidas para operar con confianza.\" \/>\n<meta property=\"og:url\" content=\"http:\/\/horizons28.com\/es\/plataforma-de-negociacion\/\" \/>\n<meta property=\"og:site_name\" content=\"Horizons28\" \/>\n<meta property=\"article:modified_time\" content=\"2025-04-15T07:10:15+00:00\" \/>\n<meta property=\"og:image\" content=\"http:\/\/horizons28.com\/wp-content\/uploads\/2025\/04\/horizons28-trading-platform.png\" \/>\n<meta name=\"twitter:card\" content=\"summary_large_image\" \/>\n<meta name=\"twitter:label1\" content=\"Tiempo de lectura\" \/>\n\t<meta name=\"twitter:data1\" content=\"2 minutos\" \/>\n<script type=\"application\/ld+json\" class=\"yoast-schema-graph\">{\"@context\":\"https:\\\/\\\/schema.org\",\"@graph\":[{\"@type\":\"WebPage\",\"@id\":\"http:\\\/\\\/horizons28.com\\\/es\\\/plataforma-de-negociacion\\\/\",\"url\":\"http:\\\/\\\/horizons28.com\\\/es\\\/plataforma-de-negociacion\\\/\",\"name\":\"Plataforma Horizons28: R\u00e1pida, segura y potente\",\"isPartOf\":{\"@id\":\"https:\\\/\\\/horizons28.com\\\/es\\\/#website\"},\"primaryImageOfPage\":{\"@id\":\"http:\\\/\\\/horizons28.com\\\/es\\\/plataforma-de-negociacion\\\/#primaryimage\"},\"image\":{\"@id\":\"http:\\\/\\\/horizons28.com\\\/es\\\/plataforma-de-negociacion\\\/#primaryimage\"},\"thumbnailUrl\":\"http:\\\/\\\/horizons28.com\\\/wp-content\\\/uploads\\\/2025\\\/04\\\/horizons28-trading-platform.png\",\"datePublished\":\"2025-04-03T11:39:07+00:00\",\"dateModified\":\"2025-04-15T07:10:15+00:00\",\"description\":\"Horizons28: Plataforma avanzada con ejecuci\u00f3n r\u00e1pida y herramientas s\u00f3lidas para operar con confianza.\",\"breadcrumb\":{\"@id\":\"http:\\\/\\\/horizons28.com\\\/es\\\/plataforma-de-negociacion\\\/#breadcrumb\"},\"inLanguage\":\"es\",\"potentialAction\":[{\"@type\":\"ReadAction\",\"target\":[\"http:\\\/\\\/horizons28.com\\\/es\\\/plataforma-de-negociacion\\\/\"]}]},{\"@type\":\"ImageObject\",\"inLanguage\":\"es\",\"@id\":\"http:\\\/\\\/horizons28.com\\\/es\\\/plataforma-de-negociacion\\\/#primaryimage\",\"url\":\"http:\\\/\\\/horizons28.com\\\/wp-content\\\/uploads\\\/2025\\\/04\\\/horizons28-trading-platform.png\",\"contentUrl\":\"http:\\\/\\\/horizons28.com\\\/wp-content\\\/uploads\\\/2025\\\/04\\\/horizons28-trading-platform.png\"},{\"@type\":\"BreadcrumbList\",\"@id\":\"http:\\\/\\\/horizons28.com\\\/es\\\/plataforma-de-negociacion\\\/#breadcrumb\",\"itemListElement\":[{\"@type\":\"ListItem\",\"position\":1,\"name\":\"Home\",\"item\":\"http:\\\/\\\/horizons28.com\\\/es\\\/\"},{\"@type\":\"ListItem\",\"position\":2,\"name\":\"Plataforma de negociaci\u00f3n\"}]},{\"@type\":\"WebSite\",\"@id\":\"https:\\\/\\\/horizons28.com\\\/es\\\/#website\",\"url\":\"https:\\\/\\\/horizons28.com\\\/es\\\/\",\"name\":\"Horizons28\",\"description\":\"\",\"potentialAction\":[{\"@type\":\"SearchAction\",\"target\":{\"@type\":\"EntryPoint\",\"urlTemplate\":\"https:\\\/\\\/horizons28.com\\\/es\\\/?s={search_term_string}\"},\"query-input\":{\"@type\":\"PropertyValueSpecification\",\"valueRequired\":true,\"valueName\":\"search_term_string\"}}],\"inLanguage\":\"es\"}]}<\/script>\n<!-- \/ Yoast SEO plugin. -->","yoast_head_json":{"title":"Plataforma Horizons28: R\u00e1pida, segura y potente","description":"Horizons28: Plataforma avanzada con ejecuci\u00f3n r\u00e1pida y herramientas s\u00f3lidas para operar con confianza.","robots":{"index":"index","follow":"follow","max-snippet":"max-snippet:-1","max-image-preview":"max-image-preview:large","max-video-preview":"max-video-preview:-1"},"canonical":"http:\/\/horizons28.com\/es\/plataforma-de-negociacion\/","og_locale":"es_ES","og_type":"article","og_title":"Plataforma Horizons28: R\u00e1pida, segura y potente","og_description":"Horizons28: Plataforma avanzada con ejecuci\u00f3n r\u00e1pida y herramientas s\u00f3lidas para operar con confianza.","og_url":"http:\/\/horizons28.com\/es\/plataforma-de-negociacion\/","og_site_name":"Horizons28","article_modified_time":"2025-04-15T07:10:15+00:00","og_image":[{"url":"http:\/\/horizons28.com\/wp-content\/uploads\/2025\/04\/horizons28-trading-platform.png","type":"","width":"","height":""}],"twitter_card":"summary_large_image","twitter_misc":{"Tiempo de lectura":"2 minutos"},"schema":{"@context":"https:\/\/schema.org","@graph":[{"@type":"WebPage","@id":"http:\/\/horizons28.com\/es\/plataforma-de-negociacion\/","url":"http:\/\/horizons28.com\/es\/plataforma-de-negociacion\/","name":"Plataforma Horizons28: R\u00e1pida, segura y potente","isPartOf":{"@id":"https:\/\/horizons28.com\/es\/#website"},"primaryImageOfPage":{"@id":"http:\/\/horizons28.com\/es\/plataforma-de-negociacion\/#primaryimage"},"image":{"@id":"http:\/\/horizons28.com\/es\/plataforma-de-negociacion\/#primaryimage"},"thumbnailUrl":"http:\/\/horizons28.com\/wp-content\/uploads\/2025\/04\/horizons28-trading-platform.png","datePublished":"2025-04-03T11:39:07+00:00","dateModified":"2025-04-15T07:10:15+00:00","description":"Horizons28: Plataforma avanzada con ejecuci\u00f3n r\u00e1pida y herramientas s\u00f3lidas para operar con confianza.","breadcrumb":{"@id":"http:\/\/horizons28.com\/es\/plataforma-de-negociacion\/#breadcrumb"},"inLanguage":"es","potentialAction":[{"@type":"ReadAction","target":["http:\/\/horizons28.com\/es\/plataforma-de-negociacion\/"]}]},{"@type":"ImageObject","inLanguage":"es","@id":"http:\/\/horizons28.com\/es\/plataforma-de-negociacion\/#primaryimage","url":"http:\/\/horizons28.com\/wp-content\/uploads\/2025\/04\/horizons28-trading-platform.png","contentUrl":"http:\/\/horizons28.com\/wp-content\/uploads\/2025\/04\/horizons28-trading-platform.png"},{"@type":"BreadcrumbList","@id":"http:\/\/horizons28.com\/es\/plataforma-de-negociacion\/#breadcrumb","itemListElement":[{"@type":"ListItem","position":1,"name":"Home","item":"http:\/\/horizons28.com\/es\/"},{"@type":"ListItem","position":2,"name":"Plataforma de negociaci\u00f3n"}]},{"@type":"WebSite","@id":"https:\/\/horizons28.com\/es\/#website","url":"https:\/\/horizons28.com\/es\/","name":"Horizons28","description":"","potentialAction":[{"@type":"SearchAction","target":{"@type":"EntryPoint","urlTemplate":"https:\/\/horizons28.com\/es\/?s={search_term_string}"},"query-input":{"@type":"PropertyValueSpecification","valueRequired":true,"valueName":"search_term_string"}}],"inLanguage":"es"}]}},"_links":{"self":[{"href":"http:\/\/horizons28.com\/es\/wp-json\/wp\/v2\/pages\/836","targetHints":{"allow":["GET"]}}],"collection":[{"href":"http:\/\/horizons28.com\/es\/wp-json\/wp\/v2\/pages"}],"about":[{"href":"http:\/\/horizons28.com\/es\/wp-json\/wp\/v2\/types\/page"}],"author":[{"embeddable":true,"href":"http:\/\/horizons28.com\/es\/wp-json\/wp\/v2\/users\/1"}],"replies":[{"embeddable":true,"href":"http:\/\/horizons28.com\/es\/wp-json\/wp\/v2\/comments?post=836"}],"version-history":[{"count":1,"href":"http:\/\/horizons28.com\/es\/wp-json\/wp\/v2\/pages\/836\/revisions"}],"predecessor-version":[{"id":1149,"href":"http:\/\/horizons28.com\/es\/wp-json\/wp\/v2\/pages\/836\/revisions\/1149"}],"wp:attachment":[{"href":"http:\/\/horizons28.com\/es\/wp-json\/wp\/v2\/media?parent=836"}],"curies":[{"name":"wp","href":"https:\/\/api.w.org\/{rel}","templated":true}]}}