{"id":844,"date":"2025-04-04T07:19:28","date_gmt":"2025-04-04T07:19:28","guid":{"rendered":"http:\/\/horizons28.com\/cuenta-de-ahorros\/"},"modified":"2025-04-15T07:23:17","modified_gmt":"2025-04-15T07:23:17","slug":"cuenta-de-ahorros","status":"publish","type":"page","link":"http:\/\/horizons28.com\/es\/cuenta-de-ahorros\/","title":{"rendered":"Cuenta de Ahorros"},"content":{"rendered":"\n<h1>\n\t\tAhorre de Manera M\u00e1s Inteligente. Gane M\u00e1s. \n\t<\/h1>\n\t<p>Colabore con otros inversores para hacer crecer su capital a trav\u00e9s de oportunidades exclusivas de alto crecimiento en todo el mundo.<\/p>\n\t\t\t<a href=\"https:\/\/area.horizons28.net\/auth\/registration\" target=\"_blank\" rel=\"noopener\">\n\t\t\t\t\t\t\t\u00danete a Horizons28\n\t\t\t<\/a>\n\t\t\t\t<img loading=\"lazy\" decoding=\"async\" src=\"http:\/\/horizons28.com\/wp-content\/uploads\/2025\/04\/horizons28-savings-account.png\" alt=\"Horizons28 Savings Account\" itemprop=\"image\" height=\"500\" width=\"600\" title=\"horizons28-savings-account\" onerror=\"this.style.display='none'\"  \/>\n<h2>\n\t\tCuenta de Ahorros Horizons28\n\t<\/h2>\n\t<p>Experimente una soluci\u00f3n de ahorro dise\u00f1ada para el crecimiento, la seguridad y la flexibilidad. <strong>Con una extraordinaria tasa de inter\u00e9s mensual del 10%, la Cuenta de Ahorros Horizons28 ayuda a que su dinero crezca m\u00e1s r\u00e1pidamente<\/strong> mientras se mantiene accesible siempre que lo necesite.<\/p>\n<h2>\n\t\tRendimiento Excepcional\n\t<\/h2>\n\t<p>Gane un 10% de inter\u00e9s por mes, muy por encima de lo que ofrecen los bancos tradicionales. Acelere su camino hacia la libertad financiera con un potente potencial de capitalizaci\u00f3n. <\/p>\n<h2>\n\t\tF\u00e1cil Acceso\n\t<\/h2>\n\t<p>Deposite y retire en cualquier momento; sus fondos est\u00e1n siempre disponibles sin demoras ni restricciones, mientras que nuestros ahorros est\u00e1n protegidos con sistemas de seguridad avanzados para su tranquilidad.<\/p>\n<h2>\n\t\tCero Comisiones Ocultas\n\t<\/h2>\n\t<p>No hay costos ocultos ni cargos de mantenimiento. Cada c\u00e9ntimo de sus intereses va directamente a usted. Nuestra Cuenta de Ahorros ayuda a construir su futuro financiero.  <\/p>\n<h3>\n\t\tCuenta de Ahorros Horizons28\n\t<\/h3>\n<h3>\n\t\tHaga Crecer su Capital, sin Esfuerzo\n\t<\/h3>\n\t<p>En Horizons28, <strong>creemos que la generaci\u00f3n de riqueza debe ser simple y segura<\/strong>. Nuestra cuenta de ahorros est\u00e1 dise\u00f1ada tanto para operadores como para ahorradores, ofreciendo <strong>altos rendimientos, control de cuenta en tiempo real y gesti\u00f3n sin estr\u00e9s.<\/strong> <\/p>\n\t\t<h4>Inter\u00e9s de Alto Rendimiento<\/h4>\t\t\t\n\t\t\t\t<p>Disfrute de un crecimiento mensual del 10% en sus ahorros. Haga que su dinero inactivo trabaje m\u00e1s arduamente para usted. <\/p>\n\t\t<h4>F\u00e1cil Acceso a la Cuenta<\/h4>\t\t\t\n\t\t\t\t<p>Gestione todo desde nuestro intuitivo panel en l\u00ednea o aplicaci\u00f3n m\u00f3vil, en cualquier momento y lugar.<\/p>\n\t\t<h4>Contribuciones Flexibles<\/h4>\t\t\t\n\t\t\t\t<p>Comience con cualquier cantidad que se ajuste a sus objetivos. Ajuste sus contribuciones cuando lo desee. <\/p>\n\t\t<h4>Soporte Personal<\/h4>\t\t\t\n\t\t\t\t<p>Nuestro equipo de atenci\u00f3n al cliente est\u00e1 aqu\u00ed para usted, ya sea que tenga preguntas, necesite ayuda o desee perspectivas estrat\u00e9gicas.<\/p>\n<h5>\n\t\tComience en 4 Sencillos Pasos\n\t<\/h5>\n\t\t\t\t\t\t\t\t\t\t\t\t\t\t\t<h5>1<\/h5>\n\t\t\t\t\t\t<p>Cree su Cuenta<\/p>\t\t\t\t\t\n\t\t\t<!-- END .front -->\n\t\t\t\t\t\t<p>Inicie sesi\u00f3n o reg\u00edstrese para acceder a su panel de ahorros.<\/p>\t\t\t\t\t\n\t\t\t<!-- END .back -->\n\t\t <!-- ifb-flip-box -->\n\t <!-- flip-box -->\n\t\t\t\t\t\t\t\t\t\t\t\t\t\t\t<h5>2<\/h5>\n\t\t\t\t\t\t<p>Financie su Cuenta<\/p>\t\t\t\t\t\n\t\t\t<!-- END .front -->\n\t\t\t\t\t\t<p>Realice su primer dep\u00f3sito. No se requiere saldo m\u00ednimo para comenzar a ganar. <\/p>\t\t\t\t\t\n\t\t\t<!-- END .back -->\n\t\t <!-- ifb-flip-box -->\n\t <!-- flip-box -->\n\t\t\t\t\t\t\t\t\t\t\t\t\t\t\t<h5>3<\/h5>\n\t\t\t\t\t\t<p>Siga su Progreso<\/p>\t\t\t\t\t\n\t\t\t<!-- END .front -->\n\t\t\t\t\t\t<p>Gane un 10% de inter\u00e9s mensual; sus ahorros crecen autom\u00e1ticamente.<\/p>\t\t\t\t\t\n\t\t\t<!-- END .back -->\n\t\t <!-- ifb-flip-box -->\n\t <!-- flip-box -->\n\t\t\t\t\t\t\t\t\t\t\t\t\t\t\t<h5>4<\/h5>\n\t\t\t\t\t\t<p>Retire Fondos en Cualquier Momento<\/p>\t\t\t\t\t\n\t\t\t<!-- END .front -->\n\t\t\t\t\t\t<p>Acceda a sus fondos cuando los necesite, sin penalizaciones ni comisiones.<\/p>\t\t\t\t\t\n\t\t\t<!-- END .back -->\n\t\t <!-- ifb-flip-box -->\n\t <!-- flip-box -->\n<h3>\n\t\t\u00bfListo para operar de forma m\u00e1s inteligente? Experimenta verdadera velocidad, mercados reales y resultados aut\u00e9nticos.\n\t<\/h3>\n\t\t\t<a href=\"https:\/\/area.horizons28.net\/auth\/registration\" target=\"_blank\" rel=\"noopener\">\n\t\t\t\t\t\t\t\u00danete a Horizons28\n\t\t\t<\/a>\n<h1>\n\t\tConstruya Riqueza de Manera M\u00e1s Inteligente\n\t<\/h1>\n\t<p>En Horizons28, creemos que generar riqueza no deber\u00eda ser complicado; deber\u00eda ser sencillo, seguro y accesible para todos. Es por eso que hemos creado una cuenta de ahorros adaptada tanto para operadores activos como para ahorradores cotidianos. Ya sea que est\u00e9 haciendo crecer su capital para inversiones futuras o simplemente buscando una forma confiable de obtener rendimientos constantes, nuestra cuenta proporciona una soluci\u00f3n inteligente.  <\/p>\n<p>Con tasas de inter\u00e9s altamente competitivas, control completo a trav\u00e9s de un panel f\u00e1cil de usar y una configuraci\u00f3n sin complicaciones, Horizons28 facilita la gesti\u00f3n de su dinero. Disfrute de la confianza de ver crecer sus ahorros sabiendo que sus fondos est\u00e1n protegidos en cada paso del camino. <\/p>\n\t\t\t\t<img loading=\"lazy\" decoding=\"async\" src=\"http:\/\/horizons28.com\/wp-content\/uploads\/2025\/04\/smarter-wealth-building.png\" alt=\"Smarter Wealth Building\" itemprop=\"image\" height=\"580\" width=\"813\" title=\"smarter-wealth-building\" onerror=\"this.style.display='none'\"  \/>\n<h3>\n\t\t\u00bfListo para operar de forma m\u00e1s inteligente? Experimenta verdadera velocidad, mercados reales y resultados aut\u00e9nticos.\n\t<\/h3>\n\t\t\t<a href=\"https:\/\/area.horizons28.net\/auth\/registration\" target=\"_blank\" rel=\"noopener\">\n\t\t\t\t\t\t\t\u00danete a Horizons28\n\t\t\t<\/a>\n\n","protected":false},"excerpt":{"rendered":"<p>Ahorre de Manera M\u00e1s Inteligente. Gane M\u00e1s. Colabore con otros inversores para hacer crecer su capital a trav\u00e9s de oportunidades exclusivas de alto crecimiento en todo el mundo. \u00danete a Horizons28 Cuenta de Ahorros Horizons28 Experimente una soluci\u00f3n de ahorro dise\u00f1ada para el crecimiento, la seguridad y la flexibilidad. Con una extraordinaria tasa de inter\u00e9s&hellip;<\/p>\n","protected":false},"author":1,"featured_media":0,"parent":0,"menu_order":0,"comment_status":"closed","ping_status":"closed","template":"","meta":{"footnotes":""},"class_list":["post-844","page","type-page","status-publish","hentry"],"yoast_head":"<!-- This site is optimized with the Yoast SEO plugin v27.4 - https:\/\/yoast.com\/product\/yoast-seo-wordpress\/ -->\n<title>Ahorros Alto Inter\u00e9s | Gane Mensual con Horizons28<\/title>\n<meta name=\"description\" content=\"10% inter\u00e9s mensual. Ahorre inteligente, gane r\u00e1pido. Acceso total a fondos.\" \/>\n<meta name=\"robots\" content=\"index, follow, max-snippet:-1, max-image-preview:large, max-video-preview:-1\" \/>\n<link rel=\"canonical\" href=\"http:\/\/horizons28.com\/es\/cuenta-de-ahorros\/\" \/>\n<meta property=\"og:locale\" content=\"es_ES\" \/>\n<meta property=\"og:type\" content=\"article\" \/>\n<meta property=\"og:title\" content=\"Ahorros Alto Inter\u00e9s | Gane Mensual con Horizons28\" \/>\n<meta property=\"og:description\" content=\"10% inter\u00e9s mensual. Ahorre inteligente, gane r\u00e1pido. Acceso total a fondos.\" \/>\n<meta property=\"og:url\" content=\"http:\/\/horizons28.com\/es\/cuenta-de-ahorros\/\" \/>\n<meta property=\"og:site_name\" content=\"Horizons28\" \/>\n<meta property=\"article:modified_time\" content=\"2025-04-15T07:23:17+00:00\" \/>\n<meta property=\"og:image\" content=\"http:\/\/horizons28.com\/wp-content\/uploads\/2025\/04\/horizons28-savings-account.png\" \/>\n<meta name=\"twitter:card\" content=\"summary_large_image\" \/>\n<meta name=\"twitter:label1\" content=\"Tiempo de lectura\" \/>\n\t<meta name=\"twitter:data1\" content=\"3 minutos\" \/>\n<script type=\"application\/ld+json\" class=\"yoast-schema-graph\">{\"@context\":\"https:\\\/\\\/schema.org\",\"@graph\":[{\"@type\":\"WebPage\",\"@id\":\"http:\\\/\\\/horizons28.com\\\/es\\\/cuenta-de-ahorros\\\/\",\"url\":\"http:\\\/\\\/horizons28.com\\\/es\\\/cuenta-de-ahorros\\\/\",\"name\":\"Ahorros Alto Inter\u00e9s | Gane Mensual con Horizons28\",\"isPartOf\":{\"@id\":\"http:\\\/\\\/horizons28.com\\\/es\\\/#website\"},\"primaryImageOfPage\":{\"@id\":\"http:\\\/\\\/horizons28.com\\\/es\\\/cuenta-de-ahorros\\\/#primaryimage\"},\"image\":{\"@id\":\"http:\\\/\\\/horizons28.com\\\/es\\\/cuenta-de-ahorros\\\/#primaryimage\"},\"thumbnailUrl\":\"http:\\\/\\\/horizons28.com\\\/wp-content\\\/uploads\\\/2025\\\/04\\\/horizons28-savings-account.png\",\"datePublished\":\"2025-04-04T07:19:28+00:00\",\"dateModified\":\"2025-04-15T07:23:17+00:00\",\"description\":\"10% inter\u00e9s mensual. Ahorre inteligente, gane r\u00e1pido. Acceso total a fondos.\",\"breadcrumb\":{\"@id\":\"http:\\\/\\\/horizons28.com\\\/es\\\/cuenta-de-ahorros\\\/#breadcrumb\"},\"inLanguage\":\"es\",\"potentialAction\":[{\"@type\":\"ReadAction\",\"target\":[\"http:\\\/\\\/horizons28.com\\\/es\\\/cuenta-de-ahorros\\\/\"]}]},{\"@type\":\"ImageObject\",\"inLanguage\":\"es\",\"@id\":\"http:\\\/\\\/horizons28.com\\\/es\\\/cuenta-de-ahorros\\\/#primaryimage\",\"url\":\"http:\\\/\\\/horizons28.com\\\/wp-content\\\/uploads\\\/2025\\\/04\\\/horizons28-savings-account.png\",\"contentUrl\":\"http:\\\/\\\/horizons28.com\\\/wp-content\\\/uploads\\\/2025\\\/04\\\/horizons28-savings-account.png\"},{\"@type\":\"BreadcrumbList\",\"@id\":\"http:\\\/\\\/horizons28.com\\\/es\\\/cuenta-de-ahorros\\\/#breadcrumb\",\"itemListElement\":[{\"@type\":\"ListItem\",\"position\":1,\"name\":\"Home\",\"item\":\"https:\\\/\\\/horizons28.com\\\/es\\\/\"},{\"@type\":\"ListItem\",\"position\":2,\"name\":\"Cuenta de Ahorros\"}]},{\"@type\":\"WebSite\",\"@id\":\"http:\\\/\\\/horizons28.com\\\/es\\\/#website\",\"url\":\"http:\\\/\\\/horizons28.com\\\/es\\\/\",\"name\":\"Horizons28\",\"description\":\"\",\"potentialAction\":[{\"@type\":\"SearchAction\",\"target\":{\"@type\":\"EntryPoint\",\"urlTemplate\":\"http:\\\/\\\/horizons28.com\\\/es\\\/?s={search_term_string}\"},\"query-input\":{\"@type\":\"PropertyValueSpecification\",\"valueRequired\":true,\"valueName\":\"search_term_string\"}}],\"inLanguage\":\"es\"}]}<\/script>\n<!-- \/ Yoast SEO plugin. -->","yoast_head_json":{"title":"Ahorros Alto Inter\u00e9s | Gane Mensual con Horizons28","description":"10% inter\u00e9s mensual. Ahorre inteligente, gane r\u00e1pido. Acceso total a fondos.","robots":{"index":"index","follow":"follow","max-snippet":"max-snippet:-1","max-image-preview":"max-image-preview:large","max-video-preview":"max-video-preview:-1"},"canonical":"http:\/\/horizons28.com\/es\/cuenta-de-ahorros\/","og_locale":"es_ES","og_type":"article","og_title":"Ahorros Alto Inter\u00e9s | Gane Mensual con Horizons28","og_description":"10% inter\u00e9s mensual. Ahorre inteligente, gane r\u00e1pido. Acceso total a fondos.","og_url":"http:\/\/horizons28.com\/es\/cuenta-de-ahorros\/","og_site_name":"Horizons28","article_modified_time":"2025-04-15T07:23:17+00:00","og_image":[{"url":"http:\/\/horizons28.com\/wp-content\/uploads\/2025\/04\/horizons28-savings-account.png","type":"","width":"","height":""}],"twitter_card":"summary_large_image","twitter_misc":{"Tiempo de lectura":"3 minutos"},"schema":{"@context":"https:\/\/schema.org","@graph":[{"@type":"WebPage","@id":"http:\/\/horizons28.com\/es\/cuenta-de-ahorros\/","url":"http:\/\/horizons28.com\/es\/cuenta-de-ahorros\/","name":"Ahorros Alto Inter\u00e9s | Gane Mensual con Horizons28","isPartOf":{"@id":"http:\/\/horizons28.com\/es\/#website"},"primaryImageOfPage":{"@id":"http:\/\/horizons28.com\/es\/cuenta-de-ahorros\/#primaryimage"},"image":{"@id":"http:\/\/horizons28.com\/es\/cuenta-de-ahorros\/#primaryimage"},"thumbnailUrl":"http:\/\/horizons28.com\/wp-content\/uploads\/2025\/04\/horizons28-savings-account.png","datePublished":"2025-04-04T07:19:28+00:00","dateModified":"2025-04-15T07:23:17+00:00","description":"10% inter\u00e9s mensual. Ahorre inteligente, gane r\u00e1pido. Acceso total a fondos.","breadcrumb":{"@id":"http:\/\/horizons28.com\/es\/cuenta-de-ahorros\/#breadcrumb"},"inLanguage":"es","potentialAction":[{"@type":"ReadAction","target":["http:\/\/horizons28.com\/es\/cuenta-de-ahorros\/"]}]},{"@type":"ImageObject","inLanguage":"es","@id":"http:\/\/horizons28.com\/es\/cuenta-de-ahorros\/#primaryimage","url":"http:\/\/horizons28.com\/wp-content\/uploads\/2025\/04\/horizons28-savings-account.png","contentUrl":"http:\/\/horizons28.com\/wp-content\/uploads\/2025\/04\/horizons28-savings-account.png"},{"@type":"BreadcrumbList","@id":"http:\/\/horizons28.com\/es\/cuenta-de-ahorros\/#breadcrumb","itemListElement":[{"@type":"ListItem","position":1,"name":"Home","item":"https:\/\/horizons28.com\/es\/"},{"@type":"ListItem","position":2,"name":"Cuenta de Ahorros"}]},{"@type":"WebSite","@id":"http:\/\/horizons28.com\/es\/#website","url":"http:\/\/horizons28.com\/es\/","name":"Horizons28","description":"","potentialAction":[{"@type":"SearchAction","target":{"@type":"EntryPoint","urlTemplate":"http:\/\/horizons28.com\/es\/?s={search_term_string}"},"query-input":{"@type":"PropertyValueSpecification","valueRequired":true,"valueName":"search_term_string"}}],"inLanguage":"es"}]}},"_links":{"self":[{"href":"http:\/\/horizons28.com\/es\/wp-json\/wp\/v2\/pages\/844","targetHints":{"allow":["GET"]}}],"collection":[{"href":"http:\/\/horizons28.com\/es\/wp-json\/wp\/v2\/pages"}],"about":[{"href":"http:\/\/horizons28.com\/es\/wp-json\/wp\/v2\/types\/page"}],"author":[{"embeddable":true,"href":"http:\/\/horizons28.com\/es\/wp-json\/wp\/v2\/users\/1"}],"replies":[{"embeddable":true,"href":"http:\/\/horizons28.com\/es\/wp-json\/wp\/v2\/comments?post=844"}],"version-history":[{"count":2,"href":"http:\/\/horizons28.com\/es\/wp-json\/wp\/v2\/pages\/844\/revisions"}],"predecessor-version":[{"id":1169,"href":"http:\/\/horizons28.com\/es\/wp-json\/wp\/v2\/pages\/844\/revisions\/1169"}],"wp:attachment":[{"href":"http:\/\/horizons28.com\/es\/wp-json\/wp\/v2\/media?parent=844"}],"curies":[{"name":"wp","href":"https:\/\/api.w.org\/{rel}","templated":true}]}}