{"id":862,"date":"2025-04-04T07:20:13","date_gmt":"2025-04-04T07:20:13","guid":{"rendered":"http:\/\/horizons28.com\/fondo-de-inversion\/"},"modified":"2025-04-15T07:19:16","modified_gmt":"2025-04-15T07:19:16","slug":"fondo-de-inversion","status":"publish","type":"page","link":"http:\/\/horizons28.com\/es\/fondo-de-inversion\/","title":{"rendered":"Fondo de inversi\u00f3n"},"content":{"rendered":"\n<h1>\n\t\tInvierta de manera m\u00e1s inteligente. Juntos. \n\t<\/h1>\n\t<p>\u00danase a otros inversores para acceder a oportunidades diversificadas y de alto potencial en los mercados globales.<\/p>\n\t\t\t<a href=\"https:\/\/area.horizons28.net\/auth\/registration\" target=\"_blank\" rel=\"noopener\">\n\t\t\t\t\t\t\t\u00danete a Horizons28\n\t\t\t<\/a>\n\t\t\t\t<img loading=\"lazy\" decoding=\"async\" src=\"http:\/\/horizons28.com\/wp-content\/uploads\/2025\/04\/horizons28-investment-pool.png\" alt=\"Horizons28 Investment Pool\" itemprop=\"image\" height=\"500\" width=\"600\" title=\"horizons28-investment-pool\" onerror=\"this.style.display='none'\"  \/>\n<h2>\n\t\tFondo de inversi\u00f3n de Horizons28\n\t<\/h2>\n\t<p>Adentre en el futuro de la inversi\u00f3n con el <strong>Fondo de inversi\u00f3n de Horizons28<\/strong> \u2013 una plataforma moderna que re\u00fane a los inversores para colaborar, agrupar fondos y acceder a <strong>oportunidades exclusivas de crecimiento<\/strong>. Ya sea nuevo en la inversi\u00f3n o con experiencia, nuestra comunidad <strong>le ayuda a construir una cartera m\u00e1s s\u00f3lida mientras establece conexiones financieras significativas.<\/strong> <\/p>\n<h2>\n\t\tInvertir juntos\n\t<\/h2>\n\t<p>Agrupe su capital con otros para desbloquear oportunidades de inversi\u00f3n premium.<\/p>\n<h2>\n\t\tAprender juntos\n\t<\/h2>\n\t<p>Comparta estrategias e ideas con otros inversores y profesionales financieros.<\/p>\n<h2>\n\t\tBeneficiarse juntos\n\t<\/h2>\n\t<p>Distribuya su inversi\u00f3n en diferentes mercados para proteger y hacer crecer su capital.<\/p>\n<h3>\n\t\tCaracter\u00edsticas del Fondo de inversi\u00f3n\n\t<\/h3>\n<h3>\n\t\tDescubra una inversi\u00f3n m\u00e1s inteligente con Horizons28\n\t<\/h3>\n\t<p>El Fondo de Inversi\u00f3n Horizons28 est\u00e1 dise\u00f1ado para <strong>ayudar a los inversores a hacer crecer su dinero mediante la colaboraci\u00f3n y el acceso a proyectos de inversi\u00f3n seleccionados<\/strong>. Ya sea que est\u00e9 empezando o ya construyendo riqueza, <strong>esta es su puerta de entrada a una inversi\u00f3n m\u00e1s inteligente y conectada.<\/strong> <\/p>\n\t\t<h4>Acceso a oportunidades de inversi\u00f3n premium<\/h4>\t\t\t\n\t\t\t\t<p>Acceda a oportunidades de alto potencial generalmente disponibles solo para grandes inversores.<\/p>\n\t\t<h4>Reduzca su riesgo<\/h4>\t\t\t\n\t\t\t\t<p>Diversifique sus fondos entre industrias y tipos de activos y reduzca su exposici\u00f3n al riesgo comercial.<\/p>\n\t\t<h4>Ampl\u00ede su red<\/h4>\t\t\t\n\t\t\t\t<p>Con\u00e9ctese con analistas de mercado, inversores experimentados y emprendedores.<\/p>\n\t\t<h4>Realice un seguimiento de sus inversiones<\/h4>\t\t\t\n\t\t\t\t<p>Visualice datos de rendimiento en tiempo real con total transparencia y protecci\u00f3n de la plataforma.<\/p>\n<h5>\n\t\tComience en 4 Sencillos Pasos\n\t<\/h5>\n\t\t\t\t\t\t\t\t\t\t\t\t\t\t\t<h5>1<\/h5>\n\t\t\t\t\t\t<p>Reg\u00edstrese y verifique<\/p>\t\t\t\t\t\n\t\t\t<!-- END .front -->\n\t\t\t\t\t\t<p>Cree su cuenta a trav\u00e9s de nuestro r\u00e1pido proceso de registro.<\/p>\t\t\t\t\t\n\t\t\t<!-- END .back -->\n\t\t <!-- ifb-flip-box -->\n\t <!-- flip-box -->\n\t\t\t\t\t\t\t\t\t\t\t\t\t\t\t<h5>2<\/h5>\n\t\t\t\t\t\t<p>\u00danase al fondo<\/p>\t\t\t\t\t\n\t\t\t<!-- END .front -->\n\t\t\t\t\t\t<p>Elija cu\u00e1nto desea invertir y contribuya al fondo comunitario.<\/p>\t\t\t\t\t\n\t\t\t<!-- END .back -->\n\t\t <!-- ifb-flip-box -->\n\t <!-- flip-box -->\n\t\t\t\t\t\t\t\t\t\t\t\t\t\t\t<h5>3<\/h5>\n\t\t\t\t\t\t<p>Seleccione la inversi\u00f3n<\/p>\t\t\t\t\t\n\t\t\t<!-- END .front -->\n\t\t\t\t\t\t<p>Elija entre una variedad de proyectos seleccionados de alto potencial.<\/p>\t\t\t\t\t\n\t\t\t<!-- END .back -->\n\t\t <!-- ifb-flip-box -->\n\t <!-- flip-box -->\n\t\t\t\t\t\t\t\t\t\t\t\t\t\t\t<h5>4<\/h5>\n\t\t\t\t\t\t<p>Seguimiento y Ajuste<\/p>\t\t\t\t\t\n\t\t\t<!-- END .front -->\n\t\t\t\t\t\t<p>Supervise su rendimiento y reinvierta las ganancias a medida que crece.<\/p>\t\t\t\t\t\n\t\t\t<!-- END .back -->\n\t\t <!-- ifb-flip-box -->\n\t <!-- flip-box -->\n<h3>\n\t\t\u00bfListo para operar de forma m\u00e1s inteligente? Experimenta verdadera velocidad, mercados reales y resultados aut\u00e9nticos.\n\t<\/h3>\n\t\t\t<a href=\"https:\/\/area.horizons28.net\/auth\/registration\" target=\"_blank\" rel=\"noopener\">\n\t\t\t\t\t\t\t\u00danete a Horizons28\n\t\t\t<\/a>\n<h1>\n\t\tExplore nuestras opciones de inversi\u00f3n\n\t<\/h1>\n\t<p>Con Horizons28, puede acceder a una amplia gama de opciones de inversi\u00f3n:<\/p>\n<strong>Acciones y ETF<\/strong><br \/>\nInvierta en acciones bien investigadas y fondos cotizados diversificados.\n<strong>Inversiones sostenibles<\/strong><br \/>\nApoye empresas ecol\u00f3gicas y socialmente responsables que tambi\u00e9n ofrezcan s\u00f3lidos rendimientos.\n\t\t\t\t<img loading=\"lazy\" decoding=\"async\" src=\"http:\/\/horizons28.com\/wp-content\/uploads\/2025\/04\/investment-options.png\" alt=\"Investment Options\" itemprop=\"image\" height=\"580\" width=\"813\" title=\"investment-options\" onerror=\"this.style.display='none'\"  \/>\n\t<p>El Fondo de inversi\u00f3n de Horizons28 est\u00e1 dise\u00f1ado para una amplia gama de participantes. <strong>Es ideal para inversores cotidianos que buscan construir riqueza a largo plazo, emprendedores y propietarios de peque\u00f1as empresas que buscan oportunidades de financiaci\u00f3n innovadoras, y comerciantes aspirantes que desean aprender y crecer dentro de un entorno de inversi\u00f3n favorable.<\/strong><\/p>\n<h3>\n\t\t\u00bfListo para operar de forma m\u00e1s inteligente? Experimenta verdadera velocidad, mercados reales y resultados aut\u00e9nticos.\n\t<\/h3>\n\t\t\t<a href=\"https:\/\/area.horizons28.net\/auth\/registration\" target=\"_blank\" rel=\"noopener\">\n\t\t\t\t\t\t\t\u00danete a Horizons28\n\t\t\t<\/a>\n\n","protected":false},"excerpt":{"rendered":"<p>Invierta de manera m\u00e1s inteligente. Juntos. \u00danase a otros inversores para acceder a oportunidades diversificadas y de alto potencial en los mercados globales. \u00danete a Horizons28 Fondo de inversi\u00f3n de Horizons28 Adentre en el futuro de la inversi\u00f3n con el Fondo de inversi\u00f3n de Horizons28 \u2013 una plataforma moderna que re\u00fane a los inversores para&hellip;<\/p>\n","protected":false},"author":1,"featured_media":0,"parent":0,"menu_order":0,"comment_status":"closed","ping_status":"closed","template":"","meta":{"footnotes":""},"class_list":["post-862","page","type-page","status-publish","hentry"],"yoast_head":"<!-- This site is optimized with the Yoast SEO plugin v27.4 - https:\/\/yoast.com\/product\/yoast-seo-wordpress\/ -->\n<title>Fondo de inversi\u00f3n | Inversi\u00f3n colaborativa con Horizons28<\/title>\n<meta name=\"description\" content=\"\u00danase a Horizons28: invierta con otros y acceda a oportunidades diversificadas de alto rendimiento.\" \/>\n<meta name=\"robots\" content=\"index, follow, max-snippet:-1, max-image-preview:large, max-video-preview:-1\" \/>\n<link rel=\"canonical\" href=\"http:\/\/horizons28.com\/es\/fondo-de-inversion\/\" \/>\n<meta property=\"og:locale\" content=\"es_ES\" \/>\n<meta property=\"og:type\" content=\"article\" \/>\n<meta property=\"og:title\" content=\"Fondo de inversi\u00f3n | Inversi\u00f3n colaborativa con Horizons28\" \/>\n<meta property=\"og:description\" content=\"\u00danase a Horizons28: invierta con otros y acceda a oportunidades diversificadas de alto rendimiento.\" \/>\n<meta property=\"og:url\" content=\"http:\/\/horizons28.com\/es\/fondo-de-inversion\/\" \/>\n<meta property=\"og:site_name\" content=\"Horizons28\" \/>\n<meta property=\"article:modified_time\" content=\"2025-04-15T07:19:16+00:00\" \/>\n<meta property=\"og:image\" content=\"http:\/\/horizons28.com\/wp-content\/uploads\/2025\/04\/horizons28-investment-pool.png\" \/>\n<meta name=\"twitter:card\" content=\"summary_large_image\" \/>\n<meta name=\"twitter:label1\" content=\"Tiempo de lectura\" \/>\n\t<meta name=\"twitter:data1\" content=\"2 minutos\" \/>\n<script type=\"application\/ld+json\" class=\"yoast-schema-graph\">{\"@context\":\"https:\\\/\\\/schema.org\",\"@graph\":[{\"@type\":\"WebPage\",\"@id\":\"http:\\\/\\\/horizons28.com\\\/es\\\/fondo-de-inversion\\\/\",\"url\":\"http:\\\/\\\/horizons28.com\\\/es\\\/fondo-de-inversion\\\/\",\"name\":\"Fondo de inversi\u00f3n | Inversi\u00f3n colaborativa con Horizons28\",\"isPartOf\":{\"@id\":\"http:\\\/\\\/horizons28.com\\\/es\\\/#website\"},\"primaryImageOfPage\":{\"@id\":\"http:\\\/\\\/horizons28.com\\\/es\\\/fondo-de-inversion\\\/#primaryimage\"},\"image\":{\"@id\":\"http:\\\/\\\/horizons28.com\\\/es\\\/fondo-de-inversion\\\/#primaryimage\"},\"thumbnailUrl\":\"http:\\\/\\\/horizons28.com\\\/wp-content\\\/uploads\\\/2025\\\/04\\\/horizons28-investment-pool.png\",\"datePublished\":\"2025-04-04T07:20:13+00:00\",\"dateModified\":\"2025-04-15T07:19:16+00:00\",\"description\":\"\u00danase a Horizons28: invierta con otros y acceda a oportunidades diversificadas de alto rendimiento.\",\"breadcrumb\":{\"@id\":\"http:\\\/\\\/horizons28.com\\\/es\\\/fondo-de-inversion\\\/#breadcrumb\"},\"inLanguage\":\"es\",\"potentialAction\":[{\"@type\":\"ReadAction\",\"target\":[\"http:\\\/\\\/horizons28.com\\\/es\\\/fondo-de-inversion\\\/\"]}]},{\"@type\":\"ImageObject\",\"inLanguage\":\"es\",\"@id\":\"http:\\\/\\\/horizons28.com\\\/es\\\/fondo-de-inversion\\\/#primaryimage\",\"url\":\"http:\\\/\\\/horizons28.com\\\/wp-content\\\/uploads\\\/2025\\\/04\\\/horizons28-investment-pool.png\",\"contentUrl\":\"http:\\\/\\\/horizons28.com\\\/wp-content\\\/uploads\\\/2025\\\/04\\\/horizons28-investment-pool.png\"},{\"@type\":\"BreadcrumbList\",\"@id\":\"http:\\\/\\\/horizons28.com\\\/es\\\/fondo-de-inversion\\\/#breadcrumb\",\"itemListElement\":[{\"@type\":\"ListItem\",\"position\":1,\"name\":\"Home\",\"item\":\"https:\\\/\\\/horizons28.com\\\/es\\\/\"},{\"@type\":\"ListItem\",\"position\":2,\"name\":\"Fondo de inversi\u00f3n\"}]},{\"@type\":\"WebSite\",\"@id\":\"http:\\\/\\\/horizons28.com\\\/es\\\/#website\",\"url\":\"http:\\\/\\\/horizons28.com\\\/es\\\/\",\"name\":\"Horizons28\",\"description\":\"\",\"potentialAction\":[{\"@type\":\"SearchAction\",\"target\":{\"@type\":\"EntryPoint\",\"urlTemplate\":\"http:\\\/\\\/horizons28.com\\\/es\\\/?s={search_term_string}\"},\"query-input\":{\"@type\":\"PropertyValueSpecification\",\"valueRequired\":true,\"valueName\":\"search_term_string\"}}],\"inLanguage\":\"es\"}]}<\/script>\n<!-- \/ Yoast SEO plugin. -->","yoast_head_json":{"title":"Fondo de inversi\u00f3n | Inversi\u00f3n colaborativa con Horizons28","description":"\u00danase a Horizons28: invierta con otros y acceda a oportunidades diversificadas de alto rendimiento.","robots":{"index":"index","follow":"follow","max-snippet":"max-snippet:-1","max-image-preview":"max-image-preview:large","max-video-preview":"max-video-preview:-1"},"canonical":"http:\/\/horizons28.com\/es\/fondo-de-inversion\/","og_locale":"es_ES","og_type":"article","og_title":"Fondo de inversi\u00f3n | Inversi\u00f3n colaborativa con Horizons28","og_description":"\u00danase a Horizons28: invierta con otros y acceda a oportunidades diversificadas de alto rendimiento.","og_url":"http:\/\/horizons28.com\/es\/fondo-de-inversion\/","og_site_name":"Horizons28","article_modified_time":"2025-04-15T07:19:16+00:00","og_image":[{"url":"http:\/\/horizons28.com\/wp-content\/uploads\/2025\/04\/horizons28-investment-pool.png","type":"","width":"","height":""}],"twitter_card":"summary_large_image","twitter_misc":{"Tiempo de lectura":"2 minutos"},"schema":{"@context":"https:\/\/schema.org","@graph":[{"@type":"WebPage","@id":"http:\/\/horizons28.com\/es\/fondo-de-inversion\/","url":"http:\/\/horizons28.com\/es\/fondo-de-inversion\/","name":"Fondo de inversi\u00f3n | Inversi\u00f3n colaborativa con Horizons28","isPartOf":{"@id":"http:\/\/horizons28.com\/es\/#website"},"primaryImageOfPage":{"@id":"http:\/\/horizons28.com\/es\/fondo-de-inversion\/#primaryimage"},"image":{"@id":"http:\/\/horizons28.com\/es\/fondo-de-inversion\/#primaryimage"},"thumbnailUrl":"http:\/\/horizons28.com\/wp-content\/uploads\/2025\/04\/horizons28-investment-pool.png","datePublished":"2025-04-04T07:20:13+00:00","dateModified":"2025-04-15T07:19:16+00:00","description":"\u00danase a Horizons28: invierta con otros y acceda a oportunidades diversificadas de alto rendimiento.","breadcrumb":{"@id":"http:\/\/horizons28.com\/es\/fondo-de-inversion\/#breadcrumb"},"inLanguage":"es","potentialAction":[{"@type":"ReadAction","target":["http:\/\/horizons28.com\/es\/fondo-de-inversion\/"]}]},{"@type":"ImageObject","inLanguage":"es","@id":"http:\/\/horizons28.com\/es\/fondo-de-inversion\/#primaryimage","url":"http:\/\/horizons28.com\/wp-content\/uploads\/2025\/04\/horizons28-investment-pool.png","contentUrl":"http:\/\/horizons28.com\/wp-content\/uploads\/2025\/04\/horizons28-investment-pool.png"},{"@type":"BreadcrumbList","@id":"http:\/\/horizons28.com\/es\/fondo-de-inversion\/#breadcrumb","itemListElement":[{"@type":"ListItem","position":1,"name":"Home","item":"https:\/\/horizons28.com\/es\/"},{"@type":"ListItem","position":2,"name":"Fondo de inversi\u00f3n"}]},{"@type":"WebSite","@id":"http:\/\/horizons28.com\/es\/#website","url":"http:\/\/horizons28.com\/es\/","name":"Horizons28","description":"","potentialAction":[{"@type":"SearchAction","target":{"@type":"EntryPoint","urlTemplate":"http:\/\/horizons28.com\/es\/?s={search_term_string}"},"query-input":{"@type":"PropertyValueSpecification","valueRequired":true,"valueName":"search_term_string"}}],"inLanguage":"es"}]}},"_links":{"self":[{"href":"http:\/\/horizons28.com\/es\/wp-json\/wp\/v2\/pages\/862","targetHints":{"allow":["GET"]}}],"collection":[{"href":"http:\/\/horizons28.com\/es\/wp-json\/wp\/v2\/pages"}],"about":[{"href":"http:\/\/horizons28.com\/es\/wp-json\/wp\/v2\/types\/page"}],"author":[{"embeddable":true,"href":"http:\/\/horizons28.com\/es\/wp-json\/wp\/v2\/users\/1"}],"replies":[{"embeddable":true,"href":"http:\/\/horizons28.com\/es\/wp-json\/wp\/v2\/comments?post=862"}],"version-history":[{"count":1,"href":"http:\/\/horizons28.com\/es\/wp-json\/wp\/v2\/pages\/862\/revisions"}],"predecessor-version":[{"id":1162,"href":"http:\/\/horizons28.com\/es\/wp-json\/wp\/v2\/pages\/862\/revisions\/1162"}],"wp:attachment":[{"href":"http:\/\/horizons28.com\/es\/wp-json\/wp\/v2\/media?parent=862"}],"curies":[{"name":"wp","href":"https:\/\/api.w.org\/{rel}","templated":true}]}}