{"id":748,"date":"2025-04-07T12:16:18","date_gmt":"2025-04-07T12:16:18","guid":{"rendered":"http:\/\/horizons28.com\/politique-de-retrait\/"},"modified":"2025-04-15T06:27:51","modified_gmt":"2025-04-15T06:27:51","slug":"politique-de-retrait","status":"publish","type":"page","link":"http:\/\/horizons28.com\/fr\/politique-de-retrait\/","title":{"rendered":"Politique de retrait"},"content":{"rendered":"\n\n\t<p><strong>Derni\u00e8re mise \u00e0 jour : 5 mars 2025<\/strong><\/p>\n<p>Chez Horizons28 (ci-apr\u00e8s d\u00e9nomm\u00e9 \u00ab Horizons28 \u00bb, \u00ab nous \u00bb, \u00ab notre \u00bb ou \u00ab la soci\u00e9t\u00e9 \u00bb), nous nous engageons \u00e0 garantir un processus fluide et transparent pour le retrait de fonds de votre compte de trading. Cette politique de retrait expose les principales directives, \u00e9tapes et conditions r\u00e9gissant le retrait de fonds. En utilisant notre plateforme, vous reconnaissez et acceptez de vous conformer aux conditions pr\u00e9sent\u00e9es dans cette politique.  <\/p>\n<h3>1. \u00c9ligibilit\u00e9 au retrait<\/h3>\n<p>Pour demander un retrait de votre compte Horizons28, les conditions suivantes doivent \u00eatre remplies :<\/p>\n<p>Votre compte doit \u00eatre v\u00e9rifi\u00e9 avec succ\u00e8s conform\u00e9ment \u00e0 nos proc\u00e9dures de Connaissance du Client (KYC) et de Lutte contre le Blanchiment d&rsquo;Argent (LBA).<\/p>\n<ul>\n<li>Votre compte doit maintenir un solde positif (c&rsquo;est-\u00e0-dire ne pas \u00eatre soumis \u00e0 des appels de marge ou afficher un solde n\u00e9gatif).<\/li>\n<li>Les fonds ne doivent pas \u00eatre actuellement li\u00e9s \u00e0 des transactions actives ou servir de garantie\/marge.<\/li>\n<li>La demande de retrait doit respecter le seuil minimum de retrait fix\u00e9 par Horizons28.<\/li>\n<\/ul>\n<h3>2. Processus de retrait<\/h3>\n<h4>2.1 Soumission d&rsquo;une demande<\/h4>\n<p>Les retraits peuvent \u00eatre initi\u00e9s en vous connectant \u00e0 votre compte Horizons28 et en soumettant une demande via notre portail s\u00e9curis\u00e9. Vous devrez sp\u00e9cifier le montant du retrait et choisir un mode de paiement pr\u00e9f\u00e9r\u00e9. <\/p>\n<h4>2.2 D\u00e9lai de traitement<\/h4>\n<p>Une fois votre demande soumise, nous nous effor\u00e7ons de la traiter dans un d\u00e9lai de 3 jours ouvrables. Veuillez noter que le d\u00e9lai total de r\u00e9ception des fonds peut varier en fonction de votre statut de v\u00e9rification et du mode de paiement choisi. <\/p>\n<ul>\n<li>Virements bancaires : G\u00e9n\u00e9ralement 3 \u00e0 5 jours ouvrables<\/li>\n<li>Retraits en cryptomonnaie : Trait\u00e9s dans les 24 heures<\/li>\n<\/ul>\n<h4>2.3 Frais applicables<\/h4>\n<p>Horizons28 peut appliquer des frais de traitement pour les retraits. Ces frais seront clairement affich\u00e9s avant que vous ne confirmiez votre demande. Les frais d\u00e9pendent du mode de paiement s\u00e9lectionn\u00e9 et peuvent changer sans pr\u00e9avis. Les frais suppl\u00e9mentaires des banques ou des processeurs de paiement sont \u00e0 la charge du client.   <\/p>\n<h3>3. Options de paiement<\/h3>\n<p>Horizons28 propose plusieurs m\u00e9thodes de retrait pour r\u00e9pondre \u00e0 vos besoins :<\/p>\n<ul>\n<li>Virements bancaires locaux et internationaux<\/li>\n<li>Cryptomonnaies (par exemple, Bitcoin, Ethereum)<\/li>\n<li>Autres options telles que les virements t\u00e9l\u00e9graphiques et les cartes de cr\u00e9dit\/d\u00e9bit<\/li>\n<\/ul>\n<p>La disponibilit\u00e9 des m\u00e9thodes de retrait sp\u00e9cifiques peut varier selon l&#8217;emplacement et la devise.<\/p>\n<h3>4. Limites de retrait<\/h3>\n<p>Les demandes de retrait sont soumises \u00e0 des limites pr\u00e9d\u00e9finies pour maintenir l&rsquo;efficacit\u00e9 de la plateforme et la s\u00e9curit\u00e9 des utilisateurs.<\/p>\n<strong>Montant minimum de retrait : 50 $<\/strong><br \/>\nPour les retraits plus importants, Horizons28 peut demander une v\u00e9rification d&rsquo;identit\u00e9 ou une documentation suppl\u00e9mentaire.\n<h3>5. V\u00e9rification du compte et s\u00e9curit\u00e9<\/h3>\n<h4>5.1 V\u00e9rification d&rsquo;identit\u00e9<\/h4>\n<p>Pour se conformer aux normes l\u00e9gales et renforcer la s\u00e9curit\u00e9 de la plateforme, tous les utilisateurs doivent compl\u00e9ter une v\u00e9rification d&rsquo;identit\u00e9 avant qu&rsquo;un retrait ne soit approuv\u00e9. Ce processus peut inclure : <\/p>\n<ul>\n<li>Une pi\u00e8ce d&rsquo;identit\u00e9 valide avec photo d\u00e9livr\u00e9e par le gouvernement ou un permis de conduire<\/li>\n<li>Une preuve de domicile (par exemple, une facture de services publics ou un relev\u00e9 bancaire)<\/li>\n<li>Des documents suppl\u00e9mentaires sur demande<\/li>\n<\/ul>\n<h4>5.2 Restrictions de s\u00e9curit\u00e9<\/h4>\n<p>Horizons28 peut retarder ou restreindre les retraits en cas de suspicion de fraude, de violation de la politique ou d&rsquo;intervention r\u00e9glementaire. Nous nous r\u00e9servons le droit de suspendre le traitement dans de tels cas \u00e0 des fins d&rsquo;enqu\u00eate et de s\u00e9curit\u00e9. <\/p>\n<h3>6. Demandes rejet\u00e9es ou retard\u00e9es<\/h3>\n<p>Votre demande de retrait peut \u00eatre retard\u00e9e ou refus\u00e9e pour les raisons suivantes :<\/p>\n<ul>\n<li>Solde insuffisant ou exigences de marge en attente<\/li>\n<li>Profil d&rsquo;utilisateur non v\u00e9rifi\u00e9 ou incomplet<\/li>\n<li>Erreurs dans les d\u00e9tails du retrait<\/li>\n<li>Suspicion de violation des conditions ou d&rsquo;activit\u00e9 frauduleuse<\/li>\n<li>Perturbations techniques des syst\u00e8mes de paiement ou de la plateforme<\/li>\n<\/ul>\n<p>Si votre demande est retard\u00e9e ou refus\u00e9e, Horizons28 vous en informera en pr\u00e9cisant la raison et vous conseillera sur la marche \u00e0 suivre.<\/p>\n<h3>7. Change de devises et frais<\/h3>\n<p>Lorsqu&rsquo;un retrait implique une conversion de devises (par exemple, USD vers EUR), le taux de change appliqu\u00e9 refl\u00e8tera les taux du march\u00e9 au moment du traitement. Les conversions de devises peuvent \u00e9galement entra\u00eener des frais suppl\u00e9mentaires en fonction de la m\u00e9thode de retrait et du fournisseur utilis\u00e9.<\/p>\n<h3>8. Modifications de la politique de retrait<\/h3>\n<p>Horizons28 se r\u00e9serve le droit de modifier ou de mettre \u00e0 jour cette politique de retrait \u00e0 tout moment. Tout changement sera communiqu\u00e9 par les canaux appropri\u00e9s et publi\u00e9 sur notre site web. Votre utilisation continue de nos services apr\u00e8s les mises \u00e0 jour constitue une acceptation de la politique r\u00e9vis\u00e9e.<\/p>\n<h6>\n\t\tHorizons28\n\t<\/h6>\n\tWeWork<br \/>\n90 York Wy<br \/>\nLondres N1 9AG<br \/>\nRoyaume-Uni\nE-mail : support@horizons28.com<br \/>\nT\u00e9l\u00e9phone : +44 203 9618 738\n<p>En utilisant les services de Horizons28, vous reconnaissez avoir lu et compris le contenu de ce document.<\/p>\n<p><strong>Date d&rsquo;entr\u00e9e en vigueur : 5 mars 2025<\/strong><\/p>\n<h3>\n\t\tPr\u00eat \u00e0 trader plus intelligemment ? D\u00e9couvrez une vraie rapidit\u00e9, de vrais march\u00e9s et de vrais r\u00e9sultats.\n\t<\/h3>\n\t\t\t<a href=\"https:\/\/area.horizons28.net\/auth\/registration\" target=\"_blank\" rel=\"noopener\">\n\t\t\t\t\t\t\tRejoignez Horizons28\n\t\t\t<\/a>\n\n","protected":false},"excerpt":{"rendered":"<p>Derni\u00e8re mise \u00e0 jour : 5 mars 2025 Chez Horizons28 (ci-apr\u00e8s d\u00e9nomm\u00e9 \u00ab Horizons28 \u00bb, \u00ab nous \u00bb, \u00ab notre \u00bb ou \u00ab la soci\u00e9t\u00e9 \u00bb), nous nous engageons \u00e0 garantir un processus fluide et transparent pour le retrait de fonds de votre compte de trading. Cette politique de retrait expose les principales directives, \u00e9tapes&hellip;<\/p>\n","protected":false},"author":1,"featured_media":0,"parent":0,"menu_order":0,"comment_status":"closed","ping_status":"closed","template":"","meta":{"footnotes":""},"class_list":["post-748","page","type-page","status-publish","hentry"],"yoast_head":"<!-- This site is optimized with the Yoast SEO plugin v27.4 - https:\/\/yoast.com\/product\/yoast-seo-wordpress\/ -->\n<title>Politique de retrait | Retraits de fonds rapides et s\u00e9curis\u00e9s chez Horizons28<\/title>\n<meta name=\"description\" content=\"D\u00e9couvrez le processus de retrait chez Horizons28 : d\u00e9lais, m\u00e9thodes et s\u00e9curit\u00e9.\" \/>\n<meta name=\"robots\" content=\"index, follow, max-snippet:-1, max-image-preview:large, max-video-preview:-1\" \/>\n<link rel=\"canonical\" href=\"http:\/\/horizons28.com\/fr\/politique-de-retrait\/\" \/>\n<meta property=\"og:locale\" content=\"fr_FR\" \/>\n<meta property=\"og:type\" content=\"article\" \/>\n<meta property=\"og:title\" content=\"Politique de retrait | Retraits de fonds rapides et s\u00e9curis\u00e9s chez Horizons28\" \/>\n<meta property=\"og:description\" content=\"D\u00e9couvrez le processus de retrait chez Horizons28 : d\u00e9lais, m\u00e9thodes et s\u00e9curit\u00e9.\" \/>\n<meta property=\"og:url\" content=\"http:\/\/horizons28.com\/fr\/politique-de-retrait\/\" \/>\n<meta property=\"og:site_name\" content=\"Horizons28\" \/>\n<meta property=\"article:modified_time\" content=\"2025-04-15T06:27:51+00:00\" \/>\n<meta name=\"twitter:card\" content=\"summary_large_image\" \/>\n<meta name=\"twitter:label1\" content=\"Dur\u00e9e de lecture estim\u00e9e\" \/>\n\t<meta name=\"twitter:data1\" content=\"4 minutes\" \/>\n<script type=\"application\/ld+json\" class=\"yoast-schema-graph\">{\"@context\":\"https:\\\/\\\/schema.org\",\"@graph\":[{\"@type\":\"WebPage\",\"@id\":\"http:\\\/\\\/horizons28.com\\\/fr\\\/politique-de-retrait\\\/\",\"url\":\"http:\\\/\\\/horizons28.com\\\/fr\\\/politique-de-retrait\\\/\",\"name\":\"Politique de retrait | Retraits de fonds rapides et s\u00e9curis\u00e9s chez Horizons28\",\"isPartOf\":{\"@id\":\"http:\\\/\\\/horizons28.com\\\/fr\\\/#website\"},\"datePublished\":\"2025-04-07T12:16:18+00:00\",\"dateModified\":\"2025-04-15T06:27:51+00:00\",\"description\":\"D\u00e9couvrez le processus de retrait chez Horizons28 : d\u00e9lais, m\u00e9thodes et s\u00e9curit\u00e9.\",\"breadcrumb\":{\"@id\":\"http:\\\/\\\/horizons28.com\\\/fr\\\/politique-de-retrait\\\/#breadcrumb\"},\"inLanguage\":\"fr-FR\",\"potentialAction\":[{\"@type\":\"ReadAction\",\"target\":[\"http:\\\/\\\/horizons28.com\\\/fr\\\/politique-de-retrait\\\/\"]}]},{\"@type\":\"BreadcrumbList\",\"@id\":\"http:\\\/\\\/horizons28.com\\\/fr\\\/politique-de-retrait\\\/#breadcrumb\",\"itemListElement\":[{\"@type\":\"ListItem\",\"position\":1,\"name\":\"Home\",\"item\":\"https:\\\/\\\/horizons28.com\\\/fr\\\/\"},{\"@type\":\"ListItem\",\"position\":2,\"name\":\"Politique de retrait\"}]},{\"@type\":\"WebSite\",\"@id\":\"http:\\\/\\\/horizons28.com\\\/fr\\\/#website\",\"url\":\"http:\\\/\\\/horizons28.com\\\/fr\\\/\",\"name\":\"Horizons28\",\"description\":\"\",\"potentialAction\":[{\"@type\":\"SearchAction\",\"target\":{\"@type\":\"EntryPoint\",\"urlTemplate\":\"http:\\\/\\\/horizons28.com\\\/fr\\\/?s={search_term_string}\"},\"query-input\":{\"@type\":\"PropertyValueSpecification\",\"valueRequired\":true,\"valueName\":\"search_term_string\"}}],\"inLanguage\":\"fr-FR\"}]}<\/script>\n<!-- \/ Yoast SEO plugin. -->","yoast_head_json":{"title":"Politique de retrait | Retraits de fonds rapides et s\u00e9curis\u00e9s chez Horizons28","description":"D\u00e9couvrez le processus de retrait chez Horizons28 : d\u00e9lais, m\u00e9thodes et s\u00e9curit\u00e9.","robots":{"index":"index","follow":"follow","max-snippet":"max-snippet:-1","max-image-preview":"max-image-preview:large","max-video-preview":"max-video-preview:-1"},"canonical":"http:\/\/horizons28.com\/fr\/politique-de-retrait\/","og_locale":"fr_FR","og_type":"article","og_title":"Politique de retrait | Retraits de fonds rapides et s\u00e9curis\u00e9s chez Horizons28","og_description":"D\u00e9couvrez le processus de retrait chez Horizons28 : d\u00e9lais, m\u00e9thodes et s\u00e9curit\u00e9.","og_url":"http:\/\/horizons28.com\/fr\/politique-de-retrait\/","og_site_name":"Horizons28","article_modified_time":"2025-04-15T06:27:51+00:00","twitter_card":"summary_large_image","twitter_misc":{"Dur\u00e9e de lecture estim\u00e9e":"4 minutes"},"schema":{"@context":"https:\/\/schema.org","@graph":[{"@type":"WebPage","@id":"http:\/\/horizons28.com\/fr\/politique-de-retrait\/","url":"http:\/\/horizons28.com\/fr\/politique-de-retrait\/","name":"Politique de retrait | Retraits de fonds rapides et s\u00e9curis\u00e9s chez Horizons28","isPartOf":{"@id":"http:\/\/horizons28.com\/fr\/#website"},"datePublished":"2025-04-07T12:16:18+00:00","dateModified":"2025-04-15T06:27:51+00:00","description":"D\u00e9couvrez le processus de retrait chez Horizons28 : d\u00e9lais, m\u00e9thodes et s\u00e9curit\u00e9.","breadcrumb":{"@id":"http:\/\/horizons28.com\/fr\/politique-de-retrait\/#breadcrumb"},"inLanguage":"fr-FR","potentialAction":[{"@type":"ReadAction","target":["http:\/\/horizons28.com\/fr\/politique-de-retrait\/"]}]},{"@type":"BreadcrumbList","@id":"http:\/\/horizons28.com\/fr\/politique-de-retrait\/#breadcrumb","itemListElement":[{"@type":"ListItem","position":1,"name":"Home","item":"https:\/\/horizons28.com\/fr\/"},{"@type":"ListItem","position":2,"name":"Politique de retrait"}]},{"@type":"WebSite","@id":"http:\/\/horizons28.com\/fr\/#website","url":"http:\/\/horizons28.com\/fr\/","name":"Horizons28","description":"","potentialAction":[{"@type":"SearchAction","target":{"@type":"EntryPoint","urlTemplate":"http:\/\/horizons28.com\/fr\/?s={search_term_string}"},"query-input":{"@type":"PropertyValueSpecification","valueRequired":true,"valueName":"search_term_string"}}],"inLanguage":"fr-FR"}]}},"_links":{"self":[{"href":"http:\/\/horizons28.com\/fr\/wp-json\/wp\/v2\/pages\/748","targetHints":{"allow":["GET"]}}],"collection":[{"href":"http:\/\/horizons28.com\/fr\/wp-json\/wp\/v2\/pages"}],"about":[{"href":"http:\/\/horizons28.com\/fr\/wp-json\/wp\/v2\/types\/page"}],"author":[{"embeddable":true,"href":"http:\/\/horizons28.com\/fr\/wp-json\/wp\/v2\/users\/1"}],"replies":[{"embeddable":true,"href":"http:\/\/horizons28.com\/fr\/wp-json\/wp\/v2\/comments?post=748"}],"version-history":[{"count":1,"href":"http:\/\/horizons28.com\/fr\/wp-json\/wp\/v2\/pages\/748\/revisions"}],"predecessor-version":[{"id":1095,"href":"http:\/\/horizons28.com\/fr\/wp-json\/wp\/v2\/pages\/748\/revisions\/1095"}],"wp:attachment":[{"href":"http:\/\/horizons28.com\/fr\/wp-json\/wp\/v2\/media?parent=748"}],"curies":[{"name":"wp","href":"https:\/\/api.w.org\/{rel}","templated":true}]}}