{"id":786,"date":"2025-04-04T07:19:52","date_gmt":"2025-04-04T07:19:52","guid":{"rendered":"http:\/\/horizons28.com\/operation-darbitrage\/"},"modified":"2025-04-15T06:14:25","modified_gmt":"2025-04-15T06:14:25","slug":"operation-darbitrage","status":"publish","type":"page","link":"http:\/\/horizons28.com\/fr\/operation-darbitrage\/","title":{"rendered":"Op\u00e9ration d&rsquo;arbitrage"},"content":{"rendered":"\n<h1>\n\t\tDes profits plus rapides. Un risque moindre. \n\t<\/h1>\n\t<p>Exploitez sans effort les \u00e9carts de prix \u00e0 fort potentiel gr\u00e2ce \u00e0 l&rsquo;arbitrage en temps r\u00e9el sur les cryptomonnaies, le forex, les actions et bien plus encore.<\/p>\n\t\t\t<a href=\"https:\/\/area.horizons28.net\/auth\/registration\" target=\"_blank\" rel=\"noopener\">\n\t\t\t\t\t\t\tRejoignez Horizons28\n\t\t\t<\/a>\n\t\t\t\t<img loading=\"lazy\" decoding=\"async\" src=\"http:\/\/horizons28.com\/wp-content\/uploads\/2025\/04\/arbitrage-trading.png\" alt=\"Arbitrage Trading\" itemprop=\"image\" height=\"507\" width=\"600\" title=\"arbitrage-trading\" onerror=\"this.style.display='none'\"  \/>\n<h2>\n\t\tPourquoi pratiquer l&rsquo;arbitrage avec Horizons28 ?\n\t<\/h2>\n\t<p>Bienvenue dans le monde du <strong>trading plus intelligent et \u00e0 faible risque<\/strong>. Le moteur d&rsquo;arbitrage d&rsquo;Horizons28 identifie les \u00e9carts de prix en temps r\u00e9el sur les march\u00e9s mondiaux, <strong>vous permettant ainsi de trader plus rapidement, plus s\u00fbrement et de mani\u00e8re plus rentable<\/strong>. Il est pr\u00e9cis, efficace et toujours une longueur d&rsquo;avance.  <\/p>\n<h2>\n\t\tRisque r\u00e9duit\n\t<\/h2>\n\t<p>L&rsquo;arbitrage minimise l&rsquo;exposition en \u00e9liminant la d\u00e9pendance \u00e0 la direction du march\u00e9. Lorsqu&rsquo;il est correctement ex\u00e9cut\u00e9, il g\u00e9n\u00e8re des rendements constants bas\u00e9s sur les \u00e9carts de prix en temps r\u00e9el. <\/p>\n<h2>\n\t\tLarge couverture d&rsquo;actifs\n\t<\/h2>\n\t<p>Que vous n\u00e9gociiez des cryptomonnaies, des paires de devises, des actions mondiales ou des mati\u00e8res premi\u00e8res, la plateforme vous donne acc\u00e8s aux prix sur de multiples bourses.<\/p>\n<h2>\n\t\tR\u00e9sultats rapides\n\t<\/h2>\n\t<p>Avec l&rsquo;arbitrage, les r\u00e9sultats sont rapides. Identifiez, ex\u00e9cutez et r\u00e9alisez des profits \u2013 souvent en quelques minutes, et non en mois. Minimisez votre profil de risque tout en maximisant votre potentiel de profit.  <\/p>\n<h2>\n\t\tImmunis\u00e9 contre les fluctuations\n\t<\/h2>\n\t<p>Que vous d\u00e9butiez ou que vous soyez d\u00e9j\u00e0 exp\u00e9riment\u00e9, l&rsquo;arbitrage ne d\u00e9pend pas de l&rsquo;\u00e9volution du march\u00e9 \u00e0 la hausse ou \u00e0 la baisse. Cette strat\u00e9gie reste efficace m\u00eame dans des conditions volatiles. <\/p>\n<h2>\n\t\tCroissance \u00e0 grande \u00e9chelle\n\t<\/h2>\n\t<p>R\u00e9p\u00e9tez les transactions r\u00e9ussies sur des volumes plus importants pour amplifier les rendements. L&rsquo;arbitrage est id\u00e9al tant pour les traders \u00e0 petite \u00e9chelle que pour ceux \u00e0 haute fr\u00e9quence. Rincez et r\u00e9p\u00e9tez !  <\/p>\n<h2>\n\t\tParfait pour l&rsquo;automatisation\n\t<\/h2>\n\t<p>L&rsquo;infrastructure d&rsquo;Horizons28 prend en charge l&rsquo;automatisation, vous permettant d&rsquo;ex\u00e9cuter des transactions instantan\u00e9ment et de capitaliser sur des opportunit\u00e9s \u00e9ph\u00e9m\u00e8res sans intervention manuelle.<\/p>\n<h3>\n\t\tLe trading d&rsquo;arbitrage chez Horizons28\n\t<\/h3>\n<h3>\n\t\tBienvenue dans le monde du trading plus intelligent et \u00e0 faible risque.\n\t<\/h3>\n\t<p>Le moteur d&rsquo;arbitrage d&rsquo;Horizons28 identifie les \u00e9carts de prix en temps r\u00e9el sur les march\u00e9s mondiaux \u2013 <strong>vous permettant ainsi de trader plus rapidement, plus s\u00fbrement et de mani\u00e8re plus rentable<\/strong>. Il est pr\u00e9cis, efficace et toujours une longueur d&rsquo;avance. <\/p>\n\t\t<h4>Outils de niveau professionnel<\/h4>\t\t\t\n\t\t\t\t<p>Acc\u00e9dez \u00e0 une infrastructure de trading robuste soutenue par des analyses en temps r\u00e9el et des donn\u00e9es de march\u00e9 approfondies.<\/p>\n\t\t<h4>Support D\u00e9di\u00e9<\/h4>\t\t\t\n\t\t\t\t<p>Nos conseillers en trading vous aident \u00e0 naviguer parmi les strat\u00e9gies, les outils et l&rsquo;ex\u00e9cution.<\/p>\n\t\t<h4>S\u00e9curit\u00e9 de pointe<\/h4>\t\t\t\n\t\t\t\t<p>Un chiffrement de haut niveau et des protocoles de s\u00e9curit\u00e9 robustes prot\u00e8gent vos transactions et vos fonds.<\/p>\n\t\t<h4>Co\u00fbts ultra-bas<\/h4>\t\t\t\n\t\t\t\t<p>Minimisez les frictions gr\u00e2ce \u00e0 notre structure tarifaire adapt\u00e9e aux traders, con\u00e7ue pour une activit\u00e9 \u00e0 haute fr\u00e9quence.<\/p>\n<h3>\n\t\tTrading am\u00e9lior\u00e9 avec Horizons28\n\t<\/h3>\n<h3>\n\t\tExplorez les m\u00e9thodes d&rsquo;arbitrage populaires\n\t<\/h3>\n\t\t\t<h4>Arbitrage inter-march\u00e9s<\/h4>\t\t\t\n\t\t\t\t<p><strong>Aper\u00e7u :<\/strong> Achetez et vendez le m\u00eame actif sur deux plateformes \u00e0 des prix diff\u00e9rents.<\/p>\n<p><strong>Exemple :<\/strong> Achat d&rsquo;ETH sur la Bourse A \u00e0 1 820 $ et vente sur la Bourse B \u00e0 1 835 $.<\/p>\n\t\t\t<h4>Arbitrage algorithmique<\/h4>\t\t\t\n\t\t\t\t<p><strong>Aper\u00e7u :<\/strong> Utilisez des robots de trading et des mod\u00e8les de donn\u00e9es pour d\u00e9couvrir des anomalies de prix.<\/p>\n<p><strong>Exemple :<\/strong> D\u00e9ploiement de scripts qui effectuent des transactions automatiques bas\u00e9es sur des inefficacit\u00e9s \u00e0 court terme sur les paires d&rsquo;actions ou de devises.<\/p>\n\t\t\t<h4>Arbitrage en boucle de devises<\/h4>\t\t\t\n\t\t\t\t<p><strong>Aper\u00e7u :<\/strong> N\u00e9gociez \u00e0 travers un cycle de trois devises pour capturer de petits d\u00e9calages de prix.<\/p>\n<p><strong>Exemple :<\/strong> Effectuez la s\u00e9quence USD \u2192 JPY \u2192 EUR \u2192 USD et verrouillez les gains nets.<\/p>\n<h5>\n\t\tCommencez l&rsquo;arbitrage avec Horizons28\n\t<\/h5>\n\t\t\t\t\t\t\t\t\t\t\t\t\t\t\t<h5>1<\/h5>\n\t\t\t\t\t\t<p>Acc\u00e9dez \u00e0 Votre Compte<\/p>\t\t\t\t\t\n\t\t\t<!-- END .front -->\n\t\t\t\t\t\t<p>Inscrivez-vous sur Horizons28 ou connectez-vous pour commencer.<\/p>\t\t\t\t\t\n\t\t\t<!-- END .back -->\n\t\t <!-- ifb-flip-box -->\n\t <!-- flip-box -->\n\t\t\t\t\t\t\t\t\t\t\t\t\t\t\t<h5>2<\/h5>\n\t\t\t\t\t\t<p>Suivez notre formation<\/p>\t\t\t\t\t\n\t\t\t<!-- END .front -->\n\t\t\t\t\t\t<p>Parcourez nos guides d&rsquo;arbitrage et apprenez gr\u00e2ce \u00e0 nos ressources ax\u00e9es sur la strat\u00e9gie.<\/p>\t\t\t\t\t\n\t\t\t<!-- END .back -->\n\t\t <!-- ifb-flip-box -->\n\t <!-- flip-box -->\n\t\t\t\t\t\t\t\t\t\t\t\t\t\t\t<h5>3<\/h5>\n\t\t\t\t\t\t<p>Tradez en toute confiance<\/p>\t\t\t\t\t\n\t\t\t<!-- END .front -->\n\t\t\t\t\t\t<p>Utilisez les outils de pr\u00e9cision d&rsquo;Horizons28 pour effectuer des transactions en temps r\u00e9el qui transforment l&rsquo;arbitrage en profit.<\/p>\t\t\t\t\t\n\t\t\t<!-- END .back -->\n\t\t <!-- ifb-flip-box -->\n\t <!-- flip-box -->\n<h3>\n\t\tPr\u00eat \u00e0 trader plus intelligemment ? D\u00e9couvrez une vraie rapidit\u00e9, de vrais march\u00e9s et de vrais r\u00e9sultats.\n\t<\/h3>\n\t\t\t<a href=\"https:\/\/area.horizons28.net\/auth\/registration\" target=\"_blank\" rel=\"noopener\">\n\t\t\t\t\t\t\tRejoignez Horizons28\n\t\t\t<\/a>\n\n","protected":false},"excerpt":{"rendered":"<p>Des profits plus rapides. Un risque moindre. Exploitez sans effort les \u00e9carts de prix \u00e0 fort potentiel gr\u00e2ce \u00e0 l&rsquo;arbitrage en temps r\u00e9el sur les cryptomonnaies, le forex, les actions et bien plus encore. Rejoignez Horizons28 Pourquoi pratiquer l&rsquo;arbitrage avec Horizons28 ? Bienvenue dans le monde du trading plus intelligent et \u00e0 faible risque. Le&hellip;<\/p>\n","protected":false},"author":1,"featured_media":0,"parent":0,"menu_order":0,"comment_status":"closed","ping_status":"closed","template":"","meta":{"footnotes":""},"class_list":["post-786","page","type-page","status-publish","hentry"],"yoast_head":"<!-- This site is optimized with the Yoast SEO plugin v27.4 - https:\/\/yoast.com\/product\/yoast-seo-wordpress\/ -->\n<title>Trading d&#039;arbitrage | Tirez profit des inefficacit\u00e9s du march\u00e9 avec Horizons28<\/title>\n<meta name=\"description\" content=\"D\u00e9couvrez l&#039;arbitrage \u00e0 risque contr\u00f4l\u00e9 avec Horizons28. Maximisez vos profits par une ex\u00e9cution rapide et intelligente.\" \/>\n<meta name=\"robots\" content=\"index, follow, max-snippet:-1, max-image-preview:large, max-video-preview:-1\" \/>\n<link rel=\"canonical\" href=\"http:\/\/horizons28.com\/fr\/operation-darbitrage\/\" \/>\n<meta property=\"og:locale\" content=\"fr_FR\" \/>\n<meta property=\"og:type\" content=\"article\" \/>\n<meta property=\"og:title\" content=\"Trading d&#039;arbitrage | Tirez profit des inefficacit\u00e9s du march\u00e9 avec Horizons28\" \/>\n<meta property=\"og:description\" content=\"D\u00e9couvrez l&#039;arbitrage \u00e0 risque contr\u00f4l\u00e9 avec Horizons28. Maximisez vos profits par une ex\u00e9cution rapide et intelligente.\" \/>\n<meta property=\"og:url\" content=\"http:\/\/horizons28.com\/fr\/operation-darbitrage\/\" \/>\n<meta property=\"og:site_name\" content=\"Horizons28\" \/>\n<meta property=\"article:modified_time\" content=\"2025-04-15T06:14:25+00:00\" \/>\n<meta property=\"og:image\" content=\"http:\/\/horizons28.com\/wp-content\/uploads\/2025\/04\/arbitrage-trading.png\" \/>\n<meta name=\"twitter:card\" content=\"summary_large_image\" \/>\n<meta name=\"twitter:label1\" content=\"Dur\u00e9e de lecture estim\u00e9e\" \/>\n\t<meta name=\"twitter:data1\" content=\"3 minutes\" \/>\n<script type=\"application\/ld+json\" class=\"yoast-schema-graph\">{\"@context\":\"https:\\\/\\\/schema.org\",\"@graph\":[{\"@type\":\"WebPage\",\"@id\":\"http:\\\/\\\/horizons28.com\\\/fr\\\/operation-darbitrage\\\/\",\"url\":\"http:\\\/\\\/horizons28.com\\\/fr\\\/operation-darbitrage\\\/\",\"name\":\"Trading d'arbitrage | Tirez profit des inefficacit\u00e9s du march\u00e9 avec Horizons28\",\"isPartOf\":{\"@id\":\"http:\\\/\\\/horizons28.com\\\/fr\\\/#website\"},\"primaryImageOfPage\":{\"@id\":\"http:\\\/\\\/horizons28.com\\\/fr\\\/operation-darbitrage\\\/#primaryimage\"},\"image\":{\"@id\":\"http:\\\/\\\/horizons28.com\\\/fr\\\/operation-darbitrage\\\/#primaryimage\"},\"thumbnailUrl\":\"http:\\\/\\\/horizons28.com\\\/wp-content\\\/uploads\\\/2025\\\/04\\\/arbitrage-trading.png\",\"datePublished\":\"2025-04-04T07:19:52+00:00\",\"dateModified\":\"2025-04-15T06:14:25+00:00\",\"description\":\"D\u00e9couvrez l'arbitrage \u00e0 risque contr\u00f4l\u00e9 avec Horizons28. Maximisez vos profits par une ex\u00e9cution rapide et intelligente.\",\"breadcrumb\":{\"@id\":\"http:\\\/\\\/horizons28.com\\\/fr\\\/operation-darbitrage\\\/#breadcrumb\"},\"inLanguage\":\"fr-FR\",\"potentialAction\":[{\"@type\":\"ReadAction\",\"target\":[\"http:\\\/\\\/horizons28.com\\\/fr\\\/operation-darbitrage\\\/\"]}]},{\"@type\":\"ImageObject\",\"inLanguage\":\"fr-FR\",\"@id\":\"http:\\\/\\\/horizons28.com\\\/fr\\\/operation-darbitrage\\\/#primaryimage\",\"url\":\"http:\\\/\\\/horizons28.com\\\/wp-content\\\/uploads\\\/2025\\\/04\\\/arbitrage-trading.png\",\"contentUrl\":\"http:\\\/\\\/horizons28.com\\\/wp-content\\\/uploads\\\/2025\\\/04\\\/arbitrage-trading.png\"},{\"@type\":\"BreadcrumbList\",\"@id\":\"http:\\\/\\\/horizons28.com\\\/fr\\\/operation-darbitrage\\\/#breadcrumb\",\"itemListElement\":[{\"@type\":\"ListItem\",\"position\":1,\"name\":\"Home\",\"item\":\"https:\\\/\\\/horizons28.com\\\/fr\\\/\"},{\"@type\":\"ListItem\",\"position\":2,\"name\":\"Op\u00e9ration d&rsquo;arbitrage\"}]},{\"@type\":\"WebSite\",\"@id\":\"http:\\\/\\\/horizons28.com\\\/fr\\\/#website\",\"url\":\"http:\\\/\\\/horizons28.com\\\/fr\\\/\",\"name\":\"Horizons28\",\"description\":\"\",\"potentialAction\":[{\"@type\":\"SearchAction\",\"target\":{\"@type\":\"EntryPoint\",\"urlTemplate\":\"http:\\\/\\\/horizons28.com\\\/fr\\\/?s={search_term_string}\"},\"query-input\":{\"@type\":\"PropertyValueSpecification\",\"valueRequired\":true,\"valueName\":\"search_term_string\"}}],\"inLanguage\":\"fr-FR\"}]}<\/script>\n<!-- \/ Yoast SEO plugin. -->","yoast_head_json":{"title":"Trading d'arbitrage | Tirez profit des inefficacit\u00e9s du march\u00e9 avec Horizons28","description":"D\u00e9couvrez l'arbitrage \u00e0 risque contr\u00f4l\u00e9 avec Horizons28. Maximisez vos profits par une ex\u00e9cution rapide et intelligente.","robots":{"index":"index","follow":"follow","max-snippet":"max-snippet:-1","max-image-preview":"max-image-preview:large","max-video-preview":"max-video-preview:-1"},"canonical":"http:\/\/horizons28.com\/fr\/operation-darbitrage\/","og_locale":"fr_FR","og_type":"article","og_title":"Trading d'arbitrage | Tirez profit des inefficacit\u00e9s du march\u00e9 avec Horizons28","og_description":"D\u00e9couvrez l'arbitrage \u00e0 risque contr\u00f4l\u00e9 avec Horizons28. Maximisez vos profits par une ex\u00e9cution rapide et intelligente.","og_url":"http:\/\/horizons28.com\/fr\/operation-darbitrage\/","og_site_name":"Horizons28","article_modified_time":"2025-04-15T06:14:25+00:00","og_image":[{"url":"http:\/\/horizons28.com\/wp-content\/uploads\/2025\/04\/arbitrage-trading.png","type":"","width":"","height":""}],"twitter_card":"summary_large_image","twitter_misc":{"Dur\u00e9e de lecture estim\u00e9e":"3 minutes"},"schema":{"@context":"https:\/\/schema.org","@graph":[{"@type":"WebPage","@id":"http:\/\/horizons28.com\/fr\/operation-darbitrage\/","url":"http:\/\/horizons28.com\/fr\/operation-darbitrage\/","name":"Trading d'arbitrage | Tirez profit des inefficacit\u00e9s du march\u00e9 avec Horizons28","isPartOf":{"@id":"http:\/\/horizons28.com\/fr\/#website"},"primaryImageOfPage":{"@id":"http:\/\/horizons28.com\/fr\/operation-darbitrage\/#primaryimage"},"image":{"@id":"http:\/\/horizons28.com\/fr\/operation-darbitrage\/#primaryimage"},"thumbnailUrl":"http:\/\/horizons28.com\/wp-content\/uploads\/2025\/04\/arbitrage-trading.png","datePublished":"2025-04-04T07:19:52+00:00","dateModified":"2025-04-15T06:14:25+00:00","description":"D\u00e9couvrez l'arbitrage \u00e0 risque contr\u00f4l\u00e9 avec Horizons28. Maximisez vos profits par une ex\u00e9cution rapide et intelligente.","breadcrumb":{"@id":"http:\/\/horizons28.com\/fr\/operation-darbitrage\/#breadcrumb"},"inLanguage":"fr-FR","potentialAction":[{"@type":"ReadAction","target":["http:\/\/horizons28.com\/fr\/operation-darbitrage\/"]}]},{"@type":"ImageObject","inLanguage":"fr-FR","@id":"http:\/\/horizons28.com\/fr\/operation-darbitrage\/#primaryimage","url":"http:\/\/horizons28.com\/wp-content\/uploads\/2025\/04\/arbitrage-trading.png","contentUrl":"http:\/\/horizons28.com\/wp-content\/uploads\/2025\/04\/arbitrage-trading.png"},{"@type":"BreadcrumbList","@id":"http:\/\/horizons28.com\/fr\/operation-darbitrage\/#breadcrumb","itemListElement":[{"@type":"ListItem","position":1,"name":"Home","item":"https:\/\/horizons28.com\/fr\/"},{"@type":"ListItem","position":2,"name":"Op\u00e9ration d&rsquo;arbitrage"}]},{"@type":"WebSite","@id":"http:\/\/horizons28.com\/fr\/#website","url":"http:\/\/horizons28.com\/fr\/","name":"Horizons28","description":"","potentialAction":[{"@type":"SearchAction","target":{"@type":"EntryPoint","urlTemplate":"http:\/\/horizons28.com\/fr\/?s={search_term_string}"},"query-input":{"@type":"PropertyValueSpecification","valueRequired":true,"valueName":"search_term_string"}}],"inLanguage":"fr-FR"}]}},"_links":{"self":[{"href":"http:\/\/horizons28.com\/fr\/wp-json\/wp\/v2\/pages\/786","targetHints":{"allow":["GET"]}}],"collection":[{"href":"http:\/\/horizons28.com\/fr\/wp-json\/wp\/v2\/pages"}],"about":[{"href":"http:\/\/horizons28.com\/fr\/wp-json\/wp\/v2\/types\/page"}],"author":[{"embeddable":true,"href":"http:\/\/horizons28.com\/fr\/wp-json\/wp\/v2\/users\/1"}],"replies":[{"embeddable":true,"href":"http:\/\/horizons28.com\/fr\/wp-json\/wp\/v2\/comments?post=786"}],"version-history":[{"count":1,"href":"http:\/\/horizons28.com\/fr\/wp-json\/wp\/v2\/pages\/786\/revisions"}],"predecessor-version":[{"id":1074,"href":"http:\/\/horizons28.com\/fr\/wp-json\/wp\/v2\/pages\/786\/revisions\/1074"}],"wp:attachment":[{"href":"http:\/\/horizons28.com\/fr\/wp-json\/wp\/v2\/media?parent=786"}],"curies":[{"name":"wp","href":"https:\/\/api.w.org\/{rel}","templated":true}]}}