{"id":792,"date":"2025-04-02T14:13:42","date_gmt":"2025-04-02T14:13:42","guid":{"rendered":"http:\/\/horizons28.com\/instruments\/"},"modified":"2025-04-15T06:09:43","modified_gmt":"2025-04-15T06:09:43","slug":"instruments","status":"publish","type":"page","link":"http:\/\/horizons28.com\/fr\/instruments\/","title":{"rendered":"Instruments"},"content":{"rendered":"\n<h1>\n\t\tTous les march\u00e9s. Une seule plateforme. \n\t<\/h1>\n\t<p>Choisissez parmi une large s\u00e9lection d&rsquo;instruments de trading, incluant le forex, les indices, les mati\u00e8res premi\u00e8res, les cryptomonnaies et les actions.<\/p>\n\t\t\t<a href=\"https:\/\/area.horizons28.net\/auth\/registration\" target=\"_blank\" rel=\"noopener\">\n\t\t\t\t\t\t\tRejoignez Horizons28\n\t\t\t<\/a>\n\t\t\t\t<img loading=\"lazy\" decoding=\"async\" src=\"http:\/\/horizons28.com\/wp-content\/uploads\/2025\/04\/horizons28-instruments.png\" alt=\"horizons28-instruments\" itemprop=\"image\" height=\"500\" width=\"600\" title=\"horizons28-instruments\" onerror=\"this.style.display='none'\"  \/>\n\t\t\t<h2>Liste des instruments Horizons28 \u2013 N\u00e9gociez le Forex, les Cryptomonnaies, les Actions et plus<\/h2>\t\t\t\n\t\t\t\t<p>S\u00e9lectionnez parmi une vaste gamme d&rsquo;instruments de trading, comprenant le forex, les indices, les mati\u00e8res premi\u00e8res, les cryptomonnaies et les actions. B\u00e9n\u00e9ficiez de conditions de trading flexibles, de cotations en temps r\u00e9el et d&rsquo;un acc\u00e8s aux march\u00e9s mondiaux \u2013 le tout en un seul endroit. <\/p>\n\t\t\t\t<img loading=\"lazy\" decoding=\"async\" src=\"http:\/\/horizons28.com\/wp-content\/uploads\/2025\/04\/instruments-mobile.png\" alt=\"Mobile Trading Instruments\" itemprop=\"image\" height=\"1160\" width=\"610\" title=\"instruments-mobile\" onerror=\"this.style.display='none'\"  \/>\n\t\t\t<h4>DEVISES FOREX<\/h4>\t\t\t\n\t\t\t\t<p>N\u00e9gociez <strong>les paires de devises majeures, mineures et exotiques<\/strong> avec des spreads comp\u00e9titifs et une ex\u00e9cution rapide. De l&rsquo;EUR\/USD aux paires moins connues, Horizons28 vous fournit les outils pour <strong>tirer parti des mouvements de prix mondiaux.<\/strong> <\/p>\n\t\t\t<h4>INDICES<\/h4>\t\t\t\n\t\t\t\t<p>Acc\u00e9dez aux indices mondiaux de premier plan tels que le <strong>S&amp;P 500, le DAX 30 et le FTSE 100.<\/strong> Le trading d&rsquo;indices vous permet de capturer les tendances du march\u00e9 sans vous concentrer sur des actions individuelles \u2013 <strong>le tout avec une ex\u00e9cution efficiente.<\/strong><\/p>\n\t\t\t<h4>MATI\u00c8RES PREMI\u00c8RES<\/h4>\t\t\t\n\t\t\t\t<p>Diversifiez avec <strong>l&rsquo;\u00e9nergie, les m\u00e9taux et les mati\u00e8res premi\u00e8res agricoles<\/strong> \u2013 n\u00e9gociez en temps r\u00e9el <strong>les prix de l&rsquo;or, du p\u00e9trole, du gaz naturel,<\/strong> et plus encore \u00e0 partir d&rsquo;une plateforme unique et fluide.<\/p>\n\t\t\t<h4>ACTIONS<\/h4>\t\t\t\n\t\t\t\t<p>Investissez dans les principales entreprises mondiales, y compris <strong>Apple, Tesla et Amazon<\/strong>. N\u00e9gociez des actions individuelles rapidement et avec pr\u00e9cision, et <strong>tirez parti des mouvements de march\u00e9 induits par les entreprises<\/strong>. <\/p>\n\t\t\t<h4>CRYPTOMONNAIES<\/h4>\t\t\t\n\t\t\t\t<p>P\u00e9n\u00e9trez le march\u00e9 des cryptomonnaies ouvert 24\/7 avec <strong>Bitcoin, Ethereum<\/strong> et d&rsquo;autres. Horizons28 vous permet de <strong>n\u00e9gocier des actifs num\u00e9riques avec un acc\u00e8s rapide et une grande flexibilit\u00e9<\/strong> \u2013 aucun compte suppl\u00e9mentaire n&rsquo;est n\u00e9cessaire. <\/p>\n<h3>\n\t\tPr\u00eat \u00e0 trader plus intelligemment ? D\u00e9couvrez une vraie rapidit\u00e9, de vrais march\u00e9s et de vrais r\u00e9sultats.\n\t<\/h3>\n\t\t\t<a href=\"https:\/\/area.horizons28.net\/auth\/registration\" target=\"_blank\" rel=\"noopener\">\n\t\t\t\t\t\t\tRejoignez Horizons28\n\t\t\t<\/a>\n\n","protected":false},"excerpt":{"rendered":"<p>Tous les march\u00e9s. Une seule plateforme. Choisissez parmi une large s\u00e9lection d&rsquo;instruments de trading, incluant le forex, les indices, les mati\u00e8res premi\u00e8res, les cryptomonnaies et les actions. Rejoignez Horizons28 Liste des instruments Horizons28 \u2013 N\u00e9gociez le Forex, les Cryptomonnaies, les Actions et plus S\u00e9lectionnez parmi une vaste gamme d&rsquo;instruments de trading, comprenant le forex, les&hellip;<\/p>\n","protected":false},"author":1,"featured_media":0,"parent":0,"menu_order":0,"comment_status":"closed","ping_status":"closed","template":"","meta":{"footnotes":""},"class_list":["post-792","page","type-page","status-publish","hentry"],"yoast_head":"<!-- This site is optimized with the Yoast SEO plugin v27.4 - https:\/\/yoast.com\/product\/yoast-seo-wordpress\/ -->\n<title>Instruments de trading | Forex, Crypto, Indices et plus | Horizons28<\/title>\n<meta name=\"description\" content=\"Tradez forex, actions, indices, mati\u00e8res premi\u00e8res et crypto sur Horizons28.\" \/>\n<meta name=\"robots\" content=\"index, follow, max-snippet:-1, max-image-preview:large, max-video-preview:-1\" \/>\n<link rel=\"canonical\" href=\"http:\/\/horizons28.com\/fr\/instruments\/\" \/>\n<meta property=\"og:locale\" content=\"fr_FR\" \/>\n<meta property=\"og:type\" content=\"article\" \/>\n<meta property=\"og:title\" content=\"Instruments de trading | Forex, Crypto, Indices et plus | Horizons28\" \/>\n<meta property=\"og:description\" content=\"Tradez forex, actions, indices, mati\u00e8res premi\u00e8res et crypto sur Horizons28.\" \/>\n<meta property=\"og:url\" content=\"http:\/\/horizons28.com\/fr\/instruments\/\" \/>\n<meta property=\"og:site_name\" content=\"Horizons28\" \/>\n<meta property=\"article:modified_time\" content=\"2025-04-15T06:09:43+00:00\" \/>\n<meta property=\"og:image\" content=\"http:\/\/horizons28.com\/wp-content\/uploads\/2025\/04\/horizons28-instruments.png\" \/>\n<meta name=\"twitter:card\" content=\"summary_large_image\" \/>\n<meta name=\"twitter:label1\" content=\"Dur\u00e9e de lecture estim\u00e9e\" \/>\n\t<meta name=\"twitter:data1\" content=\"2 minutes\" \/>\n<script type=\"application\/ld+json\" class=\"yoast-schema-graph\">{\"@context\":\"https:\\\/\\\/schema.org\",\"@graph\":[{\"@type\":\"WebPage\",\"@id\":\"http:\\\/\\\/horizons28.com\\\/fr\\\/instruments\\\/\",\"url\":\"http:\\\/\\\/horizons28.com\\\/fr\\\/instruments\\\/\",\"name\":\"Instruments de trading | Forex, Crypto, Indices et plus | Horizons28\",\"isPartOf\":{\"@id\":\"http:\\\/\\\/horizons28.com\\\/fr\\\/#website\"},\"primaryImageOfPage\":{\"@id\":\"http:\\\/\\\/horizons28.com\\\/fr\\\/instruments\\\/#primaryimage\"},\"image\":{\"@id\":\"http:\\\/\\\/horizons28.com\\\/fr\\\/instruments\\\/#primaryimage\"},\"thumbnailUrl\":\"http:\\\/\\\/horizons28.com\\\/wp-content\\\/uploads\\\/2025\\\/04\\\/horizons28-instruments.png\",\"datePublished\":\"2025-04-02T14:13:42+00:00\",\"dateModified\":\"2025-04-15T06:09:43+00:00\",\"description\":\"Tradez forex, actions, indices, mati\u00e8res premi\u00e8res et crypto sur Horizons28.\",\"breadcrumb\":{\"@id\":\"http:\\\/\\\/horizons28.com\\\/fr\\\/instruments\\\/#breadcrumb\"},\"inLanguage\":\"fr-FR\",\"potentialAction\":[{\"@type\":\"ReadAction\",\"target\":[\"http:\\\/\\\/horizons28.com\\\/fr\\\/instruments\\\/\"]}]},{\"@type\":\"ImageObject\",\"inLanguage\":\"fr-FR\",\"@id\":\"http:\\\/\\\/horizons28.com\\\/fr\\\/instruments\\\/#primaryimage\",\"url\":\"http:\\\/\\\/horizons28.com\\\/wp-content\\\/uploads\\\/2025\\\/04\\\/horizons28-instruments.png\",\"contentUrl\":\"http:\\\/\\\/horizons28.com\\\/wp-content\\\/uploads\\\/2025\\\/04\\\/horizons28-instruments.png\"},{\"@type\":\"BreadcrumbList\",\"@id\":\"http:\\\/\\\/horizons28.com\\\/fr\\\/instruments\\\/#breadcrumb\",\"itemListElement\":[{\"@type\":\"ListItem\",\"position\":1,\"name\":\"Home\",\"item\":\"https:\\\/\\\/horizons28.com\\\/fr\\\/\"},{\"@type\":\"ListItem\",\"position\":2,\"name\":\"Instruments\"}]},{\"@type\":\"WebSite\",\"@id\":\"http:\\\/\\\/horizons28.com\\\/fr\\\/#website\",\"url\":\"http:\\\/\\\/horizons28.com\\\/fr\\\/\",\"name\":\"Horizons28\",\"description\":\"\",\"potentialAction\":[{\"@type\":\"SearchAction\",\"target\":{\"@type\":\"EntryPoint\",\"urlTemplate\":\"http:\\\/\\\/horizons28.com\\\/fr\\\/?s={search_term_string}\"},\"query-input\":{\"@type\":\"PropertyValueSpecification\",\"valueRequired\":true,\"valueName\":\"search_term_string\"}}],\"inLanguage\":\"fr-FR\"}]}<\/script>\n<!-- \/ Yoast SEO plugin. -->","yoast_head_json":{"title":"Instruments de trading | Forex, Crypto, Indices et plus | Horizons28","description":"Tradez forex, actions, indices, mati\u00e8res premi\u00e8res et crypto sur Horizons28.","robots":{"index":"index","follow":"follow","max-snippet":"max-snippet:-1","max-image-preview":"max-image-preview:large","max-video-preview":"max-video-preview:-1"},"canonical":"http:\/\/horizons28.com\/fr\/instruments\/","og_locale":"fr_FR","og_type":"article","og_title":"Instruments de trading | Forex, Crypto, Indices et plus | Horizons28","og_description":"Tradez forex, actions, indices, mati\u00e8res premi\u00e8res et crypto sur Horizons28.","og_url":"http:\/\/horizons28.com\/fr\/instruments\/","og_site_name":"Horizons28","article_modified_time":"2025-04-15T06:09:43+00:00","og_image":[{"url":"http:\/\/horizons28.com\/wp-content\/uploads\/2025\/04\/horizons28-instruments.png","type":"","width":"","height":""}],"twitter_card":"summary_large_image","twitter_misc":{"Dur\u00e9e de lecture estim\u00e9e":"2 minutes"},"schema":{"@context":"https:\/\/schema.org","@graph":[{"@type":"WebPage","@id":"http:\/\/horizons28.com\/fr\/instruments\/","url":"http:\/\/horizons28.com\/fr\/instruments\/","name":"Instruments de trading | Forex, Crypto, Indices et plus | Horizons28","isPartOf":{"@id":"http:\/\/horizons28.com\/fr\/#website"},"primaryImageOfPage":{"@id":"http:\/\/horizons28.com\/fr\/instruments\/#primaryimage"},"image":{"@id":"http:\/\/horizons28.com\/fr\/instruments\/#primaryimage"},"thumbnailUrl":"http:\/\/horizons28.com\/wp-content\/uploads\/2025\/04\/horizons28-instruments.png","datePublished":"2025-04-02T14:13:42+00:00","dateModified":"2025-04-15T06:09:43+00:00","description":"Tradez forex, actions, indices, mati\u00e8res premi\u00e8res et crypto sur Horizons28.","breadcrumb":{"@id":"http:\/\/horizons28.com\/fr\/instruments\/#breadcrumb"},"inLanguage":"fr-FR","potentialAction":[{"@type":"ReadAction","target":["http:\/\/horizons28.com\/fr\/instruments\/"]}]},{"@type":"ImageObject","inLanguage":"fr-FR","@id":"http:\/\/horizons28.com\/fr\/instruments\/#primaryimage","url":"http:\/\/horizons28.com\/wp-content\/uploads\/2025\/04\/horizons28-instruments.png","contentUrl":"http:\/\/horizons28.com\/wp-content\/uploads\/2025\/04\/horizons28-instruments.png"},{"@type":"BreadcrumbList","@id":"http:\/\/horizons28.com\/fr\/instruments\/#breadcrumb","itemListElement":[{"@type":"ListItem","position":1,"name":"Home","item":"https:\/\/horizons28.com\/fr\/"},{"@type":"ListItem","position":2,"name":"Instruments"}]},{"@type":"WebSite","@id":"http:\/\/horizons28.com\/fr\/#website","url":"http:\/\/horizons28.com\/fr\/","name":"Horizons28","description":"","potentialAction":[{"@type":"SearchAction","target":{"@type":"EntryPoint","urlTemplate":"http:\/\/horizons28.com\/fr\/?s={search_term_string}"},"query-input":{"@type":"PropertyValueSpecification","valueRequired":true,"valueName":"search_term_string"}}],"inLanguage":"fr-FR"}]}},"_links":{"self":[{"href":"http:\/\/horizons28.com\/fr\/wp-json\/wp\/v2\/pages\/792","targetHints":{"allow":["GET"]}}],"collection":[{"href":"http:\/\/horizons28.com\/fr\/wp-json\/wp\/v2\/pages"}],"about":[{"href":"http:\/\/horizons28.com\/fr\/wp-json\/wp\/v2\/types\/page"}],"author":[{"embeddable":true,"href":"http:\/\/horizons28.com\/fr\/wp-json\/wp\/v2\/users\/1"}],"replies":[{"embeddable":true,"href":"http:\/\/horizons28.com\/fr\/wp-json\/wp\/v2\/comments?post=792"}],"version-history":[{"count":1,"href":"http:\/\/horizons28.com\/fr\/wp-json\/wp\/v2\/pages\/792\/revisions"}],"predecessor-version":[{"id":1069,"href":"http:\/\/horizons28.com\/fr\/wp-json\/wp\/v2\/pages\/792\/revisions\/1069"}],"wp:attachment":[{"href":"http:\/\/horizons28.com\/fr\/wp-json\/wp\/v2\/media?parent=792"}],"curies":[{"name":"wp","href":"https:\/\/api.w.org\/{rel}","templated":true}]}}