{"id":823,"date":"2025-04-04T07:21:43","date_gmt":"2025-04-04T07:21:43","guid":{"rendered":"http:\/\/horizons28.com\/rencontrez-nous\/"},"modified":"2025-04-15T06:22:31","modified_gmt":"2025-04-15T06:22:31","slug":"rencontrez-nous","status":"publish","type":"page","link":"http:\/\/horizons28.com\/fr\/rencontrez-nous\/","title":{"rendered":"Rencontrez-nous"},"content":{"rendered":"\n<h1>\n\t\tHorizons28. B\u00e2ti sur la confiance. \n\t<\/h1>\n\t<p>D\u00e9couvrez l&rsquo;\u00e9quipe et la vision derri\u00e8re Horizons28 \u2013 d\u00e9di\u00e9e au trading plus intelligent, aux outils innovants et au succ\u00e8s financier \u00e0 long terme.<\/p>\n\t\t\t<a href=\"https:\/\/area.horizons28.net\/auth\/registration\" target=\"_blank\" rel=\"noopener\">\n\t\t\t\t\t\t\tRejoignez Horizons28\n\t\t\t<\/a>\n\t\t\t\t<img loading=\"lazy\" decoding=\"async\" src=\"http:\/\/horizons28.com\/wp-content\/uploads\/2025\/04\/about-us.png\" alt=\"About Us\" itemprop=\"image\" height=\"500\" width=\"600\" title=\"about-us\" onerror=\"this.style.display='none'\"  \/>\n<h1>\n\t\tHorizons28 donne aux traders les moyens de r\u00e9ussir.\n\t<\/h1>\n\t<p><strong>Horizons28 est une plateforme de trading et d&rsquo;investissement de nouvelle g\u00e9n\u00e9ration<\/strong> con\u00e7ue pour habiliter les individus \u00e0 chaque \u00e9tape de leur parcours financier.<\/p>\n<p>Nous offrons une suite compl\u00e8te d&rsquo;outils et de fonctionnalit\u00e9s qui rendent le trading plus intelligent, plus rapide et plus accessible.<\/p>\n<p><strong>Du trading automatis\u00e9 par IA et des comptes d&rsquo;\u00e9pargne \u00e0 int\u00e9r\u00eat \u00e9lev\u00e9 aux pools d&rsquo;investissement collaboratifs et aux opportunit\u00e9s d&rsquo;arbitrage avanc\u00e9es,<\/strong> Horizons28 est con\u00e7u pour vous aider \u00e0 faire fructifier votre capital en toute confiance<\/p>\n\t<p>Notre plateforme donne acc\u00e8s \u00e0 une large gamme d&rsquo;instruments sur les march\u00e9s mondiaux \u2013 <strong>y compris le forex, les actions, les indices, les cryptomonnaies et les mati\u00e8res premi\u00e8res<\/strong> \u2013 le tout via une interface s\u00e9curis\u00e9e et conviviale. Avec des conditions comp\u00e9titives, des options de compte flexibles et un support d\u00e9di\u00e9, Horizons28 s&rsquo;engage \u00e0 offrir une exp\u00e9rience fluide aux traders, aux investisseurs et \u00e0 tous ceux qui sont pr\u00eats \u00e0 prendre le contr\u00f4le de leur avenir financier. <\/p>\n<p><strong>Chez Horizons28, nous comprenons que le succ\u00e8s financier commence par le bon support et la bonne technologie.<\/strong> C&rsquo;est pourquoi notre plateforme est con\u00e7ue pour offrir une ex\u00e9cution en temps r\u00e9el, des analyses avanc\u00e9es et des op\u00e9rations transparentes \u2013 vous donnant un contr\u00f4le total sur vos strat\u00e9gies. Que vous utilisiez nos solutions de liquidit\u00e9 de trading pour assurer le bon fonctionnement de votre courtage, que vous gagniez des rendements mensuels gr\u00e2ce \u00e0 notre compte d&rsquo;\u00e9pargne \u00e0 haut rendement, ou que vous unissiez vos forces avec d&rsquo;autres dans notre pool d&rsquo;investissement, chaque fonctionnalit\u00e9 est con\u00e7ue dans l&rsquo;optique de votre croissance. <\/p>\n<p>Sans frais cach\u00e9s, avec des interfaces intuitives et une attention port\u00e9e tant aux d\u00e9butants qu&rsquo;aux professionnels, <strong>Horizons28 est plus qu&rsquo;une simple plateforme \u2013 c&rsquo;est votre partenaire dans la cr\u00e9ation de richesse \u00e0 long terme.<\/strong><\/p>\n\t\t\t\t<img loading=\"lazy\" decoding=\"async\" src=\"http:\/\/horizons28.com\/wp-content\/uploads\/2025\/04\/empowering-success.png\" alt=\"Empowering Success\" itemprop=\"image\" height=\"580\" width=\"813\" title=\"empowering-success\" onerror=\"this.style.display='none'\"  \/>\n<h3>\n\t\tPr\u00eat \u00e0 trader plus intelligemment ? D\u00e9couvrez une vraie rapidit\u00e9, de vrais march\u00e9s et de vrais r\u00e9sultats.\n\t<\/h3>\n\t\t\t<a href=\"https:\/\/area.horizons28.net\/auth\/registration\" target=\"_blank\" rel=\"noopener\">\n\t\t\t\t\t\t\tRejoignez Horizons28\n\t\t\t<\/a>\n\n","protected":false},"excerpt":{"rendered":"<p>Horizons28. B\u00e2ti sur la confiance. D\u00e9couvrez l&rsquo;\u00e9quipe et la vision derri\u00e8re Horizons28 \u2013 d\u00e9di\u00e9e au trading plus intelligent, aux outils innovants et au succ\u00e8s financier \u00e0 long terme. Rejoignez Horizons28 Horizons28 donne aux traders les moyens de r\u00e9ussir. Horizons28 est une plateforme de trading et d&rsquo;investissement de nouvelle g\u00e9n\u00e9ration con\u00e7ue pour habiliter les individus \u00e0&hellip;<\/p>\n","protected":false},"author":1,"featured_media":0,"parent":0,"menu_order":0,"comment_status":"closed","ping_status":"closed","template":"","meta":{"footnotes":""},"class_list":["post-823","page","type-page","status-publish","hentry"],"yoast_head":"<!-- This site is optimized with the Yoast SEO plugin v27.4 - https:\/\/yoast.com\/product\/yoast-seo-wordpress\/ -->\n<title>Rencontrez l&#039;\u00e9quipe Horizons28 | Anim\u00e9e par l&#039;innovation<\/title>\n<meta name=\"description\" content=\"D\u00e9couvrez l&#039;\u00e9quipe d&#039;experts d&#039;Horizons28, leaders en trading, automatisation et gestion de patrimoine.\" \/>\n<meta name=\"robots\" content=\"index, follow, max-snippet:-1, max-image-preview:large, max-video-preview:-1\" \/>\n<link rel=\"canonical\" href=\"http:\/\/horizons28.com\/fr\/rencontrez-nous\/\" \/>\n<meta property=\"og:locale\" content=\"fr_FR\" \/>\n<meta property=\"og:type\" content=\"article\" \/>\n<meta property=\"og:title\" content=\"Rencontrez l&#039;\u00e9quipe Horizons28 | Anim\u00e9e par l&#039;innovation\" \/>\n<meta property=\"og:description\" content=\"D\u00e9couvrez l&#039;\u00e9quipe d&#039;experts d&#039;Horizons28, leaders en trading, automatisation et gestion de patrimoine.\" \/>\n<meta property=\"og:url\" content=\"http:\/\/horizons28.com\/fr\/rencontrez-nous\/\" \/>\n<meta property=\"og:site_name\" content=\"Horizons28\" \/>\n<meta property=\"article:modified_time\" content=\"2025-04-15T06:22:31+00:00\" \/>\n<meta property=\"og:image\" content=\"http:\/\/horizons28.com\/wp-content\/uploads\/2025\/04\/about-us.png\" \/>\n<meta name=\"twitter:card\" content=\"summary_large_image\" \/>\n<meta name=\"twitter:label1\" content=\"Dur\u00e9e de lecture estim\u00e9e\" \/>\n\t<meta name=\"twitter:data1\" content=\"2 minutes\" \/>\n<script type=\"application\/ld+json\" class=\"yoast-schema-graph\">{\"@context\":\"https:\\\/\\\/schema.org\",\"@graph\":[{\"@type\":\"WebPage\",\"@id\":\"http:\\\/\\\/horizons28.com\\\/fr\\\/rencontrez-nous\\\/\",\"url\":\"http:\\\/\\\/horizons28.com\\\/fr\\\/rencontrez-nous\\\/\",\"name\":\"Rencontrez l'\u00e9quipe Horizons28 | Anim\u00e9e par l'innovation\",\"isPartOf\":{\"@id\":\"http:\\\/\\\/horizons28.com\\\/fr\\\/#website\"},\"primaryImageOfPage\":{\"@id\":\"http:\\\/\\\/horizons28.com\\\/fr\\\/rencontrez-nous\\\/#primaryimage\"},\"image\":{\"@id\":\"http:\\\/\\\/horizons28.com\\\/fr\\\/rencontrez-nous\\\/#primaryimage\"},\"thumbnailUrl\":\"http:\\\/\\\/horizons28.com\\\/wp-content\\\/uploads\\\/2025\\\/04\\\/about-us.png\",\"datePublished\":\"2025-04-04T07:21:43+00:00\",\"dateModified\":\"2025-04-15T06:22:31+00:00\",\"description\":\"D\u00e9couvrez l'\u00e9quipe d'experts d'Horizons28, leaders en trading, automatisation et gestion de patrimoine.\",\"breadcrumb\":{\"@id\":\"http:\\\/\\\/horizons28.com\\\/fr\\\/rencontrez-nous\\\/#breadcrumb\"},\"inLanguage\":\"fr-FR\",\"potentialAction\":[{\"@type\":\"ReadAction\",\"target\":[\"http:\\\/\\\/horizons28.com\\\/fr\\\/rencontrez-nous\\\/\"]}]},{\"@type\":\"ImageObject\",\"inLanguage\":\"fr-FR\",\"@id\":\"http:\\\/\\\/horizons28.com\\\/fr\\\/rencontrez-nous\\\/#primaryimage\",\"url\":\"http:\\\/\\\/horizons28.com\\\/wp-content\\\/uploads\\\/2025\\\/04\\\/about-us.png\",\"contentUrl\":\"http:\\\/\\\/horizons28.com\\\/wp-content\\\/uploads\\\/2025\\\/04\\\/about-us.png\"},{\"@type\":\"BreadcrumbList\",\"@id\":\"http:\\\/\\\/horizons28.com\\\/fr\\\/rencontrez-nous\\\/#breadcrumb\",\"itemListElement\":[{\"@type\":\"ListItem\",\"position\":1,\"name\":\"Home\",\"item\":\"https:\\\/\\\/horizons28.com\\\/fr\\\/\"},{\"@type\":\"ListItem\",\"position\":2,\"name\":\"Rencontrez-nous\"}]},{\"@type\":\"WebSite\",\"@id\":\"http:\\\/\\\/horizons28.com\\\/fr\\\/#website\",\"url\":\"http:\\\/\\\/horizons28.com\\\/fr\\\/\",\"name\":\"Horizons28\",\"description\":\"\",\"potentialAction\":[{\"@type\":\"SearchAction\",\"target\":{\"@type\":\"EntryPoint\",\"urlTemplate\":\"http:\\\/\\\/horizons28.com\\\/fr\\\/?s={search_term_string}\"},\"query-input\":{\"@type\":\"PropertyValueSpecification\",\"valueRequired\":true,\"valueName\":\"search_term_string\"}}],\"inLanguage\":\"fr-FR\"}]}<\/script>\n<!-- \/ Yoast SEO plugin. -->","yoast_head_json":{"title":"Rencontrez l'\u00e9quipe Horizons28 | Anim\u00e9e par l'innovation","description":"D\u00e9couvrez l'\u00e9quipe d'experts d'Horizons28, leaders en trading, automatisation et gestion de patrimoine.","robots":{"index":"index","follow":"follow","max-snippet":"max-snippet:-1","max-image-preview":"max-image-preview:large","max-video-preview":"max-video-preview:-1"},"canonical":"http:\/\/horizons28.com\/fr\/rencontrez-nous\/","og_locale":"fr_FR","og_type":"article","og_title":"Rencontrez l'\u00e9quipe Horizons28 | Anim\u00e9e par l'innovation","og_description":"D\u00e9couvrez l'\u00e9quipe d'experts d'Horizons28, leaders en trading, automatisation et gestion de patrimoine.","og_url":"http:\/\/horizons28.com\/fr\/rencontrez-nous\/","og_site_name":"Horizons28","article_modified_time":"2025-04-15T06:22:31+00:00","og_image":[{"url":"http:\/\/horizons28.com\/wp-content\/uploads\/2025\/04\/about-us.png","type":"","width":"","height":""}],"twitter_card":"summary_large_image","twitter_misc":{"Dur\u00e9e de lecture estim\u00e9e":"2 minutes"},"schema":{"@context":"https:\/\/schema.org","@graph":[{"@type":"WebPage","@id":"http:\/\/horizons28.com\/fr\/rencontrez-nous\/","url":"http:\/\/horizons28.com\/fr\/rencontrez-nous\/","name":"Rencontrez l'\u00e9quipe Horizons28 | Anim\u00e9e par l'innovation","isPartOf":{"@id":"http:\/\/horizons28.com\/fr\/#website"},"primaryImageOfPage":{"@id":"http:\/\/horizons28.com\/fr\/rencontrez-nous\/#primaryimage"},"image":{"@id":"http:\/\/horizons28.com\/fr\/rencontrez-nous\/#primaryimage"},"thumbnailUrl":"http:\/\/horizons28.com\/wp-content\/uploads\/2025\/04\/about-us.png","datePublished":"2025-04-04T07:21:43+00:00","dateModified":"2025-04-15T06:22:31+00:00","description":"D\u00e9couvrez l'\u00e9quipe d'experts d'Horizons28, leaders en trading, automatisation et gestion de patrimoine.","breadcrumb":{"@id":"http:\/\/horizons28.com\/fr\/rencontrez-nous\/#breadcrumb"},"inLanguage":"fr-FR","potentialAction":[{"@type":"ReadAction","target":["http:\/\/horizons28.com\/fr\/rencontrez-nous\/"]}]},{"@type":"ImageObject","inLanguage":"fr-FR","@id":"http:\/\/horizons28.com\/fr\/rencontrez-nous\/#primaryimage","url":"http:\/\/horizons28.com\/wp-content\/uploads\/2025\/04\/about-us.png","contentUrl":"http:\/\/horizons28.com\/wp-content\/uploads\/2025\/04\/about-us.png"},{"@type":"BreadcrumbList","@id":"http:\/\/horizons28.com\/fr\/rencontrez-nous\/#breadcrumb","itemListElement":[{"@type":"ListItem","position":1,"name":"Home","item":"https:\/\/horizons28.com\/fr\/"},{"@type":"ListItem","position":2,"name":"Rencontrez-nous"}]},{"@type":"WebSite","@id":"http:\/\/horizons28.com\/fr\/#website","url":"http:\/\/horizons28.com\/fr\/","name":"Horizons28","description":"","potentialAction":[{"@type":"SearchAction","target":{"@type":"EntryPoint","urlTemplate":"http:\/\/horizons28.com\/fr\/?s={search_term_string}"},"query-input":{"@type":"PropertyValueSpecification","valueRequired":true,"valueName":"search_term_string"}}],"inLanguage":"fr-FR"}]}},"_links":{"self":[{"href":"http:\/\/horizons28.com\/fr\/wp-json\/wp\/v2\/pages\/823","targetHints":{"allow":["GET"]}}],"collection":[{"href":"http:\/\/horizons28.com\/fr\/wp-json\/wp\/v2\/pages"}],"about":[{"href":"http:\/\/horizons28.com\/fr\/wp-json\/wp\/v2\/types\/page"}],"author":[{"embeddable":true,"href":"http:\/\/horizons28.com\/fr\/wp-json\/wp\/v2\/users\/1"}],"replies":[{"embeddable":true,"href":"http:\/\/horizons28.com\/fr\/wp-json\/wp\/v2\/comments?post=823"}],"version-history":[{"count":1,"href":"http:\/\/horizons28.com\/fr\/wp-json\/wp\/v2\/pages\/823\/revisions"}],"predecessor-version":[{"id":1086,"href":"http:\/\/horizons28.com\/fr\/wp-json\/wp\/v2\/pages\/823\/revisions\/1086"}],"wp:attachment":[{"href":"http:\/\/horizons28.com\/fr\/wp-json\/wp\/v2\/media?parent=823"}],"curies":[{"name":"wp","href":"https:\/\/api.w.org\/{rel}","templated":true}]}}