{"id":827,"date":"2025-04-04T07:22:58","date_gmt":"2025-04-04T07:22:58","guid":{"rendered":"http:\/\/horizons28.com\/comptes-de-trading\/"},"modified":"2025-04-15T06:13:01","modified_gmt":"2025-04-15T06:13:01","slug":"comptes-de-trading","status":"publish","type":"page","link":"http:\/\/horizons28.com\/fr\/comptes-de-trading\/","title":{"rendered":"Comptes de trading"},"content":{"rendered":"\n<h1>\n\t\tComptes personnalis\u00e9s. Con\u00e7us pour les traders. \n\t<\/h1>\n\t<p>N\u00e9gociez le forex, les indices, les cryptomonnaies, les actions et plus encore avec des types de comptes con\u00e7us pour votre strat\u00e9gie de trading personnelle.<\/p>\n\t\t\t\t<img loading=\"lazy\" decoding=\"async\" src=\"http:\/\/horizons28.com\/wp-content\/uploads\/2025\/04\/account-types.png\" alt=\"Account Types\" itemprop=\"image\" height=\"500\" width=\"600\" title=\"account-types\" onerror=\"this.style.display='none'\"  \/>\n\t<p><strong>BRONZE<\/strong><\/p>\n<strong>10 000 $<\/strong><br \/>\n<strong>D\u00e9p\u00f4t minimum<\/strong>\n\t<strong>Effet de levier :<\/strong><br \/>\nJusqu&rsquo;\u00e0 1:10\n<p><strong>Acad\u00e9mie de trading<\/strong><\/p>\n<strong>Revue de march\u00e9 :<\/strong><br \/>\nHebdomadaire\n<p><strong>Gestionnaire de compte<\/strong><\/p>\n<strong>Rapport de portefeuille :<\/strong><br \/>\nHebdomadaire\n\t\t\t<a href=\"https:\/\/area.horizons28.net\/auth\/registration\" target=\"_blank\" rel=\"noopener\">\n\t\t\t\t\t\t\tOuvrir un Compte\n\t\t\t\t\t<\/a>\n\t<p><strong>ARGENT<\/strong><\/p>\n<strong>25 000 $<\/strong><br \/>\n<strong>D\u00e9p\u00f4t minimum<\/strong>\n\t<strong>Effet de levier :<\/strong><br \/>\nJusqu&rsquo;\u00e0 1:10\n<p><strong>Acad\u00e9mie de trading<\/strong><\/p>\n<strong>Revue de march\u00e9 :<\/strong><br \/>\nHebdomadaire\n<p><strong>Gestionnaire de compte<\/strong><\/p>\n<strong>Rapport de portefeuille :<\/strong><br \/>\nHebdomadaire\n<strong>Gestionnaire de portefeuille :<\/strong><br \/>\nPersonnel\n<strong>Session d&rsquo;analyse :<\/strong><br \/>\nHebdomadaire\n\t\t\t<a href=\"https:\/\/area.horizons28.net\/auth\/registration\" target=\"_blank\" rel=\"noopener\">\n\t\t\t\t\t\t\tOuvrir un Compte\n\t\t\t\t\t<\/a>\n\t<p><strong>OR<\/strong><\/p>\n<strong>50 000 $<\/strong><br \/>\n<strong>D\u00e9p\u00f4t minimum<\/strong>\n\t<strong>Effet de levier :<\/strong><br \/>\nJusqu&rsquo;\u00e0 1:50\n<p><strong>Acad\u00e9mie de trading<\/strong><\/p>\n<strong>Revue de march\u00e9 :<\/strong><br \/>\nHebdomadaire\n<p><strong>Gestionnaire de compte<\/strong><\/p>\n<strong>Rapport de portefeuille :<\/strong><br \/>\nHebdomadaire\n<strong>Session d&rsquo;analyse :<\/strong><br \/>\nQuotidienne\n<strong>Webinaire en direct :<\/strong><br \/>\nHebdomadaire\n<strong>Formation des traders :<\/strong><br \/>\nPersonnalis\u00e9e\n<strong>Signaux de march\u00e9 :<\/strong><br \/>\nQuotidiens\n<p><strong>\u00c9v\u00e9nements VIP<\/strong><\/p>\n<strong>R\u00e9duction de swap :<\/strong><br \/>\n25 %\n\t\t\t<a href=\"https:\/\/area.horizons28.net\/auth\/registration\" target=\"_blank\" rel=\"noopener\">\n\t\t\t\t\t\t\tOuvrir un Compte\n\t\t\t\t\t<\/a>\n\t<p><strong>PLATINE<\/strong><\/p>\n<strong>100 000 $<\/strong><br \/>\n<strong>D\u00e9p\u00f4t minimum<\/strong>\n\t<strong>Effet de levier :<\/strong><br \/>\nJusqu&rsquo;\u00e0 1:50\n<p><strong>Acad\u00e9mie de trading<\/strong><\/p>\n<strong>Revue de march\u00e9 :<\/strong><br \/>\nHebdomadaire\n<p><strong>Gestionnaire de compte<\/strong><\/p>\n<strong>Rapport de portefeuille :<\/strong><br \/>\nHebdomadaire\n<strong>Session d&rsquo;analyse :<\/strong><br \/>\nQuotidienne\n<strong>Webinaire en direct :<\/strong><br \/>\nHebdomadaire\n<strong>Formation des traders :<\/strong><br \/>\nPersonnalis\u00e9e\n<strong>Signaux de march\u00e9 :<\/strong><br \/>\nQuotidiens\n<p><strong>\u00c9v\u00e9nements VIP<\/strong><\/p>\n<strong>Session comptable :<\/strong><br \/>\nMensuelle\n<strong>Surveillance du compte :<br \/>\n<\/strong>24\/7\n<p><strong>R\u00e9sum\u00e9 annuel<\/strong><\/p>\n<strong>R\u00e9duction de swap :<\/strong><br \/>\n25 %\n\t\t\t<a href=\"https:\/\/area.horizons28.net\/auth\/registration\" target=\"_blank\" rel=\"noopener\">\n\t\t\t\t\t\t\tOuvrir un Compte\n\t\t\t\t\t<\/a>\n\t<p><strong>VIP<\/strong><\/p>\n<strong>1 000 000 $<\/strong><br \/>\n<strong>D\u00e9p\u00f4t minimum<\/strong>\n\t<strong>Effet de levier :<\/strong><br \/>\nJusqu&rsquo;\u00e0 1:50\n<p><strong>Acad\u00e9mie de trading<\/strong><\/p>\n<strong>Revue de march\u00e9 :<\/strong><br \/>\nHebdomadaire\n<p><strong>Gestionnaire de compte<\/strong><\/p>\n<strong>Rapport de portefeuille :<\/strong><br \/>\nHebdomadaire\n<strong>Session d&rsquo;analyse :<\/strong><br \/>\nQuotidienne\n<strong>Webinaire en direct :<\/strong><br \/>\nHebdomadaire\n<strong>Formation des traders :<\/strong><br \/>\nPersonnalis\u00e9e\n<strong>Signaux de march\u00e9 :<\/strong><br \/>\nQuotidiens\n<p><strong>\u00c9v\u00e9nements VIP<\/strong><\/p>\n<strong>Session comptable :<\/strong><br \/>\nMensuelle\n<strong>Surveillance du compte :<br \/>\n<\/strong>24\/7\n<p><strong>R\u00e9sum\u00e9 annuel<\/strong><\/p>\n<strong>R\u00e9duction de swap :<\/strong><br \/>\n25 %\n\t\t\t\t\t<a href=\"#\" id=\"fl-accordion--label-0\" tabindex=\"0\" aria-controls=\"fl-accordion--panel-0\">Caract\u00e9ristiques suppl\u00e9mentaires<\/a>\n\t\t\t\t\t\t\t\t\t\t\t<a href=\"#\" id=\"fl-accordion--icon-0\" tabindex=\"-1\"><i title=\"Expand\">Expand<\/i><\/a>\n\t\t\t\t\t<strong>Session d&rsquo;analyse :<\/strong><br \/>\nQuotidienne\n<strong>Webinaire en direct :<\/strong><br \/>\nHebdomadaire\n<strong>Formation des traders :<\/strong><br \/>\nPersonnalis\u00e9e\n<strong>Signaux de march\u00e9 :<\/strong><br \/>\nQuotidiens\n<strong>Session comptable :<\/strong><br \/>\nMensuelle\n<strong>Surveillance du compte :<\/strong><br \/>\n24\/7\n<strong>Arbitrage :<\/strong><br \/>\nNon autoris\u00e9\n<p><strong>\u00c9v\u00e9nements VIP<\/strong><\/p>\n<strong>Ex\u00e9cuteur de trading VIP :<\/strong><br \/>\nOui\n<strong>Retrait :<\/strong><br \/>\nRetrait instantan\u00e9 sans approbation\n<p><strong>Acc\u00e8s \u00e0 une facilit\u00e9 de cr\u00e9dit instantan\u00e9e<\/strong><\/p>\n<p><strong>Bonus de d\u00e9p\u00f4t jusqu&rsquo;\u00e0 10 000 $<\/strong><\/p>\n\t\t\t<a href=\"https:\/\/area.horizons28.net\/auth\/registration\" target=\"_blank\" rel=\"noopener\">\n\t\t\t\t\t\t\tOuvrir un Compte\n\t\t\t\t\t<\/a>\n\n","protected":false},"excerpt":{"rendered":"<p>Comptes personnalis\u00e9s. Con\u00e7us pour les traders. N\u00e9gociez le forex, les indices, les cryptomonnaies, les actions et plus encore avec des types de comptes con\u00e7us pour votre strat\u00e9gie de trading personnelle. BRONZE 10 000 $ D\u00e9p\u00f4t minimum Effet de levier : Jusqu&rsquo;\u00e0 1:10 Acad\u00e9mie de trading Revue de march\u00e9 : Hebdomadaire Gestionnaire de compte Rapport de&hellip;<\/p>\n","protected":false},"author":1,"featured_media":0,"parent":0,"menu_order":0,"comment_status":"closed","ping_status":"closed","template":"","meta":{"footnotes":""},"class_list":["post-827","page","type-page","status-publish","hentry"],"yoast_head":"<!-- This site is optimized with the Yoast SEO plugin v27.4 - https:\/\/yoast.com\/product\/yoast-seo-wordpress\/ -->\n<title>Comptes de trading | Votre setup id\u00e9al chez Horizons28<\/title>\n<meta name=\"description\" content=\"D\u00e9couvrez nos comptes de trading pour tous niveaux, adapt\u00e9s \u00e0 vos besoins et objectifs.\" \/>\n<meta name=\"robots\" content=\"index, follow, max-snippet:-1, max-image-preview:large, max-video-preview:-1\" \/>\n<link rel=\"canonical\" href=\"http:\/\/horizons28.com\/fr\/comptes-de-trading\/\" \/>\n<meta property=\"og:locale\" content=\"fr_FR\" \/>\n<meta property=\"og:type\" content=\"article\" \/>\n<meta property=\"og:title\" content=\"Comptes de trading | Votre setup id\u00e9al chez Horizons28\" \/>\n<meta property=\"og:description\" content=\"D\u00e9couvrez nos comptes de trading pour tous niveaux, adapt\u00e9s \u00e0 vos besoins et objectifs.\" \/>\n<meta property=\"og:url\" content=\"http:\/\/horizons28.com\/fr\/comptes-de-trading\/\" \/>\n<meta property=\"og:site_name\" content=\"Horizons28\" \/>\n<meta property=\"article:modified_time\" content=\"2025-04-15T06:13:01+00:00\" \/>\n<meta property=\"og:image\" content=\"http:\/\/horizons28.com\/wp-content\/uploads\/2025\/04\/account-types.png\" \/>\n<meta name=\"twitter:card\" content=\"summary_large_image\" \/>\n<meta name=\"twitter:label1\" content=\"Dur\u00e9e de lecture estim\u00e9e\" \/>\n\t<meta name=\"twitter:data1\" content=\"2 minutes\" \/>\n<script type=\"application\/ld+json\" class=\"yoast-schema-graph\">{\"@context\":\"https:\\\/\\\/schema.org\",\"@graph\":[{\"@type\":\"WebPage\",\"@id\":\"http:\\\/\\\/horizons28.com\\\/fr\\\/comptes-de-trading\\\/\",\"url\":\"http:\\\/\\\/horizons28.com\\\/fr\\\/comptes-de-trading\\\/\",\"name\":\"Comptes de trading | Votre setup id\u00e9al chez Horizons28\",\"isPartOf\":{\"@id\":\"http:\\\/\\\/horizons28.com\\\/fr\\\/#website\"},\"primaryImageOfPage\":{\"@id\":\"http:\\\/\\\/horizons28.com\\\/fr\\\/comptes-de-trading\\\/#primaryimage\"},\"image\":{\"@id\":\"http:\\\/\\\/horizons28.com\\\/fr\\\/comptes-de-trading\\\/#primaryimage\"},\"thumbnailUrl\":\"http:\\\/\\\/horizons28.com\\\/wp-content\\\/uploads\\\/2025\\\/04\\\/account-types.png\",\"datePublished\":\"2025-04-04T07:22:58+00:00\",\"dateModified\":\"2025-04-15T06:13:01+00:00\",\"description\":\"D\u00e9couvrez nos comptes de trading pour tous niveaux, adapt\u00e9s \u00e0 vos besoins et objectifs.\",\"breadcrumb\":{\"@id\":\"http:\\\/\\\/horizons28.com\\\/fr\\\/comptes-de-trading\\\/#breadcrumb\"},\"inLanguage\":\"fr-FR\",\"potentialAction\":[{\"@type\":\"ReadAction\",\"target\":[\"http:\\\/\\\/horizons28.com\\\/fr\\\/comptes-de-trading\\\/\"]}]},{\"@type\":\"ImageObject\",\"inLanguage\":\"fr-FR\",\"@id\":\"http:\\\/\\\/horizons28.com\\\/fr\\\/comptes-de-trading\\\/#primaryimage\",\"url\":\"http:\\\/\\\/horizons28.com\\\/wp-content\\\/uploads\\\/2025\\\/04\\\/account-types.png\",\"contentUrl\":\"http:\\\/\\\/horizons28.com\\\/wp-content\\\/uploads\\\/2025\\\/04\\\/account-types.png\"},{\"@type\":\"BreadcrumbList\",\"@id\":\"http:\\\/\\\/horizons28.com\\\/fr\\\/comptes-de-trading\\\/#breadcrumb\",\"itemListElement\":[{\"@type\":\"ListItem\",\"position\":1,\"name\":\"Home\",\"item\":\"https:\\\/\\\/horizons28.com\\\/fr\\\/\"},{\"@type\":\"ListItem\",\"position\":2,\"name\":\"Comptes de trading\"}]},{\"@type\":\"WebSite\",\"@id\":\"http:\\\/\\\/horizons28.com\\\/fr\\\/#website\",\"url\":\"http:\\\/\\\/horizons28.com\\\/fr\\\/\",\"name\":\"Horizons28\",\"description\":\"\",\"potentialAction\":[{\"@type\":\"SearchAction\",\"target\":{\"@type\":\"EntryPoint\",\"urlTemplate\":\"http:\\\/\\\/horizons28.com\\\/fr\\\/?s={search_term_string}\"},\"query-input\":{\"@type\":\"PropertyValueSpecification\",\"valueRequired\":true,\"valueName\":\"search_term_string\"}}],\"inLanguage\":\"fr-FR\"}]}<\/script>\n<!-- \/ Yoast SEO plugin. -->","yoast_head_json":{"title":"Comptes de trading | Votre setup id\u00e9al chez Horizons28","description":"D\u00e9couvrez nos comptes de trading pour tous niveaux, adapt\u00e9s \u00e0 vos besoins et objectifs.","robots":{"index":"index","follow":"follow","max-snippet":"max-snippet:-1","max-image-preview":"max-image-preview:large","max-video-preview":"max-video-preview:-1"},"canonical":"http:\/\/horizons28.com\/fr\/comptes-de-trading\/","og_locale":"fr_FR","og_type":"article","og_title":"Comptes de trading | Votre setup id\u00e9al chez Horizons28","og_description":"D\u00e9couvrez nos comptes de trading pour tous niveaux, adapt\u00e9s \u00e0 vos besoins et objectifs.","og_url":"http:\/\/horizons28.com\/fr\/comptes-de-trading\/","og_site_name":"Horizons28","article_modified_time":"2025-04-15T06:13:01+00:00","og_image":[{"url":"http:\/\/horizons28.com\/wp-content\/uploads\/2025\/04\/account-types.png","type":"","width":"","height":""}],"twitter_card":"summary_large_image","twitter_misc":{"Dur\u00e9e de lecture estim\u00e9e":"2 minutes"},"schema":{"@context":"https:\/\/schema.org","@graph":[{"@type":"WebPage","@id":"http:\/\/horizons28.com\/fr\/comptes-de-trading\/","url":"http:\/\/horizons28.com\/fr\/comptes-de-trading\/","name":"Comptes de trading | Votre setup id\u00e9al chez Horizons28","isPartOf":{"@id":"http:\/\/horizons28.com\/fr\/#website"},"primaryImageOfPage":{"@id":"http:\/\/horizons28.com\/fr\/comptes-de-trading\/#primaryimage"},"image":{"@id":"http:\/\/horizons28.com\/fr\/comptes-de-trading\/#primaryimage"},"thumbnailUrl":"http:\/\/horizons28.com\/wp-content\/uploads\/2025\/04\/account-types.png","datePublished":"2025-04-04T07:22:58+00:00","dateModified":"2025-04-15T06:13:01+00:00","description":"D\u00e9couvrez nos comptes de trading pour tous niveaux, adapt\u00e9s \u00e0 vos besoins et objectifs.","breadcrumb":{"@id":"http:\/\/horizons28.com\/fr\/comptes-de-trading\/#breadcrumb"},"inLanguage":"fr-FR","potentialAction":[{"@type":"ReadAction","target":["http:\/\/horizons28.com\/fr\/comptes-de-trading\/"]}]},{"@type":"ImageObject","inLanguage":"fr-FR","@id":"http:\/\/horizons28.com\/fr\/comptes-de-trading\/#primaryimage","url":"http:\/\/horizons28.com\/wp-content\/uploads\/2025\/04\/account-types.png","contentUrl":"http:\/\/horizons28.com\/wp-content\/uploads\/2025\/04\/account-types.png"},{"@type":"BreadcrumbList","@id":"http:\/\/horizons28.com\/fr\/comptes-de-trading\/#breadcrumb","itemListElement":[{"@type":"ListItem","position":1,"name":"Home","item":"https:\/\/horizons28.com\/fr\/"},{"@type":"ListItem","position":2,"name":"Comptes de trading"}]},{"@type":"WebSite","@id":"http:\/\/horizons28.com\/fr\/#website","url":"http:\/\/horizons28.com\/fr\/","name":"Horizons28","description":"","potentialAction":[{"@type":"SearchAction","target":{"@type":"EntryPoint","urlTemplate":"http:\/\/horizons28.com\/fr\/?s={search_term_string}"},"query-input":{"@type":"PropertyValueSpecification","valueRequired":true,"valueName":"search_term_string"}}],"inLanguage":"fr-FR"}]}},"_links":{"self":[{"href":"http:\/\/horizons28.com\/fr\/wp-json\/wp\/v2\/pages\/827","targetHints":{"allow":["GET"]}}],"collection":[{"href":"http:\/\/horizons28.com\/fr\/wp-json\/wp\/v2\/pages"}],"about":[{"href":"http:\/\/horizons28.com\/fr\/wp-json\/wp\/v2\/types\/page"}],"author":[{"embeddable":true,"href":"http:\/\/horizons28.com\/fr\/wp-json\/wp\/v2\/users\/1"}],"replies":[{"embeddable":true,"href":"http:\/\/horizons28.com\/fr\/wp-json\/wp\/v2\/comments?post=827"}],"version-history":[{"count":1,"href":"http:\/\/horizons28.com\/fr\/wp-json\/wp\/v2\/pages\/827\/revisions"}],"predecessor-version":[{"id":1072,"href":"http:\/\/horizons28.com\/fr\/wp-json\/wp\/v2\/pages\/827\/revisions\/1072"}],"wp:attachment":[{"href":"http:\/\/horizons28.com\/fr\/wp-json\/wp\/v2\/media?parent=827"}],"curies":[{"name":"wp","href":"https:\/\/api.w.org\/{rel}","templated":true}]}}