{"id":834,"date":"2025-04-04T07:19:28","date_gmt":"2025-04-04T07:19:28","guid":{"rendered":"http:\/\/horizons28.com\/compte-depargne\/"},"modified":"2025-04-15T06:18:50","modified_gmt":"2025-04-15T06:18:50","slug":"compte-depargne","status":"publish","type":"page","link":"http:\/\/horizons28.com\/fr\/compte-depargne\/","title":{"rendered":"Compte d&rsquo;\u00e9pargne"},"content":{"rendered":"\n<h1>\n\t\t\u00c9pargnez plus intelligemment. Gagnez davantage. \n\t<\/h1>\n\t<p>Collaborez avec d&rsquo;autres investisseurs pour accro\u00eetre votre capital gr\u00e2ce \u00e0 des opportunit\u00e9s exclusives \u00e0 forte croissance dans le monde entier.<\/p>\n\t\t\t<a href=\"https:\/\/area.horizons28.net\/auth\/registration\" target=\"_blank\" rel=\"noopener\">\n\t\t\t\t\t\t\tRejoignez Horizons28\n\t\t\t<\/a>\n\t\t\t\t<img loading=\"lazy\" decoding=\"async\" src=\"http:\/\/horizons28.com\/wp-content\/uploads\/2025\/04\/horizons28-savings-account.png\" alt=\"Horizons28 Savings Account\" itemprop=\"image\" height=\"500\" width=\"600\" title=\"horizons28-savings-account\" onerror=\"this.style.display='none'\"  \/>\n<h2>\n\t\tCompte d&rsquo;\u00e9pargne Horizons28\n\t<\/h2>\n\t<p>D\u00e9couvrez une solution d&rsquo;\u00e9pargne con\u00e7ue pour la croissance, la s\u00e9curit\u00e9 et la flexibilit\u00e9. <strong>Avec un remarquable taux d&rsquo;int\u00e9r\u00eat mensuel de 10%, le compte d&rsquo;\u00e9pargne Horizons28 permet \u00e0 votre argent de cro\u00eetre plus rapidement<\/strong> tout en restant accessible \u00e0 tout moment.<\/p>\n<h2>\n\t\tRendement exceptionnel\n\t<\/h2>\n\t<p>Gagnez 10% d&rsquo;int\u00e9r\u00eats par mois, bien au-dessus de ce que proposent les banques traditionnelles. Acc\u00e9l\u00e9rez votre progression vers la libert\u00e9 financi\u00e8re gr\u00e2ce \u00e0 un potentiel de capitalisation puissant. <\/p>\n<h2>\n\t\tAcc\u00e8s facile\n\t<\/h2>\n\t<p>D\u00e9posez et retirez \u00e0 tout moment \u2013 vos fonds sont toujours disponibles sans d\u00e9lais ni restrictions, tandis que nos \u00e9pargnes sont prot\u00e9g\u00e9es par des syst\u00e8mes de s\u00e9curit\u00e9 avanc\u00e9s pour votre tranquillit\u00e9 d&rsquo;esprit.<\/p>\n<h2>\n\t\tAucuns frais cach\u00e9s\n\t<\/h2>\n\t<p>Il n&rsquo;y a pas de co\u00fbts cach\u00e9s ni de frais de maintenance. Chaque centime de vos int\u00e9r\u00eats vous revient directement. Notre compte d&rsquo;\u00e9pargne contribue \u00e0 construire votre avenir financier.  <\/p>\n<h3>\n\t\tCompte d&rsquo;\u00e9pargne Horizons28\n\t<\/h3>\n<h3>\n\t\tFaites fructifier votre capital, sans effort\n\t<\/h3>\n\t<p>Chez Horizons28, <strong>nous croyons que la cr\u00e9ation de richesse devrait \u00eatre simple et s\u00fbre<\/strong>. Notre compte d&rsquo;\u00e9pargne est con\u00e7u aussi bien pour les traders que pour les \u00e9pargnants \u2013 offrant <strong>des rendements \u00e9lev\u00e9s, un contr\u00f4le en temps r\u00e9el du compte et une gestion sans stress.<\/strong> <\/p>\n\t\t<h4>Int\u00e9r\u00eats \u00e0 haute performance<\/h4>\t\t\t\n\t\t\t\t<p>Profitez d&rsquo;une croissance mensuelle de 10% sur votre \u00e9pargne. Faites travailler plus dur votre argent inactif pour vous. <\/p>\n\t\t<h4>Acc\u00e8s facile au compte<\/h4>\t\t\t\n\t\t\t\t<p>G\u00e9rez tout depuis notre tableau de bord en ligne intuitif ou notre application mobile \u2013 \u00e0 tout moment, n&rsquo;importe o\u00f9.<\/p>\n\t\t<h4>Contributions flexibles<\/h4>\t\t\t\n\t\t\t\t<p>Commencez avec n&rsquo;importe quel montant qui correspond \u00e0 vos objectifs. Ajustez vos contributions quand vous le souhaitez. <\/p>\n\t\t<h4>Support personnel<\/h4>\t\t\t\n\t\t\t\t<p>Notre \u00e9quipe de service client est l\u00e0 pour vous \u2013 que vous ayez des questions, besoin d&rsquo;aide ou souhaitiez des conseils strat\u00e9giques.<\/p>\n<h5>\n\t\tCommencez en 4 \u00e9tapes simples\n\t<\/h5>\n\t\t\t\t\t\t\t\t\t\t\t\t\t\t\t<h5>1<\/h5>\n\t\t\t\t\t\t<p>Cr\u00e9ez votre compte<\/p>\t\t\t\t\t\n\t\t\t<!-- END .front -->\n\t\t\t\t\t\t<p>Connectez-vous ou inscrivez-vous pour acc\u00e9der \u00e0 votre tableau de bord d&rsquo;\u00e9pargne.<\/p>\t\t\t\t\t\n\t\t\t<!-- END .back -->\n\t\t <!-- ifb-flip-box -->\n\t <!-- flip-box -->\n\t\t\t\t\t\t\t\t\t\t\t\t\t\t\t<h5>2<\/h5>\n\t\t\t\t\t\t<p>Alimentez votre compte<\/p>\t\t\t\t\t\n\t\t\t<!-- END .front -->\n\t\t\t\t\t\t<p>Effectuez votre premier d\u00e9p\u00f4t. Aucun solde minimum n&rsquo;est requis pour commencer \u00e0 gagner. <\/p>\t\t\t\t\t\n\t\t\t<!-- END .back -->\n\t\t <!-- ifb-flip-box -->\n\t <!-- flip-box -->\n\t\t\t\t\t\t\t\t\t\t\t\t\t\t\t<h5>3<\/h5>\n\t\t\t\t\t\t<p>Suivez vos progr\u00e8s<\/p>\t\t\t\t\t\n\t\t\t<!-- END .front -->\n\t\t\t\t\t\t<p>Gagnez 10% d&rsquo;int\u00e9r\u00eats mensuels \u2013 votre \u00e9pargne cro\u00eet automatiquement.<\/p>\t\t\t\t\t\n\t\t\t<!-- END .back -->\n\t\t <!-- ifb-flip-box -->\n\t <!-- flip-box -->\n\t\t\t\t\t\t\t\t\t\t\t\t\t\t\t<h5>4<\/h5>\n\t\t\t\t\t\t<p>Retirez des fonds \u00e0 tout moment<\/p>\t\t\t\t\t\n\t\t\t<!-- END .front -->\n\t\t\t\t\t\t<p>Acc\u00e9dez \u00e0 vos fonds quand vous en avez besoin, sans p\u00e9nalit\u00e9s ni frais.<\/p>\t\t\t\t\t\n\t\t\t<!-- END .back -->\n\t\t <!-- ifb-flip-box -->\n\t <!-- flip-box -->\n<h3>\n\t\tPr\u00eat \u00e0 trader plus intelligemment ? D\u00e9couvrez une vraie rapidit\u00e9, de vrais march\u00e9s et de vrais r\u00e9sultats.\n\t<\/h3>\n\t\t\t<a href=\"https:\/\/area.horizons28.net\/auth\/registration\" target=\"_blank\" rel=\"noopener\">\n\t\t\t\t\t\t\tRejoignez Horizons28\n\t\t\t<\/a>\n<h1>\n\t\tConstruisez votre richesse de mani\u00e8re plus intelligente\n\t<\/h1>\n\t<p>Chez Horizons28, nous croyons que la cr\u00e9ation de richesse ne devrait pas \u00eatre compliqu\u00e9e \u2013 elle devrait \u00eatre simple, s\u00fbre et accessible \u00e0 tous. C&rsquo;est pourquoi nous avons cr\u00e9\u00e9 un compte d&rsquo;\u00e9pargne adapt\u00e9 aussi bien aux traders actifs qu&rsquo;aux \u00e9pargnants ordinaires. Que vous fassiez fructifier votre capital pour de futurs investissements ou que vous cherchiez simplement un moyen fiable d&rsquo;obtenir des rendements r\u00e9guliers, notre compte offre une solution intelligente.  <\/p>\n<p>Avec des taux d&rsquo;int\u00e9r\u00eat tr\u00e8s comp\u00e9titifs, un contr\u00f4le complet via un tableau de bord convivial et une configuration sans tracas, Horizons28 rend la gestion de votre argent facile. Profitez de la confiance de voir votre \u00e9pargne cro\u00eetre tout en sachant que vos fonds sont prot\u00e9g\u00e9s \u00e0 chaque \u00e9tape. <\/p>\n\t\t\t\t<img loading=\"lazy\" decoding=\"async\" src=\"http:\/\/horizons28.com\/wp-content\/uploads\/2025\/04\/smarter-wealth-building.png\" alt=\"Smarter Wealth Building\" itemprop=\"image\" height=\"580\" width=\"813\" title=\"smarter-wealth-building\" onerror=\"this.style.display='none'\"  \/>\n<h3>\n\t\tPr\u00eat \u00e0 trader plus intelligemment ? D\u00e9couvrez une vraie rapidit\u00e9, de vrais march\u00e9s et de vrais r\u00e9sultats.\n\t<\/h3>\n\t\t\t<a href=\"https:\/\/area.horizons28.net\/auth\/registration\" target=\"_blank\" rel=\"noopener\">\n\t\t\t\t\t\t\tRejoignez Horizons28\n\t\t\t<\/a>\n\n","protected":false},"excerpt":{"rendered":"<p>\u00c9pargnez plus intelligemment. Gagnez davantage. Collaborez avec d&rsquo;autres investisseurs pour accro\u00eetre votre capital gr\u00e2ce \u00e0 des opportunit\u00e9s exclusives \u00e0 forte croissance dans le monde entier. Rejoignez Horizons28 Compte d&rsquo;\u00e9pargne Horizons28 D\u00e9couvrez une solution d&rsquo;\u00e9pargne con\u00e7ue pour la croissance, la s\u00e9curit\u00e9 et la flexibilit\u00e9. Avec un remarquable taux d&rsquo;int\u00e9r\u00eat mensuel de 10%, le compte d&rsquo;\u00e9pargne Horizons28&hellip;<\/p>\n","protected":false},"author":1,"featured_media":0,"parent":0,"menu_order":0,"comment_status":"closed","ping_status":"closed","template":"","meta":{"footnotes":""},"class_list":["post-834","page","type-page","status-publish","hentry"],"yoast_head":"<!-- This site is optimized with the Yoast SEO plugin v27.4 - https:\/\/yoast.com\/product\/yoast-seo-wordpress\/ -->\n<title>Compte \u00e9pargne Horizons28 | Int\u00e9r\u00eats mensuels \u00e9lev\u00e9s<\/title>\n<meta name=\"description\" content=\"Horizons28 : 10% d&#039;int\u00e9r\u00eats\/mois. \u00c9pargne intelligente, gains rapides, acc\u00e8s illimit\u00e9.\" \/>\n<meta name=\"robots\" content=\"index, follow, max-snippet:-1, max-image-preview:large, max-video-preview:-1\" \/>\n<link rel=\"canonical\" href=\"http:\/\/horizons28.com\/fr\/compte-depargne\/\" \/>\n<meta property=\"og:locale\" content=\"fr_FR\" \/>\n<meta property=\"og:type\" content=\"article\" \/>\n<meta property=\"og:title\" content=\"Compte \u00e9pargne Horizons28 | Int\u00e9r\u00eats mensuels \u00e9lev\u00e9s\" \/>\n<meta property=\"og:description\" content=\"Horizons28 : 10% d&#039;int\u00e9r\u00eats\/mois. \u00c9pargne intelligente, gains rapides, acc\u00e8s illimit\u00e9.\" \/>\n<meta property=\"og:url\" content=\"http:\/\/horizons28.com\/fr\/compte-depargne\/\" \/>\n<meta property=\"og:site_name\" content=\"Horizons28\" \/>\n<meta property=\"article:modified_time\" content=\"2025-04-15T06:18:50+00:00\" \/>\n<meta property=\"og:image\" content=\"http:\/\/horizons28.com\/wp-content\/uploads\/2025\/04\/horizons28-savings-account.png\" \/>\n<meta name=\"twitter:card\" content=\"summary_large_image\" \/>\n<meta name=\"twitter:label1\" content=\"Dur\u00e9e de lecture estim\u00e9e\" \/>\n\t<meta name=\"twitter:data1\" content=\"3 minutes\" \/>\n<script type=\"application\/ld+json\" class=\"yoast-schema-graph\">{\"@context\":\"https:\\\/\\\/schema.org\",\"@graph\":[{\"@type\":\"WebPage\",\"@id\":\"http:\\\/\\\/horizons28.com\\\/fr\\\/compte-depargne\\\/\",\"url\":\"http:\\\/\\\/horizons28.com\\\/fr\\\/compte-depargne\\\/\",\"name\":\"Compte \u00e9pargne Horizons28 | Int\u00e9r\u00eats mensuels \u00e9lev\u00e9s\",\"isPartOf\":{\"@id\":\"https:\\\/\\\/horizons28.com\\\/fr\\\/#website\"},\"primaryImageOfPage\":{\"@id\":\"http:\\\/\\\/horizons28.com\\\/fr\\\/compte-depargne\\\/#primaryimage\"},\"image\":{\"@id\":\"http:\\\/\\\/horizons28.com\\\/fr\\\/compte-depargne\\\/#primaryimage\"},\"thumbnailUrl\":\"http:\\\/\\\/horizons28.com\\\/wp-content\\\/uploads\\\/2025\\\/04\\\/horizons28-savings-account.png\",\"datePublished\":\"2025-04-04T07:19:28+00:00\",\"dateModified\":\"2025-04-15T06:18:50+00:00\",\"description\":\"Horizons28 : 10% d'int\u00e9r\u00eats\\\/mois. \u00c9pargne intelligente, gains rapides, acc\u00e8s illimit\u00e9.\",\"breadcrumb\":{\"@id\":\"http:\\\/\\\/horizons28.com\\\/fr\\\/compte-depargne\\\/#breadcrumb\"},\"inLanguage\":\"fr-FR\",\"potentialAction\":[{\"@type\":\"ReadAction\",\"target\":[\"http:\\\/\\\/horizons28.com\\\/fr\\\/compte-depargne\\\/\"]}]},{\"@type\":\"ImageObject\",\"inLanguage\":\"fr-FR\",\"@id\":\"http:\\\/\\\/horizons28.com\\\/fr\\\/compte-depargne\\\/#primaryimage\",\"url\":\"http:\\\/\\\/horizons28.com\\\/wp-content\\\/uploads\\\/2025\\\/04\\\/horizons28-savings-account.png\",\"contentUrl\":\"http:\\\/\\\/horizons28.com\\\/wp-content\\\/uploads\\\/2025\\\/04\\\/horizons28-savings-account.png\"},{\"@type\":\"BreadcrumbList\",\"@id\":\"http:\\\/\\\/horizons28.com\\\/fr\\\/compte-depargne\\\/#breadcrumb\",\"itemListElement\":[{\"@type\":\"ListItem\",\"position\":1,\"name\":\"Home\",\"item\":\"http:\\\/\\\/horizons28.com\\\/fr\\\/\"},{\"@type\":\"ListItem\",\"position\":2,\"name\":\"Compte d&rsquo;\u00e9pargne\"}]},{\"@type\":\"WebSite\",\"@id\":\"https:\\\/\\\/horizons28.com\\\/fr\\\/#website\",\"url\":\"https:\\\/\\\/horizons28.com\\\/fr\\\/\",\"name\":\"Horizons28\",\"description\":\"\",\"potentialAction\":[{\"@type\":\"SearchAction\",\"target\":{\"@type\":\"EntryPoint\",\"urlTemplate\":\"https:\\\/\\\/horizons28.com\\\/fr\\\/?s={search_term_string}\"},\"query-input\":{\"@type\":\"PropertyValueSpecification\",\"valueRequired\":true,\"valueName\":\"search_term_string\"}}],\"inLanguage\":\"fr-FR\"}]}<\/script>\n<!-- \/ Yoast SEO plugin. -->","yoast_head_json":{"title":"Compte \u00e9pargne Horizons28 | Int\u00e9r\u00eats mensuels \u00e9lev\u00e9s","description":"Horizons28 : 10% d'int\u00e9r\u00eats\/mois. \u00c9pargne intelligente, gains rapides, acc\u00e8s illimit\u00e9.","robots":{"index":"index","follow":"follow","max-snippet":"max-snippet:-1","max-image-preview":"max-image-preview:large","max-video-preview":"max-video-preview:-1"},"canonical":"http:\/\/horizons28.com\/fr\/compte-depargne\/","og_locale":"fr_FR","og_type":"article","og_title":"Compte \u00e9pargne Horizons28 | Int\u00e9r\u00eats mensuels \u00e9lev\u00e9s","og_description":"Horizons28 : 10% d'int\u00e9r\u00eats\/mois. \u00c9pargne intelligente, gains rapides, acc\u00e8s illimit\u00e9.","og_url":"http:\/\/horizons28.com\/fr\/compte-depargne\/","og_site_name":"Horizons28","article_modified_time":"2025-04-15T06:18:50+00:00","og_image":[{"url":"http:\/\/horizons28.com\/wp-content\/uploads\/2025\/04\/horizons28-savings-account.png","type":"","width":"","height":""}],"twitter_card":"summary_large_image","twitter_misc":{"Dur\u00e9e de lecture estim\u00e9e":"3 minutes"},"schema":{"@context":"https:\/\/schema.org","@graph":[{"@type":"WebPage","@id":"http:\/\/horizons28.com\/fr\/compte-depargne\/","url":"http:\/\/horizons28.com\/fr\/compte-depargne\/","name":"Compte \u00e9pargne Horizons28 | Int\u00e9r\u00eats mensuels \u00e9lev\u00e9s","isPartOf":{"@id":"https:\/\/horizons28.com\/fr\/#website"},"primaryImageOfPage":{"@id":"http:\/\/horizons28.com\/fr\/compte-depargne\/#primaryimage"},"image":{"@id":"http:\/\/horizons28.com\/fr\/compte-depargne\/#primaryimage"},"thumbnailUrl":"http:\/\/horizons28.com\/wp-content\/uploads\/2025\/04\/horizons28-savings-account.png","datePublished":"2025-04-04T07:19:28+00:00","dateModified":"2025-04-15T06:18:50+00:00","description":"Horizons28 : 10% d'int\u00e9r\u00eats\/mois. \u00c9pargne intelligente, gains rapides, acc\u00e8s illimit\u00e9.","breadcrumb":{"@id":"http:\/\/horizons28.com\/fr\/compte-depargne\/#breadcrumb"},"inLanguage":"fr-FR","potentialAction":[{"@type":"ReadAction","target":["http:\/\/horizons28.com\/fr\/compte-depargne\/"]}]},{"@type":"ImageObject","inLanguage":"fr-FR","@id":"http:\/\/horizons28.com\/fr\/compte-depargne\/#primaryimage","url":"http:\/\/horizons28.com\/wp-content\/uploads\/2025\/04\/horizons28-savings-account.png","contentUrl":"http:\/\/horizons28.com\/wp-content\/uploads\/2025\/04\/horizons28-savings-account.png"},{"@type":"BreadcrumbList","@id":"http:\/\/horizons28.com\/fr\/compte-depargne\/#breadcrumb","itemListElement":[{"@type":"ListItem","position":1,"name":"Home","item":"http:\/\/horizons28.com\/fr\/"},{"@type":"ListItem","position":2,"name":"Compte d&rsquo;\u00e9pargne"}]},{"@type":"WebSite","@id":"https:\/\/horizons28.com\/fr\/#website","url":"https:\/\/horizons28.com\/fr\/","name":"Horizons28","description":"","potentialAction":[{"@type":"SearchAction","target":{"@type":"EntryPoint","urlTemplate":"https:\/\/horizons28.com\/fr\/?s={search_term_string}"},"query-input":{"@type":"PropertyValueSpecification","valueRequired":true,"valueName":"search_term_string"}}],"inLanguage":"fr-FR"}]}},"_links":{"self":[{"href":"http:\/\/horizons28.com\/fr\/wp-json\/wp\/v2\/pages\/834","targetHints":{"allow":["GET"]}}],"collection":[{"href":"http:\/\/horizons28.com\/fr\/wp-json\/wp\/v2\/pages"}],"about":[{"href":"http:\/\/horizons28.com\/fr\/wp-json\/wp\/v2\/types\/page"}],"author":[{"embeddable":true,"href":"http:\/\/horizons28.com\/fr\/wp-json\/wp\/v2\/users\/1"}],"replies":[{"embeddable":true,"href":"http:\/\/horizons28.com\/fr\/wp-json\/wp\/v2\/comments?post=834"}],"version-history":[{"count":1,"href":"http:\/\/horizons28.com\/fr\/wp-json\/wp\/v2\/pages\/834\/revisions"}],"predecessor-version":[{"id":1080,"href":"http:\/\/horizons28.com\/fr\/wp-json\/wp\/v2\/pages\/834\/revisions\/1080"}],"wp:attachment":[{"href":"http:\/\/horizons28.com\/fr\/wp-json\/wp\/v2\/media?parent=834"}],"curies":[{"name":"wp","href":"https:\/\/api.w.org\/{rel}","templated":true}]}}