{"id":840,"date":"2025-04-03T11:39:07","date_gmt":"2025-04-03T11:39:07","guid":{"rendered":"http:\/\/horizons28.com\/plateforme-de-negociation\/"},"modified":"2025-04-15T06:07:37","modified_gmt":"2025-04-15T06:07:37","slug":"plateforme-de-negociation","status":"publish","type":"page","link":"http:\/\/horizons28.com\/fr\/plateforme-de-negociation\/","title":{"rendered":"Plateforme de n\u00e9gociation"},"content":{"rendered":"\n<h1>\n\t\tHorizons28. La n\u00e9gociation tout-en-un. \n\t<\/h1>\n\t<p>N\u00e9gociez avec une ex\u00e9cution ultra-rapide, des prix en temps r\u00e9el, des outils de graphiques avanc\u00e9s et une interface conviviale.<\/p>\n\t\t\t<a href=\"https:\/\/area.horizons28.net\/auth\/registration\" target=\"_blank\" rel=\"noopener\">\n\t\t\t\t\t\t\tRejoignez Horizons28\n\t\t\t<\/a>\n\t\t\t\t<img loading=\"lazy\" decoding=\"async\" src=\"http:\/\/horizons28.com\/wp-content\/uploads\/2025\/04\/horizons28-trading-platform.png\" alt=\"Horizons28 Trading Platform\" itemprop=\"image\" height=\"500\" width=\"600\" title=\"horizons28-trading-platform\" onerror=\"this.style.display='none'\"  \/>\n\t\t\t<h2>Horizons28 : Votre exp\u00e9rience de n\u00e9gociation web tout-en-un<\/h2>\t\t\t\n\t\t\t\t<p>Horizons28 est une plateforme web haute performance destin\u00e9e aux n\u00e9gociateurs exigeant rapidit\u00e9, flexibilit\u00e9 et contr\u00f4le. Propuls\u00e9e par une infrastructure de nouvelle g\u00e9n\u00e9ration, elle offre une exp\u00e9rience de n\u00e9gociation fluide sans t\u00e9l\u00e9chargement ni installation, vous donnant un acc\u00e8s instantan\u00e9 aux march\u00e9s mondiaux depuis n&rsquo;importe quel appareil. <\/p>\n<h3>\n\t\tSans t\u00e9l\u00e9chargement. Sans limites. N\u00e9gociez partout.  \n\t<\/h3>\n\t<p>Avec Horizons28, n\u00e9gocier est aussi simple que d&rsquo;ouvrir votre navigateur.<cx id=\"gid_0\"><\/cx><cx id=\"gid_1\"><\/cx>Que vous utilisiez un ordinateur de bureau, un ordinateur portable ou un appareil mobile, la plateforme fonctionne parfaitement sur Windows, macOS, Linux, iOS et Android. <strong>Aucune configuration n&rsquo;est requise \u2013 connectez-vous et commencez \u00e0 n\u00e9gocier.<\/strong><cx id=\"gid_3\"><\/cx><cx id=\"gid_4\"><\/cx>Chaque session est prot\u00e9g\u00e9e par un chiffrement de bout en bout, assurant la s\u00e9curit\u00e9 de vos donn\u00e9es m\u00eame sur des r\u00e9seaux partag\u00e9s ou publics.<\/p>\n<h3>\n\t\tCon\u00e7ue pour la vitesse : Ex\u00e9cution propuls\u00e9e par le cloud\n\t<\/h3>\n\t<p>Horizons28 offre une ex\u00e9cution ultra-rapide en exploitant l&rsquo;architecture cloud et des centres de donn\u00e9es professionnels.<cx id=\"gid_0\"><\/cx><cx id=\"gid_1\"><\/cx>Les transactions sont achemin\u00e9es via des environnements \u00e0 faible latence pour <strong>des ex\u00e9cutions plus rapides et un traitement des ordres plus pr\u00e9cis<\/strong>.<cx id=\"gid_3\"><\/cx><cx id=\"gid_4\"><\/cx>Que vous fassiez du scalping ou que vous g\u00e9riez de grandes positions, vous b\u00e9n\u00e9ficiez d&rsquo;un <strong>flux d&rsquo;ordres rapide avec un glissement minimal<\/strong>.<cx id=\"gid_6\"><\/cx><cx id=\"gid_7\"><\/cx>N\u00e9gociez sur toutes nos classes d&rsquo;actifs avec une ex\u00e9cution exceptionnelle des transactions.<\/p>\n<h3>\n\t\tN\u00e9gociation intelligente avec des capacit\u00e9s algorithmiques\n\t<\/h3>\n\t<p>Automatisez votre strat\u00e9gie gr\u00e2ce \u00e0 la prise en charge du trading algorithmique. Horizons28 vous permet d&rsquo;ex\u00e9cuter <strong>des scripts personnalis\u00e9s et des robots directement au sein de la plateforme<\/strong> et d&rsquo;agir sur les opportunit\u00e9s sans intervention manuelle. <\/p>\n<p>Pour les utilisateurs avanc\u00e9s, la plateforme est \u00e9galement optimis\u00e9e pour le <strong>trading haute fr\u00e9quence<\/strong>, permettant une ex\u00e9cution rapide et automatis\u00e9e des transactions avec des performances constantes sous pression.<\/p>\n<h3>\n\t\tPersonnalisez votre vue avec de multiples options\n\t<\/h3>\n\t<p>Analysez les march\u00e9s \u00e0 votre fa\u00e7on gr\u00e2ce \u00e0 de multiples fen\u00eatres de graphiques et une s\u00e9lection flexible des horizons temporels. <strong>Comparez les actifs c\u00f4te \u00e0 c\u00f4te ou visualisez le m\u00eame instrument sur diff\u00e9rents horizons temporels<\/strong> \u2013 des vues de scalping \u00e0 la minute aux graphiques quotidiens \u00e0 long terme.<cx id=\"gid_1\"><\/cx><cx id=\"gid_2\"><\/cx>Le syst\u00e8me de graphiques avanc\u00e9 d&rsquo;Horizons28 prend en charge <strong>des outils de dessin, des indicateurs et des superpositions<\/strong> adapt\u00e9s \u00e0 chaque style de trading.<\/p>\n<h3>\n\t\tPr\u00eat \u00e0 trader plus intelligemment ? D\u00e9couvrez une vraie rapidit\u00e9, de vrais march\u00e9s et de vrais r\u00e9sultats.\n\t<\/h3>\n\t\t\t<a href=\"https:\/\/area.horizons28.net\/auth\/registration\" target=\"_blank\" rel=\"noopener\">\n\t\t\t\t\t\t\tRejoignez Horizons28\n\t\t\t<\/a>\n\n","protected":false},"excerpt":{"rendered":"<p>Horizons28. La n\u00e9gociation tout-en-un. N\u00e9gociez avec une ex\u00e9cution ultra-rapide, des prix en temps r\u00e9el, des outils de graphiques avanc\u00e9s et une interface conviviale. Rejoignez Horizons28 Horizons28 : Votre exp\u00e9rience de n\u00e9gociation web tout-en-un Horizons28 est une plateforme web haute performance destin\u00e9e aux n\u00e9gociateurs exigeant rapidit\u00e9, flexibilit\u00e9 et contr\u00f4le. Propuls\u00e9e par une infrastructure de nouvelle g\u00e9n\u00e9ration,&hellip;<\/p>\n","protected":false},"author":1,"featured_media":0,"parent":0,"menu_order":0,"comment_status":"closed","ping_status":"closed","template":"","meta":{"footnotes":""},"class_list":["post-840","page","type-page","status-publish","hentry"],"yoast_head":"<!-- This site is optimized with the Yoast SEO plugin v27.5 - https:\/\/yoast.com\/product\/yoast-seo-wordpress\/ -->\n<title>Plateforme Horizons28 : Rapide, S\u00fbre, Puissante<\/title>\n<meta name=\"description\" content=\"Horizons28 : plateforme avanc\u00e9e, ex\u00e9cution rapide, outils performants pour un trading optimal.\" \/>\n<meta name=\"robots\" content=\"index, follow, max-snippet:-1, max-image-preview:large, max-video-preview:-1\" \/>\n<link rel=\"canonical\" href=\"http:\/\/horizons28.com\/fr\/plateforme-de-negociation\/\" \/>\n<meta property=\"og:locale\" content=\"fr_FR\" \/>\n<meta property=\"og:type\" content=\"article\" \/>\n<meta property=\"og:title\" content=\"Plateforme Horizons28 : Rapide, S\u00fbre, Puissante\" \/>\n<meta property=\"og:description\" content=\"Horizons28 : plateforme avanc\u00e9e, ex\u00e9cution rapide, outils performants pour un trading optimal.\" \/>\n<meta property=\"og:url\" content=\"http:\/\/horizons28.com\/fr\/plateforme-de-negociation\/\" \/>\n<meta property=\"og:site_name\" content=\"Horizons28\" \/>\n<meta property=\"article:modified_time\" content=\"2025-04-15T06:07:37+00:00\" \/>\n<meta property=\"og:image\" content=\"http:\/\/horizons28.com\/wp-content\/uploads\/2025\/04\/horizons28-trading-platform.png\" \/>\n<meta name=\"twitter:card\" content=\"summary_large_image\" \/>\n<meta name=\"twitter:label1\" content=\"Dur\u00e9e de lecture estim\u00e9e\" \/>\n\t<meta name=\"twitter:data1\" content=\"2 minutes\" \/>\n<script type=\"application\/ld+json\" class=\"yoast-schema-graph\">{\"@context\":\"https:\\\/\\\/schema.org\",\"@graph\":[{\"@type\":\"WebPage\",\"@id\":\"http:\\\/\\\/horizons28.com\\\/fr\\\/plateforme-de-negociation\\\/\",\"url\":\"http:\\\/\\\/horizons28.com\\\/fr\\\/plateforme-de-negociation\\\/\",\"name\":\"Plateforme Horizons28 : Rapide, S\u00fbre, Puissante\",\"isPartOf\":{\"@id\":\"https:\\\/\\\/horizons28.com\\\/fr\\\/#website\"},\"primaryImageOfPage\":{\"@id\":\"http:\\\/\\\/horizons28.com\\\/fr\\\/plateforme-de-negociation\\\/#primaryimage\"},\"image\":{\"@id\":\"http:\\\/\\\/horizons28.com\\\/fr\\\/plateforme-de-negociation\\\/#primaryimage\"},\"thumbnailUrl\":\"http:\\\/\\\/horizons28.com\\\/wp-content\\\/uploads\\\/2025\\\/04\\\/horizons28-trading-platform.png\",\"datePublished\":\"2025-04-03T11:39:07+00:00\",\"dateModified\":\"2025-04-15T06:07:37+00:00\",\"description\":\"Horizons28 : plateforme avanc\u00e9e, ex\u00e9cution rapide, outils performants pour un trading optimal.\",\"breadcrumb\":{\"@id\":\"http:\\\/\\\/horizons28.com\\\/fr\\\/plateforme-de-negociation\\\/#breadcrumb\"},\"inLanguage\":\"fr-FR\",\"potentialAction\":[{\"@type\":\"ReadAction\",\"target\":[\"http:\\\/\\\/horizons28.com\\\/fr\\\/plateforme-de-negociation\\\/\"]}]},{\"@type\":\"ImageObject\",\"inLanguage\":\"fr-FR\",\"@id\":\"http:\\\/\\\/horizons28.com\\\/fr\\\/plateforme-de-negociation\\\/#primaryimage\",\"url\":\"http:\\\/\\\/horizons28.com\\\/wp-content\\\/uploads\\\/2025\\\/04\\\/horizons28-trading-platform.png\",\"contentUrl\":\"http:\\\/\\\/horizons28.com\\\/wp-content\\\/uploads\\\/2025\\\/04\\\/horizons28-trading-platform.png\"},{\"@type\":\"BreadcrumbList\",\"@id\":\"http:\\\/\\\/horizons28.com\\\/fr\\\/plateforme-de-negociation\\\/#breadcrumb\",\"itemListElement\":[{\"@type\":\"ListItem\",\"position\":1,\"name\":\"Home\",\"item\":\"https:\\\/\\\/horizons28.com\\\/fr\\\/\"},{\"@type\":\"ListItem\",\"position\":2,\"name\":\"Plateforme de n\u00e9gociation\"}]},{\"@type\":\"WebSite\",\"@id\":\"https:\\\/\\\/horizons28.com\\\/fr\\\/#website\",\"url\":\"https:\\\/\\\/horizons28.com\\\/fr\\\/\",\"name\":\"Horizons28\",\"description\":\"\",\"potentialAction\":[{\"@type\":\"SearchAction\",\"target\":{\"@type\":\"EntryPoint\",\"urlTemplate\":\"https:\\\/\\\/horizons28.com\\\/fr\\\/?s={search_term_string}\"},\"query-input\":{\"@type\":\"PropertyValueSpecification\",\"valueRequired\":true,\"valueName\":\"search_term_string\"}}],\"inLanguage\":\"fr-FR\"}]}<\/script>\n<!-- \/ Yoast SEO plugin. -->","yoast_head_json":{"title":"Plateforme Horizons28 : Rapide, S\u00fbre, Puissante","description":"Horizons28 : plateforme avanc\u00e9e, ex\u00e9cution rapide, outils performants pour un trading optimal.","robots":{"index":"index","follow":"follow","max-snippet":"max-snippet:-1","max-image-preview":"max-image-preview:large","max-video-preview":"max-video-preview:-1"},"canonical":"http:\/\/horizons28.com\/fr\/plateforme-de-negociation\/","og_locale":"fr_FR","og_type":"article","og_title":"Plateforme Horizons28 : Rapide, S\u00fbre, Puissante","og_description":"Horizons28 : plateforme avanc\u00e9e, ex\u00e9cution rapide, outils performants pour un trading optimal.","og_url":"http:\/\/horizons28.com\/fr\/plateforme-de-negociation\/","og_site_name":"Horizons28","article_modified_time":"2025-04-15T06:07:37+00:00","og_image":[{"url":"http:\/\/horizons28.com\/wp-content\/uploads\/2025\/04\/horizons28-trading-platform.png","type":"","width":"","height":""}],"twitter_card":"summary_large_image","twitter_misc":{"Dur\u00e9e de lecture estim\u00e9e":"2 minutes"},"schema":{"@context":"https:\/\/schema.org","@graph":[{"@type":"WebPage","@id":"http:\/\/horizons28.com\/fr\/plateforme-de-negociation\/","url":"http:\/\/horizons28.com\/fr\/plateforme-de-negociation\/","name":"Plateforme Horizons28 : Rapide, S\u00fbre, Puissante","isPartOf":{"@id":"https:\/\/horizons28.com\/fr\/#website"},"primaryImageOfPage":{"@id":"http:\/\/horizons28.com\/fr\/plateforme-de-negociation\/#primaryimage"},"image":{"@id":"http:\/\/horizons28.com\/fr\/plateforme-de-negociation\/#primaryimage"},"thumbnailUrl":"http:\/\/horizons28.com\/wp-content\/uploads\/2025\/04\/horizons28-trading-platform.png","datePublished":"2025-04-03T11:39:07+00:00","dateModified":"2025-04-15T06:07:37+00:00","description":"Horizons28 : plateforme avanc\u00e9e, ex\u00e9cution rapide, outils performants pour un trading optimal.","breadcrumb":{"@id":"http:\/\/horizons28.com\/fr\/plateforme-de-negociation\/#breadcrumb"},"inLanguage":"fr-FR","potentialAction":[{"@type":"ReadAction","target":["http:\/\/horizons28.com\/fr\/plateforme-de-negociation\/"]}]},{"@type":"ImageObject","inLanguage":"fr-FR","@id":"http:\/\/horizons28.com\/fr\/plateforme-de-negociation\/#primaryimage","url":"http:\/\/horizons28.com\/wp-content\/uploads\/2025\/04\/horizons28-trading-platform.png","contentUrl":"http:\/\/horizons28.com\/wp-content\/uploads\/2025\/04\/horizons28-trading-platform.png"},{"@type":"BreadcrumbList","@id":"http:\/\/horizons28.com\/fr\/plateforme-de-negociation\/#breadcrumb","itemListElement":[{"@type":"ListItem","position":1,"name":"Home","item":"https:\/\/horizons28.com\/fr\/"},{"@type":"ListItem","position":2,"name":"Plateforme de n\u00e9gociation"}]},{"@type":"WebSite","@id":"https:\/\/horizons28.com\/fr\/#website","url":"https:\/\/horizons28.com\/fr\/","name":"Horizons28","description":"","potentialAction":[{"@type":"SearchAction","target":{"@type":"EntryPoint","urlTemplate":"https:\/\/horizons28.com\/fr\/?s={search_term_string}"},"query-input":{"@type":"PropertyValueSpecification","valueRequired":true,"valueName":"search_term_string"}}],"inLanguage":"fr-FR"}]}},"_links":{"self":[{"href":"http:\/\/horizons28.com\/fr\/wp-json\/wp\/v2\/pages\/840","targetHints":{"allow":["GET"]}}],"collection":[{"href":"http:\/\/horizons28.com\/fr\/wp-json\/wp\/v2\/pages"}],"about":[{"href":"http:\/\/horizons28.com\/fr\/wp-json\/wp\/v2\/types\/page"}],"author":[{"embeddable":true,"href":"http:\/\/horizons28.com\/fr\/wp-json\/wp\/v2\/users\/1"}],"replies":[{"embeddable":true,"href":"http:\/\/horizons28.com\/fr\/wp-json\/wp\/v2\/comments?post=840"}],"version-history":[{"count":1,"href":"http:\/\/horizons28.com\/fr\/wp-json\/wp\/v2\/pages\/840\/revisions"}],"predecessor-version":[{"id":1065,"href":"http:\/\/horizons28.com\/fr\/wp-json\/wp\/v2\/pages\/840\/revisions\/1065"}],"wp:attachment":[{"href":"http:\/\/horizons28.com\/fr\/wp-json\/wp\/v2\/media?parent=840"}],"curies":[{"name":"wp","href":"https:\/\/api.w.org\/{rel}","templated":true}]}}