{"id":850,"date":"2025-04-04T07:20:25","date_gmt":"2025-04-04T07:20:25","guid":{"rendered":"http:\/\/horizons28.com\/liquidite-de-trading\/"},"modified":"2025-04-15T06:20:07","modified_gmt":"2025-04-15T06:20:07","slug":"liquidite-de-trading","status":"publish","type":"page","link":"http:\/\/horizons28.com\/fr\/liquidite-de-trading\/","title":{"rendered":"Liquidit\u00e9 de trading"},"content":{"rendered":"\n<h1>\n\t\tLiquidit\u00e9 intelligente. Acc\u00e8s instantan\u00e9. \n\t<\/h1>\n\t<p>Acc\u00e9dez \u00e0 une liquidit\u00e9 instantan\u00e9e pour soutenir un trading fluide, une ex\u00e9cution plus rapide et des performances de march\u00e9 ininterrompues.<\/p>\n\t\t\t<a href=\"https:\/\/area.horizons28.net\/auth\/registration\" target=\"_blank\" rel=\"noopener\">\n\t\t\t\t\t\t\tRejoignez Horizons28\n\t\t\t<\/a>\n\t\t\t\t<img loading=\"lazy\" decoding=\"async\" src=\"http:\/\/horizons28.com\/wp-content\/uploads\/2025\/04\/trade-liquidity.png\" alt=\"Trade Liquidity\" itemprop=\"image\" height=\"500\" width=\"600\" title=\"trade-liquidity\" onerror=\"this.style.display='none'\"  \/>\n<h2>\n\t\tQu&rsquo;est-ce que la liquidit\u00e9 de trading Horizons28 ?\n\t<\/h2>\n\t<p>La liquidit\u00e9 de trading Horizons28 est une solution financi\u00e8re sp\u00e9cialement con\u00e7ue qui offre aux soci\u00e9t\u00e9s de courtage un acc\u00e8s rapide aux r\u00e9serves de liquidit\u00e9. <strong>Cela garantit un trading fluide et ininterrompu, m\u00eame dans des conditions de march\u00e9 \u00e0 fort volume ou volatiles.<\/strong> Notre soutien en liquidit\u00e9 am\u00e9liore les performances et la fiabilit\u00e9 de toutes les op\u00e9rations de trading.<\/p>\n<h2>\n\t\tAcc\u00e8s rapide au capital\n\t<\/h2>\n\t<p>\u00c9vitez les temps d&rsquo;arr\u00eat et les interruptions de trading gr\u00e2ce \u00e0 une liquidit\u00e9 imm\u00e9diate mise \u00e0 disposition exactement lorsque n\u00e9cessaire.<\/p>\n<h2>\n\t\tEx\u00e9cution am\u00e9lior\u00e9e\n\t<\/h2>\n\t<p>Acc\u00e9l\u00e9rez l&rsquo;ex\u00e9cution des transactions et minimisez le glissement gr\u00e2ce \u00e0 un acc\u00e8s constant aux fonds, pour une meilleure exp\u00e9rience de trading.<\/p>\n<h2>\n\t\tProtection contre la volatilit\u00e9\n\t<\/h2>\n\t<p>Stabilisez les op\u00e9rations pendant les p\u00e9riodes de forte volatilit\u00e9 ou de pics de march\u00e9 gr\u00e2ce \u00e0 des tampons de liquidit\u00e9 int\u00e9gr\u00e9s pour une meilleure protection contre les risques de trading.<\/p>\n<h2>\n\t\tConditions flexibles\n\t<\/h2>\n\t<p>Nous proposons des options de remboursement qui correspondent aux cycles de tr\u00e9sorerie et aux objectifs op\u00e9rationnels de votre soci\u00e9t\u00e9 de courtage \u2013 sans calendriers rigides.<\/p>\n<h2>\n\t\t\u00c9volutif pour la croissance\n\t<\/h2>\n\t<p>Que vous vous d\u00e9veloppiez sur de nouveaux march\u00e9s ou que vous g\u00e9riez des volumes de trading accrus, notre solution s&rsquo;adapte \u00e0 vos besoins.<\/p>\n<h2>\n\t\tConfiance des clients\n\t<\/h2>\n\t<p>Une ex\u00e9cution constante et un trading ininterrompu renforcent la cr\u00e9dibilit\u00e9 aupr\u00e8s de vos clients, consolidant ainsi votre marque.<\/p>\n<h3>\n\t\tExplorez les avantages\n\t<\/h3>\n<h3>\n\t\tCaract\u00e9ristiques de la liquidit\u00e9 de trading Horizons28\n\t<\/h3>\n\t<p>Le pool d&rsquo;investissement Horizons28 est con\u00e7u pour <strong>aider les investisseurs \u00e0 faire fructifier leur argent gr\u00e2ce \u00e0 la collaboration et \u00e0 l&rsquo;acc\u00e8s \u00e0 des projets d&rsquo;investissement s\u00e9lectionn\u00e9s<\/strong>. Que vous d\u00e9butiez ou que vous construisiez d\u00e9j\u00e0 votre patrimoine, <strong>c&rsquo;est votre porte d&rsquo;entr\u00e9e vers un investissement plus intelligent et plus connect\u00e9.<\/strong> <\/p>\n\t\t<h4>Conditions de premier ordre dans l&rsquo;industrie<\/h4>\t\t\t\n\t\t\t\t<p>Obtenez de la liquidit\u00e9 \u00e0 des conditions hautement comp\u00e9titives, vous aidant \u00e0 g\u00e9rer les co\u00fbts sans compromettre les performances.<\/p>\n\t\t<h4>Transparence totale<\/h4>\t\t\t\n\t\t\t\t<p>Tous les accords sont clairs, directs et exempts de frais cach\u00e9s ou de charges inattendues pour une transparence totale.<\/p>\n\t\t<h4>Support ax\u00e9 sur les courtiers<\/h4>\t\t\t\n\t\t\t\t<p>Vous serez associ\u00e9 \u00e0 un expert d\u00e9di\u00e9 d&rsquo;Horizons28 qui comprend votre activit\u00e9 et vous aide \u00e0 optimiser votre strat\u00e9gie de liquidit\u00e9.<\/p>\n\t\t<h4>Int\u00e9gration transparente<\/h4>\t\t\t\n\t\t\t\t<p>Nos avances de liquidit\u00e9 s&rsquo;int\u00e8grent sans effort \u00e0 vos syst\u00e8mes et fournisseurs existants \u2013 pas de maux de t\u00eate technologiques, juste des op\u00e9rations fluides.<\/p>\n<h5>\n\t\tComment \u00e7a fonctionne\n\t<\/h5>\n\t\t\t\t\t\t\t\t\t\t\t\t\t\t\t<h5>1<\/h5>\n\t\t\t\t\t\t<p>\u00c9valuation<\/p>\t\t\t\t\t\n\t\t\t<!-- END .front -->\n\t\t\t\t\t\t<p>Nous analysons votre activit\u00e9 de trading, vos besoins en liquidit\u00e9 et votre trajectoire de croissance pour concevoir la solution adapt\u00e9e \u00e0 votre soci\u00e9t\u00e9 de courtage.<\/p>\t\t\t\t\t\n\t\t\t<!-- END .back -->\n\t\t <!-- ifb-flip-box -->\n\t <!-- flip-box -->\n\t\t\t\t\t\t\t\t\t\t\t\t\t\t\t<h5>2<\/h5>\n\t\t\t\t\t\t<p>Approbation<\/p>\t\t\t\t\t\n\t\t\t<!-- END .front -->\n\t\t\t\t\t\t<p>Une fois approuv\u00e9, vous recevrez un acc\u00e8s imm\u00e9diat \u00e0 la r\u00e9serve de liquidit\u00e9 convenue, pr\u00eate \u00e0 soutenir vos op\u00e9rations.<\/p>\t\t\t\t\t\n\t\t\t<!-- END .back -->\n\t\t <!-- ifb-flip-box -->\n\t <!-- flip-box -->\n\t\t\t\t\t\t\t\t\t\t\t\t\t\t\t<h5>3<\/h5>\n\t\t\t\t\t\t<p>Int\u00e9gration<\/p>\t\t\t\t\t\n\t\t\t<!-- END .front -->\n\t\t\t\t\t\t<p>Les fonds sont int\u00e9gr\u00e9s de mani\u00e8re transparente dans votre cadre de liquidit\u00e9 avec une perturbation op\u00e9rationnelle minimale.<\/p>\t\t\t\t\t\n\t\t\t<!-- END .back -->\n\t\t <!-- ifb-flip-box -->\n\t <!-- flip-box -->\n\t\t\t\t\t\t\t\t\t\t\t\t\t\t\t<h5>4<\/h5>\n\t\t\t\t\t\t<p>Remboursement<\/p>\t\t\t\t\t\n\t\t\t<!-- END .front -->\n\t\t\t\t\t\t<p>Remboursez l&rsquo;avance de liquidit\u00e9 selon un calendrier qui correspond \u00e0 votre structure financi\u00e8re et aux exigences de votre soci\u00e9t\u00e9 de courtage.<\/p>\t\t\t\t\t\n\t\t\t<!-- END .back -->\n\t\t <!-- ifb-flip-box -->\n\t <!-- flip-box -->\n<h3>\n\t\tPr\u00eat \u00e0 trader plus intelligemment ? D\u00e9couvrez une vraie rapidit\u00e9, de vrais march\u00e9s et de vrais r\u00e9sultats.\n\t<\/h3>\n\t\t\t<a href=\"https:\/\/area.horizons28.net\/auth\/registration\" target=\"_blank\" rel=\"noopener\">\n\t\t\t\t\t\t\tRejoignez Horizons28\n\t\t\t<\/a>\n<h1>\n\t\tCollaborez avec Horizons28 d\u00e8s aujourd&rsquo;hui\n\t<\/h1>\n\t<p><strong>Donnez \u00e0 votre soci\u00e9t\u00e9 de courtage la liquidit\u00e9 dont elle a besoin<\/strong> pour se d\u00e9velopper en toute confiance, am\u00e9liorer l&rsquo;ex\u00e9cution et maintenir la confiance des clients. Construisons ensemble une base plus solide pour la croissance \u2013 contactez un sp\u00e9cialiste de la liquidit\u00e9 de trading Horizons28 d\u00e8s aujourd&rsquo;hui. <\/p>\n<p>Nos solutions de liquidit\u00e9 sur mesure sont con\u00e7ues pour s&rsquo;aligner sur vos objectifs commerciaux, vous offrant la flexibilit\u00e9 et le soutien dont vous avez besoin pour fonctionner \u00e0 pleine capacit\u00e9. De l&rsquo;ex\u00e9cution plus fluide des transactions \u00e0 une r\u00e9silience accrue du march\u00e9, <strong>Horizons28 donne \u00e0 votre soci\u00e9t\u00e9 de courtage les outils n\u00e9cessaires pour prosp\u00e9rer dans n&rsquo;importe quel environnement de march\u00e9.<\/strong> <\/p>\n\t\t\t\t<img loading=\"lazy\" decoding=\"async\" src=\"http:\/\/horizons28.com\/wp-content\/uploads\/2025\/04\/partner-with-us.png\" alt=\"Partner With Us\" itemprop=\"image\" height=\"580\" width=\"813\" title=\"partner-with-us\" onerror=\"this.style.display='none'\"  \/>\n<h3>\n\t\tPr\u00eat \u00e0 trader plus intelligemment ? D\u00e9couvrez une vraie rapidit\u00e9, de vrais march\u00e9s et de vrais r\u00e9sultats.\n\t<\/h3>\n\t\t\t<a href=\"https:\/\/area.horizons28.net\/auth\/registration\" target=\"_blank\" rel=\"noopener\">\n\t\t\t\t\t\t\tRejoignez Horizons28\n\t\t\t<\/a>\n\n","protected":false},"excerpt":{"rendered":"<p>Liquidit\u00e9 intelligente. Acc\u00e8s instantan\u00e9. Acc\u00e9dez \u00e0 une liquidit\u00e9 instantan\u00e9e pour soutenir un trading fluide, une ex\u00e9cution plus rapide et des performances de march\u00e9 ininterrompues. Rejoignez Horizons28 Qu&rsquo;est-ce que la liquidit\u00e9 de trading Horizons28 ? La liquidit\u00e9 de trading Horizons28 est une solution financi\u00e8re sp\u00e9cialement con\u00e7ue qui offre aux soci\u00e9t\u00e9s de courtage un acc\u00e8s rapide aux&hellip;<\/p>\n","protected":false},"author":1,"featured_media":0,"parent":0,"menu_order":0,"comment_status":"closed","ping_status":"closed","template":"","meta":{"footnotes":""},"class_list":["post-850","page","type-page","status-publish","hentry"],"yoast_head":"<!-- This site is optimized with the Yoast SEO plugin v27.4 - https:\/\/yoast.com\/product\/yoast-seo-wordpress\/ -->\n<title>Solutions de liquidit\u00e9 de trading | Capital instantan\u00e9 pour les courtiers | Horizons28<\/title>\n<meta name=\"description\" content=\"Liquidit\u00e9 rapide pour stabilit\u00e9 et expansion du courtage. Horizons28 soutient votre croissance.\" \/>\n<meta name=\"robots\" content=\"index, follow, max-snippet:-1, max-image-preview:large, max-video-preview:-1\" \/>\n<link rel=\"canonical\" href=\"http:\/\/horizons28.com\/fr\/liquidite-de-trading\/\" \/>\n<meta property=\"og:locale\" content=\"fr_FR\" \/>\n<meta property=\"og:type\" content=\"article\" \/>\n<meta property=\"og:title\" content=\"Solutions de liquidit\u00e9 de trading | Capital instantan\u00e9 pour les courtiers | Horizons28\" \/>\n<meta property=\"og:description\" content=\"Liquidit\u00e9 rapide pour stabilit\u00e9 et expansion du courtage. Horizons28 soutient votre croissance.\" \/>\n<meta property=\"og:url\" content=\"http:\/\/horizons28.com\/fr\/liquidite-de-trading\/\" \/>\n<meta property=\"og:site_name\" content=\"Horizons28\" \/>\n<meta property=\"article:modified_time\" content=\"2025-04-15T06:20:07+00:00\" \/>\n<meta property=\"og:image\" content=\"http:\/\/horizons28.com\/wp-content\/uploads\/2025\/04\/trade-liquidity.png\" \/>\n<meta name=\"twitter:card\" content=\"summary_large_image\" \/>\n<meta name=\"twitter:label1\" content=\"Dur\u00e9e de lecture estim\u00e9e\" \/>\n\t<meta name=\"twitter:data1\" content=\"4 minutes\" \/>\n<script type=\"application\/ld+json\" class=\"yoast-schema-graph\">{\"@context\":\"https:\\\/\\\/schema.org\",\"@graph\":[{\"@type\":\"WebPage\",\"@id\":\"http:\\\/\\\/horizons28.com\\\/fr\\\/liquidite-de-trading\\\/\",\"url\":\"http:\\\/\\\/horizons28.com\\\/fr\\\/liquidite-de-trading\\\/\",\"name\":\"Solutions de liquidit\u00e9 de trading | Capital instantan\u00e9 pour les courtiers | Horizons28\",\"isPartOf\":{\"@id\":\"http:\\\/\\\/horizons28.com\\\/fr\\\/#website\"},\"primaryImageOfPage\":{\"@id\":\"http:\\\/\\\/horizons28.com\\\/fr\\\/liquidite-de-trading\\\/#primaryimage\"},\"image\":{\"@id\":\"http:\\\/\\\/horizons28.com\\\/fr\\\/liquidite-de-trading\\\/#primaryimage\"},\"thumbnailUrl\":\"http:\\\/\\\/horizons28.com\\\/wp-content\\\/uploads\\\/2025\\\/04\\\/trade-liquidity.png\",\"datePublished\":\"2025-04-04T07:20:25+00:00\",\"dateModified\":\"2025-04-15T06:20:07+00:00\",\"description\":\"Liquidit\u00e9 rapide pour stabilit\u00e9 et expansion du courtage. Horizons28 soutient votre croissance.\",\"breadcrumb\":{\"@id\":\"http:\\\/\\\/horizons28.com\\\/fr\\\/liquidite-de-trading\\\/#breadcrumb\"},\"inLanguage\":\"fr-FR\",\"potentialAction\":[{\"@type\":\"ReadAction\",\"target\":[\"http:\\\/\\\/horizons28.com\\\/fr\\\/liquidite-de-trading\\\/\"]}]},{\"@type\":\"ImageObject\",\"inLanguage\":\"fr-FR\",\"@id\":\"http:\\\/\\\/horizons28.com\\\/fr\\\/liquidite-de-trading\\\/#primaryimage\",\"url\":\"http:\\\/\\\/horizons28.com\\\/wp-content\\\/uploads\\\/2025\\\/04\\\/trade-liquidity.png\",\"contentUrl\":\"http:\\\/\\\/horizons28.com\\\/wp-content\\\/uploads\\\/2025\\\/04\\\/trade-liquidity.png\"},{\"@type\":\"BreadcrumbList\",\"@id\":\"http:\\\/\\\/horizons28.com\\\/fr\\\/liquidite-de-trading\\\/#breadcrumb\",\"itemListElement\":[{\"@type\":\"ListItem\",\"position\":1,\"name\":\"Home\",\"item\":\"https:\\\/\\\/horizons28.com\\\/fr\\\/\"},{\"@type\":\"ListItem\",\"position\":2,\"name\":\"Liquidit\u00e9 de trading\"}]},{\"@type\":\"WebSite\",\"@id\":\"http:\\\/\\\/horizons28.com\\\/fr\\\/#website\",\"url\":\"http:\\\/\\\/horizons28.com\\\/fr\\\/\",\"name\":\"Horizons28\",\"description\":\"\",\"potentialAction\":[{\"@type\":\"SearchAction\",\"target\":{\"@type\":\"EntryPoint\",\"urlTemplate\":\"http:\\\/\\\/horizons28.com\\\/fr\\\/?s={search_term_string}\"},\"query-input\":{\"@type\":\"PropertyValueSpecification\",\"valueRequired\":true,\"valueName\":\"search_term_string\"}}],\"inLanguage\":\"fr-FR\"}]}<\/script>\n<!-- \/ Yoast SEO plugin. -->","yoast_head_json":{"title":"Solutions de liquidit\u00e9 de trading | Capital instantan\u00e9 pour les courtiers | Horizons28","description":"Liquidit\u00e9 rapide pour stabilit\u00e9 et expansion du courtage. Horizons28 soutient votre croissance.","robots":{"index":"index","follow":"follow","max-snippet":"max-snippet:-1","max-image-preview":"max-image-preview:large","max-video-preview":"max-video-preview:-1"},"canonical":"http:\/\/horizons28.com\/fr\/liquidite-de-trading\/","og_locale":"fr_FR","og_type":"article","og_title":"Solutions de liquidit\u00e9 de trading | Capital instantan\u00e9 pour les courtiers | Horizons28","og_description":"Liquidit\u00e9 rapide pour stabilit\u00e9 et expansion du courtage. Horizons28 soutient votre croissance.","og_url":"http:\/\/horizons28.com\/fr\/liquidite-de-trading\/","og_site_name":"Horizons28","article_modified_time":"2025-04-15T06:20:07+00:00","og_image":[{"url":"http:\/\/horizons28.com\/wp-content\/uploads\/2025\/04\/trade-liquidity.png","type":"","width":"","height":""}],"twitter_card":"summary_large_image","twitter_misc":{"Dur\u00e9e de lecture estim\u00e9e":"4 minutes"},"schema":{"@context":"https:\/\/schema.org","@graph":[{"@type":"WebPage","@id":"http:\/\/horizons28.com\/fr\/liquidite-de-trading\/","url":"http:\/\/horizons28.com\/fr\/liquidite-de-trading\/","name":"Solutions de liquidit\u00e9 de trading | Capital instantan\u00e9 pour les courtiers | Horizons28","isPartOf":{"@id":"http:\/\/horizons28.com\/fr\/#website"},"primaryImageOfPage":{"@id":"http:\/\/horizons28.com\/fr\/liquidite-de-trading\/#primaryimage"},"image":{"@id":"http:\/\/horizons28.com\/fr\/liquidite-de-trading\/#primaryimage"},"thumbnailUrl":"http:\/\/horizons28.com\/wp-content\/uploads\/2025\/04\/trade-liquidity.png","datePublished":"2025-04-04T07:20:25+00:00","dateModified":"2025-04-15T06:20:07+00:00","description":"Liquidit\u00e9 rapide pour stabilit\u00e9 et expansion du courtage. Horizons28 soutient votre croissance.","breadcrumb":{"@id":"http:\/\/horizons28.com\/fr\/liquidite-de-trading\/#breadcrumb"},"inLanguage":"fr-FR","potentialAction":[{"@type":"ReadAction","target":["http:\/\/horizons28.com\/fr\/liquidite-de-trading\/"]}]},{"@type":"ImageObject","inLanguage":"fr-FR","@id":"http:\/\/horizons28.com\/fr\/liquidite-de-trading\/#primaryimage","url":"http:\/\/horizons28.com\/wp-content\/uploads\/2025\/04\/trade-liquidity.png","contentUrl":"http:\/\/horizons28.com\/wp-content\/uploads\/2025\/04\/trade-liquidity.png"},{"@type":"BreadcrumbList","@id":"http:\/\/horizons28.com\/fr\/liquidite-de-trading\/#breadcrumb","itemListElement":[{"@type":"ListItem","position":1,"name":"Home","item":"https:\/\/horizons28.com\/fr\/"},{"@type":"ListItem","position":2,"name":"Liquidit\u00e9 de trading"}]},{"@type":"WebSite","@id":"http:\/\/horizons28.com\/fr\/#website","url":"http:\/\/horizons28.com\/fr\/","name":"Horizons28","description":"","potentialAction":[{"@type":"SearchAction","target":{"@type":"EntryPoint","urlTemplate":"http:\/\/horizons28.com\/fr\/?s={search_term_string}"},"query-input":{"@type":"PropertyValueSpecification","valueRequired":true,"valueName":"search_term_string"}}],"inLanguage":"fr-FR"}]}},"_links":{"self":[{"href":"http:\/\/horizons28.com\/fr\/wp-json\/wp\/v2\/pages\/850","targetHints":{"allow":["GET"]}}],"collection":[{"href":"http:\/\/horizons28.com\/fr\/wp-json\/wp\/v2\/pages"}],"about":[{"href":"http:\/\/horizons28.com\/fr\/wp-json\/wp\/v2\/types\/page"}],"author":[{"embeddable":true,"href":"http:\/\/horizons28.com\/fr\/wp-json\/wp\/v2\/users\/1"}],"replies":[{"embeddable":true,"href":"http:\/\/horizons28.com\/fr\/wp-json\/wp\/v2\/comments?post=850"}],"version-history":[{"count":1,"href":"http:\/\/horizons28.com\/fr\/wp-json\/wp\/v2\/pages\/850\/revisions"}],"predecessor-version":[{"id":1082,"href":"http:\/\/horizons28.com\/fr\/wp-json\/wp\/v2\/pages\/850\/revisions\/1082"}],"wp:attachment":[{"href":"http:\/\/horizons28.com\/fr\/wp-json\/wp\/v2\/media?parent=850"}],"curies":[{"name":"wp","href":"https:\/\/api.w.org\/{rel}","templated":true}]}}