{"id":714,"date":"2025-04-07T12:16:37","date_gmt":"2025-04-07T12:16:37","guid":{"rendered":"http:\/\/horizons28.com\/politika-kolacica\/"},"modified":"2025-04-15T09:13:11","modified_gmt":"2025-04-15T09:13:11","slug":"politika-kolacica","status":"publish","type":"page","link":"http:\/\/horizons28.com\/hr\/politika-kolacica\/","title":{"rendered":"Politika kola\u010di\u0107a"},"content":{"rendered":"\n\n\t<p><strong>Zadnje a\u017euriranje: 5. o\u017eujka 2025<\/strong><\/p>\n<p>U Horizons28 koristimo kola\u010di\u0107e kako bismo pobolj\u0161ali va\u0161e iskustvo pregledavanja, pobolj\u0161ali na\u0161e usluge i osigurali neometano funkcioniranje na\u0161e platforme. Ova Pravila o kola\u010di\u0107ima opisuju \u0161to su kola\u010di\u0107i, kako ih koristimo i kako mo\u017eete upravljati svojim postavkama kola\u010di\u0107a.<\/p>\n<h3>1. \u0160to su kola\u010di\u0107i?<\/h3>\n<p>Kola\u010di\u0107i su male tekstualne datoteke koje se postavljaju na va\u0161 ure\u0111aj (kao \u0161to je ra\u010dunalo, tablet ili pametni telefon) kada posjetite web stranicu. Oni pohranjuju pojedinosti o va\u0161em posjetu-kao \u0161to su podaci za prijavu, postavke i aktivnosti-\u010dine\u0107i va\u0161u interakciju sa web mjestom u\u010dinkovitijom i prilago\u0111enijom vama.<\/p>\n<h3>2. Kako koristimo kola\u010di\u0107e<\/h3>\n<p>Horizons28 koristi razli\u010dite vrste kola\u010di\u0107a za odre\u0111ene svrhe:<\/p>\n<ul>\n<li>Osnovni kola\u010di\u0107i: Ovi kola\u010di\u0107i su klju\u010dni za temeljnu funkcionalnost na\u0161e stranice. Bez njih usluge kao \u0161to su sigurne prijave i zna\u010dajke ra\u010duna mo\u017eda ne\u0107e ispravno raditi.<\/li>\n<li>Kola\u010di\u0107i za izvedbu i analitiku: Ovi kola\u010di\u0107i nam poma\u017eu razumjeti kako se korisnici kre\u0107u na\u0161om stranicom prikupljanjem podataka o obrascima kori\u0161tenja, omogu\u0107uju\u0107i nam da pobolj\u0161amo performanse stranice i korisni\u010dko iskustvo.<\/li>\n<li>Funkcionalni kola\u010di\u0107i: Ovi kola\u010di\u0107i pamte va\u0161e postavke i preferencije-kao \u0161to su jezik ili podaci za prijavu-kako bi pru\u017eili prilago\u0111enije iskustvo pregledavanja.<\/li>\n<li>Kola\u010di\u0107i za ciljanje i ogla\u0161avanje: ove kola\u010di\u0107e mo\u017eemo koristiti za prikazivanje oglasa koji su relevantniji za va\u0161e interese. Oni tako\u0111er poma\u017eu u ograni\u010davanju ponavljanja oglasa i procjenjuju u\u010dinkovitost na\u0161ih marketin\u0161kih napora.<\/li>\n<\/ul>\n<h3>3. Kola\u010di\u0107i tre\u0107e strane<\/h3>\n<p>Mo\u017eemo sura\u0111ivati \u200b\u200bs partnerima tre\u0107ih strana koji koriste kola\u010di\u0107e za analitiku, ogla\u0161avanje i pra\u0107enje u\u010dinka. Ti pru\u017eatelji usluga \u2013 poput Google Analyticsa ili oglasnih mre\u017ea \u2013 mogu neovisno prikupljati podatke. Preporu\u010dujemo da pregledate njihova pravila o privatnosti kako biste razumjeli kako se va\u0161i podaci koriste.<\/p>\n<h3>4. Upravljanje kola\u010di\u0107ima<\/h3>\n<p>Kola\u010di\u0107ima mo\u017eete upravljati ili ih onemogu\u0107iti u postavkama preglednika. Imajte na umu da isklju\u010divanje kola\u010di\u0107a mo\u017ee utjecati na funkcionalnost na\u0161e web stranice i neke zna\u010dajke mo\u017eda ne\u0107e raditi kako se o\u010dekuje. U nastavku su upute za popularne preglednike:<\/p>\n<ul>\n<li>Google Chrome: idite na Postavke&gt; Privatnost i sigurnost&gt; Kola\u010di\u0107i i drugi podaci o stranicama.<\/li>\n<li>Mozilla Firefox: Idite na Opcije&gt; Privatnost i sigurnost&gt; Kola\u010di\u0107i i podaci web-mjesta.<\/li>\n<li>Microsoft Edge: Idite na Postavke&gt; Kola\u010di\u0107i i dopu\u0161tenja web mjesta&gt; Upravljajte i bri\u0161ite kola\u010di\u0107e i podatke o web-mjestu.<\/li>\n<li>Safari: Idite na Postavke&gt; Privatnost&gt; Upravljanje podacima web stranice.<\/li>\n<\/ul>\n<p>Tako\u0111er mo\u017eete posjetiti <a href=\"http:\/\/www.allaboutcookies.org\" target=\"_blank\" rel=\"noopener\">www.allaboutcookies.org<\/a> za upute korak po korak o upravljanju kola\u010di\u0107ima u razli\u010ditim preglednicima.<\/p>\n<h3>5. Promjene ovih Pravila o kola\u010di\u0107ima<\/h3>\n<p>Horizons28 mo\u017ee prema potrebi revidirati ovu Politiku kola\u010di\u0107a. A\u017euriranja \u0107e biti objavljena na ovoj stranici, a zna\u010dajne promjene mogu se podijeliti putem e-po\u0161te ili obavijesti na web-mjestu. Poti\u010demo vas da povremeno pregledate ovu stranicu kako biste bili informirani o tome kako koristimo kola\u010di\u0107e.<\/p>\n<h3>6. Kontaktirajte nas<\/h3>\n<p>Ako imate bilo kakvih pitanja o ovoj Politici kola\u010di\u0107a ili o tome kako postupamo s va\u0161im podacima, obratite nam se na:<\/p>\n<h6>\n\t\tHorizons28\n\t<\/h6>\n\tWeWork<br \/>\n90 York Wy<br \/>\nLondon N1 9AG<br \/>\nUjedinjeno Kraljevstvo\nE-po\u0161ta: support@horizons28.com<br \/>\nTelefon: +44 203 9618 738\n<p>Kori\u0161tenjem usluga Horizons28 potvr\u0111ujete da ste pro\u010ditali i razumjeli sadr\u017eaj ovog dokumenta.<\/p>\n<p><strong>Datum stupanja na snagu: 5. o\u017eujka 2025.<\/strong><\/p>\n<h3>\n\t\tSpremni za pametnije trgovanje? Iskusite pravu brzinu, stvarna tr\u017ei\u0161ta i stvarne rezultate.\n\t<\/h3>\n\t\t\t<a href=\"https:\/\/area.horizons28.net\/auth\/registration\" target=\"_blank\" rel=\"noopener\">\n\t\t\t\t\t\t\tPridru\u017ei se Horizons28\n\t\t\t<\/a>\n\n","protected":false},"excerpt":{"rendered":"<p>Zadnje a\u017euriranje: 5. o\u017eujka 2025 U Horizons28 koristimo kola\u010di\u0107e kako bismo pobolj\u0161ali va\u0161e iskustvo pregledavanja, pobolj\u0161ali na\u0161e usluge i osigurali neometano funkcioniranje na\u0161e platforme. Ova Pravila o kola\u010di\u0107ima opisuju \u0161to su kola\u010di\u0107i, kako ih koristimo i kako mo\u017eete upravljati svojim postavkama kola\u010di\u0107a. 1. \u0160to su kola\u010di\u0107i? Kola\u010di\u0107i su male tekstualne datoteke koje se postavljaju na&hellip;<\/p>\n","protected":false},"author":1,"featured_media":0,"parent":0,"menu_order":0,"comment_status":"closed","ping_status":"closed","template":"","meta":{"footnotes":""},"class_list":["post-714","page","type-page","status-publish","hentry"],"yoast_head":"<!-- This site is optimized with the Yoast SEO plugin v27.4 - https:\/\/yoast.com\/product\/yoast-seo-wordpress\/ -->\n<title>Politika kola\u010di\u0107a | Kako Horizons28 koristi kola\u010di\u0107e<\/title>\n<meta name=\"description\" content=\"Pro\u010ditajte kako Horizons28 koristi kola\u010di\u0107e za pobolj\u0161anje va\u0161eg iskustva, pra\u0107enje u\u010dinka i pru\u017eanje personaliziranog sadr\u017eaja na na\u0161oj platformi.\" \/>\n<meta name=\"robots\" content=\"index, follow, max-snippet:-1, max-image-preview:large, max-video-preview:-1\" \/>\n<link rel=\"canonical\" href=\"http:\/\/horizons28.com\/hr\/politika-kolacica\/\" \/>\n<meta property=\"og:locale\" content=\"hr_HR\" \/>\n<meta property=\"og:type\" content=\"article\" \/>\n<meta property=\"og:title\" content=\"Politika kola\u010di\u0107a | Kako Horizons28 koristi kola\u010di\u0107e\" \/>\n<meta property=\"og:description\" content=\"Pro\u010ditajte kako Horizons28 koristi kola\u010di\u0107e za pobolj\u0161anje va\u0161eg iskustva, pra\u0107enje u\u010dinka i pru\u017eanje personaliziranog sadr\u017eaja na na\u0161oj platformi.\" \/>\n<meta property=\"og:url\" content=\"http:\/\/horizons28.com\/hr\/politika-kolacica\/\" \/>\n<meta property=\"og:site_name\" content=\"Horizons28\" \/>\n<meta property=\"article:modified_time\" content=\"2025-04-15T09:13:11+00:00\" \/>\n<meta name=\"twitter:card\" content=\"summary_large_image\" \/>\n<meta name=\"twitter:label1\" content=\"Procijenjeno vrijeme \u010ditanja\" \/>\n\t<meta name=\"twitter:data1\" content=\"3 minute\" \/>\n<script type=\"application\/ld+json\" class=\"yoast-schema-graph\">{\"@context\":\"https:\\\/\\\/schema.org\",\"@graph\":[{\"@type\":\"WebPage\",\"@id\":\"http:\\\/\\\/horizons28.com\\\/hr\\\/politika-kolacica\\\/\",\"url\":\"http:\\\/\\\/horizons28.com\\\/hr\\\/politika-kolacica\\\/\",\"name\":\"Politika kola\u010di\u0107a | Kako Horizons28 koristi kola\u010di\u0107e\",\"isPartOf\":{\"@id\":\"http:\\\/\\\/horizons28.com\\\/hr\\\/#website\"},\"datePublished\":\"2025-04-07T12:16:37+00:00\",\"dateModified\":\"2025-04-15T09:13:11+00:00\",\"description\":\"Pro\u010ditajte kako Horizons28 koristi kola\u010di\u0107e za pobolj\u0161anje va\u0161eg iskustva, pra\u0107enje u\u010dinka i pru\u017eanje personaliziranog sadr\u017eaja na na\u0161oj platformi.\",\"breadcrumb\":{\"@id\":\"http:\\\/\\\/horizons28.com\\\/hr\\\/politika-kolacica\\\/#breadcrumb\"},\"inLanguage\":\"hr\",\"potentialAction\":[{\"@type\":\"ReadAction\",\"target\":[\"http:\\\/\\\/horizons28.com\\\/hr\\\/politika-kolacica\\\/\"]}]},{\"@type\":\"BreadcrumbList\",\"@id\":\"http:\\\/\\\/horizons28.com\\\/hr\\\/politika-kolacica\\\/#breadcrumb\",\"itemListElement\":[{\"@type\":\"ListItem\",\"position\":1,\"name\":\"Home\",\"item\":\"https:\\\/\\\/horizons28.com\\\/hr\\\/\"},{\"@type\":\"ListItem\",\"position\":2,\"name\":\"Politika kola\u010di\u0107a\"}]},{\"@type\":\"WebSite\",\"@id\":\"http:\\\/\\\/horizons28.com\\\/hr\\\/#website\",\"url\":\"http:\\\/\\\/horizons28.com\\\/hr\\\/\",\"name\":\"Horizons28\",\"description\":\"\",\"potentialAction\":[{\"@type\":\"SearchAction\",\"target\":{\"@type\":\"EntryPoint\",\"urlTemplate\":\"http:\\\/\\\/horizons28.com\\\/hr\\\/?s={search_term_string}\"},\"query-input\":{\"@type\":\"PropertyValueSpecification\",\"valueRequired\":true,\"valueName\":\"search_term_string\"}}],\"inLanguage\":\"hr\"}]}<\/script>\n<!-- \/ Yoast SEO plugin. -->","yoast_head_json":{"title":"Politika kola\u010di\u0107a | Kako Horizons28 koristi kola\u010di\u0107e","description":"Pro\u010ditajte kako Horizons28 koristi kola\u010di\u0107e za pobolj\u0161anje va\u0161eg iskustva, pra\u0107enje u\u010dinka i pru\u017eanje personaliziranog sadr\u017eaja na na\u0161oj platformi.","robots":{"index":"index","follow":"follow","max-snippet":"max-snippet:-1","max-image-preview":"max-image-preview:large","max-video-preview":"max-video-preview:-1"},"canonical":"http:\/\/horizons28.com\/hr\/politika-kolacica\/","og_locale":"hr_HR","og_type":"article","og_title":"Politika kola\u010di\u0107a | Kako Horizons28 koristi kola\u010di\u0107e","og_description":"Pro\u010ditajte kako Horizons28 koristi kola\u010di\u0107e za pobolj\u0161anje va\u0161eg iskustva, pra\u0107enje u\u010dinka i pru\u017eanje personaliziranog sadr\u017eaja na na\u0161oj platformi.","og_url":"http:\/\/horizons28.com\/hr\/politika-kolacica\/","og_site_name":"Horizons28","article_modified_time":"2025-04-15T09:13:11+00:00","twitter_card":"summary_large_image","twitter_misc":{"Procijenjeno vrijeme \u010ditanja":"3 minute"},"schema":{"@context":"https:\/\/schema.org","@graph":[{"@type":"WebPage","@id":"http:\/\/horizons28.com\/hr\/politika-kolacica\/","url":"http:\/\/horizons28.com\/hr\/politika-kolacica\/","name":"Politika kola\u010di\u0107a | Kako Horizons28 koristi kola\u010di\u0107e","isPartOf":{"@id":"http:\/\/horizons28.com\/hr\/#website"},"datePublished":"2025-04-07T12:16:37+00:00","dateModified":"2025-04-15T09:13:11+00:00","description":"Pro\u010ditajte kako Horizons28 koristi kola\u010di\u0107e za pobolj\u0161anje va\u0161eg iskustva, pra\u0107enje u\u010dinka i pru\u017eanje personaliziranog sadr\u017eaja na na\u0161oj platformi.","breadcrumb":{"@id":"http:\/\/horizons28.com\/hr\/politika-kolacica\/#breadcrumb"},"inLanguage":"hr","potentialAction":[{"@type":"ReadAction","target":["http:\/\/horizons28.com\/hr\/politika-kolacica\/"]}]},{"@type":"BreadcrumbList","@id":"http:\/\/horizons28.com\/hr\/politika-kolacica\/#breadcrumb","itemListElement":[{"@type":"ListItem","position":1,"name":"Home","item":"https:\/\/horizons28.com\/hr\/"},{"@type":"ListItem","position":2,"name":"Politika kola\u010di\u0107a"}]},{"@type":"WebSite","@id":"http:\/\/horizons28.com\/hr\/#website","url":"http:\/\/horizons28.com\/hr\/","name":"Horizons28","description":"","potentialAction":[{"@type":"SearchAction","target":{"@type":"EntryPoint","urlTemplate":"http:\/\/horizons28.com\/hr\/?s={search_term_string}"},"query-input":{"@type":"PropertyValueSpecification","valueRequired":true,"valueName":"search_term_string"}}],"inLanguage":"hr"}]}},"_links":{"self":[{"href":"http:\/\/horizons28.com\/hr\/wp-json\/wp\/v2\/pages\/714","targetHints":{"allow":["GET"]}}],"collection":[{"href":"http:\/\/horizons28.com\/hr\/wp-json\/wp\/v2\/pages"}],"about":[{"href":"http:\/\/horizons28.com\/hr\/wp-json\/wp\/v2\/types\/page"}],"author":[{"embeddable":true,"href":"http:\/\/horizons28.com\/hr\/wp-json\/wp\/v2\/users\/1"}],"replies":[{"embeddable":true,"href":"http:\/\/horizons28.com\/hr\/wp-json\/wp\/v2\/comments?post=714"}],"version-history":[{"count":1,"href":"http:\/\/horizons28.com\/hr\/wp-json\/wp\/v2\/pages\/714\/revisions"}],"predecessor-version":[{"id":1310,"href":"http:\/\/horizons28.com\/hr\/wp-json\/wp\/v2\/pages\/714\/revisions\/1310"}],"wp:attachment":[{"href":"http:\/\/horizons28.com\/hr\/wp-json\/wp\/v2\/media?parent=714"}],"curies":[{"name":"wp","href":"https:\/\/api.w.org\/{rel}","templated":true}]}}