{"id":718,"date":"2025-04-07T12:15:51","date_gmt":"2025-04-07T12:15:51","guid":{"rendered":"http:\/\/horizons28.com\/odredbe-i-uvjeti\/"},"modified":"2025-04-15T09:13:59","modified_gmt":"2025-04-15T09:13:59","slug":"odredbe-i-uvjeti","status":"publish","type":"page","link":"http:\/\/horizons28.com\/hr\/odredbe-i-uvjeti\/","title":{"rendered":"Odredbe i uvjeti"},"content":{"rendered":"\n\n\t<p><strong>Zadnje a\u017euriranje: 5. o\u017eujka 2025<\/strong><\/p>\n<p>Dobrodo\u0161li u Horizons28, sveobuhvatnu platformu za trgovanje koja nudi pristup nizu financijskih tr\u017ei\u0161ta i alata. Kori\u0161tenjem ili pristupanjem platformi Horizons28 (&#8220;Platforma&#8221;), pristajete na po\u0161tivanje ovdje navedenih Uvjeta i odredbi (&#8220;Ugovor&#8221;). Ako ne prihva\u0107ate ove uvjete, molimo vas da odmah prestanete koristiti Platformu.  <\/p>\n<h3>1: Uvod<\/h3>\n<h4>1.1: Svrha<\/h4>\n<p>Registriranjem ra\u010duna, pregledavanjem ili trgovanjem putem web stranice i usluga Horizons28, sla\u017eete se pridr\u017eavati se ovih Uvjeta kori\u0161tenja, na\u0161ih Pravila o privatnosti i svih dodatnih pravila koja nudimo. Ako se ne sla\u017eete s bilo kojim dijelom ovih uvjeta, ne mo\u017eete koristiti na\u0161e usluge. <\/p>\n<h4>1.2: Podobnost<\/h4>\n<p>Morate imati 18 godina ili vi\u0161e i zakonski ovla\u0161teni za sklapanje obvezuju\u0107eg ugovora za kori\u0161tenje na\u0161e Platforme. Prihva\u0107anjem ovih uvjeta potvr\u0111ujete da ispunjavate uvjete prihvatljivosti. <\/p>\n<p>Imajte na umu: Dr\u017eavljani Sjedinjenih Dr\u017eava i Njema\u010dke ne smiju koristiti ovu platformu.<\/p>\n<h3>2. Registracija ra\u010duna<\/h3>\n<h4>2.1: Izrada ra\u010duna<\/h4>\n<p>Kako biste pristupili uslugama na Horizons28, od vas se tra\u017ei da kreirate ra\u010dun daju\u0107i to\u010dne, a\u017eurne podatke uklju\u010duju\u0107i svoje ime, podatke za kontakt, identifikacijske dokumente (ako je primjenjivo) i sve druge relevantne podatke.<\/p>\n<h4>2.2: Sigurnost ra\u010duna<\/h4>\n<p>Vi ste u potpunosti odgovorni za \u010duvanje povjerljivosti podataka za prijavu, kao \u0161to su korisni\u010dko ime i lozinka. Odmah obavijestite Horizons28 o svakoj sumnji na neovla\u0161teni pristup va\u0161em ra\u010dunu. <\/p>\n<p>Personalizirani sigurnosni kod bit \u0107e dodijeljen prilikom registracije.<\/p>\n<p>Iako provodimo sigurnosne mjere, ne mo\u017eemo osigurati punu za\u0161titu va\u0161ih ra\u010dunalnih sustava. Nismo odgovorni za bilo kakav gubitak podataka ili \u0161tetu nastalu kori\u0161tenjem na\u0161e web stranice. Vi ste odgovorni za za\u0161titu svojih ure\u0111aja i ra\u010duna.  <\/p>\n<h4>2.3: Provjera ra\u010duna<\/h4>\n<p>Horizons28 mo\u017ee potvrditi va\u0161 identitet i provesti potrebne KYC (Know Your Customer) i AML (Anti-Money Laundering) provjere u skladu s primjenjivim zakonskim zahtjevima.<\/p>\n<h3>3. Trgovanje na Horizons28<\/h3>\n<h4>3.1: Pristup tr\u017ei\u0161tu<\/h4>\n<p>Horizons28 omogu\u0107uje trgovanje na raznim financijskim tr\u017ei\u0161tima, uklju\u010duju\u0107i forex, dionice i robu. Vi ste odgovorni za razumijevanje tr\u017ei\u0161nih rizika i osiguravanje uskla\u0111enosti sa zakonima koji se primjenjuju u va\u0161oj nadle\u017enosti. <\/p>\n<h4>3.2: Naknade za trgovanje<\/h4>\n<p>Naknade se mogu primijeniti na va\u0161a trgovanja i mogu uklju\u010divati \u200b\u200brazlike, provizije ili druge naknade. Oni \u0107e biti otkriveni prije nego \u0161to izvr\u0161ite bilo koju transakciju. Suglasni ste platiti sve primjenjive tro\u0161kove.  <\/p>\n<h4>3.3: Izvr\u0161enje trgovine<\/h4>\n<p>Mo\u017eete postavljati kupovne ili prodajne naloge na Platformi prema trenutnim uvjetima. Horizons28 ne jam\u010di izvr\u0161enje svake narud\u017ebe i nije odgovoran za potencijalna ka\u0161njenja ili pogre\u0161ke tijekom obrade trgovine. <\/p>\n<h4>3.4: Potvrda tr\u017ei\u0161nog rizika<\/h4>\n<p>Trgovanje financijskim instrumentima uklju\u010duje znatan rizik, uklju\u010duju\u0107i potencijalni gubitak cjelokupnog kapitala. Prihva\u0107ate da Horizons28 ne snosi nikakvu odgovornost za gubitke nastale tijekom trgovanja. <\/p>\n<h3>4. Obveze korisnika<\/h3>\n<h4>4.1: Pravna uskla\u0111enost<\/h4>\n<p>Suglasni ste po\u0161tivati \u200b\u200bsve va\u017ee\u0107e lokalne, nacionalne i me\u0111unarodne zakone i propise koji se odnose na trgovinu, poreze i druge financijske aktivnosti.<\/p>\n<h4>4.2: Zabranjeno pona\u0161anje<\/h4>\n<p>Ne smijete sudjelovati u nezakonitim, neeti\u010dkim ili prijevarnim aktivnostima na Platformi, uklju\u010duju\u0107i, ali ne ograni\u010davaju\u0107i se na:<\/p>\n<ul>\n<li>Umjetno utjecanje na cijene ili koli\u010dine na tr\u017ei\u0161tu.<\/li>\n<li>Sudjelovanje u trgovanju povla\u0161tenim informacijama.<\/li>\n<li>Kori\u0161tenje Platforme za pranje novca ili financiranje terorizma.<\/li>\n<li>Kori\u0161tenje neovla\u0161tenih robota ili alata za automatizaciju za izvr\u0161enje trgovina.<\/li>\n<\/ul>\n<h4>4.3: To\u010dnost informacija<\/h4>\n<p>Suglasni ste pru\u017eiti to\u010dne i aktualne podatke tijekom registracije i tijekom kori\u0161tenja Platforme. Tako\u0111er se obvezujete da \u0107ete odmah a\u017eurirati sve promjene svojih podataka. <\/p>\n<h3>5. Naknade i pla\u0107anje<\/h3>\n<h4>5.1: Struktura naknada<\/h4>\n<p>Horizons28 mo\u017ee naplatiti sljede\u0107e naknade:<\/p>\n<ul>\n<li>Provizije ili spreadovi na trgovine<\/li>\n<li>Naknade za isplate<\/li>\n<li>Naknade za odr\u017eavanje ra\u010duna, gdje je primjenjivo<\/li>\n<\/ul>\n<p>Svi tro\u0161kovi bit \u0107e vam priop\u0107eni prije dovr\u0161etka bilo koje transakcije. Horizons28 zadr\u017eava pravo prilago\u0111avanja naknada, uz prethodnu obavijest. <\/p>\n<h4>5.2: Mogu\u0107nosti pla\u0107anja<\/h4>\n<p>Sredstva mo\u017eete polo\u017eiti razli\u010ditim podr\u017eanim metodama, kao \u0161to su kreditne\/debitne kartice, bankovni prijenosi ili pla\u0107anja kriptovalutom. Svi depoziti i isplate mogu biti predmet provjere. <\/p>\n<h3>6. Privatnost i sigurnost podataka<\/h3>\n<h4>6.1 Obveza privatnosti<\/h4>\n<p>Horizons28 obra\u0111uje va\u0161e osobne podatke u skladu sa svojom Politikom privatnosti. Kori\u0161tenjem na\u0161ih usluga pristajete na prikupljanje, kori\u0161tenje i pohranjivanje va\u0161ih podataka kako je navedeno u pravilima. <\/p>\n<h4>6.2 Za\u0161tita podataka<\/h4>\n<p>Koristimo naprednu enkripciju i standardne sigurnosne protokole za za\u0161titu va\u0161ih podataka. Me\u0111utim, niti jedan sustav nije potpuno imun na provale, a vi ste svjesni rizika povezanih s mre\u017enim prijenosom podataka. <\/p>\n<h3>7. Obustava i raskid<\/h3>\n<h4>7.1 Privremena obustava ra\u010duna<\/h4>\n<p>Horizons28 mo\u017ee suspendirati ili ograni\u010diti va\u0161 pristup Platformi u bilo kojem trenutku bez prethodne obavijesti ako posumnjamo na kr\u0161enje ovih Uvjeta ili bilo kakvu nezakonitu aktivnost.<\/p>\n<h4>7.2 Zatvaranje ra\u010duna<\/h4>\n<p>Mo\u017eete zatra\u017eiti zatvaranje svog ra\u010duna u bilo kojem trenutku kontaktiranjem na\u0161eg tima za podr\u0161ku. Horizons28 tako\u0111er zadr\u017eava pravo ukinuti va\u0161 ra\u010dun prema vlastitom naho\u0111enju zbog kr\u0161enja ovog Ugovora ili drugih razloga. <\/p>\n<h4>7.3 Posljedice raskida<\/h4>\n<p>Nakon \u0161to se va\u0161 ra\u010dun zatvori, sve nepodmirene naknade i transakcije i dalje \u0107e biti dospjele. Pristup Platformi bit \u0107e opozvan, a sve aktivne pozicije mogu biti zatvorene. <\/p>\n<h3>8. Izmjene i dopune<\/h3>\n<p>Horizons28 mo\u017ee a\u017eurirati ili revidirati ove Uvjete i odredbe u bilo kojem trenutku. Obavijestit \u0107emo vas o svim zna\u010dajnim promjenama, a nastavak kori\u0161tenja Platforme smatrat \u0107e se va\u0161im prihva\u0107anjem a\u017euriranih uvjeta. <\/p>\n<h6>\n\t\tHorizons28\n\t<\/h6>\n\tWeWork<br \/>\n90 York Wy<br \/>\nLondon N1 9AG<br \/>\nUjedinjeno Kraljevstvo\nE-po\u0161ta: support@horizons28.com<br \/>\nTelefon: +44 203 9618 738\n<p>Kori\u0161tenjem usluga Horizons28 potvr\u0111ujete da ste pro\u010ditali i razumjeli sadr\u017eaj ovog dokumenta.<\/p>\n<p><strong>Datum stupanja na snagu: 5. o\u017eujka 2025.<\/strong><\/p>\n<h3>\n\t\tSpremni za pametnije trgovanje? Iskusite pravu brzinu, stvarna tr\u017ei\u0161ta i stvarne rezultate.\n\t<\/h3>\n\t\t\t<a href=\"https:\/\/area.horizons28.net\/auth\/registration\" target=\"_blank\" rel=\"noopener\">\n\t\t\t\t\t\t\tPridru\u017ei se Horizons28\n\t\t\t<\/a>\n\n","protected":false},"excerpt":{"rendered":"<p>Zadnje a\u017euriranje: 5. o\u017eujka 2025 Dobrodo\u0161li u Horizons28, sveobuhvatnu platformu za trgovanje koja nudi pristup nizu financijskih tr\u017ei\u0161ta i alata. Kori\u0161tenjem ili pristupanjem platformi Horizons28 (&#8220;Platforma&#8221;), pristajete na po\u0161tivanje ovdje navedenih Uvjeta i odredbi (&#8220;Ugovor&#8221;). Ako ne prihva\u0107ate ove uvjete, molimo vas da odmah prestanete koristiti Platformu. 1: Uvod 1.1: Svrha Registriranjem ra\u010duna, pregledavanjem ili&hellip;<\/p>\n","protected":false},"author":1,"featured_media":0,"parent":0,"menu_order":0,"comment_status":"closed","ping_status":"closed","template":"","meta":{"footnotes":""},"class_list":["post-718","page","type-page","status-publish","hentry"],"yoast_head":"<!-- This site is optimized with the Yoast SEO plugin v27.4 - https:\/\/yoast.com\/product\/yoast-seo-wordpress\/ -->\n<title>Uvjeti | Korisni\u010dki ugovor na Horizons28<\/title>\n<meta name=\"description\" content=\"Pregledajte uvjete kori\u0161tenja platforme Horizons28. Odgovornosti korisnika, pravila kori\u0161tenja platforme i standardi uskla\u0111enosti.\" \/>\n<meta name=\"robots\" content=\"index, follow, max-snippet:-1, max-image-preview:large, max-video-preview:-1\" \/>\n<link rel=\"canonical\" href=\"http:\/\/horizons28.com\/hr\/odredbe-i-uvjeti\/\" \/>\n<meta property=\"og:locale\" content=\"hr_HR\" \/>\n<meta property=\"og:type\" content=\"article\" \/>\n<meta property=\"og:title\" content=\"Uvjeti | Korisni\u010dki ugovor na Horizons28\" \/>\n<meta property=\"og:description\" content=\"Pregledajte uvjete kori\u0161tenja platforme Horizons28. Odgovornosti korisnika, pravila kori\u0161tenja platforme i standardi uskla\u0111enosti.\" \/>\n<meta property=\"og:url\" content=\"http:\/\/horizons28.com\/hr\/odredbe-i-uvjeti\/\" \/>\n<meta property=\"og:site_name\" content=\"Horizons28\" \/>\n<meta property=\"article:modified_time\" content=\"2025-04-15T09:13:59+00:00\" \/>\n<meta name=\"twitter:card\" content=\"summary_large_image\" \/>\n<meta name=\"twitter:label1\" content=\"Procijenjeno vrijeme \u010ditanja\" \/>\n\t<meta name=\"twitter:data1\" content=\"5 minuta\" \/>\n<script type=\"application\/ld+json\" class=\"yoast-schema-graph\">{\"@context\":\"https:\\\/\\\/schema.org\",\"@graph\":[{\"@type\":\"WebPage\",\"@id\":\"http:\\\/\\\/horizons28.com\\\/hr\\\/odredbe-i-uvjeti\\\/\",\"url\":\"http:\\\/\\\/horizons28.com\\\/hr\\\/odredbe-i-uvjeti\\\/\",\"name\":\"Uvjeti | Korisni\u010dki ugovor na Horizons28\",\"isPartOf\":{\"@id\":\"http:\\\/\\\/horizons28.com\\\/hr\\\/#website\"},\"datePublished\":\"2025-04-07T12:15:51+00:00\",\"dateModified\":\"2025-04-15T09:13:59+00:00\",\"description\":\"Pregledajte uvjete kori\u0161tenja platforme Horizons28. Odgovornosti korisnika, pravila kori\u0161tenja platforme i standardi uskla\u0111enosti.\",\"breadcrumb\":{\"@id\":\"http:\\\/\\\/horizons28.com\\\/hr\\\/odredbe-i-uvjeti\\\/#breadcrumb\"},\"inLanguage\":\"hr\",\"potentialAction\":[{\"@type\":\"ReadAction\",\"target\":[\"http:\\\/\\\/horizons28.com\\\/hr\\\/odredbe-i-uvjeti\\\/\"]}]},{\"@type\":\"BreadcrumbList\",\"@id\":\"http:\\\/\\\/horizons28.com\\\/hr\\\/odredbe-i-uvjeti\\\/#breadcrumb\",\"itemListElement\":[{\"@type\":\"ListItem\",\"position\":1,\"name\":\"Home\",\"item\":\"https:\\\/\\\/horizons28.com\\\/hr\\\/\"},{\"@type\":\"ListItem\",\"position\":2,\"name\":\"Odredbe i uvjeti\"}]},{\"@type\":\"WebSite\",\"@id\":\"http:\\\/\\\/horizons28.com\\\/hr\\\/#website\",\"url\":\"http:\\\/\\\/horizons28.com\\\/hr\\\/\",\"name\":\"Horizons28\",\"description\":\"\",\"potentialAction\":[{\"@type\":\"SearchAction\",\"target\":{\"@type\":\"EntryPoint\",\"urlTemplate\":\"http:\\\/\\\/horizons28.com\\\/hr\\\/?s={search_term_string}\"},\"query-input\":{\"@type\":\"PropertyValueSpecification\",\"valueRequired\":true,\"valueName\":\"search_term_string\"}}],\"inLanguage\":\"hr\"}]}<\/script>\n<!-- \/ Yoast SEO plugin. -->","yoast_head_json":{"title":"Uvjeti | Korisni\u010dki ugovor na Horizons28","description":"Pregledajte uvjete kori\u0161tenja platforme Horizons28. Odgovornosti korisnika, pravila kori\u0161tenja platforme i standardi uskla\u0111enosti.","robots":{"index":"index","follow":"follow","max-snippet":"max-snippet:-1","max-image-preview":"max-image-preview:large","max-video-preview":"max-video-preview:-1"},"canonical":"http:\/\/horizons28.com\/hr\/odredbe-i-uvjeti\/","og_locale":"hr_HR","og_type":"article","og_title":"Uvjeti | Korisni\u010dki ugovor na Horizons28","og_description":"Pregledajte uvjete kori\u0161tenja platforme Horizons28. Odgovornosti korisnika, pravila kori\u0161tenja platforme i standardi uskla\u0111enosti.","og_url":"http:\/\/horizons28.com\/hr\/odredbe-i-uvjeti\/","og_site_name":"Horizons28","article_modified_time":"2025-04-15T09:13:59+00:00","twitter_card":"summary_large_image","twitter_misc":{"Procijenjeno vrijeme \u010ditanja":"5 minuta"},"schema":{"@context":"https:\/\/schema.org","@graph":[{"@type":"WebPage","@id":"http:\/\/horizons28.com\/hr\/odredbe-i-uvjeti\/","url":"http:\/\/horizons28.com\/hr\/odredbe-i-uvjeti\/","name":"Uvjeti | Korisni\u010dki ugovor na Horizons28","isPartOf":{"@id":"http:\/\/horizons28.com\/hr\/#website"},"datePublished":"2025-04-07T12:15:51+00:00","dateModified":"2025-04-15T09:13:59+00:00","description":"Pregledajte uvjete kori\u0161tenja platforme Horizons28. Odgovornosti korisnika, pravila kori\u0161tenja platforme i standardi uskla\u0111enosti.","breadcrumb":{"@id":"http:\/\/horizons28.com\/hr\/odredbe-i-uvjeti\/#breadcrumb"},"inLanguage":"hr","potentialAction":[{"@type":"ReadAction","target":["http:\/\/horizons28.com\/hr\/odredbe-i-uvjeti\/"]}]},{"@type":"BreadcrumbList","@id":"http:\/\/horizons28.com\/hr\/odredbe-i-uvjeti\/#breadcrumb","itemListElement":[{"@type":"ListItem","position":1,"name":"Home","item":"https:\/\/horizons28.com\/hr\/"},{"@type":"ListItem","position":2,"name":"Odredbe i uvjeti"}]},{"@type":"WebSite","@id":"http:\/\/horizons28.com\/hr\/#website","url":"http:\/\/horizons28.com\/hr\/","name":"Horizons28","description":"","potentialAction":[{"@type":"SearchAction","target":{"@type":"EntryPoint","urlTemplate":"http:\/\/horizons28.com\/hr\/?s={search_term_string}"},"query-input":{"@type":"PropertyValueSpecification","valueRequired":true,"valueName":"search_term_string"}}],"inLanguage":"hr"}]}},"_links":{"self":[{"href":"http:\/\/horizons28.com\/hr\/wp-json\/wp\/v2\/pages\/718","targetHints":{"allow":["GET"]}}],"collection":[{"href":"http:\/\/horizons28.com\/hr\/wp-json\/wp\/v2\/pages"}],"about":[{"href":"http:\/\/horizons28.com\/hr\/wp-json\/wp\/v2\/types\/page"}],"author":[{"embeddable":true,"href":"http:\/\/horizons28.com\/hr\/wp-json\/wp\/v2\/users\/1"}],"replies":[{"embeddable":true,"href":"http:\/\/horizons28.com\/hr\/wp-json\/wp\/v2\/comments?post=718"}],"version-history":[{"count":1,"href":"http:\/\/horizons28.com\/hr\/wp-json\/wp\/v2\/pages\/718\/revisions"}],"predecessor-version":[{"id":1312,"href":"http:\/\/horizons28.com\/hr\/wp-json\/wp\/v2\/pages\/718\/revisions\/1312"}],"wp:attachment":[{"href":"http:\/\/horizons28.com\/hr\/wp-json\/wp\/v2\/media?parent=718"}],"curies":[{"name":"wp","href":"https:\/\/api.w.org\/{rel}","templated":true}]}}