{"id":720,"date":"2025-04-04T07:22:58","date_gmt":"2025-04-04T07:22:58","guid":{"rendered":"http:\/\/horizons28.com\/trgovacki-racuni\/"},"modified":"2025-04-15T09:00:54","modified_gmt":"2025-04-15T09:00:54","slug":"trgovacki-racuni","status":"publish","type":"page","link":"http:\/\/horizons28.com\/hr\/trgovacki-racuni\/","title":{"rendered":"Trgova\u010dki ra\u010duni"},"content":{"rendered":"\n<h1>\n\t\tPrilago\u0111eni ra\u010duni. Izgra\u0111eno za trgovce. \n\t<\/h1>\n\t<p>Trgujte forexom, indeksima, kripto valutama, dionicama i vi\u0161e s vrstama ra\u010duna izgra\u0111enim za va\u0161u osobnu strategiju trgovanja.<\/p>\n\t\t\t\t<img loading=\"lazy\" decoding=\"async\" src=\"http:\/\/horizons28.com\/wp-content\/uploads\/2025\/04\/account-types.png\" alt=\"Account Types\" itemprop=\"image\" height=\"500\" width=\"600\" title=\"account-types\" onerror=\"this.style.display='none'\"  \/>\n\t<p><strong>BRONCA<\/strong><\/p>\n<strong>$10 000<\/strong><br \/>\n<strong>Minimalni depozit<\/strong>\n\t<strong>Poluga:<\/strong><br \/>\n Sve do 1:10\n<p><strong>Trgova\u010dka akademija<\/strong><\/p>\n<strong>Pregled tr\u017ei\u0161ta:<\/strong><br \/>\n Tjedni\n<p><strong>Voditelj ra\u010duna<\/strong><\/p>\n<strong>Izvje\u0161\u0107e o portfelju:<\/strong><br \/>\n Tjedni\n\t\t\t<a href=\"https:\/\/area.horizons28.net\/auth\/registration\" target=\"_blank\" rel=\"noopener\">\n\t\t\t\t\t\t\tOTVORI RA\u010cUN\n\t\t\t\t\t<\/a>\n\t<p><strong>SREBRO<\/strong><\/p>\n<strong>$25 000<\/strong><br \/>\n<strong>Minimalni depozit<\/strong>\n\t<strong>Poluga:<\/strong><br \/>\n Sve do 1:10\n<p><strong>Trgova\u010dka akademija<\/strong><\/p>\n<strong>Pregled tr\u017ei\u0161ta:<\/strong><br \/>\n Tjedni\n<p><strong>Voditelj ra\u010duna<\/strong><\/p>\n<strong>Izvje\u0161\u0107e o portfelju:<\/strong><br \/>\n Tjedni\n<strong>Voditelj portfelja:<\/strong><br \/>\n Osobno\n<strong>Sesija analiti\u010dara:<\/strong><br \/>\n Tjedni\n\t\t\t<a href=\"https:\/\/area.horizons28.net\/auth\/registration\" target=\"_blank\" rel=\"noopener\">\n\t\t\t\t\t\t\tOTVORI RA\u010cUN\n\t\t\t\t\t<\/a>\n\t<p><strong>ZLATO<\/strong><\/p>\n<strong>$50 000<\/strong><br \/>\n<strong>Minimalni depozit<\/strong>\n\t<strong>Poluga:<\/strong><br \/>\n Do 1:50\n<p><strong>Trgova\u010dka akademija<\/strong><\/p>\n<strong>Pregled tr\u017ei\u0161ta:<\/strong><br \/>\n Tjedni\n<p><strong>Voditelj ra\u010duna<\/strong><\/p>\n<strong>Izvje\u0161\u0107e o portfelju:<\/strong><br \/>\n Tjedni\n<strong>Sesija analiti\u010dara:<\/strong><br \/>\n Dnevno\n<strong>Webinar u\u017eivo:<\/strong><br \/>\n Tjedni\n<strong>Obrazovanje trgovca:<\/strong><br \/>\n Obi\u010daj\n<strong>Tr\u017ei\u0161ni signali:<\/strong><br \/>\n Dnevno\n<p><strong>VIP doga\u0111aji<\/strong><\/p>\n<strong>Popust na zamjenu:<\/strong><br \/>\n 25%\n\t\t\t<a href=\"https:\/\/area.horizons28.net\/auth\/registration\" target=\"_blank\" rel=\"noopener\">\n\t\t\t\t\t\t\tOTVORI RA\u010cUN\n\t\t\t\t\t<\/a>\n\t<p><strong>PLATINA<\/strong><\/p>\n<strong>$100 000<\/strong><br \/>\n<strong>Minimalni depozit<\/strong>\n\t<strong>Poluga:<\/strong><br \/>\n Do 1:50\n<p><strong>Trgova\u010dka akademija<\/strong><\/p>\n<strong>Pregled tr\u017ei\u0161ta:<\/strong><br \/>\n Tjedni\n<p><strong>Voditelj ra\u010duna<\/strong><\/p>\n<strong>Izvje\u0161\u0107e o portfelju:<\/strong><br \/>\n Tjedni\n<strong>Sesija analiti\u010dara:<\/strong><br \/>\n Dnevno\n<strong>Webinar u\u017eivo:<\/strong><br \/>\n Tjedni\n<strong>Obrazovanje trgovca:<\/strong><br \/>\n Obi\u010daj\n<strong>Tr\u017ei\u0161ni signali:<\/strong><br \/>\n Dnevno\n<p><strong>VIP doga\u0111aji<\/strong><\/p>\n<strong>Sastanak ra\u010dunovo\u0111e:<\/strong><br \/>\n Mjese\u010dno\n<strong>Pra\u0107enje ra\u010duna:<br \/>\n<\/strong> 24\/7\n<p><strong>Godi\u0161nji sa\u017eetak<\/strong><\/p>\n<strong>Popust na zamjenu:<\/strong><br \/>\n 25%\n\t\t\t<a href=\"https:\/\/area.horizons28.net\/auth\/registration\" target=\"_blank\" rel=\"noopener\">\n\t\t\t\t\t\t\tOTVORI RA\u010cUN\n\t\t\t\t\t<\/a>\n\t<p><strong>VIP<\/strong><\/p>\n<strong>$1.000.000<\/strong><br \/>\n<strong>Minimalni depozit<\/strong>\n\t<strong>Poluga:<\/strong><br \/>\n Do 1:50\n<p><strong>Trgova\u010dka akademija<\/strong><\/p>\n<strong>Pregled tr\u017ei\u0161ta:<\/strong><br \/>\n Tjedni\n<p><strong>Voditelj ra\u010duna<\/strong><\/p>\n<strong>Izvje\u0161\u0107e o portfelju:<\/strong><br \/>\n Tjedni\n<strong>Sesija analiti\u010dara:<\/strong><br \/>\n Dnevno\n<strong>Webinar u\u017eivo:<\/strong><br \/>\n Tjedni\n<strong>Obrazovanje trgovca:<\/strong><br \/>\n Obi\u010daj\n<strong>Tr\u017ei\u0161ni signali:<\/strong><br \/>\n Dnevno\n<p><strong>VIP doga\u0111aji<\/strong><\/p>\n<strong>Sastanak ra\u010dunovo\u0111e:<\/strong><br \/>\n Mjese\u010dno\n<strong>Pra\u0107enje ra\u010duna:<br \/>\n<\/strong> 24\/7\n<p><strong>Godi\u0161nji sa\u017eetak<\/strong><\/p>\n<strong>Popust na zamjenu:<\/strong><br \/>\n 25%\n\t\t\t\t\t<a href=\"#\" id=\"fl-accordion--label-0\" tabindex=\"0\" aria-controls=\"fl-accordion--panel-0\">Vi\u0161e zna\u010dajki<\/a>\n\t\t\t\t\t\t\t\t\t\t\t<a href=\"#\" id=\"fl-accordion--icon-0\" tabindex=\"-1\"><i title=\"Expand\">Expand<\/i><\/a>\n\t\t\t\t\t<strong>Sesija analiti\u010dara:<\/strong><br \/>\n Dnevno\n<strong>Webinar u\u017eivo:<\/strong><br \/>\n Tjedni\n<strong>Obrazovanje trgovca:<\/strong><br \/>\n Obi\u010daj\n<strong>Tr\u017ei\u0161ni signali:<\/strong><br \/>\n Dnevno\n<strong>Sastanak ra\u010dunovo\u0111e:<\/strong><br \/>\n Mjese\u010dno\n<strong>Pra\u0107enje ra\u010duna:<\/strong><br \/>\n 24\/7\n<strong>Arbitra\u017ea:<\/strong><br \/>\n Nije dopu\u0161teno\n<p><strong>VIP doga\u0111aji<\/strong><\/p>\n<strong>Izvr\u0161itelj VIP trgovanja:<\/strong><br \/>\n Da\n<strong>Povla\u010denje:<\/strong><br \/>\n Trenuta\u010dno povla\u010denje bez odobrenja\n<p><strong>Pristup trenutnom kreditu<\/strong><\/p>\n<p><strong>Bonus na polog do 10.000 dolara<\/strong><\/p>\n\t\t\t<a href=\"https:\/\/area.horizons28.net\/auth\/registration\" target=\"_blank\" rel=\"noopener\">\n\t\t\t\t\t\t\tOTVORI RA\u010cUN\n\t\t\t\t\t<\/a>\n\n","protected":false},"excerpt":{"rendered":"<p>Prilago\u0111eni ra\u010duni. Izgra\u0111eno za trgovce. Trgujte forexom, indeksima, kripto valutama, dionicama i vi\u0161e s vrstama ra\u010duna izgra\u0111enim za va\u0161u osobnu strategiju trgovanja. BRONCA $10 000 Minimalni depozit Poluga: Sve do 1:10 Trgova\u010dka akademija Pregled tr\u017ei\u0161ta: Tjedni Voditelj ra\u010duna Izvje\u0161\u0107e o portfelju: Tjedni OTVORI RA\u010cUN SREBRO $25 000 Minimalni depozit Poluga: Sve do 1:10 Trgova\u010dka akademija&hellip;<\/p>\n","protected":false},"author":1,"featured_media":0,"parent":0,"menu_order":0,"comment_status":"closed","ping_status":"closed","template":"","meta":{"footnotes":""},"class_list":["post-720","page","type-page","status-publish","hentry"],"yoast_head":"<!-- This site is optimized with the Yoast SEO plugin v27.4 - https:\/\/yoast.com\/product\/yoast-seo-wordpress\/ -->\n<title>Trgova\u010dki ra\u010duni | Odaberite svoju idealnu postavu uz Horizons28<\/title>\n<meta name=\"description\" content=\"Istra\u017eite vrste ra\u010duna za trgovanje Horizons28. Od po\u010detnika do profesionalca, prona\u0111ite ra\u010dun koji odgovara va\u0161oj strategiji, kapitalu i ciljevima.\" \/>\n<meta name=\"robots\" content=\"index, follow, max-snippet:-1, max-image-preview:large, max-video-preview:-1\" \/>\n<link rel=\"canonical\" href=\"http:\/\/horizons28.com\/hr\/trgovacki-racuni\/\" \/>\n<meta property=\"og:locale\" content=\"hr_HR\" \/>\n<meta property=\"og:type\" content=\"article\" \/>\n<meta property=\"og:title\" content=\"Trgova\u010dki ra\u010duni | Odaberite svoju idealnu postavu uz Horizons28\" \/>\n<meta property=\"og:description\" content=\"Istra\u017eite vrste ra\u010duna za trgovanje Horizons28. Od po\u010detnika do profesionalca, prona\u0111ite ra\u010dun koji odgovara va\u0161oj strategiji, kapitalu i ciljevima.\" \/>\n<meta property=\"og:url\" content=\"http:\/\/horizons28.com\/hr\/trgovacki-racuni\/\" \/>\n<meta property=\"og:site_name\" content=\"Horizons28\" \/>\n<meta property=\"article:modified_time\" content=\"2025-04-15T09:00:54+00:00\" \/>\n<meta property=\"og:image\" content=\"http:\/\/horizons28.com\/wp-content\/uploads\/2025\/04\/account-types.png\" \/>\n<meta name=\"twitter:card\" content=\"summary_large_image\" \/>\n<meta name=\"twitter:label1\" content=\"Procijenjeno vrijeme \u010ditanja\" \/>\n\t<meta name=\"twitter:data1\" content=\"2 minute\" \/>\n<script type=\"application\/ld+json\" class=\"yoast-schema-graph\">{\"@context\":\"https:\\\/\\\/schema.org\",\"@graph\":[{\"@type\":\"WebPage\",\"@id\":\"http:\\\/\\\/horizons28.com\\\/hr\\\/trgovacki-racuni\\\/\",\"url\":\"http:\\\/\\\/horizons28.com\\\/hr\\\/trgovacki-racuni\\\/\",\"name\":\"Trgova\u010dki ra\u010duni | Odaberite svoju idealnu postavu uz Horizons28\",\"isPartOf\":{\"@id\":\"http:\\\/\\\/horizons28.com\\\/hr\\\/#website\"},\"primaryImageOfPage\":{\"@id\":\"http:\\\/\\\/horizons28.com\\\/hr\\\/trgovacki-racuni\\\/#primaryimage\"},\"image\":{\"@id\":\"http:\\\/\\\/horizons28.com\\\/hr\\\/trgovacki-racuni\\\/#primaryimage\"},\"thumbnailUrl\":\"http:\\\/\\\/horizons28.com\\\/wp-content\\\/uploads\\\/2025\\\/04\\\/account-types.png\",\"datePublished\":\"2025-04-04T07:22:58+00:00\",\"dateModified\":\"2025-04-15T09:00:54+00:00\",\"description\":\"Istra\u017eite vrste ra\u010duna za trgovanje Horizons28. Od po\u010detnika do profesionalca, prona\u0111ite ra\u010dun koji odgovara va\u0161oj strategiji, kapitalu i ciljevima.\",\"breadcrumb\":{\"@id\":\"http:\\\/\\\/horizons28.com\\\/hr\\\/trgovacki-racuni\\\/#breadcrumb\"},\"inLanguage\":\"hr\",\"potentialAction\":[{\"@type\":\"ReadAction\",\"target\":[\"http:\\\/\\\/horizons28.com\\\/hr\\\/trgovacki-racuni\\\/\"]}]},{\"@type\":\"ImageObject\",\"inLanguage\":\"hr\",\"@id\":\"http:\\\/\\\/horizons28.com\\\/hr\\\/trgovacki-racuni\\\/#primaryimage\",\"url\":\"http:\\\/\\\/horizons28.com\\\/wp-content\\\/uploads\\\/2025\\\/04\\\/account-types.png\",\"contentUrl\":\"http:\\\/\\\/horizons28.com\\\/wp-content\\\/uploads\\\/2025\\\/04\\\/account-types.png\"},{\"@type\":\"BreadcrumbList\",\"@id\":\"http:\\\/\\\/horizons28.com\\\/hr\\\/trgovacki-racuni\\\/#breadcrumb\",\"itemListElement\":[{\"@type\":\"ListItem\",\"position\":1,\"name\":\"Home\",\"item\":\"https:\\\/\\\/horizons28.com\\\/hr\\\/\"},{\"@type\":\"ListItem\",\"position\":2,\"name\":\"Trgova\u010dki ra\u010duni\"}]},{\"@type\":\"WebSite\",\"@id\":\"http:\\\/\\\/horizons28.com\\\/hr\\\/#website\",\"url\":\"http:\\\/\\\/horizons28.com\\\/hr\\\/\",\"name\":\"Horizons28\",\"description\":\"\",\"potentialAction\":[{\"@type\":\"SearchAction\",\"target\":{\"@type\":\"EntryPoint\",\"urlTemplate\":\"http:\\\/\\\/horizons28.com\\\/hr\\\/?s={search_term_string}\"},\"query-input\":{\"@type\":\"PropertyValueSpecification\",\"valueRequired\":true,\"valueName\":\"search_term_string\"}}],\"inLanguage\":\"hr\"}]}<\/script>\n<!-- \/ Yoast SEO plugin. -->","yoast_head_json":{"title":"Trgova\u010dki ra\u010duni | Odaberite svoju idealnu postavu uz Horizons28","description":"Istra\u017eite vrste ra\u010duna za trgovanje Horizons28. Od po\u010detnika do profesionalca, prona\u0111ite ra\u010dun koji odgovara va\u0161oj strategiji, kapitalu i ciljevima.","robots":{"index":"index","follow":"follow","max-snippet":"max-snippet:-1","max-image-preview":"max-image-preview:large","max-video-preview":"max-video-preview:-1"},"canonical":"http:\/\/horizons28.com\/hr\/trgovacki-racuni\/","og_locale":"hr_HR","og_type":"article","og_title":"Trgova\u010dki ra\u010duni | Odaberite svoju idealnu postavu uz Horizons28","og_description":"Istra\u017eite vrste ra\u010duna za trgovanje Horizons28. Od po\u010detnika do profesionalca, prona\u0111ite ra\u010dun koji odgovara va\u0161oj strategiji, kapitalu i ciljevima.","og_url":"http:\/\/horizons28.com\/hr\/trgovacki-racuni\/","og_site_name":"Horizons28","article_modified_time":"2025-04-15T09:00:54+00:00","og_image":[{"url":"http:\/\/horizons28.com\/wp-content\/uploads\/2025\/04\/account-types.png","type":"","width":"","height":""}],"twitter_card":"summary_large_image","twitter_misc":{"Procijenjeno vrijeme \u010ditanja":"2 minute"},"schema":{"@context":"https:\/\/schema.org","@graph":[{"@type":"WebPage","@id":"http:\/\/horizons28.com\/hr\/trgovacki-racuni\/","url":"http:\/\/horizons28.com\/hr\/trgovacki-racuni\/","name":"Trgova\u010dki ra\u010duni | Odaberite svoju idealnu postavu uz Horizons28","isPartOf":{"@id":"http:\/\/horizons28.com\/hr\/#website"},"primaryImageOfPage":{"@id":"http:\/\/horizons28.com\/hr\/trgovacki-racuni\/#primaryimage"},"image":{"@id":"http:\/\/horizons28.com\/hr\/trgovacki-racuni\/#primaryimage"},"thumbnailUrl":"http:\/\/horizons28.com\/wp-content\/uploads\/2025\/04\/account-types.png","datePublished":"2025-04-04T07:22:58+00:00","dateModified":"2025-04-15T09:00:54+00:00","description":"Istra\u017eite vrste ra\u010duna za trgovanje Horizons28. Od po\u010detnika do profesionalca, prona\u0111ite ra\u010dun koji odgovara va\u0161oj strategiji, kapitalu i ciljevima.","breadcrumb":{"@id":"http:\/\/horizons28.com\/hr\/trgovacki-racuni\/#breadcrumb"},"inLanguage":"hr","potentialAction":[{"@type":"ReadAction","target":["http:\/\/horizons28.com\/hr\/trgovacki-racuni\/"]}]},{"@type":"ImageObject","inLanguage":"hr","@id":"http:\/\/horizons28.com\/hr\/trgovacki-racuni\/#primaryimage","url":"http:\/\/horizons28.com\/wp-content\/uploads\/2025\/04\/account-types.png","contentUrl":"http:\/\/horizons28.com\/wp-content\/uploads\/2025\/04\/account-types.png"},{"@type":"BreadcrumbList","@id":"http:\/\/horizons28.com\/hr\/trgovacki-racuni\/#breadcrumb","itemListElement":[{"@type":"ListItem","position":1,"name":"Home","item":"https:\/\/horizons28.com\/hr\/"},{"@type":"ListItem","position":2,"name":"Trgova\u010dki ra\u010duni"}]},{"@type":"WebSite","@id":"http:\/\/horizons28.com\/hr\/#website","url":"http:\/\/horizons28.com\/hr\/","name":"Horizons28","description":"","potentialAction":[{"@type":"SearchAction","target":{"@type":"EntryPoint","urlTemplate":"http:\/\/horizons28.com\/hr\/?s={search_term_string}"},"query-input":{"@type":"PropertyValueSpecification","valueRequired":true,"valueName":"search_term_string"}}],"inLanguage":"hr"}]}},"_links":{"self":[{"href":"http:\/\/horizons28.com\/hr\/wp-json\/wp\/v2\/pages\/720","targetHints":{"allow":["GET"]}}],"collection":[{"href":"http:\/\/horizons28.com\/hr\/wp-json\/wp\/v2\/pages"}],"about":[{"href":"http:\/\/horizons28.com\/hr\/wp-json\/wp\/v2\/types\/page"}],"author":[{"embeddable":true,"href":"http:\/\/horizons28.com\/hr\/wp-json\/wp\/v2\/users\/1"}],"replies":[{"embeddable":true,"href":"http:\/\/horizons28.com\/hr\/wp-json\/wp\/v2\/comments?post=720"}],"version-history":[{"count":1,"href":"http:\/\/horizons28.com\/hr\/wp-json\/wp\/v2\/pages\/720\/revisions"}],"predecessor-version":[{"id":1286,"href":"http:\/\/horizons28.com\/hr\/wp-json\/wp\/v2\/pages\/720\/revisions\/1286"}],"wp:attachment":[{"href":"http:\/\/horizons28.com\/hr\/wp-json\/wp\/v2\/media?parent=720"}],"curies":[{"name":"wp","href":"https:\/\/api.w.org\/{rel}","templated":true}]}}