{"id":721,"date":"2025-04-04T07:21:43","date_gmt":"2025-04-04T07:21:43","guid":{"rendered":"http:\/\/horizons28.com\/upoznajte-nas\/"},"modified":"2025-04-15T09:08:17","modified_gmt":"2025-04-15T09:08:17","slug":"upoznajte-nas","status":"publish","type":"page","link":"http:\/\/horizons28.com\/hr\/upoznajte-nas\/","title":{"rendered":"Upoznajte nas"},"content":{"rendered":"\n<h1>\n\t\tHorizonti28. Izgra\u0111eno na povjerenju. \n\t<\/h1>\n\t<p>Otkrijte tim i viziju koji stoje iza Horizons28-posve\u0107en pametnijem trgovanju, inovativnim alatima i dugoro\u010dnom financijskom uspjehu.<\/p>\n\t\t\t<a href=\"https:\/\/area.horizons28.net\/auth\/registration\" target=\"_blank\" rel=\"noopener\">\n\t\t\t\t\t\t\tPridru\u017ei se Horizons28\n\t\t\t<\/a>\n\t\t\t\t<img loading=\"lazy\" decoding=\"async\" src=\"http:\/\/horizons28.com\/wp-content\/uploads\/2025\/04\/about-us.png\" alt=\"About Us\" itemprop=\"image\" height=\"500\" width=\"600\" title=\"about-us\" onerror=\"this.style.display='none'\"  \/>\n<h1>\n\t\tHorizons28 osna\u017euje trgovce da uspiju.\n\t<\/h1>\n\t<p><strong>Horizons28 je platforma za trgovanje i ulaganje nove generacije<\/strong> osmi\u0161ljena da osna\u017ei pojedince u svakoj fazi njihovog financijskog putovanja.<\/p>\n<p> Nudimo sveobuhvatan paket alata i zna\u010dajki koje trgovanje \u010dine pametnijim, br\u017eim i pristupa\u010dnijim.<\/p>\n<p> <strong>Od automatskog trgovanja vo\u0111enog umjetnom inteligencijom i \u0161tednih ra\u010duna s visokom kamatom do zajedni\u010dkih investicijskih fondova i naprednih mogu\u0107nosti arbitra\u017ee,<\/strong> Horizons28 je napravljen da vam pomogne da pove\u0107ate svoj kapital s povjerenjem<\/p>\n\t<p>Na\u0161a platforma pru\u017ea pristup \u0161irokom rasponu instrumenata na globalnim tr\u017ei\u0161tima <strong>\u2013 uklju\u010duju\u0107i forex, dionice, indekse, kriptovalute i robu<\/strong> \u2013 a sve putem sigurnog su\u010delja jednostavnog za kori\u0161tenje. Uz konkurentne uvjete, fleksibilne opcije ra\u010duna i posve\u0107enu podr\u0161ku, Horizons28 je predan pru\u017eanju besprijekornog iskustva trgovcima, investitorima i svima koji su spremni preuzeti kontrolu nad svojom financijskom budu\u0107no\u0161\u0107u. <\/p>\n<p><strong>Mi u Horizons28 razumijemo da financijski uspjeh po\u010dinje s pravom podr\u0161kom i tehnologijom.<\/strong>  Zato je na\u0161a platforma osmi\u0161ljena da nudi izvr\u0161enje u stvarnom vremenu, naprednu analitiku i transparentne operacije-daju\u0107i vam potpunu kontrolu nad va\u0161im strategijama. Bez obzira koristite li na\u0161a rje\u0161enja za trgovinsku likvidnost kako biste svoje brokerske usluge nesmetano odvijali, zara\u0111ivali mjese\u010dne povrate putem na\u0161eg \u0161tednog ra\u010duna s visokim prinosom ili udru\u017eili snage s drugima u na\u0161em investicijskom fondu, svaka je zna\u010dajka dizajnirana imaju\u0107i na umu va\u0161 rast. <\/p>\n<p>Bez skrivenih naknada, s intuitivnim su\u010deljima i fokusom na po\u010detnike i profesionalce, <strong>Horizons28 je vi\u0161e od same platforme-on je va\u0161 partner u dugoro\u010dnom stvaranju bogatstva.<\/strong><\/p>\n\t\t\t\t<img loading=\"lazy\" decoding=\"async\" src=\"http:\/\/horizons28.com\/wp-content\/uploads\/2025\/04\/empowering-success.png\" alt=\"Empowering Success\" itemprop=\"image\" height=\"580\" width=\"813\" title=\"empowering-success\" onerror=\"this.style.display='none'\"  \/>\n<h3>\n\t\tSpremni za pametnije trgovanje? Iskusite pravu brzinu, stvarna tr\u017ei\u0161ta i stvarne rezultate.\n\t<\/h3>\n\t\t\t<a href=\"https:\/\/area.horizons28.net\/auth\/registration\" target=\"_blank\" rel=\"noopener\">\n\t\t\t\t\t\t\tPridru\u017ei se Horizons28\n\t\t\t<\/a>\n\n","protected":false},"excerpt":{"rendered":"<p>Horizonti28. Izgra\u0111eno na povjerenju. Otkrijte tim i viziju koji stoje iza Horizons28-posve\u0107en pametnijem trgovanju, inovativnim alatima i dugoro\u010dnom financijskom uspjehu. Pridru\u017ei se Horizons28 Horizons28 osna\u017euje trgovce da uspiju. Horizons28 je platforma za trgovanje i ulaganje nove generacije osmi\u0161ljena da osna\u017ei pojedince u svakoj fazi njihovog financijskog putovanja. Nudimo sveobuhvatan paket alata i zna\u010dajki koje trgovanje&hellip;<\/p>\n","protected":false},"author":1,"featured_media":0,"parent":0,"menu_order":0,"comment_status":"closed","ping_status":"closed","template":"","meta":{"footnotes":""},"class_list":["post-721","page","type-page","status-publish","hentry"],"yoast_head":"<!-- This site is optimized with the Yoast SEO plugin v27.4 - https:\/\/yoast.com\/product\/yoast-seo-wordpress\/ -->\n<title>Upoznajte tim Horizons28 | Vo\u0111en inovacijom<\/title>\n<meta name=\"description\" content=\"Upoznajte stru\u010dnjake koji stoje iza Horizons28. Upoznajte vode\u0107i tim za inovacije u rje\u0161enjima za trgovanje, automatizaciju i izgradnju bogatstva.\" \/>\n<meta name=\"robots\" content=\"index, follow, max-snippet:-1, max-image-preview:large, max-video-preview:-1\" \/>\n<link rel=\"canonical\" href=\"http:\/\/horizons28.com\/hr\/upoznajte-nas\/\" \/>\n<meta property=\"og:locale\" content=\"hr_HR\" \/>\n<meta property=\"og:type\" content=\"article\" \/>\n<meta property=\"og:title\" content=\"Upoznajte tim Horizons28 | Vo\u0111en inovacijom\" \/>\n<meta property=\"og:description\" content=\"Upoznajte stru\u010dnjake koji stoje iza Horizons28. Upoznajte vode\u0107i tim za inovacije u rje\u0161enjima za trgovanje, automatizaciju i izgradnju bogatstva.\" \/>\n<meta property=\"og:url\" content=\"http:\/\/horizons28.com\/hr\/upoznajte-nas\/\" \/>\n<meta property=\"og:site_name\" content=\"Horizons28\" \/>\n<meta property=\"article:modified_time\" content=\"2025-04-15T09:08:17+00:00\" \/>\n<meta property=\"og:image\" content=\"http:\/\/horizons28.com\/wp-content\/uploads\/2025\/04\/about-us.png\" \/>\n<meta name=\"twitter:card\" content=\"summary_large_image\" \/>\n<meta name=\"twitter:label1\" content=\"Procijenjeno vrijeme \u010ditanja\" \/>\n\t<meta name=\"twitter:data1\" content=\"2 minute\" \/>\n<script type=\"application\/ld+json\" class=\"yoast-schema-graph\">{\"@context\":\"https:\\\/\\\/schema.org\",\"@graph\":[{\"@type\":\"WebPage\",\"@id\":\"http:\\\/\\\/horizons28.com\\\/hr\\\/upoznajte-nas\\\/\",\"url\":\"http:\\\/\\\/horizons28.com\\\/hr\\\/upoznajte-nas\\\/\",\"name\":\"Upoznajte tim Horizons28 | Vo\u0111en inovacijom\",\"isPartOf\":{\"@id\":\"http:\\\/\\\/horizons28.com\\\/hr\\\/#website\"},\"primaryImageOfPage\":{\"@id\":\"http:\\\/\\\/horizons28.com\\\/hr\\\/upoznajte-nas\\\/#primaryimage\"},\"image\":{\"@id\":\"http:\\\/\\\/horizons28.com\\\/hr\\\/upoznajte-nas\\\/#primaryimage\"},\"thumbnailUrl\":\"http:\\\/\\\/horizons28.com\\\/wp-content\\\/uploads\\\/2025\\\/04\\\/about-us.png\",\"datePublished\":\"2025-04-04T07:21:43+00:00\",\"dateModified\":\"2025-04-15T09:08:17+00:00\",\"description\":\"Upoznajte stru\u010dnjake koji stoje iza Horizons28. Upoznajte vode\u0107i tim za inovacije u rje\u0161enjima za trgovanje, automatizaciju i izgradnju bogatstva.\",\"breadcrumb\":{\"@id\":\"http:\\\/\\\/horizons28.com\\\/hr\\\/upoznajte-nas\\\/#breadcrumb\"},\"inLanguage\":\"hr\",\"potentialAction\":[{\"@type\":\"ReadAction\",\"target\":[\"http:\\\/\\\/horizons28.com\\\/hr\\\/upoznajte-nas\\\/\"]}]},{\"@type\":\"ImageObject\",\"inLanguage\":\"hr\",\"@id\":\"http:\\\/\\\/horizons28.com\\\/hr\\\/upoznajte-nas\\\/#primaryimage\",\"url\":\"http:\\\/\\\/horizons28.com\\\/wp-content\\\/uploads\\\/2025\\\/04\\\/about-us.png\",\"contentUrl\":\"http:\\\/\\\/horizons28.com\\\/wp-content\\\/uploads\\\/2025\\\/04\\\/about-us.png\"},{\"@type\":\"BreadcrumbList\",\"@id\":\"http:\\\/\\\/horizons28.com\\\/hr\\\/upoznajte-nas\\\/#breadcrumb\",\"itemListElement\":[{\"@type\":\"ListItem\",\"position\":1,\"name\":\"Home\",\"item\":\"https:\\\/\\\/horizons28.com\\\/hr\\\/\"},{\"@type\":\"ListItem\",\"position\":2,\"name\":\"Upoznajte nas\"}]},{\"@type\":\"WebSite\",\"@id\":\"http:\\\/\\\/horizons28.com\\\/hr\\\/#website\",\"url\":\"http:\\\/\\\/horizons28.com\\\/hr\\\/\",\"name\":\"Horizons28\",\"description\":\"\",\"potentialAction\":[{\"@type\":\"SearchAction\",\"target\":{\"@type\":\"EntryPoint\",\"urlTemplate\":\"http:\\\/\\\/horizons28.com\\\/hr\\\/?s={search_term_string}\"},\"query-input\":{\"@type\":\"PropertyValueSpecification\",\"valueRequired\":true,\"valueName\":\"search_term_string\"}}],\"inLanguage\":\"hr\"}]}<\/script>\n<!-- \/ Yoast SEO plugin. -->","yoast_head_json":{"title":"Upoznajte tim Horizons28 | Vo\u0111en inovacijom","description":"Upoznajte stru\u010dnjake koji stoje iza Horizons28. Upoznajte vode\u0107i tim za inovacije u rje\u0161enjima za trgovanje, automatizaciju i izgradnju bogatstva.","robots":{"index":"index","follow":"follow","max-snippet":"max-snippet:-1","max-image-preview":"max-image-preview:large","max-video-preview":"max-video-preview:-1"},"canonical":"http:\/\/horizons28.com\/hr\/upoznajte-nas\/","og_locale":"hr_HR","og_type":"article","og_title":"Upoznajte tim Horizons28 | Vo\u0111en inovacijom","og_description":"Upoznajte stru\u010dnjake koji stoje iza Horizons28. Upoznajte vode\u0107i tim za inovacije u rje\u0161enjima za trgovanje, automatizaciju i izgradnju bogatstva.","og_url":"http:\/\/horizons28.com\/hr\/upoznajte-nas\/","og_site_name":"Horizons28","article_modified_time":"2025-04-15T09:08:17+00:00","og_image":[{"url":"http:\/\/horizons28.com\/wp-content\/uploads\/2025\/04\/about-us.png","type":"","width":"","height":""}],"twitter_card":"summary_large_image","twitter_misc":{"Procijenjeno vrijeme \u010ditanja":"2 minute"},"schema":{"@context":"https:\/\/schema.org","@graph":[{"@type":"WebPage","@id":"http:\/\/horizons28.com\/hr\/upoznajte-nas\/","url":"http:\/\/horizons28.com\/hr\/upoznajte-nas\/","name":"Upoznajte tim Horizons28 | Vo\u0111en inovacijom","isPartOf":{"@id":"http:\/\/horizons28.com\/hr\/#website"},"primaryImageOfPage":{"@id":"http:\/\/horizons28.com\/hr\/upoznajte-nas\/#primaryimage"},"image":{"@id":"http:\/\/horizons28.com\/hr\/upoznajte-nas\/#primaryimage"},"thumbnailUrl":"http:\/\/horizons28.com\/wp-content\/uploads\/2025\/04\/about-us.png","datePublished":"2025-04-04T07:21:43+00:00","dateModified":"2025-04-15T09:08:17+00:00","description":"Upoznajte stru\u010dnjake koji stoje iza Horizons28. Upoznajte vode\u0107i tim za inovacije u rje\u0161enjima za trgovanje, automatizaciju i izgradnju bogatstva.","breadcrumb":{"@id":"http:\/\/horizons28.com\/hr\/upoznajte-nas\/#breadcrumb"},"inLanguage":"hr","potentialAction":[{"@type":"ReadAction","target":["http:\/\/horizons28.com\/hr\/upoznajte-nas\/"]}]},{"@type":"ImageObject","inLanguage":"hr","@id":"http:\/\/horizons28.com\/hr\/upoznajte-nas\/#primaryimage","url":"http:\/\/horizons28.com\/wp-content\/uploads\/2025\/04\/about-us.png","contentUrl":"http:\/\/horizons28.com\/wp-content\/uploads\/2025\/04\/about-us.png"},{"@type":"BreadcrumbList","@id":"http:\/\/horizons28.com\/hr\/upoznajte-nas\/#breadcrumb","itemListElement":[{"@type":"ListItem","position":1,"name":"Home","item":"https:\/\/horizons28.com\/hr\/"},{"@type":"ListItem","position":2,"name":"Upoznajte nas"}]},{"@type":"WebSite","@id":"http:\/\/horizons28.com\/hr\/#website","url":"http:\/\/horizons28.com\/hr\/","name":"Horizons28","description":"","potentialAction":[{"@type":"SearchAction","target":{"@type":"EntryPoint","urlTemplate":"http:\/\/horizons28.com\/hr\/?s={search_term_string}"},"query-input":{"@type":"PropertyValueSpecification","valueRequired":true,"valueName":"search_term_string"}}],"inLanguage":"hr"}]}},"_links":{"self":[{"href":"http:\/\/horizons28.com\/hr\/wp-json\/wp\/v2\/pages\/721","targetHints":{"allow":["GET"]}}],"collection":[{"href":"http:\/\/horizons28.com\/hr\/wp-json\/wp\/v2\/pages"}],"about":[{"href":"http:\/\/horizons28.com\/hr\/wp-json\/wp\/v2\/types\/page"}],"author":[{"embeddable":true,"href":"http:\/\/horizons28.com\/hr\/wp-json\/wp\/v2\/users\/1"}],"replies":[{"embeddable":true,"href":"http:\/\/horizons28.com\/hr\/wp-json\/wp\/v2\/comments?post=721"}],"version-history":[{"count":1,"href":"http:\/\/horizons28.com\/hr\/wp-json\/wp\/v2\/pages\/721\/revisions"}],"predecessor-version":[{"id":1300,"href":"http:\/\/horizons28.com\/hr\/wp-json\/wp\/v2\/pages\/721\/revisions\/1300"}],"wp:attachment":[{"href":"http:\/\/horizons28.com\/hr\/wp-json\/wp\/v2\/media?parent=721"}],"curies":[{"name":"wp","href":"https:\/\/api.w.org\/{rel}","templated":true}]}}