{"id":724,"date":"2025-04-04T07:20:25","date_gmt":"2025-04-04T07:20:25","guid":{"rendered":"http:\/\/horizons28.com\/likvidnost-trgovine\/"},"modified":"2025-04-15T09:06:44","modified_gmt":"2025-04-15T09:06:44","slug":"likvidnost-trgovine","status":"publish","type":"page","link":"http:\/\/horizons28.com\/hr\/likvidnost-trgovine\/","title":{"rendered":"Likvidnost trgovine"},"content":{"rendered":"\n<h1>\n\t\tPametna likvidnost. Instant pristup. \n\t<\/h1>\n\t<p>Pristupite trenutnoj likvidnosti kako biste podr\u017eali besprijekorno trgovanje, br\u017ee izvr\u0161enje i nesmetano tr\u017ei\u0161no djelovanje.<\/p>\n\t\t\t<a href=\"https:\/\/area.horizons28.net\/auth\/registration\" target=\"_blank\" rel=\"noopener\">\n\t\t\t\t\t\t\tPridru\u017ei se Horizons28\n\t\t\t<\/a>\n\t\t\t\t<img loading=\"lazy\" decoding=\"async\" src=\"http:\/\/horizons28.com\/wp-content\/uploads\/2025\/04\/trade-liquidity.png\" alt=\"Trade Liquidity\" itemprop=\"image\" height=\"500\" width=\"600\" title=\"trade-liquidity\" onerror=\"this.style.display='none'\"  \/>\n<h2>\n\t\t\u0160to je Horizons28 Trade Liquidity?\n\t<\/h2>\n\t<p>Horizons28 Trade Liquidity namjensko je financijsko rje\u0161enje koje brokerskim ku\u0107ama daje brz pristup rezervama likvidnosti.  <strong>To osigurava glatko i neprekinuto trgovanje \u010dak i tijekom velikih ili nestabilnih tr\u017ei\u0161nih uvjeta.<\/strong>  Na\u0161a podr\u0161ka likvidnosti pobolj\u0161ava performanse i pouzdanost u svim trgovinskim operacijama.<\/p>\n<h2>\n\t\tBrzi pristup kapitalu\n\t<\/h2>\n\t<p>Izbjegnite zastoje i prekide u trgovini s trenutnom dostupno\u0161\u0107u likvidnosti to\u010dno kada je to potrebno.<\/p>\n<h2>\n\t\tPobolj\u0161ano izvr\u0161enje\n\t<\/h2>\n\t<p>Ubrzajte izvr\u0161enje trgovine i minimizirajte proklizavanje s dosljednim pristupom sredstvima za bolje iskustvo trgovanja.<\/p>\n<h2>\n\t\tZa\u0161tita od nestabilnosti\n\t<\/h2>\n\t<p>Stabilizirajte operacije tijekom visoke volatilnosti ili tr\u017ei\u0161nih skokova s \u200b\u200bugra\u0111enim za\u0161titnim slojevima likvidnosti za bolju za\u0161titu od trgovinskog rizika.<\/p>\n<h2>\n\t\tFleksibilni uvjeti\n\t<\/h2>\n\t<p>Nudimo opcije otplate koje odgovaraju ciklusima nov\u010danog toka i operativnim ciljevima va\u0161e brokerske ku\u0107e-bez krutih rasporeda.<\/p>\n<h2>\n\t\tSkalabilan za rast\n\t<\/h2>\n\t<p>Bilo da se \u0161irite na nova tr\u017ei\u0161ta ili se bavite pove\u0107anim obujmom trgovanja, na\u0161e se rje\u0161enje prilago\u0111ava va\u0161im potrebama.<\/p>\n<h2>\n\t\tPovjerenje klijenata\n\t<\/h2>\n\t<p>Dosljedno izvr\u0161enje i neprekinuto trgovanje izgra\u0111uju kredibilitet kod va\u0161ih klijenata, ja\u010daju\u0107i va\u0161 brend.<\/p>\n<h3>\n\t\tIstra\u017eite prednosti\n\t<\/h3>\n<h3>\n\t\tZna\u010dajke likvidnosti trgovine Horizons28\n\t<\/h3>\n\t<p>Horizons28 Investment Pool osmi\u0161ljen je kako bi <strong>pomogao ulaga\u010dima da pove\u0107aju svoj novac kroz suradnju i pristup odabranim investicijskim projektima<\/strong> . Bilo da tek po\u010dinjete ili ve\u0107 gradite bogatstvo, <strong>ovo je va\u0161 pristup pametnijem, povezanijem ulaganju.<\/strong> <\/p>\n\t\t<h4>Uvjeti vode\u0107i u industriji<\/h4>\t\t\t\n\t\t\t\t<p>Ostvarite likvidnost po vrlo konkurentnim uvjetima, poma\u017eu\u0107i vam u upravljanju tro\u0161kovima bez ugro\u017eavanja izvedbe.<\/p>\n\t\t<h4>Potpuna transparentnost<\/h4>\t\t\t\n\t\t\t\t<p>Svi su ugovori jasni, jasni i bez skrivenih ili neo\u010dekivanih naknada za potpunu transparentnost.<\/p>\n\t\t<h4>Podr\u0161ka usmjerena na brokera<\/h4>\t\t\t\n\t\t\t\t<p>Bit \u0107ete partner s predanim stru\u010dnjakom Horizons28 koji razumije va\u0161e poslovanje i poma\u017ee vam optimizirati strategiju likvidnosti.<\/p>\n\t\t<h4>Besprijekorna integracija<\/h4>\t\t\t\n\t\t\t\t<p>Na\u0161a unapre\u0111enja likvidnosti lako se integriraju s va\u0161im postoje\u0107im sustavima i pru\u017eateljima-bez tehni\u010dkih glavobolja, samo glatki rad.<\/p>\n<h5>\n\t\tKako to radi\n\t<\/h5>\n\t\t\t\t\t\t\t\t\t\t\t\t\t\t\t<h5>1<\/h5>\n\t\t\t\t\t\t<p>Evaluacija<\/p>\t\t\t\t\t\n\t\t\t<!-- END .front -->\n\t\t\t\t\t\t<p>Analiziramo va\u0161u aktivnost trgovanja, potrebe za likvidno\u0161\u0107u i putanju rasta kako bismo dizajnirali pravo rje\u0161enje za va\u0161e brokerske usluge.<\/p>\t\t\t\t\t\n\t\t\t<!-- END .back -->\n\t\t <!-- ifb-flip-box -->\n\t <!-- flip-box -->\n\t\t\t\t\t\t\t\t\t\t\t\t\t\t\t<h5>2<\/h5>\n\t\t\t\t\t\t<p>Odobrenje<\/p>\t\t\t\t\t\n\t\t\t<!-- END .front -->\n\t\t\t\t\t\t<p>Nakon odobrenja, odmah \u0107ete dobiti pristup dogovorenoj rezervi likvidnosti, spremnoj za podr\u0161ku va\u0161im operacijama.<\/p>\t\t\t\t\t\n\t\t\t<!-- END .back -->\n\t\t <!-- ifb-flip-box -->\n\t <!-- flip-box -->\n\t\t\t\t\t\t\t\t\t\t\t\t\t\t\t<h5>3<\/h5>\n\t\t\t\t\t\t<p>Integracija<\/p>\t\t\t\t\t\n\t\t\t<!-- END .front -->\n\t\t\t\t\t\t<p>Sredstva su neprimjetno integrirana u va\u0161 okvir likvidnosti uz minimalne smetnje u radu.<\/p>\t\t\t\t\t\n\t\t\t<!-- END .back -->\n\t\t <!-- ifb-flip-box -->\n\t <!-- flip-box -->\n\t\t\t\t\t\t\t\t\t\t\t\t\t\t\t<h5>4<\/h5>\n\t\t\t\t\t\t<p>Otplata<\/p>\t\t\t\t\t\n\t\t\t<!-- END .front -->\n\t\t\t\t\t\t<p>Otplatite predujam likvidnosti prema rasporedu koji odgovara va\u0161oj financijskoj strukturi i brokerskim zahtjevima.<\/p>\t\t\t\t\t\n\t\t\t<!-- END .back -->\n\t\t <!-- ifb-flip-box -->\n\t <!-- flip-box -->\n<h3>\n\t\tSpremni za pametnije trgovanje? Iskusite pravu brzinu, stvarna tr\u017ei\u0161ta i stvarne rezultate.\n\t<\/h3>\n\t\t\t<a href=\"https:\/\/area.horizons28.net\/auth\/registration\" target=\"_blank\" rel=\"noopener\">\n\t\t\t\t\t\t\tPridru\u017ei se Horizons28\n\t\t\t<\/a>\n<h1>\n\t\tUdru\u017eite se s Horizons28 ve\u0107 danas\n\t<\/h1>\n\t<p><strong>Osna\u017eite svoju brokersku tvrtku likvidno\u0161\u0107u koja joj je potrebna<\/strong> za pouzdano pove\u0107anje, pobolj\u0161anje izvr\u0161enja i odr\u017eavanje povjerenja klijenata. Izgradimo ja\u010di temelj za rast-pove\u017eite se sa stru\u010dnjakom za likvidnost trgovine Horizons28 ve\u0107 danas. <\/p>\n<p>Na\u0161a prilago\u0111ena rje\u0161enja za likvidnost dizajnirana su za uskla\u0111ivanje s va\u0161im poslovnim ciljevima, pru\u017eaju\u0107i fleksibilnost i podr\u0161ku koja vam je potrebna da biste radili punim kapacitetom. Od lak\u0161eg izvr\u0161enja trgovine do pobolj\u0161ane tr\u017ei\u0161ne otpornosti, <strong>Horizons28 daje va\u0161oj brokerskoj tvrtki alate za napredak u bilo kojem tr\u017ei\u0161nom okru\u017eenju.<\/strong> <\/p>\n\t\t\t\t<img loading=\"lazy\" decoding=\"async\" src=\"http:\/\/horizons28.com\/wp-content\/uploads\/2025\/04\/partner-with-us.png\" alt=\"Partner With Us\" itemprop=\"image\" height=\"580\" width=\"813\" title=\"partner-with-us\" onerror=\"this.style.display='none'\"  \/>\n<h3>\n\t\tSpremni za pametnije trgovanje? Iskusite pravu brzinu, stvarna tr\u017ei\u0161ta i stvarne rezultate.\n\t<\/h3>\n\t\t\t<a href=\"https:\/\/area.horizons28.net\/auth\/registration\" target=\"_blank\" rel=\"noopener\">\n\t\t\t\t\t\t\tPridru\u017ei se Horizons28\n\t\t\t<\/a>\n\n","protected":false},"excerpt":{"rendered":"<p>Pametna likvidnost. Instant pristup. Pristupite trenutnoj likvidnosti kako biste podr\u017eali besprijekorno trgovanje, br\u017ee izvr\u0161enje i nesmetano tr\u017ei\u0161no djelovanje. Pridru\u017ei se Horizons28 \u0160to je Horizons28 Trade Liquidity? Horizons28 Trade Liquidity namjensko je financijsko rje\u0161enje koje brokerskim ku\u0107ama daje brz pristup rezervama likvidnosti. To osigurava glatko i neprekinuto trgovanje \u010dak i tijekom velikih ili nestabilnih tr\u017ei\u0161nih uvjeta.&hellip;<\/p>\n","protected":false},"author":1,"featured_media":0,"parent":0,"menu_order":0,"comment_status":"closed","ping_status":"closed","template":"","meta":{"footnotes":""},"class_list":["post-724","page","type-page","status-publish","hentry"],"yoast_head":"<!-- This site is optimized with the Yoast SEO plugin v27.4 - https:\/\/yoast.com\/product\/yoast-seo-wordpress\/ -->\n<title>Rje\u0161enja za trgovinsku likvidnost | Instant kapital za brokere | Horizonti28<\/title>\n<meta name=\"description\" content=\"Pristupite brzoj, fleksibilnoj likvidnosti za podr\u0161ku besprijekornom izvr\u0161enju i stabilnosti brokera. Horizons28 poma\u017ee va\u0161oj brokerskoj tvrtki da se s povjerenjem pove\u0107a.\" \/>\n<meta name=\"robots\" content=\"index, follow, max-snippet:-1, max-image-preview:large, max-video-preview:-1\" \/>\n<link rel=\"canonical\" href=\"http:\/\/horizons28.com\/hr\/likvidnost-trgovine\/\" \/>\n<meta property=\"og:locale\" content=\"hr_HR\" \/>\n<meta property=\"og:type\" content=\"article\" \/>\n<meta property=\"og:title\" content=\"Rje\u0161enja za trgovinsku likvidnost | Instant kapital za brokere | Horizonti28\" \/>\n<meta property=\"og:description\" content=\"Pristupite brzoj, fleksibilnoj likvidnosti za podr\u0161ku besprijekornom izvr\u0161enju i stabilnosti brokera. Horizons28 poma\u017ee va\u0161oj brokerskoj tvrtki da se s povjerenjem pove\u0107a.\" \/>\n<meta property=\"og:url\" content=\"http:\/\/horizons28.com\/hr\/likvidnost-trgovine\/\" \/>\n<meta property=\"og:site_name\" content=\"Horizons28\" \/>\n<meta property=\"article:modified_time\" content=\"2025-04-15T09:06:44+00:00\" \/>\n<meta property=\"og:image\" content=\"http:\/\/horizons28.com\/wp-content\/uploads\/2025\/04\/trade-liquidity.png\" \/>\n<meta name=\"twitter:card\" content=\"summary_large_image\" \/>\n<meta name=\"twitter:label1\" content=\"Procijenjeno vrijeme \u010ditanja\" \/>\n\t<meta name=\"twitter:data1\" content=\"3 minute\" \/>\n<script type=\"application\/ld+json\" class=\"yoast-schema-graph\">{\"@context\":\"https:\\\/\\\/schema.org\",\"@graph\":[{\"@type\":\"WebPage\",\"@id\":\"http:\\\/\\\/horizons28.com\\\/hr\\\/likvidnost-trgovine\\\/\",\"url\":\"http:\\\/\\\/horizons28.com\\\/hr\\\/likvidnost-trgovine\\\/\",\"name\":\"Rje\u0161enja za trgovinsku likvidnost | Instant kapital za brokere | Horizonti28\",\"isPartOf\":{\"@id\":\"http:\\\/\\\/horizons28.com\\\/hr\\\/#website\"},\"primaryImageOfPage\":{\"@id\":\"http:\\\/\\\/horizons28.com\\\/hr\\\/likvidnost-trgovine\\\/#primaryimage\"},\"image\":{\"@id\":\"http:\\\/\\\/horizons28.com\\\/hr\\\/likvidnost-trgovine\\\/#primaryimage\"},\"thumbnailUrl\":\"http:\\\/\\\/horizons28.com\\\/wp-content\\\/uploads\\\/2025\\\/04\\\/trade-liquidity.png\",\"datePublished\":\"2025-04-04T07:20:25+00:00\",\"dateModified\":\"2025-04-15T09:06:44+00:00\",\"description\":\"Pristupite brzoj, fleksibilnoj likvidnosti za podr\u0161ku besprijekornom izvr\u0161enju i stabilnosti brokera. Horizons28 poma\u017ee va\u0161oj brokerskoj tvrtki da se s povjerenjem pove\u0107a.\",\"breadcrumb\":{\"@id\":\"http:\\\/\\\/horizons28.com\\\/hr\\\/likvidnost-trgovine\\\/#breadcrumb\"},\"inLanguage\":\"hr\",\"potentialAction\":[{\"@type\":\"ReadAction\",\"target\":[\"http:\\\/\\\/horizons28.com\\\/hr\\\/likvidnost-trgovine\\\/\"]}]},{\"@type\":\"ImageObject\",\"inLanguage\":\"hr\",\"@id\":\"http:\\\/\\\/horizons28.com\\\/hr\\\/likvidnost-trgovine\\\/#primaryimage\",\"url\":\"http:\\\/\\\/horizons28.com\\\/wp-content\\\/uploads\\\/2025\\\/04\\\/trade-liquidity.png\",\"contentUrl\":\"http:\\\/\\\/horizons28.com\\\/wp-content\\\/uploads\\\/2025\\\/04\\\/trade-liquidity.png\"},{\"@type\":\"BreadcrumbList\",\"@id\":\"http:\\\/\\\/horizons28.com\\\/hr\\\/likvidnost-trgovine\\\/#breadcrumb\",\"itemListElement\":[{\"@type\":\"ListItem\",\"position\":1,\"name\":\"Home\",\"item\":\"https:\\\/\\\/horizons28.com\\\/hr\\\/\"},{\"@type\":\"ListItem\",\"position\":2,\"name\":\"Likvidnost trgovine\"}]},{\"@type\":\"WebSite\",\"@id\":\"http:\\\/\\\/horizons28.com\\\/hr\\\/#website\",\"url\":\"http:\\\/\\\/horizons28.com\\\/hr\\\/\",\"name\":\"Horizons28\",\"description\":\"\",\"potentialAction\":[{\"@type\":\"SearchAction\",\"target\":{\"@type\":\"EntryPoint\",\"urlTemplate\":\"http:\\\/\\\/horizons28.com\\\/hr\\\/?s={search_term_string}\"},\"query-input\":{\"@type\":\"PropertyValueSpecification\",\"valueRequired\":true,\"valueName\":\"search_term_string\"}}],\"inLanguage\":\"hr\"}]}<\/script>\n<!-- \/ Yoast SEO plugin. -->","yoast_head_json":{"title":"Rje\u0161enja za trgovinsku likvidnost | Instant kapital za brokere | Horizonti28","description":"Pristupite brzoj, fleksibilnoj likvidnosti za podr\u0161ku besprijekornom izvr\u0161enju i stabilnosti brokera. Horizons28 poma\u017ee va\u0161oj brokerskoj tvrtki da se s povjerenjem pove\u0107a.","robots":{"index":"index","follow":"follow","max-snippet":"max-snippet:-1","max-image-preview":"max-image-preview:large","max-video-preview":"max-video-preview:-1"},"canonical":"http:\/\/horizons28.com\/hr\/likvidnost-trgovine\/","og_locale":"hr_HR","og_type":"article","og_title":"Rje\u0161enja za trgovinsku likvidnost | Instant kapital za brokere | Horizonti28","og_description":"Pristupite brzoj, fleksibilnoj likvidnosti za podr\u0161ku besprijekornom izvr\u0161enju i stabilnosti brokera. Horizons28 poma\u017ee va\u0161oj brokerskoj tvrtki da se s povjerenjem pove\u0107a.","og_url":"http:\/\/horizons28.com\/hr\/likvidnost-trgovine\/","og_site_name":"Horizons28","article_modified_time":"2025-04-15T09:06:44+00:00","og_image":[{"url":"http:\/\/horizons28.com\/wp-content\/uploads\/2025\/04\/trade-liquidity.png","type":"","width":"","height":""}],"twitter_card":"summary_large_image","twitter_misc":{"Procijenjeno vrijeme \u010ditanja":"3 minute"},"schema":{"@context":"https:\/\/schema.org","@graph":[{"@type":"WebPage","@id":"http:\/\/horizons28.com\/hr\/likvidnost-trgovine\/","url":"http:\/\/horizons28.com\/hr\/likvidnost-trgovine\/","name":"Rje\u0161enja za trgovinsku likvidnost | Instant kapital za brokere | Horizonti28","isPartOf":{"@id":"http:\/\/horizons28.com\/hr\/#website"},"primaryImageOfPage":{"@id":"http:\/\/horizons28.com\/hr\/likvidnost-trgovine\/#primaryimage"},"image":{"@id":"http:\/\/horizons28.com\/hr\/likvidnost-trgovine\/#primaryimage"},"thumbnailUrl":"http:\/\/horizons28.com\/wp-content\/uploads\/2025\/04\/trade-liquidity.png","datePublished":"2025-04-04T07:20:25+00:00","dateModified":"2025-04-15T09:06:44+00:00","description":"Pristupite brzoj, fleksibilnoj likvidnosti za podr\u0161ku besprijekornom izvr\u0161enju i stabilnosti brokera. Horizons28 poma\u017ee va\u0161oj brokerskoj tvrtki da se s povjerenjem pove\u0107a.","breadcrumb":{"@id":"http:\/\/horizons28.com\/hr\/likvidnost-trgovine\/#breadcrumb"},"inLanguage":"hr","potentialAction":[{"@type":"ReadAction","target":["http:\/\/horizons28.com\/hr\/likvidnost-trgovine\/"]}]},{"@type":"ImageObject","inLanguage":"hr","@id":"http:\/\/horizons28.com\/hr\/likvidnost-trgovine\/#primaryimage","url":"http:\/\/horizons28.com\/wp-content\/uploads\/2025\/04\/trade-liquidity.png","contentUrl":"http:\/\/horizons28.com\/wp-content\/uploads\/2025\/04\/trade-liquidity.png"},{"@type":"BreadcrumbList","@id":"http:\/\/horizons28.com\/hr\/likvidnost-trgovine\/#breadcrumb","itemListElement":[{"@type":"ListItem","position":1,"name":"Home","item":"https:\/\/horizons28.com\/hr\/"},{"@type":"ListItem","position":2,"name":"Likvidnost trgovine"}]},{"@type":"WebSite","@id":"http:\/\/horizons28.com\/hr\/#website","url":"http:\/\/horizons28.com\/hr\/","name":"Horizons28","description":"","potentialAction":[{"@type":"SearchAction","target":{"@type":"EntryPoint","urlTemplate":"http:\/\/horizons28.com\/hr\/?s={search_term_string}"},"query-input":{"@type":"PropertyValueSpecification","valueRequired":true,"valueName":"search_term_string"}}],"inLanguage":"hr"}]}},"_links":{"self":[{"href":"http:\/\/horizons28.com\/hr\/wp-json\/wp\/v2\/pages\/724","targetHints":{"allow":["GET"]}}],"collection":[{"href":"http:\/\/horizons28.com\/hr\/wp-json\/wp\/v2\/pages"}],"about":[{"href":"http:\/\/horizons28.com\/hr\/wp-json\/wp\/v2\/types\/page"}],"author":[{"embeddable":true,"href":"http:\/\/horizons28.com\/hr\/wp-json\/wp\/v2\/users\/1"}],"replies":[{"embeddable":true,"href":"http:\/\/horizons28.com\/hr\/wp-json\/wp\/v2\/comments?post=724"}],"version-history":[{"count":1,"href":"http:\/\/horizons28.com\/hr\/wp-json\/wp\/v2\/pages\/724\/revisions"}],"predecessor-version":[{"id":1296,"href":"http:\/\/horizons28.com\/hr\/wp-json\/wp\/v2\/pages\/724\/revisions\/1296"}],"wp:attachment":[{"href":"http:\/\/horizons28.com\/hr\/wp-json\/wp\/v2\/media?parent=724"}],"curies":[{"name":"wp","href":"https:\/\/api.w.org\/{rel}","templated":true}]}}