{"id":726,"date":"2025-04-04T07:20:13","date_gmt":"2025-04-04T07:20:13","guid":{"rendered":"http:\/\/horizons28.com\/investicijski-fond\/"},"modified":"2025-04-15T09:04:35","modified_gmt":"2025-04-15T09:04:35","slug":"investicijski-fond","status":"publish","type":"page","link":"http:\/\/horizons28.com\/hr\/investicijski-fond\/","title":{"rendered":"Investicijski fond"},"content":{"rendered":"\n<h1>\n\t\tInvestirajte pametnije. Zajedno. \n\t<\/h1>\n\t<p>Udru\u017eite snage s ulaga\u010dima kako biste pristupili raznolikim prilikama s velikim potencijalom na globalnim tr\u017ei\u0161tima.<\/p>\n\t\t\t<a href=\"https:\/\/area.horizons28.net\/auth\/registration\" target=\"_blank\" rel=\"noopener\">\n\t\t\t\t\t\t\tPridru\u017ei se Horizons28\n\t\t\t<\/a>\n\t\t\t\t<img loading=\"lazy\" decoding=\"async\" src=\"http:\/\/horizons28.com\/wp-content\/uploads\/2025\/04\/horizons28-investment-pool.png\" alt=\"Horizons28 Investment Pool\" itemprop=\"image\" height=\"500\" width=\"600\" title=\"horizons28-investment-pool\" onerror=\"this.style.display='none'\"  \/>\n<h2>\n\t\tHorizons28 Investicijski fond\n\t<\/h2>\n\t<p>Zakora\u010dite u budu\u0107nost ulaganja uz <strong>Horizons28 Investment Pool<\/strong> \u2013 modernu platformu koja spaja ulaga\u010de radi suradnje, udru\u017eivanja sredstava i pristupa <strong>ekskluzivnim prilikama za rast<\/strong> . Bilo da ste novi u ulaganju ili ste ve\u0107 iskusni, na\u0161a zajednica <strong>vam poma\u017ee izgraditi ja\u010di portfelj dok stvarate zna\u010dajne financijske veze.<\/strong> <\/p>\n<h2>\n\t\tInvestirajte zajedno\n\t<\/h2>\n\t<p>Udru\u017eite svoj kapital s drugima kako biste otklju\u010dali vrhunske mogu\u0107nosti ulaganja.<\/p>\n<h2>\n\t\tU\u010dite zajedno\n\t<\/h2>\n\t<p>Podijelite strategije i ideje s kolegama ulaga\u010dima i financijskim stru\u010dnjacima.<\/p>\n<h2>\n\t\tProfitirajte zajedno\n\t<\/h2>\n\t<p>Pro\u0161irite svoje ulaganje na razli\u010dita tr\u017ei\u0161ta kako biste za\u0161titili i pove\u0107ali svoj kapital.<\/p>\n<h3>\n\t\tZna\u010dajke investicijskog fonda\n\t<\/h3>\n<h3>\n\t\tOtkrijte pametnije ulaganje uz Horizons28\n\t<\/h3>\n\t<p>Horizons28 Investment Pool osmi\u0161ljen je kako bi <strong>pomogao ulaga\u010dima da pove\u0107aju svoj novac kroz suradnju i pristup odabranim investicijskim projektima<\/strong> . Bilo da tek po\u010dinjete ili ve\u0107 gradite bogatstvo, <strong>ovo je va\u0161 pristup pametnijem, povezanijem ulaganju.<\/strong> <\/p>\n\t\t<h4>Pristupite Premium investicijskom ugovoru<\/h4>\t\t\t\n\t\t\t\t<p>U\u0111ite u prilike visokog potencijala koje su obi\u010dno dostupne samo velikim investitorima.<\/p>\n\t\t<h4>Smanjite rizik<\/h4>\t\t\t\n\t\t\t\t<p>Diverzificirajte svoja sredstva po djelatnostima i vrstama imovine i smanjite izlo\u017eenost riziku trgovanja.<\/p>\n\t\t<h4>Razvijte svoju mre\u017eu<\/h4>\t\t\t\n\t\t\t\t<p>Pove\u017eite se s tr\u017ei\u0161nim analiti\u010darima, iskusnim investitorima i poduzetnicima.<\/p>\n\t\t<h4>Pratite svoja ulaganja<\/h4>\t\t\t\n\t\t\t\t<p>Pregledajte podatke o izvedbi u stvarnom vremenu uz potpunu transparentnost i za\u0161titu platforme.<\/p>\n<h5>\n\t\tZapo\u010dnite u 4 jednostavna koraka\n\t<\/h5>\n\t\t\t\t\t\t\t\t\t\t\t\t\t\t\t<h5>1<\/h5>\n\t\t\t\t\t\t<p>Prijavite se i potvrdite<\/p>\t\t\t\t\t\n\t\t\t<!-- END .front -->\n\t\t\t\t\t\t<p>Kreirajte svoj ra\u010dun kroz na\u0161 brzi postupak registracije.<\/p>\t\t\t\t\t\n\t\t\t<!-- END .back -->\n\t\t <!-- ifb-flip-box -->\n\t <!-- flip-box -->\n\t\t\t\t\t\t\t\t\t\t\t\t\t\t\t<h5>2<\/h5>\n\t\t\t\t\t\t<p>Pridru\u017eite se bazenu<\/p>\t\t\t\t\t\n\t\t\t<!-- END .front -->\n\t\t\t\t\t\t<p>Odaberite koliko \u017eelite ulo\u017eiti i doprinijeti zajednici.<\/p>\t\t\t\t\t\n\t\t\t<!-- END .back -->\n\t\t <!-- ifb-flip-box -->\n\t <!-- flip-box -->\n\t\t\t\t\t\t\t\t\t\t\t\t\t\t\t<h5>3<\/h5>\n\t\t\t\t\t\t<p>Odaberite Ulaganje<\/p>\t\t\t\t\t\n\t\t\t<!-- END .front -->\n\t\t\t\t\t\t<p>Birajte izme\u0111u niza ru\u010dno biranih projekata visokog potencijala.<\/p>\t\t\t\t\t\n\t\t\t<!-- END .back -->\n\t\t <!-- ifb-flip-box -->\n\t <!-- flip-box -->\n\t\t\t\t\t\t\t\t\t\t\t\t\t\t\t<h5>4<\/h5>\n\t\t\t\t\t\t<p>Pra\u0107enje i pode\u0161avanje<\/p>\t\t\t\t\t\n\t\t\t<!-- END .front -->\n\t\t\t\t\t\t<p>Pratite svoju izvedbu i reinvestirajte zaradu kako rastete.<\/p>\t\t\t\t\t\n\t\t\t<!-- END .back -->\n\t\t <!-- ifb-flip-box -->\n\t <!-- flip-box -->\n<h3>\n\t\tSpremni za pametnije trgovanje? Iskusite pravu brzinu, stvarna tr\u017ei\u0161ta i stvarne rezultate.\n\t<\/h3>\n\t\t\t<a href=\"https:\/\/area.horizons28.net\/auth\/registration\" target=\"_blank\" rel=\"noopener\">\n\t\t\t\t\t\t\tPridru\u017ei se Horizons28\n\t\t\t<\/a>\n<h1>\n\t\tIstra\u017eite na\u0161e mogu\u0107nosti ulaganja\n\t<\/h1>\n\t<p>Uz Horizons28 mo\u017eete pristupiti \u0161irokom rasponu izbora ulaganja:<\/p>\n <strong>Dionice i ETF-ovi<\/strong><br \/>\n Ula\u017eite u dobro istra\u017eene dionice i raznolike fondove kojima se trguje na burzi.\n <strong>Odr\u017eiva ulaganja<\/strong><br \/>\n Podr\u017eite ekolo\u0161ke i dru\u0161tveno odgovorne pothvate koji tako\u0111er donose solidne povrate.\n\t\t\t\t<img loading=\"lazy\" decoding=\"async\" src=\"http:\/\/horizons28.com\/wp-content\/uploads\/2025\/04\/investment-options.png\" alt=\"Investment Options\" itemprop=\"image\" height=\"580\" width=\"813\" title=\"investment-options\" onerror=\"this.style.display='none'\"  \/>\n\t<p>Horizons28 Investment Pool dizajniran je za \u0161irok raspon sudionika.  <strong>Idealan je za svakodnevne ulaga\u010de koji \u017eele izgraditi dugoro\u010dno bogatstvo, poduzetnike i vlasnike malih tvrtki koji tra\u017ee inovativne mogu\u0107nosti financiranja te ambiciozne trgovce koji \u017eele u\u010diti i rasti u okru\u017eenju koje podr\u017eava ulaganje.<\/strong><\/p>\n<h3>\n\t\tSpremni za pametnije trgovanje? Iskusite pravu brzinu, stvarna tr\u017ei\u0161ta i stvarne rezultate.\n\t<\/h3>\n\t\t\t<a href=\"https:\/\/area.horizons28.net\/auth\/registration\" target=\"_blank\" rel=\"noopener\">\n\t\t\t\t\t\t\tPridru\u017ei se Horizons28\n\t\t\t<\/a>\n\n","protected":false},"excerpt":{"rendered":"<p>Investirajte pametnije. Zajedno. Udru\u017eite snage s ulaga\u010dima kako biste pristupili raznolikim prilikama s velikim potencijalom na globalnim tr\u017ei\u0161tima. Pridru\u017ei se Horizons28 Horizons28 Investicijski fond Zakora\u010dite u budu\u0107nost ulaganja uz Horizons28 Investment Pool \u2013 modernu platformu koja spaja ulaga\u010de radi suradnje, udru\u017eivanja sredstava i pristupa ekskluzivnim prilikama za rast . Bilo da ste novi u ulaganju&hellip;<\/p>\n","protected":false},"author":1,"featured_media":0,"parent":0,"menu_order":0,"comment_status":"closed","ping_status":"closed","template":"","meta":{"footnotes":""},"class_list":["post-726","page","type-page","status-publish","hentry"],"yoast_head":"<!-- This site is optimized with the Yoast SEO plugin v27.4 - https:\/\/yoast.com\/product\/yoast-seo-wordpress\/ -->\n<title>Investicijski fond | Zajedni\u010dko ulaganje s Horizons28<\/title>\n<meta name=\"description\" content=\"Pridru\u017eite se Horizons28 Investment Poolu i pove\u0107ajte svoj kapital zajedno sa zajednicom investitora. Pristupite raznovrsnim mogu\u0107nostima s visokim povratom.\" \/>\n<meta name=\"robots\" content=\"index, follow, max-snippet:-1, max-image-preview:large, max-video-preview:-1\" \/>\n<link rel=\"canonical\" href=\"http:\/\/horizons28.com\/hr\/investicijski-fond\/\" \/>\n<meta property=\"og:locale\" content=\"hr_HR\" \/>\n<meta property=\"og:type\" content=\"article\" \/>\n<meta property=\"og:title\" content=\"Investicijski fond | Zajedni\u010dko ulaganje s Horizons28\" \/>\n<meta property=\"og:description\" content=\"Pridru\u017eite se Horizons28 Investment Poolu i pove\u0107ajte svoj kapital zajedno sa zajednicom investitora. Pristupite raznovrsnim mogu\u0107nostima s visokim povratom.\" \/>\n<meta property=\"og:url\" content=\"http:\/\/horizons28.com\/hr\/investicijski-fond\/\" \/>\n<meta property=\"og:site_name\" content=\"Horizons28\" \/>\n<meta property=\"article:modified_time\" content=\"2025-04-15T09:04:35+00:00\" \/>\n<meta property=\"og:image\" content=\"http:\/\/horizons28.com\/wp-content\/uploads\/2025\/04\/horizons28-investment-pool.png\" \/>\n<meta name=\"twitter:card\" content=\"summary_large_image\" \/>\n<meta name=\"twitter:label1\" content=\"Procijenjeno vrijeme \u010ditanja\" \/>\n\t<meta name=\"twitter:data1\" content=\"2 minute\" \/>\n<script type=\"application\/ld+json\" class=\"yoast-schema-graph\">{\"@context\":\"https:\\\/\\\/schema.org\",\"@graph\":[{\"@type\":\"WebPage\",\"@id\":\"http:\\\/\\\/horizons28.com\\\/hr\\\/investicijski-fond\\\/\",\"url\":\"http:\\\/\\\/horizons28.com\\\/hr\\\/investicijski-fond\\\/\",\"name\":\"Investicijski fond | Zajedni\u010dko ulaganje s Horizons28\",\"isPartOf\":{\"@id\":\"http:\\\/\\\/horizons28.com\\\/hr\\\/#website\"},\"primaryImageOfPage\":{\"@id\":\"http:\\\/\\\/horizons28.com\\\/hr\\\/investicijski-fond\\\/#primaryimage\"},\"image\":{\"@id\":\"http:\\\/\\\/horizons28.com\\\/hr\\\/investicijski-fond\\\/#primaryimage\"},\"thumbnailUrl\":\"http:\\\/\\\/horizons28.com\\\/wp-content\\\/uploads\\\/2025\\\/04\\\/horizons28-investment-pool.png\",\"datePublished\":\"2025-04-04T07:20:13+00:00\",\"dateModified\":\"2025-04-15T09:04:35+00:00\",\"description\":\"Pridru\u017eite se Horizons28 Investment Poolu i pove\u0107ajte svoj kapital zajedno sa zajednicom investitora. Pristupite raznovrsnim mogu\u0107nostima s visokim povratom.\",\"breadcrumb\":{\"@id\":\"http:\\\/\\\/horizons28.com\\\/hr\\\/investicijski-fond\\\/#breadcrumb\"},\"inLanguage\":\"hr\",\"potentialAction\":[{\"@type\":\"ReadAction\",\"target\":[\"http:\\\/\\\/horizons28.com\\\/hr\\\/investicijski-fond\\\/\"]}]},{\"@type\":\"ImageObject\",\"inLanguage\":\"hr\",\"@id\":\"http:\\\/\\\/horizons28.com\\\/hr\\\/investicijski-fond\\\/#primaryimage\",\"url\":\"http:\\\/\\\/horizons28.com\\\/wp-content\\\/uploads\\\/2025\\\/04\\\/horizons28-investment-pool.png\",\"contentUrl\":\"http:\\\/\\\/horizons28.com\\\/wp-content\\\/uploads\\\/2025\\\/04\\\/horizons28-investment-pool.png\"},{\"@type\":\"BreadcrumbList\",\"@id\":\"http:\\\/\\\/horizons28.com\\\/hr\\\/investicijski-fond\\\/#breadcrumb\",\"itemListElement\":[{\"@type\":\"ListItem\",\"position\":1,\"name\":\"Home\",\"item\":\"https:\\\/\\\/horizons28.com\\\/hr\\\/\"},{\"@type\":\"ListItem\",\"position\":2,\"name\":\"Investicijski fond\"}]},{\"@type\":\"WebSite\",\"@id\":\"http:\\\/\\\/horizons28.com\\\/hr\\\/#website\",\"url\":\"http:\\\/\\\/horizons28.com\\\/hr\\\/\",\"name\":\"Horizons28\",\"description\":\"\",\"potentialAction\":[{\"@type\":\"SearchAction\",\"target\":{\"@type\":\"EntryPoint\",\"urlTemplate\":\"http:\\\/\\\/horizons28.com\\\/hr\\\/?s={search_term_string}\"},\"query-input\":{\"@type\":\"PropertyValueSpecification\",\"valueRequired\":true,\"valueName\":\"search_term_string\"}}],\"inLanguage\":\"hr\"}]}<\/script>\n<!-- \/ Yoast SEO plugin. -->","yoast_head_json":{"title":"Investicijski fond | Zajedni\u010dko ulaganje s Horizons28","description":"Pridru\u017eite se Horizons28 Investment Poolu i pove\u0107ajte svoj kapital zajedno sa zajednicom investitora. Pristupite raznovrsnim mogu\u0107nostima s visokim povratom.","robots":{"index":"index","follow":"follow","max-snippet":"max-snippet:-1","max-image-preview":"max-image-preview:large","max-video-preview":"max-video-preview:-1"},"canonical":"http:\/\/horizons28.com\/hr\/investicijski-fond\/","og_locale":"hr_HR","og_type":"article","og_title":"Investicijski fond | Zajedni\u010dko ulaganje s Horizons28","og_description":"Pridru\u017eite se Horizons28 Investment Poolu i pove\u0107ajte svoj kapital zajedno sa zajednicom investitora. Pristupite raznovrsnim mogu\u0107nostima s visokim povratom.","og_url":"http:\/\/horizons28.com\/hr\/investicijski-fond\/","og_site_name":"Horizons28","article_modified_time":"2025-04-15T09:04:35+00:00","og_image":[{"url":"http:\/\/horizons28.com\/wp-content\/uploads\/2025\/04\/horizons28-investment-pool.png","type":"","width":"","height":""}],"twitter_card":"summary_large_image","twitter_misc":{"Procijenjeno vrijeme \u010ditanja":"2 minute"},"schema":{"@context":"https:\/\/schema.org","@graph":[{"@type":"WebPage","@id":"http:\/\/horizons28.com\/hr\/investicijski-fond\/","url":"http:\/\/horizons28.com\/hr\/investicijski-fond\/","name":"Investicijski fond | Zajedni\u010dko ulaganje s Horizons28","isPartOf":{"@id":"http:\/\/horizons28.com\/hr\/#website"},"primaryImageOfPage":{"@id":"http:\/\/horizons28.com\/hr\/investicijski-fond\/#primaryimage"},"image":{"@id":"http:\/\/horizons28.com\/hr\/investicijski-fond\/#primaryimage"},"thumbnailUrl":"http:\/\/horizons28.com\/wp-content\/uploads\/2025\/04\/horizons28-investment-pool.png","datePublished":"2025-04-04T07:20:13+00:00","dateModified":"2025-04-15T09:04:35+00:00","description":"Pridru\u017eite se Horizons28 Investment Poolu i pove\u0107ajte svoj kapital zajedno sa zajednicom investitora. Pristupite raznovrsnim mogu\u0107nostima s visokim povratom.","breadcrumb":{"@id":"http:\/\/horizons28.com\/hr\/investicijski-fond\/#breadcrumb"},"inLanguage":"hr","potentialAction":[{"@type":"ReadAction","target":["http:\/\/horizons28.com\/hr\/investicijski-fond\/"]}]},{"@type":"ImageObject","inLanguage":"hr","@id":"http:\/\/horizons28.com\/hr\/investicijski-fond\/#primaryimage","url":"http:\/\/horizons28.com\/wp-content\/uploads\/2025\/04\/horizons28-investment-pool.png","contentUrl":"http:\/\/horizons28.com\/wp-content\/uploads\/2025\/04\/horizons28-investment-pool.png"},{"@type":"BreadcrumbList","@id":"http:\/\/horizons28.com\/hr\/investicijski-fond\/#breadcrumb","itemListElement":[{"@type":"ListItem","position":1,"name":"Home","item":"https:\/\/horizons28.com\/hr\/"},{"@type":"ListItem","position":2,"name":"Investicijski fond"}]},{"@type":"WebSite","@id":"http:\/\/horizons28.com\/hr\/#website","url":"http:\/\/horizons28.com\/hr\/","name":"Horizons28","description":"","potentialAction":[{"@type":"SearchAction","target":{"@type":"EntryPoint","urlTemplate":"http:\/\/horizons28.com\/hr\/?s={search_term_string}"},"query-input":{"@type":"PropertyValueSpecification","valueRequired":true,"valueName":"search_term_string"}}],"inLanguage":"hr"}]}},"_links":{"self":[{"href":"http:\/\/horizons28.com\/hr\/wp-json\/wp\/v2\/pages\/726","targetHints":{"allow":["GET"]}}],"collection":[{"href":"http:\/\/horizons28.com\/hr\/wp-json\/wp\/v2\/pages"}],"about":[{"href":"http:\/\/horizons28.com\/hr\/wp-json\/wp\/v2\/types\/page"}],"author":[{"embeddable":true,"href":"http:\/\/horizons28.com\/hr\/wp-json\/wp\/v2\/users\/1"}],"replies":[{"embeddable":true,"href":"http:\/\/horizons28.com\/hr\/wp-json\/wp\/v2\/comments?post=726"}],"version-history":[{"count":1,"href":"http:\/\/horizons28.com\/hr\/wp-json\/wp\/v2\/pages\/726\/revisions"}],"predecessor-version":[{"id":1292,"href":"http:\/\/horizons28.com\/hr\/wp-json\/wp\/v2\/pages\/726\/revisions\/1292"}],"wp:attachment":[{"href":"http:\/\/horizons28.com\/hr\/wp-json\/wp\/v2\/media?parent=726"}],"curies":[{"name":"wp","href":"https:\/\/api.w.org\/{rel}","templated":true}]}}