{"id":731,"date":"2025-04-04T07:19:52","date_gmt":"2025-04-04T07:19:52","guid":{"rendered":"http:\/\/horizons28.com\/arbitrazna-trgovina\/"},"modified":"2025-04-15T09:02:15","modified_gmt":"2025-04-15T09:02:15","slug":"arbitrazna-trgovina","status":"publish","type":"page","link":"http:\/\/horizons28.com\/hr\/arbitrazna-trgovina\/","title":{"rendered":"Arbitra\u017ena trgovina"},"content":{"rendered":"\n<h1>\n\t\tBr\u017ea zarada. Manji rizik. \n\t<\/h1>\n\t<p>Bez napora iskoristite visoko potencijalne razlike u cijenama s arbitra\u017eom u stvarnom vremenu za kripto, forex, dionice i vi\u0161e.<\/p>\n\t\t\t<a href=\"https:\/\/area.horizons28.net\/auth\/registration\" target=\"_blank\" rel=\"noopener\">\n\t\t\t\t\t\t\tPridru\u017ei se Horizons28\n\t\t\t<\/a>\n\t\t\t\t<img loading=\"lazy\" decoding=\"async\" src=\"http:\/\/horizons28.com\/wp-content\/uploads\/2025\/04\/arbitrage-trading.png\" alt=\"Arbitrage Trading\" itemprop=\"image\" height=\"507\" width=\"600\" title=\"arbitrage-trading\" onerror=\"this.style.display='none'\"  \/>\n<h2>\n\t\tZa\u0161to trgovati arbitra\u017eom s Horizons28?\n\t<\/h2>\n\t<p>Dobrodo\u0161li u <strong>pametnije trgovanje s niskim rizikom<\/strong> . Horizons28&#8217;s Arbitrage Engine identificira razlike u cijenama u stvarnom vremenu na globalnim tr\u017ei\u0161tima- <strong>tako da mo\u017eete trgovati br\u017ee, sigurnije i profitabilnije<\/strong> . Precizan je, u\u010dinkovit i uvijek korak ispred.  <\/p>\n<h2>\n\t\tSmanjeni rizik\n\t<\/h2>\n\t<p>Arbitra\u017ea smanjuje izlo\u017eenost eliminiraju\u0107i oslanjanje na smjer tr\u017ei\u0161ta. Kada se pravilno izvr\u0161i, donosi stabilne povrate na temelju razlika u cijenama u stvarnom vremenu. <\/p>\n<h2>\n\t\t\u0160iroka pokrivenost imovine\n\t<\/h2>\n\t<p>Bilo da trgujete kriptovalutama, forex parovima, globalnim dionicama ili robom, platforma vam daje pristup cijenama na vi\u0161e burzi.<\/p>\n<h2>\n\t\tBrzi rezultati\n\t<\/h2>\n\t<p>Uz arbitra\u017eu, rezultati dolaze brzo. Identificirajte, izvr\u0161ite i ostvarite profit-\u010desto u minutama, a ne mjesecima. Smanjite svoj profil rizika dok maksimizirate svoj potencijal zarade.  <\/p>\n<h2>\n\t\tOtporan na ljulja\u010dke\n\t<\/h2>\n\t<p>Bilo da tek po\u010dinjete ili ve\u0107 Arbitra\u017ea ne ovisi o tome ho\u0107e li tr\u017ei\u0161te rasti ili padati. Ova strategija ostaje u\u010dinkovita \u010dak iu nestabilnim uvjetima. <\/p>\n<h2>\n\t\tRast u mjerilu\n\t<\/h2>\n\t<p>Ponovite uspje\u0161ne trgovine za ve\u0107e koli\u010dine kako biste pove\u0107ali povrate. Arbitra\u017ea je idealna i za male i za visokofrekventne trgovce. Isperite i ponovite!  <\/p>\n<h2>\n\t\tSavr\u0161eno za automatizaciju\n\t<\/h2>\n\t<p>Infrastruktura Horizons28 podr\u017eava automatizaciju, omogu\u0107uju\u0107i vam da trenutno izvr\u0161avate trgovine i kapitalizirate kratkotrajne prilike bez ru\u010dne intervencije.<\/p>\n<h3>\n\t\tArbitra\u017eno trgovanje na Horizons28\n\t<\/h3>\n<h3>\n\t\tDobrodo\u0161li u pametnije trgovanje s niskim rizikom.\n\t<\/h3>\n\t<p>Horizons28&#8217;s Arbitrage Engine identificira razlike u cijenama u stvarnom vremenu na globalnim tr\u017ei\u0161tima \u2013 <strong>tako da mo\u017eete trgovati br\u017ee, sigurnije i profitabilnije<\/strong> . Precizan je, u\u010dinkovit i uvijek korak ispred. <\/p>\n\t\t<h4>Alati profesionalne razine<\/h4>\t\t\t\n\t\t\t\t<p>Pristupite robusnoj trgova\u010dkoj infrastrukturi potkrijepljenoj analitikom u stvarnom vremenu i dubokim tr\u017ei\u0161nim podacima.<\/p>\n\t\t<h4>Posve\u0107ena podr\u0161ka<\/h4>\t\t\t\n\t\t\t\t<p>Na\u0161i savjetnici za trgovanje poma\u017eu vam u kretanju kroz strategije, alate i izvr\u0161enje.<\/p>\n\t\t<h4>Sigurnost vode\u0107a u industriji<\/h4>\t\t\t\n\t\t\t\t<p>Vrhunska enkripcija i robusni sigurnosni protokoli ra\u010duna \u0161tite va\u0161e trgovine i sredstva.<\/p>\n\t\t<h4>Ultra niske cijene<\/h4>\t\t\t\n\t\t\t\t<p>Minimizirajte trenje s na\u0161om strukturom naknada pogodnom za trgovce dizajniranom za visokofrekventne aktivnosti.<\/p>\n<h3>\n\t\tPobolj\u0161ano trgovanje uz Horizons28\n\t<\/h3>\n<h3>\n\t\tIstra\u017eite popularne metode arbitra\u017ee\n\t<\/h3>\n\t\t\t<h4>Me\u0111utr\u017ei\u0161na arbitra\u017ea<\/h4>\t\t\t\n\t\t\t\t<p><strong>Pregled:<\/strong> Kupujte i prodajte istu imovinu na dvije platforme po razli\u010ditim cijenama.<\/p>\n<p><strong>Primjer:<\/strong> kupnja ETH na burzi A za 1820 USD i prodaja na burzi B za 1835 USD.<\/p>\n\t\t\t<h4>Algoritamska arbitra\u017ea<\/h4>\t\t\t\n\t\t\t\t<p><strong>Pregled:<\/strong> koristite trgova\u010dke robote i modele podataka za otkrivanje anomalija u cijenama.<\/p>\n<p><strong>Primjer:<\/strong> implementacija skripti koje automatski trguju na temelju kratkoro\u010dnih neu\u010dinkovitosti u dionicama ili FX parovima.<\/p>\n\t\t\t<h4>Arbitra\u017ea valutne petlje<\/h4>\t\t\t\n\t\t\t\t<p><strong>Pregled:<\/strong> Trgujte kroz ciklus od tri valute kako biste uhvatili male nepodudarnosti cijena.<\/p>\n<p><strong>Primjer:<\/strong> Pomaknite USD \u2192 JPY \u2192 EUR \u2192 USD i zaklju\u010dajte neto dobitke.<\/p>\n<h5>\n\t\tZapo\u010dnite s arbitra\u017eom na Horizons28\n\t<\/h5>\n\t\t\t\t\t\t\t\t\t\t\t\t\t\t\t<h5>1<\/h5>\n\t\t\t\t\t\t<p>Pristupite svom ra\u010dunu<\/p>\t\t\t\t\t\n\t\t\t<!-- END .front -->\n\t\t\t\t\t\t<p>Registrirajte se na Horizons28 ili se prijavite za po\u010detak.<\/p>\t\t\t\t\t\n\t\t\t<!-- END .back -->\n\t\t <!-- ifb-flip-box -->\n\t <!-- flip-box -->\n\t\t\t\t\t\t\t\t\t\t\t\t\t\t\t<h5>2<\/h5>\n\t\t\t\t\t\t<p>Pratite na\u0161u obuku<\/p>\t\t\t\t\t\n\t\t\t<!-- END .front -->\n\t\t\t\t\t\t<p>Pregledajte na\u0161e vodi\u010de za arbitra\u017eu i u\u010dite iz resursa usmjerenih na strategiju.<\/p>\t\t\t\t\t\n\t\t\t<!-- END .back -->\n\t\t <!-- ifb-flip-box -->\n\t <!-- flip-box -->\n\t\t\t\t\t\t\t\t\t\t\t\t\t\t\t<h5>3<\/h5>\n\t\t\t\t\t\t<p>Trgujte s povjerenjem<\/p>\t\t\t\t\t\n\t\t\t<!-- END .front -->\n\t\t\t\t\t\t<p>Upotrijebite precizne alate tvrtke Horizons28 za trgovanje u stvarnom vremenu koje pretvara arbitra\u017eu u profit.<\/p>\t\t\t\t\t\n\t\t\t<!-- END .back -->\n\t\t <!-- ifb-flip-box -->\n\t <!-- flip-box -->\n<h3>\n\t\tSpremni za pametnije trgovanje? Iskusite pravu brzinu, stvarna tr\u017ei\u0161ta i stvarne rezultate.\n\t<\/h3>\n\t\t\t<a href=\"https:\/\/area.horizons28.net\/auth\/registration\" target=\"_blank\" rel=\"noopener\">\n\t\t\t\t\t\t\tPridru\u017ei se Horizons28\n\t\t\t<\/a>\n\n","protected":false},"excerpt":{"rendered":"<p>Br\u017ea zarada. Manji rizik. Bez napora iskoristite visoko potencijalne razlike u cijenama s arbitra\u017eom u stvarnom vremenu za kripto, forex, dionice i vi\u0161e. Pridru\u017ei se Horizons28 Za\u0161to trgovati arbitra\u017eom s Horizons28? Dobrodo\u0161li u pametnije trgovanje s niskim rizikom . Horizons28&#8217;s Arbitrage Engine identificira razlike u cijenama u stvarnom vremenu na globalnim tr\u017ei\u0161tima- tako da mo\u017eete&hellip;<\/p>\n","protected":false},"author":1,"featured_media":0,"parent":0,"menu_order":0,"comment_status":"closed","ping_status":"closed","template":"","meta":{"footnotes":""},"class_list":["post-731","page","type-page","status-publish","hentry"],"yoast_head":"<!-- This site is optimized with the Yoast SEO plugin v27.4 - https:\/\/yoast.com\/product\/yoast-seo-wordpress\/ -->\n<title>Arbitra\u017eno trgovanje | Profitirajte od tr\u017ei\u0161ne neu\u010dinkovitosti uz Horizons28<\/title>\n<meta name=\"description\" content=\"Otkrijte mogu\u0107nosti arbitra\u017enog trgovanja s upravljanjem rizika na svim tr\u017ei\u0161tima. Pove\u0107ajte profit kroz pametno, brzo izvr\u0161enje uz Horizons28.\" \/>\n<meta name=\"robots\" content=\"index, follow, max-snippet:-1, max-image-preview:large, max-video-preview:-1\" \/>\n<link rel=\"canonical\" href=\"http:\/\/horizons28.com\/hr\/arbitrazna-trgovina\/\" \/>\n<meta property=\"og:locale\" content=\"hr_HR\" \/>\n<meta property=\"og:type\" content=\"article\" \/>\n<meta property=\"og:title\" content=\"Arbitra\u017eno trgovanje | Profitirajte od tr\u017ei\u0161ne neu\u010dinkovitosti uz Horizons28\" \/>\n<meta property=\"og:description\" content=\"Otkrijte mogu\u0107nosti arbitra\u017enog trgovanja s upravljanjem rizika na svim tr\u017ei\u0161tima. Pove\u0107ajte profit kroz pametno, brzo izvr\u0161enje uz Horizons28.\" \/>\n<meta property=\"og:url\" content=\"http:\/\/horizons28.com\/hr\/arbitrazna-trgovina\/\" \/>\n<meta property=\"og:site_name\" content=\"Horizons28\" \/>\n<meta property=\"article:modified_time\" content=\"2025-04-15T09:02:15+00:00\" \/>\n<meta property=\"og:image\" content=\"http:\/\/horizons28.com\/wp-content\/uploads\/2025\/04\/arbitrage-trading.png\" \/>\n<meta name=\"twitter:card\" content=\"summary_large_image\" \/>\n<meta name=\"twitter:label1\" content=\"Procijenjeno vrijeme \u010ditanja\" \/>\n\t<meta name=\"twitter:data1\" content=\"3 minute\" \/>\n<script type=\"application\/ld+json\" class=\"yoast-schema-graph\">{\"@context\":\"https:\\\/\\\/schema.org\",\"@graph\":[{\"@type\":\"WebPage\",\"@id\":\"http:\\\/\\\/horizons28.com\\\/hr\\\/arbitrazna-trgovina\\\/\",\"url\":\"http:\\\/\\\/horizons28.com\\\/hr\\\/arbitrazna-trgovina\\\/\",\"name\":\"Arbitra\u017eno trgovanje | Profitirajte od tr\u017ei\u0161ne neu\u010dinkovitosti uz Horizons28\",\"isPartOf\":{\"@id\":\"http:\\\/\\\/horizons28.com\\\/hr\\\/#website\"},\"primaryImageOfPage\":{\"@id\":\"http:\\\/\\\/horizons28.com\\\/hr\\\/arbitrazna-trgovina\\\/#primaryimage\"},\"image\":{\"@id\":\"http:\\\/\\\/horizons28.com\\\/hr\\\/arbitrazna-trgovina\\\/#primaryimage\"},\"thumbnailUrl\":\"http:\\\/\\\/horizons28.com\\\/wp-content\\\/uploads\\\/2025\\\/04\\\/arbitrage-trading.png\",\"datePublished\":\"2025-04-04T07:19:52+00:00\",\"dateModified\":\"2025-04-15T09:02:15+00:00\",\"description\":\"Otkrijte mogu\u0107nosti arbitra\u017enog trgovanja s upravljanjem rizika na svim tr\u017ei\u0161tima. Pove\u0107ajte profit kroz pametno, brzo izvr\u0161enje uz Horizons28.\",\"breadcrumb\":{\"@id\":\"http:\\\/\\\/horizons28.com\\\/hr\\\/arbitrazna-trgovina\\\/#breadcrumb\"},\"inLanguage\":\"hr\",\"potentialAction\":[{\"@type\":\"ReadAction\",\"target\":[\"http:\\\/\\\/horizons28.com\\\/hr\\\/arbitrazna-trgovina\\\/\"]}]},{\"@type\":\"ImageObject\",\"inLanguage\":\"hr\",\"@id\":\"http:\\\/\\\/horizons28.com\\\/hr\\\/arbitrazna-trgovina\\\/#primaryimage\",\"url\":\"http:\\\/\\\/horizons28.com\\\/wp-content\\\/uploads\\\/2025\\\/04\\\/arbitrage-trading.png\",\"contentUrl\":\"http:\\\/\\\/horizons28.com\\\/wp-content\\\/uploads\\\/2025\\\/04\\\/arbitrage-trading.png\"},{\"@type\":\"BreadcrumbList\",\"@id\":\"http:\\\/\\\/horizons28.com\\\/hr\\\/arbitrazna-trgovina\\\/#breadcrumb\",\"itemListElement\":[{\"@type\":\"ListItem\",\"position\":1,\"name\":\"Home\",\"item\":\"https:\\\/\\\/horizons28.com\\\/hr\\\/\"},{\"@type\":\"ListItem\",\"position\":2,\"name\":\"Arbitra\u017ena trgovina\"}]},{\"@type\":\"WebSite\",\"@id\":\"http:\\\/\\\/horizons28.com\\\/hr\\\/#website\",\"url\":\"http:\\\/\\\/horizons28.com\\\/hr\\\/\",\"name\":\"Horizons28\",\"description\":\"\",\"potentialAction\":[{\"@type\":\"SearchAction\",\"target\":{\"@type\":\"EntryPoint\",\"urlTemplate\":\"http:\\\/\\\/horizons28.com\\\/hr\\\/?s={search_term_string}\"},\"query-input\":{\"@type\":\"PropertyValueSpecification\",\"valueRequired\":true,\"valueName\":\"search_term_string\"}}],\"inLanguage\":\"hr\"}]}<\/script>\n<!-- \/ Yoast SEO plugin. -->","yoast_head_json":{"title":"Arbitra\u017eno trgovanje | Profitirajte od tr\u017ei\u0161ne neu\u010dinkovitosti uz Horizons28","description":"Otkrijte mogu\u0107nosti arbitra\u017enog trgovanja s upravljanjem rizika na svim tr\u017ei\u0161tima. Pove\u0107ajte profit kroz pametno, brzo izvr\u0161enje uz Horizons28.","robots":{"index":"index","follow":"follow","max-snippet":"max-snippet:-1","max-image-preview":"max-image-preview:large","max-video-preview":"max-video-preview:-1"},"canonical":"http:\/\/horizons28.com\/hr\/arbitrazna-trgovina\/","og_locale":"hr_HR","og_type":"article","og_title":"Arbitra\u017eno trgovanje | Profitirajte od tr\u017ei\u0161ne neu\u010dinkovitosti uz Horizons28","og_description":"Otkrijte mogu\u0107nosti arbitra\u017enog trgovanja s upravljanjem rizika na svim tr\u017ei\u0161tima. Pove\u0107ajte profit kroz pametno, brzo izvr\u0161enje uz Horizons28.","og_url":"http:\/\/horizons28.com\/hr\/arbitrazna-trgovina\/","og_site_name":"Horizons28","article_modified_time":"2025-04-15T09:02:15+00:00","og_image":[{"url":"http:\/\/horizons28.com\/wp-content\/uploads\/2025\/04\/arbitrage-trading.png","type":"","width":"","height":""}],"twitter_card":"summary_large_image","twitter_misc":{"Procijenjeno vrijeme \u010ditanja":"3 minute"},"schema":{"@context":"https:\/\/schema.org","@graph":[{"@type":"WebPage","@id":"http:\/\/horizons28.com\/hr\/arbitrazna-trgovina\/","url":"http:\/\/horizons28.com\/hr\/arbitrazna-trgovina\/","name":"Arbitra\u017eno trgovanje | Profitirajte od tr\u017ei\u0161ne neu\u010dinkovitosti uz Horizons28","isPartOf":{"@id":"http:\/\/horizons28.com\/hr\/#website"},"primaryImageOfPage":{"@id":"http:\/\/horizons28.com\/hr\/arbitrazna-trgovina\/#primaryimage"},"image":{"@id":"http:\/\/horizons28.com\/hr\/arbitrazna-trgovina\/#primaryimage"},"thumbnailUrl":"http:\/\/horizons28.com\/wp-content\/uploads\/2025\/04\/arbitrage-trading.png","datePublished":"2025-04-04T07:19:52+00:00","dateModified":"2025-04-15T09:02:15+00:00","description":"Otkrijte mogu\u0107nosti arbitra\u017enog trgovanja s upravljanjem rizika na svim tr\u017ei\u0161tima. Pove\u0107ajte profit kroz pametno, brzo izvr\u0161enje uz Horizons28.","breadcrumb":{"@id":"http:\/\/horizons28.com\/hr\/arbitrazna-trgovina\/#breadcrumb"},"inLanguage":"hr","potentialAction":[{"@type":"ReadAction","target":["http:\/\/horizons28.com\/hr\/arbitrazna-trgovina\/"]}]},{"@type":"ImageObject","inLanguage":"hr","@id":"http:\/\/horizons28.com\/hr\/arbitrazna-trgovina\/#primaryimage","url":"http:\/\/horizons28.com\/wp-content\/uploads\/2025\/04\/arbitrage-trading.png","contentUrl":"http:\/\/horizons28.com\/wp-content\/uploads\/2025\/04\/arbitrage-trading.png"},{"@type":"BreadcrumbList","@id":"http:\/\/horizons28.com\/hr\/arbitrazna-trgovina\/#breadcrumb","itemListElement":[{"@type":"ListItem","position":1,"name":"Home","item":"https:\/\/horizons28.com\/hr\/"},{"@type":"ListItem","position":2,"name":"Arbitra\u017ena trgovina"}]},{"@type":"WebSite","@id":"http:\/\/horizons28.com\/hr\/#website","url":"http:\/\/horizons28.com\/hr\/","name":"Horizons28","description":"","potentialAction":[{"@type":"SearchAction","target":{"@type":"EntryPoint","urlTemplate":"http:\/\/horizons28.com\/hr\/?s={search_term_string}"},"query-input":{"@type":"PropertyValueSpecification","valueRequired":true,"valueName":"search_term_string"}}],"inLanguage":"hr"}]}},"_links":{"self":[{"href":"http:\/\/horizons28.com\/hr\/wp-json\/wp\/v2\/pages\/731","targetHints":{"allow":["GET"]}}],"collection":[{"href":"http:\/\/horizons28.com\/hr\/wp-json\/wp\/v2\/pages"}],"about":[{"href":"http:\/\/horizons28.com\/hr\/wp-json\/wp\/v2\/types\/page"}],"author":[{"embeddable":true,"href":"http:\/\/horizons28.com\/hr\/wp-json\/wp\/v2\/users\/1"}],"replies":[{"embeddable":true,"href":"http:\/\/horizons28.com\/hr\/wp-json\/wp\/v2\/comments?post=731"}],"version-history":[{"count":1,"href":"http:\/\/horizons28.com\/hr\/wp-json\/wp\/v2\/pages\/731\/revisions"}],"predecessor-version":[{"id":1288,"href":"http:\/\/horizons28.com\/hr\/wp-json\/wp\/v2\/pages\/731\/revisions\/1288"}],"wp:attachment":[{"href":"http:\/\/horizons28.com\/hr\/wp-json\/wp\/v2\/media?parent=731"}],"curies":[{"name":"wp","href":"https:\/\/api.w.org\/{rel}","templated":true}]}}