{"id":741,"date":"2025-04-03T14:44:15","date_gmt":"2025-04-03T14:44:15","guid":{"rendered":"http:\/\/horizons28.com\/kontaktirajte-nas\/"},"modified":"2025-04-15T09:07:21","modified_gmt":"2025-04-15T09:07:21","slug":"kontaktirajte-nas","status":"publish","type":"page","link":"http:\/\/horizons28.com\/hr\/kontaktirajte-nas\/","title":{"rendered":"Kontaktirajte nas"},"content":{"rendered":"\n<h1>\n\t\tHorizonti28. Ovdje da vam pomognemo. \n\t<\/h1>\n\t<p>Obratite se Horizons28 za brzu, stru\u010dnu podr\u0161ku o trgovanju, ra\u010dunima i rje\u0161enjima za platformu-kad god nas trebate.<\/p>\n\t\t\t<a href=\"https:\/\/area.horizons28.net\/auth\/registration\" target=\"_blank\" rel=\"noopener\">\n\t\t\t\t\t\t\tPridru\u017ei se Horizons28\n\t\t\t<\/a>\n\t\t\t\t<img loading=\"lazy\" decoding=\"async\" src=\"http:\/\/horizons28.com\/wp-content\/uploads\/2025\/04\/contact-us.png\" alt=\"Contact Us\" itemprop=\"image\" height=\"500\" width=\"600\" title=\"contact-us\" onerror=\"this.style.display='none'\"  \/>\n\t\t\t<h4>Na jedan smo klik udaljeni!<\/h4><h2>Po\u0161aljite nam poruku<\/h2>\n\t\t\t<h3>Kako vam Horizons28 tim mo\u017ee pomo\u0107i?<\/h3>\n\t\t\t\t<p>Imate pitanja ili trebate podr\u0161ku? Ovdje smo da vam pomognemo oko svega \u2013 od ra\u010duna za trgovanje do smjernica za platformu. <\/p>\n<p>Tako\u0111er nas mo\u017eete kontaktirati izravno putem e-po\u0161te za sve upite.<\/p>\n\n","protected":false},"excerpt":{"rendered":"<p>Horizonti28. Ovdje da vam pomognemo. Obratite se Horizons28 za brzu, stru\u010dnu podr\u0161ku o trgovanju, ra\u010dunima i rje\u0161enjima za platformu-kad god nas trebate. Pridru\u017ei se Horizons28 Na jedan smo klik udaljeni! Po\u0161aljite nam poruku Kako vam Horizons28 tim mo\u017ee pomo\u0107i? Imate pitanja ili trebate podr\u0161ku? Ovdje smo da vam pomognemo oko svega \u2013 od ra\u010duna za&hellip;<\/p>\n","protected":false},"author":1,"featured_media":0,"parent":0,"menu_order":0,"comment_status":"closed","ping_status":"closed","template":"","meta":{"footnotes":""},"class_list":["post-741","page","type-page","status-publish","hentry"],"yoast_head":"<!-- This site is optimized with the Yoast SEO plugin v27.4 - https:\/\/yoast.com\/product\/yoast-seo-wordpress\/ -->\n<title>Kontaktirajte Horizons28 | Ovdje smo da vam pomognemo<\/title>\n<meta name=\"description\" content=\"Za upite, pomo\u0107 ili prilike za partnerstvo obratite se timu za podr\u0161ku Horizons28. Spremni smo podr\u017eati va\u0161e trgova\u010dko putovanje.\" \/>\n<meta name=\"robots\" content=\"index, follow, max-snippet:-1, max-image-preview:large, max-video-preview:-1\" \/>\n<link rel=\"canonical\" href=\"http:\/\/horizons28.com\/hr\/kontaktirajte-nas\/\" \/>\n<meta property=\"og:locale\" content=\"hr_HR\" \/>\n<meta property=\"og:type\" content=\"article\" \/>\n<meta property=\"og:title\" content=\"Kontaktirajte Horizons28 | Ovdje smo da vam pomognemo\" \/>\n<meta property=\"og:description\" content=\"Za upite, pomo\u0107 ili prilike za partnerstvo obratite se timu za podr\u0161ku Horizons28. Spremni smo podr\u017eati va\u0161e trgova\u010dko putovanje.\" \/>\n<meta property=\"og:url\" content=\"http:\/\/horizons28.com\/hr\/kontaktirajte-nas\/\" \/>\n<meta property=\"og:site_name\" content=\"Horizons28\" \/>\n<meta property=\"article:modified_time\" content=\"2025-04-15T09:07:21+00:00\" \/>\n<meta property=\"og:image\" content=\"http:\/\/horizons28.com\/wp-content\/uploads\/2025\/04\/contact-us.png\" \/>\n<meta name=\"twitter:card\" content=\"summary_large_image\" \/>\n<script type=\"application\/ld+json\" class=\"yoast-schema-graph\">{\"@context\":\"https:\\\/\\\/schema.org\",\"@graph\":[{\"@type\":\"WebPage\",\"@id\":\"http:\\\/\\\/horizons28.com\\\/hr\\\/kontaktirajte-nas\\\/\",\"url\":\"http:\\\/\\\/horizons28.com\\\/hr\\\/kontaktirajte-nas\\\/\",\"name\":\"Kontaktirajte Horizons28 | Ovdje smo da vam pomognemo\",\"isPartOf\":{\"@id\":\"http:\\\/\\\/horizons28.com\\\/hr\\\/#website\"},\"primaryImageOfPage\":{\"@id\":\"http:\\\/\\\/horizons28.com\\\/hr\\\/kontaktirajte-nas\\\/#primaryimage\"},\"image\":{\"@id\":\"http:\\\/\\\/horizons28.com\\\/hr\\\/kontaktirajte-nas\\\/#primaryimage\"},\"thumbnailUrl\":\"http:\\\/\\\/horizons28.com\\\/wp-content\\\/uploads\\\/2025\\\/04\\\/contact-us.png\",\"datePublished\":\"2025-04-03T14:44:15+00:00\",\"dateModified\":\"2025-04-15T09:07:21+00:00\",\"description\":\"Za upite, pomo\u0107 ili prilike za partnerstvo obratite se timu za podr\u0161ku Horizons28. Spremni smo podr\u017eati va\u0161e trgova\u010dko putovanje.\",\"breadcrumb\":{\"@id\":\"http:\\\/\\\/horizons28.com\\\/hr\\\/kontaktirajte-nas\\\/#breadcrumb\"},\"inLanguage\":\"hr\",\"potentialAction\":[{\"@type\":\"ReadAction\",\"target\":[\"http:\\\/\\\/horizons28.com\\\/hr\\\/kontaktirajte-nas\\\/\"]}]},{\"@type\":\"ImageObject\",\"inLanguage\":\"hr\",\"@id\":\"http:\\\/\\\/horizons28.com\\\/hr\\\/kontaktirajte-nas\\\/#primaryimage\",\"url\":\"http:\\\/\\\/horizons28.com\\\/wp-content\\\/uploads\\\/2025\\\/04\\\/contact-us.png\",\"contentUrl\":\"http:\\\/\\\/horizons28.com\\\/wp-content\\\/uploads\\\/2025\\\/04\\\/contact-us.png\"},{\"@type\":\"BreadcrumbList\",\"@id\":\"http:\\\/\\\/horizons28.com\\\/hr\\\/kontaktirajte-nas\\\/#breadcrumb\",\"itemListElement\":[{\"@type\":\"ListItem\",\"position\":1,\"name\":\"Home\",\"item\":\"https:\\\/\\\/horizons28.com\\\/hr\\\/\"},{\"@type\":\"ListItem\",\"position\":2,\"name\":\"Kontaktirajte nas\"}]},{\"@type\":\"WebSite\",\"@id\":\"http:\\\/\\\/horizons28.com\\\/hr\\\/#website\",\"url\":\"http:\\\/\\\/horizons28.com\\\/hr\\\/\",\"name\":\"Horizons28\",\"description\":\"\",\"potentialAction\":[{\"@type\":\"SearchAction\",\"target\":{\"@type\":\"EntryPoint\",\"urlTemplate\":\"http:\\\/\\\/horizons28.com\\\/hr\\\/?s={search_term_string}\"},\"query-input\":{\"@type\":\"PropertyValueSpecification\",\"valueRequired\":true,\"valueName\":\"search_term_string\"}}],\"inLanguage\":\"hr\"}]}<\/script>\n<!-- \/ Yoast SEO plugin. -->","yoast_head_json":{"title":"Kontaktirajte Horizons28 | Ovdje smo da vam pomognemo","description":"Za upite, pomo\u0107 ili prilike za partnerstvo obratite se timu za podr\u0161ku Horizons28. Spremni smo podr\u017eati va\u0161e trgova\u010dko putovanje.","robots":{"index":"index","follow":"follow","max-snippet":"max-snippet:-1","max-image-preview":"max-image-preview:large","max-video-preview":"max-video-preview:-1"},"canonical":"http:\/\/horizons28.com\/hr\/kontaktirajte-nas\/","og_locale":"hr_HR","og_type":"article","og_title":"Kontaktirajte Horizons28 | Ovdje smo da vam pomognemo","og_description":"Za upite, pomo\u0107 ili prilike za partnerstvo obratite se timu za podr\u0161ku Horizons28. Spremni smo podr\u017eati va\u0161e trgova\u010dko putovanje.","og_url":"http:\/\/horizons28.com\/hr\/kontaktirajte-nas\/","og_site_name":"Horizons28","article_modified_time":"2025-04-15T09:07:21+00:00","og_image":[{"url":"http:\/\/horizons28.com\/wp-content\/uploads\/2025\/04\/contact-us.png","type":"","width":"","height":""}],"twitter_card":"summary_large_image","schema":{"@context":"https:\/\/schema.org","@graph":[{"@type":"WebPage","@id":"http:\/\/horizons28.com\/hr\/kontaktirajte-nas\/","url":"http:\/\/horizons28.com\/hr\/kontaktirajte-nas\/","name":"Kontaktirajte Horizons28 | Ovdje smo da vam pomognemo","isPartOf":{"@id":"http:\/\/horizons28.com\/hr\/#website"},"primaryImageOfPage":{"@id":"http:\/\/horizons28.com\/hr\/kontaktirajte-nas\/#primaryimage"},"image":{"@id":"http:\/\/horizons28.com\/hr\/kontaktirajte-nas\/#primaryimage"},"thumbnailUrl":"http:\/\/horizons28.com\/wp-content\/uploads\/2025\/04\/contact-us.png","datePublished":"2025-04-03T14:44:15+00:00","dateModified":"2025-04-15T09:07:21+00:00","description":"Za upite, pomo\u0107 ili prilike za partnerstvo obratite se timu za podr\u0161ku Horizons28. Spremni smo podr\u017eati va\u0161e trgova\u010dko putovanje.","breadcrumb":{"@id":"http:\/\/horizons28.com\/hr\/kontaktirajte-nas\/#breadcrumb"},"inLanguage":"hr","potentialAction":[{"@type":"ReadAction","target":["http:\/\/horizons28.com\/hr\/kontaktirajte-nas\/"]}]},{"@type":"ImageObject","inLanguage":"hr","@id":"http:\/\/horizons28.com\/hr\/kontaktirajte-nas\/#primaryimage","url":"http:\/\/horizons28.com\/wp-content\/uploads\/2025\/04\/contact-us.png","contentUrl":"http:\/\/horizons28.com\/wp-content\/uploads\/2025\/04\/contact-us.png"},{"@type":"BreadcrumbList","@id":"http:\/\/horizons28.com\/hr\/kontaktirajte-nas\/#breadcrumb","itemListElement":[{"@type":"ListItem","position":1,"name":"Home","item":"https:\/\/horizons28.com\/hr\/"},{"@type":"ListItem","position":2,"name":"Kontaktirajte nas"}]},{"@type":"WebSite","@id":"http:\/\/horizons28.com\/hr\/#website","url":"http:\/\/horizons28.com\/hr\/","name":"Horizons28","description":"","potentialAction":[{"@type":"SearchAction","target":{"@type":"EntryPoint","urlTemplate":"http:\/\/horizons28.com\/hr\/?s={search_term_string}"},"query-input":{"@type":"PropertyValueSpecification","valueRequired":true,"valueName":"search_term_string"}}],"inLanguage":"hr"}]}},"_links":{"self":[{"href":"http:\/\/horizons28.com\/hr\/wp-json\/wp\/v2\/pages\/741","targetHints":{"allow":["GET"]}}],"collection":[{"href":"http:\/\/horizons28.com\/hr\/wp-json\/wp\/v2\/pages"}],"about":[{"href":"http:\/\/horizons28.com\/hr\/wp-json\/wp\/v2\/types\/page"}],"author":[{"embeddable":true,"href":"http:\/\/horizons28.com\/hr\/wp-json\/wp\/v2\/users\/1"}],"replies":[{"embeddable":true,"href":"http:\/\/horizons28.com\/hr\/wp-json\/wp\/v2\/comments?post=741"}],"version-history":[{"count":1,"href":"http:\/\/horizons28.com\/hr\/wp-json\/wp\/v2\/pages\/741\/revisions"}],"predecessor-version":[{"id":1298,"href":"http:\/\/horizons28.com\/hr\/wp-json\/wp\/v2\/pages\/741\/revisions\/1298"}],"wp:attachment":[{"href":"http:\/\/horizons28.com\/hr\/wp-json\/wp\/v2\/media?parent=741"}],"curies":[{"name":"wp","href":"https:\/\/api.w.org\/{rel}","templated":true}]}}