{"id":744,"date":"2025-04-03T14:20:16","date_gmt":"2025-04-03T14:20:16","guid":{"rendered":"http:\/\/horizons28.com\/faq\/"},"modified":"2025-04-15T09:09:45","modified_gmt":"2025-04-15T09:09:45","slug":"faq","status":"publish","type":"page","link":"http:\/\/horizons28.com\/hr\/faq\/","title":{"rendered":"FAQ"},"content":{"rendered":"\n<h1>\n\t\tVa\u0161a pitanja. Jasni odgovori. \n\t<\/h1>\n\t<p>Prona\u0111ite brze odgovore na uobi\u010dajena pitanja o trgovanju, ra\u010dunima, zna\u010dajkama i alatima platforme.<\/p>\n\t\t\t<a href=\"https:\/\/area.horizons28.net\/auth\/registration\" target=\"_blank\" rel=\"noopener\">\n\t\t\t\t\t\t\tPridru\u017ei se Horizons28\n\t\t\t<\/a>\n\t\t\t\t<img loading=\"lazy\" decoding=\"async\" src=\"http:\/\/horizons28.com\/wp-content\/uploads\/2025\/04\/faq.png\" alt=\"FAQ\" itemprop=\"image\" height=\"500\" width=\"600\" title=\"faq\" onerror=\"this.style.display='none'\"  \/>\n<h1>\n\t\t\u010cesto postavljana pitanja\n\t<\/h1>\n\t<p>Prona\u0111ite odgovore na naj\u010de\u0161\u0107a pitanja o kori\u0161tenju Horizons28-od postavljanja ra\u010duna, depozita i isplata do alata za trgovanje, zna\u010dajki platforme i podr\u017eanih instrumenata. Bilo da ste novi ili iskusni, na\u0161a su \u010desto postavljana pitanja osmi\u0161ljena kako bi vam pomogla da trgujete s povjerenjem. <\/p>\n\t\t\t\t\t<a href=\"#\" id=\"fl-accordion--label-0\" tabindex=\"0\" aria-controls=\"fl-accordion--panel-0\">\u0160to je Horizons28?<\/a>\n\t\t\t\t\t\t\t\t\t\t\t<a href=\"#\" id=\"fl-accordion--icon-0\" tabindex=\"-1\"><i title=\"Expand\">Expand<\/i><\/a>\n\t\t\t\t\t<p>Horizons28 je platforma za online trgovanje koja korisnicima daje pristup \u0161irokom rasponu financijskih tr\u017ei\u0161ta, uklju\u010duju\u0107i forex, indekse, robu, kriptovalute i dionice.<\/p>\n\t\t\t\t\t<a href=\"#\" id=\"fl-accordion--label-1\" tabindex=\"0\" aria-controls=\"fl-accordion--panel-1\">Koje vrste ra\u010duna nudi Horizons28?<\/a>\n\t\t\t\t\t\t\t\t\t\t\t<a href=\"#\" id=\"fl-accordion--icon-1\" tabindex=\"-1\"><i title=\"Expand\">Expand<\/i><\/a>\n\t\t\t\t\t<p>Horizons28 nudi razli\u010dite vrste ra\u010duna dizajnirane za razli\u010dite razine iskustva, od po\u010detnika do naprednih trgovaca. Svaki ra\u010dun dolazi s jedinstvenim zna\u010dajkama i uvjetima trgovanja. <\/p>\n\t\t\t\t\t<a href=\"#\" id=\"fl-accordion--label-2\" tabindex=\"0\" aria-controls=\"fl-accordion--panel-2\">Kako mogu po\u010deti trgovati s Horizons28?<\/a>\n\t\t\t\t\t\t\t\t\t\t\t<a href=\"#\" id=\"fl-accordion--icon-2\" tabindex=\"-1\"><i title=\"Expand\">Expand<\/i><\/a>\n\t\t\t\t\t<p>Za po\u010detak trgovanja kreirajte ra\u010dun na web stranici Horizons28, dovr\u0161ite korake verifikacije, polo\u017eite sredstva i pristupite platformi za trgovanje.<\/p>\n\t\t\t\t\t<a href=\"#\" id=\"fl-accordion--label-3\" tabindex=\"0\" aria-controls=\"fl-accordion--panel-3\">Kojim instrumentima mogu trgovati na Horizons28?<\/a>\n\t\t\t\t\t\t\t\t\t\t\t<a href=\"#\" id=\"fl-accordion--icon-3\" tabindex=\"-1\"><i title=\"Expand\">Expand<\/i><\/a>\n\t\t\t\t\t<p>Mo\u017eete trgovati razli\u010ditim instrumentima, uklju\u010duju\u0107i glavne i manje forex parove, globalne indekse, popularne robe, kriptovalute i odabrane dionice.<\/p>\n\t\t\t\t\t<a href=\"#\" id=\"fl-accordion--label-4\" tabindex=\"0\" aria-controls=\"fl-accordion--panel-4\">Postoji li demo ra\u010dun dostupan?<\/a>\n\t\t\t\t\t\t\t\t\t\t\t<a href=\"#\" id=\"fl-accordion--icon-4\" tabindex=\"-1\"><i title=\"Expand\">Expand<\/i><\/a>\n\t\t\t\t\t<p>Da, Horizons28 pru\u017ea demo ra\u010dun s virtualnim sredstvima kako biste mogli vje\u017ebati trgovanje i istra\u017eivati \u200b\u200bplatformu bez rizika.<\/p>\n\t\t\t\t\t<a href=\"#\" id=\"fl-accordion--label-0\" tabindex=\"0\" aria-controls=\"fl-accordion--panel-0\">Kolike su naknade i provizije za trgovanje?<\/a>\n\t\t\t\t\t\t\t\t\t\t\t<a href=\"#\" id=\"fl-accordion--icon-0\" tabindex=\"-1\"><i title=\"Expand\">Expand<\/i><\/a>\n\t\t\t\t\t<p>Horizons28 nudi konkurentne spreadove i niske tro\u0161kove trgovanja. Ve\u0107ina trgovanja je bez provizije, iako to\u010dne naknade mogu varirati ovisno o instrumentu. <\/p>\n\t\t\t\t\t<a href=\"#\" id=\"fl-accordion--label-1\" tabindex=\"0\" aria-controls=\"fl-accordion--panel-1\">Mogu li koristiti automatizirane strategije trgovanja?<\/a>\n\t\t\t\t\t\t\t\t\t\t\t<a href=\"#\" id=\"fl-accordion--icon-1\" tabindex=\"-1\"><i title=\"Expand\">Expand<\/i><\/a>\n\t\t\t\t\t<p>Da, Horizons28 podr\u017eava automatizirano trgovanje, dopu\u0161taju\u0107i korisnicima da implementiraju botove ili algoritamske strategije gdje su kompatibilne.<\/p>\n\t\t\t\t\t<a href=\"#\" id=\"fl-accordion--label-2\" tabindex=\"0\" aria-controls=\"fl-accordion--panel-2\">Kako mogu uplatiti i podi\u0107i sredstva?<\/a>\n\t\t\t\t\t\t\t\t\t\t\t<a href=\"#\" id=\"fl-accordion--icon-2\" tabindex=\"-1\"><i title=\"Expand\">Expand<\/i><\/a>\n\t\t\t\t\t<p>Horizons28 podr\u017eava razli\u010dite na\u010dine pla\u0107anja, uklju\u010duju\u0107i bankovne transfere, kreditne\/debitne kartice i online sustave pla\u0107anja. Isplate se obi\u010dno obra\u0111uju u roku od nekoliko radnih dana. <\/p>\n\t\t\t\t\t<a href=\"#\" id=\"fl-accordion--label-3\" tabindex=\"0\" aria-controls=\"fl-accordion--panel-3\">Mogu li trgovati na mobilnim ure\u0111ajima?<\/a>\n\t\t\t\t\t\t\t\t\t\t\t<a href=\"#\" id=\"fl-accordion--icon-3\" tabindex=\"-1\"><i title=\"Expand\">Expand<\/i><\/a>\n\t\t\t\t\t<p>Platforma Horizons28 u potpunosti je responzivna i radi glatko na svim mobilnim ure\u0111ajima. Ne morate preuzimati aplikaciju \u2013 samo se prijavite putem preglednika. <\/p>\n\t\t\t\t\t<a href=\"#\" id=\"fl-accordion--label-4\" tabindex=\"0\" aria-controls=\"fl-accordion--panel-4\">Kako mogu kontaktirati podr\u0161ku Horizons28?<\/a>\n\t\t\t\t\t\t\t\t\t\t\t<a href=\"#\" id=\"fl-accordion--icon-4\" tabindex=\"-1\"><i title=\"Expand\">Expand<\/i><\/a>\n\t\t\t\t\t<p>Mo\u017eete kontaktirati na\u0161 tim za podr\u0161ku putem chata u\u017eivo, e-po\u0161te ili centra za pomo\u0107 unutar platforme za brzu pomo\u0107.<\/p>\n\t<p>Ne mo\u017eete prona\u0107i ono \u0161to tra\u017eite? <a href=\"http:\/\/horizons28.com\/hr\/kontaktirajte-nas\/\"><strong>Kontaktirajte nas izravno<\/strong><\/a> i rado \u0107emo vam pomo\u0107i.<\/p>\n<h3>\n\t\tSpremni za pametnije trgovanje? Iskusite pravu brzinu, stvarna tr\u017ei\u0161ta i stvarne rezultate.\n\t<\/h3>\n\t\t\t<a href=\"https:\/\/area.horizons28.net\/auth\/registration\" target=\"_blank\" rel=\"noopener\">\n\t\t\t\t\t\t\tPridru\u017ei se Horizons28\n\t\t\t<\/a>\n\n","protected":false},"excerpt":{"rendered":"<p>Va\u0161a pitanja. Jasni odgovori. Prona\u0111ite brze odgovore na uobi\u010dajena pitanja o trgovanju, ra\u010dunima, zna\u010dajkama i alatima platforme. Pridru\u017ei se Horizons28 \u010cesto postavljana pitanja Prona\u0111ite odgovore na naj\u010de\u0161\u0107a pitanja o kori\u0161tenju Horizons28-od postavljanja ra\u010duna, depozita i isplata do alata za trgovanje, zna\u010dajki platforme i podr\u017eanih instrumenata. Bilo da ste novi ili iskusni, na\u0161a su \u010desto postavljana&hellip;<\/p>\n","protected":false},"author":1,"featured_media":0,"parent":0,"menu_order":0,"comment_status":"closed","ping_status":"closed","template":"","meta":{"footnotes":""},"class_list":["post-744","page","type-page","status-publish","hentry"],"yoast_head":"<!-- This site is optimized with the Yoast SEO plugin v27.4 - https:\/\/yoast.com\/product\/yoast-seo-wordpress\/ -->\n<title>\u010cesto postavljana pitanja | Podr\u0161ka za Horizons28<\/title>\n<meta name=\"description\" content=\"Prona\u0111ite brze odgovore na uobi\u010dajena pitanja o trgovanju, ra\u010dunima, pla\u0107anjima i jo\u0161 mnogo toga. Sada istra\u017eite odjeljak s \u010desto postavljanim pitanjima Horizons28.\" \/>\n<meta name=\"robots\" content=\"index, follow, max-snippet:-1, max-image-preview:large, max-video-preview:-1\" \/>\n<link rel=\"canonical\" href=\"http:\/\/horizons28.com\/hr\/faq\/\" \/>\n<meta property=\"og:locale\" content=\"hr_HR\" \/>\n<meta property=\"og:type\" content=\"article\" \/>\n<meta property=\"og:title\" content=\"\u010cesto postavljana pitanja | Podr\u0161ka za Horizons28\" \/>\n<meta property=\"og:description\" content=\"Prona\u0111ite brze odgovore na uobi\u010dajena pitanja o trgovanju, ra\u010dunima, pla\u0107anjima i jo\u0161 mnogo toga. Sada istra\u017eite odjeljak s \u010desto postavljanim pitanjima Horizons28.\" \/>\n<meta property=\"og:url\" content=\"http:\/\/horizons28.com\/hr\/faq\/\" \/>\n<meta property=\"og:site_name\" content=\"Horizons28\" \/>\n<meta property=\"article:modified_time\" content=\"2025-04-15T09:09:45+00:00\" \/>\n<meta property=\"og:image\" content=\"http:\/\/horizons28.com\/wp-content\/uploads\/2025\/04\/faq.png\" \/>\n<meta name=\"twitter:card\" content=\"summary_large_image\" \/>\n<meta name=\"twitter:label1\" content=\"Procijenjeno vrijeme \u010ditanja\" \/>\n\t<meta name=\"twitter:data1\" content=\"2 minute\" \/>\n<script type=\"application\/ld+json\" class=\"yoast-schema-graph\">{\"@context\":\"https:\\\/\\\/schema.org\",\"@graph\":[{\"@type\":\"WebPage\",\"@id\":\"http:\\\/\\\/horizons28.com\\\/hr\\\/faq\\\/\",\"url\":\"http:\\\/\\\/horizons28.com\\\/hr\\\/faq\\\/\",\"name\":\"\u010cesto postavljana pitanja | Podr\u0161ka za Horizons28\",\"isPartOf\":{\"@id\":\"http:\\\/\\\/horizons28.com\\\/hr\\\/#website\"},\"primaryImageOfPage\":{\"@id\":\"http:\\\/\\\/horizons28.com\\\/hr\\\/faq\\\/#primaryimage\"},\"image\":{\"@id\":\"http:\\\/\\\/horizons28.com\\\/hr\\\/faq\\\/#primaryimage\"},\"thumbnailUrl\":\"http:\\\/\\\/horizons28.com\\\/wp-content\\\/uploads\\\/2025\\\/04\\\/faq.png\",\"datePublished\":\"2025-04-03T14:20:16+00:00\",\"dateModified\":\"2025-04-15T09:09:45+00:00\",\"description\":\"Prona\u0111ite brze odgovore na uobi\u010dajena pitanja o trgovanju, ra\u010dunima, pla\u0107anjima i jo\u0161 mnogo toga. Sada istra\u017eite odjeljak s \u010desto postavljanim pitanjima Horizons28.\",\"breadcrumb\":{\"@id\":\"http:\\\/\\\/horizons28.com\\\/hr\\\/faq\\\/#breadcrumb\"},\"inLanguage\":\"hr\",\"potentialAction\":[{\"@type\":\"ReadAction\",\"target\":[\"http:\\\/\\\/horizons28.com\\\/hr\\\/faq\\\/\"]}]},{\"@type\":\"ImageObject\",\"inLanguage\":\"hr\",\"@id\":\"http:\\\/\\\/horizons28.com\\\/hr\\\/faq\\\/#primaryimage\",\"url\":\"http:\\\/\\\/horizons28.com\\\/wp-content\\\/uploads\\\/2025\\\/04\\\/faq.png\",\"contentUrl\":\"http:\\\/\\\/horizons28.com\\\/wp-content\\\/uploads\\\/2025\\\/04\\\/faq.png\"},{\"@type\":\"BreadcrumbList\",\"@id\":\"http:\\\/\\\/horizons28.com\\\/hr\\\/faq\\\/#breadcrumb\",\"itemListElement\":[{\"@type\":\"ListItem\",\"position\":1,\"name\":\"Home\",\"item\":\"https:\\\/\\\/horizons28.com\\\/hr\\\/\"},{\"@type\":\"ListItem\",\"position\":2,\"name\":\"FAQ\"}]},{\"@type\":\"WebSite\",\"@id\":\"http:\\\/\\\/horizons28.com\\\/hr\\\/#website\",\"url\":\"http:\\\/\\\/horizons28.com\\\/hr\\\/\",\"name\":\"Horizons28\",\"description\":\"\",\"potentialAction\":[{\"@type\":\"SearchAction\",\"target\":{\"@type\":\"EntryPoint\",\"urlTemplate\":\"http:\\\/\\\/horizons28.com\\\/hr\\\/?s={search_term_string}\"},\"query-input\":{\"@type\":\"PropertyValueSpecification\",\"valueRequired\":true,\"valueName\":\"search_term_string\"}}],\"inLanguage\":\"hr\"}]}<\/script>\n<!-- \/ Yoast SEO plugin. -->","yoast_head_json":{"title":"\u010cesto postavljana pitanja | Podr\u0161ka za Horizons28","description":"Prona\u0111ite brze odgovore na uobi\u010dajena pitanja o trgovanju, ra\u010dunima, pla\u0107anjima i jo\u0161 mnogo toga. Sada istra\u017eite odjeljak s \u010desto postavljanim pitanjima Horizons28.","robots":{"index":"index","follow":"follow","max-snippet":"max-snippet:-1","max-image-preview":"max-image-preview:large","max-video-preview":"max-video-preview:-1"},"canonical":"http:\/\/horizons28.com\/hr\/faq\/","og_locale":"hr_HR","og_type":"article","og_title":"\u010cesto postavljana pitanja | Podr\u0161ka za Horizons28","og_description":"Prona\u0111ite brze odgovore na uobi\u010dajena pitanja o trgovanju, ra\u010dunima, pla\u0107anjima i jo\u0161 mnogo toga. Sada istra\u017eite odjeljak s \u010desto postavljanim pitanjima Horizons28.","og_url":"http:\/\/horizons28.com\/hr\/faq\/","og_site_name":"Horizons28","article_modified_time":"2025-04-15T09:09:45+00:00","og_image":[{"url":"http:\/\/horizons28.com\/wp-content\/uploads\/2025\/04\/faq.png","type":"","width":"","height":""}],"twitter_card":"summary_large_image","twitter_misc":{"Procijenjeno vrijeme \u010ditanja":"2 minute"},"schema":{"@context":"https:\/\/schema.org","@graph":[{"@type":"WebPage","@id":"http:\/\/horizons28.com\/hr\/faq\/","url":"http:\/\/horizons28.com\/hr\/faq\/","name":"\u010cesto postavljana pitanja | Podr\u0161ka za Horizons28","isPartOf":{"@id":"http:\/\/horizons28.com\/hr\/#website"},"primaryImageOfPage":{"@id":"http:\/\/horizons28.com\/hr\/faq\/#primaryimage"},"image":{"@id":"http:\/\/horizons28.com\/hr\/faq\/#primaryimage"},"thumbnailUrl":"http:\/\/horizons28.com\/wp-content\/uploads\/2025\/04\/faq.png","datePublished":"2025-04-03T14:20:16+00:00","dateModified":"2025-04-15T09:09:45+00:00","description":"Prona\u0111ite brze odgovore na uobi\u010dajena pitanja o trgovanju, ra\u010dunima, pla\u0107anjima i jo\u0161 mnogo toga. Sada istra\u017eite odjeljak s \u010desto postavljanim pitanjima Horizons28.","breadcrumb":{"@id":"http:\/\/horizons28.com\/hr\/faq\/#breadcrumb"},"inLanguage":"hr","potentialAction":[{"@type":"ReadAction","target":["http:\/\/horizons28.com\/hr\/faq\/"]}]},{"@type":"ImageObject","inLanguage":"hr","@id":"http:\/\/horizons28.com\/hr\/faq\/#primaryimage","url":"http:\/\/horizons28.com\/wp-content\/uploads\/2025\/04\/faq.png","contentUrl":"http:\/\/horizons28.com\/wp-content\/uploads\/2025\/04\/faq.png"},{"@type":"BreadcrumbList","@id":"http:\/\/horizons28.com\/hr\/faq\/#breadcrumb","itemListElement":[{"@type":"ListItem","position":1,"name":"Home","item":"https:\/\/horizons28.com\/hr\/"},{"@type":"ListItem","position":2,"name":"FAQ"}]},{"@type":"WebSite","@id":"http:\/\/horizons28.com\/hr\/#website","url":"http:\/\/horizons28.com\/hr\/","name":"Horizons28","description":"","potentialAction":[{"@type":"SearchAction","target":{"@type":"EntryPoint","urlTemplate":"http:\/\/horizons28.com\/hr\/?s={search_term_string}"},"query-input":{"@type":"PropertyValueSpecification","valueRequired":true,"valueName":"search_term_string"}}],"inLanguage":"hr"}]}},"_links":{"self":[{"href":"http:\/\/horizons28.com\/hr\/wp-json\/wp\/v2\/pages\/744","targetHints":{"allow":["GET"]}}],"collection":[{"href":"http:\/\/horizons28.com\/hr\/wp-json\/wp\/v2\/pages"}],"about":[{"href":"http:\/\/horizons28.com\/hr\/wp-json\/wp\/v2\/types\/page"}],"author":[{"embeddable":true,"href":"http:\/\/horizons28.com\/hr\/wp-json\/wp\/v2\/users\/1"}],"replies":[{"embeddable":true,"href":"http:\/\/horizons28.com\/hr\/wp-json\/wp\/v2\/comments?post=744"}],"version-history":[{"count":1,"href":"http:\/\/horizons28.com\/hr\/wp-json\/wp\/v2\/pages\/744\/revisions"}],"predecessor-version":[{"id":1303,"href":"http:\/\/horizons28.com\/hr\/wp-json\/wp\/v2\/pages\/744\/revisions\/1303"}],"wp:attachment":[{"href":"http:\/\/horizons28.com\/hr\/wp-json\/wp\/v2\/media?parent=744"}],"curies":[{"name":"wp","href":"https:\/\/api.w.org\/{rel}","templated":true}]}}