{"id":824,"date":"2025-04-04T07:21:43","date_gmt":"2025-04-04T07:21:43","guid":{"rendered":"http:\/\/horizons28.com\/incontraci\/"},"modified":"2025-04-15T07:30:42","modified_gmt":"2025-04-15T07:30:42","slug":"incontraci","status":"publish","type":"page","link":"http:\/\/horizons28.com\/it\/incontraci\/","title":{"rendered":"Incontraci"},"content":{"rendered":"\n<h1>\n\t\tHorizons28. Costruito sulla Fiducia. \n\t<\/h1>\n\t<p>Scopri il team e la visione dietro Horizons28 \u2013 dedicati al trading pi\u00f9 intelligente, strumenti innovativi e successo finanziario a lungo termine.<\/p>\n\t\t\t<a href=\"https:\/\/area.horizons28.net\/auth\/registration\" target=\"_blank\" rel=\"noopener\">\n\t\t\t\t\t\t\tUnisciti a Horizons28\n\t\t\t<\/a>\n\t\t\t\t<img loading=\"lazy\" decoding=\"async\" src=\"http:\/\/horizons28.com\/wp-content\/uploads\/2025\/04\/about-us.png\" alt=\"About Us\" itemprop=\"image\" height=\"500\" width=\"600\" title=\"about-us\" onerror=\"this.style.display='none'\"  \/>\n<h1>\n\t\tHorizons28 d\u00e0 il potere ai trader di avere successo.\n\t<\/h1>\n\t<p><strong>Horizons28 \u00e8 una piattaforma di trading e investimento di nuova generazione<\/strong> progettata per dare potere agli individui in ogni fase del loro percorso finanziario.<\/p>\n<p>Offriamo una suite completa di strumenti e funzionalit\u00e0 che rendono il trading pi\u00f9 intelligente, veloce e accessibile.<\/p>\n<p><strong>Dal trading automatico guidato dall&#8217;IA e conti di risparmio ad alto interesse ai pool di investimento collaborativi e opportunit\u00e0 di arbitraggio avanzate,<\/strong> Horizons28 \u00e8 costruito per aiutarti a far crescere il tuo capitale con fiducia<\/p>\n\t<p>La nostra piattaforma fornisce accesso a un&#8217;ampia gamma di strumenti su mercati globali \u2013 <strong>inclusi forex, azioni, indici, criptovalute e materie prime<\/strong> \u2013 tutto attraverso un&#8217;interfaccia sicura e facile da usare. Con condizioni competitive, opzioni di conto flessibili e supporto dedicato, Horizons28 si impegna a offrire un&#8217;esperienza senza intoppi per trader, investitori e chiunque sia pronto a prendere il controllo del proprio futuro finanziario. <\/p>\n<p><strong>In Horizons28, capiamo che il successo finanziario inizia con il giusto supporto e la giusta tecnologia.<\/strong> Ecco perch\u00e9 la nostra piattaforma \u00e8 progettata per offrire esecuzione in tempo reale, analisi avanzate e operazioni trasparenti, dandoti il pieno controllo sulle tue strategie. Che tu stia sfruttando le nostre soluzioni di Trade Liquidity per mantenere il tuo broker in funzione senza problemi, guadagnando rendimenti mensili attraverso il nostro Conto di Risparmio ad alto rendimento, o unendo le forze con altri nel nostro Pool di Investimento, ogni funzione \u00e8 progettata pensando alla tua crescita. <\/p>\n<p>Senza commissioni nascoste, interfacce intuitive e un focus sia sui principianti che sui professionisti, <strong>Horizons28 \u00e8 pi\u00f9 di una semplice piattaforma \u2013 \u00e8 il tuo partner nella creazione di ricchezza a lungo termine.<\/strong><\/p>\n\t\t\t\t<img loading=\"lazy\" decoding=\"async\" src=\"http:\/\/horizons28.com\/wp-content\/uploads\/2025\/04\/empowering-success.png\" alt=\"Empowering Success\" itemprop=\"image\" height=\"580\" width=\"813\" title=\"empowering-success\" onerror=\"this.style.display='none'\"  \/>\n<h3>\n\t\tPronto a fare trading in modo pi\u00f9 intelligente? Scopri la vera velocit\u00e0, i veri mercati e risultati reali.\n\t<\/h3>\n\t\t\t<a href=\"https:\/\/area.horizons28.net\/auth\/registration\" target=\"_blank\" rel=\"noopener\">\n\t\t\t\t\t\t\tUnisciti a Horizons28\n\t\t\t<\/a>\n\n","protected":false},"excerpt":{"rendered":"<p>Horizons28. Costruito sulla Fiducia. Scopri il team e la visione dietro Horizons28 \u2013 dedicati al trading pi\u00f9 intelligente, strumenti innovativi e successo finanziario a lungo termine. Unisciti a Horizons28 Horizons28 d\u00e0 il potere ai trader di avere successo. Horizons28 \u00e8 una piattaforma di trading e investimento di nuova generazione progettata per dare potere agli individui&hellip;<\/p>\n","protected":false},"author":1,"featured_media":0,"parent":0,"menu_order":0,"comment_status":"closed","ping_status":"closed","template":"","meta":{"footnotes":""},"class_list":["post-824","page","type-page","status-publish","hentry"],"yoast_head":"<!-- This site is optimized with the Yoast SEO plugin v27.4 - https:\/\/yoast.com\/product\/yoast-seo-wordpress\/ -->\n<title>Incontra il Team Horizons28 | Guidati dall&#039;Innovazione<\/title>\n<meta name=\"description\" content=\"Scopri il team di esperti di Horizons28, leader nell&#039;innovazione per trading e ricchezza.\" \/>\n<meta name=\"robots\" content=\"index, follow, max-snippet:-1, max-image-preview:large, max-video-preview:-1\" \/>\n<link rel=\"canonical\" href=\"http:\/\/horizons28.com\/it\/incontraci\/\" \/>\n<meta property=\"og:locale\" content=\"it_IT\" \/>\n<meta property=\"og:type\" content=\"article\" \/>\n<meta property=\"og:title\" content=\"Incontra il Team Horizons28 | Guidati dall&#039;Innovazione\" \/>\n<meta property=\"og:description\" content=\"Scopri il team di esperti di Horizons28, leader nell&#039;innovazione per trading e ricchezza.\" \/>\n<meta property=\"og:url\" content=\"http:\/\/horizons28.com\/it\/incontraci\/\" \/>\n<meta property=\"og:site_name\" content=\"Horizons28\" \/>\n<meta property=\"article:modified_time\" content=\"2025-04-15T07:30:42+00:00\" \/>\n<meta property=\"og:image\" content=\"http:\/\/horizons28.com\/wp-content\/uploads\/2025\/04\/about-us.png\" \/>\n<meta name=\"twitter:card\" content=\"summary_large_image\" \/>\n<meta name=\"twitter:label1\" content=\"Tempo di lettura stimato\" \/>\n\t<meta name=\"twitter:data1\" content=\"2 minuti\" \/>\n<script type=\"application\/ld+json\" class=\"yoast-schema-graph\">{\"@context\":\"https:\\\/\\\/schema.org\",\"@graph\":[{\"@type\":\"WebPage\",\"@id\":\"http:\\\/\\\/horizons28.com\\\/it\\\/incontraci\\\/\",\"url\":\"http:\\\/\\\/horizons28.com\\\/it\\\/incontraci\\\/\",\"name\":\"Incontra il Team Horizons28 | Guidati dall'Innovazione\",\"isPartOf\":{\"@id\":\"http:\\\/\\\/horizons28.com\\\/it\\\/#website\"},\"primaryImageOfPage\":{\"@id\":\"http:\\\/\\\/horizons28.com\\\/it\\\/incontraci\\\/#primaryimage\"},\"image\":{\"@id\":\"http:\\\/\\\/horizons28.com\\\/it\\\/incontraci\\\/#primaryimage\"},\"thumbnailUrl\":\"http:\\\/\\\/horizons28.com\\\/wp-content\\\/uploads\\\/2025\\\/04\\\/about-us.png\",\"datePublished\":\"2025-04-04T07:21:43+00:00\",\"dateModified\":\"2025-04-15T07:30:42+00:00\",\"description\":\"Scopri il team di esperti di Horizons28, leader nell'innovazione per trading e ricchezza.\",\"breadcrumb\":{\"@id\":\"http:\\\/\\\/horizons28.com\\\/it\\\/incontraci\\\/#breadcrumb\"},\"inLanguage\":\"it-IT\",\"potentialAction\":[{\"@type\":\"ReadAction\",\"target\":[\"http:\\\/\\\/horizons28.com\\\/it\\\/incontraci\\\/\"]}]},{\"@type\":\"ImageObject\",\"inLanguage\":\"it-IT\",\"@id\":\"http:\\\/\\\/horizons28.com\\\/it\\\/incontraci\\\/#primaryimage\",\"url\":\"http:\\\/\\\/horizons28.com\\\/wp-content\\\/uploads\\\/2025\\\/04\\\/about-us.png\",\"contentUrl\":\"http:\\\/\\\/horizons28.com\\\/wp-content\\\/uploads\\\/2025\\\/04\\\/about-us.png\"},{\"@type\":\"BreadcrumbList\",\"@id\":\"http:\\\/\\\/horizons28.com\\\/it\\\/incontraci\\\/#breadcrumb\",\"itemListElement\":[{\"@type\":\"ListItem\",\"position\":1,\"name\":\"Home\",\"item\":\"https:\\\/\\\/horizons28.com\\\/it\\\/\"},{\"@type\":\"ListItem\",\"position\":2,\"name\":\"Incontraci\"}]},{\"@type\":\"WebSite\",\"@id\":\"http:\\\/\\\/horizons28.com\\\/it\\\/#website\",\"url\":\"http:\\\/\\\/horizons28.com\\\/it\\\/\",\"name\":\"Horizons28\",\"description\":\"\",\"potentialAction\":[{\"@type\":\"SearchAction\",\"target\":{\"@type\":\"EntryPoint\",\"urlTemplate\":\"http:\\\/\\\/horizons28.com\\\/it\\\/?s={search_term_string}\"},\"query-input\":{\"@type\":\"PropertyValueSpecification\",\"valueRequired\":true,\"valueName\":\"search_term_string\"}}],\"inLanguage\":\"it-IT\"}]}<\/script>\n<!-- \/ Yoast SEO plugin. -->","yoast_head_json":{"title":"Incontra il Team Horizons28 | Guidati dall'Innovazione","description":"Scopri il team di esperti di Horizons28, leader nell'innovazione per trading e ricchezza.","robots":{"index":"index","follow":"follow","max-snippet":"max-snippet:-1","max-image-preview":"max-image-preview:large","max-video-preview":"max-video-preview:-1"},"canonical":"http:\/\/horizons28.com\/it\/incontraci\/","og_locale":"it_IT","og_type":"article","og_title":"Incontra il Team Horizons28 | Guidati dall'Innovazione","og_description":"Scopri il team di esperti di Horizons28, leader nell'innovazione per trading e ricchezza.","og_url":"http:\/\/horizons28.com\/it\/incontraci\/","og_site_name":"Horizons28","article_modified_time":"2025-04-15T07:30:42+00:00","og_image":[{"url":"http:\/\/horizons28.com\/wp-content\/uploads\/2025\/04\/about-us.png","type":"","width":"","height":""}],"twitter_card":"summary_large_image","twitter_misc":{"Tempo di lettura stimato":"2 minuti"},"schema":{"@context":"https:\/\/schema.org","@graph":[{"@type":"WebPage","@id":"http:\/\/horizons28.com\/it\/incontraci\/","url":"http:\/\/horizons28.com\/it\/incontraci\/","name":"Incontra il Team Horizons28 | Guidati dall'Innovazione","isPartOf":{"@id":"http:\/\/horizons28.com\/it\/#website"},"primaryImageOfPage":{"@id":"http:\/\/horizons28.com\/it\/incontraci\/#primaryimage"},"image":{"@id":"http:\/\/horizons28.com\/it\/incontraci\/#primaryimage"},"thumbnailUrl":"http:\/\/horizons28.com\/wp-content\/uploads\/2025\/04\/about-us.png","datePublished":"2025-04-04T07:21:43+00:00","dateModified":"2025-04-15T07:30:42+00:00","description":"Scopri il team di esperti di Horizons28, leader nell'innovazione per trading e ricchezza.","breadcrumb":{"@id":"http:\/\/horizons28.com\/it\/incontraci\/#breadcrumb"},"inLanguage":"it-IT","potentialAction":[{"@type":"ReadAction","target":["http:\/\/horizons28.com\/it\/incontraci\/"]}]},{"@type":"ImageObject","inLanguage":"it-IT","@id":"http:\/\/horizons28.com\/it\/incontraci\/#primaryimage","url":"http:\/\/horizons28.com\/wp-content\/uploads\/2025\/04\/about-us.png","contentUrl":"http:\/\/horizons28.com\/wp-content\/uploads\/2025\/04\/about-us.png"},{"@type":"BreadcrumbList","@id":"http:\/\/horizons28.com\/it\/incontraci\/#breadcrumb","itemListElement":[{"@type":"ListItem","position":1,"name":"Home","item":"https:\/\/horizons28.com\/it\/"},{"@type":"ListItem","position":2,"name":"Incontraci"}]},{"@type":"WebSite","@id":"http:\/\/horizons28.com\/it\/#website","url":"http:\/\/horizons28.com\/it\/","name":"Horizons28","description":"","potentialAction":[{"@type":"SearchAction","target":{"@type":"EntryPoint","urlTemplate":"http:\/\/horizons28.com\/it\/?s={search_term_string}"},"query-input":{"@type":"PropertyValueSpecification","valueRequired":true,"valueName":"search_term_string"}}],"inLanguage":"it-IT"}]}},"_links":{"self":[{"href":"http:\/\/horizons28.com\/it\/wp-json\/wp\/v2\/pages\/824","targetHints":{"allow":["GET"]}}],"collection":[{"href":"http:\/\/horizons28.com\/it\/wp-json\/wp\/v2\/pages"}],"about":[{"href":"http:\/\/horizons28.com\/it\/wp-json\/wp\/v2\/types\/page"}],"author":[{"embeddable":true,"href":"http:\/\/horizons28.com\/it\/wp-json\/wp\/v2\/users\/1"}],"replies":[{"embeddable":true,"href":"http:\/\/horizons28.com\/it\/wp-json\/wp\/v2\/comments?post=824"}],"version-history":[{"count":2,"href":"http:\/\/horizons28.com\/it\/wp-json\/wp\/v2\/pages\/824\/revisions"}],"predecessor-version":[{"id":1183,"href":"http:\/\/horizons28.com\/it\/wp-json\/wp\/v2\/pages\/824\/revisions\/1183"}],"wp:attachment":[{"href":"http:\/\/horizons28.com\/it\/wp-json\/wp\/v2\/media?parent=824"}],"curies":[{"name":"wp","href":"https:\/\/api.w.org\/{rel}","templated":true}]}}