{"id":832,"date":"2025-04-04T07:19:28","date_gmt":"2025-04-04T07:19:28","guid":{"rendered":"http:\/\/horizons28.com\/conto-di-risparmio\/"},"modified":"2025-04-15T06:48:13","modified_gmt":"2025-04-15T06:48:13","slug":"conto-di-risparmio","status":"publish","type":"page","link":"http:\/\/horizons28.com\/it\/conto-di-risparmio\/","title":{"rendered":"Conto di risparmio"},"content":{"rendered":"\n<h1>\n\t\tRisparmia in modo pi\u00f9 intelligente. Guadagna di pi\u00f9. \n\t<\/h1>\n\t<p>Fai squadra con altri investitori per far crescere il tuo capitale attraverso opportunit\u00e0 esclusive e ad alta crescita in tutto il mondo.<\/p>\n\t\t\t<a href=\"https:\/\/area.horizons28.net\/auth\/registration\" target=\"_blank\" rel=\"noopener\">\n\t\t\t\t\t\t\tUnisciti a Horizons28\n\t\t\t<\/a>\n\t\t\t\t<img loading=\"lazy\" decoding=\"async\" src=\"http:\/\/horizons28.com\/wp-content\/uploads\/2025\/04\/horizons28-savings-account.png\" alt=\"Horizons28 Savings Account\" itemprop=\"image\" height=\"500\" width=\"600\" title=\"horizons28-savings-account\" onerror=\"this.style.display='none'\"  \/>\n<h2>\n\t\tConto di risparmio Horizons28\n\t<\/h2>\n\t<p>Prova una soluzione di risparmio creata per la crescita, la sicurezza e la flessibilit\u00e0. <strong>Con un notevole tasso di interesse mensile del 10%, il conto di risparmio Horizons28 aiuta i tuoi soldi a crescere pi\u00f9 velocemente<\/strong> mantenendoli accessibili ogni volta che ne hai bisogno.<\/p>\n<h2>\n\t\tRendimento eccezionale\n\t<\/h2>\n\t<p>Guadagna il 10% di interessi al mese, ben al di sopra di ci\u00f2 che offrono le banche tradizionali. Accelera il tuo percorso verso la libert\u00e0 finanziaria con un potente potenziale di capitalizzazione. <\/p>\n<h2>\n\t\tFacile accesso\n\t<\/h2>\n\t<p>Deposita e preleva in qualsiasi momento-i tuoi fondi sono sempre disponibili senza ritardi o restrizioni, mentre i nostri risparmi sono protetti con sistemi di sicurezza avanzati per la tua tranquillit\u00e0.<\/p>\n<h2>\n\t\tZero commissioni nascoste\n\t<\/h2>\n\t<p>Non ci sono costi nascosti o spese di mantenimento. Ogni centesimo dei tuoi interessi va direttamente a te. Il nostro conto di risparmio aiuta a costruire il tuo futuro finanziario.  <\/p>\n<h3>\n\t\tConto di risparmio Horizons28\n\t<\/h3>\n<h3>\n\t\tFai crescere il tuo capitale, senza sforzo\n\t<\/h3>\n\t<p>In Horizons28, <strong>crediamo che la creazione di ricchezza debba essere semplice e sicura<\/strong>. Il nostro conto di risparmio \u00e8 progettato sia per trader che per risparmiatori-offrendo <strong>alti rendimenti, controllo del conto in tempo reale e gestione senza stress.<\/strong> <\/p>\n\t\t<h4>Interessi ad alte prestazioni<\/h4>\t\t\t\n\t\t\t\t<p>Goditi una crescita mensile del 10% sui tuoi risparmi. Fai lavorare pi\u00f9 duramente i tuoi soldi inattivi. <\/p>\n\t\t<h4>Facile accesso al conto<\/h4>\t\t\t\n\t\t\t\t<p>Gestisci tutto dal nostro intuitivo pannello di controllo online o dall&#8217;app mobile-in qualsiasi momento, ovunque.<\/p>\n\t\t<h4>Contributi flessibili<\/h4>\t\t\t\n\t\t\t\t<p>Inizia con qualsiasi importo che si adatti ai tuoi obiettivi. Modifica i tuoi contributi quando vuoi. <\/p>\n\t\t<h4>Supporto personale<\/h4>\t\t\t\n\t\t\t\t<p>Il nostro team di assistenza clienti \u00e8 qui per te-che tu abbia domande, abbia bisogno di aiuto o voglia approfondimenti strategici.<\/p>\n<h5>\n\t\tInizia in 4 semplici passi\n\t<\/h5>\n\t\t\t\t\t\t\t\t\t\t\t\t\t\t\t<h5>1<\/h5>\n\t\t\t\t\t\t<p>Crea il tuo account<\/p>\t\t\t\t\t\n\t\t\t<!-- END .front -->\n\t\t\t\t\t\t<p>Accedi o registrati per accedere al tuo pannello di risparmio.<\/p>\t\t\t\t\t\n\t\t\t<!-- END .back -->\n\t\t <!-- ifb-flip-box -->\n\t <!-- flip-box -->\n\t\t\t\t\t\t\t\t\t\t\t\t\t\t\t<h5>2<\/h5>\n\t\t\t\t\t\t<p>Finanzia il tuo account<\/p>\t\t\t\t\t\n\t\t\t<!-- END .front -->\n\t\t\t\t\t\t<p>Fai il tuo primo deposito. Non \u00e8 richiesto un saldo minimo per iniziare a guadagnare. <\/p>\t\t\t\t\t\n\t\t\t<!-- END .back -->\n\t\t <!-- ifb-flip-box -->\n\t <!-- flip-box -->\n\t\t\t\t\t\t\t\t\t\t\t\t\t\t\t<h5>3<\/h5>\n\t\t\t\t\t\t<p>Tieni traccia dei tuoi progressi<\/p>\t\t\t\t\t\n\t\t\t<!-- END .front -->\n\t\t\t\t\t\t<p>Guadagna il 10% di interessi mensili-i tuoi risparmi crescono automaticamente.<\/p>\t\t\t\t\t\n\t\t\t<!-- END .back -->\n\t\t <!-- ifb-flip-box -->\n\t <!-- flip-box -->\n\t\t\t\t\t\t\t\t\t\t\t\t\t\t\t<h5>4<\/h5>\n\t\t\t\t\t\t<p>Preleva fondi in qualsiasi momento<\/p>\t\t\t\t\t\n\t\t\t<!-- END .front -->\n\t\t\t\t\t\t<p>Accedi ai tuoi fondi quando ne hai bisogno, senza penali o commissioni.<\/p>\t\t\t\t\t\n\t\t\t<!-- END .back -->\n\t\t <!-- ifb-flip-box -->\n\t <!-- flip-box -->\n<h3>\n\t\tPronto a fare trading in modo pi\u00f9 intelligente? Scopri la vera velocit\u00e0, i veri mercati e risultati reali.\n\t<\/h3>\n\t\t\t<a href=\"https:\/\/area.horizons28.net\/auth\/registration\" target=\"_blank\" rel=\"noopener\">\n\t\t\t\t\t\t\tUnisciti a Horizons28\n\t\t\t<\/a>\n<h1>\n\t\tCostruisci ricchezza in modo pi\u00f9 intelligente\n\t<\/h1>\n\t<p>In Horizons28, crediamo che la costruzione della ricchezza non debba essere complicata-dovrebbe essere semplice, sicura e accessibile a tutti. Ecco perch\u00e9 abbiamo creato un conto di risparmio su misura sia per trader attivi che per risparmiatori comuni. Che tu stia facendo crescere il tuo capitale per investimenti futuri o semplicemente cercando un modo affidabile per ottenere rendimenti costanti, il nostro conto offre una soluzione intelligente.  <\/p>\n<p>Con tassi di interesse altamente competitivi, controllo completo attraverso un pannello di controllo facile da usare e una configurazione senza problemi, Horizons28 rende facile la gestione del tuo denaro. Goditi la fiducia di vedere crescere i tuoi risparmi sapendo che i tuoi fondi sono protetti ad ogni passo. <\/p>\n\t\t\t\t<img loading=\"lazy\" decoding=\"async\" src=\"http:\/\/horizons28.com\/wp-content\/uploads\/2025\/04\/smarter-wealth-building.png\" alt=\"Smarter Wealth Building\" itemprop=\"image\" height=\"580\" width=\"813\" title=\"smarter-wealth-building\" onerror=\"this.style.display='none'\"  \/>\n<h3>\n\t\tPronto a fare trading in modo pi\u00f9 intelligente? Scopri la vera velocit\u00e0, i veri mercati e risultati reali.\n\t<\/h3>\n\t\t\t<a href=\"https:\/\/area.horizons28.net\/auth\/registration\" target=\"_blank\" rel=\"noopener\">\n\t\t\t\t\t\t\tUnisciti a Horizons28\n\t\t\t<\/a>\n\n","protected":false},"excerpt":{"rendered":"<p>Risparmia in modo pi\u00f9 intelligente. Guadagna di pi\u00f9. Fai squadra con altri investitori per far crescere il tuo capitale attraverso opportunit\u00e0 esclusive e ad alta crescita in tutto il mondo. Unisciti a Horizons28 Conto di risparmio Horizons28 Prova una soluzione di risparmio creata per la crescita, la sicurezza e la flessibilit\u00e0. Con un notevole tasso&hellip;<\/p>\n","protected":false},"author":1,"featured_media":0,"parent":0,"menu_order":0,"comment_status":"closed","ping_status":"closed","template":"","meta":{"footnotes":""},"class_list":["post-832","page","type-page","status-publish","hentry"],"yoast_head":"<!-- This site is optimized with the Yoast SEO plugin v27.4 - https:\/\/yoast.com\/product\/yoast-seo-wordpress\/ -->\n<title>Conto risparmio alto interesse | Guadagna con Horizons28<\/title>\n<meta name=\"description\" content=\"10% interessi mensili con Horizons28. Risparmia, guadagna e accedi ai fondi sempre.\" \/>\n<meta name=\"robots\" content=\"index, follow, max-snippet:-1, max-image-preview:large, max-video-preview:-1\" \/>\n<link rel=\"canonical\" href=\"http:\/\/horizons28.com\/it\/conto-di-risparmio\/\" \/>\n<meta property=\"og:locale\" content=\"it_IT\" \/>\n<meta property=\"og:type\" content=\"article\" \/>\n<meta property=\"og:title\" content=\"Conto risparmio alto interesse | Guadagna con Horizons28\" \/>\n<meta property=\"og:description\" content=\"10% interessi mensili con Horizons28. Risparmia, guadagna e accedi ai fondi sempre.\" \/>\n<meta property=\"og:url\" content=\"http:\/\/horizons28.com\/it\/conto-di-risparmio\/\" \/>\n<meta property=\"og:site_name\" content=\"Horizons28\" \/>\n<meta property=\"article:modified_time\" content=\"2025-04-15T06:48:13+00:00\" \/>\n<meta property=\"og:image\" content=\"http:\/\/horizons28.com\/wp-content\/uploads\/2025\/04\/horizons28-savings-account.png\" \/>\n<meta name=\"twitter:card\" content=\"summary_large_image\" \/>\n<meta name=\"twitter:label1\" content=\"Tempo di lettura stimato\" \/>\n\t<meta name=\"twitter:data1\" content=\"3 minuti\" \/>\n<script type=\"application\/ld+json\" class=\"yoast-schema-graph\">{\"@context\":\"https:\\\/\\\/schema.org\",\"@graph\":[{\"@type\":\"WebPage\",\"@id\":\"http:\\\/\\\/horizons28.com\\\/it\\\/conto-di-risparmio\\\/\",\"url\":\"http:\\\/\\\/horizons28.com\\\/it\\\/conto-di-risparmio\\\/\",\"name\":\"Conto risparmio alto interesse | Guadagna con Horizons28\",\"isPartOf\":{\"@id\":\"http:\\\/\\\/horizons28.com\\\/it\\\/#website\"},\"primaryImageOfPage\":{\"@id\":\"http:\\\/\\\/horizons28.com\\\/it\\\/conto-di-risparmio\\\/#primaryimage\"},\"image\":{\"@id\":\"http:\\\/\\\/horizons28.com\\\/it\\\/conto-di-risparmio\\\/#primaryimage\"},\"thumbnailUrl\":\"http:\\\/\\\/horizons28.com\\\/wp-content\\\/uploads\\\/2025\\\/04\\\/horizons28-savings-account.png\",\"datePublished\":\"2025-04-04T07:19:28+00:00\",\"dateModified\":\"2025-04-15T06:48:13+00:00\",\"description\":\"10% interessi mensili con Horizons28. Risparmia, guadagna e accedi ai fondi sempre.\",\"breadcrumb\":{\"@id\":\"http:\\\/\\\/horizons28.com\\\/it\\\/conto-di-risparmio\\\/#breadcrumb\"},\"inLanguage\":\"it-IT\",\"potentialAction\":[{\"@type\":\"ReadAction\",\"target\":[\"http:\\\/\\\/horizons28.com\\\/it\\\/conto-di-risparmio\\\/\"]}]},{\"@type\":\"ImageObject\",\"inLanguage\":\"it-IT\",\"@id\":\"http:\\\/\\\/horizons28.com\\\/it\\\/conto-di-risparmio\\\/#primaryimage\",\"url\":\"http:\\\/\\\/horizons28.com\\\/wp-content\\\/uploads\\\/2025\\\/04\\\/horizons28-savings-account.png\",\"contentUrl\":\"http:\\\/\\\/horizons28.com\\\/wp-content\\\/uploads\\\/2025\\\/04\\\/horizons28-savings-account.png\"},{\"@type\":\"BreadcrumbList\",\"@id\":\"http:\\\/\\\/horizons28.com\\\/it\\\/conto-di-risparmio\\\/#breadcrumb\",\"itemListElement\":[{\"@type\":\"ListItem\",\"position\":1,\"name\":\"Home\",\"item\":\"https:\\\/\\\/horizons28.com\\\/it\\\/\"},{\"@type\":\"ListItem\",\"position\":2,\"name\":\"Conto di risparmio\"}]},{\"@type\":\"WebSite\",\"@id\":\"http:\\\/\\\/horizons28.com\\\/it\\\/#website\",\"url\":\"http:\\\/\\\/horizons28.com\\\/it\\\/\",\"name\":\"Horizons28\",\"description\":\"\",\"potentialAction\":[{\"@type\":\"SearchAction\",\"target\":{\"@type\":\"EntryPoint\",\"urlTemplate\":\"http:\\\/\\\/horizons28.com\\\/it\\\/?s={search_term_string}\"},\"query-input\":{\"@type\":\"PropertyValueSpecification\",\"valueRequired\":true,\"valueName\":\"search_term_string\"}}],\"inLanguage\":\"it-IT\"}]}<\/script>\n<!-- \/ Yoast SEO plugin. -->","yoast_head_json":{"title":"Conto risparmio alto interesse | Guadagna con Horizons28","description":"10% interessi mensili con Horizons28. Risparmia, guadagna e accedi ai fondi sempre.","robots":{"index":"index","follow":"follow","max-snippet":"max-snippet:-1","max-image-preview":"max-image-preview:large","max-video-preview":"max-video-preview:-1"},"canonical":"http:\/\/horizons28.com\/it\/conto-di-risparmio\/","og_locale":"it_IT","og_type":"article","og_title":"Conto risparmio alto interesse | Guadagna con Horizons28","og_description":"10% interessi mensili con Horizons28. Risparmia, guadagna e accedi ai fondi sempre.","og_url":"http:\/\/horizons28.com\/it\/conto-di-risparmio\/","og_site_name":"Horizons28","article_modified_time":"2025-04-15T06:48:13+00:00","og_image":[{"url":"http:\/\/horizons28.com\/wp-content\/uploads\/2025\/04\/horizons28-savings-account.png","type":"","width":"","height":""}],"twitter_card":"summary_large_image","twitter_misc":{"Tempo di lettura stimato":"3 minuti"},"schema":{"@context":"https:\/\/schema.org","@graph":[{"@type":"WebPage","@id":"http:\/\/horizons28.com\/it\/conto-di-risparmio\/","url":"http:\/\/horizons28.com\/it\/conto-di-risparmio\/","name":"Conto risparmio alto interesse | Guadagna con Horizons28","isPartOf":{"@id":"http:\/\/horizons28.com\/it\/#website"},"primaryImageOfPage":{"@id":"http:\/\/horizons28.com\/it\/conto-di-risparmio\/#primaryimage"},"image":{"@id":"http:\/\/horizons28.com\/it\/conto-di-risparmio\/#primaryimage"},"thumbnailUrl":"http:\/\/horizons28.com\/wp-content\/uploads\/2025\/04\/horizons28-savings-account.png","datePublished":"2025-04-04T07:19:28+00:00","dateModified":"2025-04-15T06:48:13+00:00","description":"10% interessi mensili con Horizons28. Risparmia, guadagna e accedi ai fondi sempre.","breadcrumb":{"@id":"http:\/\/horizons28.com\/it\/conto-di-risparmio\/#breadcrumb"},"inLanguage":"it-IT","potentialAction":[{"@type":"ReadAction","target":["http:\/\/horizons28.com\/it\/conto-di-risparmio\/"]}]},{"@type":"ImageObject","inLanguage":"it-IT","@id":"http:\/\/horizons28.com\/it\/conto-di-risparmio\/#primaryimage","url":"http:\/\/horizons28.com\/wp-content\/uploads\/2025\/04\/horizons28-savings-account.png","contentUrl":"http:\/\/horizons28.com\/wp-content\/uploads\/2025\/04\/horizons28-savings-account.png"},{"@type":"BreadcrumbList","@id":"http:\/\/horizons28.com\/it\/conto-di-risparmio\/#breadcrumb","itemListElement":[{"@type":"ListItem","position":1,"name":"Home","item":"https:\/\/horizons28.com\/it\/"},{"@type":"ListItem","position":2,"name":"Conto di risparmio"}]},{"@type":"WebSite","@id":"http:\/\/horizons28.com\/it\/#website","url":"http:\/\/horizons28.com\/it\/","name":"Horizons28","description":"","potentialAction":[{"@type":"SearchAction","target":{"@type":"EntryPoint","urlTemplate":"http:\/\/horizons28.com\/it\/?s={search_term_string}"},"query-input":{"@type":"PropertyValueSpecification","valueRequired":true,"valueName":"search_term_string"}}],"inLanguage":"it-IT"}]}},"_links":{"self":[{"href":"http:\/\/horizons28.com\/it\/wp-json\/wp\/v2\/pages\/832","targetHints":{"allow":["GET"]}}],"collection":[{"href":"http:\/\/horizons28.com\/it\/wp-json\/wp\/v2\/pages"}],"about":[{"href":"http:\/\/horizons28.com\/it\/wp-json\/wp\/v2\/types\/page"}],"author":[{"embeddable":true,"href":"http:\/\/horizons28.com\/it\/wp-json\/wp\/v2\/users\/1"}],"replies":[{"embeddable":true,"href":"http:\/\/horizons28.com\/it\/wp-json\/wp\/v2\/comments?post=832"}],"version-history":[{"count":2,"href":"http:\/\/horizons28.com\/it\/wp-json\/wp\/v2\/pages\/832\/revisions"}],"predecessor-version":[{"id":1124,"href":"http:\/\/horizons28.com\/it\/wp-json\/wp\/v2\/pages\/832\/revisions\/1124"}],"wp:attachment":[{"href":"http:\/\/horizons28.com\/it\/wp-json\/wp\/v2\/media?parent=832"}],"curies":[{"name":"wp","href":"https:\/\/api.w.org\/{rel}","templated":true}]}}