{"id":837,"date":"2025-04-03T11:39:07","date_gmt":"2025-04-03T11:39:07","guid":{"rendered":"http:\/\/horizons28.com\/piattaforma-di-trading\/"},"modified":"2025-04-15T06:37:37","modified_gmt":"2025-04-15T06:37:37","slug":"piattaforma-di-trading","status":"publish","type":"page","link":"http:\/\/horizons28.com\/it\/piattaforma-di-trading\/","title":{"rendered":"Piattaforma di Trading"},"content":{"rendered":"\n<h1>\n\t\tHorizons28. Trading All-in-One. \n\t<\/h1>\n\t<p>Fai trading con un&#8217;esecuzione velocissima, prezzi in tempo reale, strumenti di grafica avanzati e un&#8217;interfaccia facile da usare.<\/p>\n\t\t\t<a href=\"https:\/\/area.horizons28.net\/auth\/registration\" target=\"_blank\" rel=\"noopener\">\n\t\t\t\t\t\t\tUnisciti a Horizons28\n\t\t\t<\/a>\n\t\t\t\t<img loading=\"lazy\" decoding=\"async\" src=\"http:\/\/horizons28.com\/wp-content\/uploads\/2025\/04\/horizons28-trading-platform.png\" alt=\"Horizons28 Trading Platform\" itemprop=\"image\" height=\"500\" width=\"600\" title=\"horizons28-trading-platform\" onerror=\"this.style.display='none'\"  \/>\n\t\t\t<h2>Horizons28: La Tua Esperienza di Trading Web All-in-One<\/h2>\t\t\t\n\t\t\t\t<p>Horizons28 \u00e8 una piattaforma web ad alte prestazioni per i trader che richiedono velocit\u00e0, flessibilit\u00e0 e controllo. Alimentata da un&#8217;infrastruttura di nuova generazione, offre un&#8217;esperienza di trading senza intoppi senza download o installazioni, dandoti accesso istantaneo ai mercati globali da qualsiasi dispositivo. <\/p>\n<h3>\n\t\tNiente Download. Niente Limiti. Fai Trading Ovunque.  \n\t<\/h3>\n\t<p>Con Horizons28, fare trading \u00e8 facile come aprire il browser.<\/p>\n<p>Che tu stia usando un desktop, un laptop o un dispositivo mobile, la piattaforma funziona senza problemi su Windows, macOS, Linux, iOS e Android. <strong>Non \u00e8 richiesta alcuna configurazione: accedi e inizia a fare trading.<\/strong><\/p>\n<p>Ogni sessione \u00e8 protetta con crittografia end-to-end, mantenendo i tuoi dati al sicuro anche su reti condivise o pubbliche.<\/p>\n<h3>\n\t\tCostruita per la Velocit\u00e0: Esecuzione Alimentata dal Cloud\n\t<\/h3>\n\t<p>Horizons28 offre un&#8217;esecuzione ultra-rapida sfruttando l&#8217;architettura cloud e i data center di livello professionale.<\/p>\n<p>Le operazioni vengono instradata attraverso ambienti a bassa latenza per <strong>esecuzioni pi\u00f9 rapide e una gestione degli ordini pi\u00f9 precisa<\/strong>.<\/p>\n<p>Che tu stia facendo scalping o gestendo grandi posizioni, benefici di <strong>un flusso di ordini rapido con slittamento minimo<\/strong>.<\/p>\n<p>Fai trading su tutte le nostre classi di asset con un&#8217;esecuzione eccezionale.<\/p>\n<h3>\n\t\tTrading Intelligente con Capacit\u00e0 Algoritmiche\n\t<\/h3>\n\t<p>Automatizza la tua strategia con il supporto per il trading algoritmico. Horizons28 ti permette di eseguire <strong>script personalizzati e bot direttamente all&#8217;interno della piattaforma<\/strong> e agire sulle opportunit\u00e0 senza input manuale. <\/p>\n<p>Per gli utenti avanzati, la piattaforma \u00e8 anche ottimizzata per il <strong>trading ad alta frequenza<\/strong>, consentendo un&#8217;esecuzione automatizzata veloce con prestazioni costanti sotto pressione.<\/p>\n<h3>\n\t\tPersonalizza la Tua Visualizzazione con Opzioni Multiple\n\t<\/h3>\n\t<p>Analizza i mercati a modo tuo con finestre grafiche multiple e selezione flessibile del timeframe. <strong>Confronta asset fianco a fianco o visualizza lo stesso strumento su diversi timeframe<\/strong> \u2013 dalle visualizzazioni di scalping al minuto ai grafici giornalieri a lungo termine.<\/p>\n<p>Il sistema di grafici avanzato di Horizons28 supporta <strong>strumenti di disegno, indicatori e overlay<\/strong> per adattarsi a ogni stile di trading.<\/p>\n<h3>\n\t\tPronto a fare trading in modo pi\u00f9 intelligente? Scopri la vera velocit\u00e0, i veri mercati e risultati reali.\n\t<\/h3>\n\t\t\t<a href=\"https:\/\/area.horizons28.net\/auth\/registration\" target=\"_blank\" rel=\"noopener\">\n\t\t\t\t\t\t\tUnisciti a Horizons28\n\t\t\t<\/a>\n\n","protected":false},"excerpt":{"rendered":"<p>Horizons28. Trading All-in-One. Fai trading con un&#8217;esecuzione velocissima, prezzi in tempo reale, strumenti di grafica avanzati e un&#8217;interfaccia facile da usare. Unisciti a Horizons28 Horizons28: La Tua Esperienza di Trading Web All-in-One Horizons28 \u00e8 una piattaforma web ad alte prestazioni per i trader che richiedono velocit\u00e0, flessibilit\u00e0 e controllo. Alimentata da un&#8217;infrastruttura di nuova generazione,&hellip;<\/p>\n","protected":false},"author":1,"featured_media":0,"parent":0,"menu_order":0,"comment_status":"closed","ping_status":"closed","template":"","meta":{"footnotes":""},"class_list":["post-837","page","type-page","status-publish","hentry"],"yoast_head":"<!-- This site is optimized with the Yoast SEO plugin v27.4 - https:\/\/yoast.com\/product\/yoast-seo-wordpress\/ -->\n<title>Piattaforma Trading | Veloce e Sicura | Horizons28<\/title>\n<meta name=\"description\" content=\"Trading sicuro su Horizons28: esecuzione rapida, strumenti avanzati, esperienza fluida.\" \/>\n<meta name=\"robots\" content=\"index, follow, max-snippet:-1, max-image-preview:large, max-video-preview:-1\" \/>\n<link rel=\"canonical\" href=\"http:\/\/horizons28.com\/it\/piattaforma-di-trading\/\" \/>\n<meta property=\"og:locale\" content=\"it_IT\" \/>\n<meta property=\"og:type\" content=\"article\" \/>\n<meta property=\"og:title\" content=\"Piattaforma Trading | Veloce e Sicura | Horizons28\" \/>\n<meta property=\"og:description\" content=\"Trading sicuro su Horizons28: esecuzione rapida, strumenti avanzati, esperienza fluida.\" \/>\n<meta property=\"og:url\" content=\"http:\/\/horizons28.com\/it\/piattaforma-di-trading\/\" \/>\n<meta property=\"og:site_name\" content=\"Horizons28\" \/>\n<meta property=\"article:modified_time\" content=\"2025-04-15T06:37:37+00:00\" \/>\n<meta property=\"og:image\" content=\"http:\/\/horizons28.com\/wp-content\/uploads\/2025\/04\/horizons28-trading-platform.png\" \/>\n<meta name=\"twitter:card\" content=\"summary_large_image\" \/>\n<meta name=\"twitter:label1\" content=\"Tempo di lettura stimato\" \/>\n\t<meta name=\"twitter:data1\" content=\"2 minuti\" \/>\n<script type=\"application\/ld+json\" class=\"yoast-schema-graph\">{\"@context\":\"https:\\\/\\\/schema.org\",\"@graph\":[{\"@type\":\"WebPage\",\"@id\":\"http:\\\/\\\/horizons28.com\\\/it\\\/piattaforma-di-trading\\\/\",\"url\":\"http:\\\/\\\/horizons28.com\\\/it\\\/piattaforma-di-trading\\\/\",\"name\":\"Piattaforma Trading | Veloce e Sicura | Horizons28\",\"isPartOf\":{\"@id\":\"http:\\\/\\\/horizons28.com\\\/it\\\/#website\"},\"primaryImageOfPage\":{\"@id\":\"http:\\\/\\\/horizons28.com\\\/it\\\/piattaforma-di-trading\\\/#primaryimage\"},\"image\":{\"@id\":\"http:\\\/\\\/horizons28.com\\\/it\\\/piattaforma-di-trading\\\/#primaryimage\"},\"thumbnailUrl\":\"http:\\\/\\\/horizons28.com\\\/wp-content\\\/uploads\\\/2025\\\/04\\\/horizons28-trading-platform.png\",\"datePublished\":\"2025-04-03T11:39:07+00:00\",\"dateModified\":\"2025-04-15T06:37:37+00:00\",\"description\":\"Trading sicuro su Horizons28: esecuzione rapida, strumenti avanzati, esperienza fluida.\",\"breadcrumb\":{\"@id\":\"http:\\\/\\\/horizons28.com\\\/it\\\/piattaforma-di-trading\\\/#breadcrumb\"},\"inLanguage\":\"it-IT\",\"potentialAction\":[{\"@type\":\"ReadAction\",\"target\":[\"http:\\\/\\\/horizons28.com\\\/it\\\/piattaforma-di-trading\\\/\"]}]},{\"@type\":\"ImageObject\",\"inLanguage\":\"it-IT\",\"@id\":\"http:\\\/\\\/horizons28.com\\\/it\\\/piattaforma-di-trading\\\/#primaryimage\",\"url\":\"http:\\\/\\\/horizons28.com\\\/wp-content\\\/uploads\\\/2025\\\/04\\\/horizons28-trading-platform.png\",\"contentUrl\":\"http:\\\/\\\/horizons28.com\\\/wp-content\\\/uploads\\\/2025\\\/04\\\/horizons28-trading-platform.png\"},{\"@type\":\"BreadcrumbList\",\"@id\":\"http:\\\/\\\/horizons28.com\\\/it\\\/piattaforma-di-trading\\\/#breadcrumb\",\"itemListElement\":[{\"@type\":\"ListItem\",\"position\":1,\"name\":\"Home\",\"item\":\"https:\\\/\\\/horizons28.com\\\/it\\\/\"},{\"@type\":\"ListItem\",\"position\":2,\"name\":\"Piattaforma di Trading\"}]},{\"@type\":\"WebSite\",\"@id\":\"http:\\\/\\\/horizons28.com\\\/it\\\/#website\",\"url\":\"http:\\\/\\\/horizons28.com\\\/it\\\/\",\"name\":\"Horizons28\",\"description\":\"\",\"potentialAction\":[{\"@type\":\"SearchAction\",\"target\":{\"@type\":\"EntryPoint\",\"urlTemplate\":\"http:\\\/\\\/horizons28.com\\\/it\\\/?s={search_term_string}\"},\"query-input\":{\"@type\":\"PropertyValueSpecification\",\"valueRequired\":true,\"valueName\":\"search_term_string\"}}],\"inLanguage\":\"it-IT\"}]}<\/script>\n<!-- \/ Yoast SEO plugin. -->","yoast_head_json":{"title":"Piattaforma Trading | Veloce e Sicura | Horizons28","description":"Trading sicuro su Horizons28: esecuzione rapida, strumenti avanzati, esperienza fluida.","robots":{"index":"index","follow":"follow","max-snippet":"max-snippet:-1","max-image-preview":"max-image-preview:large","max-video-preview":"max-video-preview:-1"},"canonical":"http:\/\/horizons28.com\/it\/piattaforma-di-trading\/","og_locale":"it_IT","og_type":"article","og_title":"Piattaforma Trading | Veloce e Sicura | Horizons28","og_description":"Trading sicuro su Horizons28: esecuzione rapida, strumenti avanzati, esperienza fluida.","og_url":"http:\/\/horizons28.com\/it\/piattaforma-di-trading\/","og_site_name":"Horizons28","article_modified_time":"2025-04-15T06:37:37+00:00","og_image":[{"url":"http:\/\/horizons28.com\/wp-content\/uploads\/2025\/04\/horizons28-trading-platform.png","type":"","width":"","height":""}],"twitter_card":"summary_large_image","twitter_misc":{"Tempo di lettura stimato":"2 minuti"},"schema":{"@context":"https:\/\/schema.org","@graph":[{"@type":"WebPage","@id":"http:\/\/horizons28.com\/it\/piattaforma-di-trading\/","url":"http:\/\/horizons28.com\/it\/piattaforma-di-trading\/","name":"Piattaforma Trading | Veloce e Sicura | Horizons28","isPartOf":{"@id":"http:\/\/horizons28.com\/it\/#website"},"primaryImageOfPage":{"@id":"http:\/\/horizons28.com\/it\/piattaforma-di-trading\/#primaryimage"},"image":{"@id":"http:\/\/horizons28.com\/it\/piattaforma-di-trading\/#primaryimage"},"thumbnailUrl":"http:\/\/horizons28.com\/wp-content\/uploads\/2025\/04\/horizons28-trading-platform.png","datePublished":"2025-04-03T11:39:07+00:00","dateModified":"2025-04-15T06:37:37+00:00","description":"Trading sicuro su Horizons28: esecuzione rapida, strumenti avanzati, esperienza fluida.","breadcrumb":{"@id":"http:\/\/horizons28.com\/it\/piattaforma-di-trading\/#breadcrumb"},"inLanguage":"it-IT","potentialAction":[{"@type":"ReadAction","target":["http:\/\/horizons28.com\/it\/piattaforma-di-trading\/"]}]},{"@type":"ImageObject","inLanguage":"it-IT","@id":"http:\/\/horizons28.com\/it\/piattaforma-di-trading\/#primaryimage","url":"http:\/\/horizons28.com\/wp-content\/uploads\/2025\/04\/horizons28-trading-platform.png","contentUrl":"http:\/\/horizons28.com\/wp-content\/uploads\/2025\/04\/horizons28-trading-platform.png"},{"@type":"BreadcrumbList","@id":"http:\/\/horizons28.com\/it\/piattaforma-di-trading\/#breadcrumb","itemListElement":[{"@type":"ListItem","position":1,"name":"Home","item":"https:\/\/horizons28.com\/it\/"},{"@type":"ListItem","position":2,"name":"Piattaforma di Trading"}]},{"@type":"WebSite","@id":"http:\/\/horizons28.com\/it\/#website","url":"http:\/\/horizons28.com\/it\/","name":"Horizons28","description":"","potentialAction":[{"@type":"SearchAction","target":{"@type":"EntryPoint","urlTemplate":"http:\/\/horizons28.com\/it\/?s={search_term_string}"},"query-input":{"@type":"PropertyValueSpecification","valueRequired":true,"valueName":"search_term_string"}}],"inLanguage":"it-IT"}]}},"_links":{"self":[{"href":"http:\/\/horizons28.com\/it\/wp-json\/wp\/v2\/pages\/837","targetHints":{"allow":["GET"]}}],"collection":[{"href":"http:\/\/horizons28.com\/it\/wp-json\/wp\/v2\/pages"}],"about":[{"href":"http:\/\/horizons28.com\/it\/wp-json\/wp\/v2\/types\/page"}],"author":[{"embeddable":true,"href":"http:\/\/horizons28.com\/it\/wp-json\/wp\/v2\/users\/1"}],"replies":[{"embeddable":true,"href":"http:\/\/horizons28.com\/it\/wp-json\/wp\/v2\/comments?post=837"}],"version-history":[{"count":1,"href":"http:\/\/horizons28.com\/it\/wp-json\/wp\/v2\/pages\/837\/revisions"}],"predecessor-version":[{"id":1107,"href":"http:\/\/horizons28.com\/it\/wp-json\/wp\/v2\/pages\/837\/revisions\/1107"}],"wp:attachment":[{"href":"http:\/\/horizons28.com\/it\/wp-json\/wp\/v2\/media?parent=837"}],"curies":[{"name":"wp","href":"https:\/\/api.w.org\/{rel}","templated":true}]}}