{"id":855,"date":"2025-04-04T07:20:13","date_gmt":"2025-04-04T07:20:13","guid":{"rendered":"http:\/\/horizons28.com\/pool-di-investimento\/"},"modified":"2025-04-15T06:46:16","modified_gmt":"2025-04-15T06:46:16","slug":"pool-di-investimento","status":"publish","type":"page","link":"http:\/\/horizons28.com\/it\/pool-di-investimento\/","title":{"rendered":"Pool di investimento"},"content":{"rendered":"\n<h1>\n\t\tInvesti in modo pi\u00f9 intelligente. Insieme.\n\t<\/h1>\n\t<p>Unisci le forze con altri investitori per accedere a opportunit\u00e0 diversificate e ad alto potenziale nei mercati globali.<\/p>\n\t\t\t<a href=\"https:\/\/area.horizons28.net\/auth\/registration\" target=\"_blank\" rel=\"noopener\">\n\t\t\t\t\t\t\tUnisciti a Horizons28\n\t\t\t<\/a>\n\t\t\t\t<img loading=\"lazy\" decoding=\"async\" src=\"http:\/\/horizons28.com\/wp-content\/uploads\/2025\/04\/horizons28-investment-pool.png\" alt=\"Horizons28 Investment Pool\" itemprop=\"image\" height=\"500\" width=\"600\" title=\"horizons28-investment-pool\" onerror=\"this.style.display='none'\"  \/>\n<h2>\n\t\tPool di investimento Horizons28\n\t<\/h2>\n\t<p>Entra nel futuro degli investimenti con il <strong>Pool di investimento Horizons28<\/strong> \u2013 una piattaforma moderna che riunisce gli investitori per collaborare, mettere in comune i fondi e accedere a <strong>opportunit\u00e0 di crescita esclusive<\/strong>. Che tu sia nuovo agli investimenti o gi\u00e0 esperto, la nostra comunit\u00e0 <strong>ti aiuta a costruire un portafoglio pi\u00f9 solido mentre crei connessioni finanziarie significative.<\/strong><\/p>\n<h2>\n\t\tInvesti insieme\n\t<\/h2>\n\t<p>Metti in comune il tuo capitale con altri per sbloccare opportunit\u00e0 di investimento premium.<\/p>\n<h2>\n\t\tImpara insieme\n\t<\/h2>\n\t<p>Condividi strategie e idee con altri investitori e professionisti finanziari.<\/p>\n<h2>\n\t\tGuadagna insieme\n\t<\/h2>\n\t<p>Distribuisci il tuo investimento su diversi mercati per proteggere e far crescere il tuo capitale.<\/p>\n<h3>\n\t\tCaratteristiche del Pool di investimento\n\t<\/h3>\n<h3>\n\t\tScopri investimenti pi\u00f9 intelligenti con Horizons28\n\t<\/h3>\n\t<p>Il Pool di investimento Horizons28 \u00e8 progettato per <strong>aiutare gli investitori a far crescere il loro denaro attraverso la collaborazione e l&#8217;accesso a progetti di investimento selezionati<\/strong>. Che tu stia iniziando ora o stia gi\u00e0 costruendo la tua ricchezza, <strong>questa \u00e8 la tua porta d&#8217;accesso a investimenti pi\u00f9 intelligenti e connessi.<\/strong><\/p>\n\t\t<h4>Accedi a opportunit\u00e0 di investimento premium<\/h4>\t\t\t\n\t\t\t\t<p>Entra in opportunit\u00e0 ad alto potenziale solitamente disponibili solo per grandi investitori.<\/p>\n\t\t<h4>Riduci il tuo rischio<\/h4>\t\t\t\n\t\t\t\t<p>Diversifica i tuoi fondi in diversi settori e tipi di asset e riduci la tua esposizione al rischio di trading.<\/p>\n\t\t<h4>Espandi il tuo network<\/h4>\t\t\t\n\t\t\t\t<p>Connettiti con analisti di mercato, investitori esperti e imprenditori.<\/p>\n\t\t<h4>Traccia i tuoi investimenti<\/h4>\t\t\t\n\t\t\t\t<p>Visualizza dati sulle prestazioni in tempo reale con completa trasparenza e protezione della piattaforma.<\/p>\n<h5>\n\t\tInizia in 4 semplici passi\n\t<\/h5>\n\t\t\t\t\t\t\t\t\t\t\t\t\t\t\t<h5>1<\/h5>\n\t\t\t\t\t\t<p>Registrati e verifica<\/p>\t\t\t\t\t\n\t\t\t<!-- END .front -->\n\t\t\t\t\t\t<p>Crea il tuo account attraverso il nostro rapido processo di registrazione.<\/p>\t\t\t\t\t\n\t\t\t<!-- END .back -->\n\t\t <!-- ifb-flip-box -->\n\t <!-- flip-box -->\n\t\t\t\t\t\t\t\t\t\t\t\t\t\t\t<h5>2<\/h5>\n\t\t\t\t\t\t<p>Unisciti al Pool<\/p>\t\t\t\t\t\n\t\t\t<!-- END .front -->\n\t\t\t\t\t\t<p>Scegli quanto vuoi investire e contribuisci al pool della comunit\u00e0.<\/p>\t\t\t\t\t\n\t\t\t<!-- END .back -->\n\t\t <!-- ifb-flip-box -->\n\t <!-- flip-box -->\n\t\t\t\t\t\t\t\t\t\t\t\t\t\t\t<h5>3<\/h5>\n\t\t\t\t\t\t<p>Seleziona l&#8217;investimento<\/p>\t\t\t\t\t\n\t\t\t<!-- END .front -->\n\t\t\t\t\t\t<p>Scegli tra una variet\u00e0 di progetti selezionati ad alto potenziale.<\/p>\t\t\t\t\t\n\t\t\t<!-- END .back -->\n\t\t <!-- ifb-flip-box -->\n\t <!-- flip-box -->\n\t\t\t\t\t\t\t\t\t\t\t\t\t\t\t<h5>4<\/h5>\n\t\t\t\t\t\t<p>Monitora e modifica<\/p>\t\t\t\t\t\n\t\t\t<!-- END .front -->\n\t\t\t\t\t\t<p>Monitora le tue prestazioni e reinvesti i guadagni mentre cresci.<\/p>\t\t\t\t\t\n\t\t\t<!-- END .back -->\n\t\t <!-- ifb-flip-box -->\n\t <!-- flip-box -->\n<h3>\n\t\tPronto a fare trading in modo pi\u00f9 intelligente? Scopri la vera velocit\u00e0, i veri mercati e risultati reali.\n\t<\/h3>\n\t\t\t<a href=\"https:\/\/area.horizons28.net\/auth\/registration\" target=\"_blank\" rel=\"noopener\">\n\t\t\t\t\t\t\tUnisciti a Horizons28\n\t\t\t<\/a>\n<h1>\n\t\tEsplora le nostre opzioni di investimento\n\t<\/h1>\n\t<p>Con Horizons28, puoi accedere a un&#8217;ampia gamma di scelte di investimento:<\/p>\n<strong>Azioni  ETF<\/strong><br \/>\nInvesti in azioni ben studiate e fondi negoziati in borsa diversificati.\n<strong>Investimenti sostenibili<\/strong><br \/>\nSupporta imprese eco-friendly e socialmente responsabili che offrono anche solidi rendimenti.\n\t\t\t\t<img loading=\"lazy\" decoding=\"async\" src=\"http:\/\/horizons28.com\/wp-content\/uploads\/2025\/04\/investment-options.png\" alt=\"Investment Options\" itemprop=\"image\" height=\"580\" width=\"813\" title=\"investment-options\" onerror=\"this.style.display='none'\"  \/>\n\t<p>Il Pool di investimento Horizons28 \u00e8 progettato per una vasta gamma di partecipanti. <strong>\u00c8 ideale per gli investitori di tutti i giorni che mirano a costruire ricchezza a lungo termine, imprenditori e proprietari di piccole imprese in cerca di opportunit\u00e0 di finanziamento innovative, e aspiranti trader che vogliono imparare e crescere all&#8217;interno di un ambiente di investimento favorevole.<\/strong><\/p>\n<h3>\n\t\tPronto a fare trading in modo pi\u00f9 intelligente? Scopri la vera velocit\u00e0, i veri mercati e risultati reali.\n\t<\/h3>\n\t\t\t<a href=\"https:\/\/area.horizons28.net\/auth\/registration\" target=\"_blank\" rel=\"noopener\">\n\t\t\t\t\t\t\tUnisciti a Horizons28\n\t\t\t<\/a>\n\n","protected":false},"excerpt":{"rendered":"<p>Investi in modo pi\u00f9 intelligente. Insieme. Unisci le forze con altri investitori per accedere a opportunit\u00e0 diversificate e ad alto potenziale nei mercati globali. Unisciti a Horizons28 Pool di investimento Horizons28 Entra nel futuro degli investimenti con il Pool di investimento Horizons28 \u2013 una piattaforma moderna che riunisce gli investitori per collaborare, mettere in comune&hellip;<\/p>\n","protected":false},"author":1,"featured_media":0,"parent":0,"menu_order":0,"comment_status":"closed","ping_status":"closed","template":"","meta":{"footnotes":""},"class_list":["post-855","page","type-page","status-publish","hentry"],"yoast_head":"<!-- This site is optimized with the Yoast SEO plugin v27.4 - https:\/\/yoast.com\/product\/yoast-seo-wordpress\/ -->\n<title>Pool d&#039;investimento collaborativo Horizons28<\/title>\n<meta name=\"description\" content=\"Unisciti al Pool di investimento Horizons28 e fai crescere il tuo capitale insieme a una comunit\u00e0 di investitori. Accedi a opportunit\u00e0 diversificate e ad alto rendimento.\" \/>\n<meta name=\"robots\" content=\"index, follow, max-snippet:-1, max-image-preview:large, max-video-preview:-1\" \/>\n<link rel=\"canonical\" href=\"http:\/\/horizons28.com\/it\/pool-di-investimento\/\" \/>\n<meta property=\"og:locale\" content=\"it_IT\" \/>\n<meta property=\"og:type\" content=\"article\" \/>\n<meta property=\"og:title\" content=\"Pool d&#039;investimento collaborativo Horizons28\" \/>\n<meta property=\"og:description\" content=\"Unisciti al Pool di investimento Horizons28 e fai crescere il tuo capitale insieme a una comunit\u00e0 di investitori. Accedi a opportunit\u00e0 diversificate e ad alto rendimento.\" \/>\n<meta property=\"og:url\" content=\"http:\/\/horizons28.com\/it\/pool-di-investimento\/\" \/>\n<meta property=\"og:site_name\" content=\"Horizons28\" \/>\n<meta property=\"article:modified_time\" content=\"2025-04-15T06:46:16+00:00\" \/>\n<meta property=\"og:image\" content=\"http:\/\/horizons28.com\/wp-content\/uploads\/2025\/04\/horizons28-investment-pool.png\" \/>\n<meta name=\"twitter:card\" content=\"summary_large_image\" \/>\n<meta name=\"twitter:label1\" content=\"Tempo di lettura stimato\" \/>\n\t<meta name=\"twitter:data1\" content=\"2 minuti\" \/>\n<script type=\"application\/ld+json\" class=\"yoast-schema-graph\">{\"@context\":\"https:\\\/\\\/schema.org\",\"@graph\":[{\"@type\":\"WebPage\",\"@id\":\"http:\\\/\\\/horizons28.com\\\/it\\\/pool-di-investimento\\\/\",\"url\":\"http:\\\/\\\/horizons28.com\\\/it\\\/pool-di-investimento\\\/\",\"name\":\"Pool d'investimento collaborativo Horizons28\",\"isPartOf\":{\"@id\":\"http:\\\/\\\/horizons28.com\\\/it\\\/#website\"},\"primaryImageOfPage\":{\"@id\":\"http:\\\/\\\/horizons28.com\\\/it\\\/pool-di-investimento\\\/#primaryimage\"},\"image\":{\"@id\":\"http:\\\/\\\/horizons28.com\\\/it\\\/pool-di-investimento\\\/#primaryimage\"},\"thumbnailUrl\":\"http:\\\/\\\/horizons28.com\\\/wp-content\\\/uploads\\\/2025\\\/04\\\/horizons28-investment-pool.png\",\"datePublished\":\"2025-04-04T07:20:13+00:00\",\"dateModified\":\"2025-04-15T06:46:16+00:00\",\"description\":\"Unisciti al Pool di investimento Horizons28 e fai crescere il tuo capitale insieme a una comunit\u00e0 di investitori. Accedi a opportunit\u00e0 diversificate e ad alto rendimento.\",\"breadcrumb\":{\"@id\":\"http:\\\/\\\/horizons28.com\\\/it\\\/pool-di-investimento\\\/#breadcrumb\"},\"inLanguage\":\"it-IT\",\"potentialAction\":[{\"@type\":\"ReadAction\",\"target\":[\"http:\\\/\\\/horizons28.com\\\/it\\\/pool-di-investimento\\\/\"]}]},{\"@type\":\"ImageObject\",\"inLanguage\":\"it-IT\",\"@id\":\"http:\\\/\\\/horizons28.com\\\/it\\\/pool-di-investimento\\\/#primaryimage\",\"url\":\"http:\\\/\\\/horizons28.com\\\/wp-content\\\/uploads\\\/2025\\\/04\\\/horizons28-investment-pool.png\",\"contentUrl\":\"http:\\\/\\\/horizons28.com\\\/wp-content\\\/uploads\\\/2025\\\/04\\\/horizons28-investment-pool.png\"},{\"@type\":\"BreadcrumbList\",\"@id\":\"http:\\\/\\\/horizons28.com\\\/it\\\/pool-di-investimento\\\/#breadcrumb\",\"itemListElement\":[{\"@type\":\"ListItem\",\"position\":1,\"name\":\"Home\",\"item\":\"https:\\\/\\\/horizons28.com\\\/it\\\/\"},{\"@type\":\"ListItem\",\"position\":2,\"name\":\"Pool di investimento\"}]},{\"@type\":\"WebSite\",\"@id\":\"http:\\\/\\\/horizons28.com\\\/it\\\/#website\",\"url\":\"http:\\\/\\\/horizons28.com\\\/it\\\/\",\"name\":\"Horizons28\",\"description\":\"\",\"potentialAction\":[{\"@type\":\"SearchAction\",\"target\":{\"@type\":\"EntryPoint\",\"urlTemplate\":\"http:\\\/\\\/horizons28.com\\\/it\\\/?s={search_term_string}\"},\"query-input\":{\"@type\":\"PropertyValueSpecification\",\"valueRequired\":true,\"valueName\":\"search_term_string\"}}],\"inLanguage\":\"it-IT\"}]}<\/script>\n<!-- \/ Yoast SEO plugin. -->","yoast_head_json":{"title":"Pool d'investimento collaborativo Horizons28","description":"Unisciti al Pool di investimento Horizons28 e fai crescere il tuo capitale insieme a una comunit\u00e0 di investitori. Accedi a opportunit\u00e0 diversificate e ad alto rendimento.","robots":{"index":"index","follow":"follow","max-snippet":"max-snippet:-1","max-image-preview":"max-image-preview:large","max-video-preview":"max-video-preview:-1"},"canonical":"http:\/\/horizons28.com\/it\/pool-di-investimento\/","og_locale":"it_IT","og_type":"article","og_title":"Pool d'investimento collaborativo Horizons28","og_description":"Unisciti al Pool di investimento Horizons28 e fai crescere il tuo capitale insieme a una comunit\u00e0 di investitori. Accedi a opportunit\u00e0 diversificate e ad alto rendimento.","og_url":"http:\/\/horizons28.com\/it\/pool-di-investimento\/","og_site_name":"Horizons28","article_modified_time":"2025-04-15T06:46:16+00:00","og_image":[{"url":"http:\/\/horizons28.com\/wp-content\/uploads\/2025\/04\/horizons28-investment-pool.png","type":"","width":"","height":""}],"twitter_card":"summary_large_image","twitter_misc":{"Tempo di lettura stimato":"2 minuti"},"schema":{"@context":"https:\/\/schema.org","@graph":[{"@type":"WebPage","@id":"http:\/\/horizons28.com\/it\/pool-di-investimento\/","url":"http:\/\/horizons28.com\/it\/pool-di-investimento\/","name":"Pool d'investimento collaborativo Horizons28","isPartOf":{"@id":"http:\/\/horizons28.com\/it\/#website"},"primaryImageOfPage":{"@id":"http:\/\/horizons28.com\/it\/pool-di-investimento\/#primaryimage"},"image":{"@id":"http:\/\/horizons28.com\/it\/pool-di-investimento\/#primaryimage"},"thumbnailUrl":"http:\/\/horizons28.com\/wp-content\/uploads\/2025\/04\/horizons28-investment-pool.png","datePublished":"2025-04-04T07:20:13+00:00","dateModified":"2025-04-15T06:46:16+00:00","description":"Unisciti al Pool di investimento Horizons28 e fai crescere il tuo capitale insieme a una comunit\u00e0 di investitori. Accedi a opportunit\u00e0 diversificate e ad alto rendimento.","breadcrumb":{"@id":"http:\/\/horizons28.com\/it\/pool-di-investimento\/#breadcrumb"},"inLanguage":"it-IT","potentialAction":[{"@type":"ReadAction","target":["http:\/\/horizons28.com\/it\/pool-di-investimento\/"]}]},{"@type":"ImageObject","inLanguage":"it-IT","@id":"http:\/\/horizons28.com\/it\/pool-di-investimento\/#primaryimage","url":"http:\/\/horizons28.com\/wp-content\/uploads\/2025\/04\/horizons28-investment-pool.png","contentUrl":"http:\/\/horizons28.com\/wp-content\/uploads\/2025\/04\/horizons28-investment-pool.png"},{"@type":"BreadcrumbList","@id":"http:\/\/horizons28.com\/it\/pool-di-investimento\/#breadcrumb","itemListElement":[{"@type":"ListItem","position":1,"name":"Home","item":"https:\/\/horizons28.com\/it\/"},{"@type":"ListItem","position":2,"name":"Pool di investimento"}]},{"@type":"WebSite","@id":"http:\/\/horizons28.com\/it\/#website","url":"http:\/\/horizons28.com\/it\/","name":"Horizons28","description":"","potentialAction":[{"@type":"SearchAction","target":{"@type":"EntryPoint","urlTemplate":"http:\/\/horizons28.com\/it\/?s={search_term_string}"},"query-input":{"@type":"PropertyValueSpecification","valueRequired":true,"valueName":"search_term_string"}}],"inLanguage":"it-IT"}]}},"_links":{"self":[{"href":"http:\/\/horizons28.com\/it\/wp-json\/wp\/v2\/pages\/855","targetHints":{"allow":["GET"]}}],"collection":[{"href":"http:\/\/horizons28.com\/it\/wp-json\/wp\/v2\/pages"}],"about":[{"href":"http:\/\/horizons28.com\/it\/wp-json\/wp\/v2\/types\/page"}],"author":[{"embeddable":true,"href":"http:\/\/horizons28.com\/it\/wp-json\/wp\/v2\/users\/1"}],"replies":[{"embeddable":true,"href":"http:\/\/horizons28.com\/it\/wp-json\/wp\/v2\/comments?post=855"}],"version-history":[{"count":1,"href":"http:\/\/horizons28.com\/it\/wp-json\/wp\/v2\/pages\/855\/revisions"}],"predecessor-version":[{"id":1121,"href":"http:\/\/horizons28.com\/it\/wp-json\/wp\/v2\/pages\/855\/revisions\/1121"}],"wp:attachment":[{"href":"http:\/\/horizons28.com\/it\/wp-json\/wp\/v2\/media?parent=855"}],"curies":[{"name":"wp","href":"https:\/\/api.w.org\/{rel}","templated":true}]}}