{"id":857,"date":"2025-04-04T07:20:13","date_gmt":"2025-04-04T07:20:13","guid":{"rendered":"http:\/\/horizons28.com\/investeringspool\/"},"modified":"2025-04-15T07:48:09","modified_gmt":"2025-04-15T07:48:09","slug":"investeringspool","status":"publish","type":"page","link":"http:\/\/horizons28.com\/nl\/investeringspool\/","title":{"rendered":"Investeringspool"},"content":{"rendered":"\n<h1>\n\t\tSlimmer investeren. Samen. \n\t<\/h1>\n\t<p>Bundel je krachten met investeerders om toegang te krijgen tot gediversifieerde, kansrijke mogelijkheden op wereldwijde markten.<\/p>\n\t\t\t<a href=\"https:\/\/area.horizons28.net\/auth\/registration\" target=\"_blank\" rel=\"noopener\">\n\t\t\t\t\t\t\tWord lid van Horizons28\n\t\t\t<\/a>\n\t\t\t\t<img loading=\"lazy\" decoding=\"async\" src=\"http:\/\/horizons28.com\/wp-content\/uploads\/2025\/04\/horizons28-investment-pool.png\" alt=\"Horizons28 Investment Pool\" itemprop=\"image\" height=\"500\" width=\"600\" title=\"horizons28-investment-pool\" onerror=\"this.style.display='none'\"  \/>\n<h2>\n\t\tHorizons28 Investeringspool\n\t<\/h2>\n\t<p>Stap in de toekomst van investeren met de <strong>Horizons28 Investeringspool<\/strong> \u2013 een modern platform dat investeerders samenbrengt om te samenwerken, geld te poolen en toegang te krijgen tot <strong>exclusieve groeimogelijkheden<\/strong>. Of je nu nieuw bent in het investeren of al ervaren, onze community <strong>helpt je een sterker portfolio op te bouwen terwijl je betekenisvolle financi\u00eble connecties maakt.<\/strong> <\/p>\n<h2>\n\t\tSamen investeren\n\t<\/h2>\n\t<p>Pool je kapitaal met anderen om premium investeringsmogelijkheden te ontsluiten.<\/p>\n<h2>\n\t\tSamen leren\n\t<\/h2>\n\t<p>Deel strategie\u00ebn en idee\u00ebn met mede-investeerders en financi\u00eble professionals.<\/p>\n<h2>\n\t\tSamen winst maken\n\t<\/h2>\n\t<p>Spreid je investering over verschillende markten om je kapitaal te beschermen en te laten groeien.<\/p>\n<h3>\n\t\tKenmerken van de Investeringspool\n\t<\/h3>\n<h3>\n\t\tOntdek slimmer investeren met Horizons28\n\t<\/h3>\n\t<p>De Horizons28 Investeringspool is ontworpen om <strong>investeerders te helpen hun geld te laten groeien via samenwerking en toegang tot zorgvuldig geselecteerde investeringsprojecten<\/strong>. Of je nu net begint of al vermogen opbouwt, <strong>dit is jouw toegangspoort tot slimmer, meer verbonden investeren.<\/strong> <\/p>\n\t\t<h4>Toegang tot premium investeringsdeals<\/h4>\t\t\t\n\t\t\t\t<p>Stap in kansrijke deals die normaal alleen beschikbaar zijn voor grote investeerders.<\/p>\n\t\t<h4>Verlaag je risico<\/h4>\t\t\t\n\t\t\t\t<p>Diversifieer je geld over industrie\u00ebn en soorten activa en verlaag je handelsrisico.<\/p>\n\t\t<h4>Vergroot je netwerk<\/h4>\t\t\t\n\t\t\t\t<p>Maak contact met marktanalisten, ervaren investeerders en ondernemers.<\/p>\n\t\t<h4>Volg je investeringen<\/h4>\t\t\t\n\t\t\t\t<p>Bekijk real-time prestatiegegevens met volledige transparantie en platformbescherming.<\/p>\n<h5>\n\t\tBegin in 4 simpele stappen\n\t<\/h5>\n\t\t\t\t\t\t\t\t\t\t\t\t\t\t\t<h5>1<\/h5>\n\t\t\t\t\t\t<p>Meld je aan en verifieer<\/p>\t\t\t\t\t\n\t\t\t<!-- END .front -->\n\t\t\t\t\t\t<p>Maak je account aan via ons snelle registratieproces.<\/p>\t\t\t\t\t\n\t\t\t<!-- END .back -->\n\t\t <!-- ifb-flip-box -->\n\t <!-- flip-box -->\n\t\t\t\t\t\t\t\t\t\t\t\t\t\t\t<h5>2<\/h5>\n\t\t\t\t\t\t<p>Doe mee met de pool<\/p>\t\t\t\t\t\n\t\t\t<!-- END .front -->\n\t\t\t\t\t\t<p>Kies hoeveel je wilt investeren en draag bij aan de gemeenschappelijke pool.<\/p>\t\t\t\t\t\n\t\t\t<!-- END .back -->\n\t\t <!-- ifb-flip-box -->\n\t <!-- flip-box -->\n\t\t\t\t\t\t\t\t\t\t\t\t\t\t\t<h5>3<\/h5>\n\t\t\t\t\t\t<p>Kies investering<\/p>\t\t\t\t\t\n\t\t\t<!-- END .front -->\n\t\t\t\t\t\t<p>Kies uit een verscheidenheid aan zorgvuldig geselecteerde, kansrijke projecten.<\/p>\t\t\t\t\t\n\t\t\t<!-- END .back -->\n\t\t <!-- ifb-flip-box -->\n\t <!-- flip-box -->\n\t\t\t\t\t\t\t\t\t\t\t\t\t\t\t<h5>4<\/h5>\n\t\t\t\t\t\t<p>Volg  pas aan<\/p>\t\t\t\t\t\n\t\t\t<!-- END .front -->\n\t\t\t\t\t\t<p>Monitor je prestaties en herinvesteer winsten terwijl je groeit.<\/p>\t\t\t\t\t\n\t\t\t<!-- END .back -->\n\t\t <!-- ifb-flip-box -->\n\t <!-- flip-box -->\n<h3>\n\t\tKlaar om slimmer te handelen? Ervaar echte snelheid, echte markten en echte resultaten.\n\t<\/h3>\n\t\t\t<a href=\"https:\/\/area.horizons28.net\/auth\/registration\" target=\"_blank\" rel=\"noopener\">\n\t\t\t\t\t\t\tWord lid van Horizons28\n\t\t\t<\/a>\n<h1>\n\t\tOntdek onze investeringsopties\n\t<\/h1>\n\t<p>Met Horizons28 heb je toegang tot een breed scala aan investeringskeuzes:<\/p>\n<strong>Aandelen  ETF&#8217;s<\/strong><br \/>\nInvesteer in goed onderzochte aandelen en gediversifieerde exchange-traded funds.\n<strong>Duurzame investeringen<\/strong><br \/>\nSteun milieuvriendelijke en maatschappelijk verantwoorde ondernemingen die ook solide rendementen opleveren.\n\t\t\t\t<img loading=\"lazy\" decoding=\"async\" src=\"http:\/\/horizons28.com\/wp-content\/uploads\/2025\/04\/investment-options.png\" alt=\"Investment Options\" itemprop=\"image\" height=\"580\" width=\"813\" title=\"investment-options\" onerror=\"this.style.display='none'\"  \/>\n\t<p>De Horizons28 Investeringspool is ontworpen voor een breed scala aan deelnemers. <strong>Het is ideaal voor alledaagse investeerders die streven naar het opbouwen van langetermijnvermogen, ondernemers en eigenaren van kleine bedrijven die op zoek zijn naar innovatieve financieringsmogelijkheden, en aspirant-handelaren die willen leren en groeien binnen een ondersteunende investeringsomgeving.<\/strong><\/p>\n<h3>\n\t\tKlaar om slimmer te handelen? Ervaar echte snelheid, echte markten en echte resultaten.\n\t<\/h3>\n\t\t\t<a href=\"https:\/\/area.horizons28.net\/auth\/registration\" target=\"_blank\" rel=\"noopener\">\n\t\t\t\t\t\t\tWord lid van Horizons28\n\t\t\t<\/a>\n\n","protected":false},"excerpt":{"rendered":"<p>Slimmer investeren. Samen. Bundel je krachten met investeerders om toegang te krijgen tot gediversifieerde, kansrijke mogelijkheden op wereldwijde markten. Word lid van Horizons28 Horizons28 Investeringspool Stap in de toekomst van investeren met de Horizons28 Investeringspool \u2013 een modern platform dat investeerders samenbrengt om te samenwerken, geld te poolen en toegang te krijgen tot exclusieve groeimogelijkheden.&hellip;<\/p>\n","protected":false},"author":1,"featured_media":0,"parent":0,"menu_order":0,"comment_status":"closed","ping_status":"closed","template":"","meta":{"footnotes":""},"class_list":["post-857","page","type-page","status-publish","hentry"],"yoast_head":"<!-- This site is optimized with the Yoast SEO plugin v27.4 - https:\/\/yoast.com\/product\/yoast-seo-wordpress\/ -->\n<title>Investeringspool | Samen investeren met Horizons28<\/title>\n<meta name=\"description\" content=\"Groei je kapitaal met Horizons28 Investeringspool. Toegang tot diverse, rendabele kansen.\" \/>\n<meta name=\"robots\" content=\"index, follow, max-snippet:-1, max-image-preview:large, max-video-preview:-1\" \/>\n<link rel=\"canonical\" href=\"http:\/\/horizons28.com\/nl\/investeringspool\/\" \/>\n<meta property=\"og:locale\" content=\"nl_NL\" \/>\n<meta property=\"og:type\" content=\"article\" \/>\n<meta property=\"og:title\" content=\"Investeringspool | Samen investeren met Horizons28\" \/>\n<meta property=\"og:description\" content=\"Groei je kapitaal met Horizons28 Investeringspool. Toegang tot diverse, rendabele kansen.\" \/>\n<meta property=\"og:url\" content=\"http:\/\/horizons28.com\/nl\/investeringspool\/\" \/>\n<meta property=\"og:site_name\" content=\"Horizons28\" \/>\n<meta property=\"article:modified_time\" content=\"2025-04-15T07:48:09+00:00\" \/>\n<meta property=\"og:image\" content=\"http:\/\/horizons28.com\/wp-content\/uploads\/2025\/04\/horizons28-investment-pool.png\" \/>\n<meta name=\"twitter:card\" content=\"summary_large_image\" \/>\n<meta name=\"twitter:label1\" content=\"Geschatte leestijd\" \/>\n\t<meta name=\"twitter:data1\" content=\"2 minuten\" \/>\n<script type=\"application\/ld+json\" class=\"yoast-schema-graph\">{\"@context\":\"https:\\\/\\\/schema.org\",\"@graph\":[{\"@type\":\"WebPage\",\"@id\":\"http:\\\/\\\/horizons28.com\\\/nl\\\/investeringspool\\\/\",\"url\":\"http:\\\/\\\/horizons28.com\\\/nl\\\/investeringspool\\\/\",\"name\":\"Investeringspool | Samen investeren met Horizons28\",\"isPartOf\":{\"@id\":\"http:\\\/\\\/horizons28.com\\\/nl\\\/#website\"},\"primaryImageOfPage\":{\"@id\":\"http:\\\/\\\/horizons28.com\\\/nl\\\/investeringspool\\\/#primaryimage\"},\"image\":{\"@id\":\"http:\\\/\\\/horizons28.com\\\/nl\\\/investeringspool\\\/#primaryimage\"},\"thumbnailUrl\":\"http:\\\/\\\/horizons28.com\\\/wp-content\\\/uploads\\\/2025\\\/04\\\/horizons28-investment-pool.png\",\"datePublished\":\"2025-04-04T07:20:13+00:00\",\"dateModified\":\"2025-04-15T07:48:09+00:00\",\"description\":\"Groei je kapitaal met Horizons28 Investeringspool. Toegang tot diverse, rendabele kansen.\",\"breadcrumb\":{\"@id\":\"http:\\\/\\\/horizons28.com\\\/nl\\\/investeringspool\\\/#breadcrumb\"},\"inLanguage\":\"nl-NL\",\"potentialAction\":[{\"@type\":\"ReadAction\",\"target\":[\"http:\\\/\\\/horizons28.com\\\/nl\\\/investeringspool\\\/\"]}]},{\"@type\":\"ImageObject\",\"inLanguage\":\"nl-NL\",\"@id\":\"http:\\\/\\\/horizons28.com\\\/nl\\\/investeringspool\\\/#primaryimage\",\"url\":\"http:\\\/\\\/horizons28.com\\\/wp-content\\\/uploads\\\/2025\\\/04\\\/horizons28-investment-pool.png\",\"contentUrl\":\"http:\\\/\\\/horizons28.com\\\/wp-content\\\/uploads\\\/2025\\\/04\\\/horizons28-investment-pool.png\"},{\"@type\":\"BreadcrumbList\",\"@id\":\"http:\\\/\\\/horizons28.com\\\/nl\\\/investeringspool\\\/#breadcrumb\",\"itemListElement\":[{\"@type\":\"ListItem\",\"position\":1,\"name\":\"Home\",\"item\":\"http:\\\/\\\/horizons28.com\\\/nl\\\/\"},{\"@type\":\"ListItem\",\"position\":2,\"name\":\"Investeringspool\"}]},{\"@type\":\"WebSite\",\"@id\":\"http:\\\/\\\/horizons28.com\\\/nl\\\/#website\",\"url\":\"http:\\\/\\\/horizons28.com\\\/nl\\\/\",\"name\":\"Horizons28\",\"description\":\"\",\"potentialAction\":[{\"@type\":\"SearchAction\",\"target\":{\"@type\":\"EntryPoint\",\"urlTemplate\":\"http:\\\/\\\/horizons28.com\\\/nl\\\/?s={search_term_string}\"},\"query-input\":{\"@type\":\"PropertyValueSpecification\",\"valueRequired\":true,\"valueName\":\"search_term_string\"}}],\"inLanguage\":\"nl-NL\"}]}<\/script>\n<!-- \/ Yoast SEO plugin. -->","yoast_head_json":{"title":"Investeringspool | Samen investeren met Horizons28","description":"Groei je kapitaal met Horizons28 Investeringspool. Toegang tot diverse, rendabele kansen.","robots":{"index":"index","follow":"follow","max-snippet":"max-snippet:-1","max-image-preview":"max-image-preview:large","max-video-preview":"max-video-preview:-1"},"canonical":"http:\/\/horizons28.com\/nl\/investeringspool\/","og_locale":"nl_NL","og_type":"article","og_title":"Investeringspool | Samen investeren met Horizons28","og_description":"Groei je kapitaal met Horizons28 Investeringspool. Toegang tot diverse, rendabele kansen.","og_url":"http:\/\/horizons28.com\/nl\/investeringspool\/","og_site_name":"Horizons28","article_modified_time":"2025-04-15T07:48:09+00:00","og_image":[{"url":"http:\/\/horizons28.com\/wp-content\/uploads\/2025\/04\/horizons28-investment-pool.png","type":"","width":"","height":""}],"twitter_card":"summary_large_image","twitter_misc":{"Geschatte leestijd":"2 minuten"},"schema":{"@context":"https:\/\/schema.org","@graph":[{"@type":"WebPage","@id":"http:\/\/horizons28.com\/nl\/investeringspool\/","url":"http:\/\/horizons28.com\/nl\/investeringspool\/","name":"Investeringspool | Samen investeren met Horizons28","isPartOf":{"@id":"http:\/\/horizons28.com\/nl\/#website"},"primaryImageOfPage":{"@id":"http:\/\/horizons28.com\/nl\/investeringspool\/#primaryimage"},"image":{"@id":"http:\/\/horizons28.com\/nl\/investeringspool\/#primaryimage"},"thumbnailUrl":"http:\/\/horizons28.com\/wp-content\/uploads\/2025\/04\/horizons28-investment-pool.png","datePublished":"2025-04-04T07:20:13+00:00","dateModified":"2025-04-15T07:48:09+00:00","description":"Groei je kapitaal met Horizons28 Investeringspool. Toegang tot diverse, rendabele kansen.","breadcrumb":{"@id":"http:\/\/horizons28.com\/nl\/investeringspool\/#breadcrumb"},"inLanguage":"nl-NL","potentialAction":[{"@type":"ReadAction","target":["http:\/\/horizons28.com\/nl\/investeringspool\/"]}]},{"@type":"ImageObject","inLanguage":"nl-NL","@id":"http:\/\/horizons28.com\/nl\/investeringspool\/#primaryimage","url":"http:\/\/horizons28.com\/wp-content\/uploads\/2025\/04\/horizons28-investment-pool.png","contentUrl":"http:\/\/horizons28.com\/wp-content\/uploads\/2025\/04\/horizons28-investment-pool.png"},{"@type":"BreadcrumbList","@id":"http:\/\/horizons28.com\/nl\/investeringspool\/#breadcrumb","itemListElement":[{"@type":"ListItem","position":1,"name":"Home","item":"http:\/\/horizons28.com\/nl\/"},{"@type":"ListItem","position":2,"name":"Investeringspool"}]},{"@type":"WebSite","@id":"http:\/\/horizons28.com\/nl\/#website","url":"http:\/\/horizons28.com\/nl\/","name":"Horizons28","description":"","potentialAction":[{"@type":"SearchAction","target":{"@type":"EntryPoint","urlTemplate":"http:\/\/horizons28.com\/nl\/?s={search_term_string}"},"query-input":{"@type":"PropertyValueSpecification","valueRequired":true,"valueName":"search_term_string"}}],"inLanguage":"nl-NL"}]}},"_links":{"self":[{"href":"http:\/\/horizons28.com\/nl\/wp-json\/wp\/v2\/pages\/857","targetHints":{"allow":["GET"]}}],"collection":[{"href":"http:\/\/horizons28.com\/nl\/wp-json\/wp\/v2\/pages"}],"about":[{"href":"http:\/\/horizons28.com\/nl\/wp-json\/wp\/v2\/types\/page"}],"author":[{"embeddable":true,"href":"http:\/\/horizons28.com\/nl\/wp-json\/wp\/v2\/users\/1"}],"replies":[{"embeddable":true,"href":"http:\/\/horizons28.com\/nl\/wp-json\/wp\/v2\/comments?post=857"}],"version-history":[{"count":1,"href":"http:\/\/horizons28.com\/nl\/wp-json\/wp\/v2\/pages\/857\/revisions"}],"predecessor-version":[{"id":1206,"href":"http:\/\/horizons28.com\/nl\/wp-json\/wp\/v2\/pages\/857\/revisions\/1206"}],"wp:attachment":[{"href":"http:\/\/horizons28.com\/nl\/wp-json\/wp\/v2\/media?parent=857"}],"curies":[{"name":"wp","href":"https:\/\/api.w.org\/{rel}","templated":true}]}}