{"id":722,"date":"2025-04-04T07:21:43","date_gmt":"2025-04-04T07:21:43","guid":{"rendered":"http:\/\/horizons28.com\/mot-oss\/"},"modified":"2025-04-15T08:38:00","modified_gmt":"2025-04-15T08:38:00","slug":"mot-oss","status":"publish","type":"page","link":"http:\/\/horizons28.com\/sv\/mot-oss\/","title":{"rendered":"M\u00f6t oss"},"content":{"rendered":"\n<h1>\n\t\tHorizons28. Byggt p\u00e5 f\u00f6rtroende. \n\t<\/h1>\n\t<p>Uppt\u00e4ck teamet och visionen bakom Horizons28 - dedikerade till smartare handel, innovativa verktyg och l\u00e5ngsiktig ekonomisk framg\u00e5ng.<\/p>\n\t\t\t<a href=\"https:\/\/area.horizons28.net\/auth\/registration\" target=\"_blank\" rel=\"noopener\">\n\t\t\t\t\t\t\tG\u00e5 med i Horizons28\n\t\t\t<\/a>\n\t\t\t\t<img loading=\"lazy\" decoding=\"async\" src=\"http:\/\/horizons28.com\/wp-content\/uploads\/2025\/04\/about-us.png\" alt=\"About Us\" itemprop=\"image\" height=\"500\" width=\"600\" title=\"about-us\" onerror=\"this.style.display='none'\"  \/>\n<h1>\n\t\tHorizons28 ger handlare m\u00f6jlighet att lyckas.\n\t<\/h1>\n\t<p><strong>Horizons28 \u00e4r n\u00e4sta generations handels- och investeringsplattform<\/strong> som \u00e4r utformad f\u00f6r att st\u00e4rka individer i varje skede av deras finansiella resa.<\/p>\n<p>Vi erbjuder en omfattande upps\u00e4ttning verktyg och funktioner som g\u00f6r handel smartare, snabbare och mer tillg\u00e4nglig.<\/p>\n<p><strong>Fr\u00e5n AI-driven autotrading och sparkonton med h\u00f6g r\u00e4nta till gemensamma investeringspooler och avancerade arbitragem\u00f6jligheter<\/strong> \u00e4r Horizons28 byggt f\u00f6r att hj\u00e4lpa dig att \u00f6ka ditt kapital med tillf\u00f6rsikt<\/p>\n\t<p>V\u00e5r plattform ger tillg\u00e5ng till ett brett utbud av instrument p\u00e5 globala marknader - inklusive<strong>forex, aktier, index, kryptovalutor och r\u00e5varor - allt<\/strong>genom ett s\u00e4kert och anv\u00e4ndarv\u00e4nligt gr\u00e4nssnitt. Med konkurrenskraftiga villkor, flexibla kontoalternativ och dedikerad support har Horizons28 \u00e5tagit sig att leverera en s\u00f6ml\u00f6s upplevelse f\u00f6r handlare, investerare och alla som \u00e4r redo att ta kontroll \u00f6ver sin ekonomiska framtid. <\/p>\n<p><strong>P\u00e5 Horizons28 f\u00f6rst\u00e5r vi att ekonomisk framg\u00e5ng b\u00f6rjar med r\u00e4tt st\u00f6d och teknik.<\/strong>  Det \u00e4r d\u00e4rf\u00f6r v\u00e5r plattform \u00e4r konstruerad f\u00f6r att erbjuda realtidsexekvering, avancerad analys och transparent verksamhet - vilket ger dig full kontroll \u00f6ver dina strategier. Oavsett om du utnyttjar v\u00e5ra Trade Liquidity-l\u00f6sningar f\u00f6r att h\u00e5lla din m\u00e4klarverksamhet ig\u00e5ng, tj\u00e4nar m\u00e5nadsavkastning genom v\u00e5rt h\u00f6gavkastande sparkonto eller g\u00e5r samman med andra i v\u00e5r investeringspool, \u00e4r varje funktion utformad med din tillv\u00e4xt i \u00e5tanke. <\/p>\n<p>Utan dolda avgifter, med intuitiva gr\u00e4nssnitt och fokus p\u00e5 b\u00e5de nyb\u00f6rjare och proffs <strong>\u00e4r Horizons28 mer \u00e4n bara en plattform - det \u00e4r din partner i l\u00e5ngsiktigt f\u00f6rm\u00f6genhetsskapande<\/strong>.<\/p>\n\t\t\t\t<img loading=\"lazy\" decoding=\"async\" src=\"http:\/\/horizons28.com\/wp-content\/uploads\/2025\/04\/empowering-success.png\" alt=\"Empowering Success\" itemprop=\"image\" height=\"580\" width=\"813\" title=\"empowering-success\" onerror=\"this.style.display='none'\"  \/>\n<h3>\n\t\tRedo att handla smartare? Upplev verklig hastighet, riktiga marknader och verkliga resultat.\n\t<\/h3>\n\t\t\t<a href=\"https:\/\/area.horizons28.net\/auth\/registration\" target=\"_blank\" rel=\"noopener\">\n\t\t\t\t\t\t\t\tG\u00e5 med i Horizons28\n\t\t\t<\/a>\n\n","protected":false},"excerpt":{"rendered":"<p>Horizons28. Byggt p\u00e5 f\u00f6rtroende. Uppt\u00e4ck teamet och visionen bakom Horizons28 - dedikerade till smartare handel, innovativa verktyg och l\u00e5ngsiktig ekonomisk framg\u00e5ng. G\u00e5 med i Horizons28 Horizons28 ger handlare m\u00f6jlighet att lyckas. Horizons28 \u00e4r n\u00e4sta generations handels- och investeringsplattform som \u00e4r utformad f\u00f6r att st\u00e4rka individer i varje skede av deras finansiella resa. Vi erbjuder en&hellip;<\/p>\n","protected":false},"author":1,"featured_media":0,"parent":0,"menu_order":0,"comment_status":"closed","ping_status":"closed","template":"","meta":{"footnotes":""},"class_list":["post-722","page","type-page","status-publish","hentry"],"yoast_head":"<!-- This site is optimized with the Yoast SEO plugin v27.4 - https:\/\/yoast.com\/product\/yoast-seo-wordpress\/ -->\n<title>M\u00f6t Horizons28-teamet | Drivs av innovation<\/title>\n<meta name=\"description\" content=\"L\u00e4r k\u00e4nna experterna bakom Horizons28. M\u00f6t teamet som leder innovation inom handel, automatisering och l\u00f6sningar f\u00f6r f\u00f6rm\u00f6genhetsuppbyggnad.\" \/>\n<meta name=\"robots\" content=\"index, follow, max-snippet:-1, max-image-preview:large, max-video-preview:-1\" \/>\n<link rel=\"canonical\" href=\"http:\/\/horizons28.com\/sv\/mot-oss\/\" \/>\n<meta property=\"og:locale\" content=\"sv_SE\" \/>\n<meta property=\"og:type\" content=\"article\" \/>\n<meta property=\"og:title\" content=\"M\u00f6t Horizons28-teamet | Drivs av innovation\" \/>\n<meta property=\"og:description\" content=\"L\u00e4r k\u00e4nna experterna bakom Horizons28. M\u00f6t teamet som leder innovation inom handel, automatisering och l\u00f6sningar f\u00f6r f\u00f6rm\u00f6genhetsuppbyggnad.\" \/>\n<meta property=\"og:url\" content=\"http:\/\/horizons28.com\/sv\/mot-oss\/\" \/>\n<meta property=\"og:site_name\" content=\"Horizons28\" \/>\n<meta property=\"article:modified_time\" content=\"2025-04-15T08:38:00+00:00\" \/>\n<meta property=\"og:image\" content=\"http:\/\/horizons28.com\/wp-content\/uploads\/2025\/04\/about-us.png\" \/>\n<meta name=\"twitter:card\" content=\"summary_large_image\" \/>\n<meta name=\"twitter:label1\" content=\"Ber\u00e4knad l\u00e4stid\" \/>\n\t<meta name=\"twitter:data1\" content=\"2 minuter\" \/>\n<script type=\"application\/ld+json\" class=\"yoast-schema-graph\">{\"@context\":\"https:\\\/\\\/schema.org\",\"@graph\":[{\"@type\":\"WebPage\",\"@id\":\"http:\\\/\\\/horizons28.com\\\/sv\\\/mot-oss\\\/\",\"url\":\"http:\\\/\\\/horizons28.com\\\/sv\\\/mot-oss\\\/\",\"name\":\"M\u00f6t Horizons28-teamet | Drivs av innovation\",\"isPartOf\":{\"@id\":\"http:\\\/\\\/horizons28.com\\\/sv\\\/#website\"},\"primaryImageOfPage\":{\"@id\":\"http:\\\/\\\/horizons28.com\\\/sv\\\/mot-oss\\\/#primaryimage\"},\"image\":{\"@id\":\"http:\\\/\\\/horizons28.com\\\/sv\\\/mot-oss\\\/#primaryimage\"},\"thumbnailUrl\":\"http:\\\/\\\/horizons28.com\\\/wp-content\\\/uploads\\\/2025\\\/04\\\/about-us.png\",\"datePublished\":\"2025-04-04T07:21:43+00:00\",\"dateModified\":\"2025-04-15T08:38:00+00:00\",\"description\":\"L\u00e4r k\u00e4nna experterna bakom Horizons28. M\u00f6t teamet som leder innovation inom handel, automatisering och l\u00f6sningar f\u00f6r f\u00f6rm\u00f6genhetsuppbyggnad.\",\"breadcrumb\":{\"@id\":\"http:\\\/\\\/horizons28.com\\\/sv\\\/mot-oss\\\/#breadcrumb\"},\"inLanguage\":\"sv-SE\",\"potentialAction\":[{\"@type\":\"ReadAction\",\"target\":[\"http:\\\/\\\/horizons28.com\\\/sv\\\/mot-oss\\\/\"]}]},{\"@type\":\"ImageObject\",\"inLanguage\":\"sv-SE\",\"@id\":\"http:\\\/\\\/horizons28.com\\\/sv\\\/mot-oss\\\/#primaryimage\",\"url\":\"http:\\\/\\\/horizons28.com\\\/wp-content\\\/uploads\\\/2025\\\/04\\\/about-us.png\",\"contentUrl\":\"http:\\\/\\\/horizons28.com\\\/wp-content\\\/uploads\\\/2025\\\/04\\\/about-us.png\"},{\"@type\":\"BreadcrumbList\",\"@id\":\"http:\\\/\\\/horizons28.com\\\/sv\\\/mot-oss\\\/#breadcrumb\",\"itemListElement\":[{\"@type\":\"ListItem\",\"position\":1,\"name\":\"Home\",\"item\":\"https:\\\/\\\/horizons28.com\\\/sv\\\/\"},{\"@type\":\"ListItem\",\"position\":2,\"name\":\"M\u00f6t oss\"}]},{\"@type\":\"WebSite\",\"@id\":\"http:\\\/\\\/horizons28.com\\\/sv\\\/#website\",\"url\":\"http:\\\/\\\/horizons28.com\\\/sv\\\/\",\"name\":\"Horizons28\",\"description\":\"\",\"potentialAction\":[{\"@type\":\"SearchAction\",\"target\":{\"@type\":\"EntryPoint\",\"urlTemplate\":\"http:\\\/\\\/horizons28.com\\\/sv\\\/?s={search_term_string}\"},\"query-input\":{\"@type\":\"PropertyValueSpecification\",\"valueRequired\":true,\"valueName\":\"search_term_string\"}}],\"inLanguage\":\"sv-SE\"}]}<\/script>\n<!-- \/ Yoast SEO plugin. -->","yoast_head_json":{"title":"M\u00f6t Horizons28-teamet | Drivs av innovation","description":"L\u00e4r k\u00e4nna experterna bakom Horizons28. M\u00f6t teamet som leder innovation inom handel, automatisering och l\u00f6sningar f\u00f6r f\u00f6rm\u00f6genhetsuppbyggnad.","robots":{"index":"index","follow":"follow","max-snippet":"max-snippet:-1","max-image-preview":"max-image-preview:large","max-video-preview":"max-video-preview:-1"},"canonical":"http:\/\/horizons28.com\/sv\/mot-oss\/","og_locale":"sv_SE","og_type":"article","og_title":"M\u00f6t Horizons28-teamet | Drivs av innovation","og_description":"L\u00e4r k\u00e4nna experterna bakom Horizons28. M\u00f6t teamet som leder innovation inom handel, automatisering och l\u00f6sningar f\u00f6r f\u00f6rm\u00f6genhetsuppbyggnad.","og_url":"http:\/\/horizons28.com\/sv\/mot-oss\/","og_site_name":"Horizons28","article_modified_time":"2025-04-15T08:38:00+00:00","og_image":[{"url":"http:\/\/horizons28.com\/wp-content\/uploads\/2025\/04\/about-us.png","type":"","width":"","height":""}],"twitter_card":"summary_large_image","twitter_misc":{"Ber\u00e4knad l\u00e4stid":"2 minuter"},"schema":{"@context":"https:\/\/schema.org","@graph":[{"@type":"WebPage","@id":"http:\/\/horizons28.com\/sv\/mot-oss\/","url":"http:\/\/horizons28.com\/sv\/mot-oss\/","name":"M\u00f6t Horizons28-teamet | Drivs av innovation","isPartOf":{"@id":"http:\/\/horizons28.com\/sv\/#website"},"primaryImageOfPage":{"@id":"http:\/\/horizons28.com\/sv\/mot-oss\/#primaryimage"},"image":{"@id":"http:\/\/horizons28.com\/sv\/mot-oss\/#primaryimage"},"thumbnailUrl":"http:\/\/horizons28.com\/wp-content\/uploads\/2025\/04\/about-us.png","datePublished":"2025-04-04T07:21:43+00:00","dateModified":"2025-04-15T08:38:00+00:00","description":"L\u00e4r k\u00e4nna experterna bakom Horizons28. M\u00f6t teamet som leder innovation inom handel, automatisering och l\u00f6sningar f\u00f6r f\u00f6rm\u00f6genhetsuppbyggnad.","breadcrumb":{"@id":"http:\/\/horizons28.com\/sv\/mot-oss\/#breadcrumb"},"inLanguage":"sv-SE","potentialAction":[{"@type":"ReadAction","target":["http:\/\/horizons28.com\/sv\/mot-oss\/"]}]},{"@type":"ImageObject","inLanguage":"sv-SE","@id":"http:\/\/horizons28.com\/sv\/mot-oss\/#primaryimage","url":"http:\/\/horizons28.com\/wp-content\/uploads\/2025\/04\/about-us.png","contentUrl":"http:\/\/horizons28.com\/wp-content\/uploads\/2025\/04\/about-us.png"},{"@type":"BreadcrumbList","@id":"http:\/\/horizons28.com\/sv\/mot-oss\/#breadcrumb","itemListElement":[{"@type":"ListItem","position":1,"name":"Home","item":"https:\/\/horizons28.com\/sv\/"},{"@type":"ListItem","position":2,"name":"M\u00f6t oss"}]},{"@type":"WebSite","@id":"http:\/\/horizons28.com\/sv\/#website","url":"http:\/\/horizons28.com\/sv\/","name":"Horizons28","description":"","potentialAction":[{"@type":"SearchAction","target":{"@type":"EntryPoint","urlTemplate":"http:\/\/horizons28.com\/sv\/?s={search_term_string}"},"query-input":{"@type":"PropertyValueSpecification","valueRequired":true,"valueName":"search_term_string"}}],"inLanguage":"sv-SE"}]}},"_links":{"self":[{"href":"http:\/\/horizons28.com\/sv\/wp-json\/wp\/v2\/pages\/722","targetHints":{"allow":["GET"]}}],"collection":[{"href":"http:\/\/horizons28.com\/sv\/wp-json\/wp\/v2\/pages"}],"about":[{"href":"http:\/\/horizons28.com\/sv\/wp-json\/wp\/v2\/types\/page"}],"author":[{"embeddable":true,"href":"http:\/\/horizons28.com\/sv\/wp-json\/wp\/v2\/users\/1"}],"replies":[{"embeddable":true,"href":"http:\/\/horizons28.com\/sv\/wp-json\/wp\/v2\/comments?post=722"}],"version-history":[{"count":1,"href":"http:\/\/horizons28.com\/sv\/wp-json\/wp\/v2\/pages\/722\/revisions"}],"predecessor-version":[{"id":1257,"href":"http:\/\/horizons28.com\/sv\/wp-json\/wp\/v2\/pages\/722\/revisions\/1257"}],"wp:attachment":[{"href":"http:\/\/horizons28.com\/sv\/wp-json\/wp\/v2\/media?parent=722"}],"curies":[{"name":"wp","href":"https:\/\/api.w.org\/{rel}","templated":true}]}}