{"id":723,"date":"2025-04-04T07:22:58","date_gmt":"2025-04-04T07:22:58","guid":{"rendered":"http:\/\/horizons28.com\/handelskonton\/"},"modified":"2025-04-15T08:29:44","modified_gmt":"2025-04-15T08:29:44","slug":"handelskonton","status":"publish","type":"page","link":"http:\/\/horizons28.com\/sv\/handelskonton\/","title":{"rendered":"Handelskonton"},"content":{"rendered":"\n<h1>\n\t\tAnpassade konton. Byggd f\u00f6r handlare. \n\t<\/h1>\n\t<p>Handla med forex, index, krypto, aktier och mer med kontotyper som \u00e4r byggda f\u00f6r din personliga handelsstrategi.<\/p>\n\t\t\t\t<img loading=\"lazy\" decoding=\"async\" src=\"http:\/\/horizons28.com\/wp-content\/uploads\/2025\/04\/account-types.png\" alt=\"Account Types\" itemprop=\"image\" height=\"500\" width=\"600\" title=\"account-types\" onerror=\"this.style.display='none'\"  \/>\n\t<p><strong>BRONS<\/strong><\/p>\n<strong>$10,000<\/strong><br \/>\n<strong>Minsta ins\u00e4ttning<\/strong>\n\t<strong>H\u00e4vst\u00e5ng:<\/strong><br \/>\nUpp till 1:10\n<p><strong>Handelsakademin<\/strong><\/p>\n<strong>Marknads\u00f6versikt:<\/strong><br \/>\nWeekly\n<p><strong>Kundansvarig<\/strong><\/p>\n<strong>Portf\u00f6ljrapport:<\/strong><br \/>\nWeekly\n\t\t\t<a href=\"https:\/\/area.horizons28.net\/auth\/registration\" target=\"_blank\" rel=\"noopener\">\n\t\t\t\t\t\t\t\u00d6PPNA KONTO\n\t\t\t\t\t<\/a>\n\t<p><strong>SILVER<\/strong><\/p>\n<strong>$25,000<\/strong><br \/>\n<strong>Minsta ins\u00e4ttning<\/strong>\n\t<strong>H\u00e4vst\u00e5ng:<\/strong><br \/>\nUpp till 1:10\n<p><strong>Handelsakademin<\/strong><\/p>\n<strong>Marknads\u00f6versikt:<\/strong><br \/>\nWeekly\n<p><strong>Kundansvarig<\/strong><\/p>\n<strong>Portf\u00f6ljrapport:<\/strong><br \/>\nWeekly\n<strong>Portf\u00f6ljf\u00f6rvaltare:<\/strong><br \/>\nPersonal\n<strong>Analyssession:<\/strong><br \/>\nWeekly\n\t\t\t<a href=\"https:\/\/area.horizons28.net\/auth\/registration\" target=\"_blank\" rel=\"noopener\">\n\t\t\t\t\t\t\t\u00d6PPNA KONTO\n\t\t\t\t\t<\/a>\n\t<p><strong>GULD<\/strong><\/p>\n<strong>$50,000<\/strong><br \/>\n<strong>Minsta ins\u00e4ttning<\/strong>\n\t<strong>H\u00e4vst\u00e5ng:<\/strong><br \/>\nUpp till 1:50\n<p><strong>Handelsakademin<\/strong><\/p>\n<strong>Marknads\u00f6versikt:<\/strong><br \/>\nWeekly\n<p><strong>Kundansvarig<\/strong><\/p>\n<strong>Portf\u00f6ljrapport:<\/strong><br \/>\nWeekly\n<strong>Analytikersession:<\/strong><br \/>\nDaily\n<strong>Webbinarium:<\/strong><br \/>\nVarje vecka\n<strong>Utbildning f\u00f6r handlare:<\/strong><br \/>\nAnpassad\n<strong>Marknadssignaler:<\/strong><br \/>\nDaily\n<p><strong>VIP-evenemang<\/strong><\/p>\n<strong>Swap-rabatt:<\/strong><br \/>\n25%.\n\t\t\t<a href=\"https:\/\/area.horizons28.net\/auth\/registration\" target=\"_blank\" rel=\"noopener\">\n\t\t\t\t\t\t\t\u00d6PPNA KONTO\n\t\t\t\t\t<\/a>\n\t<p><strong>PLATINUM<\/strong><\/p>\n<strong>$100,000<\/strong><br \/>\n<strong>Minsta ins\u00e4ttning<\/strong>\n\t<strong>H\u00e4vst\u00e5ng:<\/strong><br \/>\nUpp till 1:50\n<p><strong>Handelsakademin<\/strong><\/p>\n<strong>Marknads\u00f6versikt:<\/strong><br \/>\nWeekly\n<p><strong>Kundansvarig<\/strong><\/p>\n<strong>Portf\u00f6ljrapport:<\/strong><br \/>\nWeekly\n<strong>Analytikersession:<\/strong><br \/>\nDaily\n<strong>Webbinarium:<\/strong><br \/>\nVarje vecka\n<strong>Utbildning f\u00f6r handlare:<\/strong><br \/>\nAnpassad\n<strong>Marknadssignaler:<\/strong><br \/>\nDaily\n<p><strong>VIP-evenemang<\/strong><\/p>\n<strong>Session f\u00f6r revisorer:<\/strong><br \/>\nM\u00e5nadsvis\n<strong>Konto\u00f6vervakning:<br \/>\n<\/strong>24\/7\n<p><strong>\u00c5rlig sammanfattning<\/strong><\/p>\n<strong>Swap-rabatt:<\/strong><br \/>\n25%.\n\t\t\t<a href=\"https:\/\/area.horizons28.net\/auth\/registration\" target=\"_blank\" rel=\"noopener\">\n\t\t\t\t\t\t\t\u00d6PPNA KONTO\n\t\t\t\t\t<\/a>\n\t<p><strong>VIP<\/strong><\/p>\n<strong>$1,000,000<\/strong><br \/>\n<strong>Minsta ins\u00e4ttning<\/strong>\n\t<strong>H\u00e4vst\u00e5ng:<\/strong><br \/>\nUpp till 1:50\n<p><strong>Handelsakademin<\/strong><\/p>\n<strong>Marknads\u00f6versikt:<\/strong><br \/>\nWeekly\n<p><strong>Kundansvarig<\/strong><\/p>\n<strong>Portf\u00f6ljrapport:<\/strong><br \/>\nWeekly\n<strong>Analytikersession:<\/strong><br \/>\nDaily\n<strong>Webbinarium:<\/strong><br \/>\nVarje vecka\n<strong>Utbildning f\u00f6r handlare:<\/strong><br \/>\nAnpassad\n<strong>Marknadssignaler:<\/strong><br \/>\nDaily\n<p><strong>VIP-evenemang<\/strong><\/p>\n<strong>Session f\u00f6r revisorer:<\/strong><br \/>\nM\u00e5nadsvis\n<strong>Konto\u00f6vervakning:<br \/>\n<\/strong>24\/7\n<p><strong>\u00c5rlig sammanfattning<\/strong><\/p>\n<strong>Swap-rabatt:<\/strong><br \/>\n25%.\n\t\t\t\t\t<a href=\"#\" id=\"fl-accordion--label-0\" tabindex=\"0\" aria-controls=\"fl-accordion--panel-0\">Fler funktioner<\/a>\n\t\t\t\t\t\t\t\t\t\t\t<a href=\"#\" id=\"fl-accordion--icon-0\" tabindex=\"-1\"><i title=\"Expand\">Expand<\/i><\/a>\n\t\t\t\t\t<strong>Analytikersession:<\/strong><br \/>\nDaily\n<strong>Webbinarium:<\/strong><br \/>\nVarje vecka\n<strong>Utbildning f\u00f6r handlare:<\/strong><br \/>\nAnpassad\n<strong>Marknadssignaler:<\/strong><br \/>\nDaily\n<strong>Session f\u00f6r revisorer:<\/strong><br \/>\nM\u00e5nadsvis\n<strong>Konto\u00f6vervakning:<\/strong><br \/>\n24\/7\n<strong>Arbitrage<\/strong>:<br \/>\nEj till\u00e5tet\n<p><strong>VIP-evenemang<\/strong><\/p>\n<strong>VIP Trading Executor:<\/strong><br \/>\nJa\n<strong>Uttag:<\/strong><br \/>\nOmedelbart uttag utan godk\u00e4nnande\n<p><strong>Tillg\u00e5ng till omedelbar kreditfacilitet<\/strong><\/p>\n<p><strong>Upp till 10 000 USD i ins\u00e4ttningsbonus<\/strong><\/p>\n\t\t\t<a href=\"https:\/\/area.horizons28.net\/auth\/registration\" target=\"_blank\" rel=\"noopener\">\n\t\t\t\t\t\t\t\u00d6PPNA KONTO\n\t\t\t\t\t<\/a>\n\n","protected":false},"excerpt":{"rendered":"<p>Anpassade konton. Byggd f\u00f6r handlare. Handla med forex, index, krypto, aktier och mer med kontotyper som \u00e4r byggda f\u00f6r din personliga handelsstrategi. BRONS $10,000 Minsta ins\u00e4ttning H\u00e4vst\u00e5ng: Upp till 1:10 Handelsakademin Marknads\u00f6versikt: Weekly Kundansvarig Portf\u00f6ljrapport: Weekly \u00d6PPNA KONTO SILVER $25,000 Minsta ins\u00e4ttning H\u00e4vst\u00e5ng: Upp till 1:10 Handelsakademin Marknads\u00f6versikt: Weekly Kundansvarig Portf\u00f6ljrapport: Weekly Portf\u00f6ljf\u00f6rvaltare: Personal Analyssession:&hellip;<\/p>\n","protected":false},"author":1,"featured_media":0,"parent":0,"menu_order":0,"comment_status":"closed","ping_status":"closed","template":"","meta":{"footnotes":""},"class_list":["post-723","page","type-page","status-publish","hentry"],"yoast_head":"<!-- This site is optimized with the Yoast SEO plugin v27.4 - https:\/\/yoast.com\/product\/yoast-seo-wordpress\/ -->\n<title>Handelskonton | V\u00e4lj ditt perfekta uppl\u00e4gg med Horizons28<\/title>\n<meta name=\"description\" content=\"Utforska Horizons28:s olika typer av handelskonton. Fr\u00e5n nyb\u00f6rjare till proffs, hitta ett konto som passar din strategi, ditt kapital och dina m\u00e5l.\" \/>\n<meta name=\"robots\" content=\"index, follow, max-snippet:-1, max-image-preview:large, max-video-preview:-1\" \/>\n<link rel=\"canonical\" href=\"http:\/\/horizons28.com\/sv\/handelskonton\/\" \/>\n<meta property=\"og:locale\" content=\"sv_SE\" \/>\n<meta property=\"og:type\" content=\"article\" \/>\n<meta property=\"og:title\" content=\"Handelskonton | V\u00e4lj ditt perfekta uppl\u00e4gg med Horizons28\" \/>\n<meta property=\"og:description\" content=\"Utforska Horizons28:s olika typer av handelskonton. Fr\u00e5n nyb\u00f6rjare till proffs, hitta ett konto som passar din strategi, ditt kapital och dina m\u00e5l.\" \/>\n<meta property=\"og:url\" content=\"http:\/\/horizons28.com\/sv\/handelskonton\/\" \/>\n<meta property=\"og:site_name\" content=\"Horizons28\" \/>\n<meta property=\"article:modified_time\" content=\"2025-04-15T08:29:44+00:00\" \/>\n<meta property=\"og:image\" content=\"http:\/\/horizons28.com\/wp-content\/uploads\/2025\/04\/account-types.png\" \/>\n<meta name=\"twitter:card\" content=\"summary_large_image\" \/>\n<meta name=\"twitter:label1\" content=\"Ber\u00e4knad l\u00e4stid\" \/>\n\t<meta name=\"twitter:data1\" content=\"1 minut\" \/>\n<script type=\"application\/ld+json\" class=\"yoast-schema-graph\">{\"@context\":\"https:\\\/\\\/schema.org\",\"@graph\":[{\"@type\":\"WebPage\",\"@id\":\"http:\\\/\\\/horizons28.com\\\/sv\\\/handelskonton\\\/\",\"url\":\"http:\\\/\\\/horizons28.com\\\/sv\\\/handelskonton\\\/\",\"name\":\"Handelskonton | V\u00e4lj ditt perfekta uppl\u00e4gg med Horizons28\",\"isPartOf\":{\"@id\":\"http:\\\/\\\/horizons28.com\\\/sv\\\/#website\"},\"primaryImageOfPage\":{\"@id\":\"http:\\\/\\\/horizons28.com\\\/sv\\\/handelskonton\\\/#primaryimage\"},\"image\":{\"@id\":\"http:\\\/\\\/horizons28.com\\\/sv\\\/handelskonton\\\/#primaryimage\"},\"thumbnailUrl\":\"http:\\\/\\\/horizons28.com\\\/wp-content\\\/uploads\\\/2025\\\/04\\\/account-types.png\",\"datePublished\":\"2025-04-04T07:22:58+00:00\",\"dateModified\":\"2025-04-15T08:29:44+00:00\",\"description\":\"Utforska Horizons28:s olika typer av handelskonton. Fr\u00e5n nyb\u00f6rjare till proffs, hitta ett konto som passar din strategi, ditt kapital och dina m\u00e5l.\",\"breadcrumb\":{\"@id\":\"http:\\\/\\\/horizons28.com\\\/sv\\\/handelskonton\\\/#breadcrumb\"},\"inLanguage\":\"sv-SE\",\"potentialAction\":[{\"@type\":\"ReadAction\",\"target\":[\"http:\\\/\\\/horizons28.com\\\/sv\\\/handelskonton\\\/\"]}]},{\"@type\":\"ImageObject\",\"inLanguage\":\"sv-SE\",\"@id\":\"http:\\\/\\\/horizons28.com\\\/sv\\\/handelskonton\\\/#primaryimage\",\"url\":\"http:\\\/\\\/horizons28.com\\\/wp-content\\\/uploads\\\/2025\\\/04\\\/account-types.png\",\"contentUrl\":\"http:\\\/\\\/horizons28.com\\\/wp-content\\\/uploads\\\/2025\\\/04\\\/account-types.png\"},{\"@type\":\"BreadcrumbList\",\"@id\":\"http:\\\/\\\/horizons28.com\\\/sv\\\/handelskonton\\\/#breadcrumb\",\"itemListElement\":[{\"@type\":\"ListItem\",\"position\":1,\"name\":\"Home\",\"item\":\"https:\\\/\\\/horizons28.com\\\/sv\\\/\"},{\"@type\":\"ListItem\",\"position\":2,\"name\":\"Handelskonton\"}]},{\"@type\":\"WebSite\",\"@id\":\"http:\\\/\\\/horizons28.com\\\/sv\\\/#website\",\"url\":\"http:\\\/\\\/horizons28.com\\\/sv\\\/\",\"name\":\"Horizons28\",\"description\":\"\",\"potentialAction\":[{\"@type\":\"SearchAction\",\"target\":{\"@type\":\"EntryPoint\",\"urlTemplate\":\"http:\\\/\\\/horizons28.com\\\/sv\\\/?s={search_term_string}\"},\"query-input\":{\"@type\":\"PropertyValueSpecification\",\"valueRequired\":true,\"valueName\":\"search_term_string\"}}],\"inLanguage\":\"sv-SE\"}]}<\/script>\n<!-- \/ Yoast SEO plugin. -->","yoast_head_json":{"title":"Handelskonton | V\u00e4lj ditt perfekta uppl\u00e4gg med Horizons28","description":"Utforska Horizons28:s olika typer av handelskonton. Fr\u00e5n nyb\u00f6rjare till proffs, hitta ett konto som passar din strategi, ditt kapital och dina m\u00e5l.","robots":{"index":"index","follow":"follow","max-snippet":"max-snippet:-1","max-image-preview":"max-image-preview:large","max-video-preview":"max-video-preview:-1"},"canonical":"http:\/\/horizons28.com\/sv\/handelskonton\/","og_locale":"sv_SE","og_type":"article","og_title":"Handelskonton | V\u00e4lj ditt perfekta uppl\u00e4gg med Horizons28","og_description":"Utforska Horizons28:s olika typer av handelskonton. Fr\u00e5n nyb\u00f6rjare till proffs, hitta ett konto som passar din strategi, ditt kapital och dina m\u00e5l.","og_url":"http:\/\/horizons28.com\/sv\/handelskonton\/","og_site_name":"Horizons28","article_modified_time":"2025-04-15T08:29:44+00:00","og_image":[{"url":"http:\/\/horizons28.com\/wp-content\/uploads\/2025\/04\/account-types.png","type":"","width":"","height":""}],"twitter_card":"summary_large_image","twitter_misc":{"Ber\u00e4knad l\u00e4stid":"1 minut"},"schema":{"@context":"https:\/\/schema.org","@graph":[{"@type":"WebPage","@id":"http:\/\/horizons28.com\/sv\/handelskonton\/","url":"http:\/\/horizons28.com\/sv\/handelskonton\/","name":"Handelskonton | V\u00e4lj ditt perfekta uppl\u00e4gg med Horizons28","isPartOf":{"@id":"http:\/\/horizons28.com\/sv\/#website"},"primaryImageOfPage":{"@id":"http:\/\/horizons28.com\/sv\/handelskonton\/#primaryimage"},"image":{"@id":"http:\/\/horizons28.com\/sv\/handelskonton\/#primaryimage"},"thumbnailUrl":"http:\/\/horizons28.com\/wp-content\/uploads\/2025\/04\/account-types.png","datePublished":"2025-04-04T07:22:58+00:00","dateModified":"2025-04-15T08:29:44+00:00","description":"Utforska Horizons28:s olika typer av handelskonton. Fr\u00e5n nyb\u00f6rjare till proffs, hitta ett konto som passar din strategi, ditt kapital och dina m\u00e5l.","breadcrumb":{"@id":"http:\/\/horizons28.com\/sv\/handelskonton\/#breadcrumb"},"inLanguage":"sv-SE","potentialAction":[{"@type":"ReadAction","target":["http:\/\/horizons28.com\/sv\/handelskonton\/"]}]},{"@type":"ImageObject","inLanguage":"sv-SE","@id":"http:\/\/horizons28.com\/sv\/handelskonton\/#primaryimage","url":"http:\/\/horizons28.com\/wp-content\/uploads\/2025\/04\/account-types.png","contentUrl":"http:\/\/horizons28.com\/wp-content\/uploads\/2025\/04\/account-types.png"},{"@type":"BreadcrumbList","@id":"http:\/\/horizons28.com\/sv\/handelskonton\/#breadcrumb","itemListElement":[{"@type":"ListItem","position":1,"name":"Home","item":"https:\/\/horizons28.com\/sv\/"},{"@type":"ListItem","position":2,"name":"Handelskonton"}]},{"@type":"WebSite","@id":"http:\/\/horizons28.com\/sv\/#website","url":"http:\/\/horizons28.com\/sv\/","name":"Horizons28","description":"","potentialAction":[{"@type":"SearchAction","target":{"@type":"EntryPoint","urlTemplate":"http:\/\/horizons28.com\/sv\/?s={search_term_string}"},"query-input":{"@type":"PropertyValueSpecification","valueRequired":true,"valueName":"search_term_string"}}],"inLanguage":"sv-SE"}]}},"_links":{"self":[{"href":"http:\/\/horizons28.com\/sv\/wp-json\/wp\/v2\/pages\/723","targetHints":{"allow":["GET"]}}],"collection":[{"href":"http:\/\/horizons28.com\/sv\/wp-json\/wp\/v2\/pages"}],"about":[{"href":"http:\/\/horizons28.com\/sv\/wp-json\/wp\/v2\/types\/page"}],"author":[{"embeddable":true,"href":"http:\/\/horizons28.com\/sv\/wp-json\/wp\/v2\/users\/1"}],"replies":[{"embeddable":true,"href":"http:\/\/horizons28.com\/sv\/wp-json\/wp\/v2\/comments?post=723"}],"version-history":[{"count":1,"href":"http:\/\/horizons28.com\/sv\/wp-json\/wp\/v2\/pages\/723\/revisions"}],"predecessor-version":[{"id":1243,"href":"http:\/\/horizons28.com\/sv\/wp-json\/wp\/v2\/pages\/723\/revisions\/1243"}],"wp:attachment":[{"href":"http:\/\/horizons28.com\/sv\/wp-json\/wp\/v2\/media?parent=723"}],"curies":[{"name":"wp","href":"https:\/\/api.w.org\/{rel}","templated":true}]}}