{"id":725,"date":"2025-04-04T07:20:25","date_gmt":"2025-04-04T07:20:25","guid":{"rendered":"http:\/\/horizons28.com\/handelslikviditet\/"},"modified":"2025-04-15T08:35:41","modified_gmt":"2025-04-15T08:35:41","slug":"handelslikviditet","status":"publish","type":"page","link":"http:\/\/horizons28.com\/sv\/handelslikviditet\/","title":{"rendered":"Handelslikviditet"},"content":{"rendered":"\n<h1>\n\t\tSmart likviditet. Omedelbar tillg\u00e5ng. \n\t<\/h1>\n\t<p>F\u00e5 tillg\u00e5ng till omedelbar likviditet f\u00f6r att st\u00f6dja s\u00f6ml\u00f6s handel, snabbare utf\u00f6rande och oavbruten marknadsprestanda.<\/p>\n\t\t\t<a href=\"https:\/\/area.horizons28.net\/auth\/registration\" target=\"_blank\" rel=\"noopener\">\n\t\t\t\t\t\t\tG\u00e5 med i Horizons28\n\t\t\t<\/a>\n\t\t\t\t<img loading=\"lazy\" decoding=\"async\" src=\"http:\/\/horizons28.com\/wp-content\/uploads\/2025\/04\/trade-liquidity.png\" alt=\"Trade Liquidity\" itemprop=\"image\" height=\"500\" width=\"600\" title=\"trade-liquidity\" onerror=\"this.style.display='none'\"  \/>\n<h2>\n\t\tVad \u00e4r Horizons28 handelslikviditet?\n\t<\/h2>\n\t<p>Horizons28 Trade Liquidity \u00e4r en specialbyggd finansiell l\u00f6sning som ger m\u00e4klarfirmor snabb tillg\u00e5ng till likviditetsreserver.  <strong>Detta s\u00e4kerst\u00e4ller smidig och oavbruten handel \u00e4ven under stora volymer eller volatila marknadsf\u00f6rh\u00e5llanden.<\/strong>  V\u00e5rt likviditetsst\u00f6d f\u00f6rb\u00e4ttrar prestanda och tillf\u00f6rlitlighet i alla handelsoperationer.<\/p>\n<h2>\n\t\tSnabb tillg\u00e5ng till kapital\n\t<\/h2>\n\t<p>Undvik driftstopp och handelsavbrott med omedelbar likviditet som \u00e4r tillg\u00e4nglig exakt n\u00e4r den beh\u00f6vs.<\/p>\n<h2>\n\t\tF\u00f6rb\u00e4ttrat genomf\u00f6rande\n\t<\/h2>\n\t<p>P\u00e5skynda genomf\u00f6randet av handeln och minimera avvikelser med konsekvent tillg\u00e5ng till medel, f\u00f6r en b\u00e4ttre handelsupplevelse.<\/p>\n<h2>\n\t\tVolatilitetsskydd\n\t<\/h2>\n\t<p>Stabilisera verksamheten under h\u00f6g volatilitet eller marknadstoppar med inbyggda likviditetsbuffertar f\u00f6r b\u00e4ttre skydd mot handelsrisker.<\/p>\n<h2>\n\t\tFlexibla villkor\n\t<\/h2>\n\t<p>Vi erbjuder \u00e5terbetalningsalternativ som matchar din m\u00e4klarbyr\u00e5s kassafl\u00f6descykler och operativa m\u00e5l - inga rigida scheman.<\/p>\n<h2>\n\t\tSkalbar f\u00f6r tillv\u00e4xt\n\t<\/h2>\n\t<p>Oavsett om du expanderar till nya marknader eller hanterar \u00f6kade handelsvolymer anpassar sig v\u00e5r l\u00f6sning till dina behov.<\/p>\n<h2>\n\t\tKundernas f\u00f6rtroende\n\t<\/h2>\n\t<p>Konsekvent utf\u00f6rande och oavbruten handel skapar trov\u00e4rdighet hos dina kunder och f\u00f6rst\u00e4rker ditt varum\u00e4rke.<\/p>\n<h3>\n\t\tUtforska f\u00f6rdelarna\n\t<\/h3>\n<h3>\n\t\tHorizons28 Funktioner f\u00f6r handelslikviditet\n\t<\/h3>\n\t<p>Horizons28 Investment Pool \u00e4r utformad f\u00f6r att <strong>hj\u00e4lpa investerare att f\u00e5 sina pengar att v\u00e4xa genom samarbete och tillg\u00e5ng till kuraterade investeringsprojekt<\/strong>. Oavsett om du precis har b\u00f6rjat eller redan bygger upp en f\u00f6rm\u00f6genhet \u00e4r det <strong>h\u00e4r din ink\u00f6rsport till smartare och mer uppkopplade investeringar<\/strong>. <\/p>\n\t\t<h4>Branschledande f\u00f6rh\u00e5llanden<\/h4>\t\t\t\n\t\t\t\t<p>F\u00e5 likviditet till mycket konkurrenskraftiga villkor, vilket hj\u00e4lper dig att hantera kostnader utan att kompromissa med prestanda.<\/p>\n\t\t<h4>Total \u00f6ppenhet<\/h4>\t\t\t\n\t\t\t\t<p>Alla avtal \u00e4r tydliga, enkla och fria fr\u00e5n dolda avgifter eller ov\u00e4ntade kostnader f\u00f6r total transparens.<\/p>\n\t\t<h4>M\u00e4klarfokuserat st\u00f6d<\/h4>\t\t\t\n\t\t\t\t<p>Du kommer att samarbeta med en dedikerad Horizons28-expert som f\u00f6rst\u00e5r ditt f\u00f6retag och hj\u00e4lper dig att optimera din likviditetsstrategi.<\/p>\n\t\t<h4>S\u00f6ml\u00f6s integration<\/h4>\t\t\t\n\t\t\t\t<p>V\u00e5ra likviditetsf\u00f6rskott integreras enkelt med dina befintliga system och leverant\u00f6rer - inga tekniska problem, bara smidig drift.<\/p>\n<h5>\n\t\tHur det fungerar\n\t<\/h5>\n\t\t\t\t\t\t\t\t\t\t\t\t\t\t\t<h5>1<\/h5>\n\t\t\t\t\t\t<p>Utv\u00e4rdering<\/p>\t\t\t\t\t\n\t\t\t<!-- END .front -->\n\t\t\t\t\t\t<p>Vi analyserar din handelsaktivitet, dina likviditetsbehov och din tillv\u00e4xtbana f\u00f6r att utforma r\u00e4tt l\u00f6sning f\u00f6r din m\u00e4klarfirma.<\/p>\t\t\t\t\t\n\t\t\t<!-- END .back -->\n\t\t <!-- ifb-flip-box -->\n\t <!-- flip-box -->\n\t\t\t\t\t\t\t\t\t\t\t\t\t\t\t<h5>2<\/h5>\n\t\t\t\t\t\t<p>Godk\u00e4nnande<\/p>\t\t\t\t\t\n\t\t\t<!-- END .front -->\n\t\t\t\t\t\t<p>N\u00e4r du har godk\u00e4nts f\u00e5r du omedelbart tillg\u00e5ng till den \u00f6verenskomna likviditetsreserven, redo att st\u00f6dja din verksamhet.<\/p>\t\t\t\t\t\n\t\t\t<!-- END .back -->\n\t\t <!-- ifb-flip-box -->\n\t <!-- flip-box -->\n\t\t\t\t\t\t\t\t\t\t\t\t\t\t\t<h5>3<\/h5>\n\t\t\t\t\t\t<p>Integration<\/p>\t\t\t\t\t\n\t\t\t<!-- END .front -->\n\t\t\t\t\t\t<p>Fonderna integreras s\u00f6ml\u00f6st i ditt likviditetsramverk med minimala driftst\u00f6rningar.<\/p>\t\t\t\t\t\n\t\t\t<!-- END .back -->\n\t\t <!-- ifb-flip-box -->\n\t <!-- flip-box -->\n\t\t\t\t\t\t\t\t\t\t\t\t\t\t\t<h5>4<\/h5>\n\t\t\t\t\t\t<p>\u00c5terbetalning<\/p>\t\t\t\t\t\n\t\t\t<!-- END .front -->\n\t\t\t\t\t\t<p>\u00c5terbetala likviditetsf\u00f6rskottet enligt en plan som passar din finansiella struktur och dina f\u00f6rmedlingskrav.<\/p>\t\t\t\t\t\n\t\t\t<!-- END .back -->\n\t\t <!-- ifb-flip-box -->\n\t <!-- flip-box -->\n<h3>\n\t\tRedo att handla smartare? Upplev verklig hastighet, riktiga marknader och verkliga resultat.\n\t<\/h3>\n\t\t\t<a href=\"https:\/\/area.horizons28.net\/auth\/registration\" target=\"_blank\" rel=\"noopener\">\n\t\t\t\t\t\t\t\tG\u00e5 med i Horizons28\n\t\t\t<\/a>\n<h1>\n\t\tSamarbeta med Horizons28 Idag\n\t<\/h1>\n\t<p><strong>Ge din m\u00e4klarfirma den likviditet den beh\u00f6ver<\/strong>f\u00f6r att tryggt kunna skala upp, f\u00f6rb\u00e4ttra utf\u00f6randet och uppr\u00e4tth\u00e5lla kundernas f\u00f6rtroende. L\u00e5t oss bygga en starkare grund f\u00f6r tillv\u00e4xt - kontakta en specialist p\u00e5 Horizons28 Trade Liquidity idag. <\/p>\n<p>V\u00e5ra skr\u00e4ddarsydda likviditetsl\u00f6sningar \u00e4r utformade f\u00f6r att anpassas till dina aff\u00e4rsm\u00e5l och ger dig den flexibilitet och det st\u00f6d du beh\u00f6ver f\u00f6r att arbeta med full kapacitet. <strong>Horizons28 ger ditt m\u00e4klarf\u00f6retag verktygen f\u00f6r att trivas i alla marknadsmilj\u00f6er<\/strong>, fr\u00e5n smidigare handelsutf\u00f6rande till f\u00f6rb\u00e4ttrad motst\u00e5ndskraft p\u00e5 marknaden. <\/p>\n\t\t\t\t<img loading=\"lazy\" decoding=\"async\" src=\"http:\/\/horizons28.com\/wp-content\/uploads\/2025\/04\/partner-with-us.png\" alt=\"Partner With Us\" itemprop=\"image\" height=\"580\" width=\"813\" title=\"partner-with-us\" onerror=\"this.style.display='none'\"  \/>\n<h3>\n\t\tRedo att handla smartare? Upplev verklig hastighet, riktiga marknader och verkliga resultat.\n\t<\/h3>\n\t\t\t<a href=\"https:\/\/area.horizons28.net\/auth\/registration\" target=\"_blank\" rel=\"noopener\">\n\t\t\t\t\t\t\t\tG\u00e5 med i Horizons28\n\t\t\t<\/a>\n\n","protected":false},"excerpt":{"rendered":"<p>Smart likviditet. Omedelbar tillg\u00e5ng. F\u00e5 tillg\u00e5ng till omedelbar likviditet f\u00f6r att st\u00f6dja s\u00f6ml\u00f6s handel, snabbare utf\u00f6rande och oavbruten marknadsprestanda. G\u00e5 med i Horizons28 Vad \u00e4r Horizons28 handelslikviditet? Horizons28 Trade Liquidity \u00e4r en specialbyggd finansiell l\u00f6sning som ger m\u00e4klarfirmor snabb tillg\u00e5ng till likviditetsreserver. Detta s\u00e4kerst\u00e4ller smidig och oavbruten handel \u00e4ven under stora volymer eller volatila marknadsf\u00f6rh\u00e5llanden.&hellip;<\/p>\n","protected":false},"author":1,"featured_media":0,"parent":0,"menu_order":0,"comment_status":"closed","ping_status":"closed","template":"","meta":{"footnotes":""},"class_list":["post-725","page","type-page","status-publish","hentry"],"yoast_head":"<!-- This site is optimized with the Yoast SEO plugin v27.4 - https:\/\/yoast.com\/product\/yoast-seo-wordpress\/ -->\n<title>L\u00f6sningar f\u00f6r handelslikviditet | Omedelbart kapital f\u00f6r m\u00e4klare | Horizons28<\/title>\n<meta name=\"description\" content=\"F\u00e5 tillg\u00e5ng till snabb, flexibel likviditet f\u00f6r att st\u00f6dja s\u00f6ml\u00f6s exekvering och m\u00e4klarstabilitet. Horizons28 hj\u00e4lper din m\u00e4klarfirma att skala med f\u00f6rtroende.\" \/>\n<meta name=\"robots\" content=\"index, follow, max-snippet:-1, max-image-preview:large, max-video-preview:-1\" \/>\n<link rel=\"canonical\" href=\"http:\/\/horizons28.com\/sv\/handelslikviditet\/\" \/>\n<meta property=\"og:locale\" content=\"sv_SE\" \/>\n<meta property=\"og:type\" content=\"article\" \/>\n<meta property=\"og:title\" content=\"L\u00f6sningar f\u00f6r handelslikviditet | Omedelbart kapital f\u00f6r m\u00e4klare | Horizons28\" \/>\n<meta property=\"og:description\" content=\"F\u00e5 tillg\u00e5ng till snabb, flexibel likviditet f\u00f6r att st\u00f6dja s\u00f6ml\u00f6s exekvering och m\u00e4klarstabilitet. Horizons28 hj\u00e4lper din m\u00e4klarfirma att skala med f\u00f6rtroende.\" \/>\n<meta property=\"og:url\" content=\"http:\/\/horizons28.com\/sv\/handelslikviditet\/\" \/>\n<meta property=\"og:site_name\" content=\"Horizons28\" \/>\n<meta property=\"article:modified_time\" content=\"2025-04-15T08:35:41+00:00\" \/>\n<meta property=\"og:image\" content=\"http:\/\/horizons28.com\/wp-content\/uploads\/2025\/04\/trade-liquidity.png\" \/>\n<meta name=\"twitter:card\" content=\"summary_large_image\" \/>\n<meta name=\"twitter:label1\" content=\"Ber\u00e4knad l\u00e4stid\" \/>\n\t<meta name=\"twitter:data1\" content=\"3 minuter\" \/>\n<script type=\"application\/ld+json\" class=\"yoast-schema-graph\">{\"@context\":\"https:\\\/\\\/schema.org\",\"@graph\":[{\"@type\":\"WebPage\",\"@id\":\"http:\\\/\\\/horizons28.com\\\/sv\\\/handelslikviditet\\\/\",\"url\":\"http:\\\/\\\/horizons28.com\\\/sv\\\/handelslikviditet\\\/\",\"name\":\"L\u00f6sningar f\u00f6r handelslikviditet | Omedelbart kapital f\u00f6r m\u00e4klare | Horizons28\",\"isPartOf\":{\"@id\":\"http:\\\/\\\/horizons28.com\\\/sv\\\/#website\"},\"primaryImageOfPage\":{\"@id\":\"http:\\\/\\\/horizons28.com\\\/sv\\\/handelslikviditet\\\/#primaryimage\"},\"image\":{\"@id\":\"http:\\\/\\\/horizons28.com\\\/sv\\\/handelslikviditet\\\/#primaryimage\"},\"thumbnailUrl\":\"http:\\\/\\\/horizons28.com\\\/wp-content\\\/uploads\\\/2025\\\/04\\\/trade-liquidity.png\",\"datePublished\":\"2025-04-04T07:20:25+00:00\",\"dateModified\":\"2025-04-15T08:35:41+00:00\",\"description\":\"F\u00e5 tillg\u00e5ng till snabb, flexibel likviditet f\u00f6r att st\u00f6dja s\u00f6ml\u00f6s exekvering och m\u00e4klarstabilitet. Horizons28 hj\u00e4lper din m\u00e4klarfirma att skala med f\u00f6rtroende.\",\"breadcrumb\":{\"@id\":\"http:\\\/\\\/horizons28.com\\\/sv\\\/handelslikviditet\\\/#breadcrumb\"},\"inLanguage\":\"sv-SE\",\"potentialAction\":[{\"@type\":\"ReadAction\",\"target\":[\"http:\\\/\\\/horizons28.com\\\/sv\\\/handelslikviditet\\\/\"]}]},{\"@type\":\"ImageObject\",\"inLanguage\":\"sv-SE\",\"@id\":\"http:\\\/\\\/horizons28.com\\\/sv\\\/handelslikviditet\\\/#primaryimage\",\"url\":\"http:\\\/\\\/horizons28.com\\\/wp-content\\\/uploads\\\/2025\\\/04\\\/trade-liquidity.png\",\"contentUrl\":\"http:\\\/\\\/horizons28.com\\\/wp-content\\\/uploads\\\/2025\\\/04\\\/trade-liquidity.png\"},{\"@type\":\"BreadcrumbList\",\"@id\":\"http:\\\/\\\/horizons28.com\\\/sv\\\/handelslikviditet\\\/#breadcrumb\",\"itemListElement\":[{\"@type\":\"ListItem\",\"position\":1,\"name\":\"Home\",\"item\":\"https:\\\/\\\/horizons28.com\\\/sv\\\/\"},{\"@type\":\"ListItem\",\"position\":2,\"name\":\"Handelslikviditet\"}]},{\"@type\":\"WebSite\",\"@id\":\"http:\\\/\\\/horizons28.com\\\/sv\\\/#website\",\"url\":\"http:\\\/\\\/horizons28.com\\\/sv\\\/\",\"name\":\"Horizons28\",\"description\":\"\",\"potentialAction\":[{\"@type\":\"SearchAction\",\"target\":{\"@type\":\"EntryPoint\",\"urlTemplate\":\"http:\\\/\\\/horizons28.com\\\/sv\\\/?s={search_term_string}\"},\"query-input\":{\"@type\":\"PropertyValueSpecification\",\"valueRequired\":true,\"valueName\":\"search_term_string\"}}],\"inLanguage\":\"sv-SE\"}]}<\/script>\n<!-- \/ Yoast SEO plugin. -->","yoast_head_json":{"title":"L\u00f6sningar f\u00f6r handelslikviditet | Omedelbart kapital f\u00f6r m\u00e4klare | Horizons28","description":"F\u00e5 tillg\u00e5ng till snabb, flexibel likviditet f\u00f6r att st\u00f6dja s\u00f6ml\u00f6s exekvering och m\u00e4klarstabilitet. Horizons28 hj\u00e4lper din m\u00e4klarfirma att skala med f\u00f6rtroende.","robots":{"index":"index","follow":"follow","max-snippet":"max-snippet:-1","max-image-preview":"max-image-preview:large","max-video-preview":"max-video-preview:-1"},"canonical":"http:\/\/horizons28.com\/sv\/handelslikviditet\/","og_locale":"sv_SE","og_type":"article","og_title":"L\u00f6sningar f\u00f6r handelslikviditet | Omedelbart kapital f\u00f6r m\u00e4klare | Horizons28","og_description":"F\u00e5 tillg\u00e5ng till snabb, flexibel likviditet f\u00f6r att st\u00f6dja s\u00f6ml\u00f6s exekvering och m\u00e4klarstabilitet. Horizons28 hj\u00e4lper din m\u00e4klarfirma att skala med f\u00f6rtroende.","og_url":"http:\/\/horizons28.com\/sv\/handelslikviditet\/","og_site_name":"Horizons28","article_modified_time":"2025-04-15T08:35:41+00:00","og_image":[{"url":"http:\/\/horizons28.com\/wp-content\/uploads\/2025\/04\/trade-liquidity.png","type":"","width":"","height":""}],"twitter_card":"summary_large_image","twitter_misc":{"Ber\u00e4knad l\u00e4stid":"3 minuter"},"schema":{"@context":"https:\/\/schema.org","@graph":[{"@type":"WebPage","@id":"http:\/\/horizons28.com\/sv\/handelslikviditet\/","url":"http:\/\/horizons28.com\/sv\/handelslikviditet\/","name":"L\u00f6sningar f\u00f6r handelslikviditet | Omedelbart kapital f\u00f6r m\u00e4klare | Horizons28","isPartOf":{"@id":"http:\/\/horizons28.com\/sv\/#website"},"primaryImageOfPage":{"@id":"http:\/\/horizons28.com\/sv\/handelslikviditet\/#primaryimage"},"image":{"@id":"http:\/\/horizons28.com\/sv\/handelslikviditet\/#primaryimage"},"thumbnailUrl":"http:\/\/horizons28.com\/wp-content\/uploads\/2025\/04\/trade-liquidity.png","datePublished":"2025-04-04T07:20:25+00:00","dateModified":"2025-04-15T08:35:41+00:00","description":"F\u00e5 tillg\u00e5ng till snabb, flexibel likviditet f\u00f6r att st\u00f6dja s\u00f6ml\u00f6s exekvering och m\u00e4klarstabilitet. Horizons28 hj\u00e4lper din m\u00e4klarfirma att skala med f\u00f6rtroende.","breadcrumb":{"@id":"http:\/\/horizons28.com\/sv\/handelslikviditet\/#breadcrumb"},"inLanguage":"sv-SE","potentialAction":[{"@type":"ReadAction","target":["http:\/\/horizons28.com\/sv\/handelslikviditet\/"]}]},{"@type":"ImageObject","inLanguage":"sv-SE","@id":"http:\/\/horizons28.com\/sv\/handelslikviditet\/#primaryimage","url":"http:\/\/horizons28.com\/wp-content\/uploads\/2025\/04\/trade-liquidity.png","contentUrl":"http:\/\/horizons28.com\/wp-content\/uploads\/2025\/04\/trade-liquidity.png"},{"@type":"BreadcrumbList","@id":"http:\/\/horizons28.com\/sv\/handelslikviditet\/#breadcrumb","itemListElement":[{"@type":"ListItem","position":1,"name":"Home","item":"https:\/\/horizons28.com\/sv\/"},{"@type":"ListItem","position":2,"name":"Handelslikviditet"}]},{"@type":"WebSite","@id":"http:\/\/horizons28.com\/sv\/#website","url":"http:\/\/horizons28.com\/sv\/","name":"Horizons28","description":"","potentialAction":[{"@type":"SearchAction","target":{"@type":"EntryPoint","urlTemplate":"http:\/\/horizons28.com\/sv\/?s={search_term_string}"},"query-input":{"@type":"PropertyValueSpecification","valueRequired":true,"valueName":"search_term_string"}}],"inLanguage":"sv-SE"}]}},"_links":{"self":[{"href":"http:\/\/horizons28.com\/sv\/wp-json\/wp\/v2\/pages\/725","targetHints":{"allow":["GET"]}}],"collection":[{"href":"http:\/\/horizons28.com\/sv\/wp-json\/wp\/v2\/pages"}],"about":[{"href":"http:\/\/horizons28.com\/sv\/wp-json\/wp\/v2\/types\/page"}],"author":[{"embeddable":true,"href":"http:\/\/horizons28.com\/sv\/wp-json\/wp\/v2\/users\/1"}],"replies":[{"embeddable":true,"href":"http:\/\/horizons28.com\/sv\/wp-json\/wp\/v2\/comments?post=725"}],"version-history":[{"count":1,"href":"http:\/\/horizons28.com\/sv\/wp-json\/wp\/v2\/pages\/725\/revisions"}],"predecessor-version":[{"id":1253,"href":"http:\/\/horizons28.com\/sv\/wp-json\/wp\/v2\/pages\/725\/revisions\/1253"}],"wp:attachment":[{"href":"http:\/\/horizons28.com\/sv\/wp-json\/wp\/v2\/media?parent=725"}],"curies":[{"name":"wp","href":"https:\/\/api.w.org\/{rel}","templated":true}]}}