{"id":729,"date":"2025-04-04T07:20:13","date_gmt":"2025-04-04T07:20:13","guid":{"rendered":"http:\/\/horizons28.com\/investeringspool\/"},"modified":"2025-04-15T08:33:17","modified_gmt":"2025-04-15T08:33:17","slug":"investeringspool","status":"publish","type":"page","link":"http:\/\/horizons28.com\/sv\/investeringspool\/","title":{"rendered":"Investeringspool"},"content":{"rendered":"\n<h1>\n\t\tInvestera smartare. Tillsammans. \n\t<\/h1>\n\t<p>G\u00e5 samman med investerare f\u00f6r att f\u00e5 tillg\u00e5ng till diversifierade m\u00f6jligheter med h\u00f6g potential p\u00e5 globala marknader.<\/p>\n\t\t\t<a href=\"https:\/\/area.horizons28.net\/auth\/registration\" target=\"_blank\" rel=\"noopener\">\n\t\t\t\t\t\t\tG\u00e5 med i Horizons28\n\t\t\t<\/a>\n\t\t\t\t<img loading=\"lazy\" decoding=\"async\" src=\"http:\/\/horizons28.com\/wp-content\/uploads\/2025\/04\/horizons28-investment-pool.png\" alt=\"Horizons28 Investment Pool\" itemprop=\"image\" height=\"500\" width=\"600\" title=\"horizons28-investment-pool\" onerror=\"this.style.display='none'\"  \/>\n<h2>\n\t\tHorizons28 Investment Pool\n\t<\/h2>\n\t<p>Ta steget in i framtidens investeringar med <strong>Horizons28 Investment Pool<\/strong> - en modern plattform som f\u00f6r samman investerare f\u00f6r att samarbeta, samla medel och f\u00e5 tillg\u00e5ng till <strong>exklusiva tillv\u00e4xtm\u00f6jligheter<\/strong>. Oavsett om du \u00e4r nyb\u00f6rjare eller redan har erfarenhet av att investera <strong>hj\u00e4lper<\/strong> v\u00e5rt community <strong>dig att bygga en starkare portf\u00f6lj samtidigt som du skapar meningsfulla finansiella kontakter.<\/strong> <\/p>\n<h2>\n\t\tInvestera tillsammans\n\t<\/h2>\n\t<p>Samla ditt kapital med andra f\u00f6r att l\u00e5sa upp f\u00f6rstklassiga investeringsm\u00f6jligheter.<\/p>\n<h2>\n\t\tL\u00e4r dig tillsammans\n\t<\/h2>\n\t<p>Dela strategier och id\u00e9er med andra investerare och finansproffs.<\/p>\n<h2>\n\t\tVinst tillsammans\n\t<\/h2>\n\t<p>Sprid din investering \u00f6ver olika marknader f\u00f6r att skydda och \u00f6ka ditt kapital.<\/p>\n<h3>\n\t\tInvestment Pool Funktioner\n\t<\/h3>\n<h3>\n\t\tUppt\u00e4ck smartare investeringar med Horizons28\n\t<\/h3>\n\t<p>Horizons28 Investment Pool \u00e4r utformad f\u00f6r att <strong>hj\u00e4lpa investerare att f\u00e5 sina pengar att v\u00e4xa genom samarbete och tillg\u00e5ng till kuraterade investeringsprojekt<\/strong>. Oavsett om du precis har b\u00f6rjat eller redan bygger upp en f\u00f6rm\u00f6genhet \u00e4r det <strong>h\u00e4r din ink\u00f6rsport till smartare och mer uppkopplade investeringar<\/strong>. <\/p>\n\t\t<h4>Access Premium Investment Deal<\/h4>\t\t\t\n\t\t\t\t<p>F\u00e5 tillg\u00e5ng till m\u00f6jligheter med h\u00f6g potential som vanligtvis endast \u00e4r tillg\u00e4ngliga f\u00f6r stora investerare.<\/p>\n\t\t<h4>Minska din risk<\/h4>\t\t\t\n\t\t\t\t<p>Diversifiera dina fonder mellan branscher och tillg\u00e5ngsslag och minska din exponering f\u00f6r handelsrisk.<\/p>\n\t\t<h4>Ut\u00f6ka ditt n\u00e4tverk<\/h4>\t\t\t\n\t\t\t\t<p>Kom i kontakt med marknadsanalytiker, erfarna investerare och entrepren\u00f6rer.<\/p>\n\t\t<h4>F\u00f6lj upp dina investeringar<\/h4>\t\t\t\n\t\t\t\t<p>Visa prestandadata i realtid med fullst\u00e4ndig transparens och plattformsskydd.<\/p>\n<h5>\n\t\tKom ig\u00e5ng med 4 enkla steg\n\t<\/h5>\n\t\t\t\t\t\t\t\t\t\t\t\t\t\t\t<h5>1<\/h5>\n\t\t\t\t\t\t<p>Registrera dig och verifiera<\/p>\t\t\t\t\t\n\t\t\t<!-- END .front -->\n\t\t\t\t\t\t<p>Skapa ditt konto genom v\u00e5r snabba registreringsprocess.<\/p>\t\t\t\t\t\n\t\t\t<!-- END .back -->\n\t\t <!-- ifb-flip-box -->\n\t <!-- flip-box -->\n\t\t\t\t\t\t\t\t\t\t\t\t\t\t\t<h5>2<\/h5>\n\t\t\t\t\t\t<p>G\u00e5 med i poolen<\/p>\t\t\t\t\t\n\t\t\t<!-- END .front -->\n\t\t\t\t\t\t<p>V\u00e4lj sj\u00e4lv hur mycket du vill investera och bidra med till den gemensamma poolen.<\/p>\t\t\t\t\t\n\t\t\t<!-- END .back -->\n\t\t <!-- ifb-flip-box -->\n\t <!-- flip-box -->\n\t\t\t\t\t\t\t\t\t\t\t\t\t\t\t<h5>3<\/h5>\n\t\t\t\t\t\t<p>V\u00e4lj investering<\/p>\t\t\t\t\t\n\t\t\t<!-- END .front -->\n\t\t\t\t\t\t<p>V\u00e4lj bland en m\u00e4ngd handplockade projekt med h\u00f6g potential.<\/p>\t\t\t\t\t\n\t\t\t<!-- END .back -->\n\t\t <!-- ifb-flip-box -->\n\t <!-- flip-box -->\n\t\t\t\t\t\t\t\t\t\t\t\t\t\t\t<h5>4<\/h5>\n\t\t\t\t\t\t<p>Sp\u00e5ra och justera<\/p>\t\t\t\t\t\n\t\t\t<!-- END .front -->\n\t\t\t\t\t\t<p>\u00d6vervaka dina resultat och \u00e5terinvestera int\u00e4kterna i takt med att du v\u00e4xer.<\/p>\t\t\t\t\t\n\t\t\t<!-- END .back -->\n\t\t <!-- ifb-flip-box -->\n\t <!-- flip-box -->\n<h3>\n\t\tRedo att handla smartare? Upplev verklig hastighet, riktiga marknader och verkliga resultat.\n\t<\/h3>\n\t\t\t<a href=\"https:\/\/area.horizons28.net\/auth\/registration\" target=\"_blank\" rel=\"noopener\">\n\t\t\t\t\t\t\t\tG\u00e5 med i Horizons28\n\t\t\t<\/a>\n<h1>\n\t\tUtforska v\u00e5ra investeringsalternativ\n\t<\/h1>\n\t<p>Med Horizons28 f\u00e5r du tillg\u00e5ng till ett brett utbud av investeringsalternativ:<\/p>\n<strong>Stocks &amp; ETFs<\/strong><br \/>\nInvestera i v\u00e4lanalyserade aktier och diversifierade b\u00f6rshandlade fonder.\n<strong>Sustainable Investments<\/strong><br \/>\nSt\u00f6d milj\u00f6v\u00e4nliga och socialt ansvarsfulla satsningar som ocks\u00e5 ger god avkastning.\n\t\t\t\t<img loading=\"lazy\" decoding=\"async\" src=\"http:\/\/horizons28.com\/wp-content\/uploads\/2025\/04\/investment-options.png\" alt=\"Investment Options\" itemprop=\"image\" height=\"580\" width=\"813\" title=\"investment-options\" onerror=\"this.style.display='none'\"  \/>\n\t<p>Horizons28 Investment Pool \u00e4r utformad f\u00f6r ett brett spektrum av deltagare.  <strong>Den \u00e4r idealisk f\u00f6r vanliga investerare som vill bygga upp en l\u00e5ngsiktig f\u00f6rm\u00f6genhet, entrepren\u00f6rer och sm\u00e5f\u00f6retagare som s\u00f6ker innovativa finansieringsm\u00f6jligheter och blivande handlare som vill l\u00e4ra sig och v\u00e4xa i en st\u00f6djande investeringsmilj\u00f6.<\/strong><\/p>\n<h3>\n\t\tRedo att handla smartare? Upplev verklig hastighet, riktiga marknader och verkliga resultat.\n\t<\/h3>\n\t\t\t<a href=\"https:\/\/area.horizons28.net\/auth\/registration\" target=\"_blank\" rel=\"noopener\">\n\t\t\t\t\t\t\t\tG\u00e5 med i Horizons28\n\t\t\t<\/a>\n\n","protected":false},"excerpt":{"rendered":"<p>Investera smartare. Tillsammans. G\u00e5 samman med investerare f\u00f6r att f\u00e5 tillg\u00e5ng till diversifierade m\u00f6jligheter med h\u00f6g potential p\u00e5 globala marknader. G\u00e5 med i Horizons28 Horizons28 Investment Pool Ta steget in i framtidens investeringar med Horizons28 Investment Pool - en modern plattform som f\u00f6r samman investerare f\u00f6r att samarbeta, samla medel och f\u00e5 tillg\u00e5ng till exklusiva&hellip;<\/p>\n","protected":false},"author":1,"featured_media":0,"parent":0,"menu_order":0,"comment_status":"closed","ping_status":"closed","template":"","meta":{"footnotes":""},"class_list":["post-729","page","type-page","status-publish","hentry"],"yoast_head":"<!-- This site is optimized with the Yoast SEO plugin v27.4 - https:\/\/yoast.com\/product\/yoast-seo-wordpress\/ -->\n<title>Investment Pool | Collaborative Investing med Horizons28<\/title>\n<meta name=\"description\" content=\"G\u00e5 med i Horizons28 Investment Pool och f\u00e5 ditt kapital att v\u00e4xa tillsammans med en grupp investerare. F\u00e5 tillg\u00e5ng till diversifierade m\u00f6jligheter med h\u00f6g avkastning.\" \/>\n<meta name=\"robots\" content=\"index, follow, max-snippet:-1, max-image-preview:large, max-video-preview:-1\" \/>\n<link rel=\"canonical\" href=\"http:\/\/horizons28.com\/sv\/investeringspool\/\" \/>\n<meta property=\"og:locale\" content=\"sv_SE\" \/>\n<meta property=\"og:type\" content=\"article\" \/>\n<meta property=\"og:title\" content=\"Investment Pool | Collaborative Investing med Horizons28\" \/>\n<meta property=\"og:description\" content=\"G\u00e5 med i Horizons28 Investment Pool och f\u00e5 ditt kapital att v\u00e4xa tillsammans med en grupp investerare. F\u00e5 tillg\u00e5ng till diversifierade m\u00f6jligheter med h\u00f6g avkastning.\" \/>\n<meta property=\"og:url\" content=\"http:\/\/horizons28.com\/sv\/investeringspool\/\" \/>\n<meta property=\"og:site_name\" content=\"Horizons28\" \/>\n<meta property=\"article:modified_time\" content=\"2025-04-15T08:33:17+00:00\" \/>\n<meta property=\"og:image\" content=\"http:\/\/horizons28.com\/wp-content\/uploads\/2025\/04\/horizons28-investment-pool.png\" \/>\n<meta name=\"twitter:card\" content=\"summary_large_image\" \/>\n<meta name=\"twitter:label1\" content=\"Ber\u00e4knad l\u00e4stid\" \/>\n\t<meta name=\"twitter:data1\" content=\"2 minuter\" \/>\n<script type=\"application\/ld+json\" class=\"yoast-schema-graph\">{\"@context\":\"https:\\\/\\\/schema.org\",\"@graph\":[{\"@type\":\"WebPage\",\"@id\":\"http:\\\/\\\/horizons28.com\\\/sv\\\/investeringspool\\\/\",\"url\":\"http:\\\/\\\/horizons28.com\\\/sv\\\/investeringspool\\\/\",\"name\":\"Investment Pool | Collaborative Investing med Horizons28\",\"isPartOf\":{\"@id\":\"http:\\\/\\\/horizons28.com\\\/sv\\\/#website\"},\"primaryImageOfPage\":{\"@id\":\"http:\\\/\\\/horizons28.com\\\/sv\\\/investeringspool\\\/#primaryimage\"},\"image\":{\"@id\":\"http:\\\/\\\/horizons28.com\\\/sv\\\/investeringspool\\\/#primaryimage\"},\"thumbnailUrl\":\"http:\\\/\\\/horizons28.com\\\/wp-content\\\/uploads\\\/2025\\\/04\\\/horizons28-investment-pool.png\",\"datePublished\":\"2025-04-04T07:20:13+00:00\",\"dateModified\":\"2025-04-15T08:33:17+00:00\",\"description\":\"G\u00e5 med i Horizons28 Investment Pool och f\u00e5 ditt kapital att v\u00e4xa tillsammans med en grupp investerare. F\u00e5 tillg\u00e5ng till diversifierade m\u00f6jligheter med h\u00f6g avkastning.\",\"breadcrumb\":{\"@id\":\"http:\\\/\\\/horizons28.com\\\/sv\\\/investeringspool\\\/#breadcrumb\"},\"inLanguage\":\"sv-SE\",\"potentialAction\":[{\"@type\":\"ReadAction\",\"target\":[\"http:\\\/\\\/horizons28.com\\\/sv\\\/investeringspool\\\/\"]}]},{\"@type\":\"ImageObject\",\"inLanguage\":\"sv-SE\",\"@id\":\"http:\\\/\\\/horizons28.com\\\/sv\\\/investeringspool\\\/#primaryimage\",\"url\":\"http:\\\/\\\/horizons28.com\\\/wp-content\\\/uploads\\\/2025\\\/04\\\/horizons28-investment-pool.png\",\"contentUrl\":\"http:\\\/\\\/horizons28.com\\\/wp-content\\\/uploads\\\/2025\\\/04\\\/horizons28-investment-pool.png\"},{\"@type\":\"BreadcrumbList\",\"@id\":\"http:\\\/\\\/horizons28.com\\\/sv\\\/investeringspool\\\/#breadcrumb\",\"itemListElement\":[{\"@type\":\"ListItem\",\"position\":1,\"name\":\"Home\",\"item\":\"https:\\\/\\\/horizons28.com\\\/sv\\\/\"},{\"@type\":\"ListItem\",\"position\":2,\"name\":\"Investeringspool\"}]},{\"@type\":\"WebSite\",\"@id\":\"http:\\\/\\\/horizons28.com\\\/sv\\\/#website\",\"url\":\"http:\\\/\\\/horizons28.com\\\/sv\\\/\",\"name\":\"Horizons28\",\"description\":\"\",\"potentialAction\":[{\"@type\":\"SearchAction\",\"target\":{\"@type\":\"EntryPoint\",\"urlTemplate\":\"http:\\\/\\\/horizons28.com\\\/sv\\\/?s={search_term_string}\"},\"query-input\":{\"@type\":\"PropertyValueSpecification\",\"valueRequired\":true,\"valueName\":\"search_term_string\"}}],\"inLanguage\":\"sv-SE\"}]}<\/script>\n<!-- \/ Yoast SEO plugin. -->","yoast_head_json":{"title":"Investment Pool | Collaborative Investing med Horizons28","description":"G\u00e5 med i Horizons28 Investment Pool och f\u00e5 ditt kapital att v\u00e4xa tillsammans med en grupp investerare. F\u00e5 tillg\u00e5ng till diversifierade m\u00f6jligheter med h\u00f6g avkastning.","robots":{"index":"index","follow":"follow","max-snippet":"max-snippet:-1","max-image-preview":"max-image-preview:large","max-video-preview":"max-video-preview:-1"},"canonical":"http:\/\/horizons28.com\/sv\/investeringspool\/","og_locale":"sv_SE","og_type":"article","og_title":"Investment Pool | Collaborative Investing med Horizons28","og_description":"G\u00e5 med i Horizons28 Investment Pool och f\u00e5 ditt kapital att v\u00e4xa tillsammans med en grupp investerare. F\u00e5 tillg\u00e5ng till diversifierade m\u00f6jligheter med h\u00f6g avkastning.","og_url":"http:\/\/horizons28.com\/sv\/investeringspool\/","og_site_name":"Horizons28","article_modified_time":"2025-04-15T08:33:17+00:00","og_image":[{"url":"http:\/\/horizons28.com\/wp-content\/uploads\/2025\/04\/horizons28-investment-pool.png","type":"","width":"","height":""}],"twitter_card":"summary_large_image","twitter_misc":{"Ber\u00e4knad l\u00e4stid":"2 minuter"},"schema":{"@context":"https:\/\/schema.org","@graph":[{"@type":"WebPage","@id":"http:\/\/horizons28.com\/sv\/investeringspool\/","url":"http:\/\/horizons28.com\/sv\/investeringspool\/","name":"Investment Pool | Collaborative Investing med Horizons28","isPartOf":{"@id":"http:\/\/horizons28.com\/sv\/#website"},"primaryImageOfPage":{"@id":"http:\/\/horizons28.com\/sv\/investeringspool\/#primaryimage"},"image":{"@id":"http:\/\/horizons28.com\/sv\/investeringspool\/#primaryimage"},"thumbnailUrl":"http:\/\/horizons28.com\/wp-content\/uploads\/2025\/04\/horizons28-investment-pool.png","datePublished":"2025-04-04T07:20:13+00:00","dateModified":"2025-04-15T08:33:17+00:00","description":"G\u00e5 med i Horizons28 Investment Pool och f\u00e5 ditt kapital att v\u00e4xa tillsammans med en grupp investerare. F\u00e5 tillg\u00e5ng till diversifierade m\u00f6jligheter med h\u00f6g avkastning.","breadcrumb":{"@id":"http:\/\/horizons28.com\/sv\/investeringspool\/#breadcrumb"},"inLanguage":"sv-SE","potentialAction":[{"@type":"ReadAction","target":["http:\/\/horizons28.com\/sv\/investeringspool\/"]}]},{"@type":"ImageObject","inLanguage":"sv-SE","@id":"http:\/\/horizons28.com\/sv\/investeringspool\/#primaryimage","url":"http:\/\/horizons28.com\/wp-content\/uploads\/2025\/04\/horizons28-investment-pool.png","contentUrl":"http:\/\/horizons28.com\/wp-content\/uploads\/2025\/04\/horizons28-investment-pool.png"},{"@type":"BreadcrumbList","@id":"http:\/\/horizons28.com\/sv\/investeringspool\/#breadcrumb","itemListElement":[{"@type":"ListItem","position":1,"name":"Home","item":"https:\/\/horizons28.com\/sv\/"},{"@type":"ListItem","position":2,"name":"Investeringspool"}]},{"@type":"WebSite","@id":"http:\/\/horizons28.com\/sv\/#website","url":"http:\/\/horizons28.com\/sv\/","name":"Horizons28","description":"","potentialAction":[{"@type":"SearchAction","target":{"@type":"EntryPoint","urlTemplate":"http:\/\/horizons28.com\/sv\/?s={search_term_string}"},"query-input":{"@type":"PropertyValueSpecification","valueRequired":true,"valueName":"search_term_string"}}],"inLanguage":"sv-SE"}]}},"_links":{"self":[{"href":"http:\/\/horizons28.com\/sv\/wp-json\/wp\/v2\/pages\/729","targetHints":{"allow":["GET"]}}],"collection":[{"href":"http:\/\/horizons28.com\/sv\/wp-json\/wp\/v2\/pages"}],"about":[{"href":"http:\/\/horizons28.com\/sv\/wp-json\/wp\/v2\/types\/page"}],"author":[{"embeddable":true,"href":"http:\/\/horizons28.com\/sv\/wp-json\/wp\/v2\/users\/1"}],"replies":[{"embeddable":true,"href":"http:\/\/horizons28.com\/sv\/wp-json\/wp\/v2\/comments?post=729"}],"version-history":[{"count":1,"href":"http:\/\/horizons28.com\/sv\/wp-json\/wp\/v2\/pages\/729\/revisions"}],"predecessor-version":[{"id":1249,"href":"http:\/\/horizons28.com\/sv\/wp-json\/wp\/v2\/pages\/729\/revisions\/1249"}],"wp:attachment":[{"href":"http:\/\/horizons28.com\/sv\/wp-json\/wp\/v2\/media?parent=729"}],"curies":[{"name":"wp","href":"https:\/\/api.w.org\/{rel}","templated":true}]}}