{"id":734,"date":"2025-04-04T07:19:28","date_gmt":"2025-04-04T07:19:28","guid":{"rendered":"http:\/\/horizons28.com\/sparkonto\/"},"modified":"2025-04-15T08:34:27","modified_gmt":"2025-04-15T08:34:27","slug":"sparkonto","status":"publish","type":"page","link":"http:\/\/horizons28.com\/sv\/sparkonto\/","title":{"rendered":"Sparkonto"},"content":{"rendered":"\n<h1>\n\t\tSpara smartare. Tj\u00e4na mer. \n\t<\/h1>\n\t<p>Samarbeta med andra investerare f\u00f6r att \u00f6ka ditt kapital genom exklusiva m\u00f6jligheter till h\u00f6g tillv\u00e4xt \u00f6ver hela v\u00e4rlden.<\/p>\n\t\t\t<a href=\"https:\/\/area.horizons28.net\/auth\/registration\" target=\"_blank\" rel=\"noopener\">\n\t\t\t\t\t\t\tG\u00e5 med i Horizons28\n\t\t\t<\/a>\n\t\t\t\t<img loading=\"lazy\" decoding=\"async\" src=\"http:\/\/horizons28.com\/wp-content\/uploads\/2025\/04\/horizons28-savings-account.png\" alt=\"Horizons28 Savings Account\" itemprop=\"image\" height=\"500\" width=\"600\" title=\"horizons28-savings-account\" onerror=\"this.style.display='none'\"  \/>\n<h2>\n\t\tHorizons28 Sparkonto\n\t<\/h2>\n\t<p>Upplev en sparl\u00f6sning som \u00e4r utformad f\u00f6r tillv\u00e4xt, s\u00e4kerhet och flexibilitet. <strong>Med en anm\u00e4rkningsv\u00e4rd m\u00e5nadsr\u00e4nta p\u00e5 10% hj\u00e4lper Horizons28 Sparkonto dina pengar att v\u00e4xa snabbare<\/strong> samtidigt som de h\u00e5lls tillg\u00e4ngliga n\u00e4r du beh\u00f6ver dem.<\/p>\n<h2>\n\t\tExceptionell avkastning\n\t<\/h2>\n\t<p>Tj\u00e4na 10% r\u00e4nta per m\u00e5nad, l\u00e5ngt \u00f6ver vad traditionella banker erbjuder. P\u00e5skynda din v\u00e4g mot ekonomisk frihet med kraftfull sammansatt potential. <\/p>\n<h2>\n\t\tEnkel \u00e5tkomst\n\t<\/h2>\n\t<p>S\u00e4tt in och ta ut pengar n\u00e4r som helst - dina pengar \u00e4r alltid tillg\u00e4ngliga utan f\u00f6rseningar eller begr\u00e4nsningar, och v\u00e5ra besparingar skyddas av avancerade s\u00e4kerhetssystem s\u00e5 att du kan k\u00e4nna dig trygg.<\/p>\n<h2>\n\t\tInga dolda avgifter\n\t<\/h2>\n\t<p>Det finns inga dolda kostnader eller underh\u00e5llsavgifter. Varje cent av din r\u00e4nta g\u00e5r direkt till dig. V\u00e5rt sparkonto hj\u00e4lper dig att bygga din ekonomiska framtid.  <\/p>\n<h3>\n\t\tHorizons28 Sparkonto\n\t<\/h3>\n<h3>\n\t\t\u00d6ka ditt kapital, utan anstr\u00e4ngning\n\t<\/h3>\n\t<p>P\u00e5 Horizons28 <strong>anser vi att det ska vara enkelt och s\u00e4kert att bygga upp en f\u00f6rm\u00f6genhet<\/strong>. V\u00e5rt sparkonto \u00e4r utformat f\u00f6r b\u00e5de handlare och sparare och erbjuder <strong>h\u00f6g avkastning, kontokontroll i realtid och stressfri hantering.<\/strong> <\/p>\n\t\t<h4>H\u00f6gpresterande intresse<\/h4>\t\t\t\n\t\t\t\t<p>Njut av 10% m\u00e5natlig tillv\u00e4xt p\u00e5 dina besparingar. F\u00e5 dina lediga pengar att arbeta h\u00e5rdare f\u00f6r dig. <\/p>\n\t\t<h4>Enkel \u00e5tkomst till konto<\/h4>\t\t\t\n\t\t\t\t<p>Hantera allt fr\u00e5n v\u00e5r intuitiva instrumentpanel online eller mobilapp - n\u00e4r som helst, var som helst.<\/p>\n\t\t<h4>Flexibla bidrag<\/h4>\t\t\t\n\t\t\t\t<p>B\u00f6rja med ett belopp som passar dina m\u00e5l. Justera dina bidrag n\u00e4r du vill. <\/p>\n\t\t<h4>Personligt st\u00f6d<\/h4>\t\t\t\n\t\t\t\t<p>V\u00e5rt kundv\u00e5rdsteam finns h\u00e4r f\u00f6r dig - oavsett om du har fr\u00e5gor, beh\u00f6ver hj\u00e4lp eller vill ha strategiska insikter.<\/p>\n<h5>\n\t\tKom ig\u00e5ng med 4 enkla steg\n\t<\/h5>\n\t\t\t\t\t\t\t\t\t\t\t\t\t\t\t<h5>1<\/h5>\n\t\t\t\t\t\t<p>Skapa ditt konto<\/p>\t\t\t\t\t\n\t\t\t<!-- END .front -->\n\t\t\t\t\t\t<p>Logga in eller registrera dig f\u00f6r att f\u00e5 tillg\u00e5ng till din sparpanel.<\/p>\t\t\t\t\t\n\t\t\t<!-- END .back -->\n\t\t <!-- ifb-flip-box -->\n\t <!-- flip-box -->\n\t\t\t\t\t\t\t\t\t\t\t\t\t\t\t<h5>2<\/h5>\n\t\t\t\t\t\t<p>Fyll p\u00e5 ditt konto<\/p>\t\t\t\t\t\n\t\t\t<!-- END .front -->\n\t\t\t\t\t\t<p>G\u00f6r din f\u00f6rsta ins\u00e4ttning. Inget minimisaldo kr\u00e4vs f\u00f6r att b\u00f6rja tj\u00e4na pengar. <\/p>\t\t\t\t\t\n\t\t\t<!-- END .back -->\n\t\t <!-- ifb-flip-box -->\n\t <!-- flip-box -->\n\t\t\t\t\t\t\t\t\t\t\t\t\t\t\t<h5>3<\/h5>\n\t\t\t\t\t\t<p>F\u00f6lj dina framsteg<\/p>\t\t\t\t\t\n\t\t\t<!-- END .front -->\n\t\t\t\t\t\t<p>Tj\u00e4na 10% r\u00e4nta varje m\u00e5nad - dina besparingar v\u00e4xer automatiskt.<\/p>\t\t\t\t\t\n\t\t\t<!-- END .back -->\n\t\t <!-- ifb-flip-box -->\n\t <!-- flip-box -->\n\t\t\t\t\t\t\t\t\t\t\t\t\t\t\t<h5>4<\/h5>\n\t\t\t\t\t\t<p>Uttag av medel n\u00e4r som helst<\/p>\t\t\t\t\t\n\t\t\t<!-- END .front -->\n\t\t\t\t\t\t<p>F\u00e5 tillg\u00e5ng till dina pengar n\u00e4r du beh\u00f6ver, utan straffavgifter eller avgifter.<\/p>\t\t\t\t\t\n\t\t\t<!-- END .back -->\n\t\t <!-- ifb-flip-box -->\n\t <!-- flip-box -->\n<h3>\n\t\tRedo att handla smartare? Upplev verklig hastighet, riktiga marknader och verkliga resultat.\n\t<\/h3>\n\t\t\t<a href=\"https:\/\/area.horizons28.net\/auth\/registration\" target=\"_blank\" rel=\"noopener\">\n\t\t\t\t\t\t\t\tG\u00e5 med i Horizons28\n\t\t\t<\/a>\n<h1>\n\t\tBygg f\u00f6rm\u00f6genhet p\u00e5 ett smartare s\u00e4tt\n\t<\/h1>\n\t<p>P\u00e5 Horizons28 anser vi att det inte ska vara komplicerat att bygga upp en f\u00f6rm\u00f6genhet - det ska vara enkelt, s\u00e4kert och tillg\u00e4ngligt f\u00f6r alla. Det \u00e4r d\u00e4rf\u00f6r vi har skapat ett sparkonto som \u00e4r skr\u00e4ddarsytt f\u00f6r b\u00e5de aktiva handlare och vardagliga sparare. Oavsett om du vill \u00f6ka ditt kapital f\u00f6r framtida investeringar eller bara letar efter ett p\u00e5litligt s\u00e4tt att f\u00e5 en stadig avkastning, s\u00e5 \u00e4r v\u00e5rt konto en smart l\u00f6sning.  <\/p>\n<p>Med mycket konkurrenskraftiga r\u00e4ntor, fullst\u00e4ndig kontroll genom en anv\u00e4ndarv\u00e4nlig instrumentpanel och en problemfri installation g\u00f6r Horizons28 det enkelt att hantera dina pengar. Njut av f\u00f6rtroendet f\u00f6r att se dina besparingar v\u00e4xa samtidigt som du vet att dina medel \u00e4r skyddade varje steg p\u00e5 v\u00e4gen. <\/p>\n\t\t\t\t<img loading=\"lazy\" decoding=\"async\" src=\"http:\/\/horizons28.com\/wp-content\/uploads\/2025\/04\/smarter-wealth-building.png\" alt=\"Smarter Wealth Building\" itemprop=\"image\" height=\"580\" width=\"813\" title=\"smarter-wealth-building\" onerror=\"this.style.display='none'\"  \/>\n<h3>\n\t\tRedo att handla smartare? Upplev verklig hastighet, riktiga marknader och verkliga resultat.\n\t<\/h3>\n\t\t\t<a href=\"https:\/\/area.horizons28.net\/auth\/registration\" target=\"_blank\" rel=\"noopener\">\n\t\t\t\t\t\t\t\tG\u00e5 med i Horizons28\n\t\t\t<\/a>\n\n","protected":false},"excerpt":{"rendered":"<p>Spara smartare. Tj\u00e4na mer. Samarbeta med andra investerare f\u00f6r att \u00f6ka ditt kapital genom exklusiva m\u00f6jligheter till h\u00f6g tillv\u00e4xt \u00f6ver hela v\u00e4rlden. G\u00e5 med i Horizons28 Horizons28 Sparkonto Upplev en sparl\u00f6sning som \u00e4r utformad f\u00f6r tillv\u00e4xt, s\u00e4kerhet och flexibilitet. Med en anm\u00e4rkningsv\u00e4rd m\u00e5nadsr\u00e4nta p\u00e5 10% hj\u00e4lper Horizons28 Sparkonto dina pengar att v\u00e4xa snabbare samtidigt som&hellip;<\/p>\n","protected":false},"author":1,"featured_media":0,"parent":0,"menu_order":0,"comment_status":"closed","ping_status":"closed","template":"","meta":{"footnotes":""},"class_list":["post-734","page","type-page","status-publish","hentry"],"yoast_head":"<!-- This site is optimized with the Yoast SEO plugin v27.4 - https:\/\/yoast.com\/product\/yoast-seo-wordpress\/ -->\n<title>Sparkonto med h\u00f6g r\u00e4nta | Tj\u00e4na varje m\u00e5nad med Horizons28<\/title>\n<meta name=\"description\" content=\"Tj\u00e4na 10% r\u00e4nta varje m\u00e5nad med Horizons28 Sparkonto. Spara smartare, tj\u00e4na snabbare och njut av full tillg\u00e5ng till dina medel n\u00e4r som helst.\" \/>\n<meta name=\"robots\" content=\"index, follow, max-snippet:-1, max-image-preview:large, max-video-preview:-1\" \/>\n<link rel=\"canonical\" href=\"http:\/\/horizons28.com\/sv\/sparkonto\/\" \/>\n<meta property=\"og:locale\" content=\"sv_SE\" \/>\n<meta property=\"og:type\" content=\"article\" \/>\n<meta property=\"og:title\" content=\"Sparkonto med h\u00f6g r\u00e4nta | Tj\u00e4na varje m\u00e5nad med Horizons28\" \/>\n<meta property=\"og:description\" content=\"Tj\u00e4na 10% r\u00e4nta varje m\u00e5nad med Horizons28 Sparkonto. Spara smartare, tj\u00e4na snabbare och njut av full tillg\u00e5ng till dina medel n\u00e4r som helst.\" \/>\n<meta property=\"og:url\" content=\"http:\/\/horizons28.com\/sv\/sparkonto\/\" \/>\n<meta property=\"og:site_name\" content=\"Horizons28\" \/>\n<meta property=\"article:modified_time\" content=\"2025-04-15T08:34:27+00:00\" \/>\n<meta property=\"og:image\" content=\"http:\/\/horizons28.com\/wp-content\/uploads\/2025\/04\/horizons28-savings-account.png\" \/>\n<meta name=\"twitter:card\" content=\"summary_large_image\" \/>\n<meta name=\"twitter:label1\" content=\"Ber\u00e4knad l\u00e4stid\" \/>\n\t<meta name=\"twitter:data1\" content=\"3 minuter\" \/>\n<script type=\"application\/ld+json\" class=\"yoast-schema-graph\">{\"@context\":\"https:\\\/\\\/schema.org\",\"@graph\":[{\"@type\":\"WebPage\",\"@id\":\"http:\\\/\\\/horizons28.com\\\/sv\\\/sparkonto\\\/\",\"url\":\"http:\\\/\\\/horizons28.com\\\/sv\\\/sparkonto\\\/\",\"name\":\"Sparkonto med h\u00f6g r\u00e4nta | Tj\u00e4na varje m\u00e5nad med Horizons28\",\"isPartOf\":{\"@id\":\"http:\\\/\\\/horizons28.com\\\/sv\\\/#website\"},\"primaryImageOfPage\":{\"@id\":\"http:\\\/\\\/horizons28.com\\\/sv\\\/sparkonto\\\/#primaryimage\"},\"image\":{\"@id\":\"http:\\\/\\\/horizons28.com\\\/sv\\\/sparkonto\\\/#primaryimage\"},\"thumbnailUrl\":\"http:\\\/\\\/horizons28.com\\\/wp-content\\\/uploads\\\/2025\\\/04\\\/horizons28-savings-account.png\",\"datePublished\":\"2025-04-04T07:19:28+00:00\",\"dateModified\":\"2025-04-15T08:34:27+00:00\",\"description\":\"Tj\u00e4na 10% r\u00e4nta varje m\u00e5nad med Horizons28 Sparkonto. Spara smartare, tj\u00e4na snabbare och njut av full tillg\u00e5ng till dina medel n\u00e4r som helst.\",\"breadcrumb\":{\"@id\":\"http:\\\/\\\/horizons28.com\\\/sv\\\/sparkonto\\\/#breadcrumb\"},\"inLanguage\":\"sv-SE\",\"potentialAction\":[{\"@type\":\"ReadAction\",\"target\":[\"http:\\\/\\\/horizons28.com\\\/sv\\\/sparkonto\\\/\"]}]},{\"@type\":\"ImageObject\",\"inLanguage\":\"sv-SE\",\"@id\":\"http:\\\/\\\/horizons28.com\\\/sv\\\/sparkonto\\\/#primaryimage\",\"url\":\"http:\\\/\\\/horizons28.com\\\/wp-content\\\/uploads\\\/2025\\\/04\\\/horizons28-savings-account.png\",\"contentUrl\":\"http:\\\/\\\/horizons28.com\\\/wp-content\\\/uploads\\\/2025\\\/04\\\/horizons28-savings-account.png\"},{\"@type\":\"BreadcrumbList\",\"@id\":\"http:\\\/\\\/horizons28.com\\\/sv\\\/sparkonto\\\/#breadcrumb\",\"itemListElement\":[{\"@type\":\"ListItem\",\"position\":1,\"name\":\"Home\",\"item\":\"https:\\\/\\\/horizons28.com\\\/sv\\\/\"},{\"@type\":\"ListItem\",\"position\":2,\"name\":\"Sparkonto\"}]},{\"@type\":\"WebSite\",\"@id\":\"http:\\\/\\\/horizons28.com\\\/sv\\\/#website\",\"url\":\"http:\\\/\\\/horizons28.com\\\/sv\\\/\",\"name\":\"Horizons28\",\"description\":\"\",\"potentialAction\":[{\"@type\":\"SearchAction\",\"target\":{\"@type\":\"EntryPoint\",\"urlTemplate\":\"http:\\\/\\\/horizons28.com\\\/sv\\\/?s={search_term_string}\"},\"query-input\":{\"@type\":\"PropertyValueSpecification\",\"valueRequired\":true,\"valueName\":\"search_term_string\"}}],\"inLanguage\":\"sv-SE\"}]}<\/script>\n<!-- \/ Yoast SEO plugin. -->","yoast_head_json":{"title":"Sparkonto med h\u00f6g r\u00e4nta | Tj\u00e4na varje m\u00e5nad med Horizons28","description":"Tj\u00e4na 10% r\u00e4nta varje m\u00e5nad med Horizons28 Sparkonto. Spara smartare, tj\u00e4na snabbare och njut av full tillg\u00e5ng till dina medel n\u00e4r som helst.","robots":{"index":"index","follow":"follow","max-snippet":"max-snippet:-1","max-image-preview":"max-image-preview:large","max-video-preview":"max-video-preview:-1"},"canonical":"http:\/\/horizons28.com\/sv\/sparkonto\/","og_locale":"sv_SE","og_type":"article","og_title":"Sparkonto med h\u00f6g r\u00e4nta | Tj\u00e4na varje m\u00e5nad med Horizons28","og_description":"Tj\u00e4na 10% r\u00e4nta varje m\u00e5nad med Horizons28 Sparkonto. Spara smartare, tj\u00e4na snabbare och njut av full tillg\u00e5ng till dina medel n\u00e4r som helst.","og_url":"http:\/\/horizons28.com\/sv\/sparkonto\/","og_site_name":"Horizons28","article_modified_time":"2025-04-15T08:34:27+00:00","og_image":[{"url":"http:\/\/horizons28.com\/wp-content\/uploads\/2025\/04\/horizons28-savings-account.png","type":"","width":"","height":""}],"twitter_card":"summary_large_image","twitter_misc":{"Ber\u00e4knad l\u00e4stid":"3 minuter"},"schema":{"@context":"https:\/\/schema.org","@graph":[{"@type":"WebPage","@id":"http:\/\/horizons28.com\/sv\/sparkonto\/","url":"http:\/\/horizons28.com\/sv\/sparkonto\/","name":"Sparkonto med h\u00f6g r\u00e4nta | Tj\u00e4na varje m\u00e5nad med Horizons28","isPartOf":{"@id":"http:\/\/horizons28.com\/sv\/#website"},"primaryImageOfPage":{"@id":"http:\/\/horizons28.com\/sv\/sparkonto\/#primaryimage"},"image":{"@id":"http:\/\/horizons28.com\/sv\/sparkonto\/#primaryimage"},"thumbnailUrl":"http:\/\/horizons28.com\/wp-content\/uploads\/2025\/04\/horizons28-savings-account.png","datePublished":"2025-04-04T07:19:28+00:00","dateModified":"2025-04-15T08:34:27+00:00","description":"Tj\u00e4na 10% r\u00e4nta varje m\u00e5nad med Horizons28 Sparkonto. Spara smartare, tj\u00e4na snabbare och njut av full tillg\u00e5ng till dina medel n\u00e4r som helst.","breadcrumb":{"@id":"http:\/\/horizons28.com\/sv\/sparkonto\/#breadcrumb"},"inLanguage":"sv-SE","potentialAction":[{"@type":"ReadAction","target":["http:\/\/horizons28.com\/sv\/sparkonto\/"]}]},{"@type":"ImageObject","inLanguage":"sv-SE","@id":"http:\/\/horizons28.com\/sv\/sparkonto\/#primaryimage","url":"http:\/\/horizons28.com\/wp-content\/uploads\/2025\/04\/horizons28-savings-account.png","contentUrl":"http:\/\/horizons28.com\/wp-content\/uploads\/2025\/04\/horizons28-savings-account.png"},{"@type":"BreadcrumbList","@id":"http:\/\/horizons28.com\/sv\/sparkonto\/#breadcrumb","itemListElement":[{"@type":"ListItem","position":1,"name":"Home","item":"https:\/\/horizons28.com\/sv\/"},{"@type":"ListItem","position":2,"name":"Sparkonto"}]},{"@type":"WebSite","@id":"http:\/\/horizons28.com\/sv\/#website","url":"http:\/\/horizons28.com\/sv\/","name":"Horizons28","description":"","potentialAction":[{"@type":"SearchAction","target":{"@type":"EntryPoint","urlTemplate":"http:\/\/horizons28.com\/sv\/?s={search_term_string}"},"query-input":{"@type":"PropertyValueSpecification","valueRequired":true,"valueName":"search_term_string"}}],"inLanguage":"sv-SE"}]}},"_links":{"self":[{"href":"http:\/\/horizons28.com\/sv\/wp-json\/wp\/v2\/pages\/734","targetHints":{"allow":["GET"]}}],"collection":[{"href":"http:\/\/horizons28.com\/sv\/wp-json\/wp\/v2\/pages"}],"about":[{"href":"http:\/\/horizons28.com\/sv\/wp-json\/wp\/v2\/types\/page"}],"author":[{"embeddable":true,"href":"http:\/\/horizons28.com\/sv\/wp-json\/wp\/v2\/users\/1"}],"replies":[{"embeddable":true,"href":"http:\/\/horizons28.com\/sv\/wp-json\/wp\/v2\/comments?post=734"}],"version-history":[{"count":1,"href":"http:\/\/horizons28.com\/sv\/wp-json\/wp\/v2\/pages\/734\/revisions"}],"predecessor-version":[{"id":1251,"href":"http:\/\/horizons28.com\/sv\/wp-json\/wp\/v2\/pages\/734\/revisions\/1251"}],"wp:attachment":[{"href":"http:\/\/horizons28.com\/sv\/wp-json\/wp\/v2\/media?parent=734"}],"curies":[{"name":"wp","href":"https:\/\/api.w.org\/{rel}","templated":true}]}}