{"id":738,"date":"2025-04-04T07:19:14","date_gmt":"2025-04-04T07:19:14","guid":{"rendered":"http:\/\/horizons28.com\/gap-handel\/"},"modified":"2025-04-15T08:32:10","modified_gmt":"2025-04-15T08:32:10","slug":"gap-handel","status":"publish","type":"page","link":"http:\/\/horizons28.com\/sv\/gap-handel\/","title":{"rendered":"Gap-handel"},"content":{"rendered":"\n<h1>\n\t\tReagera snabbare. Handla smartare. \n\t<\/h1>\n\t<p>Anv\u00e4nd Horizons28:s skr\u00e4ddarsydda verktyg och strategier f\u00f6r gap-trading f\u00f6r att effektivt identifiera, validera och handla med marknadsluckor.<\/p>\n\t\t\t<a href=\"https:\/\/area.horizons28.net\/auth\/registration\" target=\"_blank\" rel=\"noopener\">\n\t\t\t\t\t\t\tG\u00e5 med i Horizons28\n\t\t\t<\/a>\n\t\t\t\t<img loading=\"lazy\" decoding=\"async\" src=\"http:\/\/horizons28.com\/wp-content\/uploads\/2025\/04\/horizons28-gap-trading.png\" alt=\"Horisons28 Gap Trading\" itemprop=\"image\" height=\"500\" width=\"600\" title=\"horizons28-gap-trading\" onerror=\"this.style.display='none'\"  \/>\n<h2>\n\t\tF\u00e5 marknadsvolatiliteten att arbeta f\u00f6r dig!\n\t<\/h2>\n\t<p>Gap trading \u00e4r en <strong>dynamisk kortsiktig strategi som drar nytta av pl\u00f6tsliga prishopp eller prisfall<\/strong> mellan en marknads st\u00e4ngnings- och \u00f6ppningskurser. Dessa gap uppst\u00e5r ofta p\u00e5 grund av nyheter, resultat eller ekonomiska rapporter under natten.   <strong>P\u00e5 Horizons28 hj\u00e4lper vi dig att omvandla dessa \u00f6gonblick till kraftfulla vinstm\u00f6jligheter.<\/strong><\/p>\n<h2>\n\t\tMomentum-baserad\n\t<\/h2>\n\t<p>Prisgap \u00e4r ofta resultatet av ett starkt marknadssentiment eller momentumskiftningar med betydande handelspotential. Genom att l\u00e4sa historien bakom gapet och f\u00e5nga tidiga kursr\u00f6relser <strong>kan handlare f\u00f6rutse betydande kursr\u00f6relser<\/strong> innan resten av marknaden hinner ikapp trenden. <\/p>\n<h2>\n\t\tDatadrivna inst\u00e4llningar\n\t<\/h2>\n\t<p>Gapformationer f\u00f6ljer vanligtvis p\u00e5 viktiga marknadsh\u00e4ndelser, <strong>vilket g\u00f6r dem l\u00e4ttare att sp\u00e5ra och mer f\u00f6ruts\u00e4gbara<\/strong> \u00e4n slumpm\u00e4ssigt marknadsbrus. Dessa uppst\u00e4llningar \u00e4r idealiska f\u00f6r poster med h\u00f6g \u00f6vertygelse. Denna trendf\u00f6ljande natur g\u00f6r gap-handel till ett <strong>idealiskt till\u00e4gg till automatiserade strategier<\/strong>.  <\/p>\n<h2>\n\t\tKortsiktiga aff\u00e4rer\n\t<\/h2>\n\t<p>Gap-trades \u00e4r vanligtvis korta, vilket g\u00f6r dem idealiska f\u00f6r intradags- och swing-traders som letar efter snabb avkastning utan l\u00e5nga innehavsperioder. Gap-trading \u00e4r ett attraktivt alternativ f\u00f6r <strong>alla handlare som vill ta ut kortsiktiga vinster<\/strong> fr\u00e5n marknaderna samtidigt som de minimerar handelsrisken. <\/p>\n<h3>\n\t\tGap Trading med Horizons28\n\t<\/h3>\n<h3>\n\t\tUppt\u00e4ck luckor. Ta vara p\u00e5 m\u00f6jligheter. \n\t<\/h3>\n\t<p>Gap trading \u00e4r en <strong>dynamisk kortsiktig strategi som drar nytta av pl\u00f6tsliga prishopp eller prisfall<\/strong> mellan en marknads st\u00e4ngnings- och \u00f6ppningskurser. Dessa gap uppst\u00e5r ofta p\u00e5 grund av nyheter, resultat eller ekonomiska rapporter under natten.   <strong>P\u00e5 Horizons28 hj\u00e4lper vi dig att omvandla dessa \u00f6gonblick till kraftfulla vinstm\u00f6jligheter.<\/strong><\/p>\n\t\t<h4>Marknadsinformation<\/h4>\t\t\t\n\t\t\t\t<p>F\u00e5 verkliga handlingsbara, expertmarknadsinsikter och analyser med fokus p\u00e5 dagliga gapformationer p\u00e5 globala marknader.<\/p>\n\t\t<h4>Omedelbara handelssignaler<\/h4>\t\t\t\n\t\t\t\t<p>F\u00e5 handlingsbara handelsid\u00e9er, inklusive realtidsaviseringar med enkla niv\u00e5er f\u00f6r entry, stop-loss och take-profit.<\/p>\n\t\t<h4>Specialiserade indikatorer<\/h4>\t\t\t\n\t\t\t\t<p>Anv\u00e4nd egenutvecklade gap-indikatorer p\u00e5 v\u00e5r handelsplattform Horizons28 f\u00f6r att uppt\u00e4cka och med s\u00e4kerhet validera m\u00f6jligheter.<\/p>\n\t\t<h4>Dedikerad support<\/h4>\t\t\t\n\t\t\t\t<p>Arbeta med erfarna tradingcoacher och personliga kontoansvariga f\u00f6r att f\u00f6rfina din strategi f\u00f6r gap trading.<\/p>\n<h3>\n\t\tHorizons28 Teknik\n\t<\/h3>\n<h3>\n\t\tTyper av prisgap som du kan handla med\n\t<\/h3>\n\t\t\t<h4>Utbrytning<\/h4>\t\t\t\n\t\t\t\t<p><strong>Vad det \u00e4r f\u00f6r n\u00e5got:<\/strong> Ett kursspr\u00e5ng \u00f6ver en motst\u00e5nds- eller st\u00f6dniv\u00e5 efter konsolidering.<\/p>\n<p><strong>Varf\u00f6r det \u00e4r viktigt:<\/strong> Det signalerar en potentiell ny trend, vilket \u00e4r bra f\u00f6r att f\u00e5nga upp tidiga impulser.<\/p>\n\t\t\t<h4>Forts\u00e4ttning<\/h4>\t\t\t\n\t\t\t\t<p><strong>Vad det \u00e4r f\u00f6r n\u00e5got:<\/strong> Ett gap mitt i trenden som visar att trenden blir allt starkare och f\u00e5r mer fart.<\/p>\n<p><strong>Varf\u00f6r det \u00e4r viktigt:<\/strong> Perfekt f\u00f6r handlare som l\u00e4gger till positioner under starka riktningsr\u00f6relser.<\/p>\n\t\t\t<h4>\u00c5terf\u00f6ring<\/h4>\t\t\t\n\t\t\t\t<p><strong>Vad det \u00e4r f\u00f6r n\u00e5got:<\/strong> En slutlig uppg\u00e5ng i en tillg\u00e5ngs pris som ofta pekar p\u00e5 slutet av en viss trend.<\/p>\n<p><strong>Varf\u00f6r det \u00e4r viktigt:<\/strong> Perfekt f\u00f6r contrarian-setups och reversal-traders som vill tj\u00e4na pengar p\u00e5 fallback-priss\u00e4ttning.<\/p>\n<h1>\n\t\tBeh\u00e4rska marknaden med smartare Gap-strategier\n\t<\/h1>\n\t<p>Horizons28:s gap-fokuserade handelsekosystem \u00e4r byggt f\u00f6r att <strong>hj\u00e4lpa dig att kapitalisera p\u00e5 prisgap p\u00e5 ett effektivt s\u00e4tt,<\/strong> oavsett din handelserfarenhet. Med starka riskhanteringsverktyg integrerade i plattformen <strong>kan du handla smartare och tryggt skydda ditt kapital.<\/strong> Det anv\u00e4ndarv\u00e4nliga gr\u00e4nssnittet g\u00f6r \u00e4ven komplexa strategier enkla att genomf\u00f6ra, s\u00e5 att du kan agera snabbt utan att beh\u00f6va en teknisk bakgrund. <strong>N\u00e4r<\/strong> du <strong>handlar har du dessutom tillg\u00e5ng till ett komplett utbud av utbildningsresurser<\/strong> - inklusive steg-f\u00f6r-steg-guider, live-webbseminarier och personlig coachning - f\u00f6r att kontinuerligt v\u00e4ssa dina f\u00e4rdigheter och v\u00e4xa som handlare.  <\/p>\n\t\t\t\t<img loading=\"lazy\" decoding=\"async\" src=\"http:\/\/horizons28.com\/wp-content\/uploads\/2025\/04\/gap-trading-strategies.png\" alt=\"Gap Trading Strategies\" itemprop=\"image\" height=\"580\" width=\"813\" title=\"gap-trading-strategies\" onerror=\"this.style.display='none'\"  \/>\n<h5>\n\t\tB\u00f6rja din resa med Gap Trading med Horizons28\n\t<\/h5>\n\t\t\t\t\t\t\t\t\t\t\t\t\t\t\t<h5>1<\/h5>\n\t\t\t\t\t\t<p>F\u00e5 tillg\u00e5ng till ditt konto<\/p>\t\t\t\t\t\n\t\t\t<!-- END .front -->\n\t\t\t\t\t\t<p>Registrera dig eller logga in p\u00e5 ditt Horizons28-konto f\u00f6r att b\u00f6rja handla.<\/p>\t\t\t\t\t\n\t\t\t<!-- END .back -->\n\t\t <!-- ifb-flip-box -->\n\t <!-- flip-box -->\n\t\t\t\t\t\t\t\t\t\t\t\t\t\t\t<h5>2<\/h5>\n\t\t\t\t\t\t<p>Beh\u00e4rska grunderna<\/p>\t\t\t\t\t\n\t\t\t<!-- END .front -->\n\t\t\t\t\t\t<p>Utforska v\u00e5rt bibliotek med resurser f\u00f6r gap-handel och genomg\u00e5ngar av strategier.<\/p>\t\t\t\t\t\n\t\t\t<!-- END .back -->\n\t\t <!-- ifb-flip-box -->\n\t <!-- flip-box -->\n\t\t\t\t\t\t\t\t\t\t\t\t\t\t\t<h5>3<\/h5>\n\t\t\t\t\t\t<p>Anv\u00e4nd v\u00e5r support<\/p>\t\t\t\t\t\n\t\t\t<!-- END .front -->\n\t\t\t\t\t\t<p>Anv\u00e4nd v\u00e5ra signaler, verktyg och expertv\u00e4gledning f\u00f6r att genomf\u00f6ra gap-trades med h\u00f6g potential.<\/p>\t\t\t\t\t\n\t\t\t<!-- END .back -->\n\t\t <!-- ifb-flip-box -->\n\t <!-- flip-box -->\n<h3>\n\t\tRedo att handla smartare? Upplev verklig hastighet, riktiga marknader och verkliga resultat.\n\t<\/h3>\n\t\t\t<a href=\"https:\/\/area.horizons28.net\/auth\/registration\" target=\"_blank\" rel=\"noopener\">\n\t\t\t\t\t\t\t\tG\u00e5 med i Horizons28\n\t\t\t<\/a>\n\n","protected":false},"excerpt":{"rendered":"<p>Reagera snabbare. Handla smartare. Anv\u00e4nd Horizons28:s skr\u00e4ddarsydda verktyg och strategier f\u00f6r gap-trading f\u00f6r att effektivt identifiera, validera och handla med marknadsluckor. G\u00e5 med i Horizons28 F\u00e5 marknadsvolatiliteten att arbeta f\u00f6r dig! Gap trading \u00e4r en dynamisk kortsiktig strategi som drar nytta av pl\u00f6tsliga prishopp eller prisfall mellan en marknads st\u00e4ngnings- och \u00f6ppningskurser. Dessa gap uppst\u00e5r&hellip;<\/p>\n","protected":false},"author":1,"featured_media":0,"parent":0,"menu_order":0,"comment_status":"closed","ping_status":"closed","template":"","meta":{"footnotes":""},"class_list":["post-738","page","type-page","status-publish","hentry"],"yoast_head":"<!-- This site is optimized with the Yoast SEO plugin v27.4 - https:\/\/yoast.com\/product\/yoast-seo-wordpress\/ -->\n<title>Strategier f\u00f6r Gap Trading | Utnyttja prisgap med Horizons28<\/title>\n<meta name=\"description\" content=\"L\u00e4r dig hur du handlar prisgap effektivt med Horizons28. Utforska strategier, verktyg och tips f\u00f6r l\u00f6nsam gap-handel.\" \/>\n<meta name=\"robots\" content=\"index, follow, max-snippet:-1, max-image-preview:large, max-video-preview:-1\" \/>\n<link rel=\"canonical\" href=\"http:\/\/horizons28.com\/sv\/gap-handel\/\" \/>\n<meta property=\"og:locale\" content=\"sv_SE\" \/>\n<meta property=\"og:type\" content=\"article\" \/>\n<meta property=\"og:title\" content=\"Strategier f\u00f6r Gap Trading | Utnyttja prisgap med Horizons28\" \/>\n<meta property=\"og:description\" content=\"L\u00e4r dig hur du handlar prisgap effektivt med Horizons28. Utforska strategier, verktyg och tips f\u00f6r l\u00f6nsam gap-handel.\" \/>\n<meta property=\"og:url\" content=\"http:\/\/horizons28.com\/sv\/gap-handel\/\" \/>\n<meta property=\"og:site_name\" content=\"Horizons28\" \/>\n<meta property=\"article:modified_time\" content=\"2025-04-15T08:32:10+00:00\" \/>\n<meta property=\"og:image\" content=\"http:\/\/horizons28.com\/wp-content\/uploads\/2025\/04\/horizons28-gap-trading.png\" \/>\n<meta name=\"twitter:card\" content=\"summary_large_image\" \/>\n<meta name=\"twitter:label1\" content=\"Ber\u00e4knad l\u00e4stid\" \/>\n\t<meta name=\"twitter:data1\" content=\"4 minuter\" \/>\n<script type=\"application\/ld+json\" class=\"yoast-schema-graph\">{\"@context\":\"https:\\\/\\\/schema.org\",\"@graph\":[{\"@type\":\"WebPage\",\"@id\":\"http:\\\/\\\/horizons28.com\\\/sv\\\/gap-handel\\\/\",\"url\":\"http:\\\/\\\/horizons28.com\\\/sv\\\/gap-handel\\\/\",\"name\":\"Strategier f\u00f6r Gap Trading | Utnyttja prisgap med Horizons28\",\"isPartOf\":{\"@id\":\"http:\\\/\\\/horizons28.com\\\/sv\\\/#website\"},\"primaryImageOfPage\":{\"@id\":\"http:\\\/\\\/horizons28.com\\\/sv\\\/gap-handel\\\/#primaryimage\"},\"image\":{\"@id\":\"http:\\\/\\\/horizons28.com\\\/sv\\\/gap-handel\\\/#primaryimage\"},\"thumbnailUrl\":\"http:\\\/\\\/horizons28.com\\\/wp-content\\\/uploads\\\/2025\\\/04\\\/horizons28-gap-trading.png\",\"datePublished\":\"2025-04-04T07:19:14+00:00\",\"dateModified\":\"2025-04-15T08:32:10+00:00\",\"description\":\"L\u00e4r dig hur du handlar prisgap effektivt med Horizons28. Utforska strategier, verktyg och tips f\u00f6r l\u00f6nsam gap-handel.\",\"breadcrumb\":{\"@id\":\"http:\\\/\\\/horizons28.com\\\/sv\\\/gap-handel\\\/#breadcrumb\"},\"inLanguage\":\"sv-SE\",\"potentialAction\":[{\"@type\":\"ReadAction\",\"target\":[\"http:\\\/\\\/horizons28.com\\\/sv\\\/gap-handel\\\/\"]}]},{\"@type\":\"ImageObject\",\"inLanguage\":\"sv-SE\",\"@id\":\"http:\\\/\\\/horizons28.com\\\/sv\\\/gap-handel\\\/#primaryimage\",\"url\":\"http:\\\/\\\/horizons28.com\\\/wp-content\\\/uploads\\\/2025\\\/04\\\/horizons28-gap-trading.png\",\"contentUrl\":\"http:\\\/\\\/horizons28.com\\\/wp-content\\\/uploads\\\/2025\\\/04\\\/horizons28-gap-trading.png\"},{\"@type\":\"BreadcrumbList\",\"@id\":\"http:\\\/\\\/horizons28.com\\\/sv\\\/gap-handel\\\/#breadcrumb\",\"itemListElement\":[{\"@type\":\"ListItem\",\"position\":1,\"name\":\"Home\",\"item\":\"https:\\\/\\\/horizons28.com\\\/sv\\\/\"},{\"@type\":\"ListItem\",\"position\":2,\"name\":\"Gap-handel\"}]},{\"@type\":\"WebSite\",\"@id\":\"http:\\\/\\\/horizons28.com\\\/sv\\\/#website\",\"url\":\"http:\\\/\\\/horizons28.com\\\/sv\\\/\",\"name\":\"Horizons28\",\"description\":\"\",\"potentialAction\":[{\"@type\":\"SearchAction\",\"target\":{\"@type\":\"EntryPoint\",\"urlTemplate\":\"http:\\\/\\\/horizons28.com\\\/sv\\\/?s={search_term_string}\"},\"query-input\":{\"@type\":\"PropertyValueSpecification\",\"valueRequired\":true,\"valueName\":\"search_term_string\"}}],\"inLanguage\":\"sv-SE\"}]}<\/script>\n<!-- \/ Yoast SEO plugin. -->","yoast_head_json":{"title":"Strategier f\u00f6r Gap Trading | Utnyttja prisgap med Horizons28","description":"L\u00e4r dig hur du handlar prisgap effektivt med Horizons28. Utforska strategier, verktyg och tips f\u00f6r l\u00f6nsam gap-handel.","robots":{"index":"index","follow":"follow","max-snippet":"max-snippet:-1","max-image-preview":"max-image-preview:large","max-video-preview":"max-video-preview:-1"},"canonical":"http:\/\/horizons28.com\/sv\/gap-handel\/","og_locale":"sv_SE","og_type":"article","og_title":"Strategier f\u00f6r Gap Trading | Utnyttja prisgap med Horizons28","og_description":"L\u00e4r dig hur du handlar prisgap effektivt med Horizons28. Utforska strategier, verktyg och tips f\u00f6r l\u00f6nsam gap-handel.","og_url":"http:\/\/horizons28.com\/sv\/gap-handel\/","og_site_name":"Horizons28","article_modified_time":"2025-04-15T08:32:10+00:00","og_image":[{"url":"http:\/\/horizons28.com\/wp-content\/uploads\/2025\/04\/horizons28-gap-trading.png","type":"","width":"","height":""}],"twitter_card":"summary_large_image","twitter_misc":{"Ber\u00e4knad l\u00e4stid":"4 minuter"},"schema":{"@context":"https:\/\/schema.org","@graph":[{"@type":"WebPage","@id":"http:\/\/horizons28.com\/sv\/gap-handel\/","url":"http:\/\/horizons28.com\/sv\/gap-handel\/","name":"Strategier f\u00f6r Gap Trading | Utnyttja prisgap med Horizons28","isPartOf":{"@id":"http:\/\/horizons28.com\/sv\/#website"},"primaryImageOfPage":{"@id":"http:\/\/horizons28.com\/sv\/gap-handel\/#primaryimage"},"image":{"@id":"http:\/\/horizons28.com\/sv\/gap-handel\/#primaryimage"},"thumbnailUrl":"http:\/\/horizons28.com\/wp-content\/uploads\/2025\/04\/horizons28-gap-trading.png","datePublished":"2025-04-04T07:19:14+00:00","dateModified":"2025-04-15T08:32:10+00:00","description":"L\u00e4r dig hur du handlar prisgap effektivt med Horizons28. Utforska strategier, verktyg och tips f\u00f6r l\u00f6nsam gap-handel.","breadcrumb":{"@id":"http:\/\/horizons28.com\/sv\/gap-handel\/#breadcrumb"},"inLanguage":"sv-SE","potentialAction":[{"@type":"ReadAction","target":["http:\/\/horizons28.com\/sv\/gap-handel\/"]}]},{"@type":"ImageObject","inLanguage":"sv-SE","@id":"http:\/\/horizons28.com\/sv\/gap-handel\/#primaryimage","url":"http:\/\/horizons28.com\/wp-content\/uploads\/2025\/04\/horizons28-gap-trading.png","contentUrl":"http:\/\/horizons28.com\/wp-content\/uploads\/2025\/04\/horizons28-gap-trading.png"},{"@type":"BreadcrumbList","@id":"http:\/\/horizons28.com\/sv\/gap-handel\/#breadcrumb","itemListElement":[{"@type":"ListItem","position":1,"name":"Home","item":"https:\/\/horizons28.com\/sv\/"},{"@type":"ListItem","position":2,"name":"Gap-handel"}]},{"@type":"WebSite","@id":"http:\/\/horizons28.com\/sv\/#website","url":"http:\/\/horizons28.com\/sv\/","name":"Horizons28","description":"","potentialAction":[{"@type":"SearchAction","target":{"@type":"EntryPoint","urlTemplate":"http:\/\/horizons28.com\/sv\/?s={search_term_string}"},"query-input":{"@type":"PropertyValueSpecification","valueRequired":true,"valueName":"search_term_string"}}],"inLanguage":"sv-SE"}]}},"_links":{"self":[{"href":"http:\/\/horizons28.com\/sv\/wp-json\/wp\/v2\/pages\/738","targetHints":{"allow":["GET"]}}],"collection":[{"href":"http:\/\/horizons28.com\/sv\/wp-json\/wp\/v2\/pages"}],"about":[{"href":"http:\/\/horizons28.com\/sv\/wp-json\/wp\/v2\/types\/page"}],"author":[{"embeddable":true,"href":"http:\/\/horizons28.com\/sv\/wp-json\/wp\/v2\/users\/1"}],"replies":[{"embeddable":true,"href":"http:\/\/horizons28.com\/sv\/wp-json\/wp\/v2\/comments?post=738"}],"version-history":[{"count":1,"href":"http:\/\/horizons28.com\/sv\/wp-json\/wp\/v2\/pages\/738\/revisions"}],"predecessor-version":[{"id":1247,"href":"http:\/\/horizons28.com\/sv\/wp-json\/wp\/v2\/pages\/738\/revisions\/1247"}],"wp:attachment":[{"href":"http:\/\/horizons28.com\/sv\/wp-json\/wp\/v2\/media?parent=738"}],"curies":[{"name":"wp","href":"https:\/\/api.w.org\/{rel}","templated":true}]}}