{"id":742,"date":"2025-04-03T14:44:15","date_gmt":"2025-04-03T14:44:15","guid":{"rendered":"http:\/\/horizons28.com\/kontakta-oss\/"},"modified":"2025-04-15T08:36:19","modified_gmt":"2025-04-15T08:36:19","slug":"kontakta-oss","status":"publish","type":"page","link":"http:\/\/horizons28.com\/sv\/kontakta-oss\/","title":{"rendered":"Kontakta oss"},"content":{"rendered":"\n<h1>\n\t\tHorizons28. H\u00e4r f\u00f6r att hj\u00e4lpa dig. \n\t<\/h1>\n\t<p>Kontakta Horizons28 f\u00f6r snabb expertsupport om handel, konton och plattformsl\u00f6sningar - n\u00e4rhelst du beh\u00f6ver oss.<\/p>\n\t\t\t<a href=\"https:\/\/area.horizons28.net\/auth\/registration\" target=\"_blank\" rel=\"noopener\">\n\t\t\t\t\t\t\tG\u00e5 med i Horizons28\n\t\t\t<\/a>\n\t\t\t\t<img loading=\"lazy\" decoding=\"async\" src=\"http:\/\/horizons28.com\/wp-content\/uploads\/2025\/04\/contact-us.png\" alt=\"Contact Us\" itemprop=\"image\" height=\"500\" width=\"600\" title=\"contact-us\" onerror=\"this.style.display='none'\"  \/>\n\t\t\t<h4>Vi \u00e4r ett enkelt klick bort!<\/h4><h2>Skicka ett meddelande till oss<\/h2>\n\t\t\t<h3>Hur kan Horizons28-teamet hj\u00e4lpa dig?<\/h3>\n\t\t\t\t<p>Har du fr\u00e5gor eller beh\u00f6ver du support? Vi finns h\u00e4r f\u00f6r att hj\u00e4lpa till med allt - fr\u00e5n handelskonton till v\u00e4gledning om plattformen. <\/p>\n<p>Du kan ocks\u00e5 n\u00e5 oss direkt via e-post f\u00f6r eventuella f\u00f6rfr\u00e5gningar.<\/p>\n\n","protected":false},"excerpt":{"rendered":"<p>Horizons28. H\u00e4r f\u00f6r att hj\u00e4lpa dig. Kontakta Horizons28 f\u00f6r snabb expertsupport om handel, konton och plattformsl\u00f6sningar - n\u00e4rhelst du beh\u00f6ver oss. G\u00e5 med i Horizons28 Vi \u00e4r ett enkelt klick bort! Skicka ett meddelande till oss Hur kan Horizons28-teamet hj\u00e4lpa dig? Har du fr\u00e5gor eller beh\u00f6ver du support? Vi finns h\u00e4r f\u00f6r att hj\u00e4lpa till&hellip;<\/p>\n","protected":false},"author":1,"featured_media":0,"parent":0,"menu_order":0,"comment_status":"closed","ping_status":"closed","template":"","meta":{"footnotes":""},"class_list":["post-742","page","type-page","status-publish","hentry"],"yoast_head":"<!-- This site is optimized with the Yoast SEO plugin v27.4 - https:\/\/yoast.com\/product\/yoast-seo-wordpress\/ -->\n<title>Kontakta Horizons28 | Vi \u00e4r h\u00e4r f\u00f6r att hj\u00e4lpa till<\/title>\n<meta name=\"description\" content=\"Kontakta Horizons28:s supportteam f\u00f6r fr\u00e5gor, hj\u00e4lp eller m\u00f6jligheter till partnerskap. Vi \u00e4r redo att st\u00f6dja din handelsresa.\" \/>\n<meta name=\"robots\" content=\"index, follow, max-snippet:-1, max-image-preview:large, max-video-preview:-1\" \/>\n<link rel=\"canonical\" href=\"http:\/\/horizons28.com\/sv\/kontakta-oss\/\" \/>\n<meta property=\"og:locale\" content=\"sv_SE\" \/>\n<meta property=\"og:type\" content=\"article\" \/>\n<meta property=\"og:title\" content=\"Kontakta Horizons28 | Vi \u00e4r h\u00e4r f\u00f6r att hj\u00e4lpa till\" \/>\n<meta property=\"og:description\" content=\"Kontakta Horizons28:s supportteam f\u00f6r fr\u00e5gor, hj\u00e4lp eller m\u00f6jligheter till partnerskap. Vi \u00e4r redo att st\u00f6dja din handelsresa.\" \/>\n<meta property=\"og:url\" content=\"http:\/\/horizons28.com\/sv\/kontakta-oss\/\" \/>\n<meta property=\"og:site_name\" content=\"Horizons28\" \/>\n<meta property=\"article:modified_time\" content=\"2025-04-15T08:36:19+00:00\" \/>\n<meta property=\"og:image\" content=\"http:\/\/horizons28.com\/wp-content\/uploads\/2025\/04\/contact-us.png\" \/>\n<meta name=\"twitter:card\" content=\"summary_large_image\" \/>\n<script type=\"application\/ld+json\" class=\"yoast-schema-graph\">{\"@context\":\"https:\\\/\\\/schema.org\",\"@graph\":[{\"@type\":\"WebPage\",\"@id\":\"http:\\\/\\\/horizons28.com\\\/sv\\\/kontakta-oss\\\/\",\"url\":\"http:\\\/\\\/horizons28.com\\\/sv\\\/kontakta-oss\\\/\",\"name\":\"Kontakta Horizons28 | Vi \u00e4r h\u00e4r f\u00f6r att hj\u00e4lpa till\",\"isPartOf\":{\"@id\":\"http:\\\/\\\/horizons28.com\\\/sv\\\/#website\"},\"primaryImageOfPage\":{\"@id\":\"http:\\\/\\\/horizons28.com\\\/sv\\\/kontakta-oss\\\/#primaryimage\"},\"image\":{\"@id\":\"http:\\\/\\\/horizons28.com\\\/sv\\\/kontakta-oss\\\/#primaryimage\"},\"thumbnailUrl\":\"http:\\\/\\\/horizons28.com\\\/wp-content\\\/uploads\\\/2025\\\/04\\\/contact-us.png\",\"datePublished\":\"2025-04-03T14:44:15+00:00\",\"dateModified\":\"2025-04-15T08:36:19+00:00\",\"description\":\"Kontakta Horizons28:s supportteam f\u00f6r fr\u00e5gor, hj\u00e4lp eller m\u00f6jligheter till partnerskap. Vi \u00e4r redo att st\u00f6dja din handelsresa.\",\"breadcrumb\":{\"@id\":\"http:\\\/\\\/horizons28.com\\\/sv\\\/kontakta-oss\\\/#breadcrumb\"},\"inLanguage\":\"sv-SE\",\"potentialAction\":[{\"@type\":\"ReadAction\",\"target\":[\"http:\\\/\\\/horizons28.com\\\/sv\\\/kontakta-oss\\\/\"]}]},{\"@type\":\"ImageObject\",\"inLanguage\":\"sv-SE\",\"@id\":\"http:\\\/\\\/horizons28.com\\\/sv\\\/kontakta-oss\\\/#primaryimage\",\"url\":\"http:\\\/\\\/horizons28.com\\\/wp-content\\\/uploads\\\/2025\\\/04\\\/contact-us.png\",\"contentUrl\":\"http:\\\/\\\/horizons28.com\\\/wp-content\\\/uploads\\\/2025\\\/04\\\/contact-us.png\"},{\"@type\":\"BreadcrumbList\",\"@id\":\"http:\\\/\\\/horizons28.com\\\/sv\\\/kontakta-oss\\\/#breadcrumb\",\"itemListElement\":[{\"@type\":\"ListItem\",\"position\":1,\"name\":\"Home\",\"item\":\"https:\\\/\\\/horizons28.com\\\/sv\\\/\"},{\"@type\":\"ListItem\",\"position\":2,\"name\":\"Kontakta oss\"}]},{\"@type\":\"WebSite\",\"@id\":\"http:\\\/\\\/horizons28.com\\\/sv\\\/#website\",\"url\":\"http:\\\/\\\/horizons28.com\\\/sv\\\/\",\"name\":\"Horizons28\",\"description\":\"\",\"potentialAction\":[{\"@type\":\"SearchAction\",\"target\":{\"@type\":\"EntryPoint\",\"urlTemplate\":\"http:\\\/\\\/horizons28.com\\\/sv\\\/?s={search_term_string}\"},\"query-input\":{\"@type\":\"PropertyValueSpecification\",\"valueRequired\":true,\"valueName\":\"search_term_string\"}}],\"inLanguage\":\"sv-SE\"}]}<\/script>\n<!-- \/ Yoast SEO plugin. -->","yoast_head_json":{"title":"Kontakta Horizons28 | Vi \u00e4r h\u00e4r f\u00f6r att hj\u00e4lpa till","description":"Kontakta Horizons28:s supportteam f\u00f6r fr\u00e5gor, hj\u00e4lp eller m\u00f6jligheter till partnerskap. Vi \u00e4r redo att st\u00f6dja din handelsresa.","robots":{"index":"index","follow":"follow","max-snippet":"max-snippet:-1","max-image-preview":"max-image-preview:large","max-video-preview":"max-video-preview:-1"},"canonical":"http:\/\/horizons28.com\/sv\/kontakta-oss\/","og_locale":"sv_SE","og_type":"article","og_title":"Kontakta Horizons28 | Vi \u00e4r h\u00e4r f\u00f6r att hj\u00e4lpa till","og_description":"Kontakta Horizons28:s supportteam f\u00f6r fr\u00e5gor, hj\u00e4lp eller m\u00f6jligheter till partnerskap. Vi \u00e4r redo att st\u00f6dja din handelsresa.","og_url":"http:\/\/horizons28.com\/sv\/kontakta-oss\/","og_site_name":"Horizons28","article_modified_time":"2025-04-15T08:36:19+00:00","og_image":[{"url":"http:\/\/horizons28.com\/wp-content\/uploads\/2025\/04\/contact-us.png","type":"","width":"","height":""}],"twitter_card":"summary_large_image","schema":{"@context":"https:\/\/schema.org","@graph":[{"@type":"WebPage","@id":"http:\/\/horizons28.com\/sv\/kontakta-oss\/","url":"http:\/\/horizons28.com\/sv\/kontakta-oss\/","name":"Kontakta Horizons28 | Vi \u00e4r h\u00e4r f\u00f6r att hj\u00e4lpa till","isPartOf":{"@id":"http:\/\/horizons28.com\/sv\/#website"},"primaryImageOfPage":{"@id":"http:\/\/horizons28.com\/sv\/kontakta-oss\/#primaryimage"},"image":{"@id":"http:\/\/horizons28.com\/sv\/kontakta-oss\/#primaryimage"},"thumbnailUrl":"http:\/\/horizons28.com\/wp-content\/uploads\/2025\/04\/contact-us.png","datePublished":"2025-04-03T14:44:15+00:00","dateModified":"2025-04-15T08:36:19+00:00","description":"Kontakta Horizons28:s supportteam f\u00f6r fr\u00e5gor, hj\u00e4lp eller m\u00f6jligheter till partnerskap. Vi \u00e4r redo att st\u00f6dja din handelsresa.","breadcrumb":{"@id":"http:\/\/horizons28.com\/sv\/kontakta-oss\/#breadcrumb"},"inLanguage":"sv-SE","potentialAction":[{"@type":"ReadAction","target":["http:\/\/horizons28.com\/sv\/kontakta-oss\/"]}]},{"@type":"ImageObject","inLanguage":"sv-SE","@id":"http:\/\/horizons28.com\/sv\/kontakta-oss\/#primaryimage","url":"http:\/\/horizons28.com\/wp-content\/uploads\/2025\/04\/contact-us.png","contentUrl":"http:\/\/horizons28.com\/wp-content\/uploads\/2025\/04\/contact-us.png"},{"@type":"BreadcrumbList","@id":"http:\/\/horizons28.com\/sv\/kontakta-oss\/#breadcrumb","itemListElement":[{"@type":"ListItem","position":1,"name":"Home","item":"https:\/\/horizons28.com\/sv\/"},{"@type":"ListItem","position":2,"name":"Kontakta oss"}]},{"@type":"WebSite","@id":"http:\/\/horizons28.com\/sv\/#website","url":"http:\/\/horizons28.com\/sv\/","name":"Horizons28","description":"","potentialAction":[{"@type":"SearchAction","target":{"@type":"EntryPoint","urlTemplate":"http:\/\/horizons28.com\/sv\/?s={search_term_string}"},"query-input":{"@type":"PropertyValueSpecification","valueRequired":true,"valueName":"search_term_string"}}],"inLanguage":"sv-SE"}]}},"_links":{"self":[{"href":"http:\/\/horizons28.com\/sv\/wp-json\/wp\/v2\/pages\/742","targetHints":{"allow":["GET"]}}],"collection":[{"href":"http:\/\/horizons28.com\/sv\/wp-json\/wp\/v2\/pages"}],"about":[{"href":"http:\/\/horizons28.com\/sv\/wp-json\/wp\/v2\/types\/page"}],"author":[{"embeddable":true,"href":"http:\/\/horizons28.com\/sv\/wp-json\/wp\/v2\/users\/1"}],"replies":[{"embeddable":true,"href":"http:\/\/horizons28.com\/sv\/wp-json\/wp\/v2\/comments?post=742"}],"version-history":[{"count":1,"href":"http:\/\/horizons28.com\/sv\/wp-json\/wp\/v2\/pages\/742\/revisions"}],"predecessor-version":[{"id":1255,"href":"http:\/\/horizons28.com\/sv\/wp-json\/wp\/v2\/pages\/742\/revisions\/1255"}],"wp:attachment":[{"href":"http:\/\/horizons28.com\/sv\/wp-json\/wp\/v2\/media?parent=742"}],"curies":[{"name":"wp","href":"https:\/\/api.w.org\/{rel}","templated":true}]}}