{"id":745,"date":"2025-04-03T14:20:16","date_gmt":"2025-04-03T14:20:16","guid":{"rendered":"http:\/\/horizons28.com\/vanliga-fragor\/"},"modified":"2025-04-15T08:38:45","modified_gmt":"2025-04-15T08:38:45","slug":"vanliga-fragor","status":"publish","type":"page","link":"http:\/\/horizons28.com\/sv\/vanliga-fragor\/","title":{"rendered":"VANLIGA FR\u00c5GOR"},"content":{"rendered":"\n<h1>\n\t\tDina fr\u00e5gor. Tydliga svar. \n\t<\/h1>\n\t<p>Hitta snabba svar p\u00e5 vanliga fr\u00e5gor om handel, konton, funktioner och plattformsverktyg.<\/p>\n\t\t\t<a href=\"https:\/\/area.horizons28.net\/auth\/registration\" target=\"_blank\" rel=\"noopener\">\n\t\t\t\t\t\t\tG\u00e5 med i Horizons28\n\t\t\t<\/a>\n\t\t\t\t<img loading=\"lazy\" decoding=\"async\" src=\"http:\/\/horizons28.com\/wp-content\/uploads\/2025\/04\/faq.png\" alt=\"FAQ\" itemprop=\"image\" height=\"500\" width=\"600\" title=\"faq\" onerror=\"this.style.display='none'\"  \/>\n<h1>\n\t\tVanliga fr\u00e5gor och svar\n\t<\/h1>\n\t<p>Hitta svar p\u00e5 de vanligaste fr\u00e5gorna om hur du anv\u00e4nder Horizons28 - fr\u00e5n kontoinst\u00e4llningar, ins\u00e4ttningar och uttag till handelsverktyg, plattformsfunktioner och instrument som st\u00f6ds. Oavsett om du \u00e4r ny eller erfaren \u00e4r v\u00e5ra vanliga fr\u00e5gor utformade f\u00f6r att hj\u00e4lpa dig att handla med sj\u00e4lvf\u00f6rtroende. <\/p>\n\t\t\t\t\t<a href=\"#\" id=\"fl-accordion--label-0\" tabindex=\"0\" aria-controls=\"fl-accordion--panel-0\">Vad \u00e4r Horizons28?<\/a>\n\t\t\t\t\t\t\t\t\t\t\t<a href=\"#\" id=\"fl-accordion--icon-0\" tabindex=\"-1\"><i title=\"Expand\">Expand<\/i><\/a>\n\t\t\t\t\t<p>Horizons28 \u00e4r en online-handelsplattform som ger anv\u00e4ndarna tillg\u00e5ng till ett brett utbud av finansmarknader, inklusive valutor, index, r\u00e5varor, kryptovalutor och aktier.<\/p>\n\t\t\t\t\t<a href=\"#\" id=\"fl-accordion--label-1\" tabindex=\"0\" aria-controls=\"fl-accordion--panel-1\">Vilka typer av konton erbjuder Horizons28?<\/a>\n\t\t\t\t\t\t\t\t\t\t\t<a href=\"#\" id=\"fl-accordion--icon-1\" tabindex=\"-1\"><i title=\"Expand\">Expand<\/i><\/a>\n\t\t\t\t\t<p>Horizons28 erbjuder olika kontotyper som \u00e4r utformade f\u00f6r olika erfarenhetsniv\u00e5er, fr\u00e5n nyb\u00f6rjare till avancerade handlare. Varje konto kommer med unika funktioner och handelsvillkor. <\/p>\n\t\t\t\t\t<a href=\"#\" id=\"fl-accordion--label-2\" tabindex=\"0\" aria-controls=\"fl-accordion--panel-2\">Hur kan jag b\u00f6rja handla med Horizons28?<\/a>\n\t\t\t\t\t\t\t\t\t\t\t<a href=\"#\" id=\"fl-accordion--icon-2\" tabindex=\"-1\"><i title=\"Expand\">Expand<\/i><\/a>\n\t\t\t\t\t<p>F\u00f6r att b\u00f6rja handla, skapa ett konto p\u00e5 Horizons28-webbplatsen, slutf\u00f6r verifieringsstegen, s\u00e4tt in pengar och f\u00e5 tillg\u00e5ng till handelsplattformen.<\/p>\n\t\t\t\t\t<a href=\"#\" id=\"fl-accordion--label-3\" tabindex=\"0\" aria-controls=\"fl-accordion--panel-3\">Vilka instrument kan jag handla p\u00e5 Horizons28?<\/a>\n\t\t\t\t\t\t\t\t\t\t\t<a href=\"#\" id=\"fl-accordion--icon-3\" tabindex=\"-1\"><i title=\"Expand\">Expand<\/i><\/a>\n\t\t\t\t\t<p>Du kan handla med olika instrument, inklusive st\u00f6rre och mindre valutapar, globala index, popul\u00e4ra r\u00e5varor, kryptovalutor och utvalda aktier.<\/p>\n\t\t\t\t\t<a href=\"#\" id=\"fl-accordion--label-4\" tabindex=\"0\" aria-controls=\"fl-accordion--panel-4\">Finns det ett demokonto tillg\u00e4ngligt?<\/a>\n\t\t\t\t\t\t\t\t\t\t\t<a href=\"#\" id=\"fl-accordion--icon-4\" tabindex=\"-1\"><i title=\"Expand\">Expand<\/i><\/a>\n\t\t\t\t\t<p>Ja, Horizons28 tillhandah\u00e5ller ett demokonto med virtuella medel s\u00e5 att du kan \u00f6va p\u00e5 handel och utforska plattformen riskfritt.<\/p>\n\t\t\t\t\t<a href=\"#\" id=\"fl-accordion--label-0\" tabindex=\"0\" aria-controls=\"fl-accordion--panel-0\">Vilka \u00e4r handelsavgifterna och provisionerna?<\/a>\n\t\t\t\t\t\t\t\t\t\t\t<a href=\"#\" id=\"fl-accordion--icon-0\" tabindex=\"-1\"><i title=\"Expand\">Expand<\/i><\/a>\n\t\t\t\t\t<p>Horizons28 erbjuder konkurrenskraftiga spreads och l\u00e5ga handelskostnader. De flesta aff\u00e4rer \u00e4r courtagefria, men de exakta avgifterna kan variera beroende p\u00e5 instrument. <\/p>\n\t\t\t\t\t<a href=\"#\" id=\"fl-accordion--label-1\" tabindex=\"0\" aria-controls=\"fl-accordion--panel-1\">Kan jag anv\u00e4nda automatiserade handelsstrategier?<\/a>\n\t\t\t\t\t\t\t\t\t\t\t<a href=\"#\" id=\"fl-accordion--icon-1\" tabindex=\"-1\"><i title=\"Expand\">Expand<\/i><\/a>\n\t\t\t\t\t<p>Ja, Horizons28 st\u00f6der automatiserad handel, vilket g\u00f6r det m\u00f6jligt f\u00f6r anv\u00e4ndare att implementera robotar eller algoritmiska strategier d\u00e4r det \u00e4r kompatibelt.<\/p>\n\t\t\t\t\t<a href=\"#\" id=\"fl-accordion--label-2\" tabindex=\"0\" aria-controls=\"fl-accordion--panel-2\">Hur kan jag s\u00e4tta in och ta ut pengar?<\/a>\n\t\t\t\t\t\t\t\t\t\t\t<a href=\"#\" id=\"fl-accordion--icon-2\" tabindex=\"-1\"><i title=\"Expand\">Expand<\/i><\/a>\n\t\t\t\t\t<p>Horizons28 st\u00f6der olika betalningsmetoder, inklusive bank\u00f6verf\u00f6ringar, kredit- \/ betalkort och betalningssystem online. Uttag behandlas vanligtvis inom n\u00e5gra arbetsdagar. <\/p>\n\t\t\t\t\t<a href=\"#\" id=\"fl-accordion--label-3\" tabindex=\"0\" aria-controls=\"fl-accordion--panel-3\">Kan jag handla p\u00e5 mobila enheter?<\/a>\n\t\t\t\t\t\t\t\t\t\t\t<a href=\"#\" id=\"fl-accordion--icon-3\" tabindex=\"-1\"><i title=\"Expand\">Expand<\/i><\/a>\n\t\t\t\t\t<p>Horizons28:s plattform \u00e4r helt responsiv och fungerar smidigt p\u00e5 alla mobila enheter. Du beh\u00f6ver inte ladda ner n\u00e5gon app - logga bara in via din webbl\u00e4sare. <\/p>\n\t\t\t\t\t<a href=\"#\" id=\"fl-accordion--label-4\" tabindex=\"0\" aria-controls=\"fl-accordion--panel-4\">Hur kontaktar jag Horizons28 support?<\/a>\n\t\t\t\t\t\t\t\t\t\t\t<a href=\"#\" id=\"fl-accordion--icon-4\" tabindex=\"-1\"><i title=\"Expand\">Expand<\/i><\/a>\n\t\t\t\t\t<p>Du kan n\u00e5 v\u00e5rt supportteam via livechatt, e-post eller plattformens hj\u00e4lpcenter f\u00f6r snabb hj\u00e4lp.<\/p>\n\t<p>Hittar du inte vad du letar efter? <a href=\"http:\/\/horizons28.com\/sv\/kontakta-oss\/\"><strong>Kontakta oss direkt<\/strong><\/a>s\u00e5 hj\u00e4lper vi g\u00e4rna till.<\/p>\n<h3>\n\t\tReady to trade smarter? Experience real speed, real markets, and real results.\n\t<\/h3>\n\t\t\t<a href=\"https:\/\/area.horizons28.net\/auth\/registration\" target=\"_blank\" rel=\"noopener\">\n\t\t\t\t\t\t\tJoin Horizons28\n\t\t\t<\/a>\n\n","protected":false},"excerpt":{"rendered":"<p>Dina fr\u00e5gor. Tydliga svar. Hitta snabba svar p\u00e5 vanliga fr\u00e5gor om handel, konton, funktioner och plattformsverktyg. G\u00e5 med i Horizons28 Vanliga fr\u00e5gor och svar Hitta svar p\u00e5 de vanligaste fr\u00e5gorna om hur du anv\u00e4nder Horizons28 - fr\u00e5n kontoinst\u00e4llningar, ins\u00e4ttningar och uttag till handelsverktyg, plattformsfunktioner och instrument som st\u00f6ds. Oavsett om du \u00e4r ny eller erfaren&hellip;<\/p>\n","protected":false},"author":1,"featured_media":0,"parent":0,"menu_order":0,"comment_status":"closed","ping_status":"closed","template":"","meta":{"footnotes":""},"class_list":["post-745","page","type-page","status-publish","hentry"],"yoast_head":"<!-- This site is optimized with the Yoast SEO plugin v27.4 - https:\/\/yoast.com\/product\/yoast-seo-wordpress\/ -->\n<title>Vanliga fr\u00e5gor | Horizons28 Support<\/title>\n<meta name=\"description\" content=\"Hitta snabba svar p\u00e5 vanliga fr\u00e5gor om handel, konton, betalningar och mycket mer. Utforska Horizons28:s FAQ-avsnitt nu.\" \/>\n<meta name=\"robots\" content=\"index, follow, max-snippet:-1, max-image-preview:large, max-video-preview:-1\" \/>\n<link rel=\"canonical\" href=\"http:\/\/horizons28.com\/sv\/vanliga-fragor\/\" \/>\n<meta property=\"og:locale\" content=\"sv_SE\" \/>\n<meta property=\"og:type\" content=\"article\" \/>\n<meta property=\"og:title\" content=\"Vanliga fr\u00e5gor | Horizons28 Support\" \/>\n<meta property=\"og:description\" content=\"Hitta snabba svar p\u00e5 vanliga fr\u00e5gor om handel, konton, betalningar och mycket mer. Utforska Horizons28:s FAQ-avsnitt nu.\" \/>\n<meta property=\"og:url\" content=\"http:\/\/horizons28.com\/sv\/vanliga-fragor\/\" \/>\n<meta property=\"og:site_name\" content=\"Horizons28\" \/>\n<meta property=\"article:modified_time\" content=\"2025-04-15T08:38:45+00:00\" \/>\n<meta property=\"og:image\" content=\"http:\/\/horizons28.com\/wp-content\/uploads\/2025\/04\/faq.png\" \/>\n<meta name=\"twitter:card\" content=\"summary_large_image\" \/>\n<meta name=\"twitter:label1\" content=\"Ber\u00e4knad l\u00e4stid\" \/>\n\t<meta name=\"twitter:data1\" content=\"2 minuter\" \/>\n<script type=\"application\/ld+json\" class=\"yoast-schema-graph\">{\"@context\":\"https:\\\/\\\/schema.org\",\"@graph\":[{\"@type\":\"WebPage\",\"@id\":\"http:\\\/\\\/horizons28.com\\\/sv\\\/vanliga-fragor\\\/\",\"url\":\"http:\\\/\\\/horizons28.com\\\/sv\\\/vanliga-fragor\\\/\",\"name\":\"Vanliga fr\u00e5gor | Horizons28 Support\",\"isPartOf\":{\"@id\":\"http:\\\/\\\/horizons28.com\\\/sv\\\/#website\"},\"primaryImageOfPage\":{\"@id\":\"http:\\\/\\\/horizons28.com\\\/sv\\\/vanliga-fragor\\\/#primaryimage\"},\"image\":{\"@id\":\"http:\\\/\\\/horizons28.com\\\/sv\\\/vanliga-fragor\\\/#primaryimage\"},\"thumbnailUrl\":\"http:\\\/\\\/horizons28.com\\\/wp-content\\\/uploads\\\/2025\\\/04\\\/faq.png\",\"datePublished\":\"2025-04-03T14:20:16+00:00\",\"dateModified\":\"2025-04-15T08:38:45+00:00\",\"description\":\"Hitta snabba svar p\u00e5 vanliga fr\u00e5gor om handel, konton, betalningar och mycket mer. Utforska Horizons28:s FAQ-avsnitt nu.\",\"breadcrumb\":{\"@id\":\"http:\\\/\\\/horizons28.com\\\/sv\\\/vanliga-fragor\\\/#breadcrumb\"},\"inLanguage\":\"sv-SE\",\"potentialAction\":[{\"@type\":\"ReadAction\",\"target\":[\"http:\\\/\\\/horizons28.com\\\/sv\\\/vanliga-fragor\\\/\"]}]},{\"@type\":\"ImageObject\",\"inLanguage\":\"sv-SE\",\"@id\":\"http:\\\/\\\/horizons28.com\\\/sv\\\/vanliga-fragor\\\/#primaryimage\",\"url\":\"http:\\\/\\\/horizons28.com\\\/wp-content\\\/uploads\\\/2025\\\/04\\\/faq.png\",\"contentUrl\":\"http:\\\/\\\/horizons28.com\\\/wp-content\\\/uploads\\\/2025\\\/04\\\/faq.png\"},{\"@type\":\"BreadcrumbList\",\"@id\":\"http:\\\/\\\/horizons28.com\\\/sv\\\/vanliga-fragor\\\/#breadcrumb\",\"itemListElement\":[{\"@type\":\"ListItem\",\"position\":1,\"name\":\"Home\",\"item\":\"https:\\\/\\\/horizons28.com\\\/sv\\\/\"},{\"@type\":\"ListItem\",\"position\":2,\"name\":\"VANLIGA FR\u00c5GOR\"}]},{\"@type\":\"WebSite\",\"@id\":\"http:\\\/\\\/horizons28.com\\\/sv\\\/#website\",\"url\":\"http:\\\/\\\/horizons28.com\\\/sv\\\/\",\"name\":\"Horizons28\",\"description\":\"\",\"potentialAction\":[{\"@type\":\"SearchAction\",\"target\":{\"@type\":\"EntryPoint\",\"urlTemplate\":\"http:\\\/\\\/horizons28.com\\\/sv\\\/?s={search_term_string}\"},\"query-input\":{\"@type\":\"PropertyValueSpecification\",\"valueRequired\":true,\"valueName\":\"search_term_string\"}}],\"inLanguage\":\"sv-SE\"}]}<\/script>\n<!-- \/ Yoast SEO plugin. -->","yoast_head_json":{"title":"Vanliga fr\u00e5gor | Horizons28 Support","description":"Hitta snabba svar p\u00e5 vanliga fr\u00e5gor om handel, konton, betalningar och mycket mer. Utforska Horizons28:s FAQ-avsnitt nu.","robots":{"index":"index","follow":"follow","max-snippet":"max-snippet:-1","max-image-preview":"max-image-preview:large","max-video-preview":"max-video-preview:-1"},"canonical":"http:\/\/horizons28.com\/sv\/vanliga-fragor\/","og_locale":"sv_SE","og_type":"article","og_title":"Vanliga fr\u00e5gor | Horizons28 Support","og_description":"Hitta snabba svar p\u00e5 vanliga fr\u00e5gor om handel, konton, betalningar och mycket mer. Utforska Horizons28:s FAQ-avsnitt nu.","og_url":"http:\/\/horizons28.com\/sv\/vanliga-fragor\/","og_site_name":"Horizons28","article_modified_time":"2025-04-15T08:38:45+00:00","og_image":[{"url":"http:\/\/horizons28.com\/wp-content\/uploads\/2025\/04\/faq.png","type":"","width":"","height":""}],"twitter_card":"summary_large_image","twitter_misc":{"Ber\u00e4knad l\u00e4stid":"2 minuter"},"schema":{"@context":"https:\/\/schema.org","@graph":[{"@type":"WebPage","@id":"http:\/\/horizons28.com\/sv\/vanliga-fragor\/","url":"http:\/\/horizons28.com\/sv\/vanliga-fragor\/","name":"Vanliga fr\u00e5gor | Horizons28 Support","isPartOf":{"@id":"http:\/\/horizons28.com\/sv\/#website"},"primaryImageOfPage":{"@id":"http:\/\/horizons28.com\/sv\/vanliga-fragor\/#primaryimage"},"image":{"@id":"http:\/\/horizons28.com\/sv\/vanliga-fragor\/#primaryimage"},"thumbnailUrl":"http:\/\/horizons28.com\/wp-content\/uploads\/2025\/04\/faq.png","datePublished":"2025-04-03T14:20:16+00:00","dateModified":"2025-04-15T08:38:45+00:00","description":"Hitta snabba svar p\u00e5 vanliga fr\u00e5gor om handel, konton, betalningar och mycket mer. Utforska Horizons28:s FAQ-avsnitt nu.","breadcrumb":{"@id":"http:\/\/horizons28.com\/sv\/vanliga-fragor\/#breadcrumb"},"inLanguage":"sv-SE","potentialAction":[{"@type":"ReadAction","target":["http:\/\/horizons28.com\/sv\/vanliga-fragor\/"]}]},{"@type":"ImageObject","inLanguage":"sv-SE","@id":"http:\/\/horizons28.com\/sv\/vanliga-fragor\/#primaryimage","url":"http:\/\/horizons28.com\/wp-content\/uploads\/2025\/04\/faq.png","contentUrl":"http:\/\/horizons28.com\/wp-content\/uploads\/2025\/04\/faq.png"},{"@type":"BreadcrumbList","@id":"http:\/\/horizons28.com\/sv\/vanliga-fragor\/#breadcrumb","itemListElement":[{"@type":"ListItem","position":1,"name":"Home","item":"https:\/\/horizons28.com\/sv\/"},{"@type":"ListItem","position":2,"name":"VANLIGA FR\u00c5GOR"}]},{"@type":"WebSite","@id":"http:\/\/horizons28.com\/sv\/#website","url":"http:\/\/horizons28.com\/sv\/","name":"Horizons28","description":"","potentialAction":[{"@type":"SearchAction","target":{"@type":"EntryPoint","urlTemplate":"http:\/\/horizons28.com\/sv\/?s={search_term_string}"},"query-input":{"@type":"PropertyValueSpecification","valueRequired":true,"valueName":"search_term_string"}}],"inLanguage":"sv-SE"}]}},"_links":{"self":[{"href":"http:\/\/horizons28.com\/sv\/wp-json\/wp\/v2\/pages\/745","targetHints":{"allow":["GET"]}}],"collection":[{"href":"http:\/\/horizons28.com\/sv\/wp-json\/wp\/v2\/pages"}],"about":[{"href":"http:\/\/horizons28.com\/sv\/wp-json\/wp\/v2\/types\/page"}],"author":[{"embeddable":true,"href":"http:\/\/horizons28.com\/sv\/wp-json\/wp\/v2\/users\/1"}],"replies":[{"embeddable":true,"href":"http:\/\/horizons28.com\/sv\/wp-json\/wp\/v2\/comments?post=745"}],"version-history":[{"count":1,"href":"http:\/\/horizons28.com\/sv\/wp-json\/wp\/v2\/pages\/745\/revisions"}],"predecessor-version":[{"id":1259,"href":"http:\/\/horizons28.com\/sv\/wp-json\/wp\/v2\/pages\/745\/revisions\/1259"}],"wp:attachment":[{"href":"http:\/\/horizons28.com\/sv\/wp-json\/wp\/v2\/media?parent=745"}],"curies":[{"name":"wp","href":"https:\/\/api.w.org\/{rel}","templated":true}]}}