{"id":750,"date":"2025-04-03T07:00:44","date_gmt":"2025-04-03T07:00:44","guid":{"rendered":"http:\/\/horizons28.com\/ai-autotrader\/"},"modified":"2025-04-15T08:26:40","modified_gmt":"2025-04-15T08:26:40","slug":"ai-autotrader","status":"publish","type":"page","link":"http:\/\/horizons28.com\/sv\/ai-autotrader\/","title":{"rendered":"AI Autotrader"},"content":{"rendered":"\n<h1>\n\t\tSmartare handel. Helt automatiserad. \n\t<\/h1>\n\t<p>Automatisera din strategi med AI-driven handel i valutor, index, r\u00e5varor, kryptovalutor och aktier.<\/p>\n\t\t\t<a href=\"https:\/\/area.horizons28.net\/auth\/registration\" target=\"_blank\" rel=\"noopener\">\n\t\t\t\t\t\t\tG\u00e5 med i Horizons28\n\t\t\t<\/a>\n\t\t\t\t<img loading=\"lazy\" decoding=\"async\" src=\"http:\/\/horizons28.com\/wp-content\/uploads\/2025\/04\/ai-autotrader.png\" alt=\"AI Autotrader\" itemprop=\"image\" height=\"500\" width=\"600\" title=\"ai-autotrader\" onerror=\"this.style.display='none'\"  \/>\n<h2>\n\t\tSmartare handel med AI Autotrader\n\t<\/h2>\n\t<p>V\u00e4lkommen till n\u00e4sta generations handel. <strong>Horizons28:s AI Autotrader kombinerar intelligent automatisering<\/strong> med marknadsmedvetenhet i realtid f\u00f6r att hj\u00e4lpa dig att handla mer effektivt - med mindre anstr\u00e4ngning. <strong>Den \u00e4r snabb, flexibel och arbetar alltid f\u00f6r dig.<\/strong><\/p>\n<h2>\n\t\tAI-drivna insikter\n\t<\/h2>\n\t<p>Avancerade algoritmer skannar marknaderna 24\/7 f\u00f6r att uppt\u00e4cka trender, prisf\u00f6r\u00e4ndringar och ing\u00e5ngspunkter - s\u00e5 att du inte beh\u00f6ver g\u00f6ra det.<\/p>\n<h2>\n\t\tDrift 24\/7\n\t<\/h2>\n\t<p>AI:n arbetar dygnet runt, \u00f6vervakar handeln och reagerar omedelbart p\u00e5 f\u00f6r\u00e4ndrade marknadsf\u00f6rh\u00e5llanden.<\/p>\n<h2>\n\t\tAutomatisk riskkontroll\n\t<\/h2>\n\t<p>S\u00e4tt dina gr\u00e4nser och l\u00e5t systemet hantera din exponering. Det kommer att justera i realtid f\u00f6r att skydda ditt kapital. <\/p>\n<h2>\n\t\tIntuitiv anv\u00e4ndning\n\t<\/h2>\n\t<p>Oavsett om du precis har b\u00f6rjat eller redan \u00e4r erfaren \u00e4r plattformen byggd f\u00f6r att vara enkel att anv\u00e4nda och tydlig.<\/p>\n<h2>\n\t\tSp\u00e5rning av prestanda\n\t<\/h2>\n\t<p>Beh\u00e5ll kontrollen med en instrumentpanel i realtid. \u00d6vervaka aff\u00e4rer, vinster och justeringar i en l\u00e4ttl\u00e4st vy. <\/p>\n<h2>\n\t\tFramg\u00e5ngsrika chefer\n\t<\/h2>\n\t<p>Beh\u00f6ver du hj\u00e4lp med att komma ig\u00e5ng? En dedikerad success manager kan guida dig genom strategier och inst\u00e4llningar. <\/p>\n<h3>\n\t\tAI Autotrader Viktiga funktioner\n\t<\/h3>\n<h3>\n\t\tAutomatiserad handelsteknik som f\u00f6rb\u00e4ttrar hastighet, noggrannhet och konsekvens under alla marknadsf\u00f6rh\u00e5llanden.\n\t<\/h3>\n\t\t<h4>Omedelbar marknadsanalys<\/h4>\t\t\t\n\t\t\t\t<p>F\u00e5 data i realtid som bearbetas av AI f\u00f6r snabbare och smartare handelsbeslut.<\/p>\n\t\t<h4>Anpassad strategibyggare<\/h4>\t\t\t\n\t\t\t\t<p>Skapa eller justera strategier baserat p\u00e5 din handelsstil och riskvilja.<\/p>\n\t\t<h4>Automatiserad exekvering<\/h4>\t\t\t\n\t\t\t\t<p>Inga fler missade aff\u00e4rer - din strategi k\u00f6rs kontinuerligt utan k\u00e4nslom\u00e4ssig inblandning.<\/p>\n\t\t<h4>Backtesting av strategi<\/h4>\t\t\t\n\t\t\t\t<p>Testa dina id\u00e9er mot historiska data f\u00f6r att optimera prestandan innan du g\u00e5r live.<\/p>\n<h5>\n\t\tKom ig\u00e5ng med 4 enkla steg\n\t<\/h5>\n\t\t\t\t\t\t\t\t\t\t\t\t\t\t\t<h5>1<\/h5>\n\t\t\t\t\t\t<p>Skapa din profil<\/p>\t\t\t\t\t\n\t\t\t<!-- END .front -->\n\t\t\t\t\t\t<p>Registrera dig och ange dina handelspreferenser.<\/p>\t\t\t\t\t\n\t\t\t<!-- END .back -->\n\t\t <!-- ifb-flip-box -->\n\t <!-- flip-box -->\n\t\t\t\t\t\t\t\t\t\t\t\t\t\t\t<h5>2<\/h5>\n\t\t\t\t\t\t<p>V\u00e4lj en strategi<\/p>\t\t\t\t\t\n\t\t\t<!-- END .front -->\n\t\t\t\t\t\t<p>Anv\u00e4nd en f\u00e4rdig plan eller bygg din egen fr\u00e5n grunden.<\/p>\t\t\t\t\t\n\t\t\t<!-- END .back -->\n\t\t <!-- ifb-flip-box -->\n\t <!-- flip-box -->\n\t\t\t\t\t\t\t\t\t\t\t\t\t\t\t<h5>3<\/h5>\n\t\t\t\t\t\t<p>M\u00f6jligg\u00f6r AI-handel<\/p>\t\t\t\t\t\n\t\t\t<!-- END .front -->\n\t\t\t\t\t\t<p>Aktivera AI-systemet - det b\u00f6rjar skanna och handla direkt.<\/p>\t\t\t\t\t\n\t\t\t<!-- END .back -->\n\t\t <!-- ifb-flip-box -->\n\t <!-- flip-box -->\n\t\t\t\t\t\t\t\t\t\t\t\t\t\t\t<h5>4<\/h5>\n\t\t\t\t\t\t<p>Sp\u00e5ra och justera<\/p>\t\t\t\t\t\n\t\t\t<!-- END .front -->\n\t\t\t\t\t\t<p>\u00d6vervaka dina aff\u00e4rer i realtid och g\u00f6r uppdateringar n\u00e4r som helst.<\/p>\t\t\t\t\t\n\t\t\t<!-- END .back -->\n\t\t <!-- ifb-flip-box -->\n\t <!-- flip-box -->\n<h3>\n\t\tRedo att handla smartare? Upplev verklig hastighet, riktiga marknader och verkliga resultat.\n\t<\/h3>\n\t\t\t<a href=\"https:\/\/area.horizons28.net\/auth\/registration\" target=\"_blank\" rel=\"noopener\">\n\t\t\t\t\t\t\t\tG\u00e5 med i Horizons28\n\t\t\t<\/a>\n\n","protected":false},"excerpt":{"rendered":"<p>Smartare handel. Helt automatiserad. Automatisera din strategi med AI-driven handel i valutor, index, r\u00e5varor, kryptovalutor och aktier. G\u00e5 med i Horizons28 Smartare handel med AI Autotrader V\u00e4lkommen till n\u00e4sta generations handel. Horizons28:s AI Autotrader kombinerar intelligent automatisering med marknadsmedvetenhet i realtid f\u00f6r att hj\u00e4lpa dig att handla mer effektivt - med mindre anstr\u00e4ngning. Den \u00e4r&hellip;<\/p>\n","protected":false},"author":1,"featured_media":0,"parent":0,"menu_order":0,"comment_status":"closed","ping_status":"closed","template":"","meta":{"footnotes":""},"class_list":["post-750","page","type-page","status-publish","hentry"],"yoast_head":"<!-- This site is optimized with the Yoast SEO plugin v27.4 - https:\/\/yoast.com\/product\/yoast-seo-wordpress\/ -->\n<title>AI Autotrader | Smart, automatiserad handel med Horizons28<\/title>\n<meta name=\"description\" content=\"Upplev helt automatiserad handel som drivs av AI. L\u00e5t Horizons28:s Autotrader optimera strategier och utf\u00f6ra aff\u00e4rer med snabbhet och precision.\" \/>\n<meta name=\"robots\" content=\"index, follow, max-snippet:-1, max-image-preview:large, max-video-preview:-1\" \/>\n<link rel=\"canonical\" href=\"http:\/\/horizons28.com\/sv\/ai-autotrader\/\" \/>\n<meta property=\"og:locale\" content=\"sv_SE\" \/>\n<meta property=\"og:type\" content=\"article\" \/>\n<meta property=\"og:title\" content=\"AI Autotrader | Smart, automatiserad handel med Horizons28\" \/>\n<meta property=\"og:description\" content=\"Upplev helt automatiserad handel som drivs av AI. L\u00e5t Horizons28:s Autotrader optimera strategier och utf\u00f6ra aff\u00e4rer med snabbhet och precision.\" \/>\n<meta property=\"og:url\" content=\"http:\/\/horizons28.com\/sv\/ai-autotrader\/\" \/>\n<meta property=\"og:site_name\" content=\"Horizons28\" \/>\n<meta property=\"article:modified_time\" content=\"2025-04-15T08:26:40+00:00\" \/>\n<meta property=\"og:image\" content=\"http:\/\/horizons28.com\/wp-content\/uploads\/2025\/04\/ai-autotrader.png\" \/>\n<meta name=\"twitter:card\" content=\"summary_large_image\" \/>\n<meta name=\"twitter:label1\" content=\"Ber\u00e4knad l\u00e4stid\" \/>\n\t<meta name=\"twitter:data1\" content=\"2 minuter\" \/>\n<script type=\"application\/ld+json\" class=\"yoast-schema-graph\">{\"@context\":\"https:\\\/\\\/schema.org\",\"@graph\":[{\"@type\":\"WebPage\",\"@id\":\"http:\\\/\\\/horizons28.com\\\/sv\\\/ai-autotrader\\\/\",\"url\":\"http:\\\/\\\/horizons28.com\\\/sv\\\/ai-autotrader\\\/\",\"name\":\"AI Autotrader | Smart, automatiserad handel med Horizons28\",\"isPartOf\":{\"@id\":\"http:\\\/\\\/horizons28.com\\\/sv\\\/#website\"},\"primaryImageOfPage\":{\"@id\":\"http:\\\/\\\/horizons28.com\\\/sv\\\/ai-autotrader\\\/#primaryimage\"},\"image\":{\"@id\":\"http:\\\/\\\/horizons28.com\\\/sv\\\/ai-autotrader\\\/#primaryimage\"},\"thumbnailUrl\":\"http:\\\/\\\/horizons28.com\\\/wp-content\\\/uploads\\\/2025\\\/04\\\/ai-autotrader.png\",\"datePublished\":\"2025-04-03T07:00:44+00:00\",\"dateModified\":\"2025-04-15T08:26:40+00:00\",\"description\":\"Upplev helt automatiserad handel som drivs av AI. L\u00e5t Horizons28:s Autotrader optimera strategier och utf\u00f6ra aff\u00e4rer med snabbhet och precision.\",\"breadcrumb\":{\"@id\":\"http:\\\/\\\/horizons28.com\\\/sv\\\/ai-autotrader\\\/#breadcrumb\"},\"inLanguage\":\"sv-SE\",\"potentialAction\":[{\"@type\":\"ReadAction\",\"target\":[\"http:\\\/\\\/horizons28.com\\\/sv\\\/ai-autotrader\\\/\"]}]},{\"@type\":\"ImageObject\",\"inLanguage\":\"sv-SE\",\"@id\":\"http:\\\/\\\/horizons28.com\\\/sv\\\/ai-autotrader\\\/#primaryimage\",\"url\":\"http:\\\/\\\/horizons28.com\\\/wp-content\\\/uploads\\\/2025\\\/04\\\/ai-autotrader.png\",\"contentUrl\":\"http:\\\/\\\/horizons28.com\\\/wp-content\\\/uploads\\\/2025\\\/04\\\/ai-autotrader.png\"},{\"@type\":\"BreadcrumbList\",\"@id\":\"http:\\\/\\\/horizons28.com\\\/sv\\\/ai-autotrader\\\/#breadcrumb\",\"itemListElement\":[{\"@type\":\"ListItem\",\"position\":1,\"name\":\"Home\",\"item\":\"https:\\\/\\\/horizons28.com\\\/sv\\\/\"},{\"@type\":\"ListItem\",\"position\":2,\"name\":\"AI Autotrader\"}]},{\"@type\":\"WebSite\",\"@id\":\"http:\\\/\\\/horizons28.com\\\/sv\\\/#website\",\"url\":\"http:\\\/\\\/horizons28.com\\\/sv\\\/\",\"name\":\"Horizons28\",\"description\":\"\",\"potentialAction\":[{\"@type\":\"SearchAction\",\"target\":{\"@type\":\"EntryPoint\",\"urlTemplate\":\"http:\\\/\\\/horizons28.com\\\/sv\\\/?s={search_term_string}\"},\"query-input\":{\"@type\":\"PropertyValueSpecification\",\"valueRequired\":true,\"valueName\":\"search_term_string\"}}],\"inLanguage\":\"sv-SE\"}]}<\/script>\n<!-- \/ Yoast SEO plugin. -->","yoast_head_json":{"title":"AI Autotrader | Smart, automatiserad handel med Horizons28","description":"Upplev helt automatiserad handel som drivs av AI. L\u00e5t Horizons28:s Autotrader optimera strategier och utf\u00f6ra aff\u00e4rer med snabbhet och precision.","robots":{"index":"index","follow":"follow","max-snippet":"max-snippet:-1","max-image-preview":"max-image-preview:large","max-video-preview":"max-video-preview:-1"},"canonical":"http:\/\/horizons28.com\/sv\/ai-autotrader\/","og_locale":"sv_SE","og_type":"article","og_title":"AI Autotrader | Smart, automatiserad handel med Horizons28","og_description":"Upplev helt automatiserad handel som drivs av AI. L\u00e5t Horizons28:s Autotrader optimera strategier och utf\u00f6ra aff\u00e4rer med snabbhet och precision.","og_url":"http:\/\/horizons28.com\/sv\/ai-autotrader\/","og_site_name":"Horizons28","article_modified_time":"2025-04-15T08:26:40+00:00","og_image":[{"url":"http:\/\/horizons28.com\/wp-content\/uploads\/2025\/04\/ai-autotrader.png","type":"","width":"","height":""}],"twitter_card":"summary_large_image","twitter_misc":{"Ber\u00e4knad l\u00e4stid":"2 minuter"},"schema":{"@context":"https:\/\/schema.org","@graph":[{"@type":"WebPage","@id":"http:\/\/horizons28.com\/sv\/ai-autotrader\/","url":"http:\/\/horizons28.com\/sv\/ai-autotrader\/","name":"AI Autotrader | Smart, automatiserad handel med Horizons28","isPartOf":{"@id":"http:\/\/horizons28.com\/sv\/#website"},"primaryImageOfPage":{"@id":"http:\/\/horizons28.com\/sv\/ai-autotrader\/#primaryimage"},"image":{"@id":"http:\/\/horizons28.com\/sv\/ai-autotrader\/#primaryimage"},"thumbnailUrl":"http:\/\/horizons28.com\/wp-content\/uploads\/2025\/04\/ai-autotrader.png","datePublished":"2025-04-03T07:00:44+00:00","dateModified":"2025-04-15T08:26:40+00:00","description":"Upplev helt automatiserad handel som drivs av AI. L\u00e5t Horizons28:s Autotrader optimera strategier och utf\u00f6ra aff\u00e4rer med snabbhet och precision.","breadcrumb":{"@id":"http:\/\/horizons28.com\/sv\/ai-autotrader\/#breadcrumb"},"inLanguage":"sv-SE","potentialAction":[{"@type":"ReadAction","target":["http:\/\/horizons28.com\/sv\/ai-autotrader\/"]}]},{"@type":"ImageObject","inLanguage":"sv-SE","@id":"http:\/\/horizons28.com\/sv\/ai-autotrader\/#primaryimage","url":"http:\/\/horizons28.com\/wp-content\/uploads\/2025\/04\/ai-autotrader.png","contentUrl":"http:\/\/horizons28.com\/wp-content\/uploads\/2025\/04\/ai-autotrader.png"},{"@type":"BreadcrumbList","@id":"http:\/\/horizons28.com\/sv\/ai-autotrader\/#breadcrumb","itemListElement":[{"@type":"ListItem","position":1,"name":"Home","item":"https:\/\/horizons28.com\/sv\/"},{"@type":"ListItem","position":2,"name":"AI Autotrader"}]},{"@type":"WebSite","@id":"http:\/\/horizons28.com\/sv\/#website","url":"http:\/\/horizons28.com\/sv\/","name":"Horizons28","description":"","potentialAction":[{"@type":"SearchAction","target":{"@type":"EntryPoint","urlTemplate":"http:\/\/horizons28.com\/sv\/?s={search_term_string}"},"query-input":{"@type":"PropertyValueSpecification","valueRequired":true,"valueName":"search_term_string"}}],"inLanguage":"sv-SE"}]}},"_links":{"self":[{"href":"http:\/\/horizons28.com\/sv\/wp-json\/wp\/v2\/pages\/750","targetHints":{"allow":["GET"]}}],"collection":[{"href":"http:\/\/horizons28.com\/sv\/wp-json\/wp\/v2\/pages"}],"about":[{"href":"http:\/\/horizons28.com\/sv\/wp-json\/wp\/v2\/types\/page"}],"author":[{"embeddable":true,"href":"http:\/\/horizons28.com\/sv\/wp-json\/wp\/v2\/users\/1"}],"replies":[{"embeddable":true,"href":"http:\/\/horizons28.com\/sv\/wp-json\/wp\/v2\/comments?post=750"}],"version-history":[{"count":1,"href":"http:\/\/horizons28.com\/sv\/wp-json\/wp\/v2\/pages\/750\/revisions"}],"predecessor-version":[{"id":1238,"href":"http:\/\/horizons28.com\/sv\/wp-json\/wp\/v2\/pages\/750\/revisions\/1238"}],"wp:attachment":[{"href":"http:\/\/horizons28.com\/sv\/wp-json\/wp\/v2\/media?parent=750"}],"curies":[{"name":"wp","href":"https:\/\/api.w.org\/{rel}","templated":true}]}}