{"id":794,"date":"2025-04-03T14:20:16","date_gmt":"2025-04-03T14:20:16","guid":{"rendered":"http:\/\/horizons28.com\/haeufig-gestellte-fragen\/"},"modified":"2025-04-14T14:44:38","modified_gmt":"2025-04-14T14:44:38","slug":"haeufig-gestellte-fragen","status":"publish","type":"page","link":"https:\/\/horizons28.com\/de\/haeufig-gestellte-fragen\/","title":{"rendered":"H\u00e4ufig gestellte Fragen"},"content":{"rendered":"\n<h1>\n\t\tIhre Fragen. Klare Antworten. \n\t<\/h1>\n\t<p>Finden Sie schnelle Antworten auf h\u00e4ufige Fragen zu Handel, Konten, Funktionen und Plattform-Tools.<\/p>\n\t\t\t<a href=\"https:\/\/area.horizons28.net\/auth\/registration\" target=\"_blank\" rel=\"noopener\">\n\t\t\t\t\t\t\tTritt Horizons28 bei\n\t\t\t<\/a>\n\t\t\t\t<img loading=\"lazy\" decoding=\"async\" src=\"http:\/\/horizons28.com\/wp-content\/uploads\/2025\/04\/faq.png\" alt=\"FAQ\" itemprop=\"image\" height=\"500\" width=\"600\" title=\"faq\" onerror=\"this.style.display='none'\"  \/>\n<h1>\n\t\tH\u00e4ufig gestellte Fragen\n\t<\/h1>\n\t<p>Finden Sie Antworten auf die h\u00e4ufigsten Fragen zur Nutzung von Horizons28 \u2013 von der Kontoeinrichtung, Einzahlungen und Auszahlungen bis hin zu Handelstools, Plattformfunktionen und unterst\u00fctzten Instrumenten. Ob Neuling oder erfahrener H\u00e4ndler, unsere FAQs sind darauf ausgelegt, Ihnen zu einem selbstsicheren Handel zu verhelfen. <\/p>\n\t\t\t\t\t<a href=\"#\" id=\"fl-accordion--label-0\" tabindex=\"0\" aria-controls=\"fl-accordion--panel-0\">Was ist Horizons28?<\/a>\n\t\t\t\t\t\t\t\t\t\t\t<a href=\"#\" id=\"fl-accordion--icon-0\" tabindex=\"-1\"><i title=\"Expand\">Expand<\/i><\/a>\n\t\t\t\t\t<p>Horizons28 ist eine Online-Handelsplattform, die Benutzern Zugang zu einer breiten Palette von Finanzm\u00e4rkten bietet, einschlie\u00dflich Devisen, Indizes, Rohstoffe, Kryptow\u00e4hrungen und Aktien.<\/p>\n\t\t\t\t\t<a href=\"#\" id=\"fl-accordion--label-1\" tabindex=\"0\" aria-controls=\"fl-accordion--panel-1\">Welche Arten von Konten bietet Horizons28 an?<\/a>\n\t\t\t\t\t\t\t\t\t\t\t<a href=\"#\" id=\"fl-accordion--icon-1\" tabindex=\"-1\"><i title=\"Expand\">Expand<\/i><\/a>\n\t\t\t\t\t<p>Horizons28 bietet verschiedene Kontotypen an, die f\u00fcr unterschiedliche Erfahrungsstufen konzipiert sind, von Anf\u00e4ngern bis hin zu fortgeschrittenen H\u00e4ndlern. Jedes Konto verf\u00fcgt \u00fcber einzigartige Funktionen und Handelsbedingungen. <\/p>\n\t\t\t\t\t<a href=\"#\" id=\"fl-accordion--label-2\" tabindex=\"0\" aria-controls=\"fl-accordion--panel-2\">Wie kann ich mit dem Handel bei Horizons28 beginnen?<\/a>\n\t\t\t\t\t\t\t\t\t\t\t<a href=\"#\" id=\"fl-accordion--icon-2\" tabindex=\"-1\"><i title=\"Expand\">Expand<\/i><\/a>\n\t\t\t\t\t<p>Um mit dem Handel zu beginnen, erstellen Sie ein Konto auf der Horizons28-Website, schlie\u00dfen Sie die Verifizierungsschritte ab, zahlen Sie Geld ein und greifen Sie auf die Handelsplattform zu.<\/p>\n\t\t\t\t\t<a href=\"#\" id=\"fl-accordion--label-3\" tabindex=\"0\" aria-controls=\"fl-accordion--panel-3\">Welche Instrumente kann ich bei Horizons28 handeln?<\/a>\n\t\t\t\t\t\t\t\t\t\t\t<a href=\"#\" id=\"fl-accordion--icon-3\" tabindex=\"-1\"><i title=\"Expand\">Expand<\/i><\/a>\n\t\t\t\t\t<p>Sie k\u00f6nnen verschiedene Instrumente handeln, darunter gro\u00dfe und kleine Devisenpaare, globale Indizes, beliebte Rohstoffe, Kryptow\u00e4hrungen und ausgew\u00e4hlte Aktien.<\/p>\n\t\t\t\t\t<a href=\"#\" id=\"fl-accordion--label-4\" tabindex=\"0\" aria-controls=\"fl-accordion--panel-4\">Gibt es ein Demokonto?<\/a>\n\t\t\t\t\t\t\t\t\t\t\t<a href=\"#\" id=\"fl-accordion--icon-4\" tabindex=\"-1\"><i title=\"Expand\">Expand<\/i><\/a>\n\t\t\t\t\t<p>Ja, Horizons28 bietet ein Demokonto mit virtuellem Guthaben an, sodass Sie risikofrei den Handel \u00fcben und die Plattform erkunden k\u00f6nnen.<\/p>\n\t\t\t\t\t<a href=\"#\" id=\"fl-accordion--label-0\" tabindex=\"0\" aria-controls=\"fl-accordion--panel-0\">Wie hoch sind die Handelsgeb\u00fchren und Provisionen?<\/a>\n\t\t\t\t\t\t\t\t\t\t\t<a href=\"#\" id=\"fl-accordion--icon-0\" tabindex=\"-1\"><i title=\"Expand\">Expand<\/i><\/a>\n\t\t\t\t\t<p>Horizons28 bietet wettbewerbsf\u00e4hige Spreads und niedrige Handelskosten. Die meisten Trades sind provisionsfrei, obwohl die genauen Geb\u00fchren je nach Instrument variieren k\u00f6nnen. <\/p>\n\t\t\t\t\t<a href=\"#\" id=\"fl-accordion--label-1\" tabindex=\"0\" aria-controls=\"fl-accordion--panel-1\">Kann ich automatisierte Handelsstrategien verwenden?<\/a>\n\t\t\t\t\t\t\t\t\t\t\t<a href=\"#\" id=\"fl-accordion--icon-1\" tabindex=\"-1\"><i title=\"Expand\">Expand<\/i><\/a>\n\t\t\t\t\t<p>Ja, Horizons28 unterst\u00fctzt automatisierten Handel und erm\u00f6glicht es Benutzern, Bots oder algorithmische Strategien zu implementieren, sofern diese kompatibel sind.<\/p>\n\t\t\t\t\t<a href=\"#\" id=\"fl-accordion--label-2\" tabindex=\"0\" aria-controls=\"fl-accordion--panel-2\">Wie kann ich Gelder einzahlen und abheben?<\/a>\n\t\t\t\t\t\t\t\t\t\t\t<a href=\"#\" id=\"fl-accordion--icon-2\" tabindex=\"-1\"><i title=\"Expand\">Expand<\/i><\/a>\n\t\t\t\t\t<p>Horizons28 unterst\u00fctzt verschiedene Zahlungsmethoden, einschlie\u00dflich Bank\u00fcberweisungen, Kredit-\/Debitkarten und Online-Zahlungssysteme. Auszahlungen werden in der Regel innerhalb weniger Gesch\u00e4ftstage bearbeitet. <\/p>\n\t\t\t\t\t<a href=\"#\" id=\"fl-accordion--label-3\" tabindex=\"0\" aria-controls=\"fl-accordion--panel-3\">Kann ich auf mobilen Ger\u00e4ten handeln?<\/a>\n\t\t\t\t\t\t\t\t\t\t\t<a href=\"#\" id=\"fl-accordion--icon-3\" tabindex=\"-1\"><i title=\"Expand\">Expand<\/i><\/a>\n\t\t\t\t\t<p>Die Plattform von Horizons28 ist vollst\u00e4ndig responsiv und funktioniert reibungslos auf allen mobilen Ger\u00e4ten. Sie m\u00fcssen keine App herunterladen \u2013 melden Sie sich einfach \u00fcber Ihren Browser an. <\/p>\n\t\t\t\t\t<a href=\"#\" id=\"fl-accordion--label-4\" tabindex=\"0\" aria-controls=\"fl-accordion--panel-4\">Wie kontaktiere ich den Horizons28-Support?<\/a>\n\t\t\t\t\t\t\t\t\t\t\t<a href=\"#\" id=\"fl-accordion--icon-4\" tabindex=\"-1\"><i title=\"Expand\">Expand<\/i><\/a>\n\t\t\t\t\t<p>Sie k\u00f6nnen unser Support-Team \u00fcber Live-Chat, E-Mail oder das plattforminterne Hilfecenter f\u00fcr schnelle Unterst\u00fctzung erreichen.<\/p>\n\t<p>Haben Sie nicht gefunden, wonach Sie suchen? <a href=\"http:\/\/horizons28.com\/de\/kontaktieren-sie-uns\/\"><strong>Kontaktieren Sie uns direkt<\/strong><\/a>, und wir helfen Ihnen gerne weiter.<\/p>\n<h3>\n\t\tBereit, smarter zu handeln? Erleben Sie echte Geschwindigkeit, echte M\u00e4rkte und echte Ergebnisse.\n\t<\/h3>\n\t\t\t<a href=\"https:\/\/area.horizons28.net\/auth\/registration\" target=\"_blank\" rel=\"noopener\">\n\t\t\t\t\t\t\tTritt Horizons28 bei\n\t\t\t<\/a>\n\n","protected":false},"excerpt":{"rendered":"<p>Ihre Fragen. Klare Antworten. Finden Sie schnelle Antworten auf h\u00e4ufige Fragen zu Handel, Konten, Funktionen und Plattform-Tools. Tritt Horizons28 bei H\u00e4ufig gestellte Fragen Finden Sie Antworten auf die h\u00e4ufigsten Fragen zur Nutzung von Horizons28 \u2013 von der Kontoeinrichtung, Einzahlungen und Auszahlungen bis hin zu Handelstools, Plattformfunktionen und unterst\u00fctzten Instrumenten. Ob Neuling oder erfahrener H\u00e4ndler, unsere&hellip;<\/p>\n","protected":false},"author":1,"featured_media":0,"parent":0,"menu_order":0,"comment_status":"closed","ping_status":"closed","template":"","meta":{"footnotes":""},"class_list":["post-794","page","type-page","status-publish","hentry"],"yoast_head":"<!-- This site is optimized with the Yoast SEO plugin v27.5 - https:\/\/yoast.com\/product\/yoast-seo-wordpress\/ -->\n<title>H\u00e4ufig gestellte Fragen | Horizons28 Support<\/title>\n<meta name=\"description\" content=\"Finden Sie schnelle Antworten auf g\u00e4ngige Fragen zu Handel, Konten, Zahlungen und mehr. Erkunden Sie jetzt den FAQ-Bereich von Horizons28.\" \/>\n<meta name=\"robots\" content=\"index, follow, max-snippet:-1, max-image-preview:large, max-video-preview:-1\" \/>\n<link rel=\"canonical\" href=\"https:\/\/horizons28.com\/de\/haeufig-gestellte-fragen\/\" \/>\n<meta property=\"og:locale\" content=\"de_DE\" \/>\n<meta property=\"og:type\" content=\"article\" \/>\n<meta property=\"og:title\" content=\"H\u00e4ufig gestellte Fragen | Horizons28 Support\" \/>\n<meta property=\"og:description\" content=\"Finden Sie schnelle Antworten auf g\u00e4ngige Fragen zu Handel, Konten, Zahlungen und mehr. Erkunden Sie jetzt den FAQ-Bereich von Horizons28.\" \/>\n<meta property=\"og:url\" content=\"https:\/\/horizons28.com\/de\/haeufig-gestellte-fragen\/\" \/>\n<meta property=\"og:site_name\" content=\"Horizons28\" \/>\n<meta property=\"article:modified_time\" content=\"2025-04-14T14:44:38+00:00\" \/>\n<meta property=\"og:image\" content=\"http:\/\/horizons28.com\/wp-content\/uploads\/2025\/04\/faq.png\" \/>\n<meta name=\"twitter:card\" content=\"summary_large_image\" \/>\n<meta name=\"twitter:label1\" content=\"Gesch\u00e4tzte Lesezeit\" \/>\n\t<meta name=\"twitter:data1\" content=\"2\u00a0Minuten\" \/>\n<script type=\"application\/ld+json\" class=\"yoast-schema-graph\">{\"@context\":\"https:\\\/\\\/schema.org\",\"@graph\":[{\"@type\":\"WebPage\",\"@id\":\"https:\\\/\\\/horizons28.com\\\/de\\\/haeufig-gestellte-fragen\\\/\",\"url\":\"https:\\\/\\\/horizons28.com\\\/de\\\/haeufig-gestellte-fragen\\\/\",\"name\":\"H\u00e4ufig gestellte Fragen | Horizons28 Support\",\"isPartOf\":{\"@id\":\"http:\\\/\\\/horizons28.com\\\/de\\\/#website\"},\"primaryImageOfPage\":{\"@id\":\"https:\\\/\\\/horizons28.com\\\/de\\\/haeufig-gestellte-fragen\\\/#primaryimage\"},\"image\":{\"@id\":\"https:\\\/\\\/horizons28.com\\\/de\\\/haeufig-gestellte-fragen\\\/#primaryimage\"},\"thumbnailUrl\":\"http:\\\/\\\/horizons28.com\\\/wp-content\\\/uploads\\\/2025\\\/04\\\/faq.png\",\"datePublished\":\"2025-04-03T14:20:16+00:00\",\"dateModified\":\"2025-04-14T14:44:38+00:00\",\"description\":\"Finden Sie schnelle Antworten auf g\u00e4ngige Fragen zu Handel, Konten, Zahlungen und mehr. Erkunden Sie jetzt den FAQ-Bereich von Horizons28.\",\"breadcrumb\":{\"@id\":\"https:\\\/\\\/horizons28.com\\\/de\\\/haeufig-gestellte-fragen\\\/#breadcrumb\"},\"inLanguage\":\"de\",\"potentialAction\":[{\"@type\":\"ReadAction\",\"target\":[\"https:\\\/\\\/horizons28.com\\\/de\\\/haeufig-gestellte-fragen\\\/\"]}]},{\"@type\":\"ImageObject\",\"inLanguage\":\"de\",\"@id\":\"https:\\\/\\\/horizons28.com\\\/de\\\/haeufig-gestellte-fragen\\\/#primaryimage\",\"url\":\"http:\\\/\\\/horizons28.com\\\/wp-content\\\/uploads\\\/2025\\\/04\\\/faq.png\",\"contentUrl\":\"http:\\\/\\\/horizons28.com\\\/wp-content\\\/uploads\\\/2025\\\/04\\\/faq.png\"},{\"@type\":\"BreadcrumbList\",\"@id\":\"https:\\\/\\\/horizons28.com\\\/de\\\/haeufig-gestellte-fragen\\\/#breadcrumb\",\"itemListElement\":[{\"@type\":\"ListItem\",\"position\":1,\"name\":\"Home\",\"item\":\"https:\\\/\\\/horizons28.com\\\/de\\\/\"},{\"@type\":\"ListItem\",\"position\":2,\"name\":\"H\u00e4ufig gestellte Fragen\"}]},{\"@type\":\"WebSite\",\"@id\":\"http:\\\/\\\/horizons28.com\\\/de\\\/#website\",\"url\":\"http:\\\/\\\/horizons28.com\\\/de\\\/\",\"name\":\"Horizons28\",\"description\":\"\",\"potentialAction\":[{\"@type\":\"SearchAction\",\"target\":{\"@type\":\"EntryPoint\",\"urlTemplate\":\"http:\\\/\\\/horizons28.com\\\/de\\\/?s={search_term_string}\"},\"query-input\":{\"@type\":\"PropertyValueSpecification\",\"valueRequired\":true,\"valueName\":\"search_term_string\"}}],\"inLanguage\":\"de\"}]}<\/script>\n<!-- \/ Yoast SEO plugin. -->","yoast_head_json":{"title":"H\u00e4ufig gestellte Fragen | Horizons28 Support","description":"Finden Sie schnelle Antworten auf g\u00e4ngige Fragen zu Handel, Konten, Zahlungen und mehr. Erkunden Sie jetzt den FAQ-Bereich von Horizons28.","robots":{"index":"index","follow":"follow","max-snippet":"max-snippet:-1","max-image-preview":"max-image-preview:large","max-video-preview":"max-video-preview:-1"},"canonical":"https:\/\/horizons28.com\/de\/haeufig-gestellte-fragen\/","og_locale":"de_DE","og_type":"article","og_title":"H\u00e4ufig gestellte Fragen | Horizons28 Support","og_description":"Finden Sie schnelle Antworten auf g\u00e4ngige Fragen zu Handel, Konten, Zahlungen und mehr. Erkunden Sie jetzt den FAQ-Bereich von Horizons28.","og_url":"https:\/\/horizons28.com\/de\/haeufig-gestellte-fragen\/","og_site_name":"Horizons28","article_modified_time":"2025-04-14T14:44:38+00:00","og_image":[{"url":"http:\/\/horizons28.com\/wp-content\/uploads\/2025\/04\/faq.png","type":"","width":"","height":""}],"twitter_card":"summary_large_image","twitter_misc":{"Gesch\u00e4tzte Lesezeit":"2\u00a0Minuten"},"schema":{"@context":"https:\/\/schema.org","@graph":[{"@type":"WebPage","@id":"https:\/\/horizons28.com\/de\/haeufig-gestellte-fragen\/","url":"https:\/\/horizons28.com\/de\/haeufig-gestellte-fragen\/","name":"H\u00e4ufig gestellte Fragen | Horizons28 Support","isPartOf":{"@id":"http:\/\/horizons28.com\/de\/#website"},"primaryImageOfPage":{"@id":"https:\/\/horizons28.com\/de\/haeufig-gestellte-fragen\/#primaryimage"},"image":{"@id":"https:\/\/horizons28.com\/de\/haeufig-gestellte-fragen\/#primaryimage"},"thumbnailUrl":"http:\/\/horizons28.com\/wp-content\/uploads\/2025\/04\/faq.png","datePublished":"2025-04-03T14:20:16+00:00","dateModified":"2025-04-14T14:44:38+00:00","description":"Finden Sie schnelle Antworten auf g\u00e4ngige Fragen zu Handel, Konten, Zahlungen und mehr. Erkunden Sie jetzt den FAQ-Bereich von Horizons28.","breadcrumb":{"@id":"https:\/\/horizons28.com\/de\/haeufig-gestellte-fragen\/#breadcrumb"},"inLanguage":"de","potentialAction":[{"@type":"ReadAction","target":["https:\/\/horizons28.com\/de\/haeufig-gestellte-fragen\/"]}]},{"@type":"ImageObject","inLanguage":"de","@id":"https:\/\/horizons28.com\/de\/haeufig-gestellte-fragen\/#primaryimage","url":"http:\/\/horizons28.com\/wp-content\/uploads\/2025\/04\/faq.png","contentUrl":"http:\/\/horizons28.com\/wp-content\/uploads\/2025\/04\/faq.png"},{"@type":"BreadcrumbList","@id":"https:\/\/horizons28.com\/de\/haeufig-gestellte-fragen\/#breadcrumb","itemListElement":[{"@type":"ListItem","position":1,"name":"Home","item":"https:\/\/horizons28.com\/de\/"},{"@type":"ListItem","position":2,"name":"H\u00e4ufig gestellte Fragen"}]},{"@type":"WebSite","@id":"http:\/\/horizons28.com\/de\/#website","url":"http:\/\/horizons28.com\/de\/","name":"Horizons28","description":"","potentialAction":[{"@type":"SearchAction","target":{"@type":"EntryPoint","urlTemplate":"http:\/\/horizons28.com\/de\/?s={search_term_string}"},"query-input":{"@type":"PropertyValueSpecification","valueRequired":true,"valueName":"search_term_string"}}],"inLanguage":"de"}]}},"_links":{"self":[{"href":"https:\/\/horizons28.com\/de\/wp-json\/wp\/v2\/pages\/794","targetHints":{"allow":["GET"]}}],"collection":[{"href":"https:\/\/horizons28.com\/de\/wp-json\/wp\/v2\/pages"}],"about":[{"href":"https:\/\/horizons28.com\/de\/wp-json\/wp\/v2\/types\/page"}],"author":[{"embeddable":true,"href":"https:\/\/horizons28.com\/de\/wp-json\/wp\/v2\/users\/1"}],"replies":[{"embeddable":true,"href":"https:\/\/horizons28.com\/de\/wp-json\/wp\/v2\/comments?post=794"}],"version-history":[{"count":1,"href":"https:\/\/horizons28.com\/de\/wp-json\/wp\/v2\/pages\/794\/revisions"}],"predecessor-version":[{"id":1037,"href":"https:\/\/horizons28.com\/de\/wp-json\/wp\/v2\/pages\/794\/revisions\/1037"}],"wp:attachment":[{"href":"https:\/\/horizons28.com\/de\/wp-json\/wp\/v2\/media?parent=794"}],"curies":[{"name":"wp","href":"https:\/\/api.w.org\/{rel}","templated":true}]}}