{"id":812,"date":"2025-04-04T07:19:52","date_gmt":"2025-04-04T07:19:52","guid":{"rendered":"http:\/\/horizons28.com\/arbitragehandel\/"},"modified":"2025-04-14T14:34:47","modified_gmt":"2025-04-14T14:34:47","slug":"arbitragehandel","status":"publish","type":"page","link":"https:\/\/horizons28.com\/de\/arbitragehandel\/","title":{"rendered":"Arbitragehandel"},"content":{"rendered":"\n<h1>\n\t\tSchnellere Gewinne. Geringeres Risiko. \n\t<\/h1>\n\t<p>Nutzen Sie m\u00fchelos hochpotenzielle Preisunterschiede mit Echtzeit-Arbitrage \u00fcber Krypto, Forex, Aktien und mehr hinweg aus.<\/p>\n\t\t\t<a href=\"https:\/\/area.horizons28.net\/auth\/registration\" target=\"_blank\" rel=\"noopener\">\n\t\t\t\t\t\t\tTritt Horizons28 bei\n\t\t\t<\/a>\n\t\t\t\t<img loading=\"lazy\" decoding=\"async\" src=\"http:\/\/horizons28.com\/wp-content\/uploads\/2025\/04\/arbitrage-trading.png\" alt=\"Arbitrage Trading\" itemprop=\"image\" height=\"507\" width=\"600\" title=\"arbitrage-trading\" onerror=\"this.style.display='none'\"  \/>\n<h2>\n\t\tWarum Arbitragehandel mit Horizons28?\n\t<\/h2>\n\t<p>Willkommen beim <strong>intelligenten Handel mit geringem Risiko<\/strong>. Die Arbitrage-Engine von Horizons28 identifiziert Preisunterschiede in Echtzeit \u00fcber globale M\u00e4rkte hinweg \u2013 <strong>damit Sie schneller, sicherer und profitabler handeln k\u00f6nnen<\/strong>. Sie ist pr\u00e4zise, effizient und immer einen Schritt voraus.  <\/p>\n<h2>\n\t\tReduziertes Risiko\n\t<\/h2>\n\t<p>Arbitrage minimiert das Risiko, indem die Abh\u00e4ngigkeit von der Marktrichtung eliminiert wird. Bei korrekter Ausf\u00fchrung liefert sie stabile Renditen basierend auf Preisunterschieden in Echtzeit. <\/p>\n<h2>\n\t\tBreite Verm\u00f6genswertabdeckung\n\t<\/h2>\n\t<p>Ob Sie mit Kryptow\u00e4hrungen, Forex-Paaren, globalen Aktien oder Rohstoffen handeln, die Plattform bietet Ihnen Zugang zu Preisen \u00fcber mehrere B\u00f6rsen hinweg.<\/p>\n<h2>\n\t\tSchnelle Ergebnisse\n\t<\/h2>\n\t<p>Bei der Arbitrage kommen die Ergebnisse schnell. Identifizieren, ausf\u00fchren und Gewinn realisieren \u2013 oft in Minuten, nicht Monaten. Minimieren Sie Ihr Risikoprofil bei gleichzeitiger Maximierung Ihres Gewinnpotenzials.  <\/p>\n<h2>\n\t\tImmun gegen Schwankungen\n\t<\/h2>\n\t<p>Arbitrage h\u00e4ngt nicht davon ab, ob der Markt steigt oder f\u00e4llt. Diese Strategie bleibt auch unter volatilen Bedingungen effektiv. <\/p>\n<h2>\n\t\tWachstum im Ma\u00dfstab\n\t<\/h2>\n\t<p>Wiederholen Sie erfolgreiche Trades mit gr\u00f6\u00dferen Volumen, um die Renditen zu verst\u00e4rken. Arbitrage eignet sich sowohl f\u00fcr Klein- als auch f\u00fcr Hochfrequenzh\u00e4ndler. Sp\u00fclen und wiederholen!  <\/p>\n<h2>\n\t\tPerfekt f\u00fcr Automatisierung\n\t<\/h2>\n\t<p>Die Infrastruktur von Horizons28 unterst\u00fctzt Automatisierung und erm\u00f6glicht es Ihnen, Trades sofort auszuf\u00fchren und fl\u00fcchtige Gelegenheiten ohne manuelles Eingreifen zu nutzen.<\/p>\n<h3>\n\t\tArbitragehandel bei Horizons28\n\t<\/h3>\n<h3>\n\t\tWillkommen beim intelligenteren Handel mit geringem Risiko.\n\t<\/h3>\n\t<p>Die Arbitrage-Engine von Horizons28 identifiziert Preisunterschiede in Echtzeit \u00fcber globale M\u00e4rkte hinweg \u2013 <strong>damit Sie schneller, sicherer und profitabler handeln k\u00f6nnen<\/strong>. Sie ist pr\u00e4zise, effizient und immer einen Schritt voraus. <\/p>\n\t\t<h4>Professionelle Werkzeuge<\/h4>\t\t\t\n\t\t\t\t<p>Zugang zu einer robusten Handelsinfrastruktur, unterst\u00fctzt durch Echtzeitanalysen und umfassende Marktdaten.<\/p>\n\t\t<h4>Dedizierte Unterst\u00fctzung<\/h4>\t\t\t\n\t\t\t\t<p>Unsere Handelsberater helfen Ihnen bei der Navigation durch Strategien, Werkzeuge und Ausf\u00fchrung.<\/p>\n\t\t<h4>Branchenf\u00fchrende Sicherheit<\/h4>\t\t\t\n\t\t\t\t<p>Verschl\u00fcsselung auf h\u00f6chstem Niveau und robuste Kontosicherheitsprotokolle sch\u00fctzen Ihre Trades und Gelder.<\/p>\n\t\t<h4>Ultrageringe Kosten<\/h4>\t\t\t\n\t\t\t\t<p>Minimieren Sie Reibung mit unserer h\u00e4ndlerfreundlichen Geb\u00fchrenstruktur, die f\u00fcr Hochfrequenzaktivit\u00e4ten konzipiert ist.<\/p>\n<h3>\n\t\tVerbesserter Handel mit Horizons28\n\t<\/h3>\n<h3>\n\t\tErkunden Sie beliebte Arbitragemethoden\n\t<\/h3>\n\t\t\t<h4>Markt\u00fcbergreifende Arbitrage<\/h4>\t\t\t\n\t\t\t\t<p><strong>\u00dcberblick:<\/strong> Kaufen und Verkaufen desselben Verm\u00f6genswerts auf zwei Plattformen zu unterschiedlichen Preisen.<\/p>\n<p><strong>Beispiel:<\/strong> Kauf von ETH an B\u00f6rse A f\u00fcr 1.820 $ und Verkauf an B\u00f6rse B f\u00fcr 1.835 $.<\/p>\n\t\t\t<h4>Algorithmische Arbitrage<\/h4>\t\t\t\n\t\t\t\t<p><strong>\u00dcberblick:<\/strong> Verwendung von Handelsbots und Datenmodellen zur Aufdeckung von Preisanomalien.<\/p>\n<p><strong>Beispiel:<\/strong> Einsatz von Skripten, die basierend auf kurzfristigen Ineffizienzen bei Aktien oder FX-Paaren automatisch handeln.<\/p>\n\t\t\t<h4>W\u00e4hrungsschleifen-Arbitrage<\/h4>\t\t\t\n\t\t\t\t<p><strong>\u00dcberblick:<\/strong> Handel durch einen Zyklus von drei W\u00e4hrungen, um kleine Preisunterschiede zu erfassen.<\/p>\n<p><strong>Beispiel:<\/strong> Bewegung USD \u2192 JPY \u2192 EUR \u2192 USD und Sicherung von Nettogewinnen.<\/p>\n<h5>\n\t\tStarten Sie mit Arbitrage bei Horizons28\n\t<\/h5>\n\t\t\t\t\t\t\t\t\t\t\t\t\t\t\t<h5>1<\/h5>\n\t\t\t\t\t\t<p>Greifen Sie auf Ihr Konto zu<\/p>\t\t\t\t\t\n\t\t\t<!-- END .front -->\n\t\t\t\t\t\t<p>Registrieren Sie sich bei Horizons28 oder melden Sie sich an, um zu beginnen.<\/p>\t\t\t\t\t\n\t\t\t<!-- END .back -->\n\t\t <!-- ifb-flip-box -->\n\t <!-- flip-box -->\n\t\t\t\t\t\t\t\t\t\t\t\t\t\t\t<h5>2<\/h5>\n\t\t\t\t\t\t<p>Folgen Sie unserer Schulung<\/p>\t\t\t\t\t\n\t\t\t<!-- END .front -->\n\t\t\t\t\t\t<p>Durchst\u00f6bern Sie unsere Arbitrage-Leitf\u00e4den und lernen Sie aus strategiefokussierten Ressourcen.<\/p>\t\t\t\t\t\n\t\t\t<!-- END .back -->\n\t\t <!-- ifb-flip-box -->\n\t <!-- flip-box -->\n\t\t\t\t\t\t\t\t\t\t\t\t\t\t\t<h5>3<\/h5>\n\t\t\t\t\t\t<p>Handeln Sie mit Zuversicht<\/p>\t\t\t\t\t\n\t\t\t<!-- END .front -->\n\t\t\t\t\t\t<p>Nutzen Sie die Pr\u00e4zisionswerkzeuge von Horizons28, um Echtzeit-Trades durchzuf\u00fchren, die Arbitrage in Gewinn verwandeln.<\/p>\t\t\t\t\t\n\t\t\t<!-- END .back -->\n\t\t <!-- ifb-flip-box -->\n\t <!-- flip-box -->\n<h3>\n\t\tBereit, smarter zu handeln? Erleben Sie echte Geschwindigkeit, echte M\u00e4rkte und echte Ergebnisse.\n\t<\/h3>\n\t\t\t<a href=\"https:\/\/area.horizons28.net\/auth\/registration\" target=\"_blank\" rel=\"noopener\">\n\t\t\t\t\t\t\tTritt Horizons28 bei\n\t\t\t<\/a>\n\n","protected":false},"excerpt":{"rendered":"<p>Schnellere Gewinne. Geringeres Risiko. Nutzen Sie m\u00fchelos hochpotenzielle Preisunterschiede mit Echtzeit-Arbitrage \u00fcber Krypto, Forex, Aktien und mehr hinweg aus. Tritt Horizons28 bei Warum Arbitragehandel mit Horizons28? Willkommen beim intelligenten Handel mit geringem Risiko. Die Arbitrage-Engine von Horizons28 identifiziert Preisunterschiede in Echtzeit \u00fcber globale M\u00e4rkte hinweg \u2013 damit Sie schneller, sicherer und profitabler handeln k\u00f6nnen. Sie&hellip;<\/p>\n","protected":false},"author":1,"featured_media":0,"parent":0,"menu_order":0,"comment_status":"closed","ping_status":"closed","template":"","meta":{"footnotes":""},"class_list":["post-812","page","type-page","status-publish","hentry"],"yoast_head":"<!-- This site is optimized with the Yoast SEO plugin v27.4 - https:\/\/yoast.com\/product\/yoast-seo-wordpress\/ -->\n<title>Arbitragehandel | Profitieren Sie von Marktineffizienzen mit Horizons28<\/title>\n<meta name=\"description\" content=\"Entdecken Sie risikogesteuerte Arbitragem\u00f6glichkeiten. Maximieren Sie Gewinne mit Horizons28.\" \/>\n<meta name=\"robots\" content=\"index, follow, max-snippet:-1, max-image-preview:large, max-video-preview:-1\" \/>\n<link rel=\"canonical\" href=\"https:\/\/horizons28.com\/de\/arbitragehandel\/\" \/>\n<meta property=\"og:locale\" content=\"de_DE\" \/>\n<meta property=\"og:type\" content=\"article\" \/>\n<meta property=\"og:title\" content=\"Arbitragehandel | Profitieren Sie von Marktineffizienzen mit Horizons28\" \/>\n<meta property=\"og:description\" content=\"Entdecken Sie risikogesteuerte Arbitragem\u00f6glichkeiten. Maximieren Sie Gewinne mit Horizons28.\" \/>\n<meta property=\"og:url\" content=\"https:\/\/horizons28.com\/de\/arbitragehandel\/\" \/>\n<meta property=\"og:site_name\" content=\"Horizons28\" \/>\n<meta property=\"article:modified_time\" content=\"2025-04-14T14:34:47+00:00\" \/>\n<meta property=\"og:image\" content=\"http:\/\/horizons28.com\/wp-content\/uploads\/2025\/04\/arbitrage-trading.png\" \/>\n<meta name=\"twitter:card\" content=\"summary_large_image\" \/>\n<meta name=\"twitter:label1\" content=\"Gesch\u00e4tzte Lesezeit\" \/>\n\t<meta name=\"twitter:data1\" content=\"3\u00a0Minuten\" \/>\n<script type=\"application\/ld+json\" class=\"yoast-schema-graph\">{\"@context\":\"https:\\\/\\\/schema.org\",\"@graph\":[{\"@type\":\"WebPage\",\"@id\":\"https:\\\/\\\/horizons28.com\\\/de\\\/arbitragehandel\\\/\",\"url\":\"https:\\\/\\\/horizons28.com\\\/de\\\/arbitragehandel\\\/\",\"name\":\"Arbitragehandel | Profitieren Sie von Marktineffizienzen mit Horizons28\",\"isPartOf\":{\"@id\":\"http:\\\/\\\/horizons28.com\\\/de\\\/#website\"},\"primaryImageOfPage\":{\"@id\":\"https:\\\/\\\/horizons28.com\\\/de\\\/arbitragehandel\\\/#primaryimage\"},\"image\":{\"@id\":\"https:\\\/\\\/horizons28.com\\\/de\\\/arbitragehandel\\\/#primaryimage\"},\"thumbnailUrl\":\"http:\\\/\\\/horizons28.com\\\/wp-content\\\/uploads\\\/2025\\\/04\\\/arbitrage-trading.png\",\"datePublished\":\"2025-04-04T07:19:52+00:00\",\"dateModified\":\"2025-04-14T14:34:47+00:00\",\"description\":\"Entdecken Sie risikogesteuerte Arbitragem\u00f6glichkeiten. Maximieren Sie Gewinne mit Horizons28.\",\"breadcrumb\":{\"@id\":\"https:\\\/\\\/horizons28.com\\\/de\\\/arbitragehandel\\\/#breadcrumb\"},\"inLanguage\":\"de\",\"potentialAction\":[{\"@type\":\"ReadAction\",\"target\":[\"https:\\\/\\\/horizons28.com\\\/de\\\/arbitragehandel\\\/\"]}]},{\"@type\":\"ImageObject\",\"inLanguage\":\"de\",\"@id\":\"https:\\\/\\\/horizons28.com\\\/de\\\/arbitragehandel\\\/#primaryimage\",\"url\":\"http:\\\/\\\/horizons28.com\\\/wp-content\\\/uploads\\\/2025\\\/04\\\/arbitrage-trading.png\",\"contentUrl\":\"http:\\\/\\\/horizons28.com\\\/wp-content\\\/uploads\\\/2025\\\/04\\\/arbitrage-trading.png\"},{\"@type\":\"BreadcrumbList\",\"@id\":\"https:\\\/\\\/horizons28.com\\\/de\\\/arbitragehandel\\\/#breadcrumb\",\"itemListElement\":[{\"@type\":\"ListItem\",\"position\":1,\"name\":\"Home\",\"item\":\"https:\\\/\\\/horizons28.com\\\/de\\\/\"},{\"@type\":\"ListItem\",\"position\":2,\"name\":\"Arbitragehandel\"}]},{\"@type\":\"WebSite\",\"@id\":\"http:\\\/\\\/horizons28.com\\\/de\\\/#website\",\"url\":\"http:\\\/\\\/horizons28.com\\\/de\\\/\",\"name\":\"Horizons28\",\"description\":\"\",\"potentialAction\":[{\"@type\":\"SearchAction\",\"target\":{\"@type\":\"EntryPoint\",\"urlTemplate\":\"http:\\\/\\\/horizons28.com\\\/de\\\/?s={search_term_string}\"},\"query-input\":{\"@type\":\"PropertyValueSpecification\",\"valueRequired\":true,\"valueName\":\"search_term_string\"}}],\"inLanguage\":\"de\"}]}<\/script>\n<!-- \/ Yoast SEO plugin. -->","yoast_head_json":{"title":"Arbitragehandel | Profitieren Sie von Marktineffizienzen mit Horizons28","description":"Entdecken Sie risikogesteuerte Arbitragem\u00f6glichkeiten. Maximieren Sie Gewinne mit Horizons28.","robots":{"index":"index","follow":"follow","max-snippet":"max-snippet:-1","max-image-preview":"max-image-preview:large","max-video-preview":"max-video-preview:-1"},"canonical":"https:\/\/horizons28.com\/de\/arbitragehandel\/","og_locale":"de_DE","og_type":"article","og_title":"Arbitragehandel | Profitieren Sie von Marktineffizienzen mit Horizons28","og_description":"Entdecken Sie risikogesteuerte Arbitragem\u00f6glichkeiten. Maximieren Sie Gewinne mit Horizons28.","og_url":"https:\/\/horizons28.com\/de\/arbitragehandel\/","og_site_name":"Horizons28","article_modified_time":"2025-04-14T14:34:47+00:00","og_image":[{"url":"http:\/\/horizons28.com\/wp-content\/uploads\/2025\/04\/arbitrage-trading.png","type":"","width":"","height":""}],"twitter_card":"summary_large_image","twitter_misc":{"Gesch\u00e4tzte Lesezeit":"3\u00a0Minuten"},"schema":{"@context":"https:\/\/schema.org","@graph":[{"@type":"WebPage","@id":"https:\/\/horizons28.com\/de\/arbitragehandel\/","url":"https:\/\/horizons28.com\/de\/arbitragehandel\/","name":"Arbitragehandel | Profitieren Sie von Marktineffizienzen mit Horizons28","isPartOf":{"@id":"http:\/\/horizons28.com\/de\/#website"},"primaryImageOfPage":{"@id":"https:\/\/horizons28.com\/de\/arbitragehandel\/#primaryimage"},"image":{"@id":"https:\/\/horizons28.com\/de\/arbitragehandel\/#primaryimage"},"thumbnailUrl":"http:\/\/horizons28.com\/wp-content\/uploads\/2025\/04\/arbitrage-trading.png","datePublished":"2025-04-04T07:19:52+00:00","dateModified":"2025-04-14T14:34:47+00:00","description":"Entdecken Sie risikogesteuerte Arbitragem\u00f6glichkeiten. Maximieren Sie Gewinne mit Horizons28.","breadcrumb":{"@id":"https:\/\/horizons28.com\/de\/arbitragehandel\/#breadcrumb"},"inLanguage":"de","potentialAction":[{"@type":"ReadAction","target":["https:\/\/horizons28.com\/de\/arbitragehandel\/"]}]},{"@type":"ImageObject","inLanguage":"de","@id":"https:\/\/horizons28.com\/de\/arbitragehandel\/#primaryimage","url":"http:\/\/horizons28.com\/wp-content\/uploads\/2025\/04\/arbitrage-trading.png","contentUrl":"http:\/\/horizons28.com\/wp-content\/uploads\/2025\/04\/arbitrage-trading.png"},{"@type":"BreadcrumbList","@id":"https:\/\/horizons28.com\/de\/arbitragehandel\/#breadcrumb","itemListElement":[{"@type":"ListItem","position":1,"name":"Home","item":"https:\/\/horizons28.com\/de\/"},{"@type":"ListItem","position":2,"name":"Arbitragehandel"}]},{"@type":"WebSite","@id":"http:\/\/horizons28.com\/de\/#website","url":"http:\/\/horizons28.com\/de\/","name":"Horizons28","description":"","potentialAction":[{"@type":"SearchAction","target":{"@type":"EntryPoint","urlTemplate":"http:\/\/horizons28.com\/de\/?s={search_term_string}"},"query-input":{"@type":"PropertyValueSpecification","valueRequired":true,"valueName":"search_term_string"}}],"inLanguage":"de"}]}},"_links":{"self":[{"href":"https:\/\/horizons28.com\/de\/wp-json\/wp\/v2\/pages\/812","targetHints":{"allow":["GET"]}}],"collection":[{"href":"https:\/\/horizons28.com\/de\/wp-json\/wp\/v2\/pages"}],"about":[{"href":"https:\/\/horizons28.com\/de\/wp-json\/wp\/v2\/types\/page"}],"author":[{"embeddable":true,"href":"https:\/\/horizons28.com\/de\/wp-json\/wp\/v2\/users\/1"}],"replies":[{"embeddable":true,"href":"https:\/\/horizons28.com\/de\/wp-json\/wp\/v2\/comments?post=812"}],"version-history":[{"count":1,"href":"https:\/\/horizons28.com\/de\/wp-json\/wp\/v2\/pages\/812\/revisions"}],"predecessor-version":[{"id":1025,"href":"https:\/\/horizons28.com\/de\/wp-json\/wp\/v2\/pages\/812\/revisions\/1025"}],"wp:attachment":[{"href":"https:\/\/horizons28.com\/de\/wp-json\/wp\/v2\/media?parent=812"}],"curies":[{"name":"wp","href":"https:\/\/api.w.org\/{rel}","templated":true}]}}