{"id":819,"date":"2025-03-31T07:55:12","date_gmt":"2025-03-31T07:55:12","guid":{"rendered":"http:\/\/horizons28.com\/startseite\/"},"modified":"2025-04-14T14:25:22","modified_gmt":"2025-04-14T14:25:22","slug":"startseite","status":"publish","type":"page","link":"https:\/\/horizons28.com\/de\/","title":{"rendered":"Startseite"},"content":{"rendered":"\n<h1>\n\t\tHorizons28. Intelligenter handeln. Schneller wachsen.  \n\t<\/h1>\n\t<p>Zugang zu globalen Finanzm\u00e4rkten mit blitzschneller Ausf\u00fchrung und leistungsstarken Handelsinstrumenten<\/p>\n\t\t\t<a href=\"https:\/\/area.horizons28.net\/auth\/registration\" target=\"_blank\" rel=\"noopener\">\n\t\t\t\t\t\t\tTritt Horizons28 bei\n\t\t\t<\/a>\n\t\t\t\t<img loading=\"lazy\" decoding=\"async\" src=\"http:\/\/horizons28.com\/wp-content\/uploads\/2025\/04\/Horizons28-trading.png\" alt=\"Horizons28 Trading\" itemprop=\"image\" height=\"500\" width=\"600\" title=\"Horizons28-trading\" onerror=\"this.style.display='none'\"  \/>\n<h2>\n\t\tT\u00e4glich werden \u00fcber 100.000 Trades mit 100%iger Verpflichtung zum Kundenerfolg ausgef\u00fchrt.\n\t<\/h2>\n\t\t600+\n\t\t\t\t\tHandelbare Instrumente\n\t\t100%\n\t\t\t\t\tAuftragsausf\u00fchrungsrate\n\t\t0%\n\t\t\t\t\tDurchschnittliche Ausf\u00fchrungsgeschwindigkeit\n<h2>\n\t\tWarum Horizons28?\n\t<\/h2>\n\t<p>Entwickelt f\u00fcr H\u00e4ndler, die mehr verlangen \u2013 <strong>Horizons28 <\/strong>kombiniert institutionelle Technologie, tiefen Marktzugang und benutzerorientiertes Design, um ein nahtloses Handelserlebnis zu bieten. <strong>Ob beim Scalping, Swing Trading oder langfristigen Investieren,<\/strong> Sie finden hier die Werkzeuge, Geschwindigkeit und Unterst\u00fctzung, um immer einen Schritt voraus zu sein.<\/p>\n<h2>\n\t\tAusf\u00fchrung mit geringer Latenz\n\t<\/h2>\n\t<p>Erleben Sie blitzschnelle Auftragsausf\u00fchrung mit nahezu keinem Slippage \u2013 konzipiert f\u00fcr H\u00e4ndler, die Pr\u00e4zision und Leistung unter allen Marktbedingungen sch\u00e4tzen.<\/p>\n<h2>\n\t\tLeistungsstarke Automatisierung\n\t<\/h2>\n\t<p>Nutzen Sie intelligente, anpassbare Algorithmen, um Ihre Strategien zu automatisieren, M\u00e4rkte rund um die Uhr zu \u00fcberwachen und Trades automatisch auszuf\u00fchren.<\/p>\n<h2>\n\t\tMulti-Asset-Zugang\n\t<\/h2>\n<p>Erweitern Sie Ihr Portfolio mit Zugang zu \u00fcber 150+ Instrumenten \u00fcber alle wichtigen Anlageklassen hinweg \u2013 handeln Sie globale M\u00f6glichkeiten von einer einzigen Plattform aus.<\/p>\n<h2>\n\t\tHochfrequenzhandel\n\t<\/h2>\n<p>Optimiert f\u00fcr den Hochfrequenzhandel, bietet ultraniedrige Latenz, tiefen Liquidit\u00e4tszugang und die erforderliche Stabilit\u00e4t, um gro\u00dfangelegte pr\u00e4zisionsgesteuerte Strategien auszuf\u00fchren.<\/p>\n<h2>\n\t\tFortschrittliche Chartanalyse\n\t<\/h2>\n<p>Treffen Sie intelligentere Handelsentscheidungen mit Live-Marktdaten, anpassbaren Charts und technischen Indikatoren, integriert in eine elegante, intuitive Benutzeroberfl\u00e4che.<\/p>\n<h2>\n\t\tExperten-Support\n\t<\/h2>\n<p>Handeln Sie mit Seelenruhe, im Wissen, dass Sie von einem engagierten Supportteam und einer Plattform unterst\u00fctzt werden, die f\u00fcr Verf\u00fcgbarkeit, Geschwindigkeit und Zuverl\u00e4ssigkeit konzipiert ist.<\/p>\n\t<p>Horizons28 ist mehr als eine Plattform \u2013 es ist Ihr Vorteil an den M\u00e4rkten!<\/p>\n<h3>\n\t\tHorizons28 KI-Autotrader\n\t<\/h3>\n<h3>\n\t\tFortschrittliche algorithmische Handelsl\u00f6sungen, die Pr\u00e4zision und Leistung f\u00fcr jeden H\u00e4ndler liefern.\n\t<\/h3>\n\t\t<h3>Freih\u00e4ndige Ausf\u00fchrung<\/h3>\t\t\t\n\t\t\t\t<p>Lassen Sie den AutoTrader alles handhaben \u2013 von der Marktanalyse bis zur Handelsplatzierung \u2013 basierend auf Ihren vordefinierten Parametern.<\/p>\n\t\t<h3>Vollst\u00e4ndig anpassbar<\/h3>\t\t\t\n\t\t\t\t<p>Passen Sie Risikoniveaus, Handelsh\u00e4ufigkeit und Asset-Pr\u00e4ferenzen genau an Ihre Handelsziele und Ihr Risikomanagementprofil an.<\/p>\n\t\t<h3>R\u00fcckgetestete Strategien<\/h3>\t\t\t\n\t\t\t\t<p>W\u00e4hlen Sie aus bew\u00e4hrten Strategien mit verifizierter historischer Performance oder erstellen Sie Ihre eigenen mit unseren ausgekl\u00fcgelten Autotrading-Tools.<\/p>\n\t<p>KI-Autotrader ist ein fortschrittliches Handelsinstrument, das k\u00fcnstliche Intelligenz nutzt, um Marktdaten zu analysieren, Chancen zu identifizieren und Trades automatisch auszuf\u00fchren. Es ist darauf ausgelegt, menschliche Fehler zu minimieren und die Effizienz zu maximieren, indem es sich in Echtzeit an sich \u00e4ndernde Marktbedingungen anpasst und H\u00e4ndlern hilft, ohne st\u00e4ndige manuelle Eingabe einen Vorsprung zu behalten. Es ist ideal f\u00fcr diejenigen, die eine intelligentere, schnellere und konsistentere Handelsleistung w\u00fcnschen.  <\/p>\n\t\t\t\t<img loading=\"lazy\" decoding=\"async\" src=\"http:\/\/horizons28.com\/wp-content\/uploads\/2025\/04\/trading-performance.png\" alt=\"Trading Performance\" itemprop=\"image\" height=\"662\" width=\"746\" title=\"trading-performance\" onerror=\"this.style.display='none'\"  \/>\n<h2>\n\t\tMaximieren Sie die Handelsleistung mit Horizons28\n\t<\/h2>\n\t<p>Unser Straight-Through-Processing (STP)-Modell gew\u00e4hrleistet direkten Marktzugang ohne Eingriffe eines Dealing Desks, w\u00e4hrend transparente Preisgestaltung Ihre Kosten stets klar und fair h\u00e4lt.<\/p>\n\t\t\t <p>Direkter Marktzugang<\/p>\n\t\t\t <p>Keine versteckten Geb\u00fchren<\/p>\n\t\t\t <p>Faire und schnelle Ausf\u00fchrung<\/p>\n\t\t\t <p>H\u00e4ndlerorientierter Support<\/p>\n\t\t\t<a href=\"https:\/\/area.horizons28.net\/auth\/registration\" target=\"_blank\" rel=\"noopener\">\n\t\t\t\t\t\t\tTritt Horizons28 bei\n\t\t\t<\/a>\n<h1>\n\t\tErkunden Sie die weltweit f\u00fchrenden Finanzm\u00e4rkte\n\t<\/h1>\n\t<p>Horizons28 bietet Ihnen Zugang zu einem vollst\u00e4ndigen Spektrum globaler M\u00e4rkte \u2013 alles von einer Plattform aus. Handeln Sie <strong>Forex-W\u00e4hrungen<\/strong>, einschlie\u00dflich Major-, Minor- und exotischer Paare, mit blitzschneller Ausf\u00fchrung und tiefer Liquidit\u00e4t. Spekulieren Sie auf <strong>Rohstoffe<\/strong> wie Gold, \u00d6l, Silber und Erdgas. Kaufen und verkaufen Sie <strong>Aktien<\/strong> f\u00fchrender Unternehmen und <strong>Indizes<\/strong>, die an gro\u00dfen globalen B\u00f6rsen gelistet sind. Tauchen Sie ein in die 24\/7-Welt der <strong>Kryptow\u00e4hrungen<\/strong>, einschlie\u00dflich Bitcoin, Ethereum und Litecoin \u2013 jederzeit und \u00fcberall.    <\/p>\n<p>Durchsuchen Sie unseren <a href=\"http:\/\/horizons28.com\/de\/instrumente\/\"><strong>Asset-Index<\/strong><\/a> f\u00fcr weitere Informationen.<\/p>\n\t\t\t\t<img loading=\"lazy\" decoding=\"async\" src=\"http:\/\/horizons28.com\/wp-content\/uploads\/2025\/04\/Financial-Markets.png\" alt=\"Horizon28 Markets\" itemprop=\"image\" height=\"581\" width=\"1040\" title=\"Financial Markets\" onerror=\"this.style.display='none'\"  \/>\n<h3>\n\t\tH\u00e4ndler-Feedback\n\t<\/h3>\n<h4>\n\t\tWas unsere H\u00e4ndler sagen, ist wichtig \u2013 echtes Feedback von echten Horizons28-H\u00e4ndlern.\n\t<\/h4>\n\t\t\t<p><em>&#8222;Der Handel mit Horizons28 war ein echter Wendepunkt. Die Plattform f\u00fchlt sich unglaublich schnell und reibungslos an. Ich erhalte die ben\u00f6tigten Daten genau dann, wenn ich sie brauche, und die Preisgestaltung ist immer transparent \u2013 keine \u00dcberraschungen, nur Ergebnisse. Ich habe andere Plattformen getestet, aber keine erreicht das Niveau an Leistung und Vertrauen, das ich hier erhalte.&#8220;<\/em><\/p>\n<p><strong>Luca<\/strong><\/p>\n\t\t\t<p><em>&#8222;Von dem Moment an, als ich mich angemeldet habe, f\u00fchlte sich alles intuitiv an. Horizons28 macht den Handel zug\u00e4nglich, ohne Abstriche bei Werkzeugen oder Geschwindigkeit zu machen. Die Chartanalyse, die Ausf\u00fchrung, die Vielfalt der M\u00e4rkte \u2013 alles funktioniert einfach nahtlos. Es ist zuverl\u00e4ssig, unkompliziert und eine Plattform, die ich tats\u00e4chlich gerne t\u00e4glich nutze.&#8220;<\/em><strong>Sofia<\/strong><\/p>\t\t\n\t\t\t<p><em>&#8222;Ich bin seit Jahren im Handel t\u00e4tig, und Horizons28 z\u00e4hlt zweifellos zu den besten Plattformen, die ich je genutzt habe. Die AutoTrader-Funktion ist au\u00dferordentlich leistungsf\u00e4hig, und ich sch\u00e4tze die bemerkenswerte Transparenz des gesamten Systems sehr. Der Kundendienst ist \u00e4u\u00dferst reaktionsschnell, die Ausf\u00fchrung erfolgt mit h\u00f6chster Geschwindigkeit, und ich habe die vollst\u00e4ndige Kontrolle \u00fcber meine Strategien.&#8220;<\/em><strong>James<\/strong><\/p>\t\t\n<h3>\n\t\tBereit, smarter zu handeln? Erleben Sie echte Geschwindigkeit, echte M\u00e4rkte und echte Ergebnisse.\n\t<\/h3>\n\t\t\t<a href=\"https:\/\/area.horizons28.net\/auth\/registration\" target=\"_blank\" rel=\"noopener\">\n\t\t\t\t\t\t\tTritt Horizons28 bei\n\t\t\t<\/a>\n\n","protected":false},"excerpt":{"rendered":"<p>Horizons28. Intelligenter handeln. Schneller wachsen. Zugang zu globalen Finanzm\u00e4rkten mit blitzschneller Ausf\u00fchrung und leistungsstarken Handelsinstrumenten Tritt Horizons28 bei T\u00e4glich werden \u00fcber 100.000 Trades mit 100%iger Verpflichtung zum Kundenerfolg ausgef\u00fchrt. 600+ Handelbare Instrumente 100% Auftragsausf\u00fchrungsrate 0% Durchschnittliche Ausf\u00fchrungsgeschwindigkeit Warum Horizons28? Entwickelt f\u00fcr H\u00e4ndler, die mehr verlangen \u2013 Horizons28 kombiniert institutionelle Technologie, tiefen Marktzugang und benutzerorientiertes Design,&hellip;<\/p>\n","protected":false},"author":1,"featured_media":0,"parent":0,"menu_order":0,"comment_status":"closed","ping_status":"closed","template":"","meta":{"footnotes":""},"class_list":["post-819","page","type-page","status-publish","hentry"],"yoast_head":"<!-- This site is optimized with the Yoast SEO plugin v27.3 - https:\/\/yoast.com\/product\/yoast-seo-wordpress\/ -->\n<title>Horizons28 | Intelligenteres Handeln beginnt hier<\/title>\n<meta name=\"description\" content=\"Horizons28: Top-Handelswerkzeuge, Zinssparkonten, Auto-Strategien und Exklusivanlagen.\" \/>\n<meta name=\"robots\" content=\"index, follow, max-snippet:-1, max-image-preview:large, max-video-preview:-1\" \/>\n<link rel=\"canonical\" href=\"https:\/\/horizons28.com\/de\/\" \/>\n<meta property=\"og:locale\" content=\"de_DE\" \/>\n<meta property=\"og:type\" content=\"article\" \/>\n<meta property=\"og:title\" content=\"Horizons28 | Intelligenteres Handeln beginnt hier\" \/>\n<meta property=\"og:description\" content=\"Horizons28: Top-Handelswerkzeuge, Zinssparkonten, Auto-Strategien und Exklusivanlagen.\" \/>\n<meta property=\"og:url\" content=\"https:\/\/horizons28.com\/de\/\" \/>\n<meta property=\"og:site_name\" content=\"Horizons28\" \/>\n<meta property=\"article:modified_time\" content=\"2025-04-14T14:25:22+00:00\" \/>\n<meta property=\"og:image\" content=\"http:\/\/horizons28.com\/wp-content\/uploads\/2025\/04\/Horizons28-trading.png\" \/>\n<meta name=\"twitter:card\" content=\"summary_large_image\" \/>\n<meta name=\"twitter:label1\" content=\"Gesch\u00e4tzte Lesezeit\" \/>\n\t<meta name=\"twitter:data1\" content=\"4\u00a0Minuten\" \/>\n<script type=\"application\/ld+json\" class=\"yoast-schema-graph\">{\"@context\":\"https:\\\/\\\/schema.org\",\"@graph\":[{\"@type\":\"WebPage\",\"@id\":\"https:\\\/\\\/horizons28.com\\\/de\\\/\",\"url\":\"https:\\\/\\\/horizons28.com\\\/de\\\/\",\"name\":\"Horizons28 | Intelligenteres Handeln beginnt hier\",\"isPartOf\":{\"@id\":\"https:\\\/\\\/horizons28.com\\\/de\\\/#website\"},\"primaryImageOfPage\":{\"@id\":\"https:\\\/\\\/horizons28.com\\\/de\\\/#primaryimage\"},\"image\":{\"@id\":\"https:\\\/\\\/horizons28.com\\\/de\\\/#primaryimage\"},\"thumbnailUrl\":\"http:\\\/\\\/horizons28.com\\\/wp-content\\\/uploads\\\/2025\\\/04\\\/Horizons28-trading.png\",\"datePublished\":\"2025-03-31T07:55:12+00:00\",\"dateModified\":\"2025-04-14T14:25:22+00:00\",\"description\":\"Horizons28: Top-Handelswerkzeuge, Zinssparkonten, Auto-Strategien und Exklusivanlagen.\",\"breadcrumb\":{\"@id\":\"https:\\\/\\\/horizons28.com\\\/de\\\/#breadcrumb\"},\"inLanguage\":\"de\",\"potentialAction\":[{\"@type\":\"ReadAction\",\"target\":[\"https:\\\/\\\/horizons28.com\\\/de\\\/\"]}]},{\"@type\":\"ImageObject\",\"inLanguage\":\"de\",\"@id\":\"https:\\\/\\\/horizons28.com\\\/de\\\/#primaryimage\",\"url\":\"http:\\\/\\\/horizons28.com\\\/wp-content\\\/uploads\\\/2025\\\/04\\\/Horizons28-trading.png\",\"contentUrl\":\"http:\\\/\\\/horizons28.com\\\/wp-content\\\/uploads\\\/2025\\\/04\\\/Horizons28-trading.png\"},{\"@type\":\"BreadcrumbList\",\"@id\":\"https:\\\/\\\/horizons28.com\\\/de\\\/#breadcrumb\",\"itemListElement\":[{\"@type\":\"ListItem\",\"position\":1,\"name\":\"Home\",\"item\":\"https:\\\/\\\/horizons28.com\\\/de\\\/\"},{\"@type\":\"ListItem\",\"position\":2,\"name\":\"Startseite\"}]},{\"@type\":\"WebSite\",\"@id\":\"https:\\\/\\\/horizons28.com\\\/de\\\/#website\",\"url\":\"https:\\\/\\\/horizons28.com\\\/de\\\/\",\"name\":\"Horizons28\",\"description\":\"\",\"potentialAction\":[{\"@type\":\"SearchAction\",\"target\":{\"@type\":\"EntryPoint\",\"urlTemplate\":\"https:\\\/\\\/horizons28.com\\\/de\\\/?s={search_term_string}\"},\"query-input\":{\"@type\":\"PropertyValueSpecification\",\"valueRequired\":true,\"valueName\":\"search_term_string\"}}],\"inLanguage\":\"de\"}]}<\/script>\n<!-- \/ Yoast SEO plugin. -->","yoast_head_json":{"title":"Horizons28 | Intelligenteres Handeln beginnt hier","description":"Horizons28: Top-Handelswerkzeuge, Zinssparkonten, Auto-Strategien und Exklusivanlagen.","robots":{"index":"index","follow":"follow","max-snippet":"max-snippet:-1","max-image-preview":"max-image-preview:large","max-video-preview":"max-video-preview:-1"},"canonical":"https:\/\/horizons28.com\/de\/","og_locale":"de_DE","og_type":"article","og_title":"Horizons28 | Intelligenteres Handeln beginnt hier","og_description":"Horizons28: Top-Handelswerkzeuge, Zinssparkonten, Auto-Strategien und Exklusivanlagen.","og_url":"https:\/\/horizons28.com\/de\/","og_site_name":"Horizons28","article_modified_time":"2025-04-14T14:25:22+00:00","og_image":[{"url":"http:\/\/horizons28.com\/wp-content\/uploads\/2025\/04\/Horizons28-trading.png","type":"","width":"","height":""}],"twitter_card":"summary_large_image","twitter_misc":{"Gesch\u00e4tzte Lesezeit":"4\u00a0Minuten"},"schema":{"@context":"https:\/\/schema.org","@graph":[{"@type":"WebPage","@id":"https:\/\/horizons28.com\/de\/","url":"https:\/\/horizons28.com\/de\/","name":"Horizons28 | Intelligenteres Handeln beginnt hier","isPartOf":{"@id":"https:\/\/horizons28.com\/de\/#website"},"primaryImageOfPage":{"@id":"https:\/\/horizons28.com\/de\/#primaryimage"},"image":{"@id":"https:\/\/horizons28.com\/de\/#primaryimage"},"thumbnailUrl":"http:\/\/horizons28.com\/wp-content\/uploads\/2025\/04\/Horizons28-trading.png","datePublished":"2025-03-31T07:55:12+00:00","dateModified":"2025-04-14T14:25:22+00:00","description":"Horizons28: Top-Handelswerkzeuge, Zinssparkonten, Auto-Strategien und Exklusivanlagen.","breadcrumb":{"@id":"https:\/\/horizons28.com\/de\/#breadcrumb"},"inLanguage":"de","potentialAction":[{"@type":"ReadAction","target":["https:\/\/horizons28.com\/de\/"]}]},{"@type":"ImageObject","inLanguage":"de","@id":"https:\/\/horizons28.com\/de\/#primaryimage","url":"http:\/\/horizons28.com\/wp-content\/uploads\/2025\/04\/Horizons28-trading.png","contentUrl":"http:\/\/horizons28.com\/wp-content\/uploads\/2025\/04\/Horizons28-trading.png"},{"@type":"BreadcrumbList","@id":"https:\/\/horizons28.com\/de\/#breadcrumb","itemListElement":[{"@type":"ListItem","position":1,"name":"Home","item":"https:\/\/horizons28.com\/de\/"},{"@type":"ListItem","position":2,"name":"Startseite"}]},{"@type":"WebSite","@id":"https:\/\/horizons28.com\/de\/#website","url":"https:\/\/horizons28.com\/de\/","name":"Horizons28","description":"","potentialAction":[{"@type":"SearchAction","target":{"@type":"EntryPoint","urlTemplate":"https:\/\/horizons28.com\/de\/?s={search_term_string}"},"query-input":{"@type":"PropertyValueSpecification","valueRequired":true,"valueName":"search_term_string"}}],"inLanguage":"de"}]}},"_links":{"self":[{"href":"https:\/\/horizons28.com\/de\/wp-json\/wp\/v2\/pages\/819","targetHints":{"allow":["GET"]}}],"collection":[{"href":"https:\/\/horizons28.com\/de\/wp-json\/wp\/v2\/pages"}],"about":[{"href":"https:\/\/horizons28.com\/de\/wp-json\/wp\/v2\/types\/page"}],"author":[{"embeddable":true,"href":"https:\/\/horizons28.com\/de\/wp-json\/wp\/v2\/users\/1"}],"replies":[{"embeddable":true,"href":"https:\/\/horizons28.com\/de\/wp-json\/wp\/v2\/comments?post=819"}],"version-history":[{"count":2,"href":"https:\/\/horizons28.com\/de\/wp-json\/wp\/v2\/pages\/819\/revisions"}],"predecessor-version":[{"id":1015,"href":"https:\/\/horizons28.com\/de\/wp-json\/wp\/v2\/pages\/819\/revisions\/1015"}],"wp:attachment":[{"href":"https:\/\/horizons28.com\/de\/wp-json\/wp\/v2\/media?parent=819"}],"curies":[{"name":"wp","href":"https:\/\/api.w.org\/{rel}","templated":true}]}}